{"id":48552,"date":"2025-07-23T00:10:47","date_gmt":"2025-07-22T21:10:47","guid":{"rendered":"https:\/\/miumjau.ee\/toode\/auksti-preseta-bariba-ibero-junior-m-l-ar-jera-galu-12kg\/"},"modified":"2026-01-07T21:18:24","modified_gmt":"2026-01-07T19:18:24","slug":"auksti-preseta-bariba-ibero-junior-m-l-ar-jera-galu-12kg","status":"publish","type":"product","link":"https:\/\/miumjau.ee\/lv\/produkts\/auksti-preseta-bariba-ibero-junior-m-l-ar-jera-galu-12kg\/","title":{"rendered":"Auksti pres\u0113ta bar\u012bba Ibero Junior M\/L ar j\u0113ra ga\u013cu 12kg"},"content":{"rendered":"","protected":false},"excerpt":{"rendered":"<p data-start=\"94\" data-end=\"320\">Auksti pres\u0113ta pilnv\u0113rt\u012bga bar\u012bba, kas satur visas nepiecie\u0161am\u0101s uzturvielas vid\u0113ju un lielu \u0161\u0137ir\u0146u jauniem su\u0146iem. Ra\u017eota zem\u0101 temperat\u016br\u0101, lai saglab\u0101tu dab\u012bg\u0101s uzturvielas \u2013 ide\u0101li piem\u0113rota aug\u0161anas period\u0101 eso\u0161iem su\u0146iem.<\/p>\n<p data-start=\"322\" data-end=\"468\">\u0160\u012b bar\u012bba ir paredz\u0113ta vid\u0113ju un lielu \u0161\u0137ir\u0146u kuc\u0113niem un jauniem su\u0146iem. T\u0101 ir izstr\u0101d\u0101ta, \u0146emot v\u0113r\u0101 jaunu su\u0146u specifisk\u0101s vajadz\u012bbas, tostarp:<\/p>\n<ul data-start=\"470\" data-end=\"1012\">\n<li data-start=\"470\" data-end=\"601\">\n<p data-start=\"472\" data-end=\"601\">Kontrol\u0113ts un labi sagremojams olbaltumvielu l\u012bmenis, kas pal\u012bdz nov\u0113rst p\u0101r\u0101k strauju garo kaulu aug\u0161anu un aizsarg\u0101 loc\u012btavas<\/p>\n<\/li>\n<li data-start=\"602\" data-end=\"671\">\n<p data-start=\"604\" data-end=\"671\">Glikozam\u012bns un hondroit\u012bns \u2013 svar\u012bgs atbalsts loc\u012btavu att\u012bst\u012bbai<\/p>\n<\/li>\n<li data-start=\"672\" data-end=\"715\">\n<p data-start=\"674\" data-end=\"715\">Beta-glik\u0101ni im\u016bnsist\u0113mas stiprin\u0101\u0161anai<\/p>\n<\/li>\n<li data-start=\"716\" data-end=\"806\">\n<p data-start=\"718\" data-end=\"806\">Nepies\u0101tin\u0101t\u0101s tauksk\u0101bes \u2013 jaun\u0101 organisma att\u012bst\u012bbai un stresa notur\u012bbas uzlabo\u0161anai<\/p>\n<\/li>\n<li data-start=\"807\" data-end=\"859\">\n<p data-start=\"809\" data-end=\"859\">Biot\u012bns un cinks \u2013 vesel\u012bgai \u0101dai un apmatojumam<\/p>\n<\/li>\n<li data-start=\"860\" data-end=\"1012\">\n<p data-start=\"862\" data-end=\"1012\">\u013boti koncentr\u0113ts sast\u0101vs, kas nodro\u0161ina nepiecie\u0161amo uzturvielu daudzumu ar maz\u0101ku bar\u012bbas devu, pal\u012bdzot samazin\u0101t ku\u0146\u0123a sagrie\u0161an\u0101s risku kuc\u0113niem<\/p>\n<\/li>\n<\/ul>\n<p data-start=\"1014\" data-end=\"1368\"><strong data-start=\"1014\" data-end=\"1026\">Sast\u0101vs:<\/strong> kalt\u0113ta j\u0113ra ga\u013ca (34%), kalt\u0113tas bat\u0101tes, kalt\u0113ti kartupe\u013ci, dz\u012bvnieku tauki (liellopu) (15%), r\u012bsu milti (8%), j\u0113ra aknas (5%), auzu p\u0101rslas (4%), kalt\u0113ts \u0137irbis (2%), kukur\u016bzas p\u0101rslas, kalt\u0113ti burk\u0101ni (1,2%), lins\u0113klas, cigori\u0146u ekstrakts, kalt\u0113ti augi, beta-glik\u0101ni, glikozam\u012bns, hondroit\u012bna sulf\u0101ts, vitam\u012bnu un miner\u0101lvielu mais\u012bjums.<\/p>\n<p data-start=\"1370\" data-end=\"1519\"><strong data-start=\"1370\" data-end=\"1395\">Anal\u012btiskais sast\u0101vs:<\/strong> kopprote\u012bns 25%, koptauki 14%, kop\u0161\u0137iedra 3,4%, koppele 6,8%, kalcijs 1,3%, fosfors 0,95%, n\u0101trijs 0,15%, mitrums l\u012bdz 10%.<\/p>\n<p data-start=\"1521\" data-end=\"1848\"><strong data-start=\"1521\" data-end=\"1544\">Piedevas (uz 1 kg):<\/strong><br data-start=\"1544\" data-end=\"1547\" \/>A vitam\u012bns 17 331 SV, D3 vitam\u012bns 1 733 SV, E vitam\u012bns 173 mg, B1 vitam\u012bns 5,09 mg, B2 vitam\u012bns 9 mg, B6 vitam\u012bns 6,9 mg, B12 vitam\u012bns 0,07 mg, C vitam\u012bns 173 mg, niac\u012bns 43,1 mg, pantot\u0113nsk\u0101be 17,8 mg.<br data-start=\"1749\" data-end=\"1752\" \/><strong data-start=\"1752\" data-end=\"1779\">Tehnolo\u0123isk\u0101s piedevas:<\/strong> dab\u012bgie antioksidanti (augu e\u013c\u013cu ekstrakti, bag\u0101ti ar tokoferoliem).<\/p>\n<p data-start=\"1850\" data-end=\"1892\"><strong data-start=\"1850\" data-end=\"1878\">Metaboliz\u0113jam\u0101 ener\u0123ija:<\/strong> 4 120 kcal\/kg<\/p>\n","protected":false},"featured_media":48554,"template":"","meta":[],"product_brand":[],"product_cat":[573,575],"product_tag":[],"class_list":{"0":"post-48552","1":"product","2":"type-product","3":"status-publish","4":"has-post-thumbnail","6":"product_cat-kaup24-lv","7":"product_cat-sausa-bariba-suniem","9":"first","10":"instock","11":"sale","12":"taxable","13":"shipping-taxable","14":"purchasable","15":"product-type-simple"},"yoast_head":"<!-- This site is optimized with the Yoast SEO plugin v27.4 - https:\/\/yoast.com\/product\/yoast-seo-wordpress\/ -->\n<title>Auksti pres\u0113ta bar\u012bba Ibero Junior M\/L ar j\u0113ra ga\u013cu 12kg - MiuMjau<\/title>\n<meta name=\"robots\" content=\"index, follow, max-snippet:-1, max-image-preview:large, max-video-preview:-1\" \/>\n<link rel=\"canonical\" href=\"https:\/\/miumjau.ee\/lv\/produkts\/auksti-preseta-bariba-ibero-junior-m-l-ar-jera-galu-12kg\/\" \/>\n<meta property=\"og:locale\" content=\"lv_LV\" \/>\n<meta property=\"og:type\" content=\"article\" \/>\n<meta property=\"og:title\" content=\"Auksti pres\u0113ta bar\u012bba Ibero Junior M\/L ar j\u0113ra ga\u013cu 12kg - MiuMjau\" \/>\n<meta property=\"og:description\" content=\"Auksti pres\u0113ta pilnv\u0113rt\u012bga bar\u012bba, kas satur visas nepiecie\u0161am\u0101s uzturvielas vid\u0113ju un lielu \u0161\u0137ir\u0146u jauniem su\u0146iem. Ra\u017eota zem\u0101 temperat\u016br\u0101, lai saglab\u0101tu dab\u012bg\u0101s uzturvielas \u2013 ide\u0101li piem\u0113rota aug\u0161anas period\u0101 eso\u0161iem su\u0146iem. \u0160\u012b bar\u012bba ir paredz\u0113ta vid\u0113ju un lielu \u0161\u0137ir\u0146u kuc\u0113niem un jauniem su\u0146iem. T\u0101 ir izstr\u0101d\u0101ta, \u0146emot v\u0113r\u0101 jaunu su\u0146u specifisk\u0101s vajadz\u012bbas, tostarp:     Kontrol\u0113ts un labi sagremojams olbaltumvielu l\u012bmenis, kas pal\u012bdz nov\u0113rst p\u0101r\u0101k strauju garo kaulu aug\u0161anu un aizsarg\u0101 loc\u012btavas    Glikozam\u012bns un hondroit\u012bns \u2013 svar\u012bgs atbalsts loc\u012btavu att\u012bst\u012bbai    Beta-glik\u0101ni im\u016bnsist\u0113mas stiprin\u0101\u0161anai    Nepies\u0101tin\u0101t\u0101s tauksk\u0101bes \u2013 jaun\u0101 organisma att\u012bst\u012bbai un stresa notur\u012bbas uzlabo\u0161anai    Biot\u012bns un cinks \u2013 vesel\u012bgai \u0101dai un apmatojumam    \u013boti koncentr\u0113ts sast\u0101vs, kas nodro\u0161ina nepiecie\u0161amo uzturvielu daudzumu ar maz\u0101ku bar\u012bbas devu, pal\u012bdzot samazin\u0101t ku\u0146\u0123a sagrie\u0161an\u0101s risku kuc\u0113niem   Sast\u0101vs: kalt\u0113ta j\u0113ra ga\u013ca (34%), kalt\u0113tas bat\u0101tes, kalt\u0113ti kartupe\u013ci, dz\u012bvnieku tauki (liellopu) (15%), r\u012bsu milti (8%), j\u0113ra aknas (5%), auzu p\u0101rslas (4%), kalt\u0113ts \u0137irbis (2%), kukur\u016bzas p\u0101rslas, kalt\u0113ti burk\u0101ni (1,2%), lins\u0113klas, cigori\u0146u ekstrakts, kalt\u0113ti augi, beta-glik\u0101ni, glikozam\u012bns, hondroit\u012bna sulf\u0101ts, vitam\u012bnu un miner\u0101lvielu mais\u012bjums. Anal\u012btiskais sast\u0101vs: kopprote\u012bns 25%, koptauki 14%, kop\u0161\u0137iedra 3,4%, koppele 6,8%, kalcijs 1,3%, fosfors 0,95%, n\u0101trijs 0,15%, mitrums l\u012bdz 10%. Piedevas (uz 1 kg):A vitam\u012bns 17 331 SV, D3 vitam\u012bns 1 733 SV, E vitam\u012bns 173 mg, B1 vitam\u012bns 5,09 mg, B2 vitam\u012bns 9 mg, B6 vitam\u012bns 6,9 mg, B12 vitam\u012bns 0,07 mg, C vitam\u012bns 173 mg, niac\u012bns 43,1 mg, pantot\u0113nsk\u0101be 17,8 mg.Tehnolo\u0123isk\u0101s piedevas: dab\u012bgie antioksidanti (augu e\u013c\u013cu ekstrakti, bag\u0101ti ar tokoferoliem). Metaboliz\u0113jam\u0101 ener\u0123ija: 4 120 kcal\/kg\" \/>\n<meta property=\"og:url\" content=\"https:\/\/miumjau.ee\/lv\/produkts\/auksti-preseta-bariba-ibero-junior-m-l-ar-jera-galu-12kg\/\" \/>\n<meta property=\"og:site_name\" content=\"MiuMjau\" \/>\n<meta property=\"article:publisher\" content=\"https:\/\/www.facebook.com\/miumjaupood\/\" \/>\n<meta property=\"article:modified_time\" content=\"2026-01-07T19:18:24+00:00\" \/>\n<meta property=\"og:image\" content=\"https:\/\/miumjau.ee\/wp-content\/uploads\/2025\/07\/Ibero_3D_junior_LAMB_12kg-kopie-Photoroom.jpg\" \/>\n\t<meta property=\"og:image:width\" content=\"600\" \/>\n\t<meta property=\"og:image:height\" content=\"800\" \/>\n\t<meta property=\"og:image:type\" content=\"image\/jpeg\" \/>\n<meta name=\"twitter:card\" content=\"summary_large_image\" \/>\n<script type=\"application\/ld+json\" class=\"yoast-schema-graph\">{\"@context\":\"https:\\\/\\\/schema.org\",\"@graph\":[{\"@type\":\"WebPage\",\"@id\":\"https:\\\/\\\/miumjau.ee\\\/lv\\\/produkts\\\/auksti-preseta-bariba-ibero-junior-m-l-ar-jera-galu-12kg\\\/\",\"url\":\"https:\\\/\\\/miumjau.ee\\\/lv\\\/produkts\\\/auksti-preseta-bariba-ibero-junior-m-l-ar-jera-galu-12kg\\\/\",\"name\":\"Auksti pres\u0113ta bar\u012bba Ibero Junior M\\\/L ar j\u0113ra ga\u013cu 12kg - MiuMjau\",\"isPartOf\":{\"@id\":\"https:\\\/\\\/miumjau.ee\\\/#website\"},\"primaryImageOfPage\":{\"@id\":\"https:\\\/\\\/miumjau.ee\\\/lv\\\/produkts\\\/auksti-preseta-bariba-ibero-junior-m-l-ar-jera-galu-12kg\\\/#primaryimage\"},\"image\":{\"@id\":\"https:\\\/\\\/miumjau.ee\\\/lv\\\/produkts\\\/auksti-preseta-bariba-ibero-junior-m-l-ar-jera-galu-12kg\\\/#primaryimage\"},\"thumbnailUrl\":\"https:\\\/\\\/miumjau.ee\\\/wp-content\\\/uploads\\\/2025\\\/07\\\/Ibero_3D_junior_LAMB_12kg-kopie-Photoroom.jpg\",\"datePublished\":\"2025-07-22T21:10:47+00:00\",\"dateModified\":\"2026-01-07T19:18:24+00:00\",\"breadcrumb\":{\"@id\":\"https:\\\/\\\/miumjau.ee\\\/lv\\\/produkts\\\/auksti-preseta-bariba-ibero-junior-m-l-ar-jera-galu-12kg\\\/#breadcrumb\"},\"inLanguage\":\"lv-LV\",\"potentialAction\":[{\"@type\":\"ReadAction\",\"target\":[\"https:\\\/\\\/miumjau.ee\\\/lv\\\/produkts\\\/auksti-preseta-bariba-ibero-junior-m-l-ar-jera-galu-12kg\\\/\"]}]},{\"@type\":\"ImageObject\",\"inLanguage\":\"lv-LV\",\"@id\":\"https:\\\/\\\/miumjau.ee\\\/lv\\\/produkts\\\/auksti-preseta-bariba-ibero-junior-m-l-ar-jera-galu-12kg\\\/#primaryimage\",\"url\":\"https:\\\/\\\/miumjau.ee\\\/wp-content\\\/uploads\\\/2025\\\/07\\\/Ibero_3D_junior_LAMB_12kg-kopie-Photoroom.jpg\",\"contentUrl\":\"https:\\\/\\\/miumjau.ee\\\/wp-content\\\/uploads\\\/2025\\\/07\\\/Ibero_3D_junior_LAMB_12kg-kopie-Photoroom.jpg\",\"width\":600,\"height\":800},{\"@type\":\"BreadcrumbList\",\"@id\":\"https:\\\/\\\/miumjau.ee\\\/lv\\\/produkts\\\/auksti-preseta-bariba-ibero-junior-m-l-ar-jera-galu-12kg\\\/#breadcrumb\",\"itemListElement\":[{\"@type\":\"ListItem\",\"position\":1,\"name\":\"Home\",\"item\":\"https:\\\/\\\/miumjau.ee\\\/lv\\\/\"},{\"@type\":\"ListItem\",\"position\":2,\"name\":\"Veikals\",\"item\":\"https:\\\/\\\/miumjau.ee\\\/lv\\\/veikals\\\/\"},{\"@type\":\"ListItem\",\"position\":3,\"name\":\"Auksti pres\u0113ta bar\u012bba Ibero Junior M\\\/L ar j\u0113ra ga\u013cu 12kg\"}]},{\"@type\":\"WebSite\",\"@id\":\"https:\\\/\\\/miumjau.ee\\\/#website\",\"url\":\"https:\\\/\\\/miumjau.ee\\\/\",\"name\":\"MiuMjau\",\"description\":\"Kraapimispuud kassidele\",\"publisher\":{\"@id\":\"https:\\\/\\\/miumjau.ee\\\/#organization\"},\"potentialAction\":[{\"@type\":\"SearchAction\",\"target\":{\"@type\":\"EntryPoint\",\"urlTemplate\":\"https:\\\/\\\/miumjau.ee\\\/?s={search_term_string}\"},\"query-input\":{\"@type\":\"PropertyValueSpecification\",\"valueRequired\":true,\"valueName\":\"search_term_string\"}}],\"inLanguage\":\"lv-LV\"},{\"@type\":\"Organization\",\"@id\":\"https:\\\/\\\/miumjau.ee\\\/#organization\",\"name\":\"MiuMjau O\u00dc\",\"url\":\"https:\\\/\\\/miumjau.ee\\\/\",\"logo\":{\"@type\":\"ImageObject\",\"inLanguage\":\"lv-LV\",\"@id\":\"https:\\\/\\\/miumjau.ee\\\/#\\\/schema\\\/logo\\\/image\\\/\",\"url\":\"https:\\\/\\\/miumjau.ee\\\/wp-content\\\/uploads\\\/2022\\\/04\\\/MiuMjau-logo-kollane.png\",\"contentUrl\":\"https:\\\/\\\/miumjau.ee\\\/wp-content\\\/uploads\\\/2022\\\/04\\\/MiuMjau-logo-kollane.png\",\"width\":219,\"height\":100,\"caption\":\"MiuMjau O\u00dc\"},\"image\":{\"@id\":\"https:\\\/\\\/miumjau.ee\\\/#\\\/schema\\\/logo\\\/image\\\/\"},\"sameAs\":[\"https:\\\/\\\/www.facebook.com\\\/miumjaupood\\\/\"]}]}<\/script>\n<!-- \/ Yoast SEO plugin. -->","yoast_head_json":{"title":"Auksti pres\u0113ta bar\u012bba Ibero Junior M\/L ar j\u0113ra ga\u013cu 12kg - MiuMjau","robots":{"index":"index","follow":"follow","max-snippet":"max-snippet:-1","max-image-preview":"max-image-preview:large","max-video-preview":"max-video-preview:-1"},"canonical":"https:\/\/miumjau.ee\/lv\/produkts\/auksti-preseta-bariba-ibero-junior-m-l-ar-jera-galu-12kg\/","og_locale":"lv_LV","og_type":"article","og_title":"Auksti pres\u0113ta bar\u012bba Ibero Junior M\/L ar j\u0113ra ga\u013cu 12kg - MiuMjau","og_description":"Auksti pres\u0113ta pilnv\u0113rt\u012bga bar\u012bba, kas satur visas nepiecie\u0161am\u0101s uzturvielas vid\u0113ju un lielu \u0161\u0137ir\u0146u jauniem su\u0146iem. Ra\u017eota zem\u0101 temperat\u016br\u0101, lai saglab\u0101tu dab\u012bg\u0101s uzturvielas \u2013 ide\u0101li piem\u0113rota aug\u0161anas period\u0101 eso\u0161iem su\u0146iem. \u0160\u012b bar\u012bba ir paredz\u0113ta vid\u0113ju un lielu \u0161\u0137ir\u0146u kuc\u0113niem un jauniem su\u0146iem. T\u0101 ir izstr\u0101d\u0101ta, \u0146emot v\u0113r\u0101 jaunu su\u0146u specifisk\u0101s vajadz\u012bbas, tostarp:     Kontrol\u0113ts un labi sagremojams olbaltumvielu l\u012bmenis, kas pal\u012bdz nov\u0113rst p\u0101r\u0101k strauju garo kaulu aug\u0161anu un aizsarg\u0101 loc\u012btavas    Glikozam\u012bns un hondroit\u012bns \u2013 svar\u012bgs atbalsts loc\u012btavu att\u012bst\u012bbai    Beta-glik\u0101ni im\u016bnsist\u0113mas stiprin\u0101\u0161anai    Nepies\u0101tin\u0101t\u0101s tauksk\u0101bes \u2013 jaun\u0101 organisma att\u012bst\u012bbai un stresa notur\u012bbas uzlabo\u0161anai    Biot\u012bns un cinks \u2013 vesel\u012bgai \u0101dai un apmatojumam    \u013boti koncentr\u0113ts sast\u0101vs, kas nodro\u0161ina nepiecie\u0161amo uzturvielu daudzumu ar maz\u0101ku bar\u012bbas devu, pal\u012bdzot samazin\u0101t ku\u0146\u0123a sagrie\u0161an\u0101s risku kuc\u0113niem   Sast\u0101vs: kalt\u0113ta j\u0113ra ga\u013ca (34%), kalt\u0113tas bat\u0101tes, kalt\u0113ti kartupe\u013ci, dz\u012bvnieku tauki (liellopu) (15%), r\u012bsu milti (8%), j\u0113ra aknas (5%), auzu p\u0101rslas (4%), kalt\u0113ts \u0137irbis (2%), kukur\u016bzas p\u0101rslas, kalt\u0113ti burk\u0101ni (1,2%), lins\u0113klas, cigori\u0146u ekstrakts, kalt\u0113ti augi, beta-glik\u0101ni, glikozam\u012bns, hondroit\u012bna sulf\u0101ts, vitam\u012bnu un miner\u0101lvielu mais\u012bjums. Anal\u012btiskais sast\u0101vs: kopprote\u012bns 25%, koptauki 14%, kop\u0161\u0137iedra 3,4%, koppele 6,8%, kalcijs 1,3%, fosfors 0,95%, n\u0101trijs 0,15%, mitrums l\u012bdz 10%. Piedevas (uz 1 kg):A vitam\u012bns 17 331 SV, D3 vitam\u012bns 1 733 SV, E vitam\u012bns 173 mg, B1 vitam\u012bns 5,09 mg, B2 vitam\u012bns 9 mg, B6 vitam\u012bns 6,9 mg, B12 vitam\u012bns 0,07 mg, C vitam\u012bns 173 mg, niac\u012bns 43,1 mg, pantot\u0113nsk\u0101be 17,8 mg.Tehnolo\u0123isk\u0101s piedevas: dab\u012bgie antioksidanti (augu e\u013c\u013cu ekstrakti, bag\u0101ti ar tokoferoliem). Metaboliz\u0113jam\u0101 ener\u0123ija: 4 120 kcal\/kg","og_url":"https:\/\/miumjau.ee\/lv\/produkts\/auksti-preseta-bariba-ibero-junior-m-l-ar-jera-galu-12kg\/","og_site_name":"MiuMjau","article_publisher":"https:\/\/www.facebook.com\/miumjaupood\/","article_modified_time":"2026-01-07T19:18:24+00:00","og_image":[{"width":600,"height":800,"url":"https:\/\/miumjau.ee\/wp-content\/uploads\/2025\/07\/Ibero_3D_junior_LAMB_12kg-kopie-Photoroom.jpg","type":"image\/jpeg"}],"twitter_card":"summary_large_image","schema":{"@context":"https:\/\/schema.org","@graph":[{"@type":"WebPage","@id":"https:\/\/miumjau.ee\/lv\/produkts\/auksti-preseta-bariba-ibero-junior-m-l-ar-jera-galu-12kg\/","url":"https:\/\/miumjau.ee\/lv\/produkts\/auksti-preseta-bariba-ibero-junior-m-l-ar-jera-galu-12kg\/","name":"Auksti pres\u0113ta bar\u012bba Ibero Junior M\/L ar j\u0113ra ga\u013cu 12kg - MiuMjau","isPartOf":{"@id":"https:\/\/miumjau.ee\/#website"},"primaryImageOfPage":{"@id":"https:\/\/miumjau.ee\/lv\/produkts\/auksti-preseta-bariba-ibero-junior-m-l-ar-jera-galu-12kg\/#primaryimage"},"image":{"@id":"https:\/\/miumjau.ee\/lv\/produkts\/auksti-preseta-bariba-ibero-junior-m-l-ar-jera-galu-12kg\/#primaryimage"},"thumbnailUrl":"https:\/\/miumjau.ee\/wp-content\/uploads\/2025\/07\/Ibero_3D_junior_LAMB_12kg-kopie-Photoroom.jpg","datePublished":"2025-07-22T21:10:47+00:00","dateModified":"2026-01-07T19:18:24+00:00","breadcrumb":{"@id":"https:\/\/miumjau.ee\/lv\/produkts\/auksti-preseta-bariba-ibero-junior-m-l-ar-jera-galu-12kg\/#breadcrumb"},"inLanguage":"lv-LV","potentialAction":[{"@type":"ReadAction","target":["https:\/\/miumjau.ee\/lv\/produkts\/auksti-preseta-bariba-ibero-junior-m-l-ar-jera-galu-12kg\/"]}]},{"@type":"ImageObject","inLanguage":"lv-LV","@id":"https:\/\/miumjau.ee\/lv\/produkts\/auksti-preseta-bariba-ibero-junior-m-l-ar-jera-galu-12kg\/#primaryimage","url":"https:\/\/miumjau.ee\/wp-content\/uploads\/2025\/07\/Ibero_3D_junior_LAMB_12kg-kopie-Photoroom.jpg","contentUrl":"https:\/\/miumjau.ee\/wp-content\/uploads\/2025\/07\/Ibero_3D_junior_LAMB_12kg-kopie-Photoroom.jpg","width":600,"height":800},{"@type":"BreadcrumbList","@id":"https:\/\/miumjau.ee\/lv\/produkts\/auksti-preseta-bariba-ibero-junior-m-l-ar-jera-galu-12kg\/#breadcrumb","itemListElement":[{"@type":"ListItem","position":1,"name":"Home","item":"https:\/\/miumjau.ee\/lv\/"},{"@type":"ListItem","position":2,"name":"Veikals","item":"https:\/\/miumjau.ee\/lv\/veikals\/"},{"@type":"ListItem","position":3,"name":"Auksti pres\u0113ta bar\u012bba Ibero Junior M\/L ar j\u0113ra ga\u013cu 12kg"}]},{"@type":"WebSite","@id":"https:\/\/miumjau.ee\/#website","url":"https:\/\/miumjau.ee\/","name":"MiuMjau","description":"Kraapimispuud kassidele","publisher":{"@id":"https:\/\/miumjau.ee\/#organization"},"potentialAction":[{"@type":"SearchAction","target":{"@type":"EntryPoint","urlTemplate":"https:\/\/miumjau.ee\/?s={search_term_string}"},"query-input":{"@type":"PropertyValueSpecification","valueRequired":true,"valueName":"search_term_string"}}],"inLanguage":"lv-LV"},{"@type":"Organization","@id":"https:\/\/miumjau.ee\/#organization","name":"MiuMjau O\u00dc","url":"https:\/\/miumjau.ee\/","logo":{"@type":"ImageObject","inLanguage":"lv-LV","@id":"https:\/\/miumjau.ee\/#\/schema\/logo\/image\/","url":"https:\/\/miumjau.ee\/wp-content\/uploads\/2022\/04\/MiuMjau-logo-kollane.png","contentUrl":"https:\/\/miumjau.ee\/wp-content\/uploads\/2022\/04\/MiuMjau-logo-kollane.png","width":219,"height":100,"caption":"MiuMjau O\u00dc"},"image":{"@id":"https:\/\/miumjau.ee\/#\/schema\/logo\/image\/"},"sameAs":["https:\/\/www.facebook.com\/miumjaupood\/"]}]}},"_links":{"self":[{"href":"https:\/\/miumjau.ee\/lv\/wp-json\/wp\/v2\/product\/48552","targetHints":{"allow":["GET"]}}],"collection":[{"href":"https:\/\/miumjau.ee\/lv\/wp-json\/wp\/v2\/product"}],"about":[{"href":"https:\/\/miumjau.ee\/lv\/wp-json\/wp\/v2\/types\/product"}],"wp:featuredmedia":[{"embeddable":true,"href":"https:\/\/miumjau.ee\/lv\/wp-json\/wp\/v2\/media\/48554"}],"wp:attachment":[{"href":"https:\/\/miumjau.ee\/lv\/wp-json\/wp\/v2\/media?parent=48552"}],"wp:term":[{"taxonomy":"product_brand","embeddable":true,"href":"https:\/\/miumjau.ee\/lv\/wp-json\/wp\/v2\/product_brand?post=48552"},{"taxonomy":"product_cat","embeddable":true,"href":"https:\/\/miumjau.ee\/lv\/wp-json\/wp\/v2\/product_cat?post=48552"},{"taxonomy":"product_tag","embeddable":true,"href":"https:\/\/miumjau.ee\/lv\/wp-json\/wp\/v2\/product_tag?post=48552"}],"curies":[{"name":"wp","href":"https:\/\/api.w.org\/{rel}","templated":true}]}}