{"id":48540,"date":"2025-07-22T23:00:43","date_gmt":"2025-07-22T20:00:43","guid":{"rendered":"https:\/\/miumjau.ee\/toode\/ibero-natural-grainfree-all-breed-adult-ar-trusu-galu-12-kg\/"},"modified":"2026-01-07T21:18:31","modified_gmt":"2026-01-07T19:18:31","slug":"ibero-natural-grainfree-all-breed-adult-ar-trusu-galu-12-kg","status":"publish","type":"product","link":"https:\/\/miumjau.ee\/lv\/produkts\/ibero-natural-grainfree-all-breed-adult-ar-trusu-galu-12-kg\/","title":{"rendered":"Ibero Natural Grainfree, All Breed Adult ar tru\u0161u ga\u013cu 12 kg"},"content":{"rendered":"","protected":false},"excerpt":{"rendered":"<p data-start=\"98\" data-end=\"327\">Bezgraudu pilnv\u0113rt\u012bga bar\u012bba pieaugu\u0161iem su\u0146iem. Piem\u0113rota vis\u0101m \u0161\u0137irn\u0113m \u2013 granulu izm\u0113rs ir univers\u0101ls. Bezgraudu sast\u0101vs ir ide\u0101li piem\u0113rots su\u0146iem ar jut\u012bgu gremo\u0161anas sist\u0113mu vai tiem, kam nepiecie\u0161ama bar\u012bba bez graudaugiem.<\/p>\n<p data-start=\"329\" data-end=\"572\">Tru\u0161a ga\u013ca ir augstas kvalit\u0101tes olbaltumvielu avots, kas pal\u012bdz uztur\u0113t musku\u013cu masu un visp\u0101r\u0113jo vitalit\u0101ti. Bat\u0101tes un kalt\u0113ti kartupe\u013ci ir viegli sagremojamu og\u013chidr\u0101tu avoti, nodro\u0161inot ilgsto\u0161u ener\u0123iju, nep\u0101rslogojot gremo\u0161anas sist\u0113mu.<\/p>\n<p data-start=\"574\" data-end=\"859\">Liellopu tauki un j\u0113ra aknas bag\u0101tina bar\u012bbu ar nepiecie\u0161amajiem taukiem un uzturviel\u0101m, uzlabo bar\u012bbas gar\u0161u un atbalsta \u0101das un apmatojuma vesel\u012bbu. Kalt\u0113ts \u0137irbis, burk\u0101ni un lins\u0113klas ir \u0161\u0137iedrvielu un omega-3 tauksk\u0101bju avoti, kas veicina gremo\u0161anu un uzlabo apmatojuma kvalit\u0101ti.<\/p>\n<p data-start=\"861\" data-end=\"1151\">Recepte ir bag\u0101tin\u0101ta ar cigori\u0146u ekstraktu, beta-glik\u0101niem, glikozam\u012bnu un hondroit\u012bna sulf\u0101tu, kas atbalsta loc\u012btavu vesel\u012bbu un stiprina su\u0146a im\u016bnsist\u0113mu. Vitam\u012bnu (A, D3, E, B grupas) un miner\u0101lvielu (cinks, dzelzs, sel\u0113ns) komplekss ir sabalans\u0113ts ilgtermi\u0146a vesel\u012bbai un dz\u012bvotsp\u0113jai.<\/p>\n<p data-start=\"1153\" data-end=\"1424\"><strong data-start=\"1153\" data-end=\"1165\">Sast\u0101vs:<\/strong> kalt\u0113ta tru\u0161a ga\u013ca 29%, bat\u0101tes, kalt\u0113ti kartupe\u013ci, liellopu tauki 14%, j\u0113ra aknas 5%, kalt\u0113ts \u0137irbis 2%, kalt\u0113tas j\u0113ra aknas 2%, kalt\u0113ti burk\u0101ni 1,2%, lins\u0113klas, cigori\u0146u ekstrakts, juka, beta-glik\u0101ni, skrim\u0161\u013cu ekstrakts, vitam\u012bnu un miner\u0101lvielu mais\u012bjums.<\/p>\n<p data-start=\"1426\" data-end=\"1508\"><strong data-start=\"1426\" data-end=\"1454\">Anal\u012btisk\u0101s sast\u0101vda\u013cas:<\/strong> kopprote\u012bns 25,00%, koptauki 14,00%, kop\u0161\u0137iedra 3,20%<\/p>\n<p data-start=\"1510\" data-end=\"1531\"><strong data-start=\"1510\" data-end=\"1531\">Piedevas (mg\/kg):<\/strong><\/p>\n<p data-start=\"1533\" data-end=\"1779\"><strong data-start=\"1533\" data-end=\"1546\">Vitam\u012bni:<\/strong> A vitam\u012bns 16 300 SV, D3 vitam\u012bns 1 620 SV, E vitam\u012bns 160 mg, B1 vitam\u012bns 4,8 mg, B2 vitam\u012bns 8 mg, B6 vitam\u012bns 6,4 mg, B12 vitam\u012bns 0,07 mg, niac\u012bns 40 mg, pantot\u0113nsk\u0101be 16 mg, folijsk\u0101be 0,64 mg, biot\u012bns 0,4 mg, C vitam\u012bns 160 mg<\/p>\n<p data-start=\"1781\" data-end=\"1880\"><strong data-start=\"1781\" data-end=\"1799\">Miner\u0101lvielas:<\/strong> jods 4 mg, sel\u0113ns 0,35 mg, dzelzs 96 mg, var\u0161 12 mg, cinks 120 mg, mang\u0101ns 12 mg<\/p>\n<p data-start=\"1882\" data-end=\"1979\"><strong data-start=\"1882\" data-end=\"1901\">Citas piedevas:<\/strong> hol\u012bna hlor\u012bds 1 728 mg, glikozam\u012bns 400 mg\/kg, hondroit\u012bna sulf\u0101ts 350 mg\/kg<\/p>\n<p data-start=\"1981\" data-end=\"2043\"><strong data-start=\"1981\" data-end=\"1999\">Antioksidanti:<\/strong> augu e\u013c\u013cu ekstrakti, bag\u0101ti ar tokoferoliem<\/p>\n<p data-start=\"2045\" data-end=\"2083\"><strong data-start=\"2045\" data-end=\"2069\">Ener\u0123\u0113tisk\u0101 v\u0113rt\u012bba:<\/strong> 3 790 kcal\/kg<\/p>\n","protected":false},"featured_media":48541,"template":"","meta":[],"product_brand":[],"product_cat":[575,573],"product_tag":[],"class_list":{"0":"post-48540","1":"product","2":"type-product","3":"status-publish","4":"has-post-thumbnail","6":"product_cat-sausa-bariba-suniem","7":"product_cat-kaup24-lv","9":"first","10":"instock","11":"sale","12":"taxable","13":"shipping-taxable","14":"purchasable","15":"product-type-simple"},"yoast_head":"<!-- This site is optimized with the Yoast SEO plugin v27.2 - https:\/\/yoast.com\/product\/yoast-seo-wordpress\/ -->\n<title>Ibero Natural Grainfree, All Breed Adult ar tru\u0161u ga\u013cu 12 kg - MiuMjau<\/title>\n<meta name=\"robots\" content=\"index, follow, max-snippet:-1, max-image-preview:large, max-video-preview:-1\" \/>\n<link rel=\"canonical\" href=\"https:\/\/miumjau.ee\/lv\/produkts\/ibero-natural-grainfree-all-breed-adult-ar-trusu-galu-12-kg\/\" \/>\n<meta property=\"og:locale\" content=\"lv_LV\" \/>\n<meta property=\"og:type\" content=\"article\" \/>\n<meta property=\"og:title\" content=\"Ibero Natural Grainfree, All Breed Adult ar tru\u0161u ga\u013cu 12 kg - MiuMjau\" \/>\n<meta property=\"og:description\" content=\"Bezgraudu pilnv\u0113rt\u012bga bar\u012bba pieaugu\u0161iem su\u0146iem. Piem\u0113rota vis\u0101m \u0161\u0137irn\u0113m \u2013 granulu izm\u0113rs ir univers\u0101ls. Bezgraudu sast\u0101vs ir ide\u0101li piem\u0113rots su\u0146iem ar jut\u012bgu gremo\u0161anas sist\u0113mu vai tiem, kam nepiecie\u0161ama bar\u012bba bez graudaugiem. Tru\u0161a ga\u013ca ir augstas kvalit\u0101tes olbaltumvielu avots, kas pal\u012bdz uztur\u0113t musku\u013cu masu un visp\u0101r\u0113jo vitalit\u0101ti. Bat\u0101tes un kalt\u0113ti kartupe\u013ci ir viegli sagremojamu og\u013chidr\u0101tu avoti, nodro\u0161inot ilgsto\u0161u ener\u0123iju, nep\u0101rslogojot gremo\u0161anas sist\u0113mu. Liellopu tauki un j\u0113ra aknas bag\u0101tina bar\u012bbu ar nepiecie\u0161amajiem taukiem un uzturviel\u0101m, uzlabo bar\u012bbas gar\u0161u un atbalsta \u0101das un apmatojuma vesel\u012bbu. Kalt\u0113ts \u0137irbis, burk\u0101ni un lins\u0113klas ir \u0161\u0137iedrvielu un omega-3 tauksk\u0101bju avoti, kas veicina gremo\u0161anu un uzlabo apmatojuma kvalit\u0101ti. Recepte ir bag\u0101tin\u0101ta ar cigori\u0146u ekstraktu, beta-glik\u0101niem, glikozam\u012bnu un hondroit\u012bna sulf\u0101tu, kas atbalsta loc\u012btavu vesel\u012bbu un stiprina su\u0146a im\u016bnsist\u0113mu. Vitam\u012bnu (A, D3, E, B grupas) un miner\u0101lvielu (cinks, dzelzs, sel\u0113ns) komplekss ir sabalans\u0113ts ilgtermi\u0146a vesel\u012bbai un dz\u012bvotsp\u0113jai. Sast\u0101vs: kalt\u0113ta tru\u0161a ga\u013ca 29%, bat\u0101tes, kalt\u0113ti kartupe\u013ci, liellopu tauki 14%, j\u0113ra aknas 5%, kalt\u0113ts \u0137irbis 2%, kalt\u0113tas j\u0113ra aknas 2%, kalt\u0113ti burk\u0101ni 1,2%, lins\u0113klas, cigori\u0146u ekstrakts, juka, beta-glik\u0101ni, skrim\u0161\u013cu ekstrakts, vitam\u012bnu un miner\u0101lvielu mais\u012bjums. Anal\u012btisk\u0101s sast\u0101vda\u013cas: kopprote\u012bns 25,00%, koptauki 14,00%, kop\u0161\u0137iedra 3,20% Piedevas (mg\/kg): Vitam\u012bni: A vitam\u012bns 16 300 SV, D3 vitam\u012bns 1 620 SV, E vitam\u012bns 160 mg, B1 vitam\u012bns 4,8 mg, B2 vitam\u012bns 8 mg, B6 vitam\u012bns 6,4 mg, B12 vitam\u012bns 0,07 mg, niac\u012bns 40 mg, pantot\u0113nsk\u0101be 16 mg, folijsk\u0101be 0,64 mg, biot\u012bns 0,4 mg, C vitam\u012bns 160 mg Miner\u0101lvielas: jods 4 mg, sel\u0113ns 0,35 mg, dzelzs 96 mg, var\u0161 12 mg, cinks 120 mg, mang\u0101ns 12 mg Citas piedevas: hol\u012bna hlor\u012bds 1 728 mg, glikozam\u012bns 400 mg\/kg, hondroit\u012bna sulf\u0101ts 350 mg\/kg Antioksidanti: augu e\u013c\u013cu ekstrakti, bag\u0101ti ar tokoferoliem Ener\u0123\u0113tisk\u0101 v\u0113rt\u012bba: 3 790 kcal\/kg\" \/>\n<meta property=\"og:url\" content=\"https:\/\/miumjau.ee\/lv\/produkts\/ibero-natural-grainfree-all-breed-adult-ar-trusu-galu-12-kg\/\" \/>\n<meta property=\"og:site_name\" content=\"MiuMjau\" \/>\n<meta property=\"article:publisher\" content=\"https:\/\/www.facebook.com\/miumjaupood\/\" \/>\n<meta property=\"article:modified_time\" content=\"2026-01-07T19:18:31+00:00\" \/>\n<meta property=\"og:image\" content=\"https:\/\/miumjau.ee\/wp-content\/uploads\/2025\/07\/ibero-teraviljavaba-allbreed-adult-janes.jpg\" \/>\n\t<meta property=\"og:image:width\" content=\"600\" \/>\n\t<meta property=\"og:image:height\" content=\"800\" \/>\n\t<meta property=\"og:image:type\" content=\"image\/jpeg\" \/>\n<meta name=\"twitter:card\" content=\"summary_large_image\" \/>\n<script type=\"application\/ld+json\" class=\"yoast-schema-graph\">{\"@context\":\"https:\/\/schema.org\",\"@graph\":[{\"@type\":\"WebPage\",\"@id\":\"https:\/\/miumjau.ee\/lv\/produkts\/ibero-natural-grainfree-all-breed-adult-ar-trusu-galu-12-kg\/\",\"url\":\"https:\/\/miumjau.ee\/lv\/produkts\/ibero-natural-grainfree-all-breed-adult-ar-trusu-galu-12-kg\/\",\"name\":\"Ibero Natural Grainfree, All Breed Adult ar tru\u0161u ga\u013cu 12 kg - MiuMjau\",\"isPartOf\":{\"@id\":\"https:\/\/miumjau.ee\/#website\"},\"primaryImageOfPage\":{\"@id\":\"https:\/\/miumjau.ee\/lv\/produkts\/ibero-natural-grainfree-all-breed-adult-ar-trusu-galu-12-kg\/#primaryimage\"},\"image\":{\"@id\":\"https:\/\/miumjau.ee\/lv\/produkts\/ibero-natural-grainfree-all-breed-adult-ar-trusu-galu-12-kg\/#primaryimage\"},\"thumbnailUrl\":\"https:\/\/miumjau.ee\/wp-content\/uploads\/2025\/07\/ibero-teraviljavaba-allbreed-adult-janes.jpg\",\"datePublished\":\"2025-07-22T20:00:43+00:00\",\"dateModified\":\"2026-01-07T19:18:31+00:00\",\"breadcrumb\":{\"@id\":\"https:\/\/miumjau.ee\/lv\/produkts\/ibero-natural-grainfree-all-breed-adult-ar-trusu-galu-12-kg\/#breadcrumb\"},\"inLanguage\":\"lv-LV\",\"potentialAction\":[{\"@type\":\"ReadAction\",\"target\":[\"https:\/\/miumjau.ee\/lv\/produkts\/ibero-natural-grainfree-all-breed-adult-ar-trusu-galu-12-kg\/\"]}]},{\"@type\":\"ImageObject\",\"inLanguage\":\"lv-LV\",\"@id\":\"https:\/\/miumjau.ee\/lv\/produkts\/ibero-natural-grainfree-all-breed-adult-ar-trusu-galu-12-kg\/#primaryimage\",\"url\":\"https:\/\/miumjau.ee\/wp-content\/uploads\/2025\/07\/ibero-teraviljavaba-allbreed-adult-janes.jpg\",\"contentUrl\":\"https:\/\/miumjau.ee\/wp-content\/uploads\/2025\/07\/ibero-teraviljavaba-allbreed-adult-janes.jpg\",\"width\":600,\"height\":800},{\"@type\":\"BreadcrumbList\",\"@id\":\"https:\/\/miumjau.ee\/lv\/produkts\/ibero-natural-grainfree-all-breed-adult-ar-trusu-galu-12-kg\/#breadcrumb\",\"itemListElement\":[{\"@type\":\"ListItem\",\"position\":1,\"name\":\"Home\",\"item\":\"https:\/\/miumjau.ee\/lv\/\"},{\"@type\":\"ListItem\",\"position\":2,\"name\":\"Veikals\",\"item\":\"https:\/\/miumjau.ee\/lv\/veikals\/\"},{\"@type\":\"ListItem\",\"position\":3,\"name\":\"Ibero Natural Grainfree, All Breed Adult ar tru\u0161u ga\u013cu 12 kg\"}]},{\"@type\":\"WebSite\",\"@id\":\"https:\/\/miumjau.ee\/#website\",\"url\":\"https:\/\/miumjau.ee\/\",\"name\":\"MiuMjau\",\"description\":\"Kraapimispuud kassidele\",\"publisher\":{\"@id\":\"https:\/\/miumjau.ee\/#organization\"},\"potentialAction\":[{\"@type\":\"SearchAction\",\"target\":{\"@type\":\"EntryPoint\",\"urlTemplate\":\"https:\/\/miumjau.ee\/?s={search_term_string}\"},\"query-input\":{\"@type\":\"PropertyValueSpecification\",\"valueRequired\":true,\"valueName\":\"search_term_string\"}}],\"inLanguage\":\"lv-LV\"},{\"@type\":\"Organization\",\"@id\":\"https:\/\/miumjau.ee\/#organization\",\"name\":\"MiuMjau O\u00dc\",\"url\":\"https:\/\/miumjau.ee\/\",\"logo\":{\"@type\":\"ImageObject\",\"inLanguage\":\"lv-LV\",\"@id\":\"https:\/\/miumjau.ee\/#\/schema\/logo\/image\/\",\"url\":\"https:\/\/miumjau.ee\/wp-content\/uploads\/2022\/04\/MiuMjau-logo-kollane.png\",\"contentUrl\":\"https:\/\/miumjau.ee\/wp-content\/uploads\/2022\/04\/MiuMjau-logo-kollane.png\",\"width\":219,\"height\":100,\"caption\":\"MiuMjau O\u00dc\"},\"image\":{\"@id\":\"https:\/\/miumjau.ee\/#\/schema\/logo\/image\/\"},\"sameAs\":[\"https:\/\/www.facebook.com\/miumjaupood\/\"]}]}<\/script>\n<!-- \/ Yoast SEO plugin. -->","yoast_head_json":{"title":"Ibero Natural Grainfree, All Breed Adult ar tru\u0161u ga\u013cu 12 kg - MiuMjau","robots":{"index":"index","follow":"follow","max-snippet":"max-snippet:-1","max-image-preview":"max-image-preview:large","max-video-preview":"max-video-preview:-1"},"canonical":"https:\/\/miumjau.ee\/lv\/produkts\/ibero-natural-grainfree-all-breed-adult-ar-trusu-galu-12-kg\/","og_locale":"lv_LV","og_type":"article","og_title":"Ibero Natural Grainfree, All Breed Adult ar tru\u0161u ga\u013cu 12 kg - MiuMjau","og_description":"Bezgraudu pilnv\u0113rt\u012bga bar\u012bba pieaugu\u0161iem su\u0146iem. Piem\u0113rota vis\u0101m \u0161\u0137irn\u0113m \u2013 granulu izm\u0113rs ir univers\u0101ls. Bezgraudu sast\u0101vs ir ide\u0101li piem\u0113rots su\u0146iem ar jut\u012bgu gremo\u0161anas sist\u0113mu vai tiem, kam nepiecie\u0161ama bar\u012bba bez graudaugiem. Tru\u0161a ga\u013ca ir augstas kvalit\u0101tes olbaltumvielu avots, kas pal\u012bdz uztur\u0113t musku\u013cu masu un visp\u0101r\u0113jo vitalit\u0101ti. Bat\u0101tes un kalt\u0113ti kartupe\u013ci ir viegli sagremojamu og\u013chidr\u0101tu avoti, nodro\u0161inot ilgsto\u0161u ener\u0123iju, nep\u0101rslogojot gremo\u0161anas sist\u0113mu. Liellopu tauki un j\u0113ra aknas bag\u0101tina bar\u012bbu ar nepiecie\u0161amajiem taukiem un uzturviel\u0101m, uzlabo bar\u012bbas gar\u0161u un atbalsta \u0101das un apmatojuma vesel\u012bbu. Kalt\u0113ts \u0137irbis, burk\u0101ni un lins\u0113klas ir \u0161\u0137iedrvielu un omega-3 tauksk\u0101bju avoti, kas veicina gremo\u0161anu un uzlabo apmatojuma kvalit\u0101ti. Recepte ir bag\u0101tin\u0101ta ar cigori\u0146u ekstraktu, beta-glik\u0101niem, glikozam\u012bnu un hondroit\u012bna sulf\u0101tu, kas atbalsta loc\u012btavu vesel\u012bbu un stiprina su\u0146a im\u016bnsist\u0113mu. Vitam\u012bnu (A, D3, E, B grupas) un miner\u0101lvielu (cinks, dzelzs, sel\u0113ns) komplekss ir sabalans\u0113ts ilgtermi\u0146a vesel\u012bbai un dz\u012bvotsp\u0113jai. Sast\u0101vs: kalt\u0113ta tru\u0161a ga\u013ca 29%, bat\u0101tes, kalt\u0113ti kartupe\u013ci, liellopu tauki 14%, j\u0113ra aknas 5%, kalt\u0113ts \u0137irbis 2%, kalt\u0113tas j\u0113ra aknas 2%, kalt\u0113ti burk\u0101ni 1,2%, lins\u0113klas, cigori\u0146u ekstrakts, juka, beta-glik\u0101ni, skrim\u0161\u013cu ekstrakts, vitam\u012bnu un miner\u0101lvielu mais\u012bjums. Anal\u012btisk\u0101s sast\u0101vda\u013cas: kopprote\u012bns 25,00%, koptauki 14,00%, kop\u0161\u0137iedra 3,20% Piedevas (mg\/kg): Vitam\u012bni: A vitam\u012bns 16 300 SV, D3 vitam\u012bns 1 620 SV, E vitam\u012bns 160 mg, B1 vitam\u012bns 4,8 mg, B2 vitam\u012bns 8 mg, B6 vitam\u012bns 6,4 mg, B12 vitam\u012bns 0,07 mg, niac\u012bns 40 mg, pantot\u0113nsk\u0101be 16 mg, folijsk\u0101be 0,64 mg, biot\u012bns 0,4 mg, C vitam\u012bns 160 mg Miner\u0101lvielas: jods 4 mg, sel\u0113ns 0,35 mg, dzelzs 96 mg, var\u0161 12 mg, cinks 120 mg, mang\u0101ns 12 mg Citas piedevas: hol\u012bna hlor\u012bds 1 728 mg, glikozam\u012bns 400 mg\/kg, hondroit\u012bna sulf\u0101ts 350 mg\/kg Antioksidanti: augu e\u013c\u013cu ekstrakti, bag\u0101ti ar tokoferoliem Ener\u0123\u0113tisk\u0101 v\u0113rt\u012bba: 3 790 kcal\/kg","og_url":"https:\/\/miumjau.ee\/lv\/produkts\/ibero-natural-grainfree-all-breed-adult-ar-trusu-galu-12-kg\/","og_site_name":"MiuMjau","article_publisher":"https:\/\/www.facebook.com\/miumjaupood\/","article_modified_time":"2026-01-07T19:18:31+00:00","og_image":[{"width":600,"height":800,"url":"https:\/\/miumjau.ee\/wp-content\/uploads\/2025\/07\/ibero-teraviljavaba-allbreed-adult-janes.jpg","type":"image\/jpeg"}],"twitter_card":"summary_large_image","schema":{"@context":"https:\/\/schema.org","@graph":[{"@type":"WebPage","@id":"https:\/\/miumjau.ee\/lv\/produkts\/ibero-natural-grainfree-all-breed-adult-ar-trusu-galu-12-kg\/","url":"https:\/\/miumjau.ee\/lv\/produkts\/ibero-natural-grainfree-all-breed-adult-ar-trusu-galu-12-kg\/","name":"Ibero Natural Grainfree, All Breed Adult ar tru\u0161u ga\u013cu 12 kg - MiuMjau","isPartOf":{"@id":"https:\/\/miumjau.ee\/#website"},"primaryImageOfPage":{"@id":"https:\/\/miumjau.ee\/lv\/produkts\/ibero-natural-grainfree-all-breed-adult-ar-trusu-galu-12-kg\/#primaryimage"},"image":{"@id":"https:\/\/miumjau.ee\/lv\/produkts\/ibero-natural-grainfree-all-breed-adult-ar-trusu-galu-12-kg\/#primaryimage"},"thumbnailUrl":"https:\/\/miumjau.ee\/wp-content\/uploads\/2025\/07\/ibero-teraviljavaba-allbreed-adult-janes.jpg","datePublished":"2025-07-22T20:00:43+00:00","dateModified":"2026-01-07T19:18:31+00:00","breadcrumb":{"@id":"https:\/\/miumjau.ee\/lv\/produkts\/ibero-natural-grainfree-all-breed-adult-ar-trusu-galu-12-kg\/#breadcrumb"},"inLanguage":"lv-LV","potentialAction":[{"@type":"ReadAction","target":["https:\/\/miumjau.ee\/lv\/produkts\/ibero-natural-grainfree-all-breed-adult-ar-trusu-galu-12-kg\/"]}]},{"@type":"ImageObject","inLanguage":"lv-LV","@id":"https:\/\/miumjau.ee\/lv\/produkts\/ibero-natural-grainfree-all-breed-adult-ar-trusu-galu-12-kg\/#primaryimage","url":"https:\/\/miumjau.ee\/wp-content\/uploads\/2025\/07\/ibero-teraviljavaba-allbreed-adult-janes.jpg","contentUrl":"https:\/\/miumjau.ee\/wp-content\/uploads\/2025\/07\/ibero-teraviljavaba-allbreed-adult-janes.jpg","width":600,"height":800},{"@type":"BreadcrumbList","@id":"https:\/\/miumjau.ee\/lv\/produkts\/ibero-natural-grainfree-all-breed-adult-ar-trusu-galu-12-kg\/#breadcrumb","itemListElement":[{"@type":"ListItem","position":1,"name":"Home","item":"https:\/\/miumjau.ee\/lv\/"},{"@type":"ListItem","position":2,"name":"Veikals","item":"https:\/\/miumjau.ee\/lv\/veikals\/"},{"@type":"ListItem","position":3,"name":"Ibero Natural Grainfree, All Breed Adult ar tru\u0161u ga\u013cu 12 kg"}]},{"@type":"WebSite","@id":"https:\/\/miumjau.ee\/#website","url":"https:\/\/miumjau.ee\/","name":"MiuMjau","description":"Kraapimispuud kassidele","publisher":{"@id":"https:\/\/miumjau.ee\/#organization"},"potentialAction":[{"@type":"SearchAction","target":{"@type":"EntryPoint","urlTemplate":"https:\/\/miumjau.ee\/?s={search_term_string}"},"query-input":{"@type":"PropertyValueSpecification","valueRequired":true,"valueName":"search_term_string"}}],"inLanguage":"lv-LV"},{"@type":"Organization","@id":"https:\/\/miumjau.ee\/#organization","name":"MiuMjau O\u00dc","url":"https:\/\/miumjau.ee\/","logo":{"@type":"ImageObject","inLanguage":"lv-LV","@id":"https:\/\/miumjau.ee\/#\/schema\/logo\/image\/","url":"https:\/\/miumjau.ee\/wp-content\/uploads\/2022\/04\/MiuMjau-logo-kollane.png","contentUrl":"https:\/\/miumjau.ee\/wp-content\/uploads\/2022\/04\/MiuMjau-logo-kollane.png","width":219,"height":100,"caption":"MiuMjau O\u00dc"},"image":{"@id":"https:\/\/miumjau.ee\/#\/schema\/logo\/image\/"},"sameAs":["https:\/\/www.facebook.com\/miumjaupood\/"]}]}},"_links":{"self":[{"href":"https:\/\/miumjau.ee\/lv\/wp-json\/wp\/v2\/product\/48540","targetHints":{"allow":["GET"]}}],"collection":[{"href":"https:\/\/miumjau.ee\/lv\/wp-json\/wp\/v2\/product"}],"about":[{"href":"https:\/\/miumjau.ee\/lv\/wp-json\/wp\/v2\/types\/product"}],"wp:featuredmedia":[{"embeddable":true,"href":"https:\/\/miumjau.ee\/lv\/wp-json\/wp\/v2\/media\/48541"}],"wp:attachment":[{"href":"https:\/\/miumjau.ee\/lv\/wp-json\/wp\/v2\/media?parent=48540"}],"wp:term":[{"taxonomy":"product_brand","embeddable":true,"href":"https:\/\/miumjau.ee\/lv\/wp-json\/wp\/v2\/product_brand?post=48540"},{"taxonomy":"product_cat","embeddable":true,"href":"https:\/\/miumjau.ee\/lv\/wp-json\/wp\/v2\/product_cat?post=48540"},{"taxonomy":"product_tag","embeddable":true,"href":"https:\/\/miumjau.ee\/lv\/wp-json\/wp\/v2\/product_tag?post=48540"}],"curies":[{"name":"wp","href":"https:\/\/api.w.org\/{rel}","templated":true}]}}