{"id":48539,"date":"2025-07-22T20:27:47","date_gmt":"2025-07-22T17:27:47","guid":{"rendered":"https:\/\/miumjau.ee\/toode\/ibero-lasa-ella-ar-pumpiti-1000-ml\/"},"modified":"2026-01-07T21:18:31","modified_gmt":"2026-01-07T19:18:31","slug":"ibero-lasa-ella-ar-pumpiti-1000-ml","status":"publish","type":"product","link":"https:\/\/miumjau.ee\/lv\/produkts\/ibero-lasa-ella-ar-pumpiti-1000-ml\/","title":{"rendered":"Ibero la\u0161a e\u013c\u013ca ar pump\u012bti 1000 ml"},"content":{"rendered":"","protected":false},"excerpt":{"rendered":"<p data-start=\"71\" data-end=\"241\">Ibero Natural la\u0161a e\u013c\u013ca ir augstas kvalit\u0101tes e\u013c\u013ca, kas ieg\u016bta ar aukst\u0101s spie\u0161anas metodi no svaigi nozvejota la\u0161a. Bag\u0101ta ar Omega-3 tauksk\u0101b\u0113m. La\u0161a e\u013c\u013ca ir ieteicama:<\/p>\n<ul data-start=\"243\" data-end=\"637\">\n<li data-start=\"243\" data-end=\"489\">\n<p data-start=\"245\" data-end=\"489\">Apmatojuma un \u0101das vesel\u012bbas atbalstam (\u0101das izsitumi, bl\u0101vs apmatojums, pastiprin\u0101ta spalvu me\u0161ana). \u012apa\u0161i labi nov\u0113rojams, piem\u0113ram, v\u0101cu aitu su\u0146iem, kuriem la\u0161a e\u013c\u013cas lieto\u0161ana pal\u012bdz saglab\u0101t sarkan\u012bgu, sp\u012bd\u012bgu apmatojuma toni bl\u0101v\u0101 viet\u0101.<\/p>\n<\/li>\n<li data-start=\"490\" data-end=\"538\">\n<p data-start=\"492\" data-end=\"538\">Sirds un asinsvadu sist\u0113mas optim\u0101lai darb\u012bbai<\/p>\n<\/li>\n<li data-start=\"539\" data-end=\"605\">\n<p data-start=\"541\" data-end=\"605\">Loc\u012btavu probl\u0113mu gad\u012bjum\u0101, pateicoties pretiekaisuma iedarb\u012bbai<\/p>\n<\/li>\n<li data-start=\"606\" data-end=\"637\">\n<p data-start=\"608\" data-end=\"637\">K\u0101 uztura bag\u0101tin\u0101t\u0101js su\u0146iem<\/p>\n<\/li>\n<\/ul>\n<p data-start=\"639\" data-end=\"666\"><strong data-start=\"639\" data-end=\"651\">Sast\u0101vs:<\/strong> 100% la\u0161a e\u013c\u013ca<\/p>\n<p data-start=\"668\" data-end=\"768\"><strong data-start=\"668\" data-end=\"694\">Ieteicam\u0101 dienas deva:<\/strong> La\u0161a e\u013c\u013cu var dot atsevi\u0161\u0137i vai sajauktu ar m\u0101jdz\u012bvnieka ikdienas bar\u012bbu.<\/p>\n<p data-start=\"770\" data-end=\"879\"><strong data-start=\"770\" data-end=\"780\">Devas:<\/strong> 1 pump\u012b\u0161a spiediens = 1,5 ml<br data-start=\"809\" data-end=\"812\" \/>Su\u0146iem \u2013 uz katriem 3 kg \u0137erme\u0146a svara 1,5 ml (1 pump\u012b\u0161a spiediens)<\/p>\n<p data-start=\"881\" data-end=\"1059\"><strong data-start=\"881\" data-end=\"897\">Uzglab\u0101\u0161ana:<\/strong> P\u0113c atv\u0113r\u0161anas uzglab\u0101t ledusskap\u012b vai istabas temperat\u016br\u0101. Glab\u0101t saus\u0101 viet\u0101. Netur\u0113t tie\u0161os saules staros. Glab\u0101t b\u0113rniem nepieejam\u0101 viet\u0101. Tikai dz\u012bvniekiem.<\/p>\n<p data-start=\"1061\" data-end=\"1143\" data-is-last-node=\"\" data-is-only-node=\"\"><strong data-start=\"1061\" data-end=\"1095\">Ieteicams l\u012bdz \/ partijas Nr.:<\/strong> skat\u012bt uz iepakojuma<br data-start=\"1116\" data-end=\"1119\" \/><strong data-start=\"1119\" data-end=\"1140\">Izcelsmes valsts:<\/strong> ES<\/p>\n","protected":false},"featured_media":48538,"template":"","meta":[],"product_brand":[],"product_cat":[573,870],"product_tag":[],"class_list":{"0":"post-48539","1":"product","2":"type-product","3":"status-publish","4":"has-post-thumbnail","6":"product_cat-kaup24-lv","7":"product_cat-uztura-bagatinataji-suniem","9":"first","10":"instock","11":"sale","12":"taxable","13":"shipping-taxable","14":"purchasable","15":"product-type-simple"},"yoast_head":"<!-- This site is optimized with the Yoast SEO plugin v27.4 - https:\/\/yoast.com\/product\/yoast-seo-wordpress\/ -->\n<title>Ibero la\u0161a e\u013c\u013ca ar pump\u012bti 1000 ml - MiuMjau<\/title>\n<meta name=\"robots\" content=\"index, follow, max-snippet:-1, max-image-preview:large, max-video-preview:-1\" \/>\n<link rel=\"canonical\" href=\"https:\/\/miumjau.ee\/produkts\/ibero-loheoli-koos-pumbaga-1000ml\/\" \/>\n<meta property=\"og:locale\" content=\"lv_LV\" \/>\n<meta property=\"og:type\" content=\"article\" \/>\n<meta property=\"og:title\" content=\"Ibero la\u0161a e\u013c\u013ca ar pump\u012bti 1000 ml - MiuMjau\" \/>\n<meta property=\"og:description\" content=\"Ibero Natural la\u0161a e\u013c\u013ca ir augstas kvalit\u0101tes e\u013c\u013ca, kas ieg\u016bta ar aukst\u0101s spie\u0161anas metodi no svaigi nozvejota la\u0161a. Bag\u0101ta ar Omega-3 tauksk\u0101b\u0113m. La\u0161a e\u013c\u013ca ir ieteicama:     Apmatojuma un \u0101das vesel\u012bbas atbalstam (\u0101das izsitumi, bl\u0101vs apmatojums, pastiprin\u0101ta spalvu me\u0161ana). \u012apa\u0161i labi nov\u0113rojams, piem\u0113ram, v\u0101cu aitu su\u0146iem, kuriem la\u0161a e\u013c\u013cas lieto\u0161ana pal\u012bdz saglab\u0101t sarkan\u012bgu, sp\u012bd\u012bgu apmatojuma toni bl\u0101v\u0101 viet\u0101.    Sirds un asinsvadu sist\u0113mas optim\u0101lai darb\u012bbai    Loc\u012btavu probl\u0113mu gad\u012bjum\u0101, pateicoties pretiekaisuma iedarb\u012bbai    K\u0101 uztura bag\u0101tin\u0101t\u0101js su\u0146iem   Sast\u0101vs: 100% la\u0161a e\u013c\u013ca Ieteicam\u0101 dienas deva: La\u0161a e\u013c\u013cu var dot atsevi\u0161\u0137i vai sajauktu ar m\u0101jdz\u012bvnieka ikdienas bar\u012bbu. Devas: 1 pump\u012b\u0161a spiediens = 1,5 mlSu\u0146iem \u2013 uz katriem 3 kg \u0137erme\u0146a svara 1,5 ml (1 pump\u012b\u0161a spiediens) Uzglab\u0101\u0161ana: P\u0113c atv\u0113r\u0161anas uzglab\u0101t ledusskap\u012b vai istabas temperat\u016br\u0101. Glab\u0101t saus\u0101 viet\u0101. Netur\u0113t tie\u0161os saules staros. Glab\u0101t b\u0113rniem nepieejam\u0101 viet\u0101. Tikai dz\u012bvniekiem. Ieteicams l\u012bdz \/ partijas Nr.: skat\u012bt uz iepakojumaIzcelsmes valsts: ES\" \/>\n<meta property=\"og:url\" content=\"https:\/\/miumjau.ee\/produkts\/ibero-loheoli-koos-pumbaga-1000ml\/\" \/>\n<meta property=\"og:site_name\" content=\"MiuMjau\" \/>\n<meta property=\"article:publisher\" content=\"https:\/\/www.facebook.com\/miumjaupood\/\" \/>\n<meta property=\"article:modified_time\" content=\"2026-01-07T19:18:31+00:00\" \/>\n<meta property=\"og:image\" content=\"https:\/\/miumjau.ee\/wp-content\/uploads\/2025\/07\/ibero-loheoli.jpg\" \/>\n\t<meta property=\"og:image:width\" content=\"600\" \/>\n\t<meta property=\"og:image:height\" content=\"800\" \/>\n\t<meta property=\"og:image:type\" content=\"image\/jpeg\" \/>\n<meta name=\"twitter:card\" content=\"summary_large_image\" \/>\n<script type=\"application\/ld+json\" class=\"yoast-schema-graph\">{\"@context\":\"https:\\\/\\\/schema.org\",\"@graph\":[{\"@type\":\"WebPage\",\"@id\":\"https:\\\/\\\/miumjau.ee\\\/produkts\\\/ibero-loheoli-koos-pumbaga-1000ml\\\/\",\"url\":\"https:\\\/\\\/miumjau.ee\\\/produkts\\\/ibero-loheoli-koos-pumbaga-1000ml\\\/\",\"name\":\"Ibero la\u0161a e\u013c\u013ca ar pump\u012bti 1000 ml - MiuMjau\",\"isPartOf\":{\"@id\":\"https:\\\/\\\/miumjau.ee\\\/#website\"},\"primaryImageOfPage\":{\"@id\":\"https:\\\/\\\/miumjau.ee\\\/produkts\\\/ibero-loheoli-koos-pumbaga-1000ml\\\/#primaryimage\"},\"image\":{\"@id\":\"https:\\\/\\\/miumjau.ee\\\/produkts\\\/ibero-loheoli-koos-pumbaga-1000ml\\\/#primaryimage\"},\"thumbnailUrl\":\"https:\\\/\\\/miumjau.ee\\\/wp-content\\\/uploads\\\/2025\\\/07\\\/ibero-loheoli.jpg\",\"datePublished\":\"2025-07-22T17:27:47+00:00\",\"dateModified\":\"2026-01-07T19:18:31+00:00\",\"breadcrumb\":{\"@id\":\"https:\\\/\\\/miumjau.ee\\\/produkts\\\/ibero-loheoli-koos-pumbaga-1000ml\\\/#breadcrumb\"},\"inLanguage\":\"lv-LV\",\"potentialAction\":[{\"@type\":\"ReadAction\",\"target\":[\"https:\\\/\\\/miumjau.ee\\\/produkts\\\/ibero-loheoli-koos-pumbaga-1000ml\\\/\"]}]},{\"@type\":\"ImageObject\",\"inLanguage\":\"lv-LV\",\"@id\":\"https:\\\/\\\/miumjau.ee\\\/produkts\\\/ibero-loheoli-koos-pumbaga-1000ml\\\/#primaryimage\",\"url\":\"https:\\\/\\\/miumjau.ee\\\/wp-content\\\/uploads\\\/2025\\\/07\\\/ibero-loheoli.jpg\",\"contentUrl\":\"https:\\\/\\\/miumjau.ee\\\/wp-content\\\/uploads\\\/2025\\\/07\\\/ibero-loheoli.jpg\",\"width\":600,\"height\":800},{\"@type\":\"BreadcrumbList\",\"@id\":\"https:\\\/\\\/miumjau.ee\\\/produkts\\\/ibero-loheoli-koos-pumbaga-1000ml\\\/#breadcrumb\",\"itemListElement\":[{\"@type\":\"ListItem\",\"position\":1,\"name\":\"Home\",\"item\":\"https:\\\/\\\/miumjau.ee\\\/lv\\\/\"},{\"@type\":\"ListItem\",\"position\":2,\"name\":\"Veikals\",\"item\":\"https:\\\/\\\/miumjau.ee\\\/lv\\\/veikals\\\/\"},{\"@type\":\"ListItem\",\"position\":3,\"name\":\"Ibero la\u0161a e\u013c\u013ca ar pump\u012bti 1000 ml\"}]},{\"@type\":\"WebSite\",\"@id\":\"https:\\\/\\\/miumjau.ee\\\/#website\",\"url\":\"https:\\\/\\\/miumjau.ee\\\/\",\"name\":\"MiuMjau\",\"description\":\"Kraapimispuud kassidele\",\"publisher\":{\"@id\":\"https:\\\/\\\/miumjau.ee\\\/#organization\"},\"potentialAction\":[{\"@type\":\"SearchAction\",\"target\":{\"@type\":\"EntryPoint\",\"urlTemplate\":\"https:\\\/\\\/miumjau.ee\\\/?s={search_term_string}\"},\"query-input\":{\"@type\":\"PropertyValueSpecification\",\"valueRequired\":true,\"valueName\":\"search_term_string\"}}],\"inLanguage\":\"lv-LV\"},{\"@type\":\"Organization\",\"@id\":\"https:\\\/\\\/miumjau.ee\\\/#organization\",\"name\":\"MiuMjau O\u00dc\",\"url\":\"https:\\\/\\\/miumjau.ee\\\/\",\"logo\":{\"@type\":\"ImageObject\",\"inLanguage\":\"lv-LV\",\"@id\":\"https:\\\/\\\/miumjau.ee\\\/#\\\/schema\\\/logo\\\/image\\\/\",\"url\":\"https:\\\/\\\/miumjau.ee\\\/wp-content\\\/uploads\\\/2022\\\/04\\\/MiuMjau-logo-kollane.png\",\"contentUrl\":\"https:\\\/\\\/miumjau.ee\\\/wp-content\\\/uploads\\\/2022\\\/04\\\/MiuMjau-logo-kollane.png\",\"width\":219,\"height\":100,\"caption\":\"MiuMjau O\u00dc\"},\"image\":{\"@id\":\"https:\\\/\\\/miumjau.ee\\\/#\\\/schema\\\/logo\\\/image\\\/\"},\"sameAs\":[\"https:\\\/\\\/www.facebook.com\\\/miumjaupood\\\/\"]}]}<\/script>\n<!-- \/ Yoast SEO plugin. -->","yoast_head_json":{"title":"Ibero la\u0161a e\u013c\u013ca ar pump\u012bti 1000 ml - MiuMjau","robots":{"index":"index","follow":"follow","max-snippet":"max-snippet:-1","max-image-preview":"max-image-preview:large","max-video-preview":"max-video-preview:-1"},"canonical":"https:\/\/miumjau.ee\/produkts\/ibero-loheoli-koos-pumbaga-1000ml\/","og_locale":"lv_LV","og_type":"article","og_title":"Ibero la\u0161a e\u013c\u013ca ar pump\u012bti 1000 ml - MiuMjau","og_description":"Ibero Natural la\u0161a e\u013c\u013ca ir augstas kvalit\u0101tes e\u013c\u013ca, kas ieg\u016bta ar aukst\u0101s spie\u0161anas metodi no svaigi nozvejota la\u0161a. Bag\u0101ta ar Omega-3 tauksk\u0101b\u0113m. La\u0161a e\u013c\u013ca ir ieteicama:     Apmatojuma un \u0101das vesel\u012bbas atbalstam (\u0101das izsitumi, bl\u0101vs apmatojums, pastiprin\u0101ta spalvu me\u0161ana). \u012apa\u0161i labi nov\u0113rojams, piem\u0113ram, v\u0101cu aitu su\u0146iem, kuriem la\u0161a e\u013c\u013cas lieto\u0161ana pal\u012bdz saglab\u0101t sarkan\u012bgu, sp\u012bd\u012bgu apmatojuma toni bl\u0101v\u0101 viet\u0101.    Sirds un asinsvadu sist\u0113mas optim\u0101lai darb\u012bbai    Loc\u012btavu probl\u0113mu gad\u012bjum\u0101, pateicoties pretiekaisuma iedarb\u012bbai    K\u0101 uztura bag\u0101tin\u0101t\u0101js su\u0146iem   Sast\u0101vs: 100% la\u0161a e\u013c\u013ca Ieteicam\u0101 dienas deva: La\u0161a e\u013c\u013cu var dot atsevi\u0161\u0137i vai sajauktu ar m\u0101jdz\u012bvnieka ikdienas bar\u012bbu. Devas: 1 pump\u012b\u0161a spiediens = 1,5 mlSu\u0146iem \u2013 uz katriem 3 kg \u0137erme\u0146a svara 1,5 ml (1 pump\u012b\u0161a spiediens) Uzglab\u0101\u0161ana: P\u0113c atv\u0113r\u0161anas uzglab\u0101t ledusskap\u012b vai istabas temperat\u016br\u0101. Glab\u0101t saus\u0101 viet\u0101. Netur\u0113t tie\u0161os saules staros. Glab\u0101t b\u0113rniem nepieejam\u0101 viet\u0101. Tikai dz\u012bvniekiem. Ieteicams l\u012bdz \/ partijas Nr.: skat\u012bt uz iepakojumaIzcelsmes valsts: ES","og_url":"https:\/\/miumjau.ee\/produkts\/ibero-loheoli-koos-pumbaga-1000ml\/","og_site_name":"MiuMjau","article_publisher":"https:\/\/www.facebook.com\/miumjaupood\/","article_modified_time":"2026-01-07T19:18:31+00:00","og_image":[{"width":600,"height":800,"url":"https:\/\/miumjau.ee\/wp-content\/uploads\/2025\/07\/ibero-loheoli.jpg","type":"image\/jpeg"}],"twitter_card":"summary_large_image","schema":{"@context":"https:\/\/schema.org","@graph":[{"@type":"WebPage","@id":"https:\/\/miumjau.ee\/produkts\/ibero-loheoli-koos-pumbaga-1000ml\/","url":"https:\/\/miumjau.ee\/produkts\/ibero-loheoli-koos-pumbaga-1000ml\/","name":"Ibero la\u0161a e\u013c\u013ca ar pump\u012bti 1000 ml - MiuMjau","isPartOf":{"@id":"https:\/\/miumjau.ee\/#website"},"primaryImageOfPage":{"@id":"https:\/\/miumjau.ee\/produkts\/ibero-loheoli-koos-pumbaga-1000ml\/#primaryimage"},"image":{"@id":"https:\/\/miumjau.ee\/produkts\/ibero-loheoli-koos-pumbaga-1000ml\/#primaryimage"},"thumbnailUrl":"https:\/\/miumjau.ee\/wp-content\/uploads\/2025\/07\/ibero-loheoli.jpg","datePublished":"2025-07-22T17:27:47+00:00","dateModified":"2026-01-07T19:18:31+00:00","breadcrumb":{"@id":"https:\/\/miumjau.ee\/produkts\/ibero-loheoli-koos-pumbaga-1000ml\/#breadcrumb"},"inLanguage":"lv-LV","potentialAction":[{"@type":"ReadAction","target":["https:\/\/miumjau.ee\/produkts\/ibero-loheoli-koos-pumbaga-1000ml\/"]}]},{"@type":"ImageObject","inLanguage":"lv-LV","@id":"https:\/\/miumjau.ee\/produkts\/ibero-loheoli-koos-pumbaga-1000ml\/#primaryimage","url":"https:\/\/miumjau.ee\/wp-content\/uploads\/2025\/07\/ibero-loheoli.jpg","contentUrl":"https:\/\/miumjau.ee\/wp-content\/uploads\/2025\/07\/ibero-loheoli.jpg","width":600,"height":800},{"@type":"BreadcrumbList","@id":"https:\/\/miumjau.ee\/produkts\/ibero-loheoli-koos-pumbaga-1000ml\/#breadcrumb","itemListElement":[{"@type":"ListItem","position":1,"name":"Home","item":"https:\/\/miumjau.ee\/lv\/"},{"@type":"ListItem","position":2,"name":"Veikals","item":"https:\/\/miumjau.ee\/lv\/veikals\/"},{"@type":"ListItem","position":3,"name":"Ibero la\u0161a e\u013c\u013ca ar pump\u012bti 1000 ml"}]},{"@type":"WebSite","@id":"https:\/\/miumjau.ee\/#website","url":"https:\/\/miumjau.ee\/","name":"MiuMjau","description":"Kraapimispuud kassidele","publisher":{"@id":"https:\/\/miumjau.ee\/#organization"},"potentialAction":[{"@type":"SearchAction","target":{"@type":"EntryPoint","urlTemplate":"https:\/\/miumjau.ee\/?s={search_term_string}"},"query-input":{"@type":"PropertyValueSpecification","valueRequired":true,"valueName":"search_term_string"}}],"inLanguage":"lv-LV"},{"@type":"Organization","@id":"https:\/\/miumjau.ee\/#organization","name":"MiuMjau O\u00dc","url":"https:\/\/miumjau.ee\/","logo":{"@type":"ImageObject","inLanguage":"lv-LV","@id":"https:\/\/miumjau.ee\/#\/schema\/logo\/image\/","url":"https:\/\/miumjau.ee\/wp-content\/uploads\/2022\/04\/MiuMjau-logo-kollane.png","contentUrl":"https:\/\/miumjau.ee\/wp-content\/uploads\/2022\/04\/MiuMjau-logo-kollane.png","width":219,"height":100,"caption":"MiuMjau O\u00dc"},"image":{"@id":"https:\/\/miumjau.ee\/#\/schema\/logo\/image\/"},"sameAs":["https:\/\/www.facebook.com\/miumjaupood\/"]}]}},"_links":{"self":[{"href":"https:\/\/miumjau.ee\/lv\/wp-json\/wp\/v2\/product\/48539","targetHints":{"allow":["GET"]}}],"collection":[{"href":"https:\/\/miumjau.ee\/lv\/wp-json\/wp\/v2\/product"}],"about":[{"href":"https:\/\/miumjau.ee\/lv\/wp-json\/wp\/v2\/types\/product"}],"wp:featuredmedia":[{"embeddable":true,"href":"https:\/\/miumjau.ee\/lv\/wp-json\/wp\/v2\/media\/48538"}],"wp:attachment":[{"href":"https:\/\/miumjau.ee\/lv\/wp-json\/wp\/v2\/media?parent=48539"}],"wp:term":[{"taxonomy":"product_brand","embeddable":true,"href":"https:\/\/miumjau.ee\/lv\/wp-json\/wp\/v2\/product_brand?post=48539"},{"taxonomy":"product_cat","embeddable":true,"href":"https:\/\/miumjau.ee\/lv\/wp-json\/wp\/v2\/product_cat?post=48539"},{"taxonomy":"product_tag","embeddable":true,"href":"https:\/\/miumjau.ee\/lv\/wp-json\/wp\/v2\/product_tag?post=48539"}],"curies":[{"name":"wp","href":"https:\/\/api.w.org\/{rel}","templated":true}]}}