{"id":48532,"date":"2025-05-16T00:01:06","date_gmt":"2025-05-15T21:01:06","guid":{"rendered":"https:\/\/miumjau.ee\/toode\/frigera-pusmitri-un-galas-bagati-naski-ar-jera-galu-165-g\/"},"modified":"2026-01-07T21:18:38","modified_gmt":"2026-01-07T19:18:38","slug":"frigera-pusmitri-un-galas-bagati-naski-ar-jera-galu-165-g","status":"publish","type":"product","link":"https:\/\/miumjau.ee\/lv\/produkts\/frigera-pusmitri-un-galas-bagati-naski-ar-jera-galu-165-g\/","title":{"rendered":"Frigera pusmitri un ga\u013cas bag\u0101ti na\u0161\u0137i ar j\u0113ra ga\u013cu, 165 g"},"content":{"rendered":"","protected":false},"excerpt":{"rendered":"<p data-start=\"2107\" data-end=\"2404\">Frigera pusmitro na\u0161\u0137u s\u0113rijas augst\u0101k\u0101s kvalit\u0101tes produkti! Bez glut\u0113na un ar \u013coti augstu ga\u013cas saturu \u2013 85%! Pat visj\u016bt\u012bg\u0101kie su\u0146i nevar\u0113s tiem pretoties. Gatavots tikai no lab\u0101kaj\u0101m pieejamaj\u0101m sast\u0101vda\u013c\u0101m, bez konservantiem un m\u0101ksl\u012bgaj\u0101m kr\u0101sviel\u0101m \u2013 viens no vesel\u012bg\u0101kajiem na\u0161\u0137iem tirg\u016b.<\/p>\n<p data-start=\"2406\" data-end=\"2493\">T\u0101pat k\u0101 visi citi Frigera m\u012bkstie na\u0161\u0137i, tie ir \u0113rt\u0101 izm\u0113r\u0101 un praktisk\u0101 iepakojum\u0101.<\/p>\n<p data-start=\"2495\" data-end=\"2655\"><strong data-start=\"2495\" data-end=\"2507\">Sast\u0101vs:<\/strong> Ga\u013ca un dz\u012bvnieku izcelsmes produkti (85% ga\u013cas saturs, ieskaitot 9,5% j\u0113ra ga\u013cas miltus), augu izcelsmes produkti, e\u013c\u013cas un tauki, miner\u0101lvielas<\/p>\n<p data-start=\"2657\" data-end=\"2756\"><strong data-start=\"2657\" data-end=\"2682\">Anal\u012btiskais sast\u0101vs:<\/strong> Prote\u012bns 48,8 %, Tauki 9,6 %, Pelni 0,84 %, \u0160\u0137iedra 1,6 %, Mitrums 21 %<\/p>\n<p data-start=\"2758\" data-end=\"2946\">Pied\u0101v\u0101jiet Frigera na\u0161\u0137us k\u0101 uzkodu vai balvu starp \u0113dienreiz\u0113m k\u0101 sabalans\u0113ta uztura da\u013cu. Vienm\u0113r uzraugiet su\u0146a baro\u0161anu un nodro\u0161iniet svaigu dzeramo \u016bdeni. Nav paredz\u0113ts cilv\u0113kiem.<\/p>\n","protected":false},"featured_media":47863,"template":"","meta":[],"product_brand":[],"product_cat":[576,573],"product_tag":[],"class_list":{"0":"post-48532","1":"product","2":"type-product","3":"status-publish","4":"has-post-thumbnail","6":"product_cat-naski-suniem","7":"product_cat-kaup24-lv","9":"first","10":"instock","11":"sale","12":"taxable","13":"shipping-taxable","14":"purchasable","15":"product-type-simple"},"yoast_head":"<!-- This site is optimized with the Yoast SEO plugin v27.2 - https:\/\/yoast.com\/product\/yoast-seo-wordpress\/ -->\n<title>Frigera pusmitri un ga\u013cas bag\u0101ti na\u0161\u0137i ar j\u0113ra ga\u013cu, 165 g - MiuMjau<\/title>\n<meta name=\"robots\" content=\"index, follow, max-snippet:-1, max-image-preview:large, max-video-preview:-1\" \/>\n<link rel=\"canonical\" href=\"https:\/\/miumjau.ee\/lv\/produkts\/frigera-pusmitri-un-galas-bagati-naski-ar-jera-galu-165-g\/\" \/>\n<meta property=\"og:locale\" content=\"lv_LV\" \/>\n<meta property=\"og:type\" content=\"article\" \/>\n<meta property=\"og:title\" content=\"Frigera pusmitri un ga\u013cas bag\u0101ti na\u0161\u0137i ar j\u0113ra ga\u013cu, 165 g - MiuMjau\" \/>\n<meta property=\"og:description\" content=\"Frigera pusmitro na\u0161\u0137u s\u0113rijas augst\u0101k\u0101s kvalit\u0101tes produkti! Bez glut\u0113na un ar \u013coti augstu ga\u013cas saturu \u2013 85%! Pat visj\u016bt\u012bg\u0101kie su\u0146i nevar\u0113s tiem pretoties. Gatavots tikai no lab\u0101kaj\u0101m pieejamaj\u0101m sast\u0101vda\u013c\u0101m, bez konservantiem un m\u0101ksl\u012bgaj\u0101m kr\u0101sviel\u0101m \u2013 viens no vesel\u012bg\u0101kajiem na\u0161\u0137iem tirg\u016b. T\u0101pat k\u0101 visi citi Frigera m\u012bkstie na\u0161\u0137i, tie ir \u0113rt\u0101 izm\u0113r\u0101 un praktisk\u0101 iepakojum\u0101. Sast\u0101vs: Ga\u013ca un dz\u012bvnieku izcelsmes produkti (85% ga\u013cas saturs, ieskaitot 9,5% j\u0113ra ga\u013cas miltus), augu izcelsmes produkti, e\u013c\u013cas un tauki, miner\u0101lvielas Anal\u012btiskais sast\u0101vs: Prote\u012bns 48,8 %, Tauki 9,6 %, Pelni 0,84 %, \u0160\u0137iedra 1,6 %, Mitrums 21 % Pied\u0101v\u0101jiet Frigera na\u0161\u0137us k\u0101 uzkodu vai balvu starp \u0113dienreiz\u0113m k\u0101 sabalans\u0113ta uztura da\u013cu. Vienm\u0113r uzraugiet su\u0146a baro\u0161anu un nodro\u0161iniet svaigu dzeramo \u016bdeni. Nav paredz\u0113ts cilv\u0113kiem.\" \/>\n<meta property=\"og:url\" content=\"https:\/\/miumjau.ee\/lv\/produkts\/frigera-pusmitri-un-galas-bagati-naski-ar-jera-galu-165-g\/\" \/>\n<meta property=\"og:site_name\" content=\"MiuMjau\" \/>\n<meta property=\"article:publisher\" content=\"https:\/\/www.facebook.com\/miumjaupood\/\" \/>\n<meta property=\"article:modified_time\" content=\"2026-01-07T19:18:38+00:00\" \/>\n<meta property=\"og:image\" content=\"https:\/\/miumjau.ee\/wp-content\/uploads\/2025\/05\/frigera-poolniisked-pehmed-maiused-gluteenivaba-korge-lihasisaldusega-lammas-165g-1-Photoroom.jpg\" \/>\n\t<meta property=\"og:image:width\" content=\"600\" \/>\n\t<meta property=\"og:image:height\" content=\"800\" \/>\n\t<meta property=\"og:image:type\" content=\"image\/jpeg\" \/>\n<meta name=\"twitter:card\" content=\"summary_large_image\" \/>\n<script type=\"application\/ld+json\" class=\"yoast-schema-graph\">{\"@context\":\"https:\/\/schema.org\",\"@graph\":[{\"@type\":\"WebPage\",\"@id\":\"https:\/\/miumjau.ee\/lv\/produkts\/frigera-pusmitri-un-galas-bagati-naski-ar-jera-galu-165-g\/\",\"url\":\"https:\/\/miumjau.ee\/lv\/produkts\/frigera-pusmitri-un-galas-bagati-naski-ar-jera-galu-165-g\/\",\"name\":\"Frigera pusmitri un ga\u013cas bag\u0101ti na\u0161\u0137i ar j\u0113ra ga\u013cu, 165 g - MiuMjau\",\"isPartOf\":{\"@id\":\"https:\/\/miumjau.ee\/#website\"},\"primaryImageOfPage\":{\"@id\":\"https:\/\/miumjau.ee\/lv\/produkts\/frigera-pusmitri-un-galas-bagati-naski-ar-jera-galu-165-g\/#primaryimage\"},\"image\":{\"@id\":\"https:\/\/miumjau.ee\/lv\/produkts\/frigera-pusmitri-un-galas-bagati-naski-ar-jera-galu-165-g\/#primaryimage\"},\"thumbnailUrl\":\"https:\/\/miumjau.ee\/wp-content\/uploads\/2025\/05\/frigera-poolniisked-pehmed-maiused-gluteenivaba-korge-lihasisaldusega-lammas-165g-1-Photoroom.jpg\",\"datePublished\":\"2025-05-15T21:01:06+00:00\",\"dateModified\":\"2026-01-07T19:18:38+00:00\",\"breadcrumb\":{\"@id\":\"https:\/\/miumjau.ee\/lv\/produkts\/frigera-pusmitri-un-galas-bagati-naski-ar-jera-galu-165-g\/#breadcrumb\"},\"inLanguage\":\"lv-LV\",\"potentialAction\":[{\"@type\":\"ReadAction\",\"target\":[\"https:\/\/miumjau.ee\/lv\/produkts\/frigera-pusmitri-un-galas-bagati-naski-ar-jera-galu-165-g\/\"]}]},{\"@type\":\"ImageObject\",\"inLanguage\":\"lv-LV\",\"@id\":\"https:\/\/miumjau.ee\/lv\/produkts\/frigera-pusmitri-un-galas-bagati-naski-ar-jera-galu-165-g\/#primaryimage\",\"url\":\"https:\/\/miumjau.ee\/wp-content\/uploads\/2025\/05\/frigera-poolniisked-pehmed-maiused-gluteenivaba-korge-lihasisaldusega-lammas-165g-1-Photoroom.jpg\",\"contentUrl\":\"https:\/\/miumjau.ee\/wp-content\/uploads\/2025\/05\/frigera-poolniisked-pehmed-maiused-gluteenivaba-korge-lihasisaldusega-lammas-165g-1-Photoroom.jpg\",\"width\":600,\"height\":800,\"caption\":\"Frigera poolniisked ja liharohked maiused lambaga 165 g\"},{\"@type\":\"BreadcrumbList\",\"@id\":\"https:\/\/miumjau.ee\/lv\/produkts\/frigera-pusmitri-un-galas-bagati-naski-ar-jera-galu-165-g\/#breadcrumb\",\"itemListElement\":[{\"@type\":\"ListItem\",\"position\":1,\"name\":\"Home\",\"item\":\"https:\/\/miumjau.ee\/lv\/\"},{\"@type\":\"ListItem\",\"position\":2,\"name\":\"Veikals\",\"item\":\"https:\/\/miumjau.ee\/lv\/veikals\/\"},{\"@type\":\"ListItem\",\"position\":3,\"name\":\"Frigera pusmitri un ga\u013cas bag\u0101ti na\u0161\u0137i ar j\u0113ra ga\u013cu, 165 g\"}]},{\"@type\":\"WebSite\",\"@id\":\"https:\/\/miumjau.ee\/#website\",\"url\":\"https:\/\/miumjau.ee\/\",\"name\":\"MiuMjau\",\"description\":\"Kraapimispuud kassidele\",\"publisher\":{\"@id\":\"https:\/\/miumjau.ee\/#organization\"},\"potentialAction\":[{\"@type\":\"SearchAction\",\"target\":{\"@type\":\"EntryPoint\",\"urlTemplate\":\"https:\/\/miumjau.ee\/?s={search_term_string}\"},\"query-input\":{\"@type\":\"PropertyValueSpecification\",\"valueRequired\":true,\"valueName\":\"search_term_string\"}}],\"inLanguage\":\"lv-LV\"},{\"@type\":\"Organization\",\"@id\":\"https:\/\/miumjau.ee\/#organization\",\"name\":\"MiuMjau O\u00dc\",\"url\":\"https:\/\/miumjau.ee\/\",\"logo\":{\"@type\":\"ImageObject\",\"inLanguage\":\"lv-LV\",\"@id\":\"https:\/\/miumjau.ee\/#\/schema\/logo\/image\/\",\"url\":\"https:\/\/miumjau.ee\/wp-content\/uploads\/2022\/04\/MiuMjau-logo-kollane.png\",\"contentUrl\":\"https:\/\/miumjau.ee\/wp-content\/uploads\/2022\/04\/MiuMjau-logo-kollane.png\",\"width\":219,\"height\":100,\"caption\":\"MiuMjau O\u00dc\"},\"image\":{\"@id\":\"https:\/\/miumjau.ee\/#\/schema\/logo\/image\/\"},\"sameAs\":[\"https:\/\/www.facebook.com\/miumjaupood\/\"]}]}<\/script>\n<!-- \/ Yoast SEO plugin. -->","yoast_head_json":{"title":"Frigera pusmitri un ga\u013cas bag\u0101ti na\u0161\u0137i ar j\u0113ra ga\u013cu, 165 g - MiuMjau","robots":{"index":"index","follow":"follow","max-snippet":"max-snippet:-1","max-image-preview":"max-image-preview:large","max-video-preview":"max-video-preview:-1"},"canonical":"https:\/\/miumjau.ee\/lv\/produkts\/frigera-pusmitri-un-galas-bagati-naski-ar-jera-galu-165-g\/","og_locale":"lv_LV","og_type":"article","og_title":"Frigera pusmitri un ga\u013cas bag\u0101ti na\u0161\u0137i ar j\u0113ra ga\u013cu, 165 g - MiuMjau","og_description":"Frigera pusmitro na\u0161\u0137u s\u0113rijas augst\u0101k\u0101s kvalit\u0101tes produkti! Bez glut\u0113na un ar \u013coti augstu ga\u013cas saturu \u2013 85%! Pat visj\u016bt\u012bg\u0101kie su\u0146i nevar\u0113s tiem pretoties. Gatavots tikai no lab\u0101kaj\u0101m pieejamaj\u0101m sast\u0101vda\u013c\u0101m, bez konservantiem un m\u0101ksl\u012bgaj\u0101m kr\u0101sviel\u0101m \u2013 viens no vesel\u012bg\u0101kajiem na\u0161\u0137iem tirg\u016b. T\u0101pat k\u0101 visi citi Frigera m\u012bkstie na\u0161\u0137i, tie ir \u0113rt\u0101 izm\u0113r\u0101 un praktisk\u0101 iepakojum\u0101. Sast\u0101vs: Ga\u013ca un dz\u012bvnieku izcelsmes produkti (85% ga\u013cas saturs, ieskaitot 9,5% j\u0113ra ga\u013cas miltus), augu izcelsmes produkti, e\u013c\u013cas un tauki, miner\u0101lvielas Anal\u012btiskais sast\u0101vs: Prote\u012bns 48,8 %, Tauki 9,6 %, Pelni 0,84 %, \u0160\u0137iedra 1,6 %, Mitrums 21 % Pied\u0101v\u0101jiet Frigera na\u0161\u0137us k\u0101 uzkodu vai balvu starp \u0113dienreiz\u0113m k\u0101 sabalans\u0113ta uztura da\u013cu. Vienm\u0113r uzraugiet su\u0146a baro\u0161anu un nodro\u0161iniet svaigu dzeramo \u016bdeni. Nav paredz\u0113ts cilv\u0113kiem.","og_url":"https:\/\/miumjau.ee\/lv\/produkts\/frigera-pusmitri-un-galas-bagati-naski-ar-jera-galu-165-g\/","og_site_name":"MiuMjau","article_publisher":"https:\/\/www.facebook.com\/miumjaupood\/","article_modified_time":"2026-01-07T19:18:38+00:00","og_image":[{"width":600,"height":800,"url":"https:\/\/miumjau.ee\/wp-content\/uploads\/2025\/05\/frigera-poolniisked-pehmed-maiused-gluteenivaba-korge-lihasisaldusega-lammas-165g-1-Photoroom.jpg","type":"image\/jpeg"}],"twitter_card":"summary_large_image","schema":{"@context":"https:\/\/schema.org","@graph":[{"@type":"WebPage","@id":"https:\/\/miumjau.ee\/lv\/produkts\/frigera-pusmitri-un-galas-bagati-naski-ar-jera-galu-165-g\/","url":"https:\/\/miumjau.ee\/lv\/produkts\/frigera-pusmitri-un-galas-bagati-naski-ar-jera-galu-165-g\/","name":"Frigera pusmitri un ga\u013cas bag\u0101ti na\u0161\u0137i ar j\u0113ra ga\u013cu, 165 g - MiuMjau","isPartOf":{"@id":"https:\/\/miumjau.ee\/#website"},"primaryImageOfPage":{"@id":"https:\/\/miumjau.ee\/lv\/produkts\/frigera-pusmitri-un-galas-bagati-naski-ar-jera-galu-165-g\/#primaryimage"},"image":{"@id":"https:\/\/miumjau.ee\/lv\/produkts\/frigera-pusmitri-un-galas-bagati-naski-ar-jera-galu-165-g\/#primaryimage"},"thumbnailUrl":"https:\/\/miumjau.ee\/wp-content\/uploads\/2025\/05\/frigera-poolniisked-pehmed-maiused-gluteenivaba-korge-lihasisaldusega-lammas-165g-1-Photoroom.jpg","datePublished":"2025-05-15T21:01:06+00:00","dateModified":"2026-01-07T19:18:38+00:00","breadcrumb":{"@id":"https:\/\/miumjau.ee\/lv\/produkts\/frigera-pusmitri-un-galas-bagati-naski-ar-jera-galu-165-g\/#breadcrumb"},"inLanguage":"lv-LV","potentialAction":[{"@type":"ReadAction","target":["https:\/\/miumjau.ee\/lv\/produkts\/frigera-pusmitri-un-galas-bagati-naski-ar-jera-galu-165-g\/"]}]},{"@type":"ImageObject","inLanguage":"lv-LV","@id":"https:\/\/miumjau.ee\/lv\/produkts\/frigera-pusmitri-un-galas-bagati-naski-ar-jera-galu-165-g\/#primaryimage","url":"https:\/\/miumjau.ee\/wp-content\/uploads\/2025\/05\/frigera-poolniisked-pehmed-maiused-gluteenivaba-korge-lihasisaldusega-lammas-165g-1-Photoroom.jpg","contentUrl":"https:\/\/miumjau.ee\/wp-content\/uploads\/2025\/05\/frigera-poolniisked-pehmed-maiused-gluteenivaba-korge-lihasisaldusega-lammas-165g-1-Photoroom.jpg","width":600,"height":800,"caption":"Frigera poolniisked ja liharohked maiused lambaga 165 g"},{"@type":"BreadcrumbList","@id":"https:\/\/miumjau.ee\/lv\/produkts\/frigera-pusmitri-un-galas-bagati-naski-ar-jera-galu-165-g\/#breadcrumb","itemListElement":[{"@type":"ListItem","position":1,"name":"Home","item":"https:\/\/miumjau.ee\/lv\/"},{"@type":"ListItem","position":2,"name":"Veikals","item":"https:\/\/miumjau.ee\/lv\/veikals\/"},{"@type":"ListItem","position":3,"name":"Frigera pusmitri un ga\u013cas bag\u0101ti na\u0161\u0137i ar j\u0113ra ga\u013cu, 165 g"}]},{"@type":"WebSite","@id":"https:\/\/miumjau.ee\/#website","url":"https:\/\/miumjau.ee\/","name":"MiuMjau","description":"Kraapimispuud kassidele","publisher":{"@id":"https:\/\/miumjau.ee\/#organization"},"potentialAction":[{"@type":"SearchAction","target":{"@type":"EntryPoint","urlTemplate":"https:\/\/miumjau.ee\/?s={search_term_string}"},"query-input":{"@type":"PropertyValueSpecification","valueRequired":true,"valueName":"search_term_string"}}],"inLanguage":"lv-LV"},{"@type":"Organization","@id":"https:\/\/miumjau.ee\/#organization","name":"MiuMjau O\u00dc","url":"https:\/\/miumjau.ee\/","logo":{"@type":"ImageObject","inLanguage":"lv-LV","@id":"https:\/\/miumjau.ee\/#\/schema\/logo\/image\/","url":"https:\/\/miumjau.ee\/wp-content\/uploads\/2022\/04\/MiuMjau-logo-kollane.png","contentUrl":"https:\/\/miumjau.ee\/wp-content\/uploads\/2022\/04\/MiuMjau-logo-kollane.png","width":219,"height":100,"caption":"MiuMjau O\u00dc"},"image":{"@id":"https:\/\/miumjau.ee\/#\/schema\/logo\/image\/"},"sameAs":["https:\/\/www.facebook.com\/miumjaupood\/"]}]}},"_links":{"self":[{"href":"https:\/\/miumjau.ee\/lv\/wp-json\/wp\/v2\/product\/48532","targetHints":{"allow":["GET"]}}],"collection":[{"href":"https:\/\/miumjau.ee\/lv\/wp-json\/wp\/v2\/product"}],"about":[{"href":"https:\/\/miumjau.ee\/lv\/wp-json\/wp\/v2\/types\/product"}],"wp:featuredmedia":[{"embeddable":true,"href":"https:\/\/miumjau.ee\/lv\/wp-json\/wp\/v2\/media\/47863"}],"wp:attachment":[{"href":"https:\/\/miumjau.ee\/lv\/wp-json\/wp\/v2\/media?parent=48532"}],"wp:term":[{"taxonomy":"product_brand","embeddable":true,"href":"https:\/\/miumjau.ee\/lv\/wp-json\/wp\/v2\/product_brand?post=48532"},{"taxonomy":"product_cat","embeddable":true,"href":"https:\/\/miumjau.ee\/lv\/wp-json\/wp\/v2\/product_cat?post=48532"},{"taxonomy":"product_tag","embeddable":true,"href":"https:\/\/miumjau.ee\/lv\/wp-json\/wp\/v2\/product_tag?post=48532"}],"curies":[{"name":"wp","href":"https:\/\/api.w.org\/{rel}","templated":true}]}}