{"id":48519,"date":"2025-05-18T11:35:22","date_gmt":"2025-05-18T08:35:22","guid":{"rendered":"https:\/\/miumjau.ee\/toode\/frigera-sunu-naski-tuncis-250-g\/"},"modified":"2026-01-07T21:18:38","modified_gmt":"2026-01-07T19:18:38","slug":"frigera-sunu-naski-tuncis-250-g","status":"publish","type":"product","link":"https:\/\/miumjau.ee\/lv\/produkts\/frigera-sunu-naski-tuncis-250-g\/","title":{"rendered":"Frigera su\u0146u na\u0161\u0137i, tuncis, 250 g"},"content":{"rendered":"","protected":false},"excerpt":{"rendered":"<p data-start=\"2501\" data-end=\"2660\">FRIGERA su\u0146u na\u0161\u0137i \u2013 tuncis ir daudzveid\u012bgi un vesel\u012bgi, lieliski piem\u0113roti ar\u012b liek\u0101 svara su\u0146iem! Viegls baltais zivs gaum\u0113 satur daudz v\u0113rt\u012bgu uzturvielu.<\/p>\n<p data-start=\"2662\" data-end=\"2898\">\u0160ie na\u0161\u0137i ir bag\u0101ti ar prote\u012bnu un omega-3 tauksk\u0101b\u0113m \u2013 b\u016btiskas tauksk\u0101bes, ko suns pats nera\u017eo un kas j\u0101ieg\u016bst no p\u0101rtikas. Omega-3 veicina spalvas sp\u012bdumu, samazina \u0101das sausumu un niezi, k\u0101 ar\u012b veicina sirds un asinsvadu vesel\u012bbu.<\/p>\n<p data-start=\"2900\" data-end=\"3128\">Maiga \u017e\u0101v\u0113\u0161ana rada krauk\u0161\u0137\u012bgus, viegli lauztus na\u0161\u0137us, kas pal\u012bdz dabiski t\u012br\u012bt zobus ko\u0161\u013c\u0101jot. Praktiskais izm\u0113rs un lauzam\u012bba padara tos ide\u0101li piem\u0113rotus su\u0146iem jebkura izm\u0113ra, k\u0101 ar\u012b lieliski piem\u0113rotus mekl\u0113\u0161anas sp\u0113l\u0113m.<\/p>\n<p data-start=\"3130\" data-end=\"3254\"><strong data-start=\"3130\" data-end=\"3145\">Neto svars:<\/strong> 250 g<br data-start=\"3151\" data-end=\"3154\" \/><strong data-start=\"3154\" data-end=\"3166\">Sast\u0101vs:<\/strong> 100% zivs<br data-start=\"3176\" data-end=\"3179\" \/><strong data-start=\"3179\" data-end=\"3204\">Anal\u012btiskais sast\u0101vs:<\/strong> Prote\u012bns 77,84 %, Tauki 4,12 %, Mitrums 12,44 %<\/p>\n<p data-start=\"3256\" data-end=\"3489\"><strong data-start=\"3256\" data-end=\"3281\">Baro\u0161anas nor\u0101d\u012bjumi:<\/strong> Pied\u0101v\u0101 k\u0101 uzkodu vai balvu k\u0101 sabalans\u0113ta uztura sast\u0101vda\u013cu. Vienm\u0113r uzraugiet su\u0146a baro\u0161anu un nodro\u0161iniet svaigu \u016bdeni. Piem\u0113rots ikdienas lieto\u0161anai, bet tikai uzraudz\u012bb\u0101. Nav piem\u0113rots cilv\u0113ku \u0113\u0161anai.<\/p>\n","protected":false},"featured_media":48517,"template":"","meta":[],"product_brand":[],"product_cat":[573,576],"product_tag":[],"class_list":{"0":"post-48519","1":"product","2":"type-product","3":"status-publish","4":"has-post-thumbnail","6":"product_cat-kaup24-lv","7":"product_cat-naski-suniem","9":"first","10":"instock","11":"taxable","12":"shipping-taxable","13":"purchasable","14":"product-type-simple"},"yoast_head":"<!-- This site is optimized with the Yoast SEO plugin v27.4 - https:\/\/yoast.com\/product\/yoast-seo-wordpress\/ -->\n<title>Frigera su\u0146u na\u0161\u0137i, tuncis, 250 g - MiuMjau<\/title>\n<meta name=\"robots\" content=\"index, follow, max-snippet:-1, max-image-preview:large, max-video-preview:-1\" \/>\n<link rel=\"canonical\" href=\"https:\/\/miumjau.ee\/lv\/produkts\/frigera-sunu-naski-tuncis-250-g\/\" \/>\n<meta property=\"og:locale\" content=\"lv_LV\" \/>\n<meta property=\"og:type\" content=\"article\" \/>\n<meta property=\"og:title\" content=\"Frigera su\u0146u na\u0161\u0137i, tuncis, 250 g - MiuMjau\" \/>\n<meta property=\"og:description\" content=\"FRIGERA su\u0146u na\u0161\u0137i \u2013 tuncis ir daudzveid\u012bgi un vesel\u012bgi, lieliski piem\u0113roti ar\u012b liek\u0101 svara su\u0146iem! Viegls baltais zivs gaum\u0113 satur daudz v\u0113rt\u012bgu uzturvielu. \u0160ie na\u0161\u0137i ir bag\u0101ti ar prote\u012bnu un omega-3 tauksk\u0101b\u0113m \u2013 b\u016btiskas tauksk\u0101bes, ko suns pats nera\u017eo un kas j\u0101ieg\u016bst no p\u0101rtikas. Omega-3 veicina spalvas sp\u012bdumu, samazina \u0101das sausumu un niezi, k\u0101 ar\u012b veicina sirds un asinsvadu vesel\u012bbu. Maiga \u017e\u0101v\u0113\u0161ana rada krauk\u0161\u0137\u012bgus, viegli lauztus na\u0161\u0137us, kas pal\u012bdz dabiski t\u012br\u012bt zobus ko\u0161\u013c\u0101jot. Praktiskais izm\u0113rs un lauzam\u012bba padara tos ide\u0101li piem\u0113rotus su\u0146iem jebkura izm\u0113ra, k\u0101 ar\u012b lieliski piem\u0113rotus mekl\u0113\u0161anas sp\u0113l\u0113m. Neto svars: 250 gSast\u0101vs: 100% zivsAnal\u012btiskais sast\u0101vs: Prote\u012bns 77,84 %, Tauki 4,12 %, Mitrums 12,44 % Baro\u0161anas nor\u0101d\u012bjumi: Pied\u0101v\u0101 k\u0101 uzkodu vai balvu k\u0101 sabalans\u0113ta uztura sast\u0101vda\u013cu. Vienm\u0113r uzraugiet su\u0146a baro\u0161anu un nodro\u0161iniet svaigu \u016bdeni. Piem\u0113rots ikdienas lieto\u0161anai, bet tikai uzraudz\u012bb\u0101. Nav piem\u0113rots cilv\u0113ku \u0113\u0161anai.\" \/>\n<meta property=\"og:url\" content=\"https:\/\/miumjau.ee\/lv\/produkts\/frigera-sunu-naski-tuncis-250-g\/\" \/>\n<meta property=\"og:site_name\" content=\"MiuMjau\" \/>\n<meta property=\"article:publisher\" content=\"https:\/\/www.facebook.com\/miumjaupood\/\" \/>\n<meta property=\"article:modified_time\" content=\"2026-01-07T19:18:38+00:00\" \/>\n<meta property=\"og:image\" content=\"https:\/\/miumjau.ee\/wp-content\/uploads\/2025\/05\/frigera-koerte-maius-tursasnakid-250g-Photoroom.jpg\" \/>\n\t<meta property=\"og:image:width\" content=\"600\" \/>\n\t<meta property=\"og:image:height\" content=\"800\" \/>\n\t<meta property=\"og:image:type\" content=\"image\/jpeg\" \/>\n<meta name=\"twitter:card\" content=\"summary_large_image\" \/>\n<script type=\"application\/ld+json\" class=\"yoast-schema-graph\">{\"@context\":\"https:\\\/\\\/schema.org\",\"@graph\":[{\"@type\":\"WebPage\",\"@id\":\"https:\\\/\\\/miumjau.ee\\\/lv\\\/produkts\\\/frigera-sunu-naski-tuncis-250-g\\\/\",\"url\":\"https:\\\/\\\/miumjau.ee\\\/lv\\\/produkts\\\/frigera-sunu-naski-tuncis-250-g\\\/\",\"name\":\"Frigera su\u0146u na\u0161\u0137i, tuncis, 250 g - MiuMjau\",\"isPartOf\":{\"@id\":\"https:\\\/\\\/miumjau.ee\\\/#website\"},\"primaryImageOfPage\":{\"@id\":\"https:\\\/\\\/miumjau.ee\\\/lv\\\/produkts\\\/frigera-sunu-naski-tuncis-250-g\\\/#primaryimage\"},\"image\":{\"@id\":\"https:\\\/\\\/miumjau.ee\\\/lv\\\/produkts\\\/frigera-sunu-naski-tuncis-250-g\\\/#primaryimage\"},\"thumbnailUrl\":\"https:\\\/\\\/miumjau.ee\\\/wp-content\\\/uploads\\\/2025\\\/05\\\/frigera-koerte-maius-tursasnakid-250g-Photoroom.jpg\",\"datePublished\":\"2025-05-18T08:35:22+00:00\",\"dateModified\":\"2026-01-07T19:18:38+00:00\",\"breadcrumb\":{\"@id\":\"https:\\\/\\\/miumjau.ee\\\/lv\\\/produkts\\\/frigera-sunu-naski-tuncis-250-g\\\/#breadcrumb\"},\"inLanguage\":\"lv-LV\",\"potentialAction\":[{\"@type\":\"ReadAction\",\"target\":[\"https:\\\/\\\/miumjau.ee\\\/lv\\\/produkts\\\/frigera-sunu-naski-tuncis-250-g\\\/\"]}]},{\"@type\":\"ImageObject\",\"inLanguage\":\"lv-LV\",\"@id\":\"https:\\\/\\\/miumjau.ee\\\/lv\\\/produkts\\\/frigera-sunu-naski-tuncis-250-g\\\/#primaryimage\",\"url\":\"https:\\\/\\\/miumjau.ee\\\/wp-content\\\/uploads\\\/2025\\\/05\\\/frigera-koerte-maius-tursasnakid-250g-Photoroom.jpg\",\"contentUrl\":\"https:\\\/\\\/miumjau.ee\\\/wp-content\\\/uploads\\\/2025\\\/05\\\/frigera-koerte-maius-tursasnakid-250g-Photoroom.jpg\",\"width\":600,\"height\":800},{\"@type\":\"BreadcrumbList\",\"@id\":\"https:\\\/\\\/miumjau.ee\\\/lv\\\/produkts\\\/frigera-sunu-naski-tuncis-250-g\\\/#breadcrumb\",\"itemListElement\":[{\"@type\":\"ListItem\",\"position\":1,\"name\":\"Home\",\"item\":\"https:\\\/\\\/miumjau.ee\\\/lv\\\/\"},{\"@type\":\"ListItem\",\"position\":2,\"name\":\"Veikals\",\"item\":\"https:\\\/\\\/miumjau.ee\\\/lv\\\/veikals\\\/\"},{\"@type\":\"ListItem\",\"position\":3,\"name\":\"Frigera su\u0146u na\u0161\u0137i, tuncis, 250 g\"}]},{\"@type\":\"WebSite\",\"@id\":\"https:\\\/\\\/miumjau.ee\\\/#website\",\"url\":\"https:\\\/\\\/miumjau.ee\\\/\",\"name\":\"MiuMjau\",\"description\":\"Kraapimispuud kassidele\",\"publisher\":{\"@id\":\"https:\\\/\\\/miumjau.ee\\\/#organization\"},\"potentialAction\":[{\"@type\":\"SearchAction\",\"target\":{\"@type\":\"EntryPoint\",\"urlTemplate\":\"https:\\\/\\\/miumjau.ee\\\/?s={search_term_string}\"},\"query-input\":{\"@type\":\"PropertyValueSpecification\",\"valueRequired\":true,\"valueName\":\"search_term_string\"}}],\"inLanguage\":\"lv-LV\"},{\"@type\":\"Organization\",\"@id\":\"https:\\\/\\\/miumjau.ee\\\/#organization\",\"name\":\"MiuMjau O\u00dc\",\"url\":\"https:\\\/\\\/miumjau.ee\\\/\",\"logo\":{\"@type\":\"ImageObject\",\"inLanguage\":\"lv-LV\",\"@id\":\"https:\\\/\\\/miumjau.ee\\\/#\\\/schema\\\/logo\\\/image\\\/\",\"url\":\"https:\\\/\\\/miumjau.ee\\\/wp-content\\\/uploads\\\/2022\\\/04\\\/MiuMjau-logo-kollane.png\",\"contentUrl\":\"https:\\\/\\\/miumjau.ee\\\/wp-content\\\/uploads\\\/2022\\\/04\\\/MiuMjau-logo-kollane.png\",\"width\":219,\"height\":100,\"caption\":\"MiuMjau O\u00dc\"},\"image\":{\"@id\":\"https:\\\/\\\/miumjau.ee\\\/#\\\/schema\\\/logo\\\/image\\\/\"},\"sameAs\":[\"https:\\\/\\\/www.facebook.com\\\/miumjaupood\\\/\"]}]}<\/script>\n<!-- \/ Yoast SEO plugin. -->","yoast_head_json":{"title":"Frigera su\u0146u na\u0161\u0137i, tuncis, 250 g - MiuMjau","robots":{"index":"index","follow":"follow","max-snippet":"max-snippet:-1","max-image-preview":"max-image-preview:large","max-video-preview":"max-video-preview:-1"},"canonical":"https:\/\/miumjau.ee\/lv\/produkts\/frigera-sunu-naski-tuncis-250-g\/","og_locale":"lv_LV","og_type":"article","og_title":"Frigera su\u0146u na\u0161\u0137i, tuncis, 250 g - MiuMjau","og_description":"FRIGERA su\u0146u na\u0161\u0137i \u2013 tuncis ir daudzveid\u012bgi un vesel\u012bgi, lieliski piem\u0113roti ar\u012b liek\u0101 svara su\u0146iem! Viegls baltais zivs gaum\u0113 satur daudz v\u0113rt\u012bgu uzturvielu. \u0160ie na\u0161\u0137i ir bag\u0101ti ar prote\u012bnu un omega-3 tauksk\u0101b\u0113m \u2013 b\u016btiskas tauksk\u0101bes, ko suns pats nera\u017eo un kas j\u0101ieg\u016bst no p\u0101rtikas. Omega-3 veicina spalvas sp\u012bdumu, samazina \u0101das sausumu un niezi, k\u0101 ar\u012b veicina sirds un asinsvadu vesel\u012bbu. Maiga \u017e\u0101v\u0113\u0161ana rada krauk\u0161\u0137\u012bgus, viegli lauztus na\u0161\u0137us, kas pal\u012bdz dabiski t\u012br\u012bt zobus ko\u0161\u013c\u0101jot. Praktiskais izm\u0113rs un lauzam\u012bba padara tos ide\u0101li piem\u0113rotus su\u0146iem jebkura izm\u0113ra, k\u0101 ar\u012b lieliski piem\u0113rotus mekl\u0113\u0161anas sp\u0113l\u0113m. Neto svars: 250 gSast\u0101vs: 100% zivsAnal\u012btiskais sast\u0101vs: Prote\u012bns 77,84 %, Tauki 4,12 %, Mitrums 12,44 % Baro\u0161anas nor\u0101d\u012bjumi: Pied\u0101v\u0101 k\u0101 uzkodu vai balvu k\u0101 sabalans\u0113ta uztura sast\u0101vda\u013cu. Vienm\u0113r uzraugiet su\u0146a baro\u0161anu un nodro\u0161iniet svaigu \u016bdeni. Piem\u0113rots ikdienas lieto\u0161anai, bet tikai uzraudz\u012bb\u0101. Nav piem\u0113rots cilv\u0113ku \u0113\u0161anai.","og_url":"https:\/\/miumjau.ee\/lv\/produkts\/frigera-sunu-naski-tuncis-250-g\/","og_site_name":"MiuMjau","article_publisher":"https:\/\/www.facebook.com\/miumjaupood\/","article_modified_time":"2026-01-07T19:18:38+00:00","og_image":[{"width":600,"height":800,"url":"https:\/\/miumjau.ee\/wp-content\/uploads\/2025\/05\/frigera-koerte-maius-tursasnakid-250g-Photoroom.jpg","type":"image\/jpeg"}],"twitter_card":"summary_large_image","schema":{"@context":"https:\/\/schema.org","@graph":[{"@type":"WebPage","@id":"https:\/\/miumjau.ee\/lv\/produkts\/frigera-sunu-naski-tuncis-250-g\/","url":"https:\/\/miumjau.ee\/lv\/produkts\/frigera-sunu-naski-tuncis-250-g\/","name":"Frigera su\u0146u na\u0161\u0137i, tuncis, 250 g - MiuMjau","isPartOf":{"@id":"https:\/\/miumjau.ee\/#website"},"primaryImageOfPage":{"@id":"https:\/\/miumjau.ee\/lv\/produkts\/frigera-sunu-naski-tuncis-250-g\/#primaryimage"},"image":{"@id":"https:\/\/miumjau.ee\/lv\/produkts\/frigera-sunu-naski-tuncis-250-g\/#primaryimage"},"thumbnailUrl":"https:\/\/miumjau.ee\/wp-content\/uploads\/2025\/05\/frigera-koerte-maius-tursasnakid-250g-Photoroom.jpg","datePublished":"2025-05-18T08:35:22+00:00","dateModified":"2026-01-07T19:18:38+00:00","breadcrumb":{"@id":"https:\/\/miumjau.ee\/lv\/produkts\/frigera-sunu-naski-tuncis-250-g\/#breadcrumb"},"inLanguage":"lv-LV","potentialAction":[{"@type":"ReadAction","target":["https:\/\/miumjau.ee\/lv\/produkts\/frigera-sunu-naski-tuncis-250-g\/"]}]},{"@type":"ImageObject","inLanguage":"lv-LV","@id":"https:\/\/miumjau.ee\/lv\/produkts\/frigera-sunu-naski-tuncis-250-g\/#primaryimage","url":"https:\/\/miumjau.ee\/wp-content\/uploads\/2025\/05\/frigera-koerte-maius-tursasnakid-250g-Photoroom.jpg","contentUrl":"https:\/\/miumjau.ee\/wp-content\/uploads\/2025\/05\/frigera-koerte-maius-tursasnakid-250g-Photoroom.jpg","width":600,"height":800},{"@type":"BreadcrumbList","@id":"https:\/\/miumjau.ee\/lv\/produkts\/frigera-sunu-naski-tuncis-250-g\/#breadcrumb","itemListElement":[{"@type":"ListItem","position":1,"name":"Home","item":"https:\/\/miumjau.ee\/lv\/"},{"@type":"ListItem","position":2,"name":"Veikals","item":"https:\/\/miumjau.ee\/lv\/veikals\/"},{"@type":"ListItem","position":3,"name":"Frigera su\u0146u na\u0161\u0137i, tuncis, 250 g"}]},{"@type":"WebSite","@id":"https:\/\/miumjau.ee\/#website","url":"https:\/\/miumjau.ee\/","name":"MiuMjau","description":"Kraapimispuud kassidele","publisher":{"@id":"https:\/\/miumjau.ee\/#organization"},"potentialAction":[{"@type":"SearchAction","target":{"@type":"EntryPoint","urlTemplate":"https:\/\/miumjau.ee\/?s={search_term_string}"},"query-input":{"@type":"PropertyValueSpecification","valueRequired":true,"valueName":"search_term_string"}}],"inLanguage":"lv-LV"},{"@type":"Organization","@id":"https:\/\/miumjau.ee\/#organization","name":"MiuMjau O\u00dc","url":"https:\/\/miumjau.ee\/","logo":{"@type":"ImageObject","inLanguage":"lv-LV","@id":"https:\/\/miumjau.ee\/#\/schema\/logo\/image\/","url":"https:\/\/miumjau.ee\/wp-content\/uploads\/2022\/04\/MiuMjau-logo-kollane.png","contentUrl":"https:\/\/miumjau.ee\/wp-content\/uploads\/2022\/04\/MiuMjau-logo-kollane.png","width":219,"height":100,"caption":"MiuMjau O\u00dc"},"image":{"@id":"https:\/\/miumjau.ee\/#\/schema\/logo\/image\/"},"sameAs":["https:\/\/www.facebook.com\/miumjaupood\/"]}]}},"_links":{"self":[{"href":"https:\/\/miumjau.ee\/lv\/wp-json\/wp\/v2\/product\/48519","targetHints":{"allow":["GET"]}}],"collection":[{"href":"https:\/\/miumjau.ee\/lv\/wp-json\/wp\/v2\/product"}],"about":[{"href":"https:\/\/miumjau.ee\/lv\/wp-json\/wp\/v2\/types\/product"}],"wp:featuredmedia":[{"embeddable":true,"href":"https:\/\/miumjau.ee\/lv\/wp-json\/wp\/v2\/media\/48517"}],"wp:attachment":[{"href":"https:\/\/miumjau.ee\/lv\/wp-json\/wp\/v2\/media?parent=48519"}],"wp:term":[{"taxonomy":"product_brand","embeddable":true,"href":"https:\/\/miumjau.ee\/lv\/wp-json\/wp\/v2\/product_brand?post=48519"},{"taxonomy":"product_cat","embeddable":true,"href":"https:\/\/miumjau.ee\/lv\/wp-json\/wp\/v2\/product_cat?post=48519"},{"taxonomy":"product_tag","embeddable":true,"href":"https:\/\/miumjau.ee\/lv\/wp-json\/wp\/v2\/product_tag?post=48519"}],"curies":[{"name":"wp","href":"https:\/\/api.w.org\/{rel}","templated":true}]}}