{"id":48515,"date":"2025-05-18T11:45:06","date_gmt":"2025-05-18T08:45:06","guid":{"rendered":"https:\/\/miumjau.ee\/toode\/frigera-lasis-treninu-naskis-100-g\/"},"modified":"2026-01-07T21:18:38","modified_gmt":"2026-01-07T19:18:38","slug":"frigera-lasis-treninu-naskis-100-g","status":"publish","type":"product","link":"https:\/\/miumjau.ee\/lv\/produkts\/frigera-lasis-treninu-naskis-100-g\/","title":{"rendered":"Frigera lasis treni\u0146u na\u0161\u0137is, 100 g"},"content":{"rendered":"","protected":false},"excerpt":{"rendered":"<p data-start=\"2665\" data-end=\"2821\">FRIGERA la\u0161a treni\u0146u na\u0161\u0137i ir daudzveid\u012bgi un vesel\u012bgi. K\u0101p\u0113c dot sunim garlaic\u012bgus un taukainus na\u0161\u0137us, ja vari vi\u0146u palutin\u0101t ar dubultas labuma uzkodu?<\/p>\n<p data-start=\"2823\" data-end=\"3220\">M\u016bsu gardie la\u0161a treni\u0146u na\u0161\u0137i ir tie\u0161i tas, kas nepiecie\u0161ams tav\u0113jam sunim! Maigi \u017e\u0101v\u0113ti, m\u012bksti un viegli krauk\u0161\u0137\u012bgi, pilni v\u0113rt\u012bgu uzturvielu. \u0160ie na\u0161\u0137i ir bag\u0101ti gan ar prote\u012bnu, gan omega-3 tauksk\u0101b\u0113m \u2013 b\u016btisk\u0101m tauksk\u0101b\u0113m, ko su\u0146a organisms pats nerada un kuras j\u0101ieg\u016bst no p\u0101rtikas. Omega-3 veicina spalvas sp\u012bdumu, samazina \u0101das sausumu un niezi, k\u0101 ar\u012b sniedz citus vesel\u012bbas ieguvumus.<\/p>\n<p data-start=\"3222\" data-end=\"3374\">Praktiskais izm\u0113rs padara tos ide\u0101li piem\u0113rotus treni\u0146iem sunim jebkura izm\u0113ra. Patiesa dubult\u0101 uzvara! Palutini savu m\u012bluli ar \u0161o funkcion\u0101lo uzkodu.<\/p>\n<p data-start=\"3376\" data-end=\"3541\"><strong data-start=\"3376\" data-end=\"3391\">Neto svars:<\/strong> 100 g<br data-start=\"3397\" data-end=\"3400\" \/><strong data-start=\"3400\" data-end=\"3412\">Sast\u0101vs:<\/strong> 96% lasis, 4% zir\u0146u prote\u012bns<br data-start=\"3441\" data-end=\"3444\" \/><strong data-start=\"3444\" data-end=\"3469\">Anal\u012btiskais sast\u0101vs:<\/strong> Prote\u012bns 58 %, Tauki 10,5 %, Pelni 3,5 %, \u0160\u0137iedra 1,5 %, Mitrums 12 %<\/p>\n<p data-start=\"3543\" data-end=\"3776\"><strong data-start=\"3543\" data-end=\"3568\">Baro\u0161anas nor\u0101d\u012bjumi:<\/strong> Pied\u0101v\u0101 k\u0101 uzkodu vai balvu k\u0101 sabalans\u0113ta uztura sast\u0101vda\u013cu. Vienm\u0113r uzraugiet su\u0146a baro\u0161anu un nodro\u0161iniet svaigu \u016bdeni. Piem\u0113rots ikdienas lieto\u0161anai, bet tikai uzraudz\u012bb\u0101. Nav piem\u0113rots cilv\u0113ku \u0113\u0161anai.<\/p>\n","protected":false},"featured_media":48513,"template":"","meta":[],"product_brand":[],"product_cat":[573,576],"product_tag":[],"class_list":{"0":"post-48515","1":"product","2":"type-product","3":"status-publish","4":"has-post-thumbnail","6":"product_cat-kaup24-lv","7":"product_cat-naski-suniem","9":"first","10":"instock","11":"taxable","12":"shipping-taxable","13":"purchasable","14":"product-type-simple"},"yoast_head":"<!-- This site is optimized with the Yoast SEO plugin v27.4 - https:\/\/yoast.com\/product\/yoast-seo-wordpress\/ -->\n<title>Frigera lasis treni\u0146u na\u0161\u0137is, 100 g - MiuMjau<\/title>\n<meta name=\"robots\" content=\"index, follow, max-snippet:-1, max-image-preview:large, max-video-preview:-1\" \/>\n<link rel=\"canonical\" href=\"https:\/\/miumjau.ee\/lv\/produkts\/frigera-lasis-treninu-naskis-100-g\/\" \/>\n<meta property=\"og:locale\" content=\"lv_LV\" \/>\n<meta property=\"og:type\" content=\"article\" \/>\n<meta property=\"og:title\" content=\"Frigera lasis treni\u0146u na\u0161\u0137is, 100 g - MiuMjau\" \/>\n<meta property=\"og:description\" content=\"FRIGERA la\u0161a treni\u0146u na\u0161\u0137i ir daudzveid\u012bgi un vesel\u012bgi. K\u0101p\u0113c dot sunim garlaic\u012bgus un taukainus na\u0161\u0137us, ja vari vi\u0146u palutin\u0101t ar dubultas labuma uzkodu? M\u016bsu gardie la\u0161a treni\u0146u na\u0161\u0137i ir tie\u0161i tas, kas nepiecie\u0161ams tav\u0113jam sunim! Maigi \u017e\u0101v\u0113ti, m\u012bksti un viegli krauk\u0161\u0137\u012bgi, pilni v\u0113rt\u012bgu uzturvielu. \u0160ie na\u0161\u0137i ir bag\u0101ti gan ar prote\u012bnu, gan omega-3 tauksk\u0101b\u0113m \u2013 b\u016btisk\u0101m tauksk\u0101b\u0113m, ko su\u0146a organisms pats nerada un kuras j\u0101ieg\u016bst no p\u0101rtikas. Omega-3 veicina spalvas sp\u012bdumu, samazina \u0101das sausumu un niezi, k\u0101 ar\u012b sniedz citus vesel\u012bbas ieguvumus. Praktiskais izm\u0113rs padara tos ide\u0101li piem\u0113rotus treni\u0146iem sunim jebkura izm\u0113ra. Patiesa dubult\u0101 uzvara! Palutini savu m\u012bluli ar \u0161o funkcion\u0101lo uzkodu. Neto svars: 100 gSast\u0101vs: 96% lasis, 4% zir\u0146u prote\u012bnsAnal\u012btiskais sast\u0101vs: Prote\u012bns 58 %, Tauki 10,5 %, Pelni 3,5 %, \u0160\u0137iedra 1,5 %, Mitrums 12 % Baro\u0161anas nor\u0101d\u012bjumi: Pied\u0101v\u0101 k\u0101 uzkodu vai balvu k\u0101 sabalans\u0113ta uztura sast\u0101vda\u013cu. Vienm\u0113r uzraugiet su\u0146a baro\u0161anu un nodro\u0161iniet svaigu \u016bdeni. Piem\u0113rots ikdienas lieto\u0161anai, bet tikai uzraudz\u012bb\u0101. Nav piem\u0113rots cilv\u0113ku \u0113\u0161anai.\" \/>\n<meta property=\"og:url\" content=\"https:\/\/miumjau.ee\/lv\/produkts\/frigera-lasis-treninu-naskis-100-g\/\" \/>\n<meta property=\"og:site_name\" content=\"MiuMjau\" \/>\n<meta property=\"article:publisher\" content=\"https:\/\/www.facebook.com\/miumjaupood\/\" \/>\n<meta property=\"article:modified_time\" content=\"2026-01-07T19:18:38+00:00\" \/>\n<meta property=\"og:image\" content=\"https:\/\/miumjau.ee\/wp-content\/uploads\/2025\/05\/frigera-koerte-maius-lohe-treeningmaiused-100g-1-Photoroom.jpg\" \/>\n\t<meta property=\"og:image:width\" content=\"600\" \/>\n\t<meta property=\"og:image:height\" content=\"800\" \/>\n\t<meta property=\"og:image:type\" content=\"image\/jpeg\" \/>\n<meta name=\"twitter:card\" content=\"summary_large_image\" \/>\n<script type=\"application\/ld+json\" class=\"yoast-schema-graph\">{\"@context\":\"https:\\\/\\\/schema.org\",\"@graph\":[{\"@type\":\"WebPage\",\"@id\":\"https:\\\/\\\/miumjau.ee\\\/lv\\\/produkts\\\/frigera-lasis-treninu-naskis-100-g\\\/\",\"url\":\"https:\\\/\\\/miumjau.ee\\\/lv\\\/produkts\\\/frigera-lasis-treninu-naskis-100-g\\\/\",\"name\":\"Frigera lasis treni\u0146u na\u0161\u0137is, 100 g - MiuMjau\",\"isPartOf\":{\"@id\":\"https:\\\/\\\/miumjau.ee\\\/#website\"},\"primaryImageOfPage\":{\"@id\":\"https:\\\/\\\/miumjau.ee\\\/lv\\\/produkts\\\/frigera-lasis-treninu-naskis-100-g\\\/#primaryimage\"},\"image\":{\"@id\":\"https:\\\/\\\/miumjau.ee\\\/lv\\\/produkts\\\/frigera-lasis-treninu-naskis-100-g\\\/#primaryimage\"},\"thumbnailUrl\":\"https:\\\/\\\/miumjau.ee\\\/wp-content\\\/uploads\\\/2025\\\/05\\\/frigera-koerte-maius-lohe-treeningmaiused-100g-1-Photoroom.jpg\",\"datePublished\":\"2025-05-18T08:45:06+00:00\",\"dateModified\":\"2026-01-07T19:18:38+00:00\",\"breadcrumb\":{\"@id\":\"https:\\\/\\\/miumjau.ee\\\/lv\\\/produkts\\\/frigera-lasis-treninu-naskis-100-g\\\/#breadcrumb\"},\"inLanguage\":\"lv-LV\",\"potentialAction\":[{\"@type\":\"ReadAction\",\"target\":[\"https:\\\/\\\/miumjau.ee\\\/lv\\\/produkts\\\/frigera-lasis-treninu-naskis-100-g\\\/\"]}]},{\"@type\":\"ImageObject\",\"inLanguage\":\"lv-LV\",\"@id\":\"https:\\\/\\\/miumjau.ee\\\/lv\\\/produkts\\\/frigera-lasis-treninu-naskis-100-g\\\/#primaryimage\",\"url\":\"https:\\\/\\\/miumjau.ee\\\/wp-content\\\/uploads\\\/2025\\\/05\\\/frigera-koerte-maius-lohe-treeningmaiused-100g-1-Photoroom.jpg\",\"contentUrl\":\"https:\\\/\\\/miumjau.ee\\\/wp-content\\\/uploads\\\/2025\\\/05\\\/frigera-koerte-maius-lohe-treeningmaiused-100g-1-Photoroom.jpg\",\"width\":600,\"height\":800},{\"@type\":\"BreadcrumbList\",\"@id\":\"https:\\\/\\\/miumjau.ee\\\/lv\\\/produkts\\\/frigera-lasis-treninu-naskis-100-g\\\/#breadcrumb\",\"itemListElement\":[{\"@type\":\"ListItem\",\"position\":1,\"name\":\"Home\",\"item\":\"https:\\\/\\\/miumjau.ee\\\/lv\\\/\"},{\"@type\":\"ListItem\",\"position\":2,\"name\":\"Veikals\",\"item\":\"https:\\\/\\\/miumjau.ee\\\/lv\\\/veikals\\\/\"},{\"@type\":\"ListItem\",\"position\":3,\"name\":\"Frigera lasis treni\u0146u na\u0161\u0137is, 100 g\"}]},{\"@type\":\"WebSite\",\"@id\":\"https:\\\/\\\/miumjau.ee\\\/#website\",\"url\":\"https:\\\/\\\/miumjau.ee\\\/\",\"name\":\"MiuMjau\",\"description\":\"Kraapimispuud kassidele\",\"publisher\":{\"@id\":\"https:\\\/\\\/miumjau.ee\\\/#organization\"},\"potentialAction\":[{\"@type\":\"SearchAction\",\"target\":{\"@type\":\"EntryPoint\",\"urlTemplate\":\"https:\\\/\\\/miumjau.ee\\\/?s={search_term_string}\"},\"query-input\":{\"@type\":\"PropertyValueSpecification\",\"valueRequired\":true,\"valueName\":\"search_term_string\"}}],\"inLanguage\":\"lv-LV\"},{\"@type\":\"Organization\",\"@id\":\"https:\\\/\\\/miumjau.ee\\\/#organization\",\"name\":\"MiuMjau O\u00dc\",\"url\":\"https:\\\/\\\/miumjau.ee\\\/\",\"logo\":{\"@type\":\"ImageObject\",\"inLanguage\":\"lv-LV\",\"@id\":\"https:\\\/\\\/miumjau.ee\\\/#\\\/schema\\\/logo\\\/image\\\/\",\"url\":\"https:\\\/\\\/miumjau.ee\\\/wp-content\\\/uploads\\\/2022\\\/04\\\/MiuMjau-logo-kollane.png\",\"contentUrl\":\"https:\\\/\\\/miumjau.ee\\\/wp-content\\\/uploads\\\/2022\\\/04\\\/MiuMjau-logo-kollane.png\",\"width\":219,\"height\":100,\"caption\":\"MiuMjau O\u00dc\"},\"image\":{\"@id\":\"https:\\\/\\\/miumjau.ee\\\/#\\\/schema\\\/logo\\\/image\\\/\"},\"sameAs\":[\"https:\\\/\\\/www.facebook.com\\\/miumjaupood\\\/\"]}]}<\/script>\n<!-- \/ Yoast SEO plugin. -->","yoast_head_json":{"title":"Frigera lasis treni\u0146u na\u0161\u0137is, 100 g - MiuMjau","robots":{"index":"index","follow":"follow","max-snippet":"max-snippet:-1","max-image-preview":"max-image-preview:large","max-video-preview":"max-video-preview:-1"},"canonical":"https:\/\/miumjau.ee\/lv\/produkts\/frigera-lasis-treninu-naskis-100-g\/","og_locale":"lv_LV","og_type":"article","og_title":"Frigera lasis treni\u0146u na\u0161\u0137is, 100 g - MiuMjau","og_description":"FRIGERA la\u0161a treni\u0146u na\u0161\u0137i ir daudzveid\u012bgi un vesel\u012bgi. K\u0101p\u0113c dot sunim garlaic\u012bgus un taukainus na\u0161\u0137us, ja vari vi\u0146u palutin\u0101t ar dubultas labuma uzkodu? M\u016bsu gardie la\u0161a treni\u0146u na\u0161\u0137i ir tie\u0161i tas, kas nepiecie\u0161ams tav\u0113jam sunim! Maigi \u017e\u0101v\u0113ti, m\u012bksti un viegli krauk\u0161\u0137\u012bgi, pilni v\u0113rt\u012bgu uzturvielu. \u0160ie na\u0161\u0137i ir bag\u0101ti gan ar prote\u012bnu, gan omega-3 tauksk\u0101b\u0113m \u2013 b\u016btisk\u0101m tauksk\u0101b\u0113m, ko su\u0146a organisms pats nerada un kuras j\u0101ieg\u016bst no p\u0101rtikas. Omega-3 veicina spalvas sp\u012bdumu, samazina \u0101das sausumu un niezi, k\u0101 ar\u012b sniedz citus vesel\u012bbas ieguvumus. Praktiskais izm\u0113rs padara tos ide\u0101li piem\u0113rotus treni\u0146iem sunim jebkura izm\u0113ra. Patiesa dubult\u0101 uzvara! Palutini savu m\u012bluli ar \u0161o funkcion\u0101lo uzkodu. Neto svars: 100 gSast\u0101vs: 96% lasis, 4% zir\u0146u prote\u012bnsAnal\u012btiskais sast\u0101vs: Prote\u012bns 58 %, Tauki 10,5 %, Pelni 3,5 %, \u0160\u0137iedra 1,5 %, Mitrums 12 % Baro\u0161anas nor\u0101d\u012bjumi: Pied\u0101v\u0101 k\u0101 uzkodu vai balvu k\u0101 sabalans\u0113ta uztura sast\u0101vda\u013cu. Vienm\u0113r uzraugiet su\u0146a baro\u0161anu un nodro\u0161iniet svaigu \u016bdeni. Piem\u0113rots ikdienas lieto\u0161anai, bet tikai uzraudz\u012bb\u0101. Nav piem\u0113rots cilv\u0113ku \u0113\u0161anai.","og_url":"https:\/\/miumjau.ee\/lv\/produkts\/frigera-lasis-treninu-naskis-100-g\/","og_site_name":"MiuMjau","article_publisher":"https:\/\/www.facebook.com\/miumjaupood\/","article_modified_time":"2026-01-07T19:18:38+00:00","og_image":[{"width":600,"height":800,"url":"https:\/\/miumjau.ee\/wp-content\/uploads\/2025\/05\/frigera-koerte-maius-lohe-treeningmaiused-100g-1-Photoroom.jpg","type":"image\/jpeg"}],"twitter_card":"summary_large_image","schema":{"@context":"https:\/\/schema.org","@graph":[{"@type":"WebPage","@id":"https:\/\/miumjau.ee\/lv\/produkts\/frigera-lasis-treninu-naskis-100-g\/","url":"https:\/\/miumjau.ee\/lv\/produkts\/frigera-lasis-treninu-naskis-100-g\/","name":"Frigera lasis treni\u0146u na\u0161\u0137is, 100 g - MiuMjau","isPartOf":{"@id":"https:\/\/miumjau.ee\/#website"},"primaryImageOfPage":{"@id":"https:\/\/miumjau.ee\/lv\/produkts\/frigera-lasis-treninu-naskis-100-g\/#primaryimage"},"image":{"@id":"https:\/\/miumjau.ee\/lv\/produkts\/frigera-lasis-treninu-naskis-100-g\/#primaryimage"},"thumbnailUrl":"https:\/\/miumjau.ee\/wp-content\/uploads\/2025\/05\/frigera-koerte-maius-lohe-treeningmaiused-100g-1-Photoroom.jpg","datePublished":"2025-05-18T08:45:06+00:00","dateModified":"2026-01-07T19:18:38+00:00","breadcrumb":{"@id":"https:\/\/miumjau.ee\/lv\/produkts\/frigera-lasis-treninu-naskis-100-g\/#breadcrumb"},"inLanguage":"lv-LV","potentialAction":[{"@type":"ReadAction","target":["https:\/\/miumjau.ee\/lv\/produkts\/frigera-lasis-treninu-naskis-100-g\/"]}]},{"@type":"ImageObject","inLanguage":"lv-LV","@id":"https:\/\/miumjau.ee\/lv\/produkts\/frigera-lasis-treninu-naskis-100-g\/#primaryimage","url":"https:\/\/miumjau.ee\/wp-content\/uploads\/2025\/05\/frigera-koerte-maius-lohe-treeningmaiused-100g-1-Photoroom.jpg","contentUrl":"https:\/\/miumjau.ee\/wp-content\/uploads\/2025\/05\/frigera-koerte-maius-lohe-treeningmaiused-100g-1-Photoroom.jpg","width":600,"height":800},{"@type":"BreadcrumbList","@id":"https:\/\/miumjau.ee\/lv\/produkts\/frigera-lasis-treninu-naskis-100-g\/#breadcrumb","itemListElement":[{"@type":"ListItem","position":1,"name":"Home","item":"https:\/\/miumjau.ee\/lv\/"},{"@type":"ListItem","position":2,"name":"Veikals","item":"https:\/\/miumjau.ee\/lv\/veikals\/"},{"@type":"ListItem","position":3,"name":"Frigera lasis treni\u0146u na\u0161\u0137is, 100 g"}]},{"@type":"WebSite","@id":"https:\/\/miumjau.ee\/#website","url":"https:\/\/miumjau.ee\/","name":"MiuMjau","description":"Kraapimispuud kassidele","publisher":{"@id":"https:\/\/miumjau.ee\/#organization"},"potentialAction":[{"@type":"SearchAction","target":{"@type":"EntryPoint","urlTemplate":"https:\/\/miumjau.ee\/?s={search_term_string}"},"query-input":{"@type":"PropertyValueSpecification","valueRequired":true,"valueName":"search_term_string"}}],"inLanguage":"lv-LV"},{"@type":"Organization","@id":"https:\/\/miumjau.ee\/#organization","name":"MiuMjau O\u00dc","url":"https:\/\/miumjau.ee\/","logo":{"@type":"ImageObject","inLanguage":"lv-LV","@id":"https:\/\/miumjau.ee\/#\/schema\/logo\/image\/","url":"https:\/\/miumjau.ee\/wp-content\/uploads\/2022\/04\/MiuMjau-logo-kollane.png","contentUrl":"https:\/\/miumjau.ee\/wp-content\/uploads\/2022\/04\/MiuMjau-logo-kollane.png","width":219,"height":100,"caption":"MiuMjau O\u00dc"},"image":{"@id":"https:\/\/miumjau.ee\/#\/schema\/logo\/image\/"},"sameAs":["https:\/\/www.facebook.com\/miumjaupood\/"]}]}},"_links":{"self":[{"href":"https:\/\/miumjau.ee\/lv\/wp-json\/wp\/v2\/product\/48515","targetHints":{"allow":["GET"]}}],"collection":[{"href":"https:\/\/miumjau.ee\/lv\/wp-json\/wp\/v2\/product"}],"about":[{"href":"https:\/\/miumjau.ee\/lv\/wp-json\/wp\/v2\/types\/product"}],"wp:featuredmedia":[{"embeddable":true,"href":"https:\/\/miumjau.ee\/lv\/wp-json\/wp\/v2\/media\/48513"}],"wp:attachment":[{"href":"https:\/\/miumjau.ee\/lv\/wp-json\/wp\/v2\/media?parent=48515"}],"wp:term":[{"taxonomy":"product_brand","embeddable":true,"href":"https:\/\/miumjau.ee\/lv\/wp-json\/wp\/v2\/product_brand?post=48515"},{"taxonomy":"product_cat","embeddable":true,"href":"https:\/\/miumjau.ee\/lv\/wp-json\/wp\/v2\/product_cat?post=48515"},{"taxonomy":"product_tag","embeddable":true,"href":"https:\/\/miumjau.ee\/lv\/wp-json\/wp\/v2\/product_tag?post=48515"}],"curies":[{"name":"wp","href":"https:\/\/api.w.org\/{rel}","templated":true}]}}