{"id":48507,"date":"2025-05-18T12:08:53","date_gmt":"2025-05-18T09:08:53","guid":{"rendered":"https:\/\/miumjau.ee\/toode\/frigera-sunu-naskis-zivju-gredzens-2-gab-min-110-g\/"},"modified":"2026-01-07T21:18:38","modified_gmt":"2026-01-07T19:18:38","slug":"frigera-sunu-naskis-zivju-gredzens-2-gab-min-110-g","status":"publish","type":"product","link":"https:\/\/miumjau.ee\/lv\/produkts\/frigera-sunu-naskis-zivju-gredzens-2-gab-min-110-g\/","title":{"rendered":"Frigera su\u0146u na\u0161\u0137is, zivju gredzens, 2 gab. (min. 110 g)"},"content":{"rendered":"","protected":false},"excerpt":{"rendered":"<p data-start=\"3087\" data-end=\"3178\">Frigera su\u0146u na\u0161\u0137is zivju gredzens ir dab\u012bgs un vesel\u012bgs, piem\u0113rots su\u0146iem visos izm\u0113ros!<\/p>\n<p data-start=\"3180\" data-end=\"3329\">\u0160ie krauk\u0161\u0137\u012bgie gabali\u0146i nesatur m\u0101ksl\u012bgas piedevas vai graudaugus un ir izgatavoti no 100 % ziv\u012bm. Zivju \u0101da ir lielisks omega-3 tauksk\u0101bju avots.<\/p>\n<p data-start=\"3331\" data-end=\"3733\">Vai esi noguris mekl\u0113t apzin\u0101tu na\u0161\u0137i, ar kuru palutin\u0101t savu liekaisvaru vai jut\u012bgu ga\u013c\u0113d\u0101ju suni? Mekl\u0113\u0161ana beidzas \u2013 FRIGERA zivju gredzens ir tie\u0161i tas, kas tev nepiecie\u0161ams! Viegl\u0101k sagremojams na\u0161\u0137is ar kvalitat\u012bvu dz\u012bvnieku prote\u012bnu, omega-3 tauksk\u0101b\u0113m un noder\u012bg\u0101m e\u013c\u013c\u0101m. Omega-3 pal\u012bdz uztur\u0113t su\u0146a ka\u017eoku sp\u012bd\u012bgu un \u0101du vesel\u012bgu, mazinot niezi un sausumu, k\u0101 ar\u012b veicina visp\u0101r\u0113jo vesel\u012bbu.<\/p>\n<p data-start=\"3735\" data-end=\"4040\">Maigi \u017e\u0101v\u0113tie un krauk\u0161\u0137\u012bg\u0101 gredzena form\u0101 veidotie na\u0161\u0137i pal\u012bdz ar\u012b t\u012br\u012bt zobus un samazin\u0101t zobakmeni. At\u0161\u0137ir\u012bb\u0101 no daudziem citiem tirg\u016b pieejamiem zivju na\u0161\u0137iem, m\u016bsu gredzeni ir izgatavoti tikai no zivju \u0101das un nesatur taukainu ga\u013cu \u2013 tas noz\u012bm\u0113 zem\u0101ku tauku saturu un gudr\u0101ku izv\u0113li j\u016bsu m\u012blulim!<\/p>\n<p data-start=\"4042\" data-end=\"4172\"><strong data-start=\"4042\" data-end=\"4057\">Neto svars:<\/strong> 110 g<br data-start=\"4063\" data-end=\"4066\" \/><strong data-start=\"4066\" data-end=\"4078\">Sast\u0101vs:<\/strong> 100 % zivis<br data-start=\"4090\" data-end=\"4093\" \/><strong data-start=\"4093\" data-end=\"4118\">Anal\u012btiskais sast\u0101vs:<\/strong> Prote\u012bns 50 %, Tauki 12 %, Pelni 10 %, Mitrums 14 %<\/p>\n<p data-start=\"4174\" data-end=\"4411\"><strong data-start=\"4174\" data-end=\"4199\">Baro\u0161anas nor\u0101d\u012bjumi:<\/strong> Pied\u0101v\u0101jiet k\u0101 uzkodu vai balvu k\u0101 sabalans\u0113ta uztura sast\u0101vda\u013cu. Vienm\u0113r uzraugiet su\u0146a baro\u0161anu un nodro\u0161iniet svaigu \u016bdeni. Piem\u0113rots ikdienas lieto\u0161anai, bet tikai uzraudz\u012bb\u0101. Nav piem\u0113rots cilv\u0113ku \u0113\u0161anai.<\/p>\n","protected":false},"featured_media":48505,"template":"","meta":[],"product_brand":[],"product_cat":[573,576],"product_tag":[],"class_list":{"0":"post-48507","1":"product","2":"type-product","3":"status-publish","4":"has-post-thumbnail","6":"product_cat-kaup24-lv","7":"product_cat-naski-suniem","9":"first","10":"instock","11":"taxable","12":"shipping-taxable","13":"purchasable","14":"product-type-simple"},"yoast_head":"<!-- This site is optimized with the Yoast SEO plugin v27.4 - https:\/\/yoast.com\/product\/yoast-seo-wordpress\/ -->\n<title>Frigera su\u0146u na\u0161\u0137is, zivju gredzens, 2 gab. (min. 110 g) - MiuMjau<\/title>\n<meta name=\"robots\" content=\"index, follow, max-snippet:-1, max-image-preview:large, max-video-preview:-1\" \/>\n<link rel=\"canonical\" href=\"https:\/\/miumjau.ee\/lv\/produkts\/frigera-sunu-naskis-zivju-gredzens-2-gab-min-110-g\/\" \/>\n<meta property=\"og:locale\" content=\"lv_LV\" \/>\n<meta property=\"og:type\" content=\"article\" \/>\n<meta property=\"og:title\" content=\"Frigera su\u0146u na\u0161\u0137is, zivju gredzens, 2 gab. (min. 110 g) - MiuMjau\" \/>\n<meta property=\"og:description\" content=\"Frigera su\u0146u na\u0161\u0137is zivju gredzens ir dab\u012bgs un vesel\u012bgs, piem\u0113rots su\u0146iem visos izm\u0113ros! \u0160ie krauk\u0161\u0137\u012bgie gabali\u0146i nesatur m\u0101ksl\u012bgas piedevas vai graudaugus un ir izgatavoti no 100 % ziv\u012bm. Zivju \u0101da ir lielisks omega-3 tauksk\u0101bju avots. Vai esi noguris mekl\u0113t apzin\u0101tu na\u0161\u0137i, ar kuru palutin\u0101t savu liekaisvaru vai jut\u012bgu ga\u013c\u0113d\u0101ju suni? Mekl\u0113\u0161ana beidzas \u2013 FRIGERA zivju gredzens ir tie\u0161i tas, kas tev nepiecie\u0161ams! Viegl\u0101k sagremojams na\u0161\u0137is ar kvalitat\u012bvu dz\u012bvnieku prote\u012bnu, omega-3 tauksk\u0101b\u0113m un noder\u012bg\u0101m e\u013c\u013c\u0101m. Omega-3 pal\u012bdz uztur\u0113t su\u0146a ka\u017eoku sp\u012bd\u012bgu un \u0101du vesel\u012bgu, mazinot niezi un sausumu, k\u0101 ar\u012b veicina visp\u0101r\u0113jo vesel\u012bbu. Maigi \u017e\u0101v\u0113tie un krauk\u0161\u0137\u012bg\u0101 gredzena form\u0101 veidotie na\u0161\u0137i pal\u012bdz ar\u012b t\u012br\u012bt zobus un samazin\u0101t zobakmeni. At\u0161\u0137ir\u012bb\u0101 no daudziem citiem tirg\u016b pieejamiem zivju na\u0161\u0137iem, m\u016bsu gredzeni ir izgatavoti tikai no zivju \u0101das un nesatur taukainu ga\u013cu \u2013 tas noz\u012bm\u0113 zem\u0101ku tauku saturu un gudr\u0101ku izv\u0113li j\u016bsu m\u012blulim! Neto svars: 110 gSast\u0101vs: 100 % zivisAnal\u012btiskais sast\u0101vs: Prote\u012bns 50 %, Tauki 12 %, Pelni 10 %, Mitrums 14 % Baro\u0161anas nor\u0101d\u012bjumi: Pied\u0101v\u0101jiet k\u0101 uzkodu vai balvu k\u0101 sabalans\u0113ta uztura sast\u0101vda\u013cu. Vienm\u0113r uzraugiet su\u0146a baro\u0161anu un nodro\u0161iniet svaigu \u016bdeni. Piem\u0113rots ikdienas lieto\u0161anai, bet tikai uzraudz\u012bb\u0101. Nav piem\u0113rots cilv\u0113ku \u0113\u0161anai.\" \/>\n<meta property=\"og:url\" content=\"https:\/\/miumjau.ee\/lv\/produkts\/frigera-sunu-naskis-zivju-gredzens-2-gab-min-110-g\/\" \/>\n<meta property=\"og:site_name\" content=\"MiuMjau\" \/>\n<meta property=\"article:publisher\" content=\"https:\/\/www.facebook.com\/miumjaupood\/\" \/>\n<meta property=\"article:modified_time\" content=\"2026-01-07T19:18:38+00:00\" \/>\n<meta property=\"og:image\" content=\"https:\/\/miumjau.ee\/wp-content\/uploads\/2025\/05\/frigera-koerte-maius-kalasoorik-2tk-min-110g-1-Photoroom.jpg\" \/>\n\t<meta property=\"og:image:width\" content=\"600\" \/>\n\t<meta property=\"og:image:height\" content=\"800\" \/>\n\t<meta property=\"og:image:type\" content=\"image\/jpeg\" \/>\n<meta name=\"twitter:card\" content=\"summary_large_image\" \/>\n<script type=\"application\/ld+json\" class=\"yoast-schema-graph\">{\"@context\":\"https:\\\/\\\/schema.org\",\"@graph\":[{\"@type\":\"WebPage\",\"@id\":\"https:\\\/\\\/miumjau.ee\\\/lv\\\/produkts\\\/frigera-sunu-naskis-zivju-gredzens-2-gab-min-110-g\\\/\",\"url\":\"https:\\\/\\\/miumjau.ee\\\/lv\\\/produkts\\\/frigera-sunu-naskis-zivju-gredzens-2-gab-min-110-g\\\/\",\"name\":\"Frigera su\u0146u na\u0161\u0137is, zivju gredzens, 2 gab. (min. 110 g) - MiuMjau\",\"isPartOf\":{\"@id\":\"https:\\\/\\\/miumjau.ee\\\/#website\"},\"primaryImageOfPage\":{\"@id\":\"https:\\\/\\\/miumjau.ee\\\/lv\\\/produkts\\\/frigera-sunu-naskis-zivju-gredzens-2-gab-min-110-g\\\/#primaryimage\"},\"image\":{\"@id\":\"https:\\\/\\\/miumjau.ee\\\/lv\\\/produkts\\\/frigera-sunu-naskis-zivju-gredzens-2-gab-min-110-g\\\/#primaryimage\"},\"thumbnailUrl\":\"https:\\\/\\\/miumjau.ee\\\/wp-content\\\/uploads\\\/2025\\\/05\\\/frigera-koerte-maius-kalasoorik-2tk-min-110g-1-Photoroom.jpg\",\"datePublished\":\"2025-05-18T09:08:53+00:00\",\"dateModified\":\"2026-01-07T19:18:38+00:00\",\"breadcrumb\":{\"@id\":\"https:\\\/\\\/miumjau.ee\\\/lv\\\/produkts\\\/frigera-sunu-naskis-zivju-gredzens-2-gab-min-110-g\\\/#breadcrumb\"},\"inLanguage\":\"lv-LV\",\"potentialAction\":[{\"@type\":\"ReadAction\",\"target\":[\"https:\\\/\\\/miumjau.ee\\\/lv\\\/produkts\\\/frigera-sunu-naskis-zivju-gredzens-2-gab-min-110-g\\\/\"]}]},{\"@type\":\"ImageObject\",\"inLanguage\":\"lv-LV\",\"@id\":\"https:\\\/\\\/miumjau.ee\\\/lv\\\/produkts\\\/frigera-sunu-naskis-zivju-gredzens-2-gab-min-110-g\\\/#primaryimage\",\"url\":\"https:\\\/\\\/miumjau.ee\\\/wp-content\\\/uploads\\\/2025\\\/05\\\/frigera-koerte-maius-kalasoorik-2tk-min-110g-1-Photoroom.jpg\",\"contentUrl\":\"https:\\\/\\\/miumjau.ee\\\/wp-content\\\/uploads\\\/2025\\\/05\\\/frigera-koerte-maius-kalasoorik-2tk-min-110g-1-Photoroom.jpg\",\"width\":600,\"height\":800},{\"@type\":\"BreadcrumbList\",\"@id\":\"https:\\\/\\\/miumjau.ee\\\/lv\\\/produkts\\\/frigera-sunu-naskis-zivju-gredzens-2-gab-min-110-g\\\/#breadcrumb\",\"itemListElement\":[{\"@type\":\"ListItem\",\"position\":1,\"name\":\"Home\",\"item\":\"https:\\\/\\\/miumjau.ee\\\/lv\\\/\"},{\"@type\":\"ListItem\",\"position\":2,\"name\":\"Veikals\",\"item\":\"https:\\\/\\\/miumjau.ee\\\/lv\\\/veikals\\\/\"},{\"@type\":\"ListItem\",\"position\":3,\"name\":\"Frigera su\u0146u na\u0161\u0137is, zivju gredzens, 2 gab. (min. 110 g)\"}]},{\"@type\":\"WebSite\",\"@id\":\"https:\\\/\\\/miumjau.ee\\\/#website\",\"url\":\"https:\\\/\\\/miumjau.ee\\\/\",\"name\":\"MiuMjau\",\"description\":\"Kraapimispuud kassidele\",\"publisher\":{\"@id\":\"https:\\\/\\\/miumjau.ee\\\/#organization\"},\"potentialAction\":[{\"@type\":\"SearchAction\",\"target\":{\"@type\":\"EntryPoint\",\"urlTemplate\":\"https:\\\/\\\/miumjau.ee\\\/?s={search_term_string}\"},\"query-input\":{\"@type\":\"PropertyValueSpecification\",\"valueRequired\":true,\"valueName\":\"search_term_string\"}}],\"inLanguage\":\"lv-LV\"},{\"@type\":\"Organization\",\"@id\":\"https:\\\/\\\/miumjau.ee\\\/#organization\",\"name\":\"MiuMjau O\u00dc\",\"url\":\"https:\\\/\\\/miumjau.ee\\\/\",\"logo\":{\"@type\":\"ImageObject\",\"inLanguage\":\"lv-LV\",\"@id\":\"https:\\\/\\\/miumjau.ee\\\/#\\\/schema\\\/logo\\\/image\\\/\",\"url\":\"https:\\\/\\\/miumjau.ee\\\/wp-content\\\/uploads\\\/2022\\\/04\\\/MiuMjau-logo-kollane.png\",\"contentUrl\":\"https:\\\/\\\/miumjau.ee\\\/wp-content\\\/uploads\\\/2022\\\/04\\\/MiuMjau-logo-kollane.png\",\"width\":219,\"height\":100,\"caption\":\"MiuMjau O\u00dc\"},\"image\":{\"@id\":\"https:\\\/\\\/miumjau.ee\\\/#\\\/schema\\\/logo\\\/image\\\/\"},\"sameAs\":[\"https:\\\/\\\/www.facebook.com\\\/miumjaupood\\\/\"]}]}<\/script>\n<!-- \/ Yoast SEO plugin. -->","yoast_head_json":{"title":"Frigera su\u0146u na\u0161\u0137is, zivju gredzens, 2 gab. (min. 110 g) - MiuMjau","robots":{"index":"index","follow":"follow","max-snippet":"max-snippet:-1","max-image-preview":"max-image-preview:large","max-video-preview":"max-video-preview:-1"},"canonical":"https:\/\/miumjau.ee\/lv\/produkts\/frigera-sunu-naskis-zivju-gredzens-2-gab-min-110-g\/","og_locale":"lv_LV","og_type":"article","og_title":"Frigera su\u0146u na\u0161\u0137is, zivju gredzens, 2 gab. (min. 110 g) - MiuMjau","og_description":"Frigera su\u0146u na\u0161\u0137is zivju gredzens ir dab\u012bgs un vesel\u012bgs, piem\u0113rots su\u0146iem visos izm\u0113ros! \u0160ie krauk\u0161\u0137\u012bgie gabali\u0146i nesatur m\u0101ksl\u012bgas piedevas vai graudaugus un ir izgatavoti no 100 % ziv\u012bm. Zivju \u0101da ir lielisks omega-3 tauksk\u0101bju avots. Vai esi noguris mekl\u0113t apzin\u0101tu na\u0161\u0137i, ar kuru palutin\u0101t savu liekaisvaru vai jut\u012bgu ga\u013c\u0113d\u0101ju suni? Mekl\u0113\u0161ana beidzas \u2013 FRIGERA zivju gredzens ir tie\u0161i tas, kas tev nepiecie\u0161ams! Viegl\u0101k sagremojams na\u0161\u0137is ar kvalitat\u012bvu dz\u012bvnieku prote\u012bnu, omega-3 tauksk\u0101b\u0113m un noder\u012bg\u0101m e\u013c\u013c\u0101m. Omega-3 pal\u012bdz uztur\u0113t su\u0146a ka\u017eoku sp\u012bd\u012bgu un \u0101du vesel\u012bgu, mazinot niezi un sausumu, k\u0101 ar\u012b veicina visp\u0101r\u0113jo vesel\u012bbu. Maigi \u017e\u0101v\u0113tie un krauk\u0161\u0137\u012bg\u0101 gredzena form\u0101 veidotie na\u0161\u0137i pal\u012bdz ar\u012b t\u012br\u012bt zobus un samazin\u0101t zobakmeni. At\u0161\u0137ir\u012bb\u0101 no daudziem citiem tirg\u016b pieejamiem zivju na\u0161\u0137iem, m\u016bsu gredzeni ir izgatavoti tikai no zivju \u0101das un nesatur taukainu ga\u013cu \u2013 tas noz\u012bm\u0113 zem\u0101ku tauku saturu un gudr\u0101ku izv\u0113li j\u016bsu m\u012blulim! Neto svars: 110 gSast\u0101vs: 100 % zivisAnal\u012btiskais sast\u0101vs: Prote\u012bns 50 %, Tauki 12 %, Pelni 10 %, Mitrums 14 % Baro\u0161anas nor\u0101d\u012bjumi: Pied\u0101v\u0101jiet k\u0101 uzkodu vai balvu k\u0101 sabalans\u0113ta uztura sast\u0101vda\u013cu. Vienm\u0113r uzraugiet su\u0146a baro\u0161anu un nodro\u0161iniet svaigu \u016bdeni. Piem\u0113rots ikdienas lieto\u0161anai, bet tikai uzraudz\u012bb\u0101. Nav piem\u0113rots cilv\u0113ku \u0113\u0161anai.","og_url":"https:\/\/miumjau.ee\/lv\/produkts\/frigera-sunu-naskis-zivju-gredzens-2-gab-min-110-g\/","og_site_name":"MiuMjau","article_publisher":"https:\/\/www.facebook.com\/miumjaupood\/","article_modified_time":"2026-01-07T19:18:38+00:00","og_image":[{"width":600,"height":800,"url":"https:\/\/miumjau.ee\/wp-content\/uploads\/2025\/05\/frigera-koerte-maius-kalasoorik-2tk-min-110g-1-Photoroom.jpg","type":"image\/jpeg"}],"twitter_card":"summary_large_image","schema":{"@context":"https:\/\/schema.org","@graph":[{"@type":"WebPage","@id":"https:\/\/miumjau.ee\/lv\/produkts\/frigera-sunu-naskis-zivju-gredzens-2-gab-min-110-g\/","url":"https:\/\/miumjau.ee\/lv\/produkts\/frigera-sunu-naskis-zivju-gredzens-2-gab-min-110-g\/","name":"Frigera su\u0146u na\u0161\u0137is, zivju gredzens, 2 gab. (min. 110 g) - MiuMjau","isPartOf":{"@id":"https:\/\/miumjau.ee\/#website"},"primaryImageOfPage":{"@id":"https:\/\/miumjau.ee\/lv\/produkts\/frigera-sunu-naskis-zivju-gredzens-2-gab-min-110-g\/#primaryimage"},"image":{"@id":"https:\/\/miumjau.ee\/lv\/produkts\/frigera-sunu-naskis-zivju-gredzens-2-gab-min-110-g\/#primaryimage"},"thumbnailUrl":"https:\/\/miumjau.ee\/wp-content\/uploads\/2025\/05\/frigera-koerte-maius-kalasoorik-2tk-min-110g-1-Photoroom.jpg","datePublished":"2025-05-18T09:08:53+00:00","dateModified":"2026-01-07T19:18:38+00:00","breadcrumb":{"@id":"https:\/\/miumjau.ee\/lv\/produkts\/frigera-sunu-naskis-zivju-gredzens-2-gab-min-110-g\/#breadcrumb"},"inLanguage":"lv-LV","potentialAction":[{"@type":"ReadAction","target":["https:\/\/miumjau.ee\/lv\/produkts\/frigera-sunu-naskis-zivju-gredzens-2-gab-min-110-g\/"]}]},{"@type":"ImageObject","inLanguage":"lv-LV","@id":"https:\/\/miumjau.ee\/lv\/produkts\/frigera-sunu-naskis-zivju-gredzens-2-gab-min-110-g\/#primaryimage","url":"https:\/\/miumjau.ee\/wp-content\/uploads\/2025\/05\/frigera-koerte-maius-kalasoorik-2tk-min-110g-1-Photoroom.jpg","contentUrl":"https:\/\/miumjau.ee\/wp-content\/uploads\/2025\/05\/frigera-koerte-maius-kalasoorik-2tk-min-110g-1-Photoroom.jpg","width":600,"height":800},{"@type":"BreadcrumbList","@id":"https:\/\/miumjau.ee\/lv\/produkts\/frigera-sunu-naskis-zivju-gredzens-2-gab-min-110-g\/#breadcrumb","itemListElement":[{"@type":"ListItem","position":1,"name":"Home","item":"https:\/\/miumjau.ee\/lv\/"},{"@type":"ListItem","position":2,"name":"Veikals","item":"https:\/\/miumjau.ee\/lv\/veikals\/"},{"@type":"ListItem","position":3,"name":"Frigera su\u0146u na\u0161\u0137is, zivju gredzens, 2 gab. (min. 110 g)"}]},{"@type":"WebSite","@id":"https:\/\/miumjau.ee\/#website","url":"https:\/\/miumjau.ee\/","name":"MiuMjau","description":"Kraapimispuud kassidele","publisher":{"@id":"https:\/\/miumjau.ee\/#organization"},"potentialAction":[{"@type":"SearchAction","target":{"@type":"EntryPoint","urlTemplate":"https:\/\/miumjau.ee\/?s={search_term_string}"},"query-input":{"@type":"PropertyValueSpecification","valueRequired":true,"valueName":"search_term_string"}}],"inLanguage":"lv-LV"},{"@type":"Organization","@id":"https:\/\/miumjau.ee\/#organization","name":"MiuMjau O\u00dc","url":"https:\/\/miumjau.ee\/","logo":{"@type":"ImageObject","inLanguage":"lv-LV","@id":"https:\/\/miumjau.ee\/#\/schema\/logo\/image\/","url":"https:\/\/miumjau.ee\/wp-content\/uploads\/2022\/04\/MiuMjau-logo-kollane.png","contentUrl":"https:\/\/miumjau.ee\/wp-content\/uploads\/2022\/04\/MiuMjau-logo-kollane.png","width":219,"height":100,"caption":"MiuMjau O\u00dc"},"image":{"@id":"https:\/\/miumjau.ee\/#\/schema\/logo\/image\/"},"sameAs":["https:\/\/www.facebook.com\/miumjaupood\/"]}]}},"_links":{"self":[{"href":"https:\/\/miumjau.ee\/lv\/wp-json\/wp\/v2\/product\/48507","targetHints":{"allow":["GET"]}}],"collection":[{"href":"https:\/\/miumjau.ee\/lv\/wp-json\/wp\/v2\/product"}],"about":[{"href":"https:\/\/miumjau.ee\/lv\/wp-json\/wp\/v2\/types\/product"}],"wp:featuredmedia":[{"embeddable":true,"href":"https:\/\/miumjau.ee\/lv\/wp-json\/wp\/v2\/media\/48505"}],"wp:attachment":[{"href":"https:\/\/miumjau.ee\/lv\/wp-json\/wp\/v2\/media?parent=48507"}],"wp:term":[{"taxonomy":"product_brand","embeddable":true,"href":"https:\/\/miumjau.ee\/lv\/wp-json\/wp\/v2\/product_brand?post=48507"},{"taxonomy":"product_cat","embeddable":true,"href":"https:\/\/miumjau.ee\/lv\/wp-json\/wp\/v2\/product_cat?post=48507"},{"taxonomy":"product_tag","embeddable":true,"href":"https:\/\/miumjau.ee\/lv\/wp-json\/wp\/v2\/product_tag?post=48507"}],"curies":[{"name":"wp","href":"https:\/\/api.w.org\/{rel}","templated":true}]}}