{"id":48500,"date":"2025-05-18T12:15:14","date_gmt":"2025-05-18T09:15:14","guid":{"rendered":"https:\/\/miumjau.ee\/toode\/frigera-zavetas-vistas-kajas-250-g\/"},"modified":"2026-01-07T21:18:38","modified_gmt":"2026-01-07T19:18:38","slug":"frigera-zavetas-vistas-kajas-250-g","status":"publish","type":"product","link":"https:\/\/miumjau.ee\/lv\/produkts\/frigera-zavetas-vistas-kajas-250-g\/","title":{"rendered":"Frigera \u017e\u0101v\u0113tas vistas k\u0101jas, 250 g"},"content":{"rendered":"","protected":false},"excerpt":{"rendered":"<p data-start=\"2689\" data-end=\"2786\">FRIGERA \u017e\u0101v\u0113tas vistas k\u0101jas ir dabisks un vesel\u012bgs na\u0161\u0137is, kas piem\u0113rots su\u0146iem visos izm\u0113ros!<\/p>\n<p data-start=\"2788\" data-end=\"3290\">Mekl\u0113jat lielisku un dabisku alternat\u012bvu loc\u012btavu piedev\u0101m? Izm\u0113\u0123iniet FRIGERA vistas k\u0101jas! \u012apa\u0161i krauk\u0161\u0137\u012bgas un pat\u012bkami krauk\u0161\u0137\u012bgas, \u0161\u012bs k\u0101jas ir ide\u0101ls un arvien popul\u0101r\u0101ks uzkodas variants j\u016bsu sunim. 100 % dab\u012bgas un gais\u0101 \u017e\u0101v\u0113tas, vistas k\u0101jas galvenok\u0101rt sast\u0101v no \u0101das, c\u012bpsl\u0101m, skrim\u0161\u013ciem un maziem kauliem. Viegl\u0101k sagremojamas un bag\u0101tas ar kalciju, kas atbalsta kaulu un zobu vesel\u012bbu. Augsts glikozam\u012bna un hondroit\u012bna saturs veicina loc\u012btavu vesel\u012bbu. Ko\u0161\u013c\u0101\u0161ana pal\u012bdz ar\u012b t\u012br\u012bt zobus.<\/p>\n<p data-start=\"3292\" data-end=\"3477\">Interesants fakts \u2013 daudz\u0101s pasaules viet\u0101s \u0161ie na\u0161\u0137i ir delikatese ar\u012b cilv\u0113kiem! Pateicoties nelielajam izm\u0113ram un \u0113rtajai porcijai, lieliski piem\u0113rots ar\u012b maziem un jauniem su\u0146iem.<\/p>\n<p data-start=\"3479\" data-end=\"3615\"><strong data-start=\"3479\" data-end=\"3494\">Neto svars:<\/strong> 250 g<br data-start=\"3500\" data-end=\"3503\" \/><strong data-start=\"3503\" data-end=\"3515\">Sast\u0101vs:<\/strong> 100 % vistas<br data-start=\"3528\" data-end=\"3531\" \/><strong data-start=\"3531\" data-end=\"3554\">Anal\u012btisk\u0101 sast\u0101va:<\/strong> Prote\u012bns 48,2 %, Tauki 34,3 %, Pelni 11,2 %, Mitrums 6,3 %<\/p>\n<p data-start=\"3617\" data-end=\"3848\"><strong data-start=\"3617\" data-end=\"3642\">Baro\u0161anas nor\u0101d\u012bjumi:<\/strong> Pied\u0101v\u0101jiet k\u0101 uzkodu vai balvu k\u0101 sabalans\u0113ta uztura da\u013cu. Vienm\u0113r uzraugiet su\u0146a baro\u0161anu un nodro\u0161iniet svaigu \u016bdeni. Piem\u0113rots ikdienas lieto\u0161anai, bet tikai uzraudz\u012bb\u0101. Nav piem\u0113rots cilv\u0113ku \u0113\u0161anai.<\/p>\n","protected":false},"featured_media":48501,"template":"","meta":[],"product_brand":[],"product_cat":[576],"product_tag":[],"class_list":{"0":"post-48500","1":"product","2":"type-product","3":"status-publish","4":"has-post-thumbnail","6":"product_cat-naski-suniem","8":"first","9":"instock","10":"taxable","11":"shipping-taxable","12":"purchasable","13":"product-type-simple"},"yoast_head":"<!-- This site is optimized with the Yoast SEO plugin v27.4 - https:\/\/yoast.com\/product\/yoast-seo-wordpress\/ -->\n<title>Frigera \u017e\u0101v\u0113tas vistas k\u0101jas, 250 g - MiuMjau<\/title>\n<meta name=\"robots\" content=\"index, follow, max-snippet:-1, max-image-preview:large, max-video-preview:-1\" \/>\n<link rel=\"canonical\" href=\"https:\/\/miumjau.ee\/lv\/produkts\/frigera-zavetas-vistas-kajas-250-g\/\" \/>\n<meta property=\"og:locale\" content=\"lv_LV\" \/>\n<meta property=\"og:type\" content=\"article\" \/>\n<meta property=\"og:title\" content=\"Frigera \u017e\u0101v\u0113tas vistas k\u0101jas, 250 g - MiuMjau\" \/>\n<meta property=\"og:description\" content=\"FRIGERA \u017e\u0101v\u0113tas vistas k\u0101jas ir dabisks un vesel\u012bgs na\u0161\u0137is, kas piem\u0113rots su\u0146iem visos izm\u0113ros! Mekl\u0113jat lielisku un dabisku alternat\u012bvu loc\u012btavu piedev\u0101m? Izm\u0113\u0123iniet FRIGERA vistas k\u0101jas! \u012apa\u0161i krauk\u0161\u0137\u012bgas un pat\u012bkami krauk\u0161\u0137\u012bgas, \u0161\u012bs k\u0101jas ir ide\u0101ls un arvien popul\u0101r\u0101ks uzkodas variants j\u016bsu sunim. 100 % dab\u012bgas un gais\u0101 \u017e\u0101v\u0113tas, vistas k\u0101jas galvenok\u0101rt sast\u0101v no \u0101das, c\u012bpsl\u0101m, skrim\u0161\u013ciem un maziem kauliem. Viegl\u0101k sagremojamas un bag\u0101tas ar kalciju, kas atbalsta kaulu un zobu vesel\u012bbu. Augsts glikozam\u012bna un hondroit\u012bna saturs veicina loc\u012btavu vesel\u012bbu. Ko\u0161\u013c\u0101\u0161ana pal\u012bdz ar\u012b t\u012br\u012bt zobus. Interesants fakts \u2013 daudz\u0101s pasaules viet\u0101s \u0161ie na\u0161\u0137i ir delikatese ar\u012b cilv\u0113kiem! Pateicoties nelielajam izm\u0113ram un \u0113rtajai porcijai, lieliski piem\u0113rots ar\u012b maziem un jauniem su\u0146iem. Neto svars: 250 gSast\u0101vs: 100 % vistasAnal\u012btisk\u0101 sast\u0101va: Prote\u012bns 48,2 %, Tauki 34,3 %, Pelni 11,2 %, Mitrums 6,3 % Baro\u0161anas nor\u0101d\u012bjumi: Pied\u0101v\u0101jiet k\u0101 uzkodu vai balvu k\u0101 sabalans\u0113ta uztura da\u013cu. Vienm\u0113r uzraugiet su\u0146a baro\u0161anu un nodro\u0161iniet svaigu \u016bdeni. Piem\u0113rots ikdienas lieto\u0161anai, bet tikai uzraudz\u012bb\u0101. Nav piem\u0113rots cilv\u0113ku \u0113\u0161anai.\" \/>\n<meta property=\"og:url\" content=\"https:\/\/miumjau.ee\/lv\/produkts\/frigera-zavetas-vistas-kajas-250-g\/\" \/>\n<meta property=\"og:site_name\" content=\"MiuMjau\" \/>\n<meta property=\"article:publisher\" content=\"https:\/\/www.facebook.com\/miumjaupood\/\" \/>\n<meta property=\"article:modified_time\" content=\"2026-01-07T19:18:38+00:00\" \/>\n<meta property=\"og:image\" content=\"https:\/\/miumjau.ee\/wp-content\/uploads\/2025\/05\/frigera-koerte-maius-kanajalad-250g-1-Photoroom.webp\" \/>\n\t<meta property=\"og:image:width\" content=\"600\" \/>\n\t<meta property=\"og:image:height\" content=\"800\" \/>\n\t<meta property=\"og:image:type\" content=\"image\/webp\" \/>\n<meta name=\"twitter:card\" content=\"summary_large_image\" \/>\n<script type=\"application\/ld+json\" class=\"yoast-schema-graph\">{\"@context\":\"https:\\\/\\\/schema.org\",\"@graph\":[{\"@type\":\"WebPage\",\"@id\":\"https:\\\/\\\/miumjau.ee\\\/lv\\\/produkts\\\/frigera-zavetas-vistas-kajas-250-g\\\/\",\"url\":\"https:\\\/\\\/miumjau.ee\\\/lv\\\/produkts\\\/frigera-zavetas-vistas-kajas-250-g\\\/\",\"name\":\"Frigera \u017e\u0101v\u0113tas vistas k\u0101jas, 250 g - MiuMjau\",\"isPartOf\":{\"@id\":\"https:\\\/\\\/miumjau.ee\\\/#website\"},\"primaryImageOfPage\":{\"@id\":\"https:\\\/\\\/miumjau.ee\\\/lv\\\/produkts\\\/frigera-zavetas-vistas-kajas-250-g\\\/#primaryimage\"},\"image\":{\"@id\":\"https:\\\/\\\/miumjau.ee\\\/lv\\\/produkts\\\/frigera-zavetas-vistas-kajas-250-g\\\/#primaryimage\"},\"thumbnailUrl\":\"https:\\\/\\\/miumjau.ee\\\/wp-content\\\/uploads\\\/2025\\\/05\\\/frigera-koerte-maius-kanajalad-250g-1-Photoroom.webp\",\"datePublished\":\"2025-05-18T09:15:14+00:00\",\"dateModified\":\"2026-01-07T19:18:38+00:00\",\"breadcrumb\":{\"@id\":\"https:\\\/\\\/miumjau.ee\\\/lv\\\/produkts\\\/frigera-zavetas-vistas-kajas-250-g\\\/#breadcrumb\"},\"inLanguage\":\"lv-LV\",\"potentialAction\":[{\"@type\":\"ReadAction\",\"target\":[\"https:\\\/\\\/miumjau.ee\\\/lv\\\/produkts\\\/frigera-zavetas-vistas-kajas-250-g\\\/\"]}]},{\"@type\":\"ImageObject\",\"inLanguage\":\"lv-LV\",\"@id\":\"https:\\\/\\\/miumjau.ee\\\/lv\\\/produkts\\\/frigera-zavetas-vistas-kajas-250-g\\\/#primaryimage\",\"url\":\"https:\\\/\\\/miumjau.ee\\\/wp-content\\\/uploads\\\/2025\\\/05\\\/frigera-koerte-maius-kanajalad-250g-1-Photoroom.webp\",\"contentUrl\":\"https:\\\/\\\/miumjau.ee\\\/wp-content\\\/uploads\\\/2025\\\/05\\\/frigera-koerte-maius-kanajalad-250g-1-Photoroom.webp\",\"width\":600,\"height\":800},{\"@type\":\"BreadcrumbList\",\"@id\":\"https:\\\/\\\/miumjau.ee\\\/lv\\\/produkts\\\/frigera-zavetas-vistas-kajas-250-g\\\/#breadcrumb\",\"itemListElement\":[{\"@type\":\"ListItem\",\"position\":1,\"name\":\"Home\",\"item\":\"https:\\\/\\\/miumjau.ee\\\/lv\\\/\"},{\"@type\":\"ListItem\",\"position\":2,\"name\":\"Veikals\",\"item\":\"https:\\\/\\\/miumjau.ee\\\/lv\\\/veikals\\\/\"},{\"@type\":\"ListItem\",\"position\":3,\"name\":\"Frigera \u017e\u0101v\u0113tas vistas k\u0101jas, 250 g\"}]},{\"@type\":\"WebSite\",\"@id\":\"https:\\\/\\\/miumjau.ee\\\/#website\",\"url\":\"https:\\\/\\\/miumjau.ee\\\/\",\"name\":\"MiuMjau\",\"description\":\"Kraapimispuud kassidele\",\"publisher\":{\"@id\":\"https:\\\/\\\/miumjau.ee\\\/#organization\"},\"potentialAction\":[{\"@type\":\"SearchAction\",\"target\":{\"@type\":\"EntryPoint\",\"urlTemplate\":\"https:\\\/\\\/miumjau.ee\\\/?s={search_term_string}\"},\"query-input\":{\"@type\":\"PropertyValueSpecification\",\"valueRequired\":true,\"valueName\":\"search_term_string\"}}],\"inLanguage\":\"lv-LV\"},{\"@type\":\"Organization\",\"@id\":\"https:\\\/\\\/miumjau.ee\\\/#organization\",\"name\":\"MiuMjau O\u00dc\",\"url\":\"https:\\\/\\\/miumjau.ee\\\/\",\"logo\":{\"@type\":\"ImageObject\",\"inLanguage\":\"lv-LV\",\"@id\":\"https:\\\/\\\/miumjau.ee\\\/#\\\/schema\\\/logo\\\/image\\\/\",\"url\":\"https:\\\/\\\/miumjau.ee\\\/wp-content\\\/uploads\\\/2022\\\/04\\\/MiuMjau-logo-kollane.png\",\"contentUrl\":\"https:\\\/\\\/miumjau.ee\\\/wp-content\\\/uploads\\\/2022\\\/04\\\/MiuMjau-logo-kollane.png\",\"width\":219,\"height\":100,\"caption\":\"MiuMjau O\u00dc\"},\"image\":{\"@id\":\"https:\\\/\\\/miumjau.ee\\\/#\\\/schema\\\/logo\\\/image\\\/\"},\"sameAs\":[\"https:\\\/\\\/www.facebook.com\\\/miumjaupood\\\/\"]}]}<\/script>\n<!-- \/ Yoast SEO plugin. -->","yoast_head_json":{"title":"Frigera \u017e\u0101v\u0113tas vistas k\u0101jas, 250 g - MiuMjau","robots":{"index":"index","follow":"follow","max-snippet":"max-snippet:-1","max-image-preview":"max-image-preview:large","max-video-preview":"max-video-preview:-1"},"canonical":"https:\/\/miumjau.ee\/lv\/produkts\/frigera-zavetas-vistas-kajas-250-g\/","og_locale":"lv_LV","og_type":"article","og_title":"Frigera \u017e\u0101v\u0113tas vistas k\u0101jas, 250 g - MiuMjau","og_description":"FRIGERA \u017e\u0101v\u0113tas vistas k\u0101jas ir dabisks un vesel\u012bgs na\u0161\u0137is, kas piem\u0113rots su\u0146iem visos izm\u0113ros! Mekl\u0113jat lielisku un dabisku alternat\u012bvu loc\u012btavu piedev\u0101m? Izm\u0113\u0123iniet FRIGERA vistas k\u0101jas! \u012apa\u0161i krauk\u0161\u0137\u012bgas un pat\u012bkami krauk\u0161\u0137\u012bgas, \u0161\u012bs k\u0101jas ir ide\u0101ls un arvien popul\u0101r\u0101ks uzkodas variants j\u016bsu sunim. 100 % dab\u012bgas un gais\u0101 \u017e\u0101v\u0113tas, vistas k\u0101jas galvenok\u0101rt sast\u0101v no \u0101das, c\u012bpsl\u0101m, skrim\u0161\u013ciem un maziem kauliem. Viegl\u0101k sagremojamas un bag\u0101tas ar kalciju, kas atbalsta kaulu un zobu vesel\u012bbu. Augsts glikozam\u012bna un hondroit\u012bna saturs veicina loc\u012btavu vesel\u012bbu. Ko\u0161\u013c\u0101\u0161ana pal\u012bdz ar\u012b t\u012br\u012bt zobus. Interesants fakts \u2013 daudz\u0101s pasaules viet\u0101s \u0161ie na\u0161\u0137i ir delikatese ar\u012b cilv\u0113kiem! Pateicoties nelielajam izm\u0113ram un \u0113rtajai porcijai, lieliski piem\u0113rots ar\u012b maziem un jauniem su\u0146iem. Neto svars: 250 gSast\u0101vs: 100 % vistasAnal\u012btisk\u0101 sast\u0101va: Prote\u012bns 48,2 %, Tauki 34,3 %, Pelni 11,2 %, Mitrums 6,3 % Baro\u0161anas nor\u0101d\u012bjumi: Pied\u0101v\u0101jiet k\u0101 uzkodu vai balvu k\u0101 sabalans\u0113ta uztura da\u013cu. Vienm\u0113r uzraugiet su\u0146a baro\u0161anu un nodro\u0161iniet svaigu \u016bdeni. Piem\u0113rots ikdienas lieto\u0161anai, bet tikai uzraudz\u012bb\u0101. Nav piem\u0113rots cilv\u0113ku \u0113\u0161anai.","og_url":"https:\/\/miumjau.ee\/lv\/produkts\/frigera-zavetas-vistas-kajas-250-g\/","og_site_name":"MiuMjau","article_publisher":"https:\/\/www.facebook.com\/miumjaupood\/","article_modified_time":"2026-01-07T19:18:38+00:00","og_image":[{"width":600,"height":800,"url":"https:\/\/miumjau.ee\/wp-content\/uploads\/2025\/05\/frigera-koerte-maius-kanajalad-250g-1-Photoroom.webp","type":"image\/webp"}],"twitter_card":"summary_large_image","schema":{"@context":"https:\/\/schema.org","@graph":[{"@type":"WebPage","@id":"https:\/\/miumjau.ee\/lv\/produkts\/frigera-zavetas-vistas-kajas-250-g\/","url":"https:\/\/miumjau.ee\/lv\/produkts\/frigera-zavetas-vistas-kajas-250-g\/","name":"Frigera \u017e\u0101v\u0113tas vistas k\u0101jas, 250 g - MiuMjau","isPartOf":{"@id":"https:\/\/miumjau.ee\/#website"},"primaryImageOfPage":{"@id":"https:\/\/miumjau.ee\/lv\/produkts\/frigera-zavetas-vistas-kajas-250-g\/#primaryimage"},"image":{"@id":"https:\/\/miumjau.ee\/lv\/produkts\/frigera-zavetas-vistas-kajas-250-g\/#primaryimage"},"thumbnailUrl":"https:\/\/miumjau.ee\/wp-content\/uploads\/2025\/05\/frigera-koerte-maius-kanajalad-250g-1-Photoroom.webp","datePublished":"2025-05-18T09:15:14+00:00","dateModified":"2026-01-07T19:18:38+00:00","breadcrumb":{"@id":"https:\/\/miumjau.ee\/lv\/produkts\/frigera-zavetas-vistas-kajas-250-g\/#breadcrumb"},"inLanguage":"lv-LV","potentialAction":[{"@type":"ReadAction","target":["https:\/\/miumjau.ee\/lv\/produkts\/frigera-zavetas-vistas-kajas-250-g\/"]}]},{"@type":"ImageObject","inLanguage":"lv-LV","@id":"https:\/\/miumjau.ee\/lv\/produkts\/frigera-zavetas-vistas-kajas-250-g\/#primaryimage","url":"https:\/\/miumjau.ee\/wp-content\/uploads\/2025\/05\/frigera-koerte-maius-kanajalad-250g-1-Photoroom.webp","contentUrl":"https:\/\/miumjau.ee\/wp-content\/uploads\/2025\/05\/frigera-koerte-maius-kanajalad-250g-1-Photoroom.webp","width":600,"height":800},{"@type":"BreadcrumbList","@id":"https:\/\/miumjau.ee\/lv\/produkts\/frigera-zavetas-vistas-kajas-250-g\/#breadcrumb","itemListElement":[{"@type":"ListItem","position":1,"name":"Home","item":"https:\/\/miumjau.ee\/lv\/"},{"@type":"ListItem","position":2,"name":"Veikals","item":"https:\/\/miumjau.ee\/lv\/veikals\/"},{"@type":"ListItem","position":3,"name":"Frigera \u017e\u0101v\u0113tas vistas k\u0101jas, 250 g"}]},{"@type":"WebSite","@id":"https:\/\/miumjau.ee\/#website","url":"https:\/\/miumjau.ee\/","name":"MiuMjau","description":"Kraapimispuud kassidele","publisher":{"@id":"https:\/\/miumjau.ee\/#organization"},"potentialAction":[{"@type":"SearchAction","target":{"@type":"EntryPoint","urlTemplate":"https:\/\/miumjau.ee\/?s={search_term_string}"},"query-input":{"@type":"PropertyValueSpecification","valueRequired":true,"valueName":"search_term_string"}}],"inLanguage":"lv-LV"},{"@type":"Organization","@id":"https:\/\/miumjau.ee\/#organization","name":"MiuMjau O\u00dc","url":"https:\/\/miumjau.ee\/","logo":{"@type":"ImageObject","inLanguage":"lv-LV","@id":"https:\/\/miumjau.ee\/#\/schema\/logo\/image\/","url":"https:\/\/miumjau.ee\/wp-content\/uploads\/2022\/04\/MiuMjau-logo-kollane.png","contentUrl":"https:\/\/miumjau.ee\/wp-content\/uploads\/2022\/04\/MiuMjau-logo-kollane.png","width":219,"height":100,"caption":"MiuMjau O\u00dc"},"image":{"@id":"https:\/\/miumjau.ee\/#\/schema\/logo\/image\/"},"sameAs":["https:\/\/www.facebook.com\/miumjaupood\/"]}]}},"_links":{"self":[{"href":"https:\/\/miumjau.ee\/lv\/wp-json\/wp\/v2\/product\/48500","targetHints":{"allow":["GET"]}}],"collection":[{"href":"https:\/\/miumjau.ee\/lv\/wp-json\/wp\/v2\/product"}],"about":[{"href":"https:\/\/miumjau.ee\/lv\/wp-json\/wp\/v2\/types\/product"}],"wp:featuredmedia":[{"embeddable":true,"href":"https:\/\/miumjau.ee\/lv\/wp-json\/wp\/v2\/media\/48501"}],"wp:attachment":[{"href":"https:\/\/miumjau.ee\/lv\/wp-json\/wp\/v2\/media?parent=48500"}],"wp:term":[{"taxonomy":"product_brand","embeddable":true,"href":"https:\/\/miumjau.ee\/lv\/wp-json\/wp\/v2\/product_brand?post=48500"},{"taxonomy":"product_cat","embeddable":true,"href":"https:\/\/miumjau.ee\/lv\/wp-json\/wp\/v2\/product_cat?post=48500"},{"taxonomy":"product_tag","embeddable":true,"href":"https:\/\/miumjau.ee\/lv\/wp-json\/wp\/v2\/product_tag?post=48500"}],"curies":[{"name":"wp","href":"https:\/\/api.w.org\/{rel}","templated":true}]}}