{"id":48493,"date":"2025-05-20T23:55:36","date_gmt":"2025-05-20T20:55:36","guid":{"rendered":"https:\/\/miumjau.ee\/toode\/frigera-liellopu-ausis-ar-galu-500-g\/"},"modified":"2026-01-07T21:18:45","modified_gmt":"2026-01-07T19:18:45","slug":"frigera-liellopu-ausis-ar-galu-500-g","status":"publish","type":"product","link":"https:\/\/miumjau.ee\/lv\/produkts\/frigera-liellopu-ausis-ar-galu-500-g\/","title":{"rendered":"Frigera liellopu ausis ar ga\u013cu, 500 g"},"content":{"rendered":"","protected":false},"excerpt":{"rendered":"<p data-start=\"2500\" data-end=\"2563\">Frigera liellopu ausis ar ga\u013cu \u2013 klasisk\u0101 un barojo\u0161\u0101 uzkoda!<\/p>\n<p data-start=\"2565\" data-end=\"2828\">Vai, t\u0101pat k\u0101 liel\u0101k\u0101 da\u013ca su\u0146u \u012bpa\u0161nieku, j\u016bs palutin\u0101t savu \u010detrk\u0101jaino draugu ar gardiem na\u0161\u0137iem? P\u0101rliecinieties, ka tas ir ar\u012b vesel\u012bgs! Viens no visu laiku popul\u0101r\u0101kajiem klasiskajiem na\u0161\u0137iem \u2013 liellopu ausis ar ga\u013cu \u2013 ir tie\u0161i tas, kas jums nepiecie\u0161ams!<\/p>\n<p data-start=\"2830\" data-end=\"3039\">Izgatavotas no br\u012bvi tur\u0113t\u0101m liellopiem, kuri netika baroti ar antibiotik\u0101m, steroidiem vai hormoniem. Dabiski ar zemu tauku saturu un bez smar\u017eas, bet ar stingru strukt\u016bru \u2013 lieliska alternat\u012bva c\u016bku aus\u012bm.<\/p>\n<p data-start=\"3041\" data-end=\"3296\">\u0160\u012b uzkoda nodro\u0161ina ilgsto\u0161u ko\u0161\u013c\u0101\u0161anas prieku un atbalsta gremo\u0161anu. Savienojums no skrim\u0161\u013ca, \u0101das un ga\u013cas padara to par patiesi v\u0113rt\u012bgu kumosu. Bag\u0101ts ar glikozam\u012bnu un hondroit\u012bnu loc\u012btavu vesel\u012bbai, k\u0101 ar\u012b daudz omega-3 tauksk\u0101bju, cinka un sel\u0113na.<\/p>\n<p data-start=\"3298\" data-end=\"3430\"><strong data-start=\"3298\" data-end=\"3310\">Sast\u0101vs:<\/strong> 100 % liellopu ga\u013ca<br data-start=\"3330\" data-end=\"3333\" \/><strong data-start=\"3333\" data-end=\"3348\">Neto svars:<\/strong> 500 g<br data-start=\"3354\" data-end=\"3357\" \/><strong data-start=\"3357\" data-end=\"3382\">Anal\u012btiskais sast\u0101vs:<\/strong> Prote\u012bns 85,1 %, Tauki 1,16 %, Mitrums 6,73 %<\/p>\n<p data-start=\"3432\" data-end=\"3616\"><strong data-start=\"3432\" data-end=\"3457\">Baro\u0161anas nor\u0101d\u012bjumi:<\/strong> Pied\u0101v\u0101jiet k\u0101 uzkodu vai balvu k\u0101 sabalans\u0113ta uztura sast\u0101vda\u013cu. Vienm\u0113r uzraugiet su\u0146a baro\u0161anu un nodro\u0161iniet svaigu \u016bdeni. Nav piem\u0113rots cilv\u0113ku \u0113\u0161anai.<\/p>\n","protected":false},"featured_media":48491,"template":"","meta":[],"product_brand":[],"product_cat":[573,576],"product_tag":[],"class_list":{"0":"post-48493","1":"product","2":"type-product","3":"status-publish","4":"has-post-thumbnail","6":"product_cat-kaup24-lv","7":"product_cat-naski-suniem","9":"first","10":"instock","11":"taxable","12":"shipping-taxable","13":"purchasable","14":"product-type-simple"},"yoast_head":"<!-- This site is optimized with the Yoast SEO plugin v27.4 - https:\/\/yoast.com\/product\/yoast-seo-wordpress\/ -->\n<title>Frigera liellopu ausis ar ga\u013cu, 500 g - MiuMjau<\/title>\n<meta name=\"robots\" content=\"index, follow, max-snippet:-1, max-image-preview:large, max-video-preview:-1\" \/>\n<link rel=\"canonical\" href=\"https:\/\/miumjau.ee\/lv\/produkts\/frigera-liellopu-ausis-ar-galu-500-g\/\" \/>\n<meta property=\"og:locale\" content=\"lv_LV\" \/>\n<meta property=\"og:type\" content=\"article\" \/>\n<meta property=\"og:title\" content=\"Frigera liellopu ausis ar ga\u013cu, 500 g - MiuMjau\" \/>\n<meta property=\"og:description\" content=\"Frigera liellopu ausis ar ga\u013cu \u2013 klasisk\u0101 un barojo\u0161\u0101 uzkoda! Vai, t\u0101pat k\u0101 liel\u0101k\u0101 da\u013ca su\u0146u \u012bpa\u0161nieku, j\u016bs palutin\u0101t savu \u010detrk\u0101jaino draugu ar gardiem na\u0161\u0137iem? P\u0101rliecinieties, ka tas ir ar\u012b vesel\u012bgs! Viens no visu laiku popul\u0101r\u0101kajiem klasiskajiem na\u0161\u0137iem \u2013 liellopu ausis ar ga\u013cu \u2013 ir tie\u0161i tas, kas jums nepiecie\u0161ams! Izgatavotas no br\u012bvi tur\u0113t\u0101m liellopiem, kuri netika baroti ar antibiotik\u0101m, steroidiem vai hormoniem. Dabiski ar zemu tauku saturu un bez smar\u017eas, bet ar stingru strukt\u016bru \u2013 lieliska alternat\u012bva c\u016bku aus\u012bm. \u0160\u012b uzkoda nodro\u0161ina ilgsto\u0161u ko\u0161\u013c\u0101\u0161anas prieku un atbalsta gremo\u0161anu. Savienojums no skrim\u0161\u013ca, \u0101das un ga\u013cas padara to par patiesi v\u0113rt\u012bgu kumosu. Bag\u0101ts ar glikozam\u012bnu un hondroit\u012bnu loc\u012btavu vesel\u012bbai, k\u0101 ar\u012b daudz omega-3 tauksk\u0101bju, cinka un sel\u0113na. Sast\u0101vs: 100 % liellopu ga\u013caNeto svars: 500 gAnal\u012btiskais sast\u0101vs: Prote\u012bns 85,1 %, Tauki 1,16 %, Mitrums 6,73 % Baro\u0161anas nor\u0101d\u012bjumi: Pied\u0101v\u0101jiet k\u0101 uzkodu vai balvu k\u0101 sabalans\u0113ta uztura sast\u0101vda\u013cu. Vienm\u0113r uzraugiet su\u0146a baro\u0161anu un nodro\u0161iniet svaigu \u016bdeni. Nav piem\u0113rots cilv\u0113ku \u0113\u0161anai.\" \/>\n<meta property=\"og:url\" content=\"https:\/\/miumjau.ee\/lv\/produkts\/frigera-liellopu-ausis-ar-galu-500-g\/\" \/>\n<meta property=\"og:site_name\" content=\"MiuMjau\" \/>\n<meta property=\"article:publisher\" content=\"https:\/\/www.facebook.com\/miumjaupood\/\" \/>\n<meta property=\"article:modified_time\" content=\"2026-01-07T19:18:45+00:00\" \/>\n<meta property=\"og:image\" content=\"https:\/\/miumjau.ee\/wp-content\/uploads\/2025\/05\/frigera-koerte-maius-veisekorvad-lihaga-500g-1-Photoroom.jpg\" \/>\n\t<meta property=\"og:image:width\" content=\"600\" \/>\n\t<meta property=\"og:image:height\" content=\"800\" \/>\n\t<meta property=\"og:image:type\" content=\"image\/jpeg\" \/>\n<meta name=\"twitter:card\" content=\"summary_large_image\" \/>\n<script type=\"application\/ld+json\" class=\"yoast-schema-graph\">{\"@context\":\"https:\\\/\\\/schema.org\",\"@graph\":[{\"@type\":\"WebPage\",\"@id\":\"https:\\\/\\\/miumjau.ee\\\/lv\\\/produkts\\\/frigera-liellopu-ausis-ar-galu-500-g\\\/\",\"url\":\"https:\\\/\\\/miumjau.ee\\\/lv\\\/produkts\\\/frigera-liellopu-ausis-ar-galu-500-g\\\/\",\"name\":\"Frigera liellopu ausis ar ga\u013cu, 500 g - MiuMjau\",\"isPartOf\":{\"@id\":\"https:\\\/\\\/miumjau.ee\\\/#website\"},\"primaryImageOfPage\":{\"@id\":\"https:\\\/\\\/miumjau.ee\\\/lv\\\/produkts\\\/frigera-liellopu-ausis-ar-galu-500-g\\\/#primaryimage\"},\"image\":{\"@id\":\"https:\\\/\\\/miumjau.ee\\\/lv\\\/produkts\\\/frigera-liellopu-ausis-ar-galu-500-g\\\/#primaryimage\"},\"thumbnailUrl\":\"https:\\\/\\\/miumjau.ee\\\/wp-content\\\/uploads\\\/2025\\\/05\\\/frigera-koerte-maius-veisekorvad-lihaga-500g-1-Photoroom.jpg\",\"datePublished\":\"2025-05-20T20:55:36+00:00\",\"dateModified\":\"2026-01-07T19:18:45+00:00\",\"breadcrumb\":{\"@id\":\"https:\\\/\\\/miumjau.ee\\\/lv\\\/produkts\\\/frigera-liellopu-ausis-ar-galu-500-g\\\/#breadcrumb\"},\"inLanguage\":\"lv-LV\",\"potentialAction\":[{\"@type\":\"ReadAction\",\"target\":[\"https:\\\/\\\/miumjau.ee\\\/lv\\\/produkts\\\/frigera-liellopu-ausis-ar-galu-500-g\\\/\"]}]},{\"@type\":\"ImageObject\",\"inLanguage\":\"lv-LV\",\"@id\":\"https:\\\/\\\/miumjau.ee\\\/lv\\\/produkts\\\/frigera-liellopu-ausis-ar-galu-500-g\\\/#primaryimage\",\"url\":\"https:\\\/\\\/miumjau.ee\\\/wp-content\\\/uploads\\\/2025\\\/05\\\/frigera-koerte-maius-veisekorvad-lihaga-500g-1-Photoroom.jpg\",\"contentUrl\":\"https:\\\/\\\/miumjau.ee\\\/wp-content\\\/uploads\\\/2025\\\/05\\\/frigera-koerte-maius-veisekorvad-lihaga-500g-1-Photoroom.jpg\",\"width\":600,\"height\":800},{\"@type\":\"BreadcrumbList\",\"@id\":\"https:\\\/\\\/miumjau.ee\\\/lv\\\/produkts\\\/frigera-liellopu-ausis-ar-galu-500-g\\\/#breadcrumb\",\"itemListElement\":[{\"@type\":\"ListItem\",\"position\":1,\"name\":\"Home\",\"item\":\"https:\\\/\\\/miumjau.ee\\\/lv\\\/\"},{\"@type\":\"ListItem\",\"position\":2,\"name\":\"Veikals\",\"item\":\"https:\\\/\\\/miumjau.ee\\\/lv\\\/veikals\\\/\"},{\"@type\":\"ListItem\",\"position\":3,\"name\":\"Frigera liellopu ausis ar ga\u013cu, 500 g\"}]},{\"@type\":\"WebSite\",\"@id\":\"https:\\\/\\\/miumjau.ee\\\/#website\",\"url\":\"https:\\\/\\\/miumjau.ee\\\/\",\"name\":\"MiuMjau\",\"description\":\"Kraapimispuud kassidele\",\"publisher\":{\"@id\":\"https:\\\/\\\/miumjau.ee\\\/#organization\"},\"potentialAction\":[{\"@type\":\"SearchAction\",\"target\":{\"@type\":\"EntryPoint\",\"urlTemplate\":\"https:\\\/\\\/miumjau.ee\\\/?s={search_term_string}\"},\"query-input\":{\"@type\":\"PropertyValueSpecification\",\"valueRequired\":true,\"valueName\":\"search_term_string\"}}],\"inLanguage\":\"lv-LV\"},{\"@type\":\"Organization\",\"@id\":\"https:\\\/\\\/miumjau.ee\\\/#organization\",\"name\":\"MiuMjau O\u00dc\",\"url\":\"https:\\\/\\\/miumjau.ee\\\/\",\"logo\":{\"@type\":\"ImageObject\",\"inLanguage\":\"lv-LV\",\"@id\":\"https:\\\/\\\/miumjau.ee\\\/#\\\/schema\\\/logo\\\/image\\\/\",\"url\":\"https:\\\/\\\/miumjau.ee\\\/wp-content\\\/uploads\\\/2022\\\/04\\\/MiuMjau-logo-kollane.png\",\"contentUrl\":\"https:\\\/\\\/miumjau.ee\\\/wp-content\\\/uploads\\\/2022\\\/04\\\/MiuMjau-logo-kollane.png\",\"width\":219,\"height\":100,\"caption\":\"MiuMjau O\u00dc\"},\"image\":{\"@id\":\"https:\\\/\\\/miumjau.ee\\\/#\\\/schema\\\/logo\\\/image\\\/\"},\"sameAs\":[\"https:\\\/\\\/www.facebook.com\\\/miumjaupood\\\/\"]}]}<\/script>\n<!-- \/ Yoast SEO plugin. -->","yoast_head_json":{"title":"Frigera liellopu ausis ar ga\u013cu, 500 g - MiuMjau","robots":{"index":"index","follow":"follow","max-snippet":"max-snippet:-1","max-image-preview":"max-image-preview:large","max-video-preview":"max-video-preview:-1"},"canonical":"https:\/\/miumjau.ee\/lv\/produkts\/frigera-liellopu-ausis-ar-galu-500-g\/","og_locale":"lv_LV","og_type":"article","og_title":"Frigera liellopu ausis ar ga\u013cu, 500 g - MiuMjau","og_description":"Frigera liellopu ausis ar ga\u013cu \u2013 klasisk\u0101 un barojo\u0161\u0101 uzkoda! Vai, t\u0101pat k\u0101 liel\u0101k\u0101 da\u013ca su\u0146u \u012bpa\u0161nieku, j\u016bs palutin\u0101t savu \u010detrk\u0101jaino draugu ar gardiem na\u0161\u0137iem? P\u0101rliecinieties, ka tas ir ar\u012b vesel\u012bgs! Viens no visu laiku popul\u0101r\u0101kajiem klasiskajiem na\u0161\u0137iem \u2013 liellopu ausis ar ga\u013cu \u2013 ir tie\u0161i tas, kas jums nepiecie\u0161ams! Izgatavotas no br\u012bvi tur\u0113t\u0101m liellopiem, kuri netika baroti ar antibiotik\u0101m, steroidiem vai hormoniem. Dabiski ar zemu tauku saturu un bez smar\u017eas, bet ar stingru strukt\u016bru \u2013 lieliska alternat\u012bva c\u016bku aus\u012bm. \u0160\u012b uzkoda nodro\u0161ina ilgsto\u0161u ko\u0161\u013c\u0101\u0161anas prieku un atbalsta gremo\u0161anu. Savienojums no skrim\u0161\u013ca, \u0101das un ga\u013cas padara to par patiesi v\u0113rt\u012bgu kumosu. Bag\u0101ts ar glikozam\u012bnu un hondroit\u012bnu loc\u012btavu vesel\u012bbai, k\u0101 ar\u012b daudz omega-3 tauksk\u0101bju, cinka un sel\u0113na. Sast\u0101vs: 100 % liellopu ga\u013caNeto svars: 500 gAnal\u012btiskais sast\u0101vs: Prote\u012bns 85,1 %, Tauki 1,16 %, Mitrums 6,73 % Baro\u0161anas nor\u0101d\u012bjumi: Pied\u0101v\u0101jiet k\u0101 uzkodu vai balvu k\u0101 sabalans\u0113ta uztura sast\u0101vda\u013cu. Vienm\u0113r uzraugiet su\u0146a baro\u0161anu un nodro\u0161iniet svaigu \u016bdeni. Nav piem\u0113rots cilv\u0113ku \u0113\u0161anai.","og_url":"https:\/\/miumjau.ee\/lv\/produkts\/frigera-liellopu-ausis-ar-galu-500-g\/","og_site_name":"MiuMjau","article_publisher":"https:\/\/www.facebook.com\/miumjaupood\/","article_modified_time":"2026-01-07T19:18:45+00:00","og_image":[{"width":600,"height":800,"url":"https:\/\/miumjau.ee\/wp-content\/uploads\/2025\/05\/frigera-koerte-maius-veisekorvad-lihaga-500g-1-Photoroom.jpg","type":"image\/jpeg"}],"twitter_card":"summary_large_image","schema":{"@context":"https:\/\/schema.org","@graph":[{"@type":"WebPage","@id":"https:\/\/miumjau.ee\/lv\/produkts\/frigera-liellopu-ausis-ar-galu-500-g\/","url":"https:\/\/miumjau.ee\/lv\/produkts\/frigera-liellopu-ausis-ar-galu-500-g\/","name":"Frigera liellopu ausis ar ga\u013cu, 500 g - MiuMjau","isPartOf":{"@id":"https:\/\/miumjau.ee\/#website"},"primaryImageOfPage":{"@id":"https:\/\/miumjau.ee\/lv\/produkts\/frigera-liellopu-ausis-ar-galu-500-g\/#primaryimage"},"image":{"@id":"https:\/\/miumjau.ee\/lv\/produkts\/frigera-liellopu-ausis-ar-galu-500-g\/#primaryimage"},"thumbnailUrl":"https:\/\/miumjau.ee\/wp-content\/uploads\/2025\/05\/frigera-koerte-maius-veisekorvad-lihaga-500g-1-Photoroom.jpg","datePublished":"2025-05-20T20:55:36+00:00","dateModified":"2026-01-07T19:18:45+00:00","breadcrumb":{"@id":"https:\/\/miumjau.ee\/lv\/produkts\/frigera-liellopu-ausis-ar-galu-500-g\/#breadcrumb"},"inLanguage":"lv-LV","potentialAction":[{"@type":"ReadAction","target":["https:\/\/miumjau.ee\/lv\/produkts\/frigera-liellopu-ausis-ar-galu-500-g\/"]}]},{"@type":"ImageObject","inLanguage":"lv-LV","@id":"https:\/\/miumjau.ee\/lv\/produkts\/frigera-liellopu-ausis-ar-galu-500-g\/#primaryimage","url":"https:\/\/miumjau.ee\/wp-content\/uploads\/2025\/05\/frigera-koerte-maius-veisekorvad-lihaga-500g-1-Photoroom.jpg","contentUrl":"https:\/\/miumjau.ee\/wp-content\/uploads\/2025\/05\/frigera-koerte-maius-veisekorvad-lihaga-500g-1-Photoroom.jpg","width":600,"height":800},{"@type":"BreadcrumbList","@id":"https:\/\/miumjau.ee\/lv\/produkts\/frigera-liellopu-ausis-ar-galu-500-g\/#breadcrumb","itemListElement":[{"@type":"ListItem","position":1,"name":"Home","item":"https:\/\/miumjau.ee\/lv\/"},{"@type":"ListItem","position":2,"name":"Veikals","item":"https:\/\/miumjau.ee\/lv\/veikals\/"},{"@type":"ListItem","position":3,"name":"Frigera liellopu ausis ar ga\u013cu, 500 g"}]},{"@type":"WebSite","@id":"https:\/\/miumjau.ee\/#website","url":"https:\/\/miumjau.ee\/","name":"MiuMjau","description":"Kraapimispuud kassidele","publisher":{"@id":"https:\/\/miumjau.ee\/#organization"},"potentialAction":[{"@type":"SearchAction","target":{"@type":"EntryPoint","urlTemplate":"https:\/\/miumjau.ee\/?s={search_term_string}"},"query-input":{"@type":"PropertyValueSpecification","valueRequired":true,"valueName":"search_term_string"}}],"inLanguage":"lv-LV"},{"@type":"Organization","@id":"https:\/\/miumjau.ee\/#organization","name":"MiuMjau O\u00dc","url":"https:\/\/miumjau.ee\/","logo":{"@type":"ImageObject","inLanguage":"lv-LV","@id":"https:\/\/miumjau.ee\/#\/schema\/logo\/image\/","url":"https:\/\/miumjau.ee\/wp-content\/uploads\/2022\/04\/MiuMjau-logo-kollane.png","contentUrl":"https:\/\/miumjau.ee\/wp-content\/uploads\/2022\/04\/MiuMjau-logo-kollane.png","width":219,"height":100,"caption":"MiuMjau O\u00dc"},"image":{"@id":"https:\/\/miumjau.ee\/#\/schema\/logo\/image\/"},"sameAs":["https:\/\/www.facebook.com\/miumjaupood\/"]}]}},"_links":{"self":[{"href":"https:\/\/miumjau.ee\/lv\/wp-json\/wp\/v2\/product\/48493","targetHints":{"allow":["GET"]}}],"collection":[{"href":"https:\/\/miumjau.ee\/lv\/wp-json\/wp\/v2\/product"}],"about":[{"href":"https:\/\/miumjau.ee\/lv\/wp-json\/wp\/v2\/types\/product"}],"wp:featuredmedia":[{"embeddable":true,"href":"https:\/\/miumjau.ee\/lv\/wp-json\/wp\/v2\/media\/48491"}],"wp:attachment":[{"href":"https:\/\/miumjau.ee\/lv\/wp-json\/wp\/v2\/media?parent=48493"}],"wp:term":[{"taxonomy":"product_brand","embeddable":true,"href":"https:\/\/miumjau.ee\/lv\/wp-json\/wp\/v2\/product_brand?post=48493"},{"taxonomy":"product_cat","embeddable":true,"href":"https:\/\/miumjau.ee\/lv\/wp-json\/wp\/v2\/product_cat?post=48493"},{"taxonomy":"product_tag","embeddable":true,"href":"https:\/\/miumjau.ee\/lv\/wp-json\/wp\/v2\/product_tag?post=48493"}],"curies":[{"name":"wp","href":"https:\/\/api.w.org\/{rel}","templated":true}]}}