{"id":48486,"date":"2025-05-18T12:26:08","date_gmt":"2025-05-18T09:26:08","guid":{"rendered":"https:\/\/miumjau.ee\/toode\/frigera-zaveti-vistas-kakli-250-g\/"},"modified":"2026-01-07T21:18:45","modified_gmt":"2026-01-07T19:18:45","slug":"frigera-zaveti-vistas-kakli-250-g","status":"publish","type":"product","link":"https:\/\/miumjau.ee\/lv\/produkts\/frigera-zaveti-vistas-kakli-250-g\/","title":{"rendered":"Frigera \u017e\u0101v\u0113ti vistas kakli, 250 g"},"content":{"rendered":"","protected":false},"excerpt":{"rendered":"<p data-start=\"2616\" data-end=\"2717\">FRIGERA \u017e\u0101v\u0113ti vistas kakli ir dabisks un vesel\u012bgs na\u0161\u0137is, lieliski piem\u0113rots su\u0146iem visos izm\u0113ros!<\/p>\n<p data-start=\"2719\" data-end=\"3044\">Vai mekl\u0113jat krauk\u0161\u0137\u012bgu vistas na\u0161\u0137i, kas ar\u012b atbalsta zobu vesel\u012bbu? Mums ir tie\u0161i tas, kas jums nepiecie\u0161ams! FRIGERA vistas kakli ir maigi gais\u0101 \u017e\u0101v\u0113ti, piln\u012bgi kakli ar mugurkaulu, elpo\u0161anas cauruli, saistaudiem un musku\u013ciem. Tie ir bag\u0101ti ar glikozam\u012bnu, hondroit\u012bnu un kalciju, kas pal\u012bdz uztur\u0113t loc\u012btavas vesel\u012bgas.<\/p>\n<p data-start=\"3046\" data-end=\"3329\">Tie lieliski piem\u0113roti k\u0101 atl\u012bdz\u012bba maziem un jaunajiem su\u0146iem, k\u0101 ar\u012b liel\u0101kiem un vec\u0101kiem su\u0146iem, jo sast\u0101v no m\u012bksta un viegli ko\u0161\u013c\u0101jama skrim\u0161\u013ca. \u0160ie dabiskie na\u0161\u0137i, izgatavoti no t\u012bras vistas, ir patiesi neatvair\u0101mi. Palutiniet savu m\u012bluli ar \u0161o gardumu \u2013 vi\u0146\u0161 b\u016bs pateic\u012bgs!<\/p>\n<p data-start=\"3331\" data-end=\"3468\"><strong data-start=\"3331\" data-end=\"3346\">Neto svars:<\/strong> 250 g<br data-start=\"3352\" data-end=\"3355\" \/><strong data-start=\"3355\" data-end=\"3367\">Sast\u0101vs:<\/strong> 100 % vista<br data-start=\"3379\" data-end=\"3382\" \/><strong data-start=\"3382\" data-end=\"3407\">Anal\u012btiskais sast\u0101vs:<\/strong> Prote\u012bns 42,5 %, Tauki 13,8 %, Pelni 11,2 %, Mitrums 5,9 %<\/p>\n<p data-start=\"3470\" data-end=\"3724\"><strong data-start=\"3470\" data-end=\"3495\">Baro\u0161anas nor\u0101d\u012bjumi:<\/strong> Pied\u0101v\u0101jiet starp \u0113dienreiz\u0113m k\u0101 na\u0161\u0137i vai k\u0101 balvu sabalans\u0113ta uztura sast\u0101vda\u013cu. Vienm\u0113r uzraugiet su\u0146a baro\u0161anu un nodro\u0161iniet svaigu \u016bdeni. Piem\u0113rots ikdienas lieto\u0161anai, bet tikai uzraudz\u012bb\u0101. Nav piem\u0113rots cilv\u0113ku \u0113\u0161anai.<\/p>\n","protected":false},"featured_media":48487,"template":"","meta":[],"product_brand":[],"product_cat":[576],"product_tag":[],"class_list":{"0":"post-48486","1":"product","2":"type-product","3":"status-publish","4":"has-post-thumbnail","6":"product_cat-naski-suniem","8":"first","9":"instock","10":"taxable","11":"shipping-taxable","12":"purchasable","13":"product-type-simple"},"yoast_head":"<!-- This site is optimized with the Yoast SEO plugin v27.2 - https:\/\/yoast.com\/product\/yoast-seo-wordpress\/ -->\n<title>Frigera \u017e\u0101v\u0113ti vistas kakli, 250 g - MiuMjau<\/title>\n<meta name=\"robots\" content=\"index, follow, max-snippet:-1, max-image-preview:large, max-video-preview:-1\" \/>\n<link rel=\"canonical\" href=\"https:\/\/miumjau.ee\/lv\/produkts\/frigera-zaveti-vistas-kakli-250-g\/\" \/>\n<meta property=\"og:locale\" content=\"lv_LV\" \/>\n<meta property=\"og:type\" content=\"article\" \/>\n<meta property=\"og:title\" content=\"Frigera \u017e\u0101v\u0113ti vistas kakli, 250 g - MiuMjau\" \/>\n<meta property=\"og:description\" content=\"FRIGERA \u017e\u0101v\u0113ti vistas kakli ir dabisks un vesel\u012bgs na\u0161\u0137is, lieliski piem\u0113rots su\u0146iem visos izm\u0113ros! Vai mekl\u0113jat krauk\u0161\u0137\u012bgu vistas na\u0161\u0137i, kas ar\u012b atbalsta zobu vesel\u012bbu? Mums ir tie\u0161i tas, kas jums nepiecie\u0161ams! FRIGERA vistas kakli ir maigi gais\u0101 \u017e\u0101v\u0113ti, piln\u012bgi kakli ar mugurkaulu, elpo\u0161anas cauruli, saistaudiem un musku\u013ciem. Tie ir bag\u0101ti ar glikozam\u012bnu, hondroit\u012bnu un kalciju, kas pal\u012bdz uztur\u0113t loc\u012btavas vesel\u012bgas. Tie lieliski piem\u0113roti k\u0101 atl\u012bdz\u012bba maziem un jaunajiem su\u0146iem, k\u0101 ar\u012b liel\u0101kiem un vec\u0101kiem su\u0146iem, jo sast\u0101v no m\u012bksta un viegli ko\u0161\u013c\u0101jama skrim\u0161\u013ca. \u0160ie dabiskie na\u0161\u0137i, izgatavoti no t\u012bras vistas, ir patiesi neatvair\u0101mi. Palutiniet savu m\u012bluli ar \u0161o gardumu \u2013 vi\u0146\u0161 b\u016bs pateic\u012bgs! Neto svars: 250 gSast\u0101vs: 100 % vistaAnal\u012btiskais sast\u0101vs: Prote\u012bns 42,5 %, Tauki 13,8 %, Pelni 11,2 %, Mitrums 5,9 % Baro\u0161anas nor\u0101d\u012bjumi: Pied\u0101v\u0101jiet starp \u0113dienreiz\u0113m k\u0101 na\u0161\u0137i vai k\u0101 balvu sabalans\u0113ta uztura sast\u0101vda\u013cu. Vienm\u0113r uzraugiet su\u0146a baro\u0161anu un nodro\u0161iniet svaigu \u016bdeni. Piem\u0113rots ikdienas lieto\u0161anai, bet tikai uzraudz\u012bb\u0101. Nav piem\u0113rots cilv\u0113ku \u0113\u0161anai.\" \/>\n<meta property=\"og:url\" content=\"https:\/\/miumjau.ee\/lv\/produkts\/frigera-zaveti-vistas-kakli-250-g\/\" \/>\n<meta property=\"og:site_name\" content=\"MiuMjau\" \/>\n<meta property=\"article:publisher\" content=\"https:\/\/www.facebook.com\/miumjaupood\/\" \/>\n<meta property=\"article:modified_time\" content=\"2026-01-07T19:18:45+00:00\" \/>\n<meta property=\"og:image\" content=\"https:\/\/miumjau.ee\/wp-content\/uploads\/2025\/05\/frigera-koerte-maius-kanakaelad-250g-1-Photoroom.webp\" \/>\n\t<meta property=\"og:image:width\" content=\"600\" \/>\n\t<meta property=\"og:image:height\" content=\"800\" \/>\n\t<meta property=\"og:image:type\" content=\"image\/webp\" \/>\n<meta name=\"twitter:card\" content=\"summary_large_image\" \/>\n<script type=\"application\/ld+json\" class=\"yoast-schema-graph\">{\"@context\":\"https:\/\/schema.org\",\"@graph\":[{\"@type\":\"WebPage\",\"@id\":\"https:\/\/miumjau.ee\/lv\/produkts\/frigera-zaveti-vistas-kakli-250-g\/\",\"url\":\"https:\/\/miumjau.ee\/lv\/produkts\/frigera-zaveti-vistas-kakli-250-g\/\",\"name\":\"Frigera \u017e\u0101v\u0113ti vistas kakli, 250 g - MiuMjau\",\"isPartOf\":{\"@id\":\"https:\/\/miumjau.ee\/#website\"},\"primaryImageOfPage\":{\"@id\":\"https:\/\/miumjau.ee\/lv\/produkts\/frigera-zaveti-vistas-kakli-250-g\/#primaryimage\"},\"image\":{\"@id\":\"https:\/\/miumjau.ee\/lv\/produkts\/frigera-zaveti-vistas-kakli-250-g\/#primaryimage\"},\"thumbnailUrl\":\"https:\/\/miumjau.ee\/wp-content\/uploads\/2025\/05\/frigera-koerte-maius-kanakaelad-250g-1-Photoroom.webp\",\"datePublished\":\"2025-05-18T09:26:08+00:00\",\"dateModified\":\"2026-01-07T19:18:45+00:00\",\"breadcrumb\":{\"@id\":\"https:\/\/miumjau.ee\/lv\/produkts\/frigera-zaveti-vistas-kakli-250-g\/#breadcrumb\"},\"inLanguage\":\"lv-LV\",\"potentialAction\":[{\"@type\":\"ReadAction\",\"target\":[\"https:\/\/miumjau.ee\/lv\/produkts\/frigera-zaveti-vistas-kakli-250-g\/\"]}]},{\"@type\":\"ImageObject\",\"inLanguage\":\"lv-LV\",\"@id\":\"https:\/\/miumjau.ee\/lv\/produkts\/frigera-zaveti-vistas-kakli-250-g\/#primaryimage\",\"url\":\"https:\/\/miumjau.ee\/wp-content\/uploads\/2025\/05\/frigera-koerte-maius-kanakaelad-250g-1-Photoroom.webp\",\"contentUrl\":\"https:\/\/miumjau.ee\/wp-content\/uploads\/2025\/05\/frigera-koerte-maius-kanakaelad-250g-1-Photoroom.webp\",\"width\":600,\"height\":800},{\"@type\":\"BreadcrumbList\",\"@id\":\"https:\/\/miumjau.ee\/lv\/produkts\/frigera-zaveti-vistas-kakli-250-g\/#breadcrumb\",\"itemListElement\":[{\"@type\":\"ListItem\",\"position\":1,\"name\":\"Home\",\"item\":\"https:\/\/miumjau.ee\/lv\/\"},{\"@type\":\"ListItem\",\"position\":2,\"name\":\"Veikals\",\"item\":\"https:\/\/miumjau.ee\/lv\/veikals\/\"},{\"@type\":\"ListItem\",\"position\":3,\"name\":\"Frigera \u017e\u0101v\u0113ti vistas kakli, 250 g\"}]},{\"@type\":\"WebSite\",\"@id\":\"https:\/\/miumjau.ee\/#website\",\"url\":\"https:\/\/miumjau.ee\/\",\"name\":\"MiuMjau\",\"description\":\"Kraapimispuud kassidele\",\"publisher\":{\"@id\":\"https:\/\/miumjau.ee\/#organization\"},\"potentialAction\":[{\"@type\":\"SearchAction\",\"target\":{\"@type\":\"EntryPoint\",\"urlTemplate\":\"https:\/\/miumjau.ee\/?s={search_term_string}\"},\"query-input\":{\"@type\":\"PropertyValueSpecification\",\"valueRequired\":true,\"valueName\":\"search_term_string\"}}],\"inLanguage\":\"lv-LV\"},{\"@type\":\"Organization\",\"@id\":\"https:\/\/miumjau.ee\/#organization\",\"name\":\"MiuMjau O\u00dc\",\"url\":\"https:\/\/miumjau.ee\/\",\"logo\":{\"@type\":\"ImageObject\",\"inLanguage\":\"lv-LV\",\"@id\":\"https:\/\/miumjau.ee\/#\/schema\/logo\/image\/\",\"url\":\"https:\/\/miumjau.ee\/wp-content\/uploads\/2022\/04\/MiuMjau-logo-kollane.png\",\"contentUrl\":\"https:\/\/miumjau.ee\/wp-content\/uploads\/2022\/04\/MiuMjau-logo-kollane.png\",\"width\":219,\"height\":100,\"caption\":\"MiuMjau O\u00dc\"},\"image\":{\"@id\":\"https:\/\/miumjau.ee\/#\/schema\/logo\/image\/\"},\"sameAs\":[\"https:\/\/www.facebook.com\/miumjaupood\/\"]}]}<\/script>\n<!-- \/ Yoast SEO plugin. -->","yoast_head_json":{"title":"Frigera \u017e\u0101v\u0113ti vistas kakli, 250 g - MiuMjau","robots":{"index":"index","follow":"follow","max-snippet":"max-snippet:-1","max-image-preview":"max-image-preview:large","max-video-preview":"max-video-preview:-1"},"canonical":"https:\/\/miumjau.ee\/lv\/produkts\/frigera-zaveti-vistas-kakli-250-g\/","og_locale":"lv_LV","og_type":"article","og_title":"Frigera \u017e\u0101v\u0113ti vistas kakli, 250 g - MiuMjau","og_description":"FRIGERA \u017e\u0101v\u0113ti vistas kakli ir dabisks un vesel\u012bgs na\u0161\u0137is, lieliski piem\u0113rots su\u0146iem visos izm\u0113ros! Vai mekl\u0113jat krauk\u0161\u0137\u012bgu vistas na\u0161\u0137i, kas ar\u012b atbalsta zobu vesel\u012bbu? Mums ir tie\u0161i tas, kas jums nepiecie\u0161ams! FRIGERA vistas kakli ir maigi gais\u0101 \u017e\u0101v\u0113ti, piln\u012bgi kakli ar mugurkaulu, elpo\u0161anas cauruli, saistaudiem un musku\u013ciem. Tie ir bag\u0101ti ar glikozam\u012bnu, hondroit\u012bnu un kalciju, kas pal\u012bdz uztur\u0113t loc\u012btavas vesel\u012bgas. Tie lieliski piem\u0113roti k\u0101 atl\u012bdz\u012bba maziem un jaunajiem su\u0146iem, k\u0101 ar\u012b liel\u0101kiem un vec\u0101kiem su\u0146iem, jo sast\u0101v no m\u012bksta un viegli ko\u0161\u013c\u0101jama skrim\u0161\u013ca. \u0160ie dabiskie na\u0161\u0137i, izgatavoti no t\u012bras vistas, ir patiesi neatvair\u0101mi. Palutiniet savu m\u012bluli ar \u0161o gardumu \u2013 vi\u0146\u0161 b\u016bs pateic\u012bgs! Neto svars: 250 gSast\u0101vs: 100 % vistaAnal\u012btiskais sast\u0101vs: Prote\u012bns 42,5 %, Tauki 13,8 %, Pelni 11,2 %, Mitrums 5,9 % Baro\u0161anas nor\u0101d\u012bjumi: Pied\u0101v\u0101jiet starp \u0113dienreiz\u0113m k\u0101 na\u0161\u0137i vai k\u0101 balvu sabalans\u0113ta uztura sast\u0101vda\u013cu. Vienm\u0113r uzraugiet su\u0146a baro\u0161anu un nodro\u0161iniet svaigu \u016bdeni. Piem\u0113rots ikdienas lieto\u0161anai, bet tikai uzraudz\u012bb\u0101. Nav piem\u0113rots cilv\u0113ku \u0113\u0161anai.","og_url":"https:\/\/miumjau.ee\/lv\/produkts\/frigera-zaveti-vistas-kakli-250-g\/","og_site_name":"MiuMjau","article_publisher":"https:\/\/www.facebook.com\/miumjaupood\/","article_modified_time":"2026-01-07T19:18:45+00:00","og_image":[{"width":600,"height":800,"url":"https:\/\/miumjau.ee\/wp-content\/uploads\/2025\/05\/frigera-koerte-maius-kanakaelad-250g-1-Photoroom.webp","type":"image\/webp"}],"twitter_card":"summary_large_image","schema":{"@context":"https:\/\/schema.org","@graph":[{"@type":"WebPage","@id":"https:\/\/miumjau.ee\/lv\/produkts\/frigera-zaveti-vistas-kakli-250-g\/","url":"https:\/\/miumjau.ee\/lv\/produkts\/frigera-zaveti-vistas-kakli-250-g\/","name":"Frigera \u017e\u0101v\u0113ti vistas kakli, 250 g - MiuMjau","isPartOf":{"@id":"https:\/\/miumjau.ee\/#website"},"primaryImageOfPage":{"@id":"https:\/\/miumjau.ee\/lv\/produkts\/frigera-zaveti-vistas-kakli-250-g\/#primaryimage"},"image":{"@id":"https:\/\/miumjau.ee\/lv\/produkts\/frigera-zaveti-vistas-kakli-250-g\/#primaryimage"},"thumbnailUrl":"https:\/\/miumjau.ee\/wp-content\/uploads\/2025\/05\/frigera-koerte-maius-kanakaelad-250g-1-Photoroom.webp","datePublished":"2025-05-18T09:26:08+00:00","dateModified":"2026-01-07T19:18:45+00:00","breadcrumb":{"@id":"https:\/\/miumjau.ee\/lv\/produkts\/frigera-zaveti-vistas-kakli-250-g\/#breadcrumb"},"inLanguage":"lv-LV","potentialAction":[{"@type":"ReadAction","target":["https:\/\/miumjau.ee\/lv\/produkts\/frigera-zaveti-vistas-kakli-250-g\/"]}]},{"@type":"ImageObject","inLanguage":"lv-LV","@id":"https:\/\/miumjau.ee\/lv\/produkts\/frigera-zaveti-vistas-kakli-250-g\/#primaryimage","url":"https:\/\/miumjau.ee\/wp-content\/uploads\/2025\/05\/frigera-koerte-maius-kanakaelad-250g-1-Photoroom.webp","contentUrl":"https:\/\/miumjau.ee\/wp-content\/uploads\/2025\/05\/frigera-koerte-maius-kanakaelad-250g-1-Photoroom.webp","width":600,"height":800},{"@type":"BreadcrumbList","@id":"https:\/\/miumjau.ee\/lv\/produkts\/frigera-zaveti-vistas-kakli-250-g\/#breadcrumb","itemListElement":[{"@type":"ListItem","position":1,"name":"Home","item":"https:\/\/miumjau.ee\/lv\/"},{"@type":"ListItem","position":2,"name":"Veikals","item":"https:\/\/miumjau.ee\/lv\/veikals\/"},{"@type":"ListItem","position":3,"name":"Frigera \u017e\u0101v\u0113ti vistas kakli, 250 g"}]},{"@type":"WebSite","@id":"https:\/\/miumjau.ee\/#website","url":"https:\/\/miumjau.ee\/","name":"MiuMjau","description":"Kraapimispuud kassidele","publisher":{"@id":"https:\/\/miumjau.ee\/#organization"},"potentialAction":[{"@type":"SearchAction","target":{"@type":"EntryPoint","urlTemplate":"https:\/\/miumjau.ee\/?s={search_term_string}"},"query-input":{"@type":"PropertyValueSpecification","valueRequired":true,"valueName":"search_term_string"}}],"inLanguage":"lv-LV"},{"@type":"Organization","@id":"https:\/\/miumjau.ee\/#organization","name":"MiuMjau O\u00dc","url":"https:\/\/miumjau.ee\/","logo":{"@type":"ImageObject","inLanguage":"lv-LV","@id":"https:\/\/miumjau.ee\/#\/schema\/logo\/image\/","url":"https:\/\/miumjau.ee\/wp-content\/uploads\/2022\/04\/MiuMjau-logo-kollane.png","contentUrl":"https:\/\/miumjau.ee\/wp-content\/uploads\/2022\/04\/MiuMjau-logo-kollane.png","width":219,"height":100,"caption":"MiuMjau O\u00dc"},"image":{"@id":"https:\/\/miumjau.ee\/#\/schema\/logo\/image\/"},"sameAs":["https:\/\/www.facebook.com\/miumjaupood\/"]}]}},"_links":{"self":[{"href":"https:\/\/miumjau.ee\/lv\/wp-json\/wp\/v2\/product\/48486","targetHints":{"allow":["GET"]}}],"collection":[{"href":"https:\/\/miumjau.ee\/lv\/wp-json\/wp\/v2\/product"}],"about":[{"href":"https:\/\/miumjau.ee\/lv\/wp-json\/wp\/v2\/types\/product"}],"wp:featuredmedia":[{"embeddable":true,"href":"https:\/\/miumjau.ee\/lv\/wp-json\/wp\/v2\/media\/48487"}],"wp:attachment":[{"href":"https:\/\/miumjau.ee\/lv\/wp-json\/wp\/v2\/media?parent=48486"}],"wp:term":[{"taxonomy":"product_brand","embeddable":true,"href":"https:\/\/miumjau.ee\/lv\/wp-json\/wp\/v2\/product_brand?post=48486"},{"taxonomy":"product_cat","embeddable":true,"href":"https:\/\/miumjau.ee\/lv\/wp-json\/wp\/v2\/product_cat?post=48486"},{"taxonomy":"product_tag","embeddable":true,"href":"https:\/\/miumjau.ee\/lv\/wp-json\/wp\/v2\/product_tag?post=48486"}],"curies":[{"name":"wp","href":"https:\/\/api.w.org\/{rel}","templated":true}]}}