{"id":48480,"date":"2025-05-18T12:35:46","date_gmt":"2025-05-18T09:35:46","guid":{"rendered":"https:\/\/miumjau.ee\/toode\/frigera-zavetas-jera-ausis-ar-vilnu-100-g-2\/"},"modified":"2026-01-07T21:18:45","modified_gmt":"2026-01-07T19:18:45","slug":"frigera-zavetas-jera-ausis-ar-vilnu-100-g-2","status":"publish","type":"product","link":"https:\/\/miumjau.ee\/lv\/produkts\/frigera-zavetas-jera-ausis-ar-vilnu-100-g-2\/","title":{"rendered":"Frigera \u017e\u0101v\u0113ti t\u012btaru kakli, 250 g"},"content":{"rendered":"","protected":false},"excerpt":{"rendered":"<p data-start=\"2858\" data-end=\"2918\">FRIGERA \u017e\u0101v\u0113ti t\u012btaru kakli ir dabisks un vesel\u012bgs na\u0161\u0137is!<\/p>\n<p data-start=\"2920\" data-end=\"3198\">Vai j\u016bsu \u010detrk\u0101jainais draugs pat\u0113r\u0113 kalorijas k\u0101 \u012bsts sportists? Tad m\u016bsu FRIGERA t\u012btaru kakli ir tie\u0161i tas, kas jums nepiecie\u0161ams! Veseli t\u012btaru kakli \u2013 ieskaitot mugurkaulu, elpo\u0161anas cauruli, saistaudus un musku\u013cus \u2013 ir maigi \u017e\u0101v\u0113ti gais\u0101, radot krauk\u0161\u0137\u012bgu un gardu na\u0161\u0137i.<\/p>\n<p data-start=\"3200\" data-end=\"3587\">\u0160ie na\u0161\u0137i ir bag\u0101ti ar prote\u012bniem, atbalsta musku\u013cu att\u012bst\u012bbu un veicina \u0101das un apmatojuma vesel\u012bbu. Turkl\u0101t tie satur iev\u0113rojamu tauku daudzumu \u2013 lielisks ener\u0123ijas avots akt\u012bvam sunim. Tie ir ar\u012b dabisks hondroit\u012bna un glikozam\u012bna avots, pal\u012bdzot saglab\u0101t loc\u012btavas vesel\u012bgas un kust\u012bgas. Ko\u0161\u013c\u0101jot krauk\u0161\u0137\u012bgos na\u0161\u0137us, tiek atbalst\u012bta ar\u012b zobu vesel\u012bba un sniegta gar\u012bg\u0101 stimul\u0101cija.<\/p>\n<p data-start=\"3589\" data-end=\"3732\">T\u012btaru kakli ir liel\u0101ki nek\u0101 vistas kakli, t\u0101p\u0113c tie lab\u0101k piem\u0113roti vid\u0113ja un liela izm\u0113ra su\u0146iem. J\u016bsu suns noteikti izbaud\u012bs katru kumosu!<\/p>\n<p data-start=\"3734\" data-end=\"3856\"><strong data-start=\"3734\" data-end=\"3749\">Neto svars:<\/strong> 250 g<br data-start=\"3755\" data-end=\"3758\" \/><strong data-start=\"3758\" data-end=\"3770\">Sast\u0101vs:<\/strong> 100 % t\u012btars<br data-start=\"3783\" data-end=\"3786\" \/><strong data-start=\"3786\" data-end=\"3811\">Anal\u012btiskais sast\u0101vs:<\/strong> Prote\u012bns 42,9 %, Tauki 22,7 %, Pelni 7,9 %<\/p>\n<p data-start=\"3858\" data-end=\"4112\"><strong data-start=\"3858\" data-end=\"3883\">Baro\u0161anas nor\u0101d\u012bjumi:<\/strong> Pied\u0101v\u0101jiet starp \u0113dienreiz\u0113m k\u0101 na\u0161\u0137i vai k\u0101 balvu sabalans\u0113ta uztura sast\u0101vda\u013cu. Vienm\u0113r uzraugiet su\u0146a baro\u0161anu un nodro\u0161iniet svaigu \u016bdeni. Piem\u0113rots ikdienas lieto\u0161anai, bet tikai uzraudz\u012bb\u0101. Nav piem\u0113rots cilv\u0113ku \u0113\u0161anai.<\/p>\n","protected":false},"featured_media":48481,"template":"","meta":[],"product_brand":[],"product_cat":[576],"product_tag":[],"class_list":{"0":"post-48480","1":"product","2":"type-product","3":"status-publish","4":"has-post-thumbnail","6":"product_cat-naski-suniem","8":"first","9":"instock","10":"taxable","11":"shipping-taxable","12":"purchasable","13":"product-type-simple"},"yoast_head":"<!-- This site is optimized with the Yoast SEO plugin v27.2 - https:\/\/yoast.com\/product\/yoast-seo-wordpress\/ -->\n<title>Frigera \u017e\u0101v\u0113ti t\u012btaru kakli, 250 g - MiuMjau<\/title>\n<meta name=\"robots\" content=\"index, follow, max-snippet:-1, max-image-preview:large, max-video-preview:-1\" \/>\n<link rel=\"canonical\" href=\"https:\/\/miumjau.ee\/lv\/produkts\/frigera-zavetas-jera-ausis-ar-vilnu-100-g-2\/\" \/>\n<meta property=\"og:locale\" content=\"lv_LV\" \/>\n<meta property=\"og:type\" content=\"article\" \/>\n<meta property=\"og:title\" content=\"Frigera \u017e\u0101v\u0113ti t\u012btaru kakli, 250 g - MiuMjau\" \/>\n<meta property=\"og:description\" content=\"FRIGERA \u017e\u0101v\u0113ti t\u012btaru kakli ir dabisks un vesel\u012bgs na\u0161\u0137is! Vai j\u016bsu \u010detrk\u0101jainais draugs pat\u0113r\u0113 kalorijas k\u0101 \u012bsts sportists? Tad m\u016bsu FRIGERA t\u012btaru kakli ir tie\u0161i tas, kas jums nepiecie\u0161ams! Veseli t\u012btaru kakli \u2013 ieskaitot mugurkaulu, elpo\u0161anas cauruli, saistaudus un musku\u013cus \u2013 ir maigi \u017e\u0101v\u0113ti gais\u0101, radot krauk\u0161\u0137\u012bgu un gardu na\u0161\u0137i. \u0160ie na\u0161\u0137i ir bag\u0101ti ar prote\u012bniem, atbalsta musku\u013cu att\u012bst\u012bbu un veicina \u0101das un apmatojuma vesel\u012bbu. Turkl\u0101t tie satur iev\u0113rojamu tauku daudzumu \u2013 lielisks ener\u0123ijas avots akt\u012bvam sunim. Tie ir ar\u012b dabisks hondroit\u012bna un glikozam\u012bna avots, pal\u012bdzot saglab\u0101t loc\u012btavas vesel\u012bgas un kust\u012bgas. Ko\u0161\u013c\u0101jot krauk\u0161\u0137\u012bgos na\u0161\u0137us, tiek atbalst\u012bta ar\u012b zobu vesel\u012bba un sniegta gar\u012bg\u0101 stimul\u0101cija. T\u012btaru kakli ir liel\u0101ki nek\u0101 vistas kakli, t\u0101p\u0113c tie lab\u0101k piem\u0113roti vid\u0113ja un liela izm\u0113ra su\u0146iem. J\u016bsu suns noteikti izbaud\u012bs katru kumosu! Neto svars: 250 gSast\u0101vs: 100 % t\u012btarsAnal\u012btiskais sast\u0101vs: Prote\u012bns 42,9 %, Tauki 22,7 %, Pelni 7,9 % Baro\u0161anas nor\u0101d\u012bjumi: Pied\u0101v\u0101jiet starp \u0113dienreiz\u0113m k\u0101 na\u0161\u0137i vai k\u0101 balvu sabalans\u0113ta uztura sast\u0101vda\u013cu. Vienm\u0113r uzraugiet su\u0146a baro\u0161anu un nodro\u0161iniet svaigu \u016bdeni. Piem\u0113rots ikdienas lieto\u0161anai, bet tikai uzraudz\u012bb\u0101. Nav piem\u0113rots cilv\u0113ku \u0113\u0161anai.\" \/>\n<meta property=\"og:url\" content=\"https:\/\/miumjau.ee\/lv\/produkts\/frigera-zavetas-jera-ausis-ar-vilnu-100-g-2\/\" \/>\n<meta property=\"og:site_name\" content=\"MiuMjau\" \/>\n<meta property=\"article:publisher\" content=\"https:\/\/www.facebook.com\/miumjaupood\/\" \/>\n<meta property=\"article:modified_time\" content=\"2026-01-07T19:18:45+00:00\" \/>\n<meta property=\"og:image\" content=\"https:\/\/miumjau.ee\/wp-content\/uploads\/2025\/05\/frigera-koerte-maius-kalkuni-kaelad-250g-1-Photoroom.webp\" \/>\n\t<meta property=\"og:image:width\" content=\"600\" \/>\n\t<meta property=\"og:image:height\" content=\"800\" \/>\n\t<meta property=\"og:image:type\" content=\"image\/webp\" \/>\n<meta name=\"twitter:card\" content=\"summary_large_image\" \/>\n<script type=\"application\/ld+json\" class=\"yoast-schema-graph\">{\"@context\":\"https:\/\/schema.org\",\"@graph\":[{\"@type\":\"WebPage\",\"@id\":\"https:\/\/miumjau.ee\/lv\/produkts\/frigera-zavetas-jera-ausis-ar-vilnu-100-g-2\/\",\"url\":\"https:\/\/miumjau.ee\/lv\/produkts\/frigera-zavetas-jera-ausis-ar-vilnu-100-g-2\/\",\"name\":\"Frigera \u017e\u0101v\u0113ti t\u012btaru kakli, 250 g - MiuMjau\",\"isPartOf\":{\"@id\":\"https:\/\/miumjau.ee\/#website\"},\"primaryImageOfPage\":{\"@id\":\"https:\/\/miumjau.ee\/lv\/produkts\/frigera-zavetas-jera-ausis-ar-vilnu-100-g-2\/#primaryimage\"},\"image\":{\"@id\":\"https:\/\/miumjau.ee\/lv\/produkts\/frigera-zavetas-jera-ausis-ar-vilnu-100-g-2\/#primaryimage\"},\"thumbnailUrl\":\"https:\/\/miumjau.ee\/wp-content\/uploads\/2025\/05\/frigera-koerte-maius-kalkuni-kaelad-250g-1-Photoroom.webp\",\"datePublished\":\"2025-05-18T09:35:46+00:00\",\"dateModified\":\"2026-01-07T19:18:45+00:00\",\"breadcrumb\":{\"@id\":\"https:\/\/miumjau.ee\/lv\/produkts\/frigera-zavetas-jera-ausis-ar-vilnu-100-g-2\/#breadcrumb\"},\"inLanguage\":\"lv-LV\",\"potentialAction\":[{\"@type\":\"ReadAction\",\"target\":[\"https:\/\/miumjau.ee\/lv\/produkts\/frigera-zavetas-jera-ausis-ar-vilnu-100-g-2\/\"]}]},{\"@type\":\"ImageObject\",\"inLanguage\":\"lv-LV\",\"@id\":\"https:\/\/miumjau.ee\/lv\/produkts\/frigera-zavetas-jera-ausis-ar-vilnu-100-g-2\/#primaryimage\",\"url\":\"https:\/\/miumjau.ee\/wp-content\/uploads\/2025\/05\/frigera-koerte-maius-kalkuni-kaelad-250g-1-Photoroom.webp\",\"contentUrl\":\"https:\/\/miumjau.ee\/wp-content\/uploads\/2025\/05\/frigera-koerte-maius-kalkuni-kaelad-250g-1-Photoroom.webp\",\"width\":600,\"height\":800},{\"@type\":\"BreadcrumbList\",\"@id\":\"https:\/\/miumjau.ee\/lv\/produkts\/frigera-zavetas-jera-ausis-ar-vilnu-100-g-2\/#breadcrumb\",\"itemListElement\":[{\"@type\":\"ListItem\",\"position\":1,\"name\":\"Home\",\"item\":\"https:\/\/miumjau.ee\/lv\/\"},{\"@type\":\"ListItem\",\"position\":2,\"name\":\"Veikals\",\"item\":\"https:\/\/miumjau.ee\/lv\/veikals\/\"},{\"@type\":\"ListItem\",\"position\":3,\"name\":\"Frigera \u017e\u0101v\u0113ti t\u012btaru kakli, 250 g\"}]},{\"@type\":\"WebSite\",\"@id\":\"https:\/\/miumjau.ee\/#website\",\"url\":\"https:\/\/miumjau.ee\/\",\"name\":\"MiuMjau\",\"description\":\"Kraapimispuud kassidele\",\"publisher\":{\"@id\":\"https:\/\/miumjau.ee\/#organization\"},\"potentialAction\":[{\"@type\":\"SearchAction\",\"target\":{\"@type\":\"EntryPoint\",\"urlTemplate\":\"https:\/\/miumjau.ee\/?s={search_term_string}\"},\"query-input\":{\"@type\":\"PropertyValueSpecification\",\"valueRequired\":true,\"valueName\":\"search_term_string\"}}],\"inLanguage\":\"lv-LV\"},{\"@type\":\"Organization\",\"@id\":\"https:\/\/miumjau.ee\/#organization\",\"name\":\"MiuMjau O\u00dc\",\"url\":\"https:\/\/miumjau.ee\/\",\"logo\":{\"@type\":\"ImageObject\",\"inLanguage\":\"lv-LV\",\"@id\":\"https:\/\/miumjau.ee\/#\/schema\/logo\/image\/\",\"url\":\"https:\/\/miumjau.ee\/wp-content\/uploads\/2022\/04\/MiuMjau-logo-kollane.png\",\"contentUrl\":\"https:\/\/miumjau.ee\/wp-content\/uploads\/2022\/04\/MiuMjau-logo-kollane.png\",\"width\":219,\"height\":100,\"caption\":\"MiuMjau O\u00dc\"},\"image\":{\"@id\":\"https:\/\/miumjau.ee\/#\/schema\/logo\/image\/\"},\"sameAs\":[\"https:\/\/www.facebook.com\/miumjaupood\/\"]}]}<\/script>\n<!-- \/ Yoast SEO plugin. -->","yoast_head_json":{"title":"Frigera \u017e\u0101v\u0113ti t\u012btaru kakli, 250 g - MiuMjau","robots":{"index":"index","follow":"follow","max-snippet":"max-snippet:-1","max-image-preview":"max-image-preview:large","max-video-preview":"max-video-preview:-1"},"canonical":"https:\/\/miumjau.ee\/lv\/produkts\/frigera-zavetas-jera-ausis-ar-vilnu-100-g-2\/","og_locale":"lv_LV","og_type":"article","og_title":"Frigera \u017e\u0101v\u0113ti t\u012btaru kakli, 250 g - MiuMjau","og_description":"FRIGERA \u017e\u0101v\u0113ti t\u012btaru kakli ir dabisks un vesel\u012bgs na\u0161\u0137is! Vai j\u016bsu \u010detrk\u0101jainais draugs pat\u0113r\u0113 kalorijas k\u0101 \u012bsts sportists? Tad m\u016bsu FRIGERA t\u012btaru kakli ir tie\u0161i tas, kas jums nepiecie\u0161ams! Veseli t\u012btaru kakli \u2013 ieskaitot mugurkaulu, elpo\u0161anas cauruli, saistaudus un musku\u013cus \u2013 ir maigi \u017e\u0101v\u0113ti gais\u0101, radot krauk\u0161\u0137\u012bgu un gardu na\u0161\u0137i. \u0160ie na\u0161\u0137i ir bag\u0101ti ar prote\u012bniem, atbalsta musku\u013cu att\u012bst\u012bbu un veicina \u0101das un apmatojuma vesel\u012bbu. Turkl\u0101t tie satur iev\u0113rojamu tauku daudzumu \u2013 lielisks ener\u0123ijas avots akt\u012bvam sunim. Tie ir ar\u012b dabisks hondroit\u012bna un glikozam\u012bna avots, pal\u012bdzot saglab\u0101t loc\u012btavas vesel\u012bgas un kust\u012bgas. Ko\u0161\u013c\u0101jot krauk\u0161\u0137\u012bgos na\u0161\u0137us, tiek atbalst\u012bta ar\u012b zobu vesel\u012bba un sniegta gar\u012bg\u0101 stimul\u0101cija. T\u012btaru kakli ir liel\u0101ki nek\u0101 vistas kakli, t\u0101p\u0113c tie lab\u0101k piem\u0113roti vid\u0113ja un liela izm\u0113ra su\u0146iem. J\u016bsu suns noteikti izbaud\u012bs katru kumosu! Neto svars: 250 gSast\u0101vs: 100 % t\u012btarsAnal\u012btiskais sast\u0101vs: Prote\u012bns 42,9 %, Tauki 22,7 %, Pelni 7,9 % Baro\u0161anas nor\u0101d\u012bjumi: Pied\u0101v\u0101jiet starp \u0113dienreiz\u0113m k\u0101 na\u0161\u0137i vai k\u0101 balvu sabalans\u0113ta uztura sast\u0101vda\u013cu. Vienm\u0113r uzraugiet su\u0146a baro\u0161anu un nodro\u0161iniet svaigu \u016bdeni. Piem\u0113rots ikdienas lieto\u0161anai, bet tikai uzraudz\u012bb\u0101. Nav piem\u0113rots cilv\u0113ku \u0113\u0161anai.","og_url":"https:\/\/miumjau.ee\/lv\/produkts\/frigera-zavetas-jera-ausis-ar-vilnu-100-g-2\/","og_site_name":"MiuMjau","article_publisher":"https:\/\/www.facebook.com\/miumjaupood\/","article_modified_time":"2026-01-07T19:18:45+00:00","og_image":[{"width":600,"height":800,"url":"https:\/\/miumjau.ee\/wp-content\/uploads\/2025\/05\/frigera-koerte-maius-kalkuni-kaelad-250g-1-Photoroom.webp","type":"image\/webp"}],"twitter_card":"summary_large_image","schema":{"@context":"https:\/\/schema.org","@graph":[{"@type":"WebPage","@id":"https:\/\/miumjau.ee\/lv\/produkts\/frigera-zavetas-jera-ausis-ar-vilnu-100-g-2\/","url":"https:\/\/miumjau.ee\/lv\/produkts\/frigera-zavetas-jera-ausis-ar-vilnu-100-g-2\/","name":"Frigera \u017e\u0101v\u0113ti t\u012btaru kakli, 250 g - MiuMjau","isPartOf":{"@id":"https:\/\/miumjau.ee\/#website"},"primaryImageOfPage":{"@id":"https:\/\/miumjau.ee\/lv\/produkts\/frigera-zavetas-jera-ausis-ar-vilnu-100-g-2\/#primaryimage"},"image":{"@id":"https:\/\/miumjau.ee\/lv\/produkts\/frigera-zavetas-jera-ausis-ar-vilnu-100-g-2\/#primaryimage"},"thumbnailUrl":"https:\/\/miumjau.ee\/wp-content\/uploads\/2025\/05\/frigera-koerte-maius-kalkuni-kaelad-250g-1-Photoroom.webp","datePublished":"2025-05-18T09:35:46+00:00","dateModified":"2026-01-07T19:18:45+00:00","breadcrumb":{"@id":"https:\/\/miumjau.ee\/lv\/produkts\/frigera-zavetas-jera-ausis-ar-vilnu-100-g-2\/#breadcrumb"},"inLanguage":"lv-LV","potentialAction":[{"@type":"ReadAction","target":["https:\/\/miumjau.ee\/lv\/produkts\/frigera-zavetas-jera-ausis-ar-vilnu-100-g-2\/"]}]},{"@type":"ImageObject","inLanguage":"lv-LV","@id":"https:\/\/miumjau.ee\/lv\/produkts\/frigera-zavetas-jera-ausis-ar-vilnu-100-g-2\/#primaryimage","url":"https:\/\/miumjau.ee\/wp-content\/uploads\/2025\/05\/frigera-koerte-maius-kalkuni-kaelad-250g-1-Photoroom.webp","contentUrl":"https:\/\/miumjau.ee\/wp-content\/uploads\/2025\/05\/frigera-koerte-maius-kalkuni-kaelad-250g-1-Photoroom.webp","width":600,"height":800},{"@type":"BreadcrumbList","@id":"https:\/\/miumjau.ee\/lv\/produkts\/frigera-zavetas-jera-ausis-ar-vilnu-100-g-2\/#breadcrumb","itemListElement":[{"@type":"ListItem","position":1,"name":"Home","item":"https:\/\/miumjau.ee\/lv\/"},{"@type":"ListItem","position":2,"name":"Veikals","item":"https:\/\/miumjau.ee\/lv\/veikals\/"},{"@type":"ListItem","position":3,"name":"Frigera \u017e\u0101v\u0113ti t\u012btaru kakli, 250 g"}]},{"@type":"WebSite","@id":"https:\/\/miumjau.ee\/#website","url":"https:\/\/miumjau.ee\/","name":"MiuMjau","description":"Kraapimispuud kassidele","publisher":{"@id":"https:\/\/miumjau.ee\/#organization"},"potentialAction":[{"@type":"SearchAction","target":{"@type":"EntryPoint","urlTemplate":"https:\/\/miumjau.ee\/?s={search_term_string}"},"query-input":{"@type":"PropertyValueSpecification","valueRequired":true,"valueName":"search_term_string"}}],"inLanguage":"lv-LV"},{"@type":"Organization","@id":"https:\/\/miumjau.ee\/#organization","name":"MiuMjau O\u00dc","url":"https:\/\/miumjau.ee\/","logo":{"@type":"ImageObject","inLanguage":"lv-LV","@id":"https:\/\/miumjau.ee\/#\/schema\/logo\/image\/","url":"https:\/\/miumjau.ee\/wp-content\/uploads\/2022\/04\/MiuMjau-logo-kollane.png","contentUrl":"https:\/\/miumjau.ee\/wp-content\/uploads\/2022\/04\/MiuMjau-logo-kollane.png","width":219,"height":100,"caption":"MiuMjau O\u00dc"},"image":{"@id":"https:\/\/miumjau.ee\/#\/schema\/logo\/image\/"},"sameAs":["https:\/\/www.facebook.com\/miumjaupood\/"]}]}},"_links":{"self":[{"href":"https:\/\/miumjau.ee\/lv\/wp-json\/wp\/v2\/product\/48480","targetHints":{"allow":["GET"]}}],"collection":[{"href":"https:\/\/miumjau.ee\/lv\/wp-json\/wp\/v2\/product"}],"about":[{"href":"https:\/\/miumjau.ee\/lv\/wp-json\/wp\/v2\/types\/product"}],"wp:featuredmedia":[{"embeddable":true,"href":"https:\/\/miumjau.ee\/lv\/wp-json\/wp\/v2\/media\/48481"}],"wp:attachment":[{"href":"https:\/\/miumjau.ee\/lv\/wp-json\/wp\/v2\/media?parent=48480"}],"wp:term":[{"taxonomy":"product_brand","embeddable":true,"href":"https:\/\/miumjau.ee\/lv\/wp-json\/wp\/v2\/product_brand?post=48480"},{"taxonomy":"product_cat","embeddable":true,"href":"https:\/\/miumjau.ee\/lv\/wp-json\/wp\/v2\/product_cat?post=48480"},{"taxonomy":"product_tag","embeddable":true,"href":"https:\/\/miumjau.ee\/lv\/wp-json\/wp\/v2\/product_tag?post=48480"}],"curies":[{"name":"wp","href":"https:\/\/api.w.org\/{rel}","templated":true}]}}