{"id":48477,"date":"2025-05-18T15:43:10","date_gmt":"2025-05-18T12:43:10","guid":{"rendered":"https:\/\/miumjau.ee\/toode\/frigera-zavetas-jera-ausis-ar-vilnu-100-g\/"},"modified":"2026-01-07T21:18:45","modified_gmt":"2026-01-07T19:18:45","slug":"frigera-zavetas-jera-ausis-ar-vilnu-100-g","status":"publish","type":"product","link":"https:\/\/miumjau.ee\/lv\/produkts\/frigera-zavetas-jera-ausis-ar-vilnu-100-g\/","title":{"rendered":"Frigera \u017e\u0101v\u0113tas j\u0113ra ausis ar vilnu, 100 g"},"content":{"rendered":"","protected":false},"excerpt":{"rendered":"<p data-start=\"3125\" data-end=\"3184\">FRIGERA \u017e\u0101v\u0113tas j\u0113ra ausis ir dabisks un vesel\u012bgs na\u0161\u0137is!<\/p>\n<p data-start=\"3186\" data-end=\"3435\">Vai c\u016bku vai liellopu ausis \u0161\u0137iet p\u0101r\u0101k parastas j\u016bsu sunim vai vi\u0146am t\u0101s nepat\u012bk? FRIGERA j\u0113ra ausis ar vilnu n\u0101k pal\u012bg\u0101! \u0160\u012bs 100% dabisk\u0101s j\u0113ra ausis ir r\u016bp\u012bgi \u017e\u0101v\u0113tas, lai t\u0101s b\u016btu krauk\u0161\u0137\u012bgas, bet nedaudz m\u012bkst\u0101kas un lies\u0101kas nek\u0101 c\u016bku ausis.<\/p>\n<p data-start=\"3437\" data-end=\"3718\">\u0160is hipoaler\u0123iskais na\u0161\u0137is lieliski piem\u0113rots su\u0146iem ar jut\u012bgu gremo\u0161anu \u2013 intens\u012bva ko\u0161\u013c\u0101\u0161ana pal\u012bdz t\u012br\u012bt zobus un veicina loc\u012btavu un sai\u0161u vesel\u012bbu, jo tas satur daudz mang\u0101na. J\u0113ra ausis ir ar\u012b videi draudz\u012bg\u0101kas, jo j\u0113ru ekolo\u0123isk\u0101 p\u0113da ir maz\u0101ka nek\u0101 c\u016bk\u0101m vai liellopiem.<\/p>\n<p data-start=\"3720\" data-end=\"4082\">Turkl\u0101t t\u0101s ir ar mazu vai gandr\u012bz bez smar\u017eas, lieliski piem\u0113rotas ko\u0161\u013c\u0101\u0161anai telp\u0101s. Un vislab\u0101kais \u2013 vilna pal\u012bdz dabiski att\u012br\u012bt su\u0146a gremo\u0161anas sist\u0113mu! Tas atdarina, k\u0101 su\u0146i k\u0101dreiz dab\u0101 \u0113da savu upuri \u2013 ar vilnu un kauliem. Pateicoties piem\u0113rotajam izm\u0113ram un strukt\u016brai, j\u0113ra ausis piem\u0113rotas ar\u012b maz\u0101kiem su\u0146iem vai su\u0146iem ar v\u0101j\u0101kiem \u017eok\u013cu musku\u013ciem.<\/p>\n<p data-start=\"4084\" data-end=\"4208\"><strong data-start=\"4084\" data-end=\"4099\">Neto svars:<\/strong> 100 g<br data-start=\"4105\" data-end=\"4108\" \/><strong data-start=\"4108\" data-end=\"4120\">Sast\u0101vs:<\/strong> 100 % j\u0113rs<br data-start=\"4131\" data-end=\"4134\" \/><strong data-start=\"4134\" data-end=\"4159\">Anal\u012btiskais sast\u0101vs:<\/strong> Prote\u012bns 59,78 %, Tauki 29,4 %, Mitrums 8,27 %<\/p>\n<p data-start=\"4210\" data-end=\"4411\"><strong data-start=\"4210\" data-end=\"4235\">Baro\u0161anas nor\u0101d\u012bjumi:<\/strong> Pied\u0101v\u0101jiet starp \u0113dienreiz\u0113m k\u0101 na\u0161\u0137i vai k\u0101 balvu sabalans\u0113ta uztura sast\u0101vda\u013cu. Vienm\u0113r uzraugiet su\u0146a baro\u0161anu un nodro\u0161iniet svaigu \u016bdeni. Nav piem\u0113rots cilv\u0113ku \u0113\u0161anai.<\/p>\n","protected":false},"featured_media":48475,"template":"","meta":[],"product_brand":[],"product_cat":[573,576],"product_tag":[],"class_list":{"0":"post-48477","1":"product","2":"type-product","3":"status-publish","4":"has-post-thumbnail","6":"product_cat-kaup24-lv","7":"product_cat-naski-suniem","9":"first","10":"instock","11":"taxable","12":"shipping-taxable","13":"purchasable","14":"product-type-simple"},"yoast_head":"<!-- This site is optimized with the Yoast SEO plugin v27.4 - https:\/\/yoast.com\/product\/yoast-seo-wordpress\/ -->\n<title>Frigera \u017e\u0101v\u0113tas j\u0113ra ausis ar vilnu, 100 g - MiuMjau<\/title>\n<meta name=\"robots\" content=\"index, follow, max-snippet:-1, max-image-preview:large, max-video-preview:-1\" \/>\n<link rel=\"canonical\" href=\"https:\/\/miumjau.ee\/lv\/produkts\/frigera-zavetas-jera-ausis-ar-vilnu-100-g\/\" \/>\n<meta property=\"og:locale\" content=\"lv_LV\" \/>\n<meta property=\"og:type\" content=\"article\" \/>\n<meta property=\"og:title\" content=\"Frigera \u017e\u0101v\u0113tas j\u0113ra ausis ar vilnu, 100 g - MiuMjau\" \/>\n<meta property=\"og:description\" content=\"FRIGERA \u017e\u0101v\u0113tas j\u0113ra ausis ir dabisks un vesel\u012bgs na\u0161\u0137is! Vai c\u016bku vai liellopu ausis \u0161\u0137iet p\u0101r\u0101k parastas j\u016bsu sunim vai vi\u0146am t\u0101s nepat\u012bk? FRIGERA j\u0113ra ausis ar vilnu n\u0101k pal\u012bg\u0101! \u0160\u012bs 100% dabisk\u0101s j\u0113ra ausis ir r\u016bp\u012bgi \u017e\u0101v\u0113tas, lai t\u0101s b\u016btu krauk\u0161\u0137\u012bgas, bet nedaudz m\u012bkst\u0101kas un lies\u0101kas nek\u0101 c\u016bku ausis. \u0160is hipoaler\u0123iskais na\u0161\u0137is lieliski piem\u0113rots su\u0146iem ar jut\u012bgu gremo\u0161anu \u2013 intens\u012bva ko\u0161\u013c\u0101\u0161ana pal\u012bdz t\u012br\u012bt zobus un veicina loc\u012btavu un sai\u0161u vesel\u012bbu, jo tas satur daudz mang\u0101na. J\u0113ra ausis ir ar\u012b videi draudz\u012bg\u0101kas, jo j\u0113ru ekolo\u0123isk\u0101 p\u0113da ir maz\u0101ka nek\u0101 c\u016bk\u0101m vai liellopiem. Turkl\u0101t t\u0101s ir ar mazu vai gandr\u012bz bez smar\u017eas, lieliski piem\u0113rotas ko\u0161\u013c\u0101\u0161anai telp\u0101s. Un vislab\u0101kais \u2013 vilna pal\u012bdz dabiski att\u012br\u012bt su\u0146a gremo\u0161anas sist\u0113mu! Tas atdarina, k\u0101 su\u0146i k\u0101dreiz dab\u0101 \u0113da savu upuri \u2013 ar vilnu un kauliem. Pateicoties piem\u0113rotajam izm\u0113ram un strukt\u016brai, j\u0113ra ausis piem\u0113rotas ar\u012b maz\u0101kiem su\u0146iem vai su\u0146iem ar v\u0101j\u0101kiem \u017eok\u013cu musku\u013ciem. Neto svars: 100 gSast\u0101vs: 100 % j\u0113rsAnal\u012btiskais sast\u0101vs: Prote\u012bns 59,78 %, Tauki 29,4 %, Mitrums 8,27 % Baro\u0161anas nor\u0101d\u012bjumi: Pied\u0101v\u0101jiet starp \u0113dienreiz\u0113m k\u0101 na\u0161\u0137i vai k\u0101 balvu sabalans\u0113ta uztura sast\u0101vda\u013cu. Vienm\u0113r uzraugiet su\u0146a baro\u0161anu un nodro\u0161iniet svaigu \u016bdeni. Nav piem\u0113rots cilv\u0113ku \u0113\u0161anai.\" \/>\n<meta property=\"og:url\" content=\"https:\/\/miumjau.ee\/lv\/produkts\/frigera-zavetas-jera-ausis-ar-vilnu-100-g\/\" \/>\n<meta property=\"og:site_name\" content=\"MiuMjau\" \/>\n<meta property=\"article:publisher\" content=\"https:\/\/www.facebook.com\/miumjaupood\/\" \/>\n<meta property=\"article:modified_time\" content=\"2026-01-07T19:18:45+00:00\" \/>\n<meta property=\"og:image\" content=\"https:\/\/miumjau.ee\/wp-content\/uploads\/2025\/05\/frigera-koerte-maius-lambakoervad-karvaga-100g-1-Photoroom.jpg\" \/>\n\t<meta property=\"og:image:width\" content=\"600\" \/>\n\t<meta property=\"og:image:height\" content=\"800\" \/>\n\t<meta property=\"og:image:type\" content=\"image\/jpeg\" \/>\n<meta name=\"twitter:card\" content=\"summary_large_image\" \/>\n<script type=\"application\/ld+json\" class=\"yoast-schema-graph\">{\"@context\":\"https:\\\/\\\/schema.org\",\"@graph\":[{\"@type\":\"WebPage\",\"@id\":\"https:\\\/\\\/miumjau.ee\\\/lv\\\/produkts\\\/frigera-zavetas-jera-ausis-ar-vilnu-100-g\\\/\",\"url\":\"https:\\\/\\\/miumjau.ee\\\/lv\\\/produkts\\\/frigera-zavetas-jera-ausis-ar-vilnu-100-g\\\/\",\"name\":\"Frigera \u017e\u0101v\u0113tas j\u0113ra ausis ar vilnu, 100 g - MiuMjau\",\"isPartOf\":{\"@id\":\"https:\\\/\\\/miumjau.ee\\\/#website\"},\"primaryImageOfPage\":{\"@id\":\"https:\\\/\\\/miumjau.ee\\\/lv\\\/produkts\\\/frigera-zavetas-jera-ausis-ar-vilnu-100-g\\\/#primaryimage\"},\"image\":{\"@id\":\"https:\\\/\\\/miumjau.ee\\\/lv\\\/produkts\\\/frigera-zavetas-jera-ausis-ar-vilnu-100-g\\\/#primaryimage\"},\"thumbnailUrl\":\"https:\\\/\\\/miumjau.ee\\\/wp-content\\\/uploads\\\/2025\\\/05\\\/frigera-koerte-maius-lambakoervad-karvaga-100g-1-Photoroom.jpg\",\"datePublished\":\"2025-05-18T12:43:10+00:00\",\"dateModified\":\"2026-01-07T19:18:45+00:00\",\"breadcrumb\":{\"@id\":\"https:\\\/\\\/miumjau.ee\\\/lv\\\/produkts\\\/frigera-zavetas-jera-ausis-ar-vilnu-100-g\\\/#breadcrumb\"},\"inLanguage\":\"lv-LV\",\"potentialAction\":[{\"@type\":\"ReadAction\",\"target\":[\"https:\\\/\\\/miumjau.ee\\\/lv\\\/produkts\\\/frigera-zavetas-jera-ausis-ar-vilnu-100-g\\\/\"]}]},{\"@type\":\"ImageObject\",\"inLanguage\":\"lv-LV\",\"@id\":\"https:\\\/\\\/miumjau.ee\\\/lv\\\/produkts\\\/frigera-zavetas-jera-ausis-ar-vilnu-100-g\\\/#primaryimage\",\"url\":\"https:\\\/\\\/miumjau.ee\\\/wp-content\\\/uploads\\\/2025\\\/05\\\/frigera-koerte-maius-lambakoervad-karvaga-100g-1-Photoroom.jpg\",\"contentUrl\":\"https:\\\/\\\/miumjau.ee\\\/wp-content\\\/uploads\\\/2025\\\/05\\\/frigera-koerte-maius-lambakoervad-karvaga-100g-1-Photoroom.jpg\",\"width\":600,\"height\":800},{\"@type\":\"BreadcrumbList\",\"@id\":\"https:\\\/\\\/miumjau.ee\\\/lv\\\/produkts\\\/frigera-zavetas-jera-ausis-ar-vilnu-100-g\\\/#breadcrumb\",\"itemListElement\":[{\"@type\":\"ListItem\",\"position\":1,\"name\":\"Home\",\"item\":\"https:\\\/\\\/miumjau.ee\\\/lv\\\/\"},{\"@type\":\"ListItem\",\"position\":2,\"name\":\"Veikals\",\"item\":\"https:\\\/\\\/miumjau.ee\\\/lv\\\/veikals\\\/\"},{\"@type\":\"ListItem\",\"position\":3,\"name\":\"Frigera \u017e\u0101v\u0113tas j\u0113ra ausis ar vilnu, 100 g\"}]},{\"@type\":\"WebSite\",\"@id\":\"https:\\\/\\\/miumjau.ee\\\/#website\",\"url\":\"https:\\\/\\\/miumjau.ee\\\/\",\"name\":\"MiuMjau\",\"description\":\"Kraapimispuud kassidele\",\"publisher\":{\"@id\":\"https:\\\/\\\/miumjau.ee\\\/#organization\"},\"potentialAction\":[{\"@type\":\"SearchAction\",\"target\":{\"@type\":\"EntryPoint\",\"urlTemplate\":\"https:\\\/\\\/miumjau.ee\\\/?s={search_term_string}\"},\"query-input\":{\"@type\":\"PropertyValueSpecification\",\"valueRequired\":true,\"valueName\":\"search_term_string\"}}],\"inLanguage\":\"lv-LV\"},{\"@type\":\"Organization\",\"@id\":\"https:\\\/\\\/miumjau.ee\\\/#organization\",\"name\":\"MiuMjau O\u00dc\",\"url\":\"https:\\\/\\\/miumjau.ee\\\/\",\"logo\":{\"@type\":\"ImageObject\",\"inLanguage\":\"lv-LV\",\"@id\":\"https:\\\/\\\/miumjau.ee\\\/#\\\/schema\\\/logo\\\/image\\\/\",\"url\":\"https:\\\/\\\/miumjau.ee\\\/wp-content\\\/uploads\\\/2022\\\/04\\\/MiuMjau-logo-kollane.png\",\"contentUrl\":\"https:\\\/\\\/miumjau.ee\\\/wp-content\\\/uploads\\\/2022\\\/04\\\/MiuMjau-logo-kollane.png\",\"width\":219,\"height\":100,\"caption\":\"MiuMjau O\u00dc\"},\"image\":{\"@id\":\"https:\\\/\\\/miumjau.ee\\\/#\\\/schema\\\/logo\\\/image\\\/\"},\"sameAs\":[\"https:\\\/\\\/www.facebook.com\\\/miumjaupood\\\/\"]}]}<\/script>\n<!-- \/ Yoast SEO plugin. -->","yoast_head_json":{"title":"Frigera \u017e\u0101v\u0113tas j\u0113ra ausis ar vilnu, 100 g - MiuMjau","robots":{"index":"index","follow":"follow","max-snippet":"max-snippet:-1","max-image-preview":"max-image-preview:large","max-video-preview":"max-video-preview:-1"},"canonical":"https:\/\/miumjau.ee\/lv\/produkts\/frigera-zavetas-jera-ausis-ar-vilnu-100-g\/","og_locale":"lv_LV","og_type":"article","og_title":"Frigera \u017e\u0101v\u0113tas j\u0113ra ausis ar vilnu, 100 g - MiuMjau","og_description":"FRIGERA \u017e\u0101v\u0113tas j\u0113ra ausis ir dabisks un vesel\u012bgs na\u0161\u0137is! Vai c\u016bku vai liellopu ausis \u0161\u0137iet p\u0101r\u0101k parastas j\u016bsu sunim vai vi\u0146am t\u0101s nepat\u012bk? FRIGERA j\u0113ra ausis ar vilnu n\u0101k pal\u012bg\u0101! \u0160\u012bs 100% dabisk\u0101s j\u0113ra ausis ir r\u016bp\u012bgi \u017e\u0101v\u0113tas, lai t\u0101s b\u016btu krauk\u0161\u0137\u012bgas, bet nedaudz m\u012bkst\u0101kas un lies\u0101kas nek\u0101 c\u016bku ausis. \u0160is hipoaler\u0123iskais na\u0161\u0137is lieliski piem\u0113rots su\u0146iem ar jut\u012bgu gremo\u0161anu \u2013 intens\u012bva ko\u0161\u013c\u0101\u0161ana pal\u012bdz t\u012br\u012bt zobus un veicina loc\u012btavu un sai\u0161u vesel\u012bbu, jo tas satur daudz mang\u0101na. J\u0113ra ausis ir ar\u012b videi draudz\u012bg\u0101kas, jo j\u0113ru ekolo\u0123isk\u0101 p\u0113da ir maz\u0101ka nek\u0101 c\u016bk\u0101m vai liellopiem. Turkl\u0101t t\u0101s ir ar mazu vai gandr\u012bz bez smar\u017eas, lieliski piem\u0113rotas ko\u0161\u013c\u0101\u0161anai telp\u0101s. Un vislab\u0101kais \u2013 vilna pal\u012bdz dabiski att\u012br\u012bt su\u0146a gremo\u0161anas sist\u0113mu! Tas atdarina, k\u0101 su\u0146i k\u0101dreiz dab\u0101 \u0113da savu upuri \u2013 ar vilnu un kauliem. Pateicoties piem\u0113rotajam izm\u0113ram un strukt\u016brai, j\u0113ra ausis piem\u0113rotas ar\u012b maz\u0101kiem su\u0146iem vai su\u0146iem ar v\u0101j\u0101kiem \u017eok\u013cu musku\u013ciem. Neto svars: 100 gSast\u0101vs: 100 % j\u0113rsAnal\u012btiskais sast\u0101vs: Prote\u012bns 59,78 %, Tauki 29,4 %, Mitrums 8,27 % Baro\u0161anas nor\u0101d\u012bjumi: Pied\u0101v\u0101jiet starp \u0113dienreiz\u0113m k\u0101 na\u0161\u0137i vai k\u0101 balvu sabalans\u0113ta uztura sast\u0101vda\u013cu. Vienm\u0113r uzraugiet su\u0146a baro\u0161anu un nodro\u0161iniet svaigu \u016bdeni. Nav piem\u0113rots cilv\u0113ku \u0113\u0161anai.","og_url":"https:\/\/miumjau.ee\/lv\/produkts\/frigera-zavetas-jera-ausis-ar-vilnu-100-g\/","og_site_name":"MiuMjau","article_publisher":"https:\/\/www.facebook.com\/miumjaupood\/","article_modified_time":"2026-01-07T19:18:45+00:00","og_image":[{"width":600,"height":800,"url":"https:\/\/miumjau.ee\/wp-content\/uploads\/2025\/05\/frigera-koerte-maius-lambakoervad-karvaga-100g-1-Photoroom.jpg","type":"image\/jpeg"}],"twitter_card":"summary_large_image","schema":{"@context":"https:\/\/schema.org","@graph":[{"@type":"WebPage","@id":"https:\/\/miumjau.ee\/lv\/produkts\/frigera-zavetas-jera-ausis-ar-vilnu-100-g\/","url":"https:\/\/miumjau.ee\/lv\/produkts\/frigera-zavetas-jera-ausis-ar-vilnu-100-g\/","name":"Frigera \u017e\u0101v\u0113tas j\u0113ra ausis ar vilnu, 100 g - MiuMjau","isPartOf":{"@id":"https:\/\/miumjau.ee\/#website"},"primaryImageOfPage":{"@id":"https:\/\/miumjau.ee\/lv\/produkts\/frigera-zavetas-jera-ausis-ar-vilnu-100-g\/#primaryimage"},"image":{"@id":"https:\/\/miumjau.ee\/lv\/produkts\/frigera-zavetas-jera-ausis-ar-vilnu-100-g\/#primaryimage"},"thumbnailUrl":"https:\/\/miumjau.ee\/wp-content\/uploads\/2025\/05\/frigera-koerte-maius-lambakoervad-karvaga-100g-1-Photoroom.jpg","datePublished":"2025-05-18T12:43:10+00:00","dateModified":"2026-01-07T19:18:45+00:00","breadcrumb":{"@id":"https:\/\/miumjau.ee\/lv\/produkts\/frigera-zavetas-jera-ausis-ar-vilnu-100-g\/#breadcrumb"},"inLanguage":"lv-LV","potentialAction":[{"@type":"ReadAction","target":["https:\/\/miumjau.ee\/lv\/produkts\/frigera-zavetas-jera-ausis-ar-vilnu-100-g\/"]}]},{"@type":"ImageObject","inLanguage":"lv-LV","@id":"https:\/\/miumjau.ee\/lv\/produkts\/frigera-zavetas-jera-ausis-ar-vilnu-100-g\/#primaryimage","url":"https:\/\/miumjau.ee\/wp-content\/uploads\/2025\/05\/frigera-koerte-maius-lambakoervad-karvaga-100g-1-Photoroom.jpg","contentUrl":"https:\/\/miumjau.ee\/wp-content\/uploads\/2025\/05\/frigera-koerte-maius-lambakoervad-karvaga-100g-1-Photoroom.jpg","width":600,"height":800},{"@type":"BreadcrumbList","@id":"https:\/\/miumjau.ee\/lv\/produkts\/frigera-zavetas-jera-ausis-ar-vilnu-100-g\/#breadcrumb","itemListElement":[{"@type":"ListItem","position":1,"name":"Home","item":"https:\/\/miumjau.ee\/lv\/"},{"@type":"ListItem","position":2,"name":"Veikals","item":"https:\/\/miumjau.ee\/lv\/veikals\/"},{"@type":"ListItem","position":3,"name":"Frigera \u017e\u0101v\u0113tas j\u0113ra ausis ar vilnu, 100 g"}]},{"@type":"WebSite","@id":"https:\/\/miumjau.ee\/#website","url":"https:\/\/miumjau.ee\/","name":"MiuMjau","description":"Kraapimispuud kassidele","publisher":{"@id":"https:\/\/miumjau.ee\/#organization"},"potentialAction":[{"@type":"SearchAction","target":{"@type":"EntryPoint","urlTemplate":"https:\/\/miumjau.ee\/?s={search_term_string}"},"query-input":{"@type":"PropertyValueSpecification","valueRequired":true,"valueName":"search_term_string"}}],"inLanguage":"lv-LV"},{"@type":"Organization","@id":"https:\/\/miumjau.ee\/#organization","name":"MiuMjau O\u00dc","url":"https:\/\/miumjau.ee\/","logo":{"@type":"ImageObject","inLanguage":"lv-LV","@id":"https:\/\/miumjau.ee\/#\/schema\/logo\/image\/","url":"https:\/\/miumjau.ee\/wp-content\/uploads\/2022\/04\/MiuMjau-logo-kollane.png","contentUrl":"https:\/\/miumjau.ee\/wp-content\/uploads\/2022\/04\/MiuMjau-logo-kollane.png","width":219,"height":100,"caption":"MiuMjau O\u00dc"},"image":{"@id":"https:\/\/miumjau.ee\/#\/schema\/logo\/image\/"},"sameAs":["https:\/\/www.facebook.com\/miumjaupood\/"]}]}},"_links":{"self":[{"href":"https:\/\/miumjau.ee\/lv\/wp-json\/wp\/v2\/product\/48477","targetHints":{"allow":["GET"]}}],"collection":[{"href":"https:\/\/miumjau.ee\/lv\/wp-json\/wp\/v2\/product"}],"about":[{"href":"https:\/\/miumjau.ee\/lv\/wp-json\/wp\/v2\/types\/product"}],"wp:featuredmedia":[{"embeddable":true,"href":"https:\/\/miumjau.ee\/lv\/wp-json\/wp\/v2\/media\/48475"}],"wp:attachment":[{"href":"https:\/\/miumjau.ee\/lv\/wp-json\/wp\/v2\/media?parent=48477"}],"wp:term":[{"taxonomy":"product_brand","embeddable":true,"href":"https:\/\/miumjau.ee\/lv\/wp-json\/wp\/v2\/product_brand?post=48477"},{"taxonomy":"product_cat","embeddable":true,"href":"https:\/\/miumjau.ee\/lv\/wp-json\/wp\/v2\/product_cat?post=48477"},{"taxonomy":"product_tag","embeddable":true,"href":"https:\/\/miumjau.ee\/lv\/wp-json\/wp\/v2\/product_tag?post=48477"}],"curies":[{"name":"wp","href":"https:\/\/api.w.org\/{rel}","templated":true}]}}