{"id":48470,"date":"2025-05-22T00:07:44","date_gmt":"2025-05-21T21:07:44","guid":{"rendered":"https:\/\/miumjau.ee\/toode\/frigera-sunu-naskis-liellopa-plausas-250-g\/"},"modified":"2026-01-07T21:18:45","modified_gmt":"2026-01-07T19:18:45","slug":"frigera-sunu-naskis-liellopa-plausas-250-g","status":"publish","type":"product","link":"https:\/\/miumjau.ee\/lv\/produkts\/frigera-sunu-naskis-liellopa-plausas-250-g\/","title":{"rendered":"Frigera su\u0146u na\u0161\u0137is, liellopa plau\u0161as 250 g"},"content":{"rendered":"","protected":false},"excerpt":{"rendered":"<p data-start=\"2927\" data-end=\"3014\">FRIGERA liellopa plau\u0161as \u2013 gandr\u012bz bez taukiem, viegli sagremojams un gar\u0161\u012bgs na\u0161\u0137is!<\/p>\n<p data-start=\"3016\" data-end=\"3365\">Vai mekl\u0113jat zemu tauku saturu un viegli sagremojamu na\u0161\u0137i savam \u010detrk\u0101jainajam draugam? L\u016bk, tas ir \u0161eit! M\u016bsu liellopa plau\u0161as ir izgatavotas no l\u0113ni \u017e\u0101v\u0113t\u0101m dab\u012bg\u0101m plau\u0161\u0101m no br\u012bvi tur\u0113tiem liellopiem, kas audz\u0113ti cilv\u0113ku uzturam. Dz\u012bvnieki nav baroti ar antibiotik\u0101m, stero\u012bdiem vai hormoniem \u2013 tas padara \u0161o na\u0161\u0137i par vienu no dabisk\u0101kajiem!<\/p>\n<p data-start=\"3367\" data-end=\"3713\">Liellopa plau\u0161\u0101m ir poraina, koka l\u012bdz\u012bga tekst\u016bra, ko su\u0146i vienk\u0101r\u0161i dievina. T\u0101s ir \u013coti zemu tauku satur\u0101, bet bag\u0101tas olbaltumviel\u0101s, t\u0101d\u0113\u013c \u012bpa\u0161i piem\u0113rotas jut\u012bgiem vai liek\u0101 svara su\u0146iem. Turkl\u0101t plau\u0161as satur svar\u012bgus miner\u0101lus un tauksk\u0101bes, piem\u0113ram, omega-3, un ir bag\u0101tas ar vitam\u012bniem un vismaz asto\u0146iem nepiecie\u0161amajiem miner\u0101liem.<\/p>\n<p data-start=\"3715\" data-end=\"3915\">Pateicoties m\u012bkstajai strukt\u016brai un viegli sagrie\u017eamai formai, \u0161is na\u0161\u0137is ir piem\u0113rots ar\u012b \u013coti jauniem, veciem vai zobu probl\u0113m\u0101m pak\u013cautiem su\u0146iem. Maigs arom\u0101ts padara to par ide\u0101lu na\u0161\u0137i telp\u0101s.<\/p>\n<p data-start=\"3917\" data-end=\"4045\"><strong data-start=\"3917\" data-end=\"3932\">Neto svars:<\/strong> 250 g<br data-start=\"3938\" data-end=\"3941\" \/><strong data-start=\"3941\" data-end=\"3953\">Sast\u0101vs:<\/strong> 100 % liellops<br data-start=\"3968\" data-end=\"3971\" \/><strong data-start=\"3971\" data-end=\"3996\">Anal\u012btiskais sast\u0101vs:<\/strong> Prote\u012bns 82,56 %, Tauki 9,94 %, Mitrums 3,09 %<\/p>\n<p data-start=\"4047\" data-end=\"4248\"><strong data-start=\"4047\" data-end=\"4072\">Baro\u0161anas nor\u0101d\u012bjumi:<\/strong> Pied\u0101v\u0101jiet starp \u0113dienreiz\u0113m k\u0101 na\u0161\u0137i vai k\u0101 balvu sabalans\u0113ta uztura sast\u0101vda\u013cu. Vienm\u0113r uzraugiet su\u0146a baro\u0161anu un nodro\u0161iniet svaigu \u016bdeni. Nav piem\u0113rots cilv\u0113ku \u0113\u0161anai.<\/p>\n","protected":false},"featured_media":48471,"template":"","meta":[],"product_brand":[],"product_cat":[576],"product_tag":[],"class_list":{"0":"post-48470","1":"product","2":"type-product","3":"status-publish","4":"has-post-thumbnail","6":"product_cat-naski-suniem","8":"first","9":"instock","10":"taxable","11":"shipping-taxable","12":"purchasable","13":"product-type-simple"},"yoast_head":"<!-- This site is optimized with the Yoast SEO plugin v27.2 - https:\/\/yoast.com\/product\/yoast-seo-wordpress\/ -->\n<title>Frigera su\u0146u na\u0161\u0137is, liellopa plau\u0161as 250 g - MiuMjau<\/title>\n<meta name=\"robots\" content=\"index, follow, max-snippet:-1, max-image-preview:large, max-video-preview:-1\" \/>\n<link rel=\"canonical\" href=\"https:\/\/miumjau.ee\/lv\/produkts\/frigera-sunu-naskis-liellopa-plausas-250-g\/\" \/>\n<meta property=\"og:locale\" content=\"lv_LV\" \/>\n<meta property=\"og:type\" content=\"article\" \/>\n<meta property=\"og:title\" content=\"Frigera su\u0146u na\u0161\u0137is, liellopa plau\u0161as 250 g - MiuMjau\" \/>\n<meta property=\"og:description\" content=\"FRIGERA liellopa plau\u0161as \u2013 gandr\u012bz bez taukiem, viegli sagremojams un gar\u0161\u012bgs na\u0161\u0137is! Vai mekl\u0113jat zemu tauku saturu un viegli sagremojamu na\u0161\u0137i savam \u010detrk\u0101jainajam draugam? L\u016bk, tas ir \u0161eit! M\u016bsu liellopa plau\u0161as ir izgatavotas no l\u0113ni \u017e\u0101v\u0113t\u0101m dab\u012bg\u0101m plau\u0161\u0101m no br\u012bvi tur\u0113tiem liellopiem, kas audz\u0113ti cilv\u0113ku uzturam. Dz\u012bvnieki nav baroti ar antibiotik\u0101m, stero\u012bdiem vai hormoniem \u2013 tas padara \u0161o na\u0161\u0137i par vienu no dabisk\u0101kajiem! Liellopa plau\u0161\u0101m ir poraina, koka l\u012bdz\u012bga tekst\u016bra, ko su\u0146i vienk\u0101r\u0161i dievina. T\u0101s ir \u013coti zemu tauku satur\u0101, bet bag\u0101tas olbaltumviel\u0101s, t\u0101d\u0113\u013c \u012bpa\u0161i piem\u0113rotas jut\u012bgiem vai liek\u0101 svara su\u0146iem. Turkl\u0101t plau\u0161as satur svar\u012bgus miner\u0101lus un tauksk\u0101bes, piem\u0113ram, omega-3, un ir bag\u0101tas ar vitam\u012bniem un vismaz asto\u0146iem nepiecie\u0161amajiem miner\u0101liem. Pateicoties m\u012bkstajai strukt\u016brai un viegli sagrie\u017eamai formai, \u0161is na\u0161\u0137is ir piem\u0113rots ar\u012b \u013coti jauniem, veciem vai zobu probl\u0113m\u0101m pak\u013cautiem su\u0146iem. Maigs arom\u0101ts padara to par ide\u0101lu na\u0161\u0137i telp\u0101s. Neto svars: 250 gSast\u0101vs: 100 % liellopsAnal\u012btiskais sast\u0101vs: Prote\u012bns 82,56 %, Tauki 9,94 %, Mitrums 3,09 % Baro\u0161anas nor\u0101d\u012bjumi: Pied\u0101v\u0101jiet starp \u0113dienreiz\u0113m k\u0101 na\u0161\u0137i vai k\u0101 balvu sabalans\u0113ta uztura sast\u0101vda\u013cu. Vienm\u0113r uzraugiet su\u0146a baro\u0161anu un nodro\u0161iniet svaigu \u016bdeni. Nav piem\u0113rots cilv\u0113ku \u0113\u0161anai.\" \/>\n<meta property=\"og:url\" content=\"https:\/\/miumjau.ee\/lv\/produkts\/frigera-sunu-naskis-liellopa-plausas-250-g\/\" \/>\n<meta property=\"og:site_name\" content=\"MiuMjau\" \/>\n<meta property=\"article:publisher\" content=\"https:\/\/www.facebook.com\/miumjaupood\/\" \/>\n<meta property=\"article:modified_time\" content=\"2026-01-07T19:18:45+00:00\" \/>\n<meta property=\"og:image\" content=\"https:\/\/miumjau.ee\/wp-content\/uploads\/2025\/05\/frigera-koerte-maius-veisekops-250g-1-Photoroom.webp\" \/>\n\t<meta property=\"og:image:width\" content=\"600\" \/>\n\t<meta property=\"og:image:height\" content=\"800\" \/>\n\t<meta property=\"og:image:type\" content=\"image\/webp\" \/>\n<meta name=\"twitter:card\" content=\"summary_large_image\" \/>\n<script type=\"application\/ld+json\" class=\"yoast-schema-graph\">{\"@context\":\"https:\/\/schema.org\",\"@graph\":[{\"@type\":\"WebPage\",\"@id\":\"https:\/\/miumjau.ee\/lv\/produkts\/frigera-sunu-naskis-liellopa-plausas-250-g\/\",\"url\":\"https:\/\/miumjau.ee\/lv\/produkts\/frigera-sunu-naskis-liellopa-plausas-250-g\/\",\"name\":\"Frigera su\u0146u na\u0161\u0137is, liellopa plau\u0161as 250 g - MiuMjau\",\"isPartOf\":{\"@id\":\"https:\/\/miumjau.ee\/#website\"},\"primaryImageOfPage\":{\"@id\":\"https:\/\/miumjau.ee\/lv\/produkts\/frigera-sunu-naskis-liellopa-plausas-250-g\/#primaryimage\"},\"image\":{\"@id\":\"https:\/\/miumjau.ee\/lv\/produkts\/frigera-sunu-naskis-liellopa-plausas-250-g\/#primaryimage\"},\"thumbnailUrl\":\"https:\/\/miumjau.ee\/wp-content\/uploads\/2025\/05\/frigera-koerte-maius-veisekops-250g-1-Photoroom.webp\",\"datePublished\":\"2025-05-21T21:07:44+00:00\",\"dateModified\":\"2026-01-07T19:18:45+00:00\",\"breadcrumb\":{\"@id\":\"https:\/\/miumjau.ee\/lv\/produkts\/frigera-sunu-naskis-liellopa-plausas-250-g\/#breadcrumb\"},\"inLanguage\":\"lv-LV\",\"potentialAction\":[{\"@type\":\"ReadAction\",\"target\":[\"https:\/\/miumjau.ee\/lv\/produkts\/frigera-sunu-naskis-liellopa-plausas-250-g\/\"]}]},{\"@type\":\"ImageObject\",\"inLanguage\":\"lv-LV\",\"@id\":\"https:\/\/miumjau.ee\/lv\/produkts\/frigera-sunu-naskis-liellopa-plausas-250-g\/#primaryimage\",\"url\":\"https:\/\/miumjau.ee\/wp-content\/uploads\/2025\/05\/frigera-koerte-maius-veisekops-250g-1-Photoroom.webp\",\"contentUrl\":\"https:\/\/miumjau.ee\/wp-content\/uploads\/2025\/05\/frigera-koerte-maius-veisekops-250g-1-Photoroom.webp\",\"width\":600,\"height\":800},{\"@type\":\"BreadcrumbList\",\"@id\":\"https:\/\/miumjau.ee\/lv\/produkts\/frigera-sunu-naskis-liellopa-plausas-250-g\/#breadcrumb\",\"itemListElement\":[{\"@type\":\"ListItem\",\"position\":1,\"name\":\"Home\",\"item\":\"https:\/\/miumjau.ee\/lv\/\"},{\"@type\":\"ListItem\",\"position\":2,\"name\":\"Veikals\",\"item\":\"https:\/\/miumjau.ee\/lv\/veikals\/\"},{\"@type\":\"ListItem\",\"position\":3,\"name\":\"Frigera su\u0146u na\u0161\u0137is, liellopa plau\u0161as 250 g\"}]},{\"@type\":\"WebSite\",\"@id\":\"https:\/\/miumjau.ee\/#website\",\"url\":\"https:\/\/miumjau.ee\/\",\"name\":\"MiuMjau\",\"description\":\"Kraapimispuud kassidele\",\"publisher\":{\"@id\":\"https:\/\/miumjau.ee\/#organization\"},\"potentialAction\":[{\"@type\":\"SearchAction\",\"target\":{\"@type\":\"EntryPoint\",\"urlTemplate\":\"https:\/\/miumjau.ee\/?s={search_term_string}\"},\"query-input\":{\"@type\":\"PropertyValueSpecification\",\"valueRequired\":true,\"valueName\":\"search_term_string\"}}],\"inLanguage\":\"lv-LV\"},{\"@type\":\"Organization\",\"@id\":\"https:\/\/miumjau.ee\/#organization\",\"name\":\"MiuMjau O\u00dc\",\"url\":\"https:\/\/miumjau.ee\/\",\"logo\":{\"@type\":\"ImageObject\",\"inLanguage\":\"lv-LV\",\"@id\":\"https:\/\/miumjau.ee\/#\/schema\/logo\/image\/\",\"url\":\"https:\/\/miumjau.ee\/wp-content\/uploads\/2022\/04\/MiuMjau-logo-kollane.png\",\"contentUrl\":\"https:\/\/miumjau.ee\/wp-content\/uploads\/2022\/04\/MiuMjau-logo-kollane.png\",\"width\":219,\"height\":100,\"caption\":\"MiuMjau O\u00dc\"},\"image\":{\"@id\":\"https:\/\/miumjau.ee\/#\/schema\/logo\/image\/\"},\"sameAs\":[\"https:\/\/www.facebook.com\/miumjaupood\/\"]}]}<\/script>\n<!-- \/ Yoast SEO plugin. -->","yoast_head_json":{"title":"Frigera su\u0146u na\u0161\u0137is, liellopa plau\u0161as 250 g - MiuMjau","robots":{"index":"index","follow":"follow","max-snippet":"max-snippet:-1","max-image-preview":"max-image-preview:large","max-video-preview":"max-video-preview:-1"},"canonical":"https:\/\/miumjau.ee\/lv\/produkts\/frigera-sunu-naskis-liellopa-plausas-250-g\/","og_locale":"lv_LV","og_type":"article","og_title":"Frigera su\u0146u na\u0161\u0137is, liellopa plau\u0161as 250 g - MiuMjau","og_description":"FRIGERA liellopa plau\u0161as \u2013 gandr\u012bz bez taukiem, viegli sagremojams un gar\u0161\u012bgs na\u0161\u0137is! Vai mekl\u0113jat zemu tauku saturu un viegli sagremojamu na\u0161\u0137i savam \u010detrk\u0101jainajam draugam? L\u016bk, tas ir \u0161eit! M\u016bsu liellopa plau\u0161as ir izgatavotas no l\u0113ni \u017e\u0101v\u0113t\u0101m dab\u012bg\u0101m plau\u0161\u0101m no br\u012bvi tur\u0113tiem liellopiem, kas audz\u0113ti cilv\u0113ku uzturam. Dz\u012bvnieki nav baroti ar antibiotik\u0101m, stero\u012bdiem vai hormoniem \u2013 tas padara \u0161o na\u0161\u0137i par vienu no dabisk\u0101kajiem! Liellopa plau\u0161\u0101m ir poraina, koka l\u012bdz\u012bga tekst\u016bra, ko su\u0146i vienk\u0101r\u0161i dievina. T\u0101s ir \u013coti zemu tauku satur\u0101, bet bag\u0101tas olbaltumviel\u0101s, t\u0101d\u0113\u013c \u012bpa\u0161i piem\u0113rotas jut\u012bgiem vai liek\u0101 svara su\u0146iem. Turkl\u0101t plau\u0161as satur svar\u012bgus miner\u0101lus un tauksk\u0101bes, piem\u0113ram, omega-3, un ir bag\u0101tas ar vitam\u012bniem un vismaz asto\u0146iem nepiecie\u0161amajiem miner\u0101liem. Pateicoties m\u012bkstajai strukt\u016brai un viegli sagrie\u017eamai formai, \u0161is na\u0161\u0137is ir piem\u0113rots ar\u012b \u013coti jauniem, veciem vai zobu probl\u0113m\u0101m pak\u013cautiem su\u0146iem. Maigs arom\u0101ts padara to par ide\u0101lu na\u0161\u0137i telp\u0101s. Neto svars: 250 gSast\u0101vs: 100 % liellopsAnal\u012btiskais sast\u0101vs: Prote\u012bns 82,56 %, Tauki 9,94 %, Mitrums 3,09 % Baro\u0161anas nor\u0101d\u012bjumi: Pied\u0101v\u0101jiet starp \u0113dienreiz\u0113m k\u0101 na\u0161\u0137i vai k\u0101 balvu sabalans\u0113ta uztura sast\u0101vda\u013cu. Vienm\u0113r uzraugiet su\u0146a baro\u0161anu un nodro\u0161iniet svaigu \u016bdeni. Nav piem\u0113rots cilv\u0113ku \u0113\u0161anai.","og_url":"https:\/\/miumjau.ee\/lv\/produkts\/frigera-sunu-naskis-liellopa-plausas-250-g\/","og_site_name":"MiuMjau","article_publisher":"https:\/\/www.facebook.com\/miumjaupood\/","article_modified_time":"2026-01-07T19:18:45+00:00","og_image":[{"width":600,"height":800,"url":"https:\/\/miumjau.ee\/wp-content\/uploads\/2025\/05\/frigera-koerte-maius-veisekops-250g-1-Photoroom.webp","type":"image\/webp"}],"twitter_card":"summary_large_image","schema":{"@context":"https:\/\/schema.org","@graph":[{"@type":"WebPage","@id":"https:\/\/miumjau.ee\/lv\/produkts\/frigera-sunu-naskis-liellopa-plausas-250-g\/","url":"https:\/\/miumjau.ee\/lv\/produkts\/frigera-sunu-naskis-liellopa-plausas-250-g\/","name":"Frigera su\u0146u na\u0161\u0137is, liellopa plau\u0161as 250 g - MiuMjau","isPartOf":{"@id":"https:\/\/miumjau.ee\/#website"},"primaryImageOfPage":{"@id":"https:\/\/miumjau.ee\/lv\/produkts\/frigera-sunu-naskis-liellopa-plausas-250-g\/#primaryimage"},"image":{"@id":"https:\/\/miumjau.ee\/lv\/produkts\/frigera-sunu-naskis-liellopa-plausas-250-g\/#primaryimage"},"thumbnailUrl":"https:\/\/miumjau.ee\/wp-content\/uploads\/2025\/05\/frigera-koerte-maius-veisekops-250g-1-Photoroom.webp","datePublished":"2025-05-21T21:07:44+00:00","dateModified":"2026-01-07T19:18:45+00:00","breadcrumb":{"@id":"https:\/\/miumjau.ee\/lv\/produkts\/frigera-sunu-naskis-liellopa-plausas-250-g\/#breadcrumb"},"inLanguage":"lv-LV","potentialAction":[{"@type":"ReadAction","target":["https:\/\/miumjau.ee\/lv\/produkts\/frigera-sunu-naskis-liellopa-plausas-250-g\/"]}]},{"@type":"ImageObject","inLanguage":"lv-LV","@id":"https:\/\/miumjau.ee\/lv\/produkts\/frigera-sunu-naskis-liellopa-plausas-250-g\/#primaryimage","url":"https:\/\/miumjau.ee\/wp-content\/uploads\/2025\/05\/frigera-koerte-maius-veisekops-250g-1-Photoroom.webp","contentUrl":"https:\/\/miumjau.ee\/wp-content\/uploads\/2025\/05\/frigera-koerte-maius-veisekops-250g-1-Photoroom.webp","width":600,"height":800},{"@type":"BreadcrumbList","@id":"https:\/\/miumjau.ee\/lv\/produkts\/frigera-sunu-naskis-liellopa-plausas-250-g\/#breadcrumb","itemListElement":[{"@type":"ListItem","position":1,"name":"Home","item":"https:\/\/miumjau.ee\/lv\/"},{"@type":"ListItem","position":2,"name":"Veikals","item":"https:\/\/miumjau.ee\/lv\/veikals\/"},{"@type":"ListItem","position":3,"name":"Frigera su\u0146u na\u0161\u0137is, liellopa plau\u0161as 250 g"}]},{"@type":"WebSite","@id":"https:\/\/miumjau.ee\/#website","url":"https:\/\/miumjau.ee\/","name":"MiuMjau","description":"Kraapimispuud kassidele","publisher":{"@id":"https:\/\/miumjau.ee\/#organization"},"potentialAction":[{"@type":"SearchAction","target":{"@type":"EntryPoint","urlTemplate":"https:\/\/miumjau.ee\/?s={search_term_string}"},"query-input":{"@type":"PropertyValueSpecification","valueRequired":true,"valueName":"search_term_string"}}],"inLanguage":"lv-LV"},{"@type":"Organization","@id":"https:\/\/miumjau.ee\/#organization","name":"MiuMjau O\u00dc","url":"https:\/\/miumjau.ee\/","logo":{"@type":"ImageObject","inLanguage":"lv-LV","@id":"https:\/\/miumjau.ee\/#\/schema\/logo\/image\/","url":"https:\/\/miumjau.ee\/wp-content\/uploads\/2022\/04\/MiuMjau-logo-kollane.png","contentUrl":"https:\/\/miumjau.ee\/wp-content\/uploads\/2022\/04\/MiuMjau-logo-kollane.png","width":219,"height":100,"caption":"MiuMjau O\u00dc"},"image":{"@id":"https:\/\/miumjau.ee\/#\/schema\/logo\/image\/"},"sameAs":["https:\/\/www.facebook.com\/miumjaupood\/"]}]}},"_links":{"self":[{"href":"https:\/\/miumjau.ee\/lv\/wp-json\/wp\/v2\/product\/48470","targetHints":{"allow":["GET"]}}],"collection":[{"href":"https:\/\/miumjau.ee\/lv\/wp-json\/wp\/v2\/product"}],"about":[{"href":"https:\/\/miumjau.ee\/lv\/wp-json\/wp\/v2\/types\/product"}],"wp:featuredmedia":[{"embeddable":true,"href":"https:\/\/miumjau.ee\/lv\/wp-json\/wp\/v2\/media\/48471"}],"wp:attachment":[{"href":"https:\/\/miumjau.ee\/lv\/wp-json\/wp\/v2\/media?parent=48470"}],"wp:term":[{"taxonomy":"product_brand","embeddable":true,"href":"https:\/\/miumjau.ee\/lv\/wp-json\/wp\/v2\/product_brand?post=48470"},{"taxonomy":"product_cat","embeddable":true,"href":"https:\/\/miumjau.ee\/lv\/wp-json\/wp\/v2\/product_cat?post=48470"},{"taxonomy":"product_tag","embeddable":true,"href":"https:\/\/miumjau.ee\/lv\/wp-json\/wp\/v2\/product_tag?post=48470"}],"curies":[{"name":"wp","href":"https:\/\/api.w.org\/{rel}","templated":true}]}}