{"id":48467,"date":"2025-05-22T00:25:59","date_gmt":"2025-05-21T21:25:59","guid":{"rendered":"https:\/\/miumjau.ee\/toode\/frigera-liellopa-kakla-cipslas-250-g\/"},"modified":"2026-01-07T21:18:45","modified_gmt":"2026-01-07T19:18:45","slug":"frigera-liellopa-kakla-cipslas-250-g","status":"publish","type":"product","link":"https:\/\/miumjau.ee\/lv\/produkts\/frigera-liellopa-kakla-cipslas-250-g\/","title":{"rendered":"Frigera liellopa kakla c\u012bpslas, 250 g"},"content":{"rendered":"","protected":false},"excerpt":{"rendered":"<p data-start=\"2590\" data-end=\"2684\">FRIGERA liellopa kakla c\u012bpslas \u2013 \u012bsts pasl\u0113pts d\u0101rgums un ide\u0101ls na\u0161\u0137is sp\u0113c\u012bgam ko\u0161\u013c\u0101t\u0101jam!<\/p>\n<p data-start=\"2686\" data-end=\"2894\">Dabisks na\u0161\u0137is, izgatavots no r\u016bp\u012bgi \u017e\u0101v\u0113t\u0101m kakla c\u012bpsl\u0101m no br\u012bvi tur\u0113tiem liellopiem, kas audz\u0113ti cilv\u0113ku uzturam. Dz\u012bvnieki nav baroti ar antibiotik\u0101m, stero\u012bdiem vai hormoniem \u2013 piln\u012bgi dabisks na\u0161\u0137is!<\/p>\n<p data-start=\"2896\" data-end=\"3166\">Zems tauku saturs un bez smar\u017eas padara \u0161os na\u0161\u0137us lieliski piem\u0113rotus su\u0146iem, kuriem draud liekais svars, vai lieto\u0161anai telp\u0101s, piem\u0113ram, pils\u0113tas vid\u0113. Cieta un rievojuma tekst\u016bra k\u013c\u016bst elast\u012bga, ko\u0161\u013c\u0101jot, pal\u012bdz samazin\u0101t zobakmeni un stiprina ko\u0161\u013c\u0101\u0161anas musku\u013cus.<\/p>\n<p data-start=\"3168\" data-end=\"3338\">Pateicoties piem\u0113rotajam izm\u0113ram, kakla c\u012bpslas piem\u0113rotas maziem un vid\u0113jiem su\u0146iem. Efekt\u012bvs, vesel\u012bgs un ilgaiztur\u012bgs ko\u0161\u013c\u0101jamais na\u0161\u0137is, kas tur j\u016bsu suni aiz\u0146emtu!<\/p>\n<p data-start=\"3340\" data-end=\"3468\"><strong data-start=\"3340\" data-end=\"3355\">Neto svars:<\/strong> 250 g<br data-start=\"3361\" data-end=\"3364\" \/><strong data-start=\"3364\" data-end=\"3376\">Sast\u0101vs:<\/strong> 100 % liellops<br data-start=\"3391\" data-end=\"3394\" \/><strong data-start=\"3394\" data-end=\"3419\">Anal\u012btiskais sast\u0101vs:<\/strong> Prote\u012bns 90,51 %, Tauki 5,23 %, Mitrums 7,47 %<\/p>\n<p data-start=\"3470\" data-end=\"3671\"><strong data-start=\"3470\" data-end=\"3495\">Baro\u0161anas nor\u0101d\u012bjumi:<\/strong> Pied\u0101v\u0101jiet starp \u0113dienreiz\u0113m k\u0101 na\u0161\u0137i vai k\u0101 balvu sabalans\u0113ta uztura sast\u0101vda\u013cu. Vienm\u0113r uzraugiet su\u0146a baro\u0161anu un nodro\u0161iniet svaigu \u016bdeni. Nav piem\u0113rots cilv\u0113ku \u0113\u0161anai.<\/p>\n","protected":false},"featured_media":48465,"template":"","meta":[],"product_brand":[],"product_cat":[573,576],"product_tag":[],"class_list":{"0":"post-48467","1":"product","2":"type-product","3":"status-publish","4":"has-post-thumbnail","6":"product_cat-kaup24-lv","7":"product_cat-naski-suniem","9":"first","10":"instock","11":"taxable","12":"shipping-taxable","13":"purchasable","14":"product-type-simple"},"yoast_head":"<!-- This site is optimized with the Yoast SEO plugin v27.4 - https:\/\/yoast.com\/product\/yoast-seo-wordpress\/ -->\n<title>Frigera liellopa kakla c\u012bpslas, 250 g - MiuMjau<\/title>\n<meta name=\"robots\" content=\"index, follow, max-snippet:-1, max-image-preview:large, max-video-preview:-1\" \/>\n<link rel=\"canonical\" href=\"https:\/\/miumjau.ee\/lv\/produkts\/frigera-liellopa-kakla-cipslas-250-g\/\" \/>\n<meta property=\"og:locale\" content=\"lv_LV\" \/>\n<meta property=\"og:type\" content=\"article\" \/>\n<meta property=\"og:title\" content=\"Frigera liellopa kakla c\u012bpslas, 250 g - MiuMjau\" \/>\n<meta property=\"og:description\" content=\"FRIGERA liellopa kakla c\u012bpslas \u2013 \u012bsts pasl\u0113pts d\u0101rgums un ide\u0101ls na\u0161\u0137is sp\u0113c\u012bgam ko\u0161\u013c\u0101t\u0101jam! Dabisks na\u0161\u0137is, izgatavots no r\u016bp\u012bgi \u017e\u0101v\u0113t\u0101m kakla c\u012bpsl\u0101m no br\u012bvi tur\u0113tiem liellopiem, kas audz\u0113ti cilv\u0113ku uzturam. Dz\u012bvnieki nav baroti ar antibiotik\u0101m, stero\u012bdiem vai hormoniem \u2013 piln\u012bgi dabisks na\u0161\u0137is! Zems tauku saturs un bez smar\u017eas padara \u0161os na\u0161\u0137us lieliski piem\u0113rotus su\u0146iem, kuriem draud liekais svars, vai lieto\u0161anai telp\u0101s, piem\u0113ram, pils\u0113tas vid\u0113. Cieta un rievojuma tekst\u016bra k\u013c\u016bst elast\u012bga, ko\u0161\u013c\u0101jot, pal\u012bdz samazin\u0101t zobakmeni un stiprina ko\u0161\u013c\u0101\u0161anas musku\u013cus. Pateicoties piem\u0113rotajam izm\u0113ram, kakla c\u012bpslas piem\u0113rotas maziem un vid\u0113jiem su\u0146iem. Efekt\u012bvs, vesel\u012bgs un ilgaiztur\u012bgs ko\u0161\u013c\u0101jamais na\u0161\u0137is, kas tur j\u016bsu suni aiz\u0146emtu! Neto svars: 250 gSast\u0101vs: 100 % liellopsAnal\u012btiskais sast\u0101vs: Prote\u012bns 90,51 %, Tauki 5,23 %, Mitrums 7,47 % Baro\u0161anas nor\u0101d\u012bjumi: Pied\u0101v\u0101jiet starp \u0113dienreiz\u0113m k\u0101 na\u0161\u0137i vai k\u0101 balvu sabalans\u0113ta uztura sast\u0101vda\u013cu. Vienm\u0113r uzraugiet su\u0146a baro\u0161anu un nodro\u0161iniet svaigu \u016bdeni. Nav piem\u0113rots cilv\u0113ku \u0113\u0161anai.\" \/>\n<meta property=\"og:url\" content=\"https:\/\/miumjau.ee\/lv\/produkts\/frigera-liellopa-kakla-cipslas-250-g\/\" \/>\n<meta property=\"og:site_name\" content=\"MiuMjau\" \/>\n<meta property=\"article:publisher\" content=\"https:\/\/www.facebook.com\/miumjaupood\/\" \/>\n<meta property=\"article:modified_time\" content=\"2026-01-07T19:18:45+00:00\" \/>\n<meta property=\"og:image\" content=\"https:\/\/miumjau.ee\/wp-content\/uploads\/2025\/05\/frigera-koerte-maius-veisekaelakoogilused-250g-1-Photoroom.jpg\" \/>\n\t<meta property=\"og:image:width\" content=\"600\" \/>\n\t<meta property=\"og:image:height\" content=\"800\" \/>\n\t<meta property=\"og:image:type\" content=\"image\/jpeg\" \/>\n<meta name=\"twitter:card\" content=\"summary_large_image\" \/>\n<script type=\"application\/ld+json\" class=\"yoast-schema-graph\">{\"@context\":\"https:\\\/\\\/schema.org\",\"@graph\":[{\"@type\":\"WebPage\",\"@id\":\"https:\\\/\\\/miumjau.ee\\\/lv\\\/produkts\\\/frigera-liellopa-kakla-cipslas-250-g\\\/\",\"url\":\"https:\\\/\\\/miumjau.ee\\\/lv\\\/produkts\\\/frigera-liellopa-kakla-cipslas-250-g\\\/\",\"name\":\"Frigera liellopa kakla c\u012bpslas, 250 g - MiuMjau\",\"isPartOf\":{\"@id\":\"https:\\\/\\\/miumjau.ee\\\/#website\"},\"primaryImageOfPage\":{\"@id\":\"https:\\\/\\\/miumjau.ee\\\/lv\\\/produkts\\\/frigera-liellopa-kakla-cipslas-250-g\\\/#primaryimage\"},\"image\":{\"@id\":\"https:\\\/\\\/miumjau.ee\\\/lv\\\/produkts\\\/frigera-liellopa-kakla-cipslas-250-g\\\/#primaryimage\"},\"thumbnailUrl\":\"https:\\\/\\\/miumjau.ee\\\/wp-content\\\/uploads\\\/2025\\\/05\\\/frigera-koerte-maius-veisekaelakoogilused-250g-1-Photoroom.jpg\",\"datePublished\":\"2025-05-21T21:25:59+00:00\",\"dateModified\":\"2026-01-07T19:18:45+00:00\",\"breadcrumb\":{\"@id\":\"https:\\\/\\\/miumjau.ee\\\/lv\\\/produkts\\\/frigera-liellopa-kakla-cipslas-250-g\\\/#breadcrumb\"},\"inLanguage\":\"lv-LV\",\"potentialAction\":[{\"@type\":\"ReadAction\",\"target\":[\"https:\\\/\\\/miumjau.ee\\\/lv\\\/produkts\\\/frigera-liellopa-kakla-cipslas-250-g\\\/\"]}]},{\"@type\":\"ImageObject\",\"inLanguage\":\"lv-LV\",\"@id\":\"https:\\\/\\\/miumjau.ee\\\/lv\\\/produkts\\\/frigera-liellopa-kakla-cipslas-250-g\\\/#primaryimage\",\"url\":\"https:\\\/\\\/miumjau.ee\\\/wp-content\\\/uploads\\\/2025\\\/05\\\/frigera-koerte-maius-veisekaelakoogilused-250g-1-Photoroom.jpg\",\"contentUrl\":\"https:\\\/\\\/miumjau.ee\\\/wp-content\\\/uploads\\\/2025\\\/05\\\/frigera-koerte-maius-veisekaelakoogilused-250g-1-Photoroom.jpg\",\"width\":600,\"height\":800},{\"@type\":\"BreadcrumbList\",\"@id\":\"https:\\\/\\\/miumjau.ee\\\/lv\\\/produkts\\\/frigera-liellopa-kakla-cipslas-250-g\\\/#breadcrumb\",\"itemListElement\":[{\"@type\":\"ListItem\",\"position\":1,\"name\":\"Home\",\"item\":\"https:\\\/\\\/miumjau.ee\\\/lv\\\/\"},{\"@type\":\"ListItem\",\"position\":2,\"name\":\"Veikals\",\"item\":\"https:\\\/\\\/miumjau.ee\\\/lv\\\/veikals\\\/\"},{\"@type\":\"ListItem\",\"position\":3,\"name\":\"Frigera liellopa kakla c\u012bpslas, 250 g\"}]},{\"@type\":\"WebSite\",\"@id\":\"https:\\\/\\\/miumjau.ee\\\/#website\",\"url\":\"https:\\\/\\\/miumjau.ee\\\/\",\"name\":\"MiuMjau\",\"description\":\"Kraapimispuud kassidele\",\"publisher\":{\"@id\":\"https:\\\/\\\/miumjau.ee\\\/#organization\"},\"potentialAction\":[{\"@type\":\"SearchAction\",\"target\":{\"@type\":\"EntryPoint\",\"urlTemplate\":\"https:\\\/\\\/miumjau.ee\\\/?s={search_term_string}\"},\"query-input\":{\"@type\":\"PropertyValueSpecification\",\"valueRequired\":true,\"valueName\":\"search_term_string\"}}],\"inLanguage\":\"lv-LV\"},{\"@type\":\"Organization\",\"@id\":\"https:\\\/\\\/miumjau.ee\\\/#organization\",\"name\":\"MiuMjau O\u00dc\",\"url\":\"https:\\\/\\\/miumjau.ee\\\/\",\"logo\":{\"@type\":\"ImageObject\",\"inLanguage\":\"lv-LV\",\"@id\":\"https:\\\/\\\/miumjau.ee\\\/#\\\/schema\\\/logo\\\/image\\\/\",\"url\":\"https:\\\/\\\/miumjau.ee\\\/wp-content\\\/uploads\\\/2022\\\/04\\\/MiuMjau-logo-kollane.png\",\"contentUrl\":\"https:\\\/\\\/miumjau.ee\\\/wp-content\\\/uploads\\\/2022\\\/04\\\/MiuMjau-logo-kollane.png\",\"width\":219,\"height\":100,\"caption\":\"MiuMjau O\u00dc\"},\"image\":{\"@id\":\"https:\\\/\\\/miumjau.ee\\\/#\\\/schema\\\/logo\\\/image\\\/\"},\"sameAs\":[\"https:\\\/\\\/www.facebook.com\\\/miumjaupood\\\/\"]}]}<\/script>\n<!-- \/ Yoast SEO plugin. -->","yoast_head_json":{"title":"Frigera liellopa kakla c\u012bpslas, 250 g - MiuMjau","robots":{"index":"index","follow":"follow","max-snippet":"max-snippet:-1","max-image-preview":"max-image-preview:large","max-video-preview":"max-video-preview:-1"},"canonical":"https:\/\/miumjau.ee\/lv\/produkts\/frigera-liellopa-kakla-cipslas-250-g\/","og_locale":"lv_LV","og_type":"article","og_title":"Frigera liellopa kakla c\u012bpslas, 250 g - MiuMjau","og_description":"FRIGERA liellopa kakla c\u012bpslas \u2013 \u012bsts pasl\u0113pts d\u0101rgums un ide\u0101ls na\u0161\u0137is sp\u0113c\u012bgam ko\u0161\u013c\u0101t\u0101jam! Dabisks na\u0161\u0137is, izgatavots no r\u016bp\u012bgi \u017e\u0101v\u0113t\u0101m kakla c\u012bpsl\u0101m no br\u012bvi tur\u0113tiem liellopiem, kas audz\u0113ti cilv\u0113ku uzturam. Dz\u012bvnieki nav baroti ar antibiotik\u0101m, stero\u012bdiem vai hormoniem \u2013 piln\u012bgi dabisks na\u0161\u0137is! Zems tauku saturs un bez smar\u017eas padara \u0161os na\u0161\u0137us lieliski piem\u0113rotus su\u0146iem, kuriem draud liekais svars, vai lieto\u0161anai telp\u0101s, piem\u0113ram, pils\u0113tas vid\u0113. Cieta un rievojuma tekst\u016bra k\u013c\u016bst elast\u012bga, ko\u0161\u013c\u0101jot, pal\u012bdz samazin\u0101t zobakmeni un stiprina ko\u0161\u013c\u0101\u0161anas musku\u013cus. Pateicoties piem\u0113rotajam izm\u0113ram, kakla c\u012bpslas piem\u0113rotas maziem un vid\u0113jiem su\u0146iem. Efekt\u012bvs, vesel\u012bgs un ilgaiztur\u012bgs ko\u0161\u013c\u0101jamais na\u0161\u0137is, kas tur j\u016bsu suni aiz\u0146emtu! Neto svars: 250 gSast\u0101vs: 100 % liellopsAnal\u012btiskais sast\u0101vs: Prote\u012bns 90,51 %, Tauki 5,23 %, Mitrums 7,47 % Baro\u0161anas nor\u0101d\u012bjumi: Pied\u0101v\u0101jiet starp \u0113dienreiz\u0113m k\u0101 na\u0161\u0137i vai k\u0101 balvu sabalans\u0113ta uztura sast\u0101vda\u013cu. Vienm\u0113r uzraugiet su\u0146a baro\u0161anu un nodro\u0161iniet svaigu \u016bdeni. Nav piem\u0113rots cilv\u0113ku \u0113\u0161anai.","og_url":"https:\/\/miumjau.ee\/lv\/produkts\/frigera-liellopa-kakla-cipslas-250-g\/","og_site_name":"MiuMjau","article_publisher":"https:\/\/www.facebook.com\/miumjaupood\/","article_modified_time":"2026-01-07T19:18:45+00:00","og_image":[{"width":600,"height":800,"url":"https:\/\/miumjau.ee\/wp-content\/uploads\/2025\/05\/frigera-koerte-maius-veisekaelakoogilused-250g-1-Photoroom.jpg","type":"image\/jpeg"}],"twitter_card":"summary_large_image","schema":{"@context":"https:\/\/schema.org","@graph":[{"@type":"WebPage","@id":"https:\/\/miumjau.ee\/lv\/produkts\/frigera-liellopa-kakla-cipslas-250-g\/","url":"https:\/\/miumjau.ee\/lv\/produkts\/frigera-liellopa-kakla-cipslas-250-g\/","name":"Frigera liellopa kakla c\u012bpslas, 250 g - MiuMjau","isPartOf":{"@id":"https:\/\/miumjau.ee\/#website"},"primaryImageOfPage":{"@id":"https:\/\/miumjau.ee\/lv\/produkts\/frigera-liellopa-kakla-cipslas-250-g\/#primaryimage"},"image":{"@id":"https:\/\/miumjau.ee\/lv\/produkts\/frigera-liellopa-kakla-cipslas-250-g\/#primaryimage"},"thumbnailUrl":"https:\/\/miumjau.ee\/wp-content\/uploads\/2025\/05\/frigera-koerte-maius-veisekaelakoogilused-250g-1-Photoroom.jpg","datePublished":"2025-05-21T21:25:59+00:00","dateModified":"2026-01-07T19:18:45+00:00","breadcrumb":{"@id":"https:\/\/miumjau.ee\/lv\/produkts\/frigera-liellopa-kakla-cipslas-250-g\/#breadcrumb"},"inLanguage":"lv-LV","potentialAction":[{"@type":"ReadAction","target":["https:\/\/miumjau.ee\/lv\/produkts\/frigera-liellopa-kakla-cipslas-250-g\/"]}]},{"@type":"ImageObject","inLanguage":"lv-LV","@id":"https:\/\/miumjau.ee\/lv\/produkts\/frigera-liellopa-kakla-cipslas-250-g\/#primaryimage","url":"https:\/\/miumjau.ee\/wp-content\/uploads\/2025\/05\/frigera-koerte-maius-veisekaelakoogilused-250g-1-Photoroom.jpg","contentUrl":"https:\/\/miumjau.ee\/wp-content\/uploads\/2025\/05\/frigera-koerte-maius-veisekaelakoogilused-250g-1-Photoroom.jpg","width":600,"height":800},{"@type":"BreadcrumbList","@id":"https:\/\/miumjau.ee\/lv\/produkts\/frigera-liellopa-kakla-cipslas-250-g\/#breadcrumb","itemListElement":[{"@type":"ListItem","position":1,"name":"Home","item":"https:\/\/miumjau.ee\/lv\/"},{"@type":"ListItem","position":2,"name":"Veikals","item":"https:\/\/miumjau.ee\/lv\/veikals\/"},{"@type":"ListItem","position":3,"name":"Frigera liellopa kakla c\u012bpslas, 250 g"}]},{"@type":"WebSite","@id":"https:\/\/miumjau.ee\/#website","url":"https:\/\/miumjau.ee\/","name":"MiuMjau","description":"Kraapimispuud kassidele","publisher":{"@id":"https:\/\/miumjau.ee\/#organization"},"potentialAction":[{"@type":"SearchAction","target":{"@type":"EntryPoint","urlTemplate":"https:\/\/miumjau.ee\/?s={search_term_string}"},"query-input":{"@type":"PropertyValueSpecification","valueRequired":true,"valueName":"search_term_string"}}],"inLanguage":"lv-LV"},{"@type":"Organization","@id":"https:\/\/miumjau.ee\/#organization","name":"MiuMjau O\u00dc","url":"https:\/\/miumjau.ee\/","logo":{"@type":"ImageObject","inLanguage":"lv-LV","@id":"https:\/\/miumjau.ee\/#\/schema\/logo\/image\/","url":"https:\/\/miumjau.ee\/wp-content\/uploads\/2022\/04\/MiuMjau-logo-kollane.png","contentUrl":"https:\/\/miumjau.ee\/wp-content\/uploads\/2022\/04\/MiuMjau-logo-kollane.png","width":219,"height":100,"caption":"MiuMjau O\u00dc"},"image":{"@id":"https:\/\/miumjau.ee\/#\/schema\/logo\/image\/"},"sameAs":["https:\/\/www.facebook.com\/miumjaupood\/"]}]}},"_links":{"self":[{"href":"https:\/\/miumjau.ee\/lv\/wp-json\/wp\/v2\/product\/48467","targetHints":{"allow":["GET"]}}],"collection":[{"href":"https:\/\/miumjau.ee\/lv\/wp-json\/wp\/v2\/product"}],"about":[{"href":"https:\/\/miumjau.ee\/lv\/wp-json\/wp\/v2\/types\/product"}],"wp:featuredmedia":[{"embeddable":true,"href":"https:\/\/miumjau.ee\/lv\/wp-json\/wp\/v2\/media\/48465"}],"wp:attachment":[{"href":"https:\/\/miumjau.ee\/lv\/wp-json\/wp\/v2\/media?parent=48467"}],"wp:term":[{"taxonomy":"product_brand","embeddable":true,"href":"https:\/\/miumjau.ee\/lv\/wp-json\/wp\/v2\/product_brand?post=48467"},{"taxonomy":"product_cat","embeddable":true,"href":"https:\/\/miumjau.ee\/lv\/wp-json\/wp\/v2\/product_cat?post=48467"},{"taxonomy":"product_tag","embeddable":true,"href":"https:\/\/miumjau.ee\/lv\/wp-json\/wp\/v2\/product_tag?post=48467"}],"curies":[{"name":"wp","href":"https:\/\/api.w.org\/{rel}","templated":true}]}}