{"id":48460,"date":"2025-05-22T00:57:56","date_gmt":"2025-05-21T21:57:56","guid":{"rendered":"https:\/\/miumjau.ee\/toode\/frigera-sunu-naskis-liellopa-veders-250-g\/"},"modified":"2026-01-07T21:18:45","modified_gmt":"2026-01-07T19:18:45","slug":"frigera-sunu-naskis-liellopa-veders-250-g","status":"publish","type":"product","link":"https:\/\/miumjau.ee\/lv\/produkts\/frigera-sunu-naskis-liellopa-veders-250-g\/","title":{"rendered":"Frigera su\u0146u na\u0161\u0137is, liellopa v\u0113ders 250 g"},"content":{"rendered":"","protected":false},"excerpt":{"rendered":"<p data-start=\"2789\" data-end=\"2855\">FRIGERA liellopa v\u0113ders \u2013 dabisks un vilino\u0161s na\u0161\u0137is j\u016bsu sunim!<\/p>\n<p data-start=\"2857\" data-end=\"3096\">\u0160is na\u0161\u0137is ir l\u0113ni \u017e\u0101v\u0113ts, krauk\u0161\u0137\u012bgs un ar medus \u0161\u016bnu l\u012bdz\u012bgu tekst\u016bru. Sast\u0101vda\u013cas n\u0101k no br\u012bvi tur\u0113tiem liellopiem, kas audz\u0113ti cilv\u0113ku uzturam. Dz\u012bvnieki audz\u0113ti bez antibiotik\u0101m, stero\u012bdiem vai hormoniem \u2013 cik vien dab\u012bgi iesp\u0113jams!<\/p>\n<p data-start=\"3098\" data-end=\"3304\">\u0160is na\u0161\u0137is ir maz\u0101k taukains, bet bag\u0101ts olbaltumviel\u0101s un satur daudz B12 vitam\u012bna. Papildus tam nav pievienotas m\u0101ksl\u012bgas kr\u0101sas vai konservanti. Augsts kolag\u0113na saturs atbalsta \u0101das un ka\u017eoka vesel\u012bbu.<\/p>\n<p data-start=\"3306\" data-end=\"3636\">Vai zin\u0101j\u0101t, ka v\u0113ders nav tikai viens no popul\u0101r\u0101kajiem un m\u012bl\u0113t\u0101kajiem su\u0146u ko\u0161\u013c\u0101jamiem na\u0161\u0137iem, bet da\u017e\u0101s valst\u012bs ar\u012b \u012bsts delikatese cilv\u0113kiem? Intens\u012bv\u0101s smar\u017eas un bar\u012bbas vielu bag\u0101t\u012bbas d\u0113\u013c \u0161is na\u0161\u0137is patiks ar\u012b izv\u0113l\u012bgiem su\u0146iem. Tas atbalsta ar\u012b gremo\u0161anas sist\u0113mas mikrofloru un pozit\u012bvi ietekm\u0113 su\u0146a gar\u012bgo vesel\u012bbu.<\/p>\n<p data-start=\"3638\" data-end=\"3773\"><strong data-start=\"3638\" data-end=\"3653\">Neto svars:<\/strong> 250 g<br data-start=\"3659\" data-end=\"3662\" \/><strong data-start=\"3662\" data-end=\"3674\">Sast\u0101vs:<\/strong> 100 % liellops<br data-start=\"3689\" data-end=\"3692\" \/><strong data-start=\"3692\" data-end=\"3717\">Anal\u012btiskais sast\u0101vs:<\/strong> Olbaltumvielas 57,41 %, Tauki 18,32 %, Mitrums 5,58 %<\/p>\n<p data-start=\"3775\" data-end=\"3976\"><strong data-start=\"3775\" data-end=\"3800\">Baro\u0161anas nor\u0101d\u012bjumi:<\/strong> Pied\u0101v\u0101jiet starp \u0113dienreiz\u0113m k\u0101 na\u0161\u0137i vai k\u0101 balvu sabalans\u0113ta uztura sast\u0101vda\u013cu. Vienm\u0113r uzraugiet su\u0146a baro\u0161anu un nodro\u0161iniet svaigu \u016bdeni. Nav piem\u0113rots cilv\u0113ku \u0113\u0161anai.<\/p>\n","protected":false},"featured_media":48461,"template":"","meta":[],"product_brand":[],"product_cat":[576],"product_tag":[],"class_list":{"0":"post-48460","1":"product","2":"type-product","3":"status-publish","4":"has-post-thumbnail","6":"product_cat-naski-suniem","8":"first","9":"instock","10":"taxable","11":"shipping-taxable","12":"purchasable","13":"product-type-simple"},"yoast_head":"<!-- This site is optimized with the Yoast SEO plugin v27.2 - https:\/\/yoast.com\/product\/yoast-seo-wordpress\/ -->\n<title>Frigera su\u0146u na\u0161\u0137is, liellopa v\u0113ders 250 g - MiuMjau<\/title>\n<meta name=\"robots\" content=\"index, follow, max-snippet:-1, max-image-preview:large, max-video-preview:-1\" \/>\n<link rel=\"canonical\" href=\"https:\/\/miumjau.ee\/lv\/produkts\/frigera-sunu-naskis-liellopa-veders-250-g\/\" \/>\n<meta property=\"og:locale\" content=\"lv_LV\" \/>\n<meta property=\"og:type\" content=\"article\" \/>\n<meta property=\"og:title\" content=\"Frigera su\u0146u na\u0161\u0137is, liellopa v\u0113ders 250 g - MiuMjau\" \/>\n<meta property=\"og:description\" content=\"FRIGERA liellopa v\u0113ders \u2013 dabisks un vilino\u0161s na\u0161\u0137is j\u016bsu sunim! \u0160is na\u0161\u0137is ir l\u0113ni \u017e\u0101v\u0113ts, krauk\u0161\u0137\u012bgs un ar medus \u0161\u016bnu l\u012bdz\u012bgu tekst\u016bru. Sast\u0101vda\u013cas n\u0101k no br\u012bvi tur\u0113tiem liellopiem, kas audz\u0113ti cilv\u0113ku uzturam. Dz\u012bvnieki audz\u0113ti bez antibiotik\u0101m, stero\u012bdiem vai hormoniem \u2013 cik vien dab\u012bgi iesp\u0113jams! \u0160is na\u0161\u0137is ir maz\u0101k taukains, bet bag\u0101ts olbaltumviel\u0101s un satur daudz B12 vitam\u012bna. Papildus tam nav pievienotas m\u0101ksl\u012bgas kr\u0101sas vai konservanti. Augsts kolag\u0113na saturs atbalsta \u0101das un ka\u017eoka vesel\u012bbu. Vai zin\u0101j\u0101t, ka v\u0113ders nav tikai viens no popul\u0101r\u0101kajiem un m\u012bl\u0113t\u0101kajiem su\u0146u ko\u0161\u013c\u0101jamiem na\u0161\u0137iem, bet da\u017e\u0101s valst\u012bs ar\u012b \u012bsts delikatese cilv\u0113kiem? Intens\u012bv\u0101s smar\u017eas un bar\u012bbas vielu bag\u0101t\u012bbas d\u0113\u013c \u0161is na\u0161\u0137is patiks ar\u012b izv\u0113l\u012bgiem su\u0146iem. Tas atbalsta ar\u012b gremo\u0161anas sist\u0113mas mikrofloru un pozit\u012bvi ietekm\u0113 su\u0146a gar\u012bgo vesel\u012bbu. Neto svars: 250 gSast\u0101vs: 100 % liellopsAnal\u012btiskais sast\u0101vs: Olbaltumvielas 57,41 %, Tauki 18,32 %, Mitrums 5,58 % Baro\u0161anas nor\u0101d\u012bjumi: Pied\u0101v\u0101jiet starp \u0113dienreiz\u0113m k\u0101 na\u0161\u0137i vai k\u0101 balvu sabalans\u0113ta uztura sast\u0101vda\u013cu. Vienm\u0113r uzraugiet su\u0146a baro\u0161anu un nodro\u0161iniet svaigu \u016bdeni. Nav piem\u0113rots cilv\u0113ku \u0113\u0161anai.\" \/>\n<meta property=\"og:url\" content=\"https:\/\/miumjau.ee\/lv\/produkts\/frigera-sunu-naskis-liellopa-veders-250-g\/\" \/>\n<meta property=\"og:site_name\" content=\"MiuMjau\" \/>\n<meta property=\"article:publisher\" content=\"https:\/\/www.facebook.com\/miumjaupood\/\" \/>\n<meta property=\"article:modified_time\" content=\"2026-01-07T19:18:45+00:00\" \/>\n<meta property=\"og:image\" content=\"https:\/\/miumjau.ee\/wp-content\/uploads\/2025\/05\/frigera-koerte-maius-veise-sisus-250g-1-Photoroom.webp\" \/>\n\t<meta property=\"og:image:width\" content=\"600\" \/>\n\t<meta property=\"og:image:height\" content=\"800\" \/>\n\t<meta property=\"og:image:type\" content=\"image\/webp\" \/>\n<meta name=\"twitter:card\" content=\"summary_large_image\" \/>\n<script type=\"application\/ld+json\" class=\"yoast-schema-graph\">{\"@context\":\"https:\/\/schema.org\",\"@graph\":[{\"@type\":\"WebPage\",\"@id\":\"https:\/\/miumjau.ee\/lv\/produkts\/frigera-sunu-naskis-liellopa-veders-250-g\/\",\"url\":\"https:\/\/miumjau.ee\/lv\/produkts\/frigera-sunu-naskis-liellopa-veders-250-g\/\",\"name\":\"Frigera su\u0146u na\u0161\u0137is, liellopa v\u0113ders 250 g - MiuMjau\",\"isPartOf\":{\"@id\":\"https:\/\/miumjau.ee\/#website\"},\"primaryImageOfPage\":{\"@id\":\"https:\/\/miumjau.ee\/lv\/produkts\/frigera-sunu-naskis-liellopa-veders-250-g\/#primaryimage\"},\"image\":{\"@id\":\"https:\/\/miumjau.ee\/lv\/produkts\/frigera-sunu-naskis-liellopa-veders-250-g\/#primaryimage\"},\"thumbnailUrl\":\"https:\/\/miumjau.ee\/wp-content\/uploads\/2025\/05\/frigera-koerte-maius-veise-sisus-250g-1-Photoroom.webp\",\"datePublished\":\"2025-05-21T21:57:56+00:00\",\"dateModified\":\"2026-01-07T19:18:45+00:00\",\"breadcrumb\":{\"@id\":\"https:\/\/miumjau.ee\/lv\/produkts\/frigera-sunu-naskis-liellopa-veders-250-g\/#breadcrumb\"},\"inLanguage\":\"lv-LV\",\"potentialAction\":[{\"@type\":\"ReadAction\",\"target\":[\"https:\/\/miumjau.ee\/lv\/produkts\/frigera-sunu-naskis-liellopa-veders-250-g\/\"]}]},{\"@type\":\"ImageObject\",\"inLanguage\":\"lv-LV\",\"@id\":\"https:\/\/miumjau.ee\/lv\/produkts\/frigera-sunu-naskis-liellopa-veders-250-g\/#primaryimage\",\"url\":\"https:\/\/miumjau.ee\/wp-content\/uploads\/2025\/05\/frigera-koerte-maius-veise-sisus-250g-1-Photoroom.webp\",\"contentUrl\":\"https:\/\/miumjau.ee\/wp-content\/uploads\/2025\/05\/frigera-koerte-maius-veise-sisus-250g-1-Photoroom.webp\",\"width\":600,\"height\":800},{\"@type\":\"BreadcrumbList\",\"@id\":\"https:\/\/miumjau.ee\/lv\/produkts\/frigera-sunu-naskis-liellopa-veders-250-g\/#breadcrumb\",\"itemListElement\":[{\"@type\":\"ListItem\",\"position\":1,\"name\":\"Home\",\"item\":\"https:\/\/miumjau.ee\/lv\/\"},{\"@type\":\"ListItem\",\"position\":2,\"name\":\"Veikals\",\"item\":\"https:\/\/miumjau.ee\/lv\/veikals\/\"},{\"@type\":\"ListItem\",\"position\":3,\"name\":\"Frigera su\u0146u na\u0161\u0137is, liellopa v\u0113ders 250 g\"}]},{\"@type\":\"WebSite\",\"@id\":\"https:\/\/miumjau.ee\/#website\",\"url\":\"https:\/\/miumjau.ee\/\",\"name\":\"MiuMjau\",\"description\":\"Kraapimispuud kassidele\",\"publisher\":{\"@id\":\"https:\/\/miumjau.ee\/#organization\"},\"potentialAction\":[{\"@type\":\"SearchAction\",\"target\":{\"@type\":\"EntryPoint\",\"urlTemplate\":\"https:\/\/miumjau.ee\/?s={search_term_string}\"},\"query-input\":{\"@type\":\"PropertyValueSpecification\",\"valueRequired\":true,\"valueName\":\"search_term_string\"}}],\"inLanguage\":\"lv-LV\"},{\"@type\":\"Organization\",\"@id\":\"https:\/\/miumjau.ee\/#organization\",\"name\":\"MiuMjau O\u00dc\",\"url\":\"https:\/\/miumjau.ee\/\",\"logo\":{\"@type\":\"ImageObject\",\"inLanguage\":\"lv-LV\",\"@id\":\"https:\/\/miumjau.ee\/#\/schema\/logo\/image\/\",\"url\":\"https:\/\/miumjau.ee\/wp-content\/uploads\/2022\/04\/MiuMjau-logo-kollane.png\",\"contentUrl\":\"https:\/\/miumjau.ee\/wp-content\/uploads\/2022\/04\/MiuMjau-logo-kollane.png\",\"width\":219,\"height\":100,\"caption\":\"MiuMjau O\u00dc\"},\"image\":{\"@id\":\"https:\/\/miumjau.ee\/#\/schema\/logo\/image\/\"},\"sameAs\":[\"https:\/\/www.facebook.com\/miumjaupood\/\"]}]}<\/script>\n<!-- \/ Yoast SEO plugin. -->","yoast_head_json":{"title":"Frigera su\u0146u na\u0161\u0137is, liellopa v\u0113ders 250 g - MiuMjau","robots":{"index":"index","follow":"follow","max-snippet":"max-snippet:-1","max-image-preview":"max-image-preview:large","max-video-preview":"max-video-preview:-1"},"canonical":"https:\/\/miumjau.ee\/lv\/produkts\/frigera-sunu-naskis-liellopa-veders-250-g\/","og_locale":"lv_LV","og_type":"article","og_title":"Frigera su\u0146u na\u0161\u0137is, liellopa v\u0113ders 250 g - MiuMjau","og_description":"FRIGERA liellopa v\u0113ders \u2013 dabisks un vilino\u0161s na\u0161\u0137is j\u016bsu sunim! \u0160is na\u0161\u0137is ir l\u0113ni \u017e\u0101v\u0113ts, krauk\u0161\u0137\u012bgs un ar medus \u0161\u016bnu l\u012bdz\u012bgu tekst\u016bru. Sast\u0101vda\u013cas n\u0101k no br\u012bvi tur\u0113tiem liellopiem, kas audz\u0113ti cilv\u0113ku uzturam. Dz\u012bvnieki audz\u0113ti bez antibiotik\u0101m, stero\u012bdiem vai hormoniem \u2013 cik vien dab\u012bgi iesp\u0113jams! \u0160is na\u0161\u0137is ir maz\u0101k taukains, bet bag\u0101ts olbaltumviel\u0101s un satur daudz B12 vitam\u012bna. Papildus tam nav pievienotas m\u0101ksl\u012bgas kr\u0101sas vai konservanti. Augsts kolag\u0113na saturs atbalsta \u0101das un ka\u017eoka vesel\u012bbu. Vai zin\u0101j\u0101t, ka v\u0113ders nav tikai viens no popul\u0101r\u0101kajiem un m\u012bl\u0113t\u0101kajiem su\u0146u ko\u0161\u013c\u0101jamiem na\u0161\u0137iem, bet da\u017e\u0101s valst\u012bs ar\u012b \u012bsts delikatese cilv\u0113kiem? Intens\u012bv\u0101s smar\u017eas un bar\u012bbas vielu bag\u0101t\u012bbas d\u0113\u013c \u0161is na\u0161\u0137is patiks ar\u012b izv\u0113l\u012bgiem su\u0146iem. Tas atbalsta ar\u012b gremo\u0161anas sist\u0113mas mikrofloru un pozit\u012bvi ietekm\u0113 su\u0146a gar\u012bgo vesel\u012bbu. Neto svars: 250 gSast\u0101vs: 100 % liellopsAnal\u012btiskais sast\u0101vs: Olbaltumvielas 57,41 %, Tauki 18,32 %, Mitrums 5,58 % Baro\u0161anas nor\u0101d\u012bjumi: Pied\u0101v\u0101jiet starp \u0113dienreiz\u0113m k\u0101 na\u0161\u0137i vai k\u0101 balvu sabalans\u0113ta uztura sast\u0101vda\u013cu. Vienm\u0113r uzraugiet su\u0146a baro\u0161anu un nodro\u0161iniet svaigu \u016bdeni. Nav piem\u0113rots cilv\u0113ku \u0113\u0161anai.","og_url":"https:\/\/miumjau.ee\/lv\/produkts\/frigera-sunu-naskis-liellopa-veders-250-g\/","og_site_name":"MiuMjau","article_publisher":"https:\/\/www.facebook.com\/miumjaupood\/","article_modified_time":"2026-01-07T19:18:45+00:00","og_image":[{"width":600,"height":800,"url":"https:\/\/miumjau.ee\/wp-content\/uploads\/2025\/05\/frigera-koerte-maius-veise-sisus-250g-1-Photoroom.webp","type":"image\/webp"}],"twitter_card":"summary_large_image","schema":{"@context":"https:\/\/schema.org","@graph":[{"@type":"WebPage","@id":"https:\/\/miumjau.ee\/lv\/produkts\/frigera-sunu-naskis-liellopa-veders-250-g\/","url":"https:\/\/miumjau.ee\/lv\/produkts\/frigera-sunu-naskis-liellopa-veders-250-g\/","name":"Frigera su\u0146u na\u0161\u0137is, liellopa v\u0113ders 250 g - MiuMjau","isPartOf":{"@id":"https:\/\/miumjau.ee\/#website"},"primaryImageOfPage":{"@id":"https:\/\/miumjau.ee\/lv\/produkts\/frigera-sunu-naskis-liellopa-veders-250-g\/#primaryimage"},"image":{"@id":"https:\/\/miumjau.ee\/lv\/produkts\/frigera-sunu-naskis-liellopa-veders-250-g\/#primaryimage"},"thumbnailUrl":"https:\/\/miumjau.ee\/wp-content\/uploads\/2025\/05\/frigera-koerte-maius-veise-sisus-250g-1-Photoroom.webp","datePublished":"2025-05-21T21:57:56+00:00","dateModified":"2026-01-07T19:18:45+00:00","breadcrumb":{"@id":"https:\/\/miumjau.ee\/lv\/produkts\/frigera-sunu-naskis-liellopa-veders-250-g\/#breadcrumb"},"inLanguage":"lv-LV","potentialAction":[{"@type":"ReadAction","target":["https:\/\/miumjau.ee\/lv\/produkts\/frigera-sunu-naskis-liellopa-veders-250-g\/"]}]},{"@type":"ImageObject","inLanguage":"lv-LV","@id":"https:\/\/miumjau.ee\/lv\/produkts\/frigera-sunu-naskis-liellopa-veders-250-g\/#primaryimage","url":"https:\/\/miumjau.ee\/wp-content\/uploads\/2025\/05\/frigera-koerte-maius-veise-sisus-250g-1-Photoroom.webp","contentUrl":"https:\/\/miumjau.ee\/wp-content\/uploads\/2025\/05\/frigera-koerte-maius-veise-sisus-250g-1-Photoroom.webp","width":600,"height":800},{"@type":"BreadcrumbList","@id":"https:\/\/miumjau.ee\/lv\/produkts\/frigera-sunu-naskis-liellopa-veders-250-g\/#breadcrumb","itemListElement":[{"@type":"ListItem","position":1,"name":"Home","item":"https:\/\/miumjau.ee\/lv\/"},{"@type":"ListItem","position":2,"name":"Veikals","item":"https:\/\/miumjau.ee\/lv\/veikals\/"},{"@type":"ListItem","position":3,"name":"Frigera su\u0146u na\u0161\u0137is, liellopa v\u0113ders 250 g"}]},{"@type":"WebSite","@id":"https:\/\/miumjau.ee\/#website","url":"https:\/\/miumjau.ee\/","name":"MiuMjau","description":"Kraapimispuud kassidele","publisher":{"@id":"https:\/\/miumjau.ee\/#organization"},"potentialAction":[{"@type":"SearchAction","target":{"@type":"EntryPoint","urlTemplate":"https:\/\/miumjau.ee\/?s={search_term_string}"},"query-input":{"@type":"PropertyValueSpecification","valueRequired":true,"valueName":"search_term_string"}}],"inLanguage":"lv-LV"},{"@type":"Organization","@id":"https:\/\/miumjau.ee\/#organization","name":"MiuMjau O\u00dc","url":"https:\/\/miumjau.ee\/","logo":{"@type":"ImageObject","inLanguage":"lv-LV","@id":"https:\/\/miumjau.ee\/#\/schema\/logo\/image\/","url":"https:\/\/miumjau.ee\/wp-content\/uploads\/2022\/04\/MiuMjau-logo-kollane.png","contentUrl":"https:\/\/miumjau.ee\/wp-content\/uploads\/2022\/04\/MiuMjau-logo-kollane.png","width":219,"height":100,"caption":"MiuMjau O\u00dc"},"image":{"@id":"https:\/\/miumjau.ee\/#\/schema\/logo\/image\/"},"sameAs":["https:\/\/www.facebook.com\/miumjaupood\/"]}]}},"_links":{"self":[{"href":"https:\/\/miumjau.ee\/lv\/wp-json\/wp\/v2\/product\/48460","targetHints":{"allow":["GET"]}}],"collection":[{"href":"https:\/\/miumjau.ee\/lv\/wp-json\/wp\/v2\/product"}],"about":[{"href":"https:\/\/miumjau.ee\/lv\/wp-json\/wp\/v2\/types\/product"}],"wp:featuredmedia":[{"embeddable":true,"href":"https:\/\/miumjau.ee\/lv\/wp-json\/wp\/v2\/media\/48461"}],"wp:attachment":[{"href":"https:\/\/miumjau.ee\/lv\/wp-json\/wp\/v2\/media?parent=48460"}],"wp:term":[{"taxonomy":"product_brand","embeddable":true,"href":"https:\/\/miumjau.ee\/lv\/wp-json\/wp\/v2\/product_brand?post=48460"},{"taxonomy":"product_cat","embeddable":true,"href":"https:\/\/miumjau.ee\/lv\/wp-json\/wp\/v2\/product_cat?post=48460"},{"taxonomy":"product_tag","embeddable":true,"href":"https:\/\/miumjau.ee\/lv\/wp-json\/wp\/v2\/product_tag?post=48460"}],"curies":[{"name":"wp","href":"https:\/\/api.w.org\/{rel}","templated":true}]}}