{"id":48454,"date":"2025-05-27T19:12:03","date_gmt":"2025-05-27T16:12:03","guid":{"rendered":"https:\/\/miumjau.ee\/toode\/zaveta-liellopa-auss-naskis-suniem-frigera-1-gab\/"},"modified":"2026-01-07T21:18:45","modified_gmt":"2026-01-07T19:18:45","slug":"zaveta-liellopa-auss-naskis-suniem-frigera-1-gab","status":"publish","type":"product","link":"https:\/\/miumjau.ee\/lv\/produkts\/zaveta-liellopa-auss-naskis-suniem-frigera-1-gab\/","title":{"rendered":"\u017d\u0101v\u0113ta liellopa auss, na\u0161\u0137is su\u0146iem Frigera 1 gab."},"content":{"rendered":"","protected":false},"excerpt":{"rendered":"<p>Vai esi k\u0101 liel\u0101k\u0101 da\u013ca su\u0146u \u012bpa\u0161nieku un m\u012bli dot savam spalvainajam draugam na\u0161\u0137us? Tad noteikti v\u0113lies p\u0101rliecin\u0101ties, ka tie ir vesel\u012bgi un barojo\u0161i \u2013 tie\u0161i t\u0101di k\u0101 m\u016bsu liellopa ausis!<\/p>\n<p>M\u016bsu liellopa ausis n\u0101k no br\u012bvi tur\u0113tiem liellopiem, kuri tiek audz\u0113ti bez antibiotik\u0101m, stero\u012bdiem vai hormoniem \u2013 cik vien iesp\u0113jams dab\u012bgi! Turkl\u0101t t\u0101s ir gandr\u012bz bez taukiem un bez smakas, un to tekst\u016bra ir stingra, padarot t\u0101s par lielisku un izdev\u012bg\u0101ku alternat\u012bvu c\u016bkga\u013cas aus\u012bm. Tas noz\u012bm\u0113 daudz ko\u0161\u013c\u0101\u0161anas prieka un lab\u0101ku gremo\u0161anu j\u016bsu sunim. T\u0101 k\u0101 t\u0101s galvenok\u0101rt sast\u0101v no skrim\u0161\u013ca, ko ieskauj \u0101da, t\u0101s dabiski satur glikozam\u012bnu un hondroit\u012bnu \u2013 savienojumus, kas atbalsta loc\u012btavu vesel\u012bbu. Turkl\u0101t liellopa ausis ir labs omega-3 tauksk\u0101bju, cinka un sel\u0113na avots!<\/p>\n<p>Liellopa ausis ir izdev\u012bgs izv\u0113le, kas t\u012bra, mas\u0113 un kopj j\u016bsu su\u0146a zobus un smaganas!<\/p>\n<p>Sast\u0101vs: 100 % liellops<\/p>\n<p>Anal\u012btiskais sast\u0101vs: Prote\u012bns: 85,1 %, Tauki: 1,16 %, Mitrums: 6,73 %<\/p>\n<p>Baro\u0161anas nor\u0101d\u012bjumi: Pied\u0101v\u0101jiet starp \u0113dienreiz\u0113m k\u0101 na\u0161\u0137i vai k\u0101 balvu sabalans\u0113ta uztura sast\u0101vda\u013cu. Vienm\u0113r uzraugiet su\u0146a baro\u0161anu. Nodro\u0161iniet svaiga \u016bdens pieejam\u012bbu. Nav piem\u0113rots cilv\u0113ku \u0113\u0161anai.<\/p>\n","protected":false},"featured_media":48455,"template":"","meta":[],"product_brand":[],"product_cat":[576],"product_tag":[],"class_list":{"0":"post-48454","1":"product","2":"type-product","3":"status-publish","4":"has-post-thumbnail","6":"product_cat-naski-suniem","8":"first","9":"outofstock","10":"sale","11":"taxable","12":"shipping-taxable","13":"purchasable","14":"product-type-simple"},"yoast_head":"<!-- This site is optimized with the Yoast SEO plugin v27.4 - https:\/\/yoast.com\/product\/yoast-seo-wordpress\/ -->\n<title>\u017d\u0101v\u0113ta liellopa auss, na\u0161\u0137is su\u0146iem Frigera 1 gab. - MiuMjau<\/title>\n<meta name=\"robots\" content=\"index, follow, max-snippet:-1, max-image-preview:large, max-video-preview:-1\" \/>\n<link rel=\"canonical\" href=\"https:\/\/miumjau.ee\/lv\/produkts\/zaveta-liellopa-auss-naskis-suniem-frigera-1-gab\/\" \/>\n<meta property=\"og:locale\" content=\"lv_LV\" \/>\n<meta property=\"og:type\" content=\"article\" \/>\n<meta property=\"og:title\" content=\"\u017d\u0101v\u0113ta liellopa auss, na\u0161\u0137is su\u0146iem Frigera 1 gab. - MiuMjau\" \/>\n<meta property=\"og:description\" content=\"Vai esi k\u0101 liel\u0101k\u0101 da\u013ca su\u0146u \u012bpa\u0161nieku un m\u012bli dot savam spalvainajam draugam na\u0161\u0137us? Tad noteikti v\u0113lies p\u0101rliecin\u0101ties, ka tie ir vesel\u012bgi un barojo\u0161i \u2013 tie\u0161i t\u0101di k\u0101 m\u016bsu liellopa ausis!  M\u016bsu liellopa ausis n\u0101k no br\u012bvi tur\u0113tiem liellopiem, kuri tiek audz\u0113ti bez antibiotik\u0101m, stero\u012bdiem vai hormoniem \u2013 cik vien iesp\u0113jams dab\u012bgi! Turkl\u0101t t\u0101s ir gandr\u012bz bez taukiem un bez smakas, un to tekst\u016bra ir stingra, padarot t\u0101s par lielisku un izdev\u012bg\u0101ku alternat\u012bvu c\u016bkga\u013cas aus\u012bm. Tas noz\u012bm\u0113 daudz ko\u0161\u013c\u0101\u0161anas prieka un lab\u0101ku gremo\u0161anu j\u016bsu sunim. T\u0101 k\u0101 t\u0101s galvenok\u0101rt sast\u0101v no skrim\u0161\u013ca, ko ieskauj \u0101da, t\u0101s dabiski satur glikozam\u012bnu un hondroit\u012bnu \u2013 savienojumus, kas atbalsta loc\u012btavu vesel\u012bbu. Turkl\u0101t liellopa ausis ir labs omega-3 tauksk\u0101bju, cinka un sel\u0113na avots!  Liellopa ausis ir izdev\u012bgs izv\u0113le, kas t\u012bra, mas\u0113 un kopj j\u016bsu su\u0146a zobus un smaganas!  Sast\u0101vs: 100 % liellops  Anal\u012btiskais sast\u0101vs: Prote\u012bns: 85,1 %, Tauki: 1,16 %, Mitrums: 6,73 %  Baro\u0161anas nor\u0101d\u012bjumi: Pied\u0101v\u0101jiet starp \u0113dienreiz\u0113m k\u0101 na\u0161\u0137i vai k\u0101 balvu sabalans\u0113ta uztura sast\u0101vda\u013cu. Vienm\u0113r uzraugiet su\u0146a baro\u0161anu. Nodro\u0161iniet svaiga \u016bdens pieejam\u012bbu. Nav piem\u0113rots cilv\u0113ku \u0113\u0161anai.\" \/>\n<meta property=\"og:url\" content=\"https:\/\/miumjau.ee\/lv\/produkts\/zaveta-liellopa-auss-naskis-suniem-frigera-1-gab\/\" \/>\n<meta property=\"og:site_name\" content=\"MiuMjau\" \/>\n<meta property=\"article:publisher\" content=\"https:\/\/www.facebook.com\/miumjaupood\/\" \/>\n<meta property=\"article:modified_time\" content=\"2026-01-07T19:18:45+00:00\" \/>\n<meta property=\"og:image\" content=\"https:\/\/miumjau.ee\/wp-content\/uploads\/2025\/05\/frigera-koerte-maius-puhvli-korvad-100tk-Photoroom.webp\" \/>\n\t<meta property=\"og:image:width\" content=\"600\" \/>\n\t<meta property=\"og:image:height\" content=\"800\" \/>\n\t<meta property=\"og:image:type\" content=\"image\/webp\" \/>\n<meta name=\"twitter:card\" content=\"summary_large_image\" \/>\n<script type=\"application\/ld+json\" class=\"yoast-schema-graph\">{\"@context\":\"https:\\\/\\\/schema.org\",\"@graph\":[{\"@type\":\"WebPage\",\"@id\":\"https:\\\/\\\/miumjau.ee\\\/lv\\\/produkts\\\/zaveta-liellopa-auss-naskis-suniem-frigera-1-gab\\\/\",\"url\":\"https:\\\/\\\/miumjau.ee\\\/lv\\\/produkts\\\/zaveta-liellopa-auss-naskis-suniem-frigera-1-gab\\\/\",\"name\":\"\u017d\u0101v\u0113ta liellopa auss, na\u0161\u0137is su\u0146iem Frigera 1 gab. - MiuMjau\",\"isPartOf\":{\"@id\":\"https:\\\/\\\/miumjau.ee\\\/#website\"},\"primaryImageOfPage\":{\"@id\":\"https:\\\/\\\/miumjau.ee\\\/lv\\\/produkts\\\/zaveta-liellopa-auss-naskis-suniem-frigera-1-gab\\\/#primaryimage\"},\"image\":{\"@id\":\"https:\\\/\\\/miumjau.ee\\\/lv\\\/produkts\\\/zaveta-liellopa-auss-naskis-suniem-frigera-1-gab\\\/#primaryimage\"},\"thumbnailUrl\":\"https:\\\/\\\/miumjau.ee\\\/wp-content\\\/uploads\\\/2025\\\/05\\\/frigera-koerte-maius-puhvli-korvad-100tk-Photoroom.webp\",\"datePublished\":\"2025-05-27T16:12:03+00:00\",\"dateModified\":\"2026-01-07T19:18:45+00:00\",\"breadcrumb\":{\"@id\":\"https:\\\/\\\/miumjau.ee\\\/lv\\\/produkts\\\/zaveta-liellopa-auss-naskis-suniem-frigera-1-gab\\\/#breadcrumb\"},\"inLanguage\":\"lv-LV\",\"potentialAction\":[{\"@type\":\"ReadAction\",\"target\":[\"https:\\\/\\\/miumjau.ee\\\/lv\\\/produkts\\\/zaveta-liellopa-auss-naskis-suniem-frigera-1-gab\\\/\"]}]},{\"@type\":\"ImageObject\",\"inLanguage\":\"lv-LV\",\"@id\":\"https:\\\/\\\/miumjau.ee\\\/lv\\\/produkts\\\/zaveta-liellopa-auss-naskis-suniem-frigera-1-gab\\\/#primaryimage\",\"url\":\"https:\\\/\\\/miumjau.ee\\\/wp-content\\\/uploads\\\/2025\\\/05\\\/frigera-koerte-maius-puhvli-korvad-100tk-Photoroom.webp\",\"contentUrl\":\"https:\\\/\\\/miumjau.ee\\\/wp-content\\\/uploads\\\/2025\\\/05\\\/frigera-koerte-maius-puhvli-korvad-100tk-Photoroom.webp\",\"width\":600,\"height\":800},{\"@type\":\"BreadcrumbList\",\"@id\":\"https:\\\/\\\/miumjau.ee\\\/lv\\\/produkts\\\/zaveta-liellopa-auss-naskis-suniem-frigera-1-gab\\\/#breadcrumb\",\"itemListElement\":[{\"@type\":\"ListItem\",\"position\":1,\"name\":\"Home\",\"item\":\"https:\\\/\\\/miumjau.ee\\\/lv\\\/\"},{\"@type\":\"ListItem\",\"position\":2,\"name\":\"Veikals\",\"item\":\"https:\\\/\\\/miumjau.ee\\\/lv\\\/veikals\\\/\"},{\"@type\":\"ListItem\",\"position\":3,\"name\":\"\u017d\u0101v\u0113ta liellopa auss, na\u0161\u0137is su\u0146iem Frigera 1 gab.\"}]},{\"@type\":\"WebSite\",\"@id\":\"https:\\\/\\\/miumjau.ee\\\/#website\",\"url\":\"https:\\\/\\\/miumjau.ee\\\/\",\"name\":\"MiuMjau\",\"description\":\"Kraapimispuud kassidele\",\"publisher\":{\"@id\":\"https:\\\/\\\/miumjau.ee\\\/#organization\"},\"potentialAction\":[{\"@type\":\"SearchAction\",\"target\":{\"@type\":\"EntryPoint\",\"urlTemplate\":\"https:\\\/\\\/miumjau.ee\\\/?s={search_term_string}\"},\"query-input\":{\"@type\":\"PropertyValueSpecification\",\"valueRequired\":true,\"valueName\":\"search_term_string\"}}],\"inLanguage\":\"lv-LV\"},{\"@type\":\"Organization\",\"@id\":\"https:\\\/\\\/miumjau.ee\\\/#organization\",\"name\":\"MiuMjau O\u00dc\",\"url\":\"https:\\\/\\\/miumjau.ee\\\/\",\"logo\":{\"@type\":\"ImageObject\",\"inLanguage\":\"lv-LV\",\"@id\":\"https:\\\/\\\/miumjau.ee\\\/#\\\/schema\\\/logo\\\/image\\\/\",\"url\":\"https:\\\/\\\/miumjau.ee\\\/wp-content\\\/uploads\\\/2022\\\/04\\\/MiuMjau-logo-kollane.png\",\"contentUrl\":\"https:\\\/\\\/miumjau.ee\\\/wp-content\\\/uploads\\\/2022\\\/04\\\/MiuMjau-logo-kollane.png\",\"width\":219,\"height\":100,\"caption\":\"MiuMjau O\u00dc\"},\"image\":{\"@id\":\"https:\\\/\\\/miumjau.ee\\\/#\\\/schema\\\/logo\\\/image\\\/\"},\"sameAs\":[\"https:\\\/\\\/www.facebook.com\\\/miumjaupood\\\/\"]}]}<\/script>\n<!-- \/ Yoast SEO plugin. -->","yoast_head_json":{"title":"\u017d\u0101v\u0113ta liellopa auss, na\u0161\u0137is su\u0146iem Frigera 1 gab. - MiuMjau","robots":{"index":"index","follow":"follow","max-snippet":"max-snippet:-1","max-image-preview":"max-image-preview:large","max-video-preview":"max-video-preview:-1"},"canonical":"https:\/\/miumjau.ee\/lv\/produkts\/zaveta-liellopa-auss-naskis-suniem-frigera-1-gab\/","og_locale":"lv_LV","og_type":"article","og_title":"\u017d\u0101v\u0113ta liellopa auss, na\u0161\u0137is su\u0146iem Frigera 1 gab. - MiuMjau","og_description":"Vai esi k\u0101 liel\u0101k\u0101 da\u013ca su\u0146u \u012bpa\u0161nieku un m\u012bli dot savam spalvainajam draugam na\u0161\u0137us? Tad noteikti v\u0113lies p\u0101rliecin\u0101ties, ka tie ir vesel\u012bgi un barojo\u0161i \u2013 tie\u0161i t\u0101di k\u0101 m\u016bsu liellopa ausis!  M\u016bsu liellopa ausis n\u0101k no br\u012bvi tur\u0113tiem liellopiem, kuri tiek audz\u0113ti bez antibiotik\u0101m, stero\u012bdiem vai hormoniem \u2013 cik vien iesp\u0113jams dab\u012bgi! Turkl\u0101t t\u0101s ir gandr\u012bz bez taukiem un bez smakas, un to tekst\u016bra ir stingra, padarot t\u0101s par lielisku un izdev\u012bg\u0101ku alternat\u012bvu c\u016bkga\u013cas aus\u012bm. Tas noz\u012bm\u0113 daudz ko\u0161\u013c\u0101\u0161anas prieka un lab\u0101ku gremo\u0161anu j\u016bsu sunim. T\u0101 k\u0101 t\u0101s galvenok\u0101rt sast\u0101v no skrim\u0161\u013ca, ko ieskauj \u0101da, t\u0101s dabiski satur glikozam\u012bnu un hondroit\u012bnu \u2013 savienojumus, kas atbalsta loc\u012btavu vesel\u012bbu. Turkl\u0101t liellopa ausis ir labs omega-3 tauksk\u0101bju, cinka un sel\u0113na avots!  Liellopa ausis ir izdev\u012bgs izv\u0113le, kas t\u012bra, mas\u0113 un kopj j\u016bsu su\u0146a zobus un smaganas!  Sast\u0101vs: 100 % liellops  Anal\u012btiskais sast\u0101vs: Prote\u012bns: 85,1 %, Tauki: 1,16 %, Mitrums: 6,73 %  Baro\u0161anas nor\u0101d\u012bjumi: Pied\u0101v\u0101jiet starp \u0113dienreiz\u0113m k\u0101 na\u0161\u0137i vai k\u0101 balvu sabalans\u0113ta uztura sast\u0101vda\u013cu. Vienm\u0113r uzraugiet su\u0146a baro\u0161anu. Nodro\u0161iniet svaiga \u016bdens pieejam\u012bbu. Nav piem\u0113rots cilv\u0113ku \u0113\u0161anai.","og_url":"https:\/\/miumjau.ee\/lv\/produkts\/zaveta-liellopa-auss-naskis-suniem-frigera-1-gab\/","og_site_name":"MiuMjau","article_publisher":"https:\/\/www.facebook.com\/miumjaupood\/","article_modified_time":"2026-01-07T19:18:45+00:00","og_image":[{"width":600,"height":800,"url":"https:\/\/miumjau.ee\/wp-content\/uploads\/2025\/05\/frigera-koerte-maius-puhvli-korvad-100tk-Photoroom.webp","type":"image\/webp"}],"twitter_card":"summary_large_image","schema":{"@context":"https:\/\/schema.org","@graph":[{"@type":"WebPage","@id":"https:\/\/miumjau.ee\/lv\/produkts\/zaveta-liellopa-auss-naskis-suniem-frigera-1-gab\/","url":"https:\/\/miumjau.ee\/lv\/produkts\/zaveta-liellopa-auss-naskis-suniem-frigera-1-gab\/","name":"\u017d\u0101v\u0113ta liellopa auss, na\u0161\u0137is su\u0146iem Frigera 1 gab. - MiuMjau","isPartOf":{"@id":"https:\/\/miumjau.ee\/#website"},"primaryImageOfPage":{"@id":"https:\/\/miumjau.ee\/lv\/produkts\/zaveta-liellopa-auss-naskis-suniem-frigera-1-gab\/#primaryimage"},"image":{"@id":"https:\/\/miumjau.ee\/lv\/produkts\/zaveta-liellopa-auss-naskis-suniem-frigera-1-gab\/#primaryimage"},"thumbnailUrl":"https:\/\/miumjau.ee\/wp-content\/uploads\/2025\/05\/frigera-koerte-maius-puhvli-korvad-100tk-Photoroom.webp","datePublished":"2025-05-27T16:12:03+00:00","dateModified":"2026-01-07T19:18:45+00:00","breadcrumb":{"@id":"https:\/\/miumjau.ee\/lv\/produkts\/zaveta-liellopa-auss-naskis-suniem-frigera-1-gab\/#breadcrumb"},"inLanguage":"lv-LV","potentialAction":[{"@type":"ReadAction","target":["https:\/\/miumjau.ee\/lv\/produkts\/zaveta-liellopa-auss-naskis-suniem-frigera-1-gab\/"]}]},{"@type":"ImageObject","inLanguage":"lv-LV","@id":"https:\/\/miumjau.ee\/lv\/produkts\/zaveta-liellopa-auss-naskis-suniem-frigera-1-gab\/#primaryimage","url":"https:\/\/miumjau.ee\/wp-content\/uploads\/2025\/05\/frigera-koerte-maius-puhvli-korvad-100tk-Photoroom.webp","contentUrl":"https:\/\/miumjau.ee\/wp-content\/uploads\/2025\/05\/frigera-koerte-maius-puhvli-korvad-100tk-Photoroom.webp","width":600,"height":800},{"@type":"BreadcrumbList","@id":"https:\/\/miumjau.ee\/lv\/produkts\/zaveta-liellopa-auss-naskis-suniem-frigera-1-gab\/#breadcrumb","itemListElement":[{"@type":"ListItem","position":1,"name":"Home","item":"https:\/\/miumjau.ee\/lv\/"},{"@type":"ListItem","position":2,"name":"Veikals","item":"https:\/\/miumjau.ee\/lv\/veikals\/"},{"@type":"ListItem","position":3,"name":"\u017d\u0101v\u0113ta liellopa auss, na\u0161\u0137is su\u0146iem Frigera 1 gab."}]},{"@type":"WebSite","@id":"https:\/\/miumjau.ee\/#website","url":"https:\/\/miumjau.ee\/","name":"MiuMjau","description":"Kraapimispuud kassidele","publisher":{"@id":"https:\/\/miumjau.ee\/#organization"},"potentialAction":[{"@type":"SearchAction","target":{"@type":"EntryPoint","urlTemplate":"https:\/\/miumjau.ee\/?s={search_term_string}"},"query-input":{"@type":"PropertyValueSpecification","valueRequired":true,"valueName":"search_term_string"}}],"inLanguage":"lv-LV"},{"@type":"Organization","@id":"https:\/\/miumjau.ee\/#organization","name":"MiuMjau O\u00dc","url":"https:\/\/miumjau.ee\/","logo":{"@type":"ImageObject","inLanguage":"lv-LV","@id":"https:\/\/miumjau.ee\/#\/schema\/logo\/image\/","url":"https:\/\/miumjau.ee\/wp-content\/uploads\/2022\/04\/MiuMjau-logo-kollane.png","contentUrl":"https:\/\/miumjau.ee\/wp-content\/uploads\/2022\/04\/MiuMjau-logo-kollane.png","width":219,"height":100,"caption":"MiuMjau O\u00dc"},"image":{"@id":"https:\/\/miumjau.ee\/#\/schema\/logo\/image\/"},"sameAs":["https:\/\/www.facebook.com\/miumjaupood\/"]}]}},"_links":{"self":[{"href":"https:\/\/miumjau.ee\/lv\/wp-json\/wp\/v2\/product\/48454","targetHints":{"allow":["GET"]}}],"collection":[{"href":"https:\/\/miumjau.ee\/lv\/wp-json\/wp\/v2\/product"}],"about":[{"href":"https:\/\/miumjau.ee\/lv\/wp-json\/wp\/v2\/types\/product"}],"wp:featuredmedia":[{"embeddable":true,"href":"https:\/\/miumjau.ee\/lv\/wp-json\/wp\/v2\/media\/48455"}],"wp:attachment":[{"href":"https:\/\/miumjau.ee\/lv\/wp-json\/wp\/v2\/media?parent=48454"}],"wp:term":[{"taxonomy":"product_brand","embeddable":true,"href":"https:\/\/miumjau.ee\/lv\/wp-json\/wp\/v2\/product_brand?post=48454"},{"taxonomy":"product_cat","embeddable":true,"href":"https:\/\/miumjau.ee\/lv\/wp-json\/wp\/v2\/product_cat?post=48454"},{"taxonomy":"product_tag","embeddable":true,"href":"https:\/\/miumjau.ee\/lv\/wp-json\/wp\/v2\/product_tag?post=48454"}],"curies":[{"name":"wp","href":"https:\/\/api.w.org\/{rel}","templated":true}]}}