{"id":48448,"date":"2025-05-28T10:56:44","date_gmt":"2025-05-28T07:56:44","guid":{"rendered":"https:\/\/miumjau.ee\/toode\/specigs-koslajamais-naskis-frigera-bulli-dzimumloceklis-12-cm-1-gab\/"},"modified":"2026-01-07T21:18:52","modified_gmt":"2026-01-07T19:18:52","slug":"specigs-koslajamais-naskis-frigera-bulli-dzimumloceklis-12-cm-1-gab","status":"publish","type":"product","link":"https:\/\/miumjau.ee\/lv\/produkts\/specigs-koslajamais-naskis-frigera-bulli-dzimumloceklis-12-cm-1-gab\/","title":{"rendered":"Sp\u0113c\u012bgs ko\u0161\u013c\u0101jamais na\u0161\u0137is, Frigera bulli dzimumloceklis 12 cm 1 gab."},"content":{"rendered":"","protected":false},"excerpt":{"rendered":"<p>Piln\u012bgi dab\u012bgi ko\u0161\u013c\u0101jamie koci\u0146i su\u0146iem? Tie\u0161i t\u0101 \u2013 tie\u0161i to tu tagad turi rok\u0101s! \u0160ie gardie smar\u017eojo\u0161ie na\u0161\u0137i neapvils tavu suni! Piem\u0113roti maziem un vid\u0113jiem su\u0146iem. Liel\u0101kiem su\u0146iem ieteicams izv\u0113l\u0113ties liel\u0101ku izm\u0113ru.<\/p>\n<p>friGERA Bully Sticki gatavoti no lab\u0101kajiem br\u012bvi tur\u0113tiem bulliem. T\u0101 ir dab\u012bga musku\u013cu masa, lielisks omega-3, taur\u012bna, olbaltumvielu, neaizvietojamo aminosk\u0101bju un miner\u0101lvielu avots \u2013 vienlaikus saturot maz\u0101k pies\u0101tin\u0101to tauku un holester\u012bna nek\u0101 vairums citu dab\u012bgo na\u0161\u0137u.<\/p>\n<p>Bully Stick ko\u0161\u013c\u0101\u0161ana atbalsta ne tikai su\u0146a zobu higi\u0113nu un gar\u012bgo labsaj\u016btu, bet ar\u012b stipru \u017eok\u013ca strukt\u016bru un visp\u0101r\u0113jo musku\u013cu att\u012bst\u012bbu. M\u016bsu Bully Sticki nodro\u0161ina \u012bstu ko\u0161\u013c\u0101\u0161anas prieku katram su\u0146u asti krat\u012bt\u0101jam!<\/p>\n<p>Sast\u0101vs: 100 % liellops<\/p>\n<p>Anal\u012btiskais sast\u0101vs: Prote\u012bns: 81 %, Tauki: 3 %, Mitrums: 9 %<\/p>\n<p>Baro\u0161anas nor\u0101d\u012bjumi: Pied\u0101v\u0101jiet k\u0101 na\u0161\u0137i starp \u0113dienreiz\u0113m vai k\u0101 balvu sabalans\u0113ta uztura sast\u0101vda\u013cu. Vienm\u0113r uzraugiet su\u0146a baro\u0161anu. Nodro\u0161iniet pietiekamu daudzumu svaiga dzeram\u0101 \u016bdens. Nav piem\u0113rots cilv\u0113ku \u0113\u0161anai.<\/p>\n<p>PS! Tas ir svara produkts un tiek iepakots atbilsto\u0161i ieg\u0101d\u0101tajam daudzumam \u2013 pap\u012br\u0101 vai pl\u0113v\u0113.<\/p>\n","protected":false},"featured_media":48449,"template":"","meta":[],"product_brand":[],"product_cat":[576],"product_tag":[],"class_list":{"0":"post-48448","1":"product","2":"type-product","3":"status-publish","4":"has-post-thumbnail","6":"product_cat-naski-suniem","8":"first","9":"instock","10":"taxable","11":"shipping-taxable","12":"purchasable","13":"product-type-simple"},"yoast_head":"<!-- This site is optimized with the Yoast SEO plugin v27.4 - https:\/\/yoast.com\/product\/yoast-seo-wordpress\/ -->\n<title>Sp\u0113c\u012bgs ko\u0161\u013c\u0101jamais na\u0161\u0137is, Frigera bulli dzimumloceklis 12 cm 1 gab. - MiuMjau<\/title>\n<meta name=\"robots\" content=\"index, follow, max-snippet:-1, max-image-preview:large, max-video-preview:-1\" \/>\n<link rel=\"canonical\" href=\"https:\/\/miumjau.ee\/lv\/produkts\/specigs-koslajamais-naskis-frigera-bulli-dzimumloceklis-12-cm-1-gab\/\" \/>\n<meta property=\"og:locale\" content=\"lv_LV\" \/>\n<meta property=\"og:type\" content=\"article\" \/>\n<meta property=\"og:title\" content=\"Sp\u0113c\u012bgs ko\u0161\u013c\u0101jamais na\u0161\u0137is, Frigera bulli dzimumloceklis 12 cm 1 gab. - MiuMjau\" \/>\n<meta property=\"og:description\" content=\"Piln\u012bgi dab\u012bgi ko\u0161\u013c\u0101jamie koci\u0146i su\u0146iem? Tie\u0161i t\u0101 \u2013 tie\u0161i to tu tagad turi rok\u0101s! \u0160ie gardie smar\u017eojo\u0161ie na\u0161\u0137i neapvils tavu suni! Piem\u0113roti maziem un vid\u0113jiem su\u0146iem. Liel\u0101kiem su\u0146iem ieteicams izv\u0113l\u0113ties liel\u0101ku izm\u0113ru.  friGERA Bully Sticki gatavoti no lab\u0101kajiem br\u012bvi tur\u0113tiem bulliem. T\u0101 ir dab\u012bga musku\u013cu masa, lielisks omega-3, taur\u012bna, olbaltumvielu, neaizvietojamo aminosk\u0101bju un miner\u0101lvielu avots \u2013 vienlaikus saturot maz\u0101k pies\u0101tin\u0101to tauku un holester\u012bna nek\u0101 vairums citu dab\u012bgo na\u0161\u0137u.  Bully Stick ko\u0161\u013c\u0101\u0161ana atbalsta ne tikai su\u0146a zobu higi\u0113nu un gar\u012bgo labsaj\u016btu, bet ar\u012b stipru \u017eok\u013ca strukt\u016bru un visp\u0101r\u0113jo musku\u013cu att\u012bst\u012bbu. M\u016bsu Bully Sticki nodro\u0161ina \u012bstu ko\u0161\u013c\u0101\u0161anas prieku katram su\u0146u asti krat\u012bt\u0101jam!  Sast\u0101vs: 100 % liellops  Anal\u012btiskais sast\u0101vs: Prote\u012bns: 81 %, Tauki: 3 %, Mitrums: 9 %  Baro\u0161anas nor\u0101d\u012bjumi: Pied\u0101v\u0101jiet k\u0101 na\u0161\u0137i starp \u0113dienreiz\u0113m vai k\u0101 balvu sabalans\u0113ta uztura sast\u0101vda\u013cu. Vienm\u0113r uzraugiet su\u0146a baro\u0161anu. Nodro\u0161iniet pietiekamu daudzumu svaiga dzeram\u0101 \u016bdens. Nav piem\u0113rots cilv\u0113ku \u0113\u0161anai.  PS! Tas ir svara produkts un tiek iepakots atbilsto\u0161i ieg\u0101d\u0101tajam daudzumam \u2013 pap\u012br\u0101 vai pl\u0113v\u0113.\" \/>\n<meta property=\"og:url\" content=\"https:\/\/miumjau.ee\/lv\/produkts\/specigs-koslajamais-naskis-frigera-bulli-dzimumloceklis-12-cm-1-gab\/\" \/>\n<meta property=\"og:site_name\" content=\"MiuMjau\" \/>\n<meta property=\"article:publisher\" content=\"https:\/\/www.facebook.com\/miumjaupood\/\" \/>\n<meta property=\"article:modified_time\" content=\"2026-01-07T19:18:52+00:00\" \/>\n<meta property=\"og:image\" content=\"https:\/\/miumjau.ee\/wp-content\/uploads\/2025\/05\/frigera-koerte-maius-pullipeenis-12cm-125tk-Photoroom.webp\" \/>\n\t<meta property=\"og:image:width\" content=\"600\" \/>\n\t<meta property=\"og:image:height\" content=\"800\" \/>\n\t<meta property=\"og:image:type\" content=\"image\/webp\" \/>\n<meta name=\"twitter:card\" content=\"summary_large_image\" \/>\n<script type=\"application\/ld+json\" class=\"yoast-schema-graph\">{\"@context\":\"https:\\\/\\\/schema.org\",\"@graph\":[{\"@type\":\"WebPage\",\"@id\":\"https:\\\/\\\/miumjau.ee\\\/lv\\\/produkts\\\/specigs-koslajamais-naskis-frigera-bulli-dzimumloceklis-12-cm-1-gab\\\/\",\"url\":\"https:\\\/\\\/miumjau.ee\\\/lv\\\/produkts\\\/specigs-koslajamais-naskis-frigera-bulli-dzimumloceklis-12-cm-1-gab\\\/\",\"name\":\"Sp\u0113c\u012bgs ko\u0161\u013c\u0101jamais na\u0161\u0137is, Frigera bulli dzimumloceklis 12 cm 1 gab. - MiuMjau\",\"isPartOf\":{\"@id\":\"https:\\\/\\\/miumjau.ee\\\/#website\"},\"primaryImageOfPage\":{\"@id\":\"https:\\\/\\\/miumjau.ee\\\/lv\\\/produkts\\\/specigs-koslajamais-naskis-frigera-bulli-dzimumloceklis-12-cm-1-gab\\\/#primaryimage\"},\"image\":{\"@id\":\"https:\\\/\\\/miumjau.ee\\\/lv\\\/produkts\\\/specigs-koslajamais-naskis-frigera-bulli-dzimumloceklis-12-cm-1-gab\\\/#primaryimage\"},\"thumbnailUrl\":\"https:\\\/\\\/miumjau.ee\\\/wp-content\\\/uploads\\\/2025\\\/05\\\/frigera-koerte-maius-pullipeenis-12cm-125tk-Photoroom.webp\",\"datePublished\":\"2025-05-28T07:56:44+00:00\",\"dateModified\":\"2026-01-07T19:18:52+00:00\",\"breadcrumb\":{\"@id\":\"https:\\\/\\\/miumjau.ee\\\/lv\\\/produkts\\\/specigs-koslajamais-naskis-frigera-bulli-dzimumloceklis-12-cm-1-gab\\\/#breadcrumb\"},\"inLanguage\":\"lv-LV\",\"potentialAction\":[{\"@type\":\"ReadAction\",\"target\":[\"https:\\\/\\\/miumjau.ee\\\/lv\\\/produkts\\\/specigs-koslajamais-naskis-frigera-bulli-dzimumloceklis-12-cm-1-gab\\\/\"]}]},{\"@type\":\"ImageObject\",\"inLanguage\":\"lv-LV\",\"@id\":\"https:\\\/\\\/miumjau.ee\\\/lv\\\/produkts\\\/specigs-koslajamais-naskis-frigera-bulli-dzimumloceklis-12-cm-1-gab\\\/#primaryimage\",\"url\":\"https:\\\/\\\/miumjau.ee\\\/wp-content\\\/uploads\\\/2025\\\/05\\\/frigera-koerte-maius-pullipeenis-12cm-125tk-Photoroom.webp\",\"contentUrl\":\"https:\\\/\\\/miumjau.ee\\\/wp-content\\\/uploads\\\/2025\\\/05\\\/frigera-koerte-maius-pullipeenis-12cm-125tk-Photoroom.webp\",\"width\":600,\"height\":800},{\"@type\":\"BreadcrumbList\",\"@id\":\"https:\\\/\\\/miumjau.ee\\\/lv\\\/produkts\\\/specigs-koslajamais-naskis-frigera-bulli-dzimumloceklis-12-cm-1-gab\\\/#breadcrumb\",\"itemListElement\":[{\"@type\":\"ListItem\",\"position\":1,\"name\":\"Home\",\"item\":\"https:\\\/\\\/miumjau.ee\\\/lv\\\/\"},{\"@type\":\"ListItem\",\"position\":2,\"name\":\"Veikals\",\"item\":\"https:\\\/\\\/miumjau.ee\\\/lv\\\/veikals\\\/\"},{\"@type\":\"ListItem\",\"position\":3,\"name\":\"Sp\u0113c\u012bgs ko\u0161\u013c\u0101jamais na\u0161\u0137is, Frigera bulli dzimumloceklis 12 cm 1 gab.\"}]},{\"@type\":\"WebSite\",\"@id\":\"https:\\\/\\\/miumjau.ee\\\/#website\",\"url\":\"https:\\\/\\\/miumjau.ee\\\/\",\"name\":\"MiuMjau\",\"description\":\"Kraapimispuud kassidele\",\"publisher\":{\"@id\":\"https:\\\/\\\/miumjau.ee\\\/#organization\"},\"potentialAction\":[{\"@type\":\"SearchAction\",\"target\":{\"@type\":\"EntryPoint\",\"urlTemplate\":\"https:\\\/\\\/miumjau.ee\\\/?s={search_term_string}\"},\"query-input\":{\"@type\":\"PropertyValueSpecification\",\"valueRequired\":true,\"valueName\":\"search_term_string\"}}],\"inLanguage\":\"lv-LV\"},{\"@type\":\"Organization\",\"@id\":\"https:\\\/\\\/miumjau.ee\\\/#organization\",\"name\":\"MiuMjau O\u00dc\",\"url\":\"https:\\\/\\\/miumjau.ee\\\/\",\"logo\":{\"@type\":\"ImageObject\",\"inLanguage\":\"lv-LV\",\"@id\":\"https:\\\/\\\/miumjau.ee\\\/#\\\/schema\\\/logo\\\/image\\\/\",\"url\":\"https:\\\/\\\/miumjau.ee\\\/wp-content\\\/uploads\\\/2022\\\/04\\\/MiuMjau-logo-kollane.png\",\"contentUrl\":\"https:\\\/\\\/miumjau.ee\\\/wp-content\\\/uploads\\\/2022\\\/04\\\/MiuMjau-logo-kollane.png\",\"width\":219,\"height\":100,\"caption\":\"MiuMjau O\u00dc\"},\"image\":{\"@id\":\"https:\\\/\\\/miumjau.ee\\\/#\\\/schema\\\/logo\\\/image\\\/\"},\"sameAs\":[\"https:\\\/\\\/www.facebook.com\\\/miumjaupood\\\/\"]}]}<\/script>\n<!-- \/ Yoast SEO plugin. -->","yoast_head_json":{"title":"Sp\u0113c\u012bgs ko\u0161\u013c\u0101jamais na\u0161\u0137is, Frigera bulli dzimumloceklis 12 cm 1 gab. - MiuMjau","robots":{"index":"index","follow":"follow","max-snippet":"max-snippet:-1","max-image-preview":"max-image-preview:large","max-video-preview":"max-video-preview:-1"},"canonical":"https:\/\/miumjau.ee\/lv\/produkts\/specigs-koslajamais-naskis-frigera-bulli-dzimumloceklis-12-cm-1-gab\/","og_locale":"lv_LV","og_type":"article","og_title":"Sp\u0113c\u012bgs ko\u0161\u013c\u0101jamais na\u0161\u0137is, Frigera bulli dzimumloceklis 12 cm 1 gab. - MiuMjau","og_description":"Piln\u012bgi dab\u012bgi ko\u0161\u013c\u0101jamie koci\u0146i su\u0146iem? Tie\u0161i t\u0101 \u2013 tie\u0161i to tu tagad turi rok\u0101s! \u0160ie gardie smar\u017eojo\u0161ie na\u0161\u0137i neapvils tavu suni! Piem\u0113roti maziem un vid\u0113jiem su\u0146iem. Liel\u0101kiem su\u0146iem ieteicams izv\u0113l\u0113ties liel\u0101ku izm\u0113ru.  friGERA Bully Sticki gatavoti no lab\u0101kajiem br\u012bvi tur\u0113tiem bulliem. T\u0101 ir dab\u012bga musku\u013cu masa, lielisks omega-3, taur\u012bna, olbaltumvielu, neaizvietojamo aminosk\u0101bju un miner\u0101lvielu avots \u2013 vienlaikus saturot maz\u0101k pies\u0101tin\u0101to tauku un holester\u012bna nek\u0101 vairums citu dab\u012bgo na\u0161\u0137u.  Bully Stick ko\u0161\u013c\u0101\u0161ana atbalsta ne tikai su\u0146a zobu higi\u0113nu un gar\u012bgo labsaj\u016btu, bet ar\u012b stipru \u017eok\u013ca strukt\u016bru un visp\u0101r\u0113jo musku\u013cu att\u012bst\u012bbu. M\u016bsu Bully Sticki nodro\u0161ina \u012bstu ko\u0161\u013c\u0101\u0161anas prieku katram su\u0146u asti krat\u012bt\u0101jam!  Sast\u0101vs: 100 % liellops  Anal\u012btiskais sast\u0101vs: Prote\u012bns: 81 %, Tauki: 3 %, Mitrums: 9 %  Baro\u0161anas nor\u0101d\u012bjumi: Pied\u0101v\u0101jiet k\u0101 na\u0161\u0137i starp \u0113dienreiz\u0113m vai k\u0101 balvu sabalans\u0113ta uztura sast\u0101vda\u013cu. Vienm\u0113r uzraugiet su\u0146a baro\u0161anu. Nodro\u0161iniet pietiekamu daudzumu svaiga dzeram\u0101 \u016bdens. Nav piem\u0113rots cilv\u0113ku \u0113\u0161anai.  PS! Tas ir svara produkts un tiek iepakots atbilsto\u0161i ieg\u0101d\u0101tajam daudzumam \u2013 pap\u012br\u0101 vai pl\u0113v\u0113.","og_url":"https:\/\/miumjau.ee\/lv\/produkts\/specigs-koslajamais-naskis-frigera-bulli-dzimumloceklis-12-cm-1-gab\/","og_site_name":"MiuMjau","article_publisher":"https:\/\/www.facebook.com\/miumjaupood\/","article_modified_time":"2026-01-07T19:18:52+00:00","og_image":[{"width":600,"height":800,"url":"https:\/\/miumjau.ee\/wp-content\/uploads\/2025\/05\/frigera-koerte-maius-pullipeenis-12cm-125tk-Photoroom.webp","type":"image\/webp"}],"twitter_card":"summary_large_image","schema":{"@context":"https:\/\/schema.org","@graph":[{"@type":"WebPage","@id":"https:\/\/miumjau.ee\/lv\/produkts\/specigs-koslajamais-naskis-frigera-bulli-dzimumloceklis-12-cm-1-gab\/","url":"https:\/\/miumjau.ee\/lv\/produkts\/specigs-koslajamais-naskis-frigera-bulli-dzimumloceklis-12-cm-1-gab\/","name":"Sp\u0113c\u012bgs ko\u0161\u013c\u0101jamais na\u0161\u0137is, Frigera bulli dzimumloceklis 12 cm 1 gab. - MiuMjau","isPartOf":{"@id":"https:\/\/miumjau.ee\/#website"},"primaryImageOfPage":{"@id":"https:\/\/miumjau.ee\/lv\/produkts\/specigs-koslajamais-naskis-frigera-bulli-dzimumloceklis-12-cm-1-gab\/#primaryimage"},"image":{"@id":"https:\/\/miumjau.ee\/lv\/produkts\/specigs-koslajamais-naskis-frigera-bulli-dzimumloceklis-12-cm-1-gab\/#primaryimage"},"thumbnailUrl":"https:\/\/miumjau.ee\/wp-content\/uploads\/2025\/05\/frigera-koerte-maius-pullipeenis-12cm-125tk-Photoroom.webp","datePublished":"2025-05-28T07:56:44+00:00","dateModified":"2026-01-07T19:18:52+00:00","breadcrumb":{"@id":"https:\/\/miumjau.ee\/lv\/produkts\/specigs-koslajamais-naskis-frigera-bulli-dzimumloceklis-12-cm-1-gab\/#breadcrumb"},"inLanguage":"lv-LV","potentialAction":[{"@type":"ReadAction","target":["https:\/\/miumjau.ee\/lv\/produkts\/specigs-koslajamais-naskis-frigera-bulli-dzimumloceklis-12-cm-1-gab\/"]}]},{"@type":"ImageObject","inLanguage":"lv-LV","@id":"https:\/\/miumjau.ee\/lv\/produkts\/specigs-koslajamais-naskis-frigera-bulli-dzimumloceklis-12-cm-1-gab\/#primaryimage","url":"https:\/\/miumjau.ee\/wp-content\/uploads\/2025\/05\/frigera-koerte-maius-pullipeenis-12cm-125tk-Photoroom.webp","contentUrl":"https:\/\/miumjau.ee\/wp-content\/uploads\/2025\/05\/frigera-koerte-maius-pullipeenis-12cm-125tk-Photoroom.webp","width":600,"height":800},{"@type":"BreadcrumbList","@id":"https:\/\/miumjau.ee\/lv\/produkts\/specigs-koslajamais-naskis-frigera-bulli-dzimumloceklis-12-cm-1-gab\/#breadcrumb","itemListElement":[{"@type":"ListItem","position":1,"name":"Home","item":"https:\/\/miumjau.ee\/lv\/"},{"@type":"ListItem","position":2,"name":"Veikals","item":"https:\/\/miumjau.ee\/lv\/veikals\/"},{"@type":"ListItem","position":3,"name":"Sp\u0113c\u012bgs ko\u0161\u013c\u0101jamais na\u0161\u0137is, Frigera bulli dzimumloceklis 12 cm 1 gab."}]},{"@type":"WebSite","@id":"https:\/\/miumjau.ee\/#website","url":"https:\/\/miumjau.ee\/","name":"MiuMjau","description":"Kraapimispuud kassidele","publisher":{"@id":"https:\/\/miumjau.ee\/#organization"},"potentialAction":[{"@type":"SearchAction","target":{"@type":"EntryPoint","urlTemplate":"https:\/\/miumjau.ee\/?s={search_term_string}"},"query-input":{"@type":"PropertyValueSpecification","valueRequired":true,"valueName":"search_term_string"}}],"inLanguage":"lv-LV"},{"@type":"Organization","@id":"https:\/\/miumjau.ee\/#organization","name":"MiuMjau O\u00dc","url":"https:\/\/miumjau.ee\/","logo":{"@type":"ImageObject","inLanguage":"lv-LV","@id":"https:\/\/miumjau.ee\/#\/schema\/logo\/image\/","url":"https:\/\/miumjau.ee\/wp-content\/uploads\/2022\/04\/MiuMjau-logo-kollane.png","contentUrl":"https:\/\/miumjau.ee\/wp-content\/uploads\/2022\/04\/MiuMjau-logo-kollane.png","width":219,"height":100,"caption":"MiuMjau O\u00dc"},"image":{"@id":"https:\/\/miumjau.ee\/#\/schema\/logo\/image\/"},"sameAs":["https:\/\/www.facebook.com\/miumjaupood\/"]}]}},"_links":{"self":[{"href":"https:\/\/miumjau.ee\/lv\/wp-json\/wp\/v2\/product\/48448","targetHints":{"allow":["GET"]}}],"collection":[{"href":"https:\/\/miumjau.ee\/lv\/wp-json\/wp\/v2\/product"}],"about":[{"href":"https:\/\/miumjau.ee\/lv\/wp-json\/wp\/v2\/types\/product"}],"wp:featuredmedia":[{"embeddable":true,"href":"https:\/\/miumjau.ee\/lv\/wp-json\/wp\/v2\/media\/48449"}],"wp:attachment":[{"href":"https:\/\/miumjau.ee\/lv\/wp-json\/wp\/v2\/media?parent=48448"}],"wp:term":[{"taxonomy":"product_brand","embeddable":true,"href":"https:\/\/miumjau.ee\/lv\/wp-json\/wp\/v2\/product_brand?post=48448"},{"taxonomy":"product_cat","embeddable":true,"href":"https:\/\/miumjau.ee\/lv\/wp-json\/wp\/v2\/product_cat?post=48448"},{"taxonomy":"product_tag","embeddable":true,"href":"https:\/\/miumjau.ee\/lv\/wp-json\/wp\/v2\/product_tag?post=48448"}],"curies":[{"name":"wp","href":"https:\/\/api.w.org\/{rel}","templated":true}]}}