{"id":48433,"date":"2023-07-21T07:37:29","date_gmt":"2023-07-21T04:37:29","guid":{"rendered":"https:\/\/miumjau.ee\/?post_type=product&#038;p=48433"},"modified":"2026-01-07T21:05:30","modified_gmt":"2026-01-07T19:05:30","slug":"petrebels-skrapesanas-koks-lodge-107-gaisi-peleks","status":"publish","type":"product","link":"https:\/\/miumjau.ee\/lv\/produkts\/petrebels-skrapesanas-koks-lodge-107-gaisi-peleks\/","title":{"rendered":"Petrebels skr\u0101p\u0113\u0161anas koks Lodge 107, gai\u0161i pel\u0113ks"},"content":{"rendered":"","protected":false},"excerpt":{"rendered":"<p>Skr\u0101p\u0113\u0161anas koks ka\u0137iem jebkur\u0101 vecum\u0101 \u2013 piem\u0113rots ka\u0137\u0113niem, vid\u0113ja izm\u0113ra ka\u0137iem, lieliem ka\u0137iem un ar\u012b senioriem. M\u0101ji\u0146a ir iztur\u012bga, stabila, liela un ar pievilc\u012bgu izskatu, piem\u0113rota jebkurai m\u0101jai. Ka\u0137\u0113ni \u0161eit var izlikt visu savu ener\u0123iju, jo k\u0101p\u0161anas un skr\u0101p\u0113\u0161anas iesp\u0113ju ir bezgal\u012bgi daudz. Pa\u0161\u0101 aug\u0161\u0101 atrodas \u012bpa\u0161i m\u012bksta gulti\u0146a saldam miegam. Protams, gul\u0113t var ar\u012b div\u0101s da\u017e\u0101d\u0101s m\u0101ji\u0146\u0101s. Apak\u0161\u0113j\u0101 \u013coti liel\u0101 m\u0101ji\u0146a ir atv\u0113rta, bet aug\u0161\u0113j\u0101 m\u0101ji\u0146a ir sl\u0113gta no s\u0101niem gad\u012bjumam, ja ka\u0137\u012btis v\u0113las priv\u0101tumu.<\/p>\n<ul>\n<li>Skr\u0101p\u0113\u0161anas kokam ir jaud\u012bga skr\u0101p\u0113\u0161anas un rota\u013cu virve!<\/li>\n<li>Kr\u0101sa ir pel\u0113ka, bet sizals \u2013 dab\u012bg\u0101 ton\u012b<\/li>\n<li>Kop\u0113jie izm\u0113ri: 59 x 59 x 107 cm (skat. papildu izm\u0113rus fotoatt\u0113l\u0101)<\/li>\n<li>Sizala biezums: 6 mm<\/li>\n<\/ul>\n<p><a href=\"https:\/\/ase.virtuallab17.nl\/petrebels\/index.html?name=lodge170grey&amp;alt=Petrebels%20%7C%20Lodge%20170%20Grey\" target=\"_blank\" rel=\"noopener\"><span style=\"color: #993366;\">Skatiet 3D foto \u0161eit<\/span><\/a> Iepakojuma izm\u0113ri: 62 x 62 x 35 cm. Produkta svars: 25,55 kg. Produkta svars ar iepakojumu: 29,5 kg. Pieejams uzreiz! Ra\u017eot\u0101js PetRebels \u2013 N\u012bderlandes kvalit\u0101te. \u012apa\u0161i kvalitat\u012bvi un \u0113rti skr\u0101p\u0113\u0161anas koki ka\u0137iem, kas kalpo gadiem un rot\u0101 j\u016bsu m\u0101jokli. J\u016bsu ka\u0137is b\u016bs pateic\u012bgs!<\/p>\n","protected":false},"featured_media":48442,"template":"","meta":[],"product_brand":[],"product_cat":[573,585],"product_tag":[],"class_list":{"0":"post-48433","1":"product","2":"type-product","3":"status-publish","4":"has-post-thumbnail","6":"product_cat-kaup24-lv","7":"product_cat-mazi-skrapesanas-koki-petrebels","8":"product_shipping_class-pakiautomaati-sobimatu-lv","10":"first","11":"instock","12":"sale","13":"taxable","14":"shipping-taxable","15":"purchasable","16":"product-type-simple"},"yoast_head":"<!-- This site is optimized with the Yoast SEO plugin v27.4 - https:\/\/yoast.com\/product\/yoast-seo-wordpress\/ -->\n<title>Petrebels skr\u0101p\u0113\u0161anas koks Lodge 107, gai\u0161i pel\u0113ks - MiuMjau<\/title>\n<meta name=\"robots\" content=\"index, follow, max-snippet:-1, max-image-preview:large, max-video-preview:-1\" \/>\n<link rel=\"canonical\" href=\"https:\/\/miumjau.ee\/lv\/produkts\/petrebels-skrapesanas-koks-lodge-107-gaisi-peleks\/\" \/>\n<meta property=\"og:locale\" content=\"lv_LV\" \/>\n<meta property=\"og:type\" content=\"article\" \/>\n<meta property=\"og:title\" content=\"Petrebels skr\u0101p\u0113\u0161anas koks Lodge 107, gai\u0161i pel\u0113ks - MiuMjau\" \/>\n<meta property=\"og:description\" content=\"Skr\u0101p\u0113\u0161anas koks ka\u0137iem jebkur\u0101 vecum\u0101 \u2013 piem\u0113rots ka\u0137\u0113niem, vid\u0113ja izm\u0113ra ka\u0137iem, lieliem ka\u0137iem un ar\u012b senioriem. M\u0101ji\u0146a ir iztur\u012bga, stabila, liela un ar pievilc\u012bgu izskatu, piem\u0113rota jebkurai m\u0101jai. Ka\u0137\u0113ni \u0161eit var izlikt visu savu ener\u0123iju, jo k\u0101p\u0161anas un skr\u0101p\u0113\u0161anas iesp\u0113ju ir bezgal\u012bgi daudz. Pa\u0161\u0101 aug\u0161\u0101 atrodas \u012bpa\u0161i m\u012bksta gulti\u0146a saldam miegam. Protams, gul\u0113t var ar\u012b div\u0101s da\u017e\u0101d\u0101s m\u0101ji\u0146\u0101s. Apak\u0161\u0113j\u0101 \u013coti liel\u0101 m\u0101ji\u0146a ir atv\u0113rta, bet aug\u0161\u0113j\u0101 m\u0101ji\u0146a ir sl\u0113gta no s\u0101niem gad\u012bjumam, ja ka\u0137\u012btis v\u0113las priv\u0101tumu.   Skr\u0101p\u0113\u0161anas kokam ir jaud\u012bga skr\u0101p\u0113\u0161anas un rota\u013cu virve!  Kr\u0101sa ir pel\u0113ka, bet sizals \u2013 dab\u012bg\u0101 ton\u012b  Kop\u0113jie izm\u0113ri: 59 x 59 x 107 cm (skat. papildu izm\u0113rus fotoatt\u0113l\u0101)  Sizala biezums: 6 mm  Skatiet 3D foto \u0161eit Iepakojuma izm\u0113ri: 62 x 62 x 35 cm. Produkta svars: 25,55 kg. Produkta svars ar iepakojumu: 29,5 kg. Pieejams uzreiz! Ra\u017eot\u0101js PetRebels \u2013 N\u012bderlandes kvalit\u0101te. \u012apa\u0161i kvalitat\u012bvi un \u0113rti skr\u0101p\u0113\u0161anas koki ka\u0137iem, kas kalpo gadiem un rot\u0101 j\u016bsu m\u0101jokli. J\u016bsu ka\u0137is b\u016bs pateic\u012bgs!\" \/>\n<meta property=\"og:url\" content=\"https:\/\/miumjau.ee\/lv\/produkts\/petrebels-skrapesanas-koks-lodge-107-gaisi-peleks\/\" \/>\n<meta property=\"og:site_name\" content=\"MiuMjau\" \/>\n<meta property=\"article:publisher\" content=\"https:\/\/www.facebook.com\/miumjaupood\/\" \/>\n<meta property=\"article:modified_time\" content=\"2026-01-07T19:05:30+00:00\" \/>\n<meta property=\"og:image\" content=\"https:\/\/miumjau.ee\/wp-content\/uploads\/2023\/07\/Lodge107_hall_kassi_kraapimispuu2.jpg\" \/>\n\t<meta property=\"og:image:width\" content=\"600\" \/>\n\t<meta property=\"og:image:height\" content=\"800\" \/>\n\t<meta property=\"og:image:type\" content=\"image\/jpeg\" \/>\n<meta name=\"twitter:card\" content=\"summary_large_image\" \/>\n<script type=\"application\/ld+json\" class=\"yoast-schema-graph\">{\"@context\":\"https:\\\/\\\/schema.org\",\"@graph\":[{\"@type\":\"WebPage\",\"@id\":\"https:\\\/\\\/miumjau.ee\\\/lv\\\/produkts\\\/petrebels-skrapesanas-koks-lodge-107-gaisi-peleks\\\/\",\"url\":\"https:\\\/\\\/miumjau.ee\\\/lv\\\/produkts\\\/petrebels-skrapesanas-koks-lodge-107-gaisi-peleks\\\/\",\"name\":\"Petrebels skr\u0101p\u0113\u0161anas koks Lodge 107, gai\u0161i pel\u0113ks - MiuMjau\",\"isPartOf\":{\"@id\":\"https:\\\/\\\/miumjau.ee\\\/#website\"},\"primaryImageOfPage\":{\"@id\":\"https:\\\/\\\/miumjau.ee\\\/lv\\\/produkts\\\/petrebels-skrapesanas-koks-lodge-107-gaisi-peleks\\\/#primaryimage\"},\"image\":{\"@id\":\"https:\\\/\\\/miumjau.ee\\\/lv\\\/produkts\\\/petrebels-skrapesanas-koks-lodge-107-gaisi-peleks\\\/#primaryimage\"},\"thumbnailUrl\":\"https:\\\/\\\/miumjau.ee\\\/wp-content\\\/uploads\\\/2023\\\/07\\\/Lodge107_hall_kassi_kraapimispuu2.jpg\",\"datePublished\":\"2023-07-21T04:37:29+00:00\",\"dateModified\":\"2026-01-07T19:05:30+00:00\",\"breadcrumb\":{\"@id\":\"https:\\\/\\\/miumjau.ee\\\/lv\\\/produkts\\\/petrebels-skrapesanas-koks-lodge-107-gaisi-peleks\\\/#breadcrumb\"},\"inLanguage\":\"lv-LV\",\"potentialAction\":[{\"@type\":\"ReadAction\",\"target\":[\"https:\\\/\\\/miumjau.ee\\\/lv\\\/produkts\\\/petrebels-skrapesanas-koks-lodge-107-gaisi-peleks\\\/\"]}]},{\"@type\":\"ImageObject\",\"inLanguage\":\"lv-LV\",\"@id\":\"https:\\\/\\\/miumjau.ee\\\/lv\\\/produkts\\\/petrebels-skrapesanas-koks-lodge-107-gaisi-peleks\\\/#primaryimage\",\"url\":\"https:\\\/\\\/miumjau.ee\\\/wp-content\\\/uploads\\\/2023\\\/07\\\/Lodge107_hall_kassi_kraapimispuu2.jpg\",\"contentUrl\":\"https:\\\/\\\/miumjau.ee\\\/wp-content\\\/uploads\\\/2023\\\/07\\\/Lodge107_hall_kassi_kraapimispuu2.jpg\",\"width\":600,\"height\":800,\"caption\":\"Lodge 107 hall Petrebels kassi kraapimispuu\"},{\"@type\":\"BreadcrumbList\",\"@id\":\"https:\\\/\\\/miumjau.ee\\\/lv\\\/produkts\\\/petrebels-skrapesanas-koks-lodge-107-gaisi-peleks\\\/#breadcrumb\",\"itemListElement\":[{\"@type\":\"ListItem\",\"position\":1,\"name\":\"Home\",\"item\":\"https:\\\/\\\/miumjau.ee\\\/lv\\\/\"},{\"@type\":\"ListItem\",\"position\":2,\"name\":\"Veikals\",\"item\":\"https:\\\/\\\/miumjau.ee\\\/lv\\\/veikals\\\/\"},{\"@type\":\"ListItem\",\"position\":3,\"name\":\"Petrebels skr\u0101p\u0113\u0161anas koks Lodge 107, gai\u0161i pel\u0113ks\"}]},{\"@type\":\"WebSite\",\"@id\":\"https:\\\/\\\/miumjau.ee\\\/#website\",\"url\":\"https:\\\/\\\/miumjau.ee\\\/\",\"name\":\"MiuMjau\",\"description\":\"Kraapimispuud kassidele\",\"publisher\":{\"@id\":\"https:\\\/\\\/miumjau.ee\\\/#organization\"},\"potentialAction\":[{\"@type\":\"SearchAction\",\"target\":{\"@type\":\"EntryPoint\",\"urlTemplate\":\"https:\\\/\\\/miumjau.ee\\\/?s={search_term_string}\"},\"query-input\":{\"@type\":\"PropertyValueSpecification\",\"valueRequired\":true,\"valueName\":\"search_term_string\"}}],\"inLanguage\":\"lv-LV\"},{\"@type\":\"Organization\",\"@id\":\"https:\\\/\\\/miumjau.ee\\\/#organization\",\"name\":\"MiuMjau O\u00dc\",\"url\":\"https:\\\/\\\/miumjau.ee\\\/\",\"logo\":{\"@type\":\"ImageObject\",\"inLanguage\":\"lv-LV\",\"@id\":\"https:\\\/\\\/miumjau.ee\\\/#\\\/schema\\\/logo\\\/image\\\/\",\"url\":\"https:\\\/\\\/miumjau.ee\\\/wp-content\\\/uploads\\\/2022\\\/04\\\/MiuMjau-logo-kollane.png\",\"contentUrl\":\"https:\\\/\\\/miumjau.ee\\\/wp-content\\\/uploads\\\/2022\\\/04\\\/MiuMjau-logo-kollane.png\",\"width\":219,\"height\":100,\"caption\":\"MiuMjau O\u00dc\"},\"image\":{\"@id\":\"https:\\\/\\\/miumjau.ee\\\/#\\\/schema\\\/logo\\\/image\\\/\"},\"sameAs\":[\"https:\\\/\\\/www.facebook.com\\\/miumjaupood\\\/\"]}]}<\/script>\n<!-- \/ Yoast SEO plugin. -->","yoast_head_json":{"title":"Petrebels skr\u0101p\u0113\u0161anas koks Lodge 107, gai\u0161i pel\u0113ks - MiuMjau","robots":{"index":"index","follow":"follow","max-snippet":"max-snippet:-1","max-image-preview":"max-image-preview:large","max-video-preview":"max-video-preview:-1"},"canonical":"https:\/\/miumjau.ee\/lv\/produkts\/petrebels-skrapesanas-koks-lodge-107-gaisi-peleks\/","og_locale":"lv_LV","og_type":"article","og_title":"Petrebels skr\u0101p\u0113\u0161anas koks Lodge 107, gai\u0161i pel\u0113ks - MiuMjau","og_description":"Skr\u0101p\u0113\u0161anas koks ka\u0137iem jebkur\u0101 vecum\u0101 \u2013 piem\u0113rots ka\u0137\u0113niem, vid\u0113ja izm\u0113ra ka\u0137iem, lieliem ka\u0137iem un ar\u012b senioriem. M\u0101ji\u0146a ir iztur\u012bga, stabila, liela un ar pievilc\u012bgu izskatu, piem\u0113rota jebkurai m\u0101jai. Ka\u0137\u0113ni \u0161eit var izlikt visu savu ener\u0123iju, jo k\u0101p\u0161anas un skr\u0101p\u0113\u0161anas iesp\u0113ju ir bezgal\u012bgi daudz. Pa\u0161\u0101 aug\u0161\u0101 atrodas \u012bpa\u0161i m\u012bksta gulti\u0146a saldam miegam. Protams, gul\u0113t var ar\u012b div\u0101s da\u017e\u0101d\u0101s m\u0101ji\u0146\u0101s. Apak\u0161\u0113j\u0101 \u013coti liel\u0101 m\u0101ji\u0146a ir atv\u0113rta, bet aug\u0161\u0113j\u0101 m\u0101ji\u0146a ir sl\u0113gta no s\u0101niem gad\u012bjumam, ja ka\u0137\u012btis v\u0113las priv\u0101tumu.   Skr\u0101p\u0113\u0161anas kokam ir jaud\u012bga skr\u0101p\u0113\u0161anas un rota\u013cu virve!  Kr\u0101sa ir pel\u0113ka, bet sizals \u2013 dab\u012bg\u0101 ton\u012b  Kop\u0113jie izm\u0113ri: 59 x 59 x 107 cm (skat. papildu izm\u0113rus fotoatt\u0113l\u0101)  Sizala biezums: 6 mm  Skatiet 3D foto \u0161eit Iepakojuma izm\u0113ri: 62 x 62 x 35 cm. Produkta svars: 25,55 kg. Produkta svars ar iepakojumu: 29,5 kg. Pieejams uzreiz! Ra\u017eot\u0101js PetRebels \u2013 N\u012bderlandes kvalit\u0101te. \u012apa\u0161i kvalitat\u012bvi un \u0113rti skr\u0101p\u0113\u0161anas koki ka\u0137iem, kas kalpo gadiem un rot\u0101 j\u016bsu m\u0101jokli. J\u016bsu ka\u0137is b\u016bs pateic\u012bgs!","og_url":"https:\/\/miumjau.ee\/lv\/produkts\/petrebels-skrapesanas-koks-lodge-107-gaisi-peleks\/","og_site_name":"MiuMjau","article_publisher":"https:\/\/www.facebook.com\/miumjaupood\/","article_modified_time":"2026-01-07T19:05:30+00:00","og_image":[{"width":600,"height":800,"url":"https:\/\/miumjau.ee\/wp-content\/uploads\/2023\/07\/Lodge107_hall_kassi_kraapimispuu2.jpg","type":"image\/jpeg"}],"twitter_card":"summary_large_image","schema":{"@context":"https:\/\/schema.org","@graph":[{"@type":"WebPage","@id":"https:\/\/miumjau.ee\/lv\/produkts\/petrebels-skrapesanas-koks-lodge-107-gaisi-peleks\/","url":"https:\/\/miumjau.ee\/lv\/produkts\/petrebels-skrapesanas-koks-lodge-107-gaisi-peleks\/","name":"Petrebels skr\u0101p\u0113\u0161anas koks Lodge 107, gai\u0161i pel\u0113ks - MiuMjau","isPartOf":{"@id":"https:\/\/miumjau.ee\/#website"},"primaryImageOfPage":{"@id":"https:\/\/miumjau.ee\/lv\/produkts\/petrebels-skrapesanas-koks-lodge-107-gaisi-peleks\/#primaryimage"},"image":{"@id":"https:\/\/miumjau.ee\/lv\/produkts\/petrebels-skrapesanas-koks-lodge-107-gaisi-peleks\/#primaryimage"},"thumbnailUrl":"https:\/\/miumjau.ee\/wp-content\/uploads\/2023\/07\/Lodge107_hall_kassi_kraapimispuu2.jpg","datePublished":"2023-07-21T04:37:29+00:00","dateModified":"2026-01-07T19:05:30+00:00","breadcrumb":{"@id":"https:\/\/miumjau.ee\/lv\/produkts\/petrebels-skrapesanas-koks-lodge-107-gaisi-peleks\/#breadcrumb"},"inLanguage":"lv-LV","potentialAction":[{"@type":"ReadAction","target":["https:\/\/miumjau.ee\/lv\/produkts\/petrebels-skrapesanas-koks-lodge-107-gaisi-peleks\/"]}]},{"@type":"ImageObject","inLanguage":"lv-LV","@id":"https:\/\/miumjau.ee\/lv\/produkts\/petrebels-skrapesanas-koks-lodge-107-gaisi-peleks\/#primaryimage","url":"https:\/\/miumjau.ee\/wp-content\/uploads\/2023\/07\/Lodge107_hall_kassi_kraapimispuu2.jpg","contentUrl":"https:\/\/miumjau.ee\/wp-content\/uploads\/2023\/07\/Lodge107_hall_kassi_kraapimispuu2.jpg","width":600,"height":800,"caption":"Lodge 107 hall Petrebels kassi kraapimispuu"},{"@type":"BreadcrumbList","@id":"https:\/\/miumjau.ee\/lv\/produkts\/petrebels-skrapesanas-koks-lodge-107-gaisi-peleks\/#breadcrumb","itemListElement":[{"@type":"ListItem","position":1,"name":"Home","item":"https:\/\/miumjau.ee\/lv\/"},{"@type":"ListItem","position":2,"name":"Veikals","item":"https:\/\/miumjau.ee\/lv\/veikals\/"},{"@type":"ListItem","position":3,"name":"Petrebels skr\u0101p\u0113\u0161anas koks Lodge 107, gai\u0161i pel\u0113ks"}]},{"@type":"WebSite","@id":"https:\/\/miumjau.ee\/#website","url":"https:\/\/miumjau.ee\/","name":"MiuMjau","description":"Kraapimispuud kassidele","publisher":{"@id":"https:\/\/miumjau.ee\/#organization"},"potentialAction":[{"@type":"SearchAction","target":{"@type":"EntryPoint","urlTemplate":"https:\/\/miumjau.ee\/?s={search_term_string}"},"query-input":{"@type":"PropertyValueSpecification","valueRequired":true,"valueName":"search_term_string"}}],"inLanguage":"lv-LV"},{"@type":"Organization","@id":"https:\/\/miumjau.ee\/#organization","name":"MiuMjau O\u00dc","url":"https:\/\/miumjau.ee\/","logo":{"@type":"ImageObject","inLanguage":"lv-LV","@id":"https:\/\/miumjau.ee\/#\/schema\/logo\/image\/","url":"https:\/\/miumjau.ee\/wp-content\/uploads\/2022\/04\/MiuMjau-logo-kollane.png","contentUrl":"https:\/\/miumjau.ee\/wp-content\/uploads\/2022\/04\/MiuMjau-logo-kollane.png","width":219,"height":100,"caption":"MiuMjau O\u00dc"},"image":{"@id":"https:\/\/miumjau.ee\/#\/schema\/logo\/image\/"},"sameAs":["https:\/\/www.facebook.com\/miumjaupood\/"]}]}},"_links":{"self":[{"href":"https:\/\/miumjau.ee\/lv\/wp-json\/wp\/v2\/product\/48433","targetHints":{"allow":["GET"]}}],"collection":[{"href":"https:\/\/miumjau.ee\/lv\/wp-json\/wp\/v2\/product"}],"about":[{"href":"https:\/\/miumjau.ee\/lv\/wp-json\/wp\/v2\/types\/product"}],"wp:featuredmedia":[{"embeddable":true,"href":"https:\/\/miumjau.ee\/lv\/wp-json\/wp\/v2\/media\/48442"}],"wp:attachment":[{"href":"https:\/\/miumjau.ee\/lv\/wp-json\/wp\/v2\/media?parent=48433"}],"wp:term":[{"taxonomy":"product_brand","embeddable":true,"href":"https:\/\/miumjau.ee\/lv\/wp-json\/wp\/v2\/product_brand?post=48433"},{"taxonomy":"product_cat","embeddable":true,"href":"https:\/\/miumjau.ee\/lv\/wp-json\/wp\/v2\/product_cat?post=48433"},{"taxonomy":"product_tag","embeddable":true,"href":"https:\/\/miumjau.ee\/lv\/wp-json\/wp\/v2\/product_tag?post=48433"}],"curies":[{"name":"wp","href":"https:\/\/api.w.org\/{rel}","templated":true}]}}