{"id":48421,"date":"2025-05-28T09:51:06","date_gmt":"2025-05-28T06:51:06","guid":{"rendered":"https:\/\/miumjau.ee\/toode\/dabisks-sunu-naskis-aitas-auss-ar-spalvu-frigera-1-gab\/"},"modified":"2026-01-07T21:18:52","modified_gmt":"2026-01-07T19:18:52","slug":"dabisks-sunu-naskis-aitas-auss-ar-spalvu-frigera-1-gab","status":"publish","type":"product","link":"https:\/\/miumjau.ee\/lv\/produkts\/dabisks-sunu-naskis-aitas-auss-ar-spalvu-frigera-1-gab\/","title":{"rendered":"Dabisks su\u0146u na\u0161\u0137is, aitas auss ar spalvu Frigera 1 gab."},"content":{"rendered":"","protected":false},"excerpt":{"rendered":"<p>Vai c\u016bkga\u013cas vai liellopa ausis \u0161\u0137iet tavam sunim p\u0101r\u0101k parastas vai vi\u0146am ir t\u0101m nepanesam\u012bba? friGERA aitas ausis ar spalvu n\u0101k talk\u0101!<\/p>\n<p>M\u016bsu aitas ausis ir 100 % dab\u012bgs produkts, r\u016bp\u012bgi \u017e\u0101v\u0113tas, lai pied\u0101v\u0101tu krauk\u0161\u0137\u012bgu, bet nedaudz m\u012bkst\u0101ku un lies\u0101ku na\u0161\u0137i sal\u012bdzin\u0101jum\u0101 ar c\u016bkga\u013cas aus\u012bm.<\/p>\n<p>\u0160is hipoaler\u0123iskais na\u0161\u0137is ne tikai apmierina ko\u0161\u013c\u0101\u0161anas vajadz\u012bbu un t\u012bra zobus, bet ar\u012b pal\u012bdz uztur\u0113t stipras loc\u012btavas un veselus c\u012bpslas, jo tas ir bag\u0101ts mang\u0101na avots.<\/p>\n<p>Turkl\u0101t aitas ausis ir videi draudz\u012bg\u0101ka alternat\u012bva \u2013 ait\u0101m ir maz\u0101ka ietekme uz vidi nek\u0101 gov\u012bm vai c\u016bk\u0101m. Zemas vai neeso\u0161as smakas d\u0113\u013c t\u0101s lieliski piem\u0113rotas lieto\u0161anai telp\u0101s.<\/p>\n<p>Karvas kl\u0101tb\u016btne pal\u012bdz ar\u012b dab\u012bg\u0101 veid\u0101 att\u012br\u012bt zarnu traktu \u2013 t\u0101pat k\u0101 su\u0146i savulaik \u0113da med\u012bjumu savva\u013c\u0101, kop\u0101 ar spalv\u0101m un kauliem!<\/p>\n<p>Pateicoties piem\u0113rotam izm\u0113ram un tekst\u016brai, t\u0101s piem\u0113rotas ar\u012b maz\u0101kiem su\u0146iem vai tiem, kuriem ir v\u0101j\u0101kas \u017eok\u013ca musku\u013ci.<\/p>\n<p>Sast\u0101vs: 100% aita (ar spalvu)<\/p>\n<p>Anal\u012btiskais sast\u0101vs: Prote\u012bns: 59,78 %, Tauki: 29,4 %, Mitrums: 8,27 %<\/p>\n<p>Baro\u0161anas nor\u0101d\u012bjumi: Pied\u0101v\u0101jiet k\u0101 na\u0161\u0137i starp \u0113dienreiz\u0113m vai k\u0101 balvu sabalans\u0113ta uztura sast\u0101vda\u013cu. Vienm\u0113r uzraugiet su\u0146a baro\u0161anu. Nodro\u0161iniet pietiekamu daudzumu svaiga \u016bdens. Nav piem\u0113rots cilv\u0113ku \u0113\u0161anai.<\/p>\n<p>PS! Tas ir va\u013c\u012bgs produkts un tiek iepakots atbilsto\u0161i ieg\u0101d\u0101tajam daudzumam \u2013 pap\u012br\u0101 vai pl\u0113v\u0113.<\/p>\n","protected":false},"featured_media":48422,"template":"","meta":[],"product_brand":[],"product_cat":[576],"product_tag":[],"class_list":{"0":"post-48421","1":"product","2":"type-product","3":"status-publish","4":"has-post-thumbnail","6":"product_cat-naski-suniem","8":"first","9":"instock","10":"taxable","11":"shipping-taxable","12":"purchasable","13":"product-type-simple"},"yoast_head":"<!-- This site is optimized with the Yoast SEO plugin v27.4 - https:\/\/yoast.com\/product\/yoast-seo-wordpress\/ -->\n<title>Dabisks su\u0146u na\u0161\u0137is, aitas auss ar spalvu Frigera 1 gab. - MiuMjau<\/title>\n<meta name=\"robots\" content=\"index, follow, max-snippet:-1, max-image-preview:large, max-video-preview:-1\" \/>\n<link rel=\"canonical\" href=\"https:\/\/miumjau.ee\/lv\/produkts\/dabisks-sunu-naskis-aitas-auss-ar-spalvu-frigera-1-gab\/\" \/>\n<meta property=\"og:locale\" content=\"lv_LV\" \/>\n<meta property=\"og:type\" content=\"article\" \/>\n<meta property=\"og:title\" content=\"Dabisks su\u0146u na\u0161\u0137is, aitas auss ar spalvu Frigera 1 gab. - MiuMjau\" \/>\n<meta property=\"og:description\" content=\"Vai c\u016bkga\u013cas vai liellopa ausis \u0161\u0137iet tavam sunim p\u0101r\u0101k parastas vai vi\u0146am ir t\u0101m nepanesam\u012bba? friGERA aitas ausis ar spalvu n\u0101k talk\u0101!  M\u016bsu aitas ausis ir 100 % dab\u012bgs produkts, r\u016bp\u012bgi \u017e\u0101v\u0113tas, lai pied\u0101v\u0101tu krauk\u0161\u0137\u012bgu, bet nedaudz m\u012bkst\u0101ku un lies\u0101ku na\u0161\u0137i sal\u012bdzin\u0101jum\u0101 ar c\u016bkga\u013cas aus\u012bm.  \u0160is hipoaler\u0123iskais na\u0161\u0137is ne tikai apmierina ko\u0161\u013c\u0101\u0161anas vajadz\u012bbu un t\u012bra zobus, bet ar\u012b pal\u012bdz uztur\u0113t stipras loc\u012btavas un veselus c\u012bpslas, jo tas ir bag\u0101ts mang\u0101na avots.  Turkl\u0101t aitas ausis ir videi draudz\u012bg\u0101ka alternat\u012bva \u2013 ait\u0101m ir maz\u0101ka ietekme uz vidi nek\u0101 gov\u012bm vai c\u016bk\u0101m. Zemas vai neeso\u0161as smakas d\u0113\u013c t\u0101s lieliski piem\u0113rotas lieto\u0161anai telp\u0101s.  Karvas kl\u0101tb\u016btne pal\u012bdz ar\u012b dab\u012bg\u0101 veid\u0101 att\u012br\u012bt zarnu traktu \u2013 t\u0101pat k\u0101 su\u0146i savulaik \u0113da med\u012bjumu savva\u013c\u0101, kop\u0101 ar spalv\u0101m un kauliem!  Pateicoties piem\u0113rotam izm\u0113ram un tekst\u016brai, t\u0101s piem\u0113rotas ar\u012b maz\u0101kiem su\u0146iem vai tiem, kuriem ir v\u0101j\u0101kas \u017eok\u013ca musku\u013ci.  Sast\u0101vs: 100% aita (ar spalvu)  Anal\u012btiskais sast\u0101vs: Prote\u012bns: 59,78 %, Tauki: 29,4 %, Mitrums: 8,27 %  Baro\u0161anas nor\u0101d\u012bjumi: Pied\u0101v\u0101jiet k\u0101 na\u0161\u0137i starp \u0113dienreiz\u0113m vai k\u0101 balvu sabalans\u0113ta uztura sast\u0101vda\u013cu. Vienm\u0113r uzraugiet su\u0146a baro\u0161anu. Nodro\u0161iniet pietiekamu daudzumu svaiga \u016bdens. Nav piem\u0113rots cilv\u0113ku \u0113\u0161anai.  PS! Tas ir va\u013c\u012bgs produkts un tiek iepakots atbilsto\u0161i ieg\u0101d\u0101tajam daudzumam \u2013 pap\u012br\u0101 vai pl\u0113v\u0113.\" \/>\n<meta property=\"og:url\" content=\"https:\/\/miumjau.ee\/lv\/produkts\/dabisks-sunu-naskis-aitas-auss-ar-spalvu-frigera-1-gab\/\" \/>\n<meta property=\"og:site_name\" content=\"MiuMjau\" \/>\n<meta property=\"article:publisher\" content=\"https:\/\/www.facebook.com\/miumjaupood\/\" \/>\n<meta property=\"article:modified_time\" content=\"2026-01-07T19:18:52+00:00\" \/>\n<meta property=\"og:image\" content=\"https:\/\/miumjau.ee\/wp-content\/uploads\/2025\/05\/frigera-koerte-maius-lambakorvad-karvaga-100tk-Photoroom.webp\" \/>\n\t<meta property=\"og:image:width\" content=\"600\" \/>\n\t<meta property=\"og:image:height\" content=\"800\" \/>\n\t<meta property=\"og:image:type\" content=\"image\/webp\" \/>\n<meta name=\"twitter:card\" content=\"summary_large_image\" \/>\n<script type=\"application\/ld+json\" class=\"yoast-schema-graph\">{\"@context\":\"https:\\\/\\\/schema.org\",\"@graph\":[{\"@type\":\"WebPage\",\"@id\":\"https:\\\/\\\/miumjau.ee\\\/lv\\\/produkts\\\/dabisks-sunu-naskis-aitas-auss-ar-spalvu-frigera-1-gab\\\/\",\"url\":\"https:\\\/\\\/miumjau.ee\\\/lv\\\/produkts\\\/dabisks-sunu-naskis-aitas-auss-ar-spalvu-frigera-1-gab\\\/\",\"name\":\"Dabisks su\u0146u na\u0161\u0137is, aitas auss ar spalvu Frigera 1 gab. - MiuMjau\",\"isPartOf\":{\"@id\":\"https:\\\/\\\/miumjau.ee\\\/#website\"},\"primaryImageOfPage\":{\"@id\":\"https:\\\/\\\/miumjau.ee\\\/lv\\\/produkts\\\/dabisks-sunu-naskis-aitas-auss-ar-spalvu-frigera-1-gab\\\/#primaryimage\"},\"image\":{\"@id\":\"https:\\\/\\\/miumjau.ee\\\/lv\\\/produkts\\\/dabisks-sunu-naskis-aitas-auss-ar-spalvu-frigera-1-gab\\\/#primaryimage\"},\"thumbnailUrl\":\"https:\\\/\\\/miumjau.ee\\\/wp-content\\\/uploads\\\/2025\\\/05\\\/frigera-koerte-maius-lambakorvad-karvaga-100tk-Photoroom.webp\",\"datePublished\":\"2025-05-28T06:51:06+00:00\",\"dateModified\":\"2026-01-07T19:18:52+00:00\",\"breadcrumb\":{\"@id\":\"https:\\\/\\\/miumjau.ee\\\/lv\\\/produkts\\\/dabisks-sunu-naskis-aitas-auss-ar-spalvu-frigera-1-gab\\\/#breadcrumb\"},\"inLanguage\":\"lv-LV\",\"potentialAction\":[{\"@type\":\"ReadAction\",\"target\":[\"https:\\\/\\\/miumjau.ee\\\/lv\\\/produkts\\\/dabisks-sunu-naskis-aitas-auss-ar-spalvu-frigera-1-gab\\\/\"]}]},{\"@type\":\"ImageObject\",\"inLanguage\":\"lv-LV\",\"@id\":\"https:\\\/\\\/miumjau.ee\\\/lv\\\/produkts\\\/dabisks-sunu-naskis-aitas-auss-ar-spalvu-frigera-1-gab\\\/#primaryimage\",\"url\":\"https:\\\/\\\/miumjau.ee\\\/wp-content\\\/uploads\\\/2025\\\/05\\\/frigera-koerte-maius-lambakorvad-karvaga-100tk-Photoroom.webp\",\"contentUrl\":\"https:\\\/\\\/miumjau.ee\\\/wp-content\\\/uploads\\\/2025\\\/05\\\/frigera-koerte-maius-lambakorvad-karvaga-100tk-Photoroom.webp\",\"width\":600,\"height\":800},{\"@type\":\"BreadcrumbList\",\"@id\":\"https:\\\/\\\/miumjau.ee\\\/lv\\\/produkts\\\/dabisks-sunu-naskis-aitas-auss-ar-spalvu-frigera-1-gab\\\/#breadcrumb\",\"itemListElement\":[{\"@type\":\"ListItem\",\"position\":1,\"name\":\"Home\",\"item\":\"https:\\\/\\\/miumjau.ee\\\/lv\\\/\"},{\"@type\":\"ListItem\",\"position\":2,\"name\":\"Veikals\",\"item\":\"https:\\\/\\\/miumjau.ee\\\/lv\\\/veikals\\\/\"},{\"@type\":\"ListItem\",\"position\":3,\"name\":\"Dabisks su\u0146u na\u0161\u0137is, aitas auss ar spalvu Frigera 1 gab.\"}]},{\"@type\":\"WebSite\",\"@id\":\"https:\\\/\\\/miumjau.ee\\\/#website\",\"url\":\"https:\\\/\\\/miumjau.ee\\\/\",\"name\":\"MiuMjau\",\"description\":\"Kraapimispuud kassidele\",\"publisher\":{\"@id\":\"https:\\\/\\\/miumjau.ee\\\/#organization\"},\"potentialAction\":[{\"@type\":\"SearchAction\",\"target\":{\"@type\":\"EntryPoint\",\"urlTemplate\":\"https:\\\/\\\/miumjau.ee\\\/?s={search_term_string}\"},\"query-input\":{\"@type\":\"PropertyValueSpecification\",\"valueRequired\":true,\"valueName\":\"search_term_string\"}}],\"inLanguage\":\"lv-LV\"},{\"@type\":\"Organization\",\"@id\":\"https:\\\/\\\/miumjau.ee\\\/#organization\",\"name\":\"MiuMjau O\u00dc\",\"url\":\"https:\\\/\\\/miumjau.ee\\\/\",\"logo\":{\"@type\":\"ImageObject\",\"inLanguage\":\"lv-LV\",\"@id\":\"https:\\\/\\\/miumjau.ee\\\/#\\\/schema\\\/logo\\\/image\\\/\",\"url\":\"https:\\\/\\\/miumjau.ee\\\/wp-content\\\/uploads\\\/2022\\\/04\\\/MiuMjau-logo-kollane.png\",\"contentUrl\":\"https:\\\/\\\/miumjau.ee\\\/wp-content\\\/uploads\\\/2022\\\/04\\\/MiuMjau-logo-kollane.png\",\"width\":219,\"height\":100,\"caption\":\"MiuMjau O\u00dc\"},\"image\":{\"@id\":\"https:\\\/\\\/miumjau.ee\\\/#\\\/schema\\\/logo\\\/image\\\/\"},\"sameAs\":[\"https:\\\/\\\/www.facebook.com\\\/miumjaupood\\\/\"]}]}<\/script>\n<!-- \/ Yoast SEO plugin. -->","yoast_head_json":{"title":"Dabisks su\u0146u na\u0161\u0137is, aitas auss ar spalvu Frigera 1 gab. - MiuMjau","robots":{"index":"index","follow":"follow","max-snippet":"max-snippet:-1","max-image-preview":"max-image-preview:large","max-video-preview":"max-video-preview:-1"},"canonical":"https:\/\/miumjau.ee\/lv\/produkts\/dabisks-sunu-naskis-aitas-auss-ar-spalvu-frigera-1-gab\/","og_locale":"lv_LV","og_type":"article","og_title":"Dabisks su\u0146u na\u0161\u0137is, aitas auss ar spalvu Frigera 1 gab. - MiuMjau","og_description":"Vai c\u016bkga\u013cas vai liellopa ausis \u0161\u0137iet tavam sunim p\u0101r\u0101k parastas vai vi\u0146am ir t\u0101m nepanesam\u012bba? friGERA aitas ausis ar spalvu n\u0101k talk\u0101!  M\u016bsu aitas ausis ir 100 % dab\u012bgs produkts, r\u016bp\u012bgi \u017e\u0101v\u0113tas, lai pied\u0101v\u0101tu krauk\u0161\u0137\u012bgu, bet nedaudz m\u012bkst\u0101ku un lies\u0101ku na\u0161\u0137i sal\u012bdzin\u0101jum\u0101 ar c\u016bkga\u013cas aus\u012bm.  \u0160is hipoaler\u0123iskais na\u0161\u0137is ne tikai apmierina ko\u0161\u013c\u0101\u0161anas vajadz\u012bbu un t\u012bra zobus, bet ar\u012b pal\u012bdz uztur\u0113t stipras loc\u012btavas un veselus c\u012bpslas, jo tas ir bag\u0101ts mang\u0101na avots.  Turkl\u0101t aitas ausis ir videi draudz\u012bg\u0101ka alternat\u012bva \u2013 ait\u0101m ir maz\u0101ka ietekme uz vidi nek\u0101 gov\u012bm vai c\u016bk\u0101m. Zemas vai neeso\u0161as smakas d\u0113\u013c t\u0101s lieliski piem\u0113rotas lieto\u0161anai telp\u0101s.  Karvas kl\u0101tb\u016btne pal\u012bdz ar\u012b dab\u012bg\u0101 veid\u0101 att\u012br\u012bt zarnu traktu \u2013 t\u0101pat k\u0101 su\u0146i savulaik \u0113da med\u012bjumu savva\u013c\u0101, kop\u0101 ar spalv\u0101m un kauliem!  Pateicoties piem\u0113rotam izm\u0113ram un tekst\u016brai, t\u0101s piem\u0113rotas ar\u012b maz\u0101kiem su\u0146iem vai tiem, kuriem ir v\u0101j\u0101kas \u017eok\u013ca musku\u013ci.  Sast\u0101vs: 100% aita (ar spalvu)  Anal\u012btiskais sast\u0101vs: Prote\u012bns: 59,78 %, Tauki: 29,4 %, Mitrums: 8,27 %  Baro\u0161anas nor\u0101d\u012bjumi: Pied\u0101v\u0101jiet k\u0101 na\u0161\u0137i starp \u0113dienreiz\u0113m vai k\u0101 balvu sabalans\u0113ta uztura sast\u0101vda\u013cu. Vienm\u0113r uzraugiet su\u0146a baro\u0161anu. Nodro\u0161iniet pietiekamu daudzumu svaiga \u016bdens. Nav piem\u0113rots cilv\u0113ku \u0113\u0161anai.  PS! Tas ir va\u013c\u012bgs produkts un tiek iepakots atbilsto\u0161i ieg\u0101d\u0101tajam daudzumam \u2013 pap\u012br\u0101 vai pl\u0113v\u0113.","og_url":"https:\/\/miumjau.ee\/lv\/produkts\/dabisks-sunu-naskis-aitas-auss-ar-spalvu-frigera-1-gab\/","og_site_name":"MiuMjau","article_publisher":"https:\/\/www.facebook.com\/miumjaupood\/","article_modified_time":"2026-01-07T19:18:52+00:00","og_image":[{"width":600,"height":800,"url":"https:\/\/miumjau.ee\/wp-content\/uploads\/2025\/05\/frigera-koerte-maius-lambakorvad-karvaga-100tk-Photoroom.webp","type":"image\/webp"}],"twitter_card":"summary_large_image","schema":{"@context":"https:\/\/schema.org","@graph":[{"@type":"WebPage","@id":"https:\/\/miumjau.ee\/lv\/produkts\/dabisks-sunu-naskis-aitas-auss-ar-spalvu-frigera-1-gab\/","url":"https:\/\/miumjau.ee\/lv\/produkts\/dabisks-sunu-naskis-aitas-auss-ar-spalvu-frigera-1-gab\/","name":"Dabisks su\u0146u na\u0161\u0137is, aitas auss ar spalvu Frigera 1 gab. - MiuMjau","isPartOf":{"@id":"https:\/\/miumjau.ee\/#website"},"primaryImageOfPage":{"@id":"https:\/\/miumjau.ee\/lv\/produkts\/dabisks-sunu-naskis-aitas-auss-ar-spalvu-frigera-1-gab\/#primaryimage"},"image":{"@id":"https:\/\/miumjau.ee\/lv\/produkts\/dabisks-sunu-naskis-aitas-auss-ar-spalvu-frigera-1-gab\/#primaryimage"},"thumbnailUrl":"https:\/\/miumjau.ee\/wp-content\/uploads\/2025\/05\/frigera-koerte-maius-lambakorvad-karvaga-100tk-Photoroom.webp","datePublished":"2025-05-28T06:51:06+00:00","dateModified":"2026-01-07T19:18:52+00:00","breadcrumb":{"@id":"https:\/\/miumjau.ee\/lv\/produkts\/dabisks-sunu-naskis-aitas-auss-ar-spalvu-frigera-1-gab\/#breadcrumb"},"inLanguage":"lv-LV","potentialAction":[{"@type":"ReadAction","target":["https:\/\/miumjau.ee\/lv\/produkts\/dabisks-sunu-naskis-aitas-auss-ar-spalvu-frigera-1-gab\/"]}]},{"@type":"ImageObject","inLanguage":"lv-LV","@id":"https:\/\/miumjau.ee\/lv\/produkts\/dabisks-sunu-naskis-aitas-auss-ar-spalvu-frigera-1-gab\/#primaryimage","url":"https:\/\/miumjau.ee\/wp-content\/uploads\/2025\/05\/frigera-koerte-maius-lambakorvad-karvaga-100tk-Photoroom.webp","contentUrl":"https:\/\/miumjau.ee\/wp-content\/uploads\/2025\/05\/frigera-koerte-maius-lambakorvad-karvaga-100tk-Photoroom.webp","width":600,"height":800},{"@type":"BreadcrumbList","@id":"https:\/\/miumjau.ee\/lv\/produkts\/dabisks-sunu-naskis-aitas-auss-ar-spalvu-frigera-1-gab\/#breadcrumb","itemListElement":[{"@type":"ListItem","position":1,"name":"Home","item":"https:\/\/miumjau.ee\/lv\/"},{"@type":"ListItem","position":2,"name":"Veikals","item":"https:\/\/miumjau.ee\/lv\/veikals\/"},{"@type":"ListItem","position":3,"name":"Dabisks su\u0146u na\u0161\u0137is, aitas auss ar spalvu Frigera 1 gab."}]},{"@type":"WebSite","@id":"https:\/\/miumjau.ee\/#website","url":"https:\/\/miumjau.ee\/","name":"MiuMjau","description":"Kraapimispuud kassidele","publisher":{"@id":"https:\/\/miumjau.ee\/#organization"},"potentialAction":[{"@type":"SearchAction","target":{"@type":"EntryPoint","urlTemplate":"https:\/\/miumjau.ee\/?s={search_term_string}"},"query-input":{"@type":"PropertyValueSpecification","valueRequired":true,"valueName":"search_term_string"}}],"inLanguage":"lv-LV"},{"@type":"Organization","@id":"https:\/\/miumjau.ee\/#organization","name":"MiuMjau O\u00dc","url":"https:\/\/miumjau.ee\/","logo":{"@type":"ImageObject","inLanguage":"lv-LV","@id":"https:\/\/miumjau.ee\/#\/schema\/logo\/image\/","url":"https:\/\/miumjau.ee\/wp-content\/uploads\/2022\/04\/MiuMjau-logo-kollane.png","contentUrl":"https:\/\/miumjau.ee\/wp-content\/uploads\/2022\/04\/MiuMjau-logo-kollane.png","width":219,"height":100,"caption":"MiuMjau O\u00dc"},"image":{"@id":"https:\/\/miumjau.ee\/#\/schema\/logo\/image\/"},"sameAs":["https:\/\/www.facebook.com\/miumjaupood\/"]}]}},"_links":{"self":[{"href":"https:\/\/miumjau.ee\/lv\/wp-json\/wp\/v2\/product\/48421","targetHints":{"allow":["GET"]}}],"collection":[{"href":"https:\/\/miumjau.ee\/lv\/wp-json\/wp\/v2\/product"}],"about":[{"href":"https:\/\/miumjau.ee\/lv\/wp-json\/wp\/v2\/types\/product"}],"wp:featuredmedia":[{"embeddable":true,"href":"https:\/\/miumjau.ee\/lv\/wp-json\/wp\/v2\/media\/48422"}],"wp:attachment":[{"href":"https:\/\/miumjau.ee\/lv\/wp-json\/wp\/v2\/media?parent=48421"}],"wp:term":[{"taxonomy":"product_brand","embeddable":true,"href":"https:\/\/miumjau.ee\/lv\/wp-json\/wp\/v2\/product_brand?post=48421"},{"taxonomy":"product_cat","embeddable":true,"href":"https:\/\/miumjau.ee\/lv\/wp-json\/wp\/v2\/product_cat?post=48421"},{"taxonomy":"product_tag","embeddable":true,"href":"https:\/\/miumjau.ee\/lv\/wp-json\/wp\/v2\/product_tag?post=48421"}],"curies":[{"name":"wp","href":"https:\/\/api.w.org\/{rel}","templated":true}]}}