{"id":48415,"date":"2025-05-28T11:35:58","date_gmt":"2025-05-28T08:35:58","guid":{"rendered":"https:\/\/miumjau.ee\/toode\/frigera-liellopa-auss-ar-spalvu-un-galu-2-gab\/"},"modified":"2026-01-07T21:18:52","modified_gmt":"2026-01-07T19:18:52","slug":"frigera-liellopa-auss-ar-spalvu-un-galu-2-gab","status":"publish","type":"product","link":"https:\/\/miumjau.ee\/lv\/produkts\/frigera-liellopa-auss-ar-spalvu-un-galu-2-gab\/","title":{"rendered":"Frigera liellopa auss ar spalvu un ga\u013cu, 2 gab."},"content":{"rendered":"","protected":false},"excerpt":{"rendered":"<p>Vai esi k\u0101 liel\u0101k\u0101 da\u013ca su\u0146u \u012bpa\u0161nieku un m\u012bli dot savam spalvainajam draugam na\u0161\u0137us? Tad, protams, v\u0113lies, lai tie b\u016btu vesel\u012bgi un barojo\u0161i. \u0160eit talk\u0101 n\u0101k m\u016bsu liellopa ausis ar spalvu!<\/p>\n<p>M\u016bsu liellopa ausis ar spalvu gatavotas no lab\u0101kajiem Eiropas liellopiem. T\u0101m ir maz\u0101ks tauku saturs nek\u0101 c\u016bkga\u013cas aus\u012bm un t\u0101s ir daudz iztur\u012bg\u0101kas, padarot t\u0101s par lielisku alternat\u012bvu. Rezult\u0101ts \u2013 daudz ko\u0161\u013c\u0101\u0161anas prieka un lab\u0101ka gremo\u0161ana j\u016bsu sunim.<\/p>\n<p>Tas ir patiesi lab\u0101kais no ab\u0101m pasaul\u0113m: iek\u0161\u0113j\u0101 auss satur ga\u013cu ar skrim\u0161\u013ciem un \u0101du. Dabiski bag\u0101ts ar glikozam\u012bnu un hondroit\u012bnu, kas atbalsta loc\u012btavu vesel\u012bbu. Turkl\u0101t satur v\u0113rt\u012bg\u0101s omega-3 tauksk\u0101bes un miner\u0101lvielas, piem\u0113ram, cinku un sel\u0113nu.<\/p>\n<p>Un lab\u0101k\u0101 da\u013ca \u2013 spalva var pal\u012bdz\u0113t dab\u012bg\u0101 veid\u0101 att\u012br\u012bt su\u0146a zarnu traktu, atdarinot to, k\u0101 su\u0146i k\u0101dreiz med\u012bja un \u0113da dz\u012bvniekus ar spalvu un kauliem!<\/p>\n<p>Liellopa ausis ar spalvu ir ide\u0101ls na\u0161\u0137is, kas t\u012bra, mas\u0113 un kopj su\u0146a zobus un smaganas.<\/p>\n<p>Sast\u0101vs: 100% liellops<\/p>\n<p>Anal\u012btiskais sast\u0101vs: Prote\u012bns: 78,1%, Tauki: 5%, Mitrums: 4,9%<\/p>\n<p>Baro\u0161anas nor\u0101d\u012bjumi: Pied\u0101v\u0101jiet k\u0101 na\u0161\u0137i starp \u0113dienreiz\u0113m vai k\u0101 balvu sabalans\u0113ta uztura sast\u0101vda\u013cu. Vienm\u0113r uzraugiet su\u0146a baro\u0161anu. Nodro\u0161iniet pietiekamu daudzumu svaiga dzeram\u0101 \u016bdens. Nav piem\u0113rots cilv\u0113ku \u0113\u0161anai.<\/p>\n<p>Piez\u012bme! Tas ir svara produkts un tiek iepakots atbilsto\u0161i ieg\u0101d\u0101tajam daudzumam \u2013 pap\u012br\u0101 vai pl\u0113v\u0113.<\/p>\n","protected":false},"featured_media":48416,"template":"","meta":[],"product_brand":[],"product_cat":[576],"product_tag":[],"class_list":{"0":"post-48415","1":"product","2":"type-product","3":"status-publish","4":"has-post-thumbnail","6":"product_cat-naski-suniem","8":"first","9":"instock","10":"taxable","11":"shipping-taxable","12":"purchasable","13":"product-type-simple"},"yoast_head":"<!-- This site is optimized with the Yoast SEO plugin v27.2 - https:\/\/yoast.com\/product\/yoast-seo-wordpress\/ -->\n<title>Frigera liellopa auss ar spalvu un ga\u013cu, 2 gab. - MiuMjau<\/title>\n<meta name=\"robots\" content=\"index, follow, max-snippet:-1, max-image-preview:large, max-video-preview:-1\" \/>\n<link rel=\"canonical\" href=\"https:\/\/miumjau.ee\/lv\/produkts\/frigera-liellopa-auss-ar-spalvu-un-galu-2-gab\/\" \/>\n<meta property=\"og:locale\" content=\"lv_LV\" \/>\n<meta property=\"og:type\" content=\"article\" \/>\n<meta property=\"og:title\" content=\"Frigera liellopa auss ar spalvu un ga\u013cu, 2 gab. - MiuMjau\" \/>\n<meta property=\"og:description\" content=\"Vai esi k\u0101 liel\u0101k\u0101 da\u013ca su\u0146u \u012bpa\u0161nieku un m\u012bli dot savam spalvainajam draugam na\u0161\u0137us? Tad, protams, v\u0113lies, lai tie b\u016btu vesel\u012bgi un barojo\u0161i. \u0160eit talk\u0101 n\u0101k m\u016bsu liellopa ausis ar spalvu!  M\u016bsu liellopa ausis ar spalvu gatavotas no lab\u0101kajiem Eiropas liellopiem. T\u0101m ir maz\u0101ks tauku saturs nek\u0101 c\u016bkga\u013cas aus\u012bm un t\u0101s ir daudz iztur\u012bg\u0101kas, padarot t\u0101s par lielisku alternat\u012bvu. Rezult\u0101ts \u2013 daudz ko\u0161\u013c\u0101\u0161anas prieka un lab\u0101ka gremo\u0161ana j\u016bsu sunim.  Tas ir patiesi lab\u0101kais no ab\u0101m pasaul\u0113m: iek\u0161\u0113j\u0101 auss satur ga\u013cu ar skrim\u0161\u013ciem un \u0101du. Dabiski bag\u0101ts ar glikozam\u012bnu un hondroit\u012bnu, kas atbalsta loc\u012btavu vesel\u012bbu. Turkl\u0101t satur v\u0113rt\u012bg\u0101s omega-3 tauksk\u0101bes un miner\u0101lvielas, piem\u0113ram, cinku un sel\u0113nu.  Un lab\u0101k\u0101 da\u013ca \u2013 spalva var pal\u012bdz\u0113t dab\u012bg\u0101 veid\u0101 att\u012br\u012bt su\u0146a zarnu traktu, atdarinot to, k\u0101 su\u0146i k\u0101dreiz med\u012bja un \u0113da dz\u012bvniekus ar spalvu un kauliem!  Liellopa ausis ar spalvu ir ide\u0101ls na\u0161\u0137is, kas t\u012bra, mas\u0113 un kopj su\u0146a zobus un smaganas.  Sast\u0101vs: 100% liellops  Anal\u012btiskais sast\u0101vs: Prote\u012bns: 78,1%, Tauki: 5%, Mitrums: 4,9%  Baro\u0161anas nor\u0101d\u012bjumi: Pied\u0101v\u0101jiet k\u0101 na\u0161\u0137i starp \u0113dienreiz\u0113m vai k\u0101 balvu sabalans\u0113ta uztura sast\u0101vda\u013cu. Vienm\u0113r uzraugiet su\u0146a baro\u0161anu. Nodro\u0161iniet pietiekamu daudzumu svaiga dzeram\u0101 \u016bdens. Nav piem\u0113rots cilv\u0113ku \u0113\u0161anai.  Piez\u012bme! Tas ir svara produkts un tiek iepakots atbilsto\u0161i ieg\u0101d\u0101tajam daudzumam \u2013 pap\u012br\u0101 vai pl\u0113v\u0113.\" \/>\n<meta property=\"og:url\" content=\"https:\/\/miumjau.ee\/lv\/produkts\/frigera-liellopa-auss-ar-spalvu-un-galu-2-gab\/\" \/>\n<meta property=\"og:site_name\" content=\"MiuMjau\" \/>\n<meta property=\"article:publisher\" content=\"https:\/\/www.facebook.com\/miumjaupood\/\" \/>\n<meta property=\"article:modified_time\" content=\"2026-01-07T19:18:52+00:00\" \/>\n<meta property=\"og:image\" content=\"https:\/\/miumjau.ee\/wp-content\/uploads\/2025\/05\/frigera-koerte-maius-veisekorvad-lihaga-ja-karvaga-25tk-Photoroom.webp\" \/>\n\t<meta property=\"og:image:width\" content=\"600\" \/>\n\t<meta property=\"og:image:height\" content=\"800\" \/>\n\t<meta property=\"og:image:type\" content=\"image\/webp\" \/>\n<meta name=\"twitter:card\" content=\"summary_large_image\" \/>\n<script type=\"application\/ld+json\" class=\"yoast-schema-graph\">{\"@context\":\"https:\/\/schema.org\",\"@graph\":[{\"@type\":\"WebPage\",\"@id\":\"https:\/\/miumjau.ee\/lv\/produkts\/frigera-liellopa-auss-ar-spalvu-un-galu-2-gab\/\",\"url\":\"https:\/\/miumjau.ee\/lv\/produkts\/frigera-liellopa-auss-ar-spalvu-un-galu-2-gab\/\",\"name\":\"Frigera liellopa auss ar spalvu un ga\u013cu, 2 gab. - MiuMjau\",\"isPartOf\":{\"@id\":\"https:\/\/miumjau.ee\/#website\"},\"primaryImageOfPage\":{\"@id\":\"https:\/\/miumjau.ee\/lv\/produkts\/frigera-liellopa-auss-ar-spalvu-un-galu-2-gab\/#primaryimage\"},\"image\":{\"@id\":\"https:\/\/miumjau.ee\/lv\/produkts\/frigera-liellopa-auss-ar-spalvu-un-galu-2-gab\/#primaryimage\"},\"thumbnailUrl\":\"https:\/\/miumjau.ee\/wp-content\/uploads\/2025\/05\/frigera-koerte-maius-veisekorvad-lihaga-ja-karvaga-25tk-Photoroom.webp\",\"datePublished\":\"2025-05-28T08:35:58+00:00\",\"dateModified\":\"2026-01-07T19:18:52+00:00\",\"breadcrumb\":{\"@id\":\"https:\/\/miumjau.ee\/lv\/produkts\/frigera-liellopa-auss-ar-spalvu-un-galu-2-gab\/#breadcrumb\"},\"inLanguage\":\"lv-LV\",\"potentialAction\":[{\"@type\":\"ReadAction\",\"target\":[\"https:\/\/miumjau.ee\/lv\/produkts\/frigera-liellopa-auss-ar-spalvu-un-galu-2-gab\/\"]}]},{\"@type\":\"ImageObject\",\"inLanguage\":\"lv-LV\",\"@id\":\"https:\/\/miumjau.ee\/lv\/produkts\/frigera-liellopa-auss-ar-spalvu-un-galu-2-gab\/#primaryimage\",\"url\":\"https:\/\/miumjau.ee\/wp-content\/uploads\/2025\/05\/frigera-koerte-maius-veisekorvad-lihaga-ja-karvaga-25tk-Photoroom.webp\",\"contentUrl\":\"https:\/\/miumjau.ee\/wp-content\/uploads\/2025\/05\/frigera-koerte-maius-veisekorvad-lihaga-ja-karvaga-25tk-Photoroom.webp\",\"width\":600,\"height\":800},{\"@type\":\"BreadcrumbList\",\"@id\":\"https:\/\/miumjau.ee\/lv\/produkts\/frigera-liellopa-auss-ar-spalvu-un-galu-2-gab\/#breadcrumb\",\"itemListElement\":[{\"@type\":\"ListItem\",\"position\":1,\"name\":\"Home\",\"item\":\"https:\/\/miumjau.ee\/lv\/\"},{\"@type\":\"ListItem\",\"position\":2,\"name\":\"Veikals\",\"item\":\"https:\/\/miumjau.ee\/lv\/veikals\/\"},{\"@type\":\"ListItem\",\"position\":3,\"name\":\"Frigera liellopa auss ar spalvu un ga\u013cu, 2 gab.\"}]},{\"@type\":\"WebSite\",\"@id\":\"https:\/\/miumjau.ee\/#website\",\"url\":\"https:\/\/miumjau.ee\/\",\"name\":\"MiuMjau\",\"description\":\"Kraapimispuud kassidele\",\"publisher\":{\"@id\":\"https:\/\/miumjau.ee\/#organization\"},\"potentialAction\":[{\"@type\":\"SearchAction\",\"target\":{\"@type\":\"EntryPoint\",\"urlTemplate\":\"https:\/\/miumjau.ee\/?s={search_term_string}\"},\"query-input\":{\"@type\":\"PropertyValueSpecification\",\"valueRequired\":true,\"valueName\":\"search_term_string\"}}],\"inLanguage\":\"lv-LV\"},{\"@type\":\"Organization\",\"@id\":\"https:\/\/miumjau.ee\/#organization\",\"name\":\"MiuMjau O\u00dc\",\"url\":\"https:\/\/miumjau.ee\/\",\"logo\":{\"@type\":\"ImageObject\",\"inLanguage\":\"lv-LV\",\"@id\":\"https:\/\/miumjau.ee\/#\/schema\/logo\/image\/\",\"url\":\"https:\/\/miumjau.ee\/wp-content\/uploads\/2022\/04\/MiuMjau-logo-kollane.png\",\"contentUrl\":\"https:\/\/miumjau.ee\/wp-content\/uploads\/2022\/04\/MiuMjau-logo-kollane.png\",\"width\":219,\"height\":100,\"caption\":\"MiuMjau O\u00dc\"},\"image\":{\"@id\":\"https:\/\/miumjau.ee\/#\/schema\/logo\/image\/\"},\"sameAs\":[\"https:\/\/www.facebook.com\/miumjaupood\/\"]}]}<\/script>\n<!-- \/ Yoast SEO plugin. -->","yoast_head_json":{"title":"Frigera liellopa auss ar spalvu un ga\u013cu, 2 gab. - MiuMjau","robots":{"index":"index","follow":"follow","max-snippet":"max-snippet:-1","max-image-preview":"max-image-preview:large","max-video-preview":"max-video-preview:-1"},"canonical":"https:\/\/miumjau.ee\/lv\/produkts\/frigera-liellopa-auss-ar-spalvu-un-galu-2-gab\/","og_locale":"lv_LV","og_type":"article","og_title":"Frigera liellopa auss ar spalvu un ga\u013cu, 2 gab. - MiuMjau","og_description":"Vai esi k\u0101 liel\u0101k\u0101 da\u013ca su\u0146u \u012bpa\u0161nieku un m\u012bli dot savam spalvainajam draugam na\u0161\u0137us? Tad, protams, v\u0113lies, lai tie b\u016btu vesel\u012bgi un barojo\u0161i. \u0160eit talk\u0101 n\u0101k m\u016bsu liellopa ausis ar spalvu!  M\u016bsu liellopa ausis ar spalvu gatavotas no lab\u0101kajiem Eiropas liellopiem. T\u0101m ir maz\u0101ks tauku saturs nek\u0101 c\u016bkga\u013cas aus\u012bm un t\u0101s ir daudz iztur\u012bg\u0101kas, padarot t\u0101s par lielisku alternat\u012bvu. Rezult\u0101ts \u2013 daudz ko\u0161\u013c\u0101\u0161anas prieka un lab\u0101ka gremo\u0161ana j\u016bsu sunim.  Tas ir patiesi lab\u0101kais no ab\u0101m pasaul\u0113m: iek\u0161\u0113j\u0101 auss satur ga\u013cu ar skrim\u0161\u013ciem un \u0101du. Dabiski bag\u0101ts ar glikozam\u012bnu un hondroit\u012bnu, kas atbalsta loc\u012btavu vesel\u012bbu. Turkl\u0101t satur v\u0113rt\u012bg\u0101s omega-3 tauksk\u0101bes un miner\u0101lvielas, piem\u0113ram, cinku un sel\u0113nu.  Un lab\u0101k\u0101 da\u013ca \u2013 spalva var pal\u012bdz\u0113t dab\u012bg\u0101 veid\u0101 att\u012br\u012bt su\u0146a zarnu traktu, atdarinot to, k\u0101 su\u0146i k\u0101dreiz med\u012bja un \u0113da dz\u012bvniekus ar spalvu un kauliem!  Liellopa ausis ar spalvu ir ide\u0101ls na\u0161\u0137is, kas t\u012bra, mas\u0113 un kopj su\u0146a zobus un smaganas.  Sast\u0101vs: 100% liellops  Anal\u012btiskais sast\u0101vs: Prote\u012bns: 78,1%, Tauki: 5%, Mitrums: 4,9%  Baro\u0161anas nor\u0101d\u012bjumi: Pied\u0101v\u0101jiet k\u0101 na\u0161\u0137i starp \u0113dienreiz\u0113m vai k\u0101 balvu sabalans\u0113ta uztura sast\u0101vda\u013cu. Vienm\u0113r uzraugiet su\u0146a baro\u0161anu. Nodro\u0161iniet pietiekamu daudzumu svaiga dzeram\u0101 \u016bdens. Nav piem\u0113rots cilv\u0113ku \u0113\u0161anai.  Piez\u012bme! Tas ir svara produkts un tiek iepakots atbilsto\u0161i ieg\u0101d\u0101tajam daudzumam \u2013 pap\u012br\u0101 vai pl\u0113v\u0113.","og_url":"https:\/\/miumjau.ee\/lv\/produkts\/frigera-liellopa-auss-ar-spalvu-un-galu-2-gab\/","og_site_name":"MiuMjau","article_publisher":"https:\/\/www.facebook.com\/miumjaupood\/","article_modified_time":"2026-01-07T19:18:52+00:00","og_image":[{"width":600,"height":800,"url":"https:\/\/miumjau.ee\/wp-content\/uploads\/2025\/05\/frigera-koerte-maius-veisekorvad-lihaga-ja-karvaga-25tk-Photoroom.webp","type":"image\/webp"}],"twitter_card":"summary_large_image","schema":{"@context":"https:\/\/schema.org","@graph":[{"@type":"WebPage","@id":"https:\/\/miumjau.ee\/lv\/produkts\/frigera-liellopa-auss-ar-spalvu-un-galu-2-gab\/","url":"https:\/\/miumjau.ee\/lv\/produkts\/frigera-liellopa-auss-ar-spalvu-un-galu-2-gab\/","name":"Frigera liellopa auss ar spalvu un ga\u013cu, 2 gab. - MiuMjau","isPartOf":{"@id":"https:\/\/miumjau.ee\/#website"},"primaryImageOfPage":{"@id":"https:\/\/miumjau.ee\/lv\/produkts\/frigera-liellopa-auss-ar-spalvu-un-galu-2-gab\/#primaryimage"},"image":{"@id":"https:\/\/miumjau.ee\/lv\/produkts\/frigera-liellopa-auss-ar-spalvu-un-galu-2-gab\/#primaryimage"},"thumbnailUrl":"https:\/\/miumjau.ee\/wp-content\/uploads\/2025\/05\/frigera-koerte-maius-veisekorvad-lihaga-ja-karvaga-25tk-Photoroom.webp","datePublished":"2025-05-28T08:35:58+00:00","dateModified":"2026-01-07T19:18:52+00:00","breadcrumb":{"@id":"https:\/\/miumjau.ee\/lv\/produkts\/frigera-liellopa-auss-ar-spalvu-un-galu-2-gab\/#breadcrumb"},"inLanguage":"lv-LV","potentialAction":[{"@type":"ReadAction","target":["https:\/\/miumjau.ee\/lv\/produkts\/frigera-liellopa-auss-ar-spalvu-un-galu-2-gab\/"]}]},{"@type":"ImageObject","inLanguage":"lv-LV","@id":"https:\/\/miumjau.ee\/lv\/produkts\/frigera-liellopa-auss-ar-spalvu-un-galu-2-gab\/#primaryimage","url":"https:\/\/miumjau.ee\/wp-content\/uploads\/2025\/05\/frigera-koerte-maius-veisekorvad-lihaga-ja-karvaga-25tk-Photoroom.webp","contentUrl":"https:\/\/miumjau.ee\/wp-content\/uploads\/2025\/05\/frigera-koerte-maius-veisekorvad-lihaga-ja-karvaga-25tk-Photoroom.webp","width":600,"height":800},{"@type":"BreadcrumbList","@id":"https:\/\/miumjau.ee\/lv\/produkts\/frigera-liellopa-auss-ar-spalvu-un-galu-2-gab\/#breadcrumb","itemListElement":[{"@type":"ListItem","position":1,"name":"Home","item":"https:\/\/miumjau.ee\/lv\/"},{"@type":"ListItem","position":2,"name":"Veikals","item":"https:\/\/miumjau.ee\/lv\/veikals\/"},{"@type":"ListItem","position":3,"name":"Frigera liellopa auss ar spalvu un ga\u013cu, 2 gab."}]},{"@type":"WebSite","@id":"https:\/\/miumjau.ee\/#website","url":"https:\/\/miumjau.ee\/","name":"MiuMjau","description":"Kraapimispuud kassidele","publisher":{"@id":"https:\/\/miumjau.ee\/#organization"},"potentialAction":[{"@type":"SearchAction","target":{"@type":"EntryPoint","urlTemplate":"https:\/\/miumjau.ee\/?s={search_term_string}"},"query-input":{"@type":"PropertyValueSpecification","valueRequired":true,"valueName":"search_term_string"}}],"inLanguage":"lv-LV"},{"@type":"Organization","@id":"https:\/\/miumjau.ee\/#organization","name":"MiuMjau O\u00dc","url":"https:\/\/miumjau.ee\/","logo":{"@type":"ImageObject","inLanguage":"lv-LV","@id":"https:\/\/miumjau.ee\/#\/schema\/logo\/image\/","url":"https:\/\/miumjau.ee\/wp-content\/uploads\/2022\/04\/MiuMjau-logo-kollane.png","contentUrl":"https:\/\/miumjau.ee\/wp-content\/uploads\/2022\/04\/MiuMjau-logo-kollane.png","width":219,"height":100,"caption":"MiuMjau O\u00dc"},"image":{"@id":"https:\/\/miumjau.ee\/#\/schema\/logo\/image\/"},"sameAs":["https:\/\/www.facebook.com\/miumjaupood\/"]}]}},"_links":{"self":[{"href":"https:\/\/miumjau.ee\/lv\/wp-json\/wp\/v2\/product\/48415","targetHints":{"allow":["GET"]}}],"collection":[{"href":"https:\/\/miumjau.ee\/lv\/wp-json\/wp\/v2\/product"}],"about":[{"href":"https:\/\/miumjau.ee\/lv\/wp-json\/wp\/v2\/types\/product"}],"wp:featuredmedia":[{"embeddable":true,"href":"https:\/\/miumjau.ee\/lv\/wp-json\/wp\/v2\/media\/48416"}],"wp:attachment":[{"href":"https:\/\/miumjau.ee\/lv\/wp-json\/wp\/v2\/media?parent=48415"}],"wp:term":[{"taxonomy":"product_brand","embeddable":true,"href":"https:\/\/miumjau.ee\/lv\/wp-json\/wp\/v2\/product_brand?post=48415"},{"taxonomy":"product_cat","embeddable":true,"href":"https:\/\/miumjau.ee\/lv\/wp-json\/wp\/v2\/product_cat?post=48415"},{"taxonomy":"product_tag","embeddable":true,"href":"https:\/\/miumjau.ee\/lv\/wp-json\/wp\/v2\/product_tag?post=48415"}],"curies":[{"name":"wp","href":"https:\/\/api.w.org\/{rel}","templated":true}]}}