{"id":48409,"date":"2025-05-28T11:53:22","date_gmt":"2025-05-28T08:53:22","guid":{"rendered":"https:\/\/miumjau.ee\/toode\/koslajamais-naskis-suniem-frigera-bully-wrap-1-gab\/"},"modified":"2026-01-07T21:18:52","modified_gmt":"2026-01-07T19:18:52","slug":"koslajamais-naskis-suniem-frigera-bully-wrap-1-gab","status":"publish","type":"product","link":"https:\/\/miumjau.ee\/lv\/produkts\/koslajamais-naskis-suniem-frigera-bully-wrap-1-gab\/","title":{"rendered":"Ko\u0161\u013c\u0101jamais na\u0161\u0137is su\u0146iem Frigera Bully Wrap 1 gab."},"content":{"rendered":"","protected":false},"excerpt":{"rendered":"<p>Vai esi noguris, ka savam spalvainajam draugam dod garlaic\u012bgus un apstr\u0101d\u0101tus ko\u0161\u013c\u0101jamus koci\u0146us? Tas laiks ir beidzies! friGERA liellopu Bully Wraps ir lab\u0101kais veids, k\u0101 palutin\u0101t savu m\u012b\u013co suni!<\/p>\n<p>M\u016bsu Bully Wraps ir gar\u0161\u012bgs na\u0161\u0137is, gatavots no maigi \u017e\u0101v\u0113tas br\u012bv\u012bb\u0101 audz\u0113tas liellopu ga\u013cas, kas paredz\u0113ta cilv\u0113ku uzturam. Dz\u012bvnieki tiek audz\u0113ti bez antibiotik\u0101m, steroidiem vai hormoniem \u2013 gandr\u012bz piln\u012bgi dab\u012bgi!<\/p>\n<p>\u0160is na\u0161\u0137is ir bag\u0101ts olbaltumviel\u0101m, satur dzelzi, cinku, magniju un B12 vitam\u012bnu, ta\u010du ir zemu tauku saturu \u2013 ide\u0101ls musku\u013cu atbalstam un svar\u012bgu bar\u012bbas vielu nodro\u0161in\u0101\u0161anai sunim.<\/p>\n<p>At\u0161\u0137ir\u012bb\u0101 no parastajiem ko\u0161\u013c\u0101jamiem na\u0161\u0137iem, m\u016bsu Bully Wraps ir maigas tekst\u016bras, bet tom\u0113r stingri, kas padara tos lieliskus su\u0146a zobu un smaganu kop\u0161anai vienlaikus. Neapmierinies ar garlaic\u012bgo \u2013 apbalvo savu suni ar \u0161o gardo na\u0161\u0137i!<\/p>\n<p>Piez\u012bme! Tas ir svara produkts un tiek iepakots atbilsto\u0161i ieg\u0101d\u0101tajam daudzumam \u2013 pap\u012br\u0101 vai pl\u0113v\u0113.<\/p>\n","protected":false},"featured_media":48410,"template":"","meta":[],"product_brand":[],"product_cat":[576],"product_tag":[],"class_list":{"0":"post-48409","1":"product","2":"type-product","3":"status-publish","4":"has-post-thumbnail","6":"product_cat-naski-suniem","8":"first","9":"instock","10":"taxable","11":"shipping-taxable","12":"purchasable","13":"product-type-simple"},"yoast_head":"<!-- This site is optimized with the Yoast SEO plugin v27.2 - https:\/\/yoast.com\/product\/yoast-seo-wordpress\/ -->\n<title>Ko\u0161\u013c\u0101jamais na\u0161\u0137is su\u0146iem Frigera Bully Wrap 1 gab. - MiuMjau<\/title>\n<meta name=\"robots\" content=\"index, follow, max-snippet:-1, max-image-preview:large, max-video-preview:-1\" \/>\n<link rel=\"canonical\" href=\"https:\/\/miumjau.ee\/lv\/produkts\/koslajamais-naskis-suniem-frigera-bully-wrap-1-gab\/\" \/>\n<meta property=\"og:locale\" content=\"lv_LV\" \/>\n<meta property=\"og:type\" content=\"article\" \/>\n<meta property=\"og:title\" content=\"Ko\u0161\u013c\u0101jamais na\u0161\u0137is su\u0146iem Frigera Bully Wrap 1 gab. - MiuMjau\" \/>\n<meta property=\"og:description\" content=\"Vai esi noguris, ka savam spalvainajam draugam dod garlaic\u012bgus un apstr\u0101d\u0101tus ko\u0161\u013c\u0101jamus koci\u0146us? Tas laiks ir beidzies! friGERA liellopu Bully Wraps ir lab\u0101kais veids, k\u0101 palutin\u0101t savu m\u012b\u013co suni!  M\u016bsu Bully Wraps ir gar\u0161\u012bgs na\u0161\u0137is, gatavots no maigi \u017e\u0101v\u0113tas br\u012bv\u012bb\u0101 audz\u0113tas liellopu ga\u013cas, kas paredz\u0113ta cilv\u0113ku uzturam. Dz\u012bvnieki tiek audz\u0113ti bez antibiotik\u0101m, steroidiem vai hormoniem \u2013 gandr\u012bz piln\u012bgi dab\u012bgi!  \u0160is na\u0161\u0137is ir bag\u0101ts olbaltumviel\u0101m, satur dzelzi, cinku, magniju un B12 vitam\u012bnu, ta\u010du ir zemu tauku saturu \u2013 ide\u0101ls musku\u013cu atbalstam un svar\u012bgu bar\u012bbas vielu nodro\u0161in\u0101\u0161anai sunim.  At\u0161\u0137ir\u012bb\u0101 no parastajiem ko\u0161\u013c\u0101jamiem na\u0161\u0137iem, m\u016bsu Bully Wraps ir maigas tekst\u016bras, bet tom\u0113r stingri, kas padara tos lieliskus su\u0146a zobu un smaganu kop\u0161anai vienlaikus. Neapmierinies ar garlaic\u012bgo \u2013 apbalvo savu suni ar \u0161o gardo na\u0161\u0137i!  Piez\u012bme! Tas ir svara produkts un tiek iepakots atbilsto\u0161i ieg\u0101d\u0101tajam daudzumam \u2013 pap\u012br\u0101 vai pl\u0113v\u0113.\" \/>\n<meta property=\"og:url\" content=\"https:\/\/miumjau.ee\/lv\/produkts\/koslajamais-naskis-suniem-frigera-bully-wrap-1-gab\/\" \/>\n<meta property=\"og:site_name\" content=\"MiuMjau\" \/>\n<meta property=\"article:publisher\" content=\"https:\/\/www.facebook.com\/miumjaupood\/\" \/>\n<meta property=\"article:modified_time\" content=\"2026-01-07T19:18:52+00:00\" \/>\n<meta property=\"og:image\" content=\"https:\/\/miumjau.ee\/wp-content\/uploads\/2025\/05\/frigera-pullipeenise-torud-35tk-Photoroom.webp\" \/>\n\t<meta property=\"og:image:width\" content=\"600\" \/>\n\t<meta property=\"og:image:height\" content=\"800\" \/>\n\t<meta property=\"og:image:type\" content=\"image\/webp\" \/>\n<meta name=\"twitter:card\" content=\"summary_large_image\" \/>\n<script type=\"application\/ld+json\" class=\"yoast-schema-graph\">{\"@context\":\"https:\/\/schema.org\",\"@graph\":[{\"@type\":\"WebPage\",\"@id\":\"https:\/\/miumjau.ee\/lv\/produkts\/koslajamais-naskis-suniem-frigera-bully-wrap-1-gab\/\",\"url\":\"https:\/\/miumjau.ee\/lv\/produkts\/koslajamais-naskis-suniem-frigera-bully-wrap-1-gab\/\",\"name\":\"Ko\u0161\u013c\u0101jamais na\u0161\u0137is su\u0146iem Frigera Bully Wrap 1 gab. - MiuMjau\",\"isPartOf\":{\"@id\":\"https:\/\/miumjau.ee\/#website\"},\"primaryImageOfPage\":{\"@id\":\"https:\/\/miumjau.ee\/lv\/produkts\/koslajamais-naskis-suniem-frigera-bully-wrap-1-gab\/#primaryimage\"},\"image\":{\"@id\":\"https:\/\/miumjau.ee\/lv\/produkts\/koslajamais-naskis-suniem-frigera-bully-wrap-1-gab\/#primaryimage\"},\"thumbnailUrl\":\"https:\/\/miumjau.ee\/wp-content\/uploads\/2025\/05\/frigera-pullipeenise-torud-35tk-Photoroom.webp\",\"datePublished\":\"2025-05-28T08:53:22+00:00\",\"dateModified\":\"2026-01-07T19:18:52+00:00\",\"breadcrumb\":{\"@id\":\"https:\/\/miumjau.ee\/lv\/produkts\/koslajamais-naskis-suniem-frigera-bully-wrap-1-gab\/#breadcrumb\"},\"inLanguage\":\"lv-LV\",\"potentialAction\":[{\"@type\":\"ReadAction\",\"target\":[\"https:\/\/miumjau.ee\/lv\/produkts\/koslajamais-naskis-suniem-frigera-bully-wrap-1-gab\/\"]}]},{\"@type\":\"ImageObject\",\"inLanguage\":\"lv-LV\",\"@id\":\"https:\/\/miumjau.ee\/lv\/produkts\/koslajamais-naskis-suniem-frigera-bully-wrap-1-gab\/#primaryimage\",\"url\":\"https:\/\/miumjau.ee\/wp-content\/uploads\/2025\/05\/frigera-pullipeenise-torud-35tk-Photoroom.webp\",\"contentUrl\":\"https:\/\/miumjau.ee\/wp-content\/uploads\/2025\/05\/frigera-pullipeenise-torud-35tk-Photoroom.webp\",\"width\":600,\"height\":800},{\"@type\":\"BreadcrumbList\",\"@id\":\"https:\/\/miumjau.ee\/lv\/produkts\/koslajamais-naskis-suniem-frigera-bully-wrap-1-gab\/#breadcrumb\",\"itemListElement\":[{\"@type\":\"ListItem\",\"position\":1,\"name\":\"Home\",\"item\":\"https:\/\/miumjau.ee\/lv\/\"},{\"@type\":\"ListItem\",\"position\":2,\"name\":\"Veikals\",\"item\":\"https:\/\/miumjau.ee\/lv\/veikals\/\"},{\"@type\":\"ListItem\",\"position\":3,\"name\":\"Ko\u0161\u013c\u0101jamais na\u0161\u0137is su\u0146iem Frigera Bully Wrap 1 gab.\"}]},{\"@type\":\"WebSite\",\"@id\":\"https:\/\/miumjau.ee\/#website\",\"url\":\"https:\/\/miumjau.ee\/\",\"name\":\"MiuMjau\",\"description\":\"Kraapimispuud kassidele\",\"publisher\":{\"@id\":\"https:\/\/miumjau.ee\/#organization\"},\"potentialAction\":[{\"@type\":\"SearchAction\",\"target\":{\"@type\":\"EntryPoint\",\"urlTemplate\":\"https:\/\/miumjau.ee\/?s={search_term_string}\"},\"query-input\":{\"@type\":\"PropertyValueSpecification\",\"valueRequired\":true,\"valueName\":\"search_term_string\"}}],\"inLanguage\":\"lv-LV\"},{\"@type\":\"Organization\",\"@id\":\"https:\/\/miumjau.ee\/#organization\",\"name\":\"MiuMjau O\u00dc\",\"url\":\"https:\/\/miumjau.ee\/\",\"logo\":{\"@type\":\"ImageObject\",\"inLanguage\":\"lv-LV\",\"@id\":\"https:\/\/miumjau.ee\/#\/schema\/logo\/image\/\",\"url\":\"https:\/\/miumjau.ee\/wp-content\/uploads\/2022\/04\/MiuMjau-logo-kollane.png\",\"contentUrl\":\"https:\/\/miumjau.ee\/wp-content\/uploads\/2022\/04\/MiuMjau-logo-kollane.png\",\"width\":219,\"height\":100,\"caption\":\"MiuMjau O\u00dc\"},\"image\":{\"@id\":\"https:\/\/miumjau.ee\/#\/schema\/logo\/image\/\"},\"sameAs\":[\"https:\/\/www.facebook.com\/miumjaupood\/\"]}]}<\/script>\n<!-- \/ Yoast SEO plugin. -->","yoast_head_json":{"title":"Ko\u0161\u013c\u0101jamais na\u0161\u0137is su\u0146iem Frigera Bully Wrap 1 gab. - MiuMjau","robots":{"index":"index","follow":"follow","max-snippet":"max-snippet:-1","max-image-preview":"max-image-preview:large","max-video-preview":"max-video-preview:-1"},"canonical":"https:\/\/miumjau.ee\/lv\/produkts\/koslajamais-naskis-suniem-frigera-bully-wrap-1-gab\/","og_locale":"lv_LV","og_type":"article","og_title":"Ko\u0161\u013c\u0101jamais na\u0161\u0137is su\u0146iem Frigera Bully Wrap 1 gab. - MiuMjau","og_description":"Vai esi noguris, ka savam spalvainajam draugam dod garlaic\u012bgus un apstr\u0101d\u0101tus ko\u0161\u013c\u0101jamus koci\u0146us? Tas laiks ir beidzies! friGERA liellopu Bully Wraps ir lab\u0101kais veids, k\u0101 palutin\u0101t savu m\u012b\u013co suni!  M\u016bsu Bully Wraps ir gar\u0161\u012bgs na\u0161\u0137is, gatavots no maigi \u017e\u0101v\u0113tas br\u012bv\u012bb\u0101 audz\u0113tas liellopu ga\u013cas, kas paredz\u0113ta cilv\u0113ku uzturam. Dz\u012bvnieki tiek audz\u0113ti bez antibiotik\u0101m, steroidiem vai hormoniem \u2013 gandr\u012bz piln\u012bgi dab\u012bgi!  \u0160is na\u0161\u0137is ir bag\u0101ts olbaltumviel\u0101m, satur dzelzi, cinku, magniju un B12 vitam\u012bnu, ta\u010du ir zemu tauku saturu \u2013 ide\u0101ls musku\u013cu atbalstam un svar\u012bgu bar\u012bbas vielu nodro\u0161in\u0101\u0161anai sunim.  At\u0161\u0137ir\u012bb\u0101 no parastajiem ko\u0161\u013c\u0101jamiem na\u0161\u0137iem, m\u016bsu Bully Wraps ir maigas tekst\u016bras, bet tom\u0113r stingri, kas padara tos lieliskus su\u0146a zobu un smaganu kop\u0161anai vienlaikus. Neapmierinies ar garlaic\u012bgo \u2013 apbalvo savu suni ar \u0161o gardo na\u0161\u0137i!  Piez\u012bme! Tas ir svara produkts un tiek iepakots atbilsto\u0161i ieg\u0101d\u0101tajam daudzumam \u2013 pap\u012br\u0101 vai pl\u0113v\u0113.","og_url":"https:\/\/miumjau.ee\/lv\/produkts\/koslajamais-naskis-suniem-frigera-bully-wrap-1-gab\/","og_site_name":"MiuMjau","article_publisher":"https:\/\/www.facebook.com\/miumjaupood\/","article_modified_time":"2026-01-07T19:18:52+00:00","og_image":[{"width":600,"height":800,"url":"https:\/\/miumjau.ee\/wp-content\/uploads\/2025\/05\/frigera-pullipeenise-torud-35tk-Photoroom.webp","type":"image\/webp"}],"twitter_card":"summary_large_image","schema":{"@context":"https:\/\/schema.org","@graph":[{"@type":"WebPage","@id":"https:\/\/miumjau.ee\/lv\/produkts\/koslajamais-naskis-suniem-frigera-bully-wrap-1-gab\/","url":"https:\/\/miumjau.ee\/lv\/produkts\/koslajamais-naskis-suniem-frigera-bully-wrap-1-gab\/","name":"Ko\u0161\u013c\u0101jamais na\u0161\u0137is su\u0146iem Frigera Bully Wrap 1 gab. - MiuMjau","isPartOf":{"@id":"https:\/\/miumjau.ee\/#website"},"primaryImageOfPage":{"@id":"https:\/\/miumjau.ee\/lv\/produkts\/koslajamais-naskis-suniem-frigera-bully-wrap-1-gab\/#primaryimage"},"image":{"@id":"https:\/\/miumjau.ee\/lv\/produkts\/koslajamais-naskis-suniem-frigera-bully-wrap-1-gab\/#primaryimage"},"thumbnailUrl":"https:\/\/miumjau.ee\/wp-content\/uploads\/2025\/05\/frigera-pullipeenise-torud-35tk-Photoroom.webp","datePublished":"2025-05-28T08:53:22+00:00","dateModified":"2026-01-07T19:18:52+00:00","breadcrumb":{"@id":"https:\/\/miumjau.ee\/lv\/produkts\/koslajamais-naskis-suniem-frigera-bully-wrap-1-gab\/#breadcrumb"},"inLanguage":"lv-LV","potentialAction":[{"@type":"ReadAction","target":["https:\/\/miumjau.ee\/lv\/produkts\/koslajamais-naskis-suniem-frigera-bully-wrap-1-gab\/"]}]},{"@type":"ImageObject","inLanguage":"lv-LV","@id":"https:\/\/miumjau.ee\/lv\/produkts\/koslajamais-naskis-suniem-frigera-bully-wrap-1-gab\/#primaryimage","url":"https:\/\/miumjau.ee\/wp-content\/uploads\/2025\/05\/frigera-pullipeenise-torud-35tk-Photoroom.webp","contentUrl":"https:\/\/miumjau.ee\/wp-content\/uploads\/2025\/05\/frigera-pullipeenise-torud-35tk-Photoroom.webp","width":600,"height":800},{"@type":"BreadcrumbList","@id":"https:\/\/miumjau.ee\/lv\/produkts\/koslajamais-naskis-suniem-frigera-bully-wrap-1-gab\/#breadcrumb","itemListElement":[{"@type":"ListItem","position":1,"name":"Home","item":"https:\/\/miumjau.ee\/lv\/"},{"@type":"ListItem","position":2,"name":"Veikals","item":"https:\/\/miumjau.ee\/lv\/veikals\/"},{"@type":"ListItem","position":3,"name":"Ko\u0161\u013c\u0101jamais na\u0161\u0137is su\u0146iem Frigera Bully Wrap 1 gab."}]},{"@type":"WebSite","@id":"https:\/\/miumjau.ee\/#website","url":"https:\/\/miumjau.ee\/","name":"MiuMjau","description":"Kraapimispuud kassidele","publisher":{"@id":"https:\/\/miumjau.ee\/#organization"},"potentialAction":[{"@type":"SearchAction","target":{"@type":"EntryPoint","urlTemplate":"https:\/\/miumjau.ee\/?s={search_term_string}"},"query-input":{"@type":"PropertyValueSpecification","valueRequired":true,"valueName":"search_term_string"}}],"inLanguage":"lv-LV"},{"@type":"Organization","@id":"https:\/\/miumjau.ee\/#organization","name":"MiuMjau O\u00dc","url":"https:\/\/miumjau.ee\/","logo":{"@type":"ImageObject","inLanguage":"lv-LV","@id":"https:\/\/miumjau.ee\/#\/schema\/logo\/image\/","url":"https:\/\/miumjau.ee\/wp-content\/uploads\/2022\/04\/MiuMjau-logo-kollane.png","contentUrl":"https:\/\/miumjau.ee\/wp-content\/uploads\/2022\/04\/MiuMjau-logo-kollane.png","width":219,"height":100,"caption":"MiuMjau O\u00dc"},"image":{"@id":"https:\/\/miumjau.ee\/#\/schema\/logo\/image\/"},"sameAs":["https:\/\/www.facebook.com\/miumjaupood\/"]}]}},"_links":{"self":[{"href":"https:\/\/miumjau.ee\/lv\/wp-json\/wp\/v2\/product\/48409","targetHints":{"allow":["GET"]}}],"collection":[{"href":"https:\/\/miumjau.ee\/lv\/wp-json\/wp\/v2\/product"}],"about":[{"href":"https:\/\/miumjau.ee\/lv\/wp-json\/wp\/v2\/types\/product"}],"wp:featuredmedia":[{"embeddable":true,"href":"https:\/\/miumjau.ee\/lv\/wp-json\/wp\/v2\/media\/48410"}],"wp:attachment":[{"href":"https:\/\/miumjau.ee\/lv\/wp-json\/wp\/v2\/media?parent=48409"}],"wp:term":[{"taxonomy":"product_brand","embeddable":true,"href":"https:\/\/miumjau.ee\/lv\/wp-json\/wp\/v2\/product_brand?post=48409"},{"taxonomy":"product_cat","embeddable":true,"href":"https:\/\/miumjau.ee\/lv\/wp-json\/wp\/v2\/product_cat?post=48409"},{"taxonomy":"product_tag","embeddable":true,"href":"https:\/\/miumjau.ee\/lv\/wp-json\/wp\/v2\/product_tag?post=48409"}],"curies":[{"name":"wp","href":"https:\/\/api.w.org\/{rel}","templated":true}]}}