{"id":48397,"date":"2025-05-28T12:15:09","date_gmt":"2025-05-28T09:15:09","guid":{"rendered":"https:\/\/miumjau.ee\/toode\/koslajamais-naskis-frigera-himalaju-siers-no-jaku-un-govs-piena-m-70-90-g\/"},"modified":"2026-01-07T21:18:52","modified_gmt":"2026-01-07T19:18:52","slug":"koslajamais-naskis-frigera-himalaju-siers-no-jaku-un-govs-piena-m-70-90-g","status":"publish","type":"product","link":"https:\/\/miumjau.ee\/lv\/produkts\/koslajamais-naskis-frigera-himalaju-siers-no-jaku-un-govs-piena-m-70-90-g\/","title":{"rendered":"Ko\u0161\u013c\u0101jamais na\u0161\u0137is Frigera \u201cHimalaju siers\u201d no jaku un govs piena M (70\u201390 g)"},"content":{"rendered":"","protected":false},"excerpt":{"rendered":"<p data-start=\"2994\" data-end=\"3179\">Vai v\u0113lies savam m\u012b\u013cajam \u010detrk\u0101jainajam draugam pied\u0101v\u0101t ko tradicion\u0101lu un ar rok\u0101m gatavotu no pasaules otras malas? Tad mekl\u0113jumi ir gal\u0101 \u2013 friGERA jaku piena siers ir ide\u0101la izv\u0113le!<\/p>\n<p data-start=\"3181\" data-end=\"3423\">\u0160is unik\u0101lais un hipoaler\u0123iskais na\u0161\u0137is tiek gatavots ar rok\u0101m Himalaju re\u0123iona viet\u0113jo zemnieku vid\u016b, izmantojot tradicion\u0101las metodes. Gandr\u012bz bez laktozes eso\u0161ais siers tiek gatavots no pani\u0146\u0101m, izspie\u017eot \u016bdeni un \u017e\u0101v\u0113jot zem\u0101 temperat\u016br\u0101.<\/p>\n<p data-start=\"3425\" data-end=\"3640\">Tas ir liesais (0 trans-tauksk\u0101bes!) un \u013coti olbaltumviel\u0101m bag\u0101ts produkts, kas satur daudz kaze\u012bna, magnija, kalcija un antioksidantu, padarot to par daudz vesel\u012bg\u0101ku alternat\u012bvu parastajiem ko\u0161\u013c\u0101jamajiem na\u0161\u0137iem.<\/p>\n<p data-start=\"3642\" data-end=\"3662\">Un tas v\u0113l nav viss!<\/p>\n<p data-start=\"3664\" data-end=\"3839\">\u2714\ufe0f Bez m\u0101ksl\u012bg\u0101m kr\u0101sviel\u0101m, aromatiz\u0113t\u0101jiem un konservantiem<br data-start=\"3725\" data-end=\"3728\" \/>\u2714\ufe0f Bag\u0101ts omega-3 avots \u2013 atbalsta \u0101das un apmatojuma vesel\u012bbu<br data-start=\"3790\" data-end=\"3793\" \/>\u2714\ufe0f Dabisks probioti\u0137is, kas uzlabo gremo\u0161anu<\/p>\n<p data-start=\"3841\" data-end=\"4063\">T\u0101 k\u0101 sunim nepiecie\u0161ams ilgs laiks, lai sieru sako\u0161\u013c\u0101tu un m\u012bkstin\u0101tu, tas ir lieliski piem\u0113rots zobu kop\u0161anai un nodro\u0161ina ilgsto\u0161u nodarbin\u0101t\u012bbu. M\u016bsu kl\u0101st\u0101 ir jaku piena siers da\u017e\u0101dos izm\u0113ros \u2013 katram sunim piem\u0113rots!<\/p>\n<p data-start=\"4065\" data-end=\"4207\">\ud83d\udca1 <strong data-start=\"4068\" data-end=\"4079\">Padoms:<\/strong> ja p\u0113c ko\u0161\u013c\u0101\u0161anas paliek mazs gabali\u0146\u0161, ieliec to mikrovi\u013c\u0146u kr\u0101sn\u012b uz 30\u201345 sekund\u0113m \u2013 tas p\u0101rv\u0113rt\u012bsies krauk\u0161\u0137\u012bg\u0101 \u201cpopkorn\u0101\u201d!<\/p>\n","protected":false},"featured_media":48398,"template":"","meta":[],"product_brand":[],"product_cat":[576],"product_tag":[],"class_list":{"0":"post-48397","1":"product","2":"type-product","3":"status-publish","4":"has-post-thumbnail","6":"product_cat-naski-suniem","8":"first","9":"instock","10":"sale","11":"taxable","12":"shipping-taxable","13":"purchasable","14":"product-type-simple"},"yoast_head":"<!-- This site is optimized with the Yoast SEO plugin v27.4 - https:\/\/yoast.com\/product\/yoast-seo-wordpress\/ -->\n<title>Ko\u0161\u013c\u0101jamais na\u0161\u0137is Frigera \u201cHimalaju siers\u201d no jaku un govs piena M (70\u201390 g) - MiuMjau<\/title>\n<meta name=\"robots\" content=\"index, follow, max-snippet:-1, max-image-preview:large, max-video-preview:-1\" \/>\n<link rel=\"canonical\" href=\"https:\/\/miumjau.ee\/lv\/produkts\/koslajamais-naskis-frigera-himalaju-siers-no-jaku-un-govs-piena-m-70-90-g\/\" \/>\n<meta property=\"og:locale\" content=\"lv_LV\" \/>\n<meta property=\"og:type\" content=\"article\" \/>\n<meta property=\"og:title\" content=\"Ko\u0161\u013c\u0101jamais na\u0161\u0137is Frigera \u201cHimalaju siers\u201d no jaku un govs piena M (70\u201390 g) - MiuMjau\" \/>\n<meta property=\"og:description\" content=\"Vai v\u0113lies savam m\u012b\u013cajam \u010detrk\u0101jainajam draugam pied\u0101v\u0101t ko tradicion\u0101lu un ar rok\u0101m gatavotu no pasaules otras malas? Tad mekl\u0113jumi ir gal\u0101 \u2013 friGERA jaku piena siers ir ide\u0101la izv\u0113le! \u0160is unik\u0101lais un hipoaler\u0123iskais na\u0161\u0137is tiek gatavots ar rok\u0101m Himalaju re\u0123iona viet\u0113jo zemnieku vid\u016b, izmantojot tradicion\u0101las metodes. Gandr\u012bz bez laktozes eso\u0161ais siers tiek gatavots no pani\u0146\u0101m, izspie\u017eot \u016bdeni un \u017e\u0101v\u0113jot zem\u0101 temperat\u016br\u0101. Tas ir liesais (0 trans-tauksk\u0101bes!) un \u013coti olbaltumviel\u0101m bag\u0101ts produkts, kas satur daudz kaze\u012bna, magnija, kalcija un antioksidantu, padarot to par daudz vesel\u012bg\u0101ku alternat\u012bvu parastajiem ko\u0161\u013c\u0101jamajiem na\u0161\u0137iem. Un tas v\u0113l nav viss! \u2714\ufe0f Bez m\u0101ksl\u012bg\u0101m kr\u0101sviel\u0101m, aromatiz\u0113t\u0101jiem un konservantiem\u2714\ufe0f Bag\u0101ts omega-3 avots \u2013 atbalsta \u0101das un apmatojuma vesel\u012bbu\u2714\ufe0f Dabisks probioti\u0137is, kas uzlabo gremo\u0161anu T\u0101 k\u0101 sunim nepiecie\u0161ams ilgs laiks, lai sieru sako\u0161\u013c\u0101tu un m\u012bkstin\u0101tu, tas ir lieliski piem\u0113rots zobu kop\u0161anai un nodro\u0161ina ilgsto\u0161u nodarbin\u0101t\u012bbu. M\u016bsu kl\u0101st\u0101 ir jaku piena siers da\u017e\u0101dos izm\u0113ros \u2013 katram sunim piem\u0113rots! \ud83d\udca1 Padoms: ja p\u0113c ko\u0161\u013c\u0101\u0161anas paliek mazs gabali\u0146\u0161, ieliec to mikrovi\u013c\u0146u kr\u0101sn\u012b uz 30\u201345 sekund\u0113m \u2013 tas p\u0101rv\u0113rt\u012bsies krauk\u0161\u0137\u012bg\u0101 \u201cpopkorn\u0101\u201d!\" \/>\n<meta property=\"og:url\" content=\"https:\/\/miumjau.ee\/lv\/produkts\/koslajamais-naskis-frigera-himalaju-siers-no-jaku-un-govs-piena-m-70-90-g\/\" \/>\n<meta property=\"og:site_name\" content=\"MiuMjau\" \/>\n<meta property=\"article:publisher\" content=\"https:\/\/www.facebook.com\/miumjaupood\/\" \/>\n<meta property=\"article:modified_time\" content=\"2026-01-07T19:18:52+00:00\" \/>\n<meta property=\"og:image\" content=\"https:\/\/miumjau.ee\/wp-content\/uploads\/2025\/05\/frigera-jakijuustu-pulk-m-Photoroom.webp\" \/>\n\t<meta property=\"og:image:width\" content=\"600\" \/>\n\t<meta property=\"og:image:height\" content=\"800\" \/>\n\t<meta property=\"og:image:type\" content=\"image\/webp\" \/>\n<meta name=\"twitter:card\" content=\"summary_large_image\" \/>\n<script type=\"application\/ld+json\" class=\"yoast-schema-graph\">{\"@context\":\"https:\\\/\\\/schema.org\",\"@graph\":[{\"@type\":\"WebPage\",\"@id\":\"https:\\\/\\\/miumjau.ee\\\/lv\\\/produkts\\\/koslajamais-naskis-frigera-himalaju-siers-no-jaku-un-govs-piena-m-70-90-g\\\/\",\"url\":\"https:\\\/\\\/miumjau.ee\\\/lv\\\/produkts\\\/koslajamais-naskis-frigera-himalaju-siers-no-jaku-un-govs-piena-m-70-90-g\\\/\",\"name\":\"Ko\u0161\u013c\u0101jamais na\u0161\u0137is Frigera \u201cHimalaju siers\u201d no jaku un govs piena M (70\u201390 g) - MiuMjau\",\"isPartOf\":{\"@id\":\"https:\\\/\\\/miumjau.ee\\\/#website\"},\"primaryImageOfPage\":{\"@id\":\"https:\\\/\\\/miumjau.ee\\\/lv\\\/produkts\\\/koslajamais-naskis-frigera-himalaju-siers-no-jaku-un-govs-piena-m-70-90-g\\\/#primaryimage\"},\"image\":{\"@id\":\"https:\\\/\\\/miumjau.ee\\\/lv\\\/produkts\\\/koslajamais-naskis-frigera-himalaju-siers-no-jaku-un-govs-piena-m-70-90-g\\\/#primaryimage\"},\"thumbnailUrl\":\"https:\\\/\\\/miumjau.ee\\\/wp-content\\\/uploads\\\/2025\\\/05\\\/frigera-jakijuustu-pulk-m-Photoroom.webp\",\"datePublished\":\"2025-05-28T09:15:09+00:00\",\"dateModified\":\"2026-01-07T19:18:52+00:00\",\"breadcrumb\":{\"@id\":\"https:\\\/\\\/miumjau.ee\\\/lv\\\/produkts\\\/koslajamais-naskis-frigera-himalaju-siers-no-jaku-un-govs-piena-m-70-90-g\\\/#breadcrumb\"},\"inLanguage\":\"lv-LV\",\"potentialAction\":[{\"@type\":\"ReadAction\",\"target\":[\"https:\\\/\\\/miumjau.ee\\\/lv\\\/produkts\\\/koslajamais-naskis-frigera-himalaju-siers-no-jaku-un-govs-piena-m-70-90-g\\\/\"]}]},{\"@type\":\"ImageObject\",\"inLanguage\":\"lv-LV\",\"@id\":\"https:\\\/\\\/miumjau.ee\\\/lv\\\/produkts\\\/koslajamais-naskis-frigera-himalaju-siers-no-jaku-un-govs-piena-m-70-90-g\\\/#primaryimage\",\"url\":\"https:\\\/\\\/miumjau.ee\\\/wp-content\\\/uploads\\\/2025\\\/05\\\/frigera-jakijuustu-pulk-m-Photoroom.webp\",\"contentUrl\":\"https:\\\/\\\/miumjau.ee\\\/wp-content\\\/uploads\\\/2025\\\/05\\\/frigera-jakijuustu-pulk-m-Photoroom.webp\",\"width\":600,\"height\":800},{\"@type\":\"BreadcrumbList\",\"@id\":\"https:\\\/\\\/miumjau.ee\\\/lv\\\/produkts\\\/koslajamais-naskis-frigera-himalaju-siers-no-jaku-un-govs-piena-m-70-90-g\\\/#breadcrumb\",\"itemListElement\":[{\"@type\":\"ListItem\",\"position\":1,\"name\":\"Home\",\"item\":\"https:\\\/\\\/miumjau.ee\\\/lv\\\/\"},{\"@type\":\"ListItem\",\"position\":2,\"name\":\"Veikals\",\"item\":\"https:\\\/\\\/miumjau.ee\\\/lv\\\/veikals\\\/\"},{\"@type\":\"ListItem\",\"position\":3,\"name\":\"Ko\u0161\u013c\u0101jamais na\u0161\u0137is Frigera \u201cHimalaju siers\u201d no jaku un govs piena M (70\u201390 g)\"}]},{\"@type\":\"WebSite\",\"@id\":\"https:\\\/\\\/miumjau.ee\\\/#website\",\"url\":\"https:\\\/\\\/miumjau.ee\\\/\",\"name\":\"MiuMjau\",\"description\":\"Kraapimispuud kassidele\",\"publisher\":{\"@id\":\"https:\\\/\\\/miumjau.ee\\\/#organization\"},\"potentialAction\":[{\"@type\":\"SearchAction\",\"target\":{\"@type\":\"EntryPoint\",\"urlTemplate\":\"https:\\\/\\\/miumjau.ee\\\/?s={search_term_string}\"},\"query-input\":{\"@type\":\"PropertyValueSpecification\",\"valueRequired\":true,\"valueName\":\"search_term_string\"}}],\"inLanguage\":\"lv-LV\"},{\"@type\":\"Organization\",\"@id\":\"https:\\\/\\\/miumjau.ee\\\/#organization\",\"name\":\"MiuMjau O\u00dc\",\"url\":\"https:\\\/\\\/miumjau.ee\\\/\",\"logo\":{\"@type\":\"ImageObject\",\"inLanguage\":\"lv-LV\",\"@id\":\"https:\\\/\\\/miumjau.ee\\\/#\\\/schema\\\/logo\\\/image\\\/\",\"url\":\"https:\\\/\\\/miumjau.ee\\\/wp-content\\\/uploads\\\/2022\\\/04\\\/MiuMjau-logo-kollane.png\",\"contentUrl\":\"https:\\\/\\\/miumjau.ee\\\/wp-content\\\/uploads\\\/2022\\\/04\\\/MiuMjau-logo-kollane.png\",\"width\":219,\"height\":100,\"caption\":\"MiuMjau O\u00dc\"},\"image\":{\"@id\":\"https:\\\/\\\/miumjau.ee\\\/#\\\/schema\\\/logo\\\/image\\\/\"},\"sameAs\":[\"https:\\\/\\\/www.facebook.com\\\/miumjaupood\\\/\"]}]}<\/script>\n<!-- \/ Yoast SEO plugin. -->","yoast_head_json":{"title":"Ko\u0161\u013c\u0101jamais na\u0161\u0137is Frigera \u201cHimalaju siers\u201d no jaku un govs piena M (70\u201390 g) - MiuMjau","robots":{"index":"index","follow":"follow","max-snippet":"max-snippet:-1","max-image-preview":"max-image-preview:large","max-video-preview":"max-video-preview:-1"},"canonical":"https:\/\/miumjau.ee\/lv\/produkts\/koslajamais-naskis-frigera-himalaju-siers-no-jaku-un-govs-piena-m-70-90-g\/","og_locale":"lv_LV","og_type":"article","og_title":"Ko\u0161\u013c\u0101jamais na\u0161\u0137is Frigera \u201cHimalaju siers\u201d no jaku un govs piena M (70\u201390 g) - MiuMjau","og_description":"Vai v\u0113lies savam m\u012b\u013cajam \u010detrk\u0101jainajam draugam pied\u0101v\u0101t ko tradicion\u0101lu un ar rok\u0101m gatavotu no pasaules otras malas? Tad mekl\u0113jumi ir gal\u0101 \u2013 friGERA jaku piena siers ir ide\u0101la izv\u0113le! \u0160is unik\u0101lais un hipoaler\u0123iskais na\u0161\u0137is tiek gatavots ar rok\u0101m Himalaju re\u0123iona viet\u0113jo zemnieku vid\u016b, izmantojot tradicion\u0101las metodes. Gandr\u012bz bez laktozes eso\u0161ais siers tiek gatavots no pani\u0146\u0101m, izspie\u017eot \u016bdeni un \u017e\u0101v\u0113jot zem\u0101 temperat\u016br\u0101. Tas ir liesais (0 trans-tauksk\u0101bes!) un \u013coti olbaltumviel\u0101m bag\u0101ts produkts, kas satur daudz kaze\u012bna, magnija, kalcija un antioksidantu, padarot to par daudz vesel\u012bg\u0101ku alternat\u012bvu parastajiem ko\u0161\u013c\u0101jamajiem na\u0161\u0137iem. Un tas v\u0113l nav viss! \u2714\ufe0f Bez m\u0101ksl\u012bg\u0101m kr\u0101sviel\u0101m, aromatiz\u0113t\u0101jiem un konservantiem\u2714\ufe0f Bag\u0101ts omega-3 avots \u2013 atbalsta \u0101das un apmatojuma vesel\u012bbu\u2714\ufe0f Dabisks probioti\u0137is, kas uzlabo gremo\u0161anu T\u0101 k\u0101 sunim nepiecie\u0161ams ilgs laiks, lai sieru sako\u0161\u013c\u0101tu un m\u012bkstin\u0101tu, tas ir lieliski piem\u0113rots zobu kop\u0161anai un nodro\u0161ina ilgsto\u0161u nodarbin\u0101t\u012bbu. M\u016bsu kl\u0101st\u0101 ir jaku piena siers da\u017e\u0101dos izm\u0113ros \u2013 katram sunim piem\u0113rots! \ud83d\udca1 Padoms: ja p\u0113c ko\u0161\u013c\u0101\u0161anas paliek mazs gabali\u0146\u0161, ieliec to mikrovi\u013c\u0146u kr\u0101sn\u012b uz 30\u201345 sekund\u0113m \u2013 tas p\u0101rv\u0113rt\u012bsies krauk\u0161\u0137\u012bg\u0101 \u201cpopkorn\u0101\u201d!","og_url":"https:\/\/miumjau.ee\/lv\/produkts\/koslajamais-naskis-frigera-himalaju-siers-no-jaku-un-govs-piena-m-70-90-g\/","og_site_name":"MiuMjau","article_publisher":"https:\/\/www.facebook.com\/miumjaupood\/","article_modified_time":"2026-01-07T19:18:52+00:00","og_image":[{"width":600,"height":800,"url":"https:\/\/miumjau.ee\/wp-content\/uploads\/2025\/05\/frigera-jakijuustu-pulk-m-Photoroom.webp","type":"image\/webp"}],"twitter_card":"summary_large_image","schema":{"@context":"https:\/\/schema.org","@graph":[{"@type":"WebPage","@id":"https:\/\/miumjau.ee\/lv\/produkts\/koslajamais-naskis-frigera-himalaju-siers-no-jaku-un-govs-piena-m-70-90-g\/","url":"https:\/\/miumjau.ee\/lv\/produkts\/koslajamais-naskis-frigera-himalaju-siers-no-jaku-un-govs-piena-m-70-90-g\/","name":"Ko\u0161\u013c\u0101jamais na\u0161\u0137is Frigera \u201cHimalaju siers\u201d no jaku un govs piena M (70\u201390 g) - MiuMjau","isPartOf":{"@id":"https:\/\/miumjau.ee\/#website"},"primaryImageOfPage":{"@id":"https:\/\/miumjau.ee\/lv\/produkts\/koslajamais-naskis-frigera-himalaju-siers-no-jaku-un-govs-piena-m-70-90-g\/#primaryimage"},"image":{"@id":"https:\/\/miumjau.ee\/lv\/produkts\/koslajamais-naskis-frigera-himalaju-siers-no-jaku-un-govs-piena-m-70-90-g\/#primaryimage"},"thumbnailUrl":"https:\/\/miumjau.ee\/wp-content\/uploads\/2025\/05\/frigera-jakijuustu-pulk-m-Photoroom.webp","datePublished":"2025-05-28T09:15:09+00:00","dateModified":"2026-01-07T19:18:52+00:00","breadcrumb":{"@id":"https:\/\/miumjau.ee\/lv\/produkts\/koslajamais-naskis-frigera-himalaju-siers-no-jaku-un-govs-piena-m-70-90-g\/#breadcrumb"},"inLanguage":"lv-LV","potentialAction":[{"@type":"ReadAction","target":["https:\/\/miumjau.ee\/lv\/produkts\/koslajamais-naskis-frigera-himalaju-siers-no-jaku-un-govs-piena-m-70-90-g\/"]}]},{"@type":"ImageObject","inLanguage":"lv-LV","@id":"https:\/\/miumjau.ee\/lv\/produkts\/koslajamais-naskis-frigera-himalaju-siers-no-jaku-un-govs-piena-m-70-90-g\/#primaryimage","url":"https:\/\/miumjau.ee\/wp-content\/uploads\/2025\/05\/frigera-jakijuustu-pulk-m-Photoroom.webp","contentUrl":"https:\/\/miumjau.ee\/wp-content\/uploads\/2025\/05\/frigera-jakijuustu-pulk-m-Photoroom.webp","width":600,"height":800},{"@type":"BreadcrumbList","@id":"https:\/\/miumjau.ee\/lv\/produkts\/koslajamais-naskis-frigera-himalaju-siers-no-jaku-un-govs-piena-m-70-90-g\/#breadcrumb","itemListElement":[{"@type":"ListItem","position":1,"name":"Home","item":"https:\/\/miumjau.ee\/lv\/"},{"@type":"ListItem","position":2,"name":"Veikals","item":"https:\/\/miumjau.ee\/lv\/veikals\/"},{"@type":"ListItem","position":3,"name":"Ko\u0161\u013c\u0101jamais na\u0161\u0137is Frigera \u201cHimalaju siers\u201d no jaku un govs piena M (70\u201390 g)"}]},{"@type":"WebSite","@id":"https:\/\/miumjau.ee\/#website","url":"https:\/\/miumjau.ee\/","name":"MiuMjau","description":"Kraapimispuud kassidele","publisher":{"@id":"https:\/\/miumjau.ee\/#organization"},"potentialAction":[{"@type":"SearchAction","target":{"@type":"EntryPoint","urlTemplate":"https:\/\/miumjau.ee\/?s={search_term_string}"},"query-input":{"@type":"PropertyValueSpecification","valueRequired":true,"valueName":"search_term_string"}}],"inLanguage":"lv-LV"},{"@type":"Organization","@id":"https:\/\/miumjau.ee\/#organization","name":"MiuMjau O\u00dc","url":"https:\/\/miumjau.ee\/","logo":{"@type":"ImageObject","inLanguage":"lv-LV","@id":"https:\/\/miumjau.ee\/#\/schema\/logo\/image\/","url":"https:\/\/miumjau.ee\/wp-content\/uploads\/2022\/04\/MiuMjau-logo-kollane.png","contentUrl":"https:\/\/miumjau.ee\/wp-content\/uploads\/2022\/04\/MiuMjau-logo-kollane.png","width":219,"height":100,"caption":"MiuMjau O\u00dc"},"image":{"@id":"https:\/\/miumjau.ee\/#\/schema\/logo\/image\/"},"sameAs":["https:\/\/www.facebook.com\/miumjaupood\/"]}]}},"_links":{"self":[{"href":"https:\/\/miumjau.ee\/lv\/wp-json\/wp\/v2\/product\/48397","targetHints":{"allow":["GET"]}}],"collection":[{"href":"https:\/\/miumjau.ee\/lv\/wp-json\/wp\/v2\/product"}],"about":[{"href":"https:\/\/miumjau.ee\/lv\/wp-json\/wp\/v2\/types\/product"}],"wp:featuredmedia":[{"embeddable":true,"href":"https:\/\/miumjau.ee\/lv\/wp-json\/wp\/v2\/media\/48398"}],"wp:attachment":[{"href":"https:\/\/miumjau.ee\/lv\/wp-json\/wp\/v2\/media?parent=48397"}],"wp:term":[{"taxonomy":"product_brand","embeddable":true,"href":"https:\/\/miumjau.ee\/lv\/wp-json\/wp\/v2\/product_brand?post=48397"},{"taxonomy":"product_cat","embeddable":true,"href":"https:\/\/miumjau.ee\/lv\/wp-json\/wp\/v2\/product_cat?post=48397"},{"taxonomy":"product_tag","embeddable":true,"href":"https:\/\/miumjau.ee\/lv\/wp-json\/wp\/v2\/product_tag?post=48397"}],"curies":[{"name":"wp","href":"https:\/\/api.w.org\/{rel}","templated":true}]}}