{"id":48379,"date":"2025-05-28T13:49:52","date_gmt":"2025-05-28T10:49:52","guid":{"rendered":"https:\/\/miumjau.ee\/toode\/izturigs-kafijkoka-koslajamais-kocins-suniem-frigera-m\/"},"modified":"2026-01-07T21:18:58","modified_gmt":"2026-01-07T19:18:58","slug":"izturigs-kafijkoka-koslajamais-kocins-suniem-frigera-m","status":"publish","type":"product","link":"https:\/\/miumjau.ee\/lv\/produkts\/izturigs-kafijkoka-koslajamais-kocins-suniem-frigera-m\/","title":{"rendered":"Iztur\u012bgs kafijkoka ko\u0161\u013c\u0101jamais koci\u0146\u0161 su\u0146iem Frigera M"},"content":{"rendered":"","protected":false},"excerpt":{"rendered":"<p data-start=\"2192\" data-end=\"2433\">Vai tavs suns sagrau\u017e katru na\u0161\u0137i, pirms tu pasp\u0113j to paman\u012bt? Noguris no saboj\u0101tiem apaviem un saskr\u0101p\u0113t\u0101m m\u0113be\u013cu k\u0101j\u0101m? Neuztraucies \u2013 friGERA kafijkoka ko\u0161\u013c\u0101jamie koci\u0146i pal\u012bdz\u0113s notur\u0113t tavu \u010detrk\u0101jaino draugu t\u0101l\u0101k no v\u0113rt\u012bgaj\u0101m liet\u0101m!<\/p>\n<p data-start=\"2435\" data-end=\"2629\">\u0160is ir viens no dab\u012bg\u0101kajiem un iztur\u012bg\u0101kajiem ko\u0161\u013c\u0101jamajiem na\u0161\u0137iem visp\u0101r! M\u016bsu kafijkoka koci\u0146i ir:<br data-start=\"2537\" data-end=\"2540\" \/>\u2714\ufe0f 100 % veg\u0101ni<br data-start=\"2555\" data-end=\"2558\" \/>\u2714\ufe0f Roku darbs<br data-start=\"2571\" data-end=\"2574\" \/>\u2714\ufe0f Izgatavoti no liek\u0101 zaru materi\u0101la, nec\u0113rtot kokus<\/p>\n<p data-start=\"2631\" data-end=\"2906\">Pateicoties dabiskajai ciet\u012bbai, \u0161ie koci\u0146i veicina su\u0146a zobu vesel\u012bbu \u2013 ko\u0161\u013c\u0101\u0161ana pal\u012bdz samazin\u0101t aplikumu un zobakmeni, bet koka \u0161\u0137iedras maigi att\u012bra zobus. Un ar to v\u0113l nepietiek \u2013 na\u0161\u0137is ir piln\u012bgi bez kalorij\u0101m, t\u0101p\u0113c \u012bpa\u0161i piem\u0113rots su\u0146iem ar noslieci uz lieko svaru!<\/p>\n<p data-start=\"2908\" data-end=\"2991\">Apmierini sava su\u0146a dabisko ko\u0161\u013c\u0101\u0161anas vajadz\u012bbu vesel\u012bg\u0101 un videi draudz\u012bg\u0101 veid\u0101!<\/p>\n<p data-start=\"2993\" data-end=\"3036\">Neto svars: 75 g<br data-start=\"3009\" data-end=\"3012\" \/>Sast\u0101vs: 100 % kafijkoks<\/p>\n","protected":false},"featured_media":48380,"template":"","meta":[],"product_brand":[],"product_cat":[592],"product_tag":[],"class_list":{"0":"post-48379","1":"product","2":"type-product","3":"status-publish","4":"has-post-thumbnail","6":"product_cat-rotallietas-suniem","8":"first","9":"instock","10":"sale","11":"taxable","12":"shipping-taxable","13":"purchasable","14":"product-type-simple"},"yoast_head":"<!-- This site is optimized with the Yoast SEO plugin v27.4 - https:\/\/yoast.com\/product\/yoast-seo-wordpress\/ -->\n<title>Iztur\u012bgs kafijkoka ko\u0161\u013c\u0101jamais koci\u0146\u0161 su\u0146iem Frigera M - MiuMjau<\/title>\n<meta name=\"robots\" content=\"index, follow, max-snippet:-1, max-image-preview:large, max-video-preview:-1\" \/>\n<link rel=\"canonical\" href=\"https:\/\/miumjau.ee\/lv\/produkts\/izturigs-kafijkoka-koslajamais-kocins-suniem-frigera-m\/\" \/>\n<meta property=\"og:locale\" content=\"lv_LV\" \/>\n<meta property=\"og:type\" content=\"article\" \/>\n<meta property=\"og:title\" content=\"Iztur\u012bgs kafijkoka ko\u0161\u013c\u0101jamais koci\u0146\u0161 su\u0146iem Frigera M - MiuMjau\" \/>\n<meta property=\"og:description\" content=\"Vai tavs suns sagrau\u017e katru na\u0161\u0137i, pirms tu pasp\u0113j to paman\u012bt? Noguris no saboj\u0101tiem apaviem un saskr\u0101p\u0113t\u0101m m\u0113be\u013cu k\u0101j\u0101m? Neuztraucies \u2013 friGERA kafijkoka ko\u0161\u013c\u0101jamie koci\u0146i pal\u012bdz\u0113s notur\u0113t tavu \u010detrk\u0101jaino draugu t\u0101l\u0101k no v\u0113rt\u012bgaj\u0101m liet\u0101m! \u0160is ir viens no dab\u012bg\u0101kajiem un iztur\u012bg\u0101kajiem ko\u0161\u013c\u0101jamajiem na\u0161\u0137iem visp\u0101r! M\u016bsu kafijkoka koci\u0146i ir:\u2714\ufe0f 100 % veg\u0101ni\u2714\ufe0f Roku darbs\u2714\ufe0f Izgatavoti no liek\u0101 zaru materi\u0101la, nec\u0113rtot kokus Pateicoties dabiskajai ciet\u012bbai, \u0161ie koci\u0146i veicina su\u0146a zobu vesel\u012bbu \u2013 ko\u0161\u013c\u0101\u0161ana pal\u012bdz samazin\u0101t aplikumu un zobakmeni, bet koka \u0161\u0137iedras maigi att\u012bra zobus. Un ar to v\u0113l nepietiek \u2013 na\u0161\u0137is ir piln\u012bgi bez kalorij\u0101m, t\u0101p\u0113c \u012bpa\u0161i piem\u0113rots su\u0146iem ar noslieci uz lieko svaru! Apmierini sava su\u0146a dabisko ko\u0161\u013c\u0101\u0161anas vajadz\u012bbu vesel\u012bg\u0101 un videi draudz\u012bg\u0101 veid\u0101! Neto svars: 75 gSast\u0101vs: 100 % kafijkoks\" \/>\n<meta property=\"og:url\" content=\"https:\/\/miumjau.ee\/lv\/produkts\/izturigs-kafijkoka-koslajamais-kocins-suniem-frigera-m\/\" \/>\n<meta property=\"og:site_name\" content=\"MiuMjau\" \/>\n<meta property=\"article:publisher\" content=\"https:\/\/www.facebook.com\/miumjaupood\/\" \/>\n<meta property=\"article:modified_time\" content=\"2026-01-07T19:18:58+00:00\" \/>\n<meta property=\"og:image\" content=\"https:\/\/miumjau.ee\/wp-content\/uploads\/2025\/05\/frigera-kohvipuidust-narimispulk-m-1-tk-Photoroom.webp\" \/>\n\t<meta property=\"og:image:width\" content=\"600\" \/>\n\t<meta property=\"og:image:height\" content=\"800\" \/>\n\t<meta property=\"og:image:type\" content=\"image\/webp\" \/>\n<meta name=\"twitter:card\" content=\"summary_large_image\" \/>\n<script type=\"application\/ld+json\" class=\"yoast-schema-graph\">{\"@context\":\"https:\\\/\\\/schema.org\",\"@graph\":[{\"@type\":\"WebPage\",\"@id\":\"https:\\\/\\\/miumjau.ee\\\/lv\\\/produkts\\\/izturigs-kafijkoka-koslajamais-kocins-suniem-frigera-m\\\/\",\"url\":\"https:\\\/\\\/miumjau.ee\\\/lv\\\/produkts\\\/izturigs-kafijkoka-koslajamais-kocins-suniem-frigera-m\\\/\",\"name\":\"Iztur\u012bgs kafijkoka ko\u0161\u013c\u0101jamais koci\u0146\u0161 su\u0146iem Frigera M - MiuMjau\",\"isPartOf\":{\"@id\":\"https:\\\/\\\/miumjau.ee\\\/#website\"},\"primaryImageOfPage\":{\"@id\":\"https:\\\/\\\/miumjau.ee\\\/lv\\\/produkts\\\/izturigs-kafijkoka-koslajamais-kocins-suniem-frigera-m\\\/#primaryimage\"},\"image\":{\"@id\":\"https:\\\/\\\/miumjau.ee\\\/lv\\\/produkts\\\/izturigs-kafijkoka-koslajamais-kocins-suniem-frigera-m\\\/#primaryimage\"},\"thumbnailUrl\":\"https:\\\/\\\/miumjau.ee\\\/wp-content\\\/uploads\\\/2025\\\/05\\\/frigera-kohvipuidust-narimispulk-m-1-tk-Photoroom.webp\",\"datePublished\":\"2025-05-28T10:49:52+00:00\",\"dateModified\":\"2026-01-07T19:18:58+00:00\",\"breadcrumb\":{\"@id\":\"https:\\\/\\\/miumjau.ee\\\/lv\\\/produkts\\\/izturigs-kafijkoka-koslajamais-kocins-suniem-frigera-m\\\/#breadcrumb\"},\"inLanguage\":\"lv-LV\",\"potentialAction\":[{\"@type\":\"ReadAction\",\"target\":[\"https:\\\/\\\/miumjau.ee\\\/lv\\\/produkts\\\/izturigs-kafijkoka-koslajamais-kocins-suniem-frigera-m\\\/\"]}]},{\"@type\":\"ImageObject\",\"inLanguage\":\"lv-LV\",\"@id\":\"https:\\\/\\\/miumjau.ee\\\/lv\\\/produkts\\\/izturigs-kafijkoka-koslajamais-kocins-suniem-frigera-m\\\/#primaryimage\",\"url\":\"https:\\\/\\\/miumjau.ee\\\/wp-content\\\/uploads\\\/2025\\\/05\\\/frigera-kohvipuidust-narimispulk-m-1-tk-Photoroom.webp\",\"contentUrl\":\"https:\\\/\\\/miumjau.ee\\\/wp-content\\\/uploads\\\/2025\\\/05\\\/frigera-kohvipuidust-narimispulk-m-1-tk-Photoroom.webp\",\"width\":600,\"height\":800},{\"@type\":\"BreadcrumbList\",\"@id\":\"https:\\\/\\\/miumjau.ee\\\/lv\\\/produkts\\\/izturigs-kafijkoka-koslajamais-kocins-suniem-frigera-m\\\/#breadcrumb\",\"itemListElement\":[{\"@type\":\"ListItem\",\"position\":1,\"name\":\"Home\",\"item\":\"https:\\\/\\\/miumjau.ee\\\/lv\\\/\"},{\"@type\":\"ListItem\",\"position\":2,\"name\":\"Veikals\",\"item\":\"https:\\\/\\\/miumjau.ee\\\/lv\\\/veikals\\\/\"},{\"@type\":\"ListItem\",\"position\":3,\"name\":\"Iztur\u012bgs kafijkoka ko\u0161\u013c\u0101jamais koci\u0146\u0161 su\u0146iem Frigera M\"}]},{\"@type\":\"WebSite\",\"@id\":\"https:\\\/\\\/miumjau.ee\\\/#website\",\"url\":\"https:\\\/\\\/miumjau.ee\\\/\",\"name\":\"MiuMjau\",\"description\":\"Kraapimispuud kassidele\",\"publisher\":{\"@id\":\"https:\\\/\\\/miumjau.ee\\\/#organization\"},\"potentialAction\":[{\"@type\":\"SearchAction\",\"target\":{\"@type\":\"EntryPoint\",\"urlTemplate\":\"https:\\\/\\\/miumjau.ee\\\/?s={search_term_string}\"},\"query-input\":{\"@type\":\"PropertyValueSpecification\",\"valueRequired\":true,\"valueName\":\"search_term_string\"}}],\"inLanguage\":\"lv-LV\"},{\"@type\":\"Organization\",\"@id\":\"https:\\\/\\\/miumjau.ee\\\/#organization\",\"name\":\"MiuMjau O\u00dc\",\"url\":\"https:\\\/\\\/miumjau.ee\\\/\",\"logo\":{\"@type\":\"ImageObject\",\"inLanguage\":\"lv-LV\",\"@id\":\"https:\\\/\\\/miumjau.ee\\\/#\\\/schema\\\/logo\\\/image\\\/\",\"url\":\"https:\\\/\\\/miumjau.ee\\\/wp-content\\\/uploads\\\/2022\\\/04\\\/MiuMjau-logo-kollane.png\",\"contentUrl\":\"https:\\\/\\\/miumjau.ee\\\/wp-content\\\/uploads\\\/2022\\\/04\\\/MiuMjau-logo-kollane.png\",\"width\":219,\"height\":100,\"caption\":\"MiuMjau O\u00dc\"},\"image\":{\"@id\":\"https:\\\/\\\/miumjau.ee\\\/#\\\/schema\\\/logo\\\/image\\\/\"},\"sameAs\":[\"https:\\\/\\\/www.facebook.com\\\/miumjaupood\\\/\"]}]}<\/script>\n<!-- \/ Yoast SEO plugin. -->","yoast_head_json":{"title":"Iztur\u012bgs kafijkoka ko\u0161\u013c\u0101jamais koci\u0146\u0161 su\u0146iem Frigera M - MiuMjau","robots":{"index":"index","follow":"follow","max-snippet":"max-snippet:-1","max-image-preview":"max-image-preview:large","max-video-preview":"max-video-preview:-1"},"canonical":"https:\/\/miumjau.ee\/lv\/produkts\/izturigs-kafijkoka-koslajamais-kocins-suniem-frigera-m\/","og_locale":"lv_LV","og_type":"article","og_title":"Iztur\u012bgs kafijkoka ko\u0161\u013c\u0101jamais koci\u0146\u0161 su\u0146iem Frigera M - MiuMjau","og_description":"Vai tavs suns sagrau\u017e katru na\u0161\u0137i, pirms tu pasp\u0113j to paman\u012bt? Noguris no saboj\u0101tiem apaviem un saskr\u0101p\u0113t\u0101m m\u0113be\u013cu k\u0101j\u0101m? Neuztraucies \u2013 friGERA kafijkoka ko\u0161\u013c\u0101jamie koci\u0146i pal\u012bdz\u0113s notur\u0113t tavu \u010detrk\u0101jaino draugu t\u0101l\u0101k no v\u0113rt\u012bgaj\u0101m liet\u0101m! \u0160is ir viens no dab\u012bg\u0101kajiem un iztur\u012bg\u0101kajiem ko\u0161\u013c\u0101jamajiem na\u0161\u0137iem visp\u0101r! M\u016bsu kafijkoka koci\u0146i ir:\u2714\ufe0f 100 % veg\u0101ni\u2714\ufe0f Roku darbs\u2714\ufe0f Izgatavoti no liek\u0101 zaru materi\u0101la, nec\u0113rtot kokus Pateicoties dabiskajai ciet\u012bbai, \u0161ie koci\u0146i veicina su\u0146a zobu vesel\u012bbu \u2013 ko\u0161\u013c\u0101\u0161ana pal\u012bdz samazin\u0101t aplikumu un zobakmeni, bet koka \u0161\u0137iedras maigi att\u012bra zobus. Un ar to v\u0113l nepietiek \u2013 na\u0161\u0137is ir piln\u012bgi bez kalorij\u0101m, t\u0101p\u0113c \u012bpa\u0161i piem\u0113rots su\u0146iem ar noslieci uz lieko svaru! Apmierini sava su\u0146a dabisko ko\u0161\u013c\u0101\u0161anas vajadz\u012bbu vesel\u012bg\u0101 un videi draudz\u012bg\u0101 veid\u0101! Neto svars: 75 gSast\u0101vs: 100 % kafijkoks","og_url":"https:\/\/miumjau.ee\/lv\/produkts\/izturigs-kafijkoka-koslajamais-kocins-suniem-frigera-m\/","og_site_name":"MiuMjau","article_publisher":"https:\/\/www.facebook.com\/miumjaupood\/","article_modified_time":"2026-01-07T19:18:58+00:00","og_image":[{"width":600,"height":800,"url":"https:\/\/miumjau.ee\/wp-content\/uploads\/2025\/05\/frigera-kohvipuidust-narimispulk-m-1-tk-Photoroom.webp","type":"image\/webp"}],"twitter_card":"summary_large_image","schema":{"@context":"https:\/\/schema.org","@graph":[{"@type":"WebPage","@id":"https:\/\/miumjau.ee\/lv\/produkts\/izturigs-kafijkoka-koslajamais-kocins-suniem-frigera-m\/","url":"https:\/\/miumjau.ee\/lv\/produkts\/izturigs-kafijkoka-koslajamais-kocins-suniem-frigera-m\/","name":"Iztur\u012bgs kafijkoka ko\u0161\u013c\u0101jamais koci\u0146\u0161 su\u0146iem Frigera M - MiuMjau","isPartOf":{"@id":"https:\/\/miumjau.ee\/#website"},"primaryImageOfPage":{"@id":"https:\/\/miumjau.ee\/lv\/produkts\/izturigs-kafijkoka-koslajamais-kocins-suniem-frigera-m\/#primaryimage"},"image":{"@id":"https:\/\/miumjau.ee\/lv\/produkts\/izturigs-kafijkoka-koslajamais-kocins-suniem-frigera-m\/#primaryimage"},"thumbnailUrl":"https:\/\/miumjau.ee\/wp-content\/uploads\/2025\/05\/frigera-kohvipuidust-narimispulk-m-1-tk-Photoroom.webp","datePublished":"2025-05-28T10:49:52+00:00","dateModified":"2026-01-07T19:18:58+00:00","breadcrumb":{"@id":"https:\/\/miumjau.ee\/lv\/produkts\/izturigs-kafijkoka-koslajamais-kocins-suniem-frigera-m\/#breadcrumb"},"inLanguage":"lv-LV","potentialAction":[{"@type":"ReadAction","target":["https:\/\/miumjau.ee\/lv\/produkts\/izturigs-kafijkoka-koslajamais-kocins-suniem-frigera-m\/"]}]},{"@type":"ImageObject","inLanguage":"lv-LV","@id":"https:\/\/miumjau.ee\/lv\/produkts\/izturigs-kafijkoka-koslajamais-kocins-suniem-frigera-m\/#primaryimage","url":"https:\/\/miumjau.ee\/wp-content\/uploads\/2025\/05\/frigera-kohvipuidust-narimispulk-m-1-tk-Photoroom.webp","contentUrl":"https:\/\/miumjau.ee\/wp-content\/uploads\/2025\/05\/frigera-kohvipuidust-narimispulk-m-1-tk-Photoroom.webp","width":600,"height":800},{"@type":"BreadcrumbList","@id":"https:\/\/miumjau.ee\/lv\/produkts\/izturigs-kafijkoka-koslajamais-kocins-suniem-frigera-m\/#breadcrumb","itemListElement":[{"@type":"ListItem","position":1,"name":"Home","item":"https:\/\/miumjau.ee\/lv\/"},{"@type":"ListItem","position":2,"name":"Veikals","item":"https:\/\/miumjau.ee\/lv\/veikals\/"},{"@type":"ListItem","position":3,"name":"Iztur\u012bgs kafijkoka ko\u0161\u013c\u0101jamais koci\u0146\u0161 su\u0146iem Frigera M"}]},{"@type":"WebSite","@id":"https:\/\/miumjau.ee\/#website","url":"https:\/\/miumjau.ee\/","name":"MiuMjau","description":"Kraapimispuud kassidele","publisher":{"@id":"https:\/\/miumjau.ee\/#organization"},"potentialAction":[{"@type":"SearchAction","target":{"@type":"EntryPoint","urlTemplate":"https:\/\/miumjau.ee\/?s={search_term_string}"},"query-input":{"@type":"PropertyValueSpecification","valueRequired":true,"valueName":"search_term_string"}}],"inLanguage":"lv-LV"},{"@type":"Organization","@id":"https:\/\/miumjau.ee\/#organization","name":"MiuMjau O\u00dc","url":"https:\/\/miumjau.ee\/","logo":{"@type":"ImageObject","inLanguage":"lv-LV","@id":"https:\/\/miumjau.ee\/#\/schema\/logo\/image\/","url":"https:\/\/miumjau.ee\/wp-content\/uploads\/2022\/04\/MiuMjau-logo-kollane.png","contentUrl":"https:\/\/miumjau.ee\/wp-content\/uploads\/2022\/04\/MiuMjau-logo-kollane.png","width":219,"height":100,"caption":"MiuMjau O\u00dc"},"image":{"@id":"https:\/\/miumjau.ee\/#\/schema\/logo\/image\/"},"sameAs":["https:\/\/www.facebook.com\/miumjaupood\/"]}]}},"_links":{"self":[{"href":"https:\/\/miumjau.ee\/lv\/wp-json\/wp\/v2\/product\/48379","targetHints":{"allow":["GET"]}}],"collection":[{"href":"https:\/\/miumjau.ee\/lv\/wp-json\/wp\/v2\/product"}],"about":[{"href":"https:\/\/miumjau.ee\/lv\/wp-json\/wp\/v2\/types\/product"}],"wp:featuredmedia":[{"embeddable":true,"href":"https:\/\/miumjau.ee\/lv\/wp-json\/wp\/v2\/media\/48380"}],"wp:attachment":[{"href":"https:\/\/miumjau.ee\/lv\/wp-json\/wp\/v2\/media?parent=48379"}],"wp:term":[{"taxonomy":"product_brand","embeddable":true,"href":"https:\/\/miumjau.ee\/lv\/wp-json\/wp\/v2\/product_brand?post=48379"},{"taxonomy":"product_cat","embeddable":true,"href":"https:\/\/miumjau.ee\/lv\/wp-json\/wp\/v2\/product_cat?post=48379"},{"taxonomy":"product_tag","embeddable":true,"href":"https:\/\/miumjau.ee\/lv\/wp-json\/wp\/v2\/product_tag?post=48379"}],"curies":[{"name":"wp","href":"https:\/\/api.w.org\/{rel}","templated":true}]}}