{"id":48371,"date":"2025-05-28T15:16:04","date_gmt":"2025-05-28T12:16:04","guid":{"rendered":"https:\/\/miumjau.ee\/toode\/olivkoka-koslajamais-kocins-suniem-frigera-s\/"},"modified":"2026-03-18T23:39:14","modified_gmt":"2026-03-18T21:39:14","slug":"olivkoka-koslajamais-kocins-suniem-frigera-s","status":"publish","type":"product","link":"https:\/\/miumjau.ee\/lv\/produkts\/olivkoka-koslajamais-kocins-suniem-frigera-s\/","title":{"rendered":"Ol\u012bvkoka ko\u0161\u013c\u0101jamais koci\u0146\u0161 su\u0146iem, Frigera S"},"content":{"rendered":"","protected":false},"excerpt":{"rendered":"<p data-start=\"2000\" data-end=\"2185\">Vai tavs suns izn\u012bcina visus na\u0161\u0137us acumirkl\u012b? Noguris no sako\u0161\u013c\u0101tiem apaviem un m\u0113be\u013cu k\u0101j\u0101m? Neuztraucies \u2013 friGERA ol\u012bvkoka ko\u0161\u013c\u0101jamie koci\u0146i pal\u012bdz\u0113s pasarg\u0101t tavas v\u0113rt\u012bg\u0101s lietas!<\/p>\n<p data-start=\"2187\" data-end=\"2395\">\u0160is dab\u012bgais un iztur\u012bgais ko\u0161\u013c\u0101jamais na\u0161\u0137is ir izgatavots no 100 % ol\u012bvkoka un apstr\u0101d\u0101ts ar rok\u0101m, lai sag\u0101d\u0101tu sunim prieku. Koci\u0146i tiek ra\u017eoti no liek\u0101 zaru materi\u0101la, t\u0101p\u0113c netiek nocirsts neviens koks.<\/p>\n<p data-start=\"2397\" data-end=\"2665\">Pateicoties dabiskajai ciet\u012bbai, ol\u012bvkoks ir lieliski piem\u0113rots zobu kop\u0161anai \u2013 ko\u0161\u013c\u0101\u0161ana pal\u012bdz samazin\u0101t aplikumu un zobakmeni, bet smalk\u0101s koka \u0161\u0137iedras maigi att\u012bra zobus. Turkl\u0101t tas ir piln\u012bgi bez kalorij\u0101m, t\u0101p\u0113c piem\u0113rots ar\u012b su\u0146iem ar noslieci uz lieko svaru!<\/p>\n<p data-start=\"2667\" data-end=\"2739\">Sniedz savam sunim vesel\u012bgu, dro\u0161u un videi draudz\u012bgu ko\u0161\u013c\u0101\u0161anas prieku!<\/p>\n<p data-start=\"2741\" data-end=\"2783\">Neto svars: 50 g<br data-start=\"2757\" data-end=\"2760\" \/>Sast\u0101vs: 100 % ol\u012bvkoks<\/p>\n","protected":false},"featured_media":48372,"template":"","meta":[],"product_brand":[],"product_cat":[592],"product_tag":[],"class_list":{"0":"post-48371","1":"product","2":"type-product","3":"status-publish","4":"has-post-thumbnail","6":"product_cat-rotallietas-suniem","8":"first","9":"instock","10":"sale","11":"taxable","12":"shipping-taxable","13":"purchasable","14":"product-type-simple"},"yoast_head":"<!-- This site is optimized with the Yoast SEO plugin v27.4 - https:\/\/yoast.com\/product\/yoast-seo-wordpress\/ -->\n<title>Ol\u012bvkoka ko\u0161\u013c\u0101jamais koci\u0146\u0161 su\u0146iem, Frigera S - MiuMjau<\/title>\n<meta name=\"robots\" content=\"index, follow, max-snippet:-1, max-image-preview:large, max-video-preview:-1\" \/>\n<link rel=\"canonical\" href=\"https:\/\/miumjau.ee\/lv\/produkts\/olivkoka-koslajamais-kocins-suniem-frigera-s\/\" \/>\n<meta property=\"og:locale\" content=\"lv_LV\" \/>\n<meta property=\"og:type\" content=\"article\" \/>\n<meta property=\"og:title\" content=\"Ol\u012bvkoka ko\u0161\u013c\u0101jamais koci\u0146\u0161 su\u0146iem, Frigera S - MiuMjau\" \/>\n<meta property=\"og:description\" content=\"Vai tavs suns izn\u012bcina visus na\u0161\u0137us acumirkl\u012b? Noguris no sako\u0161\u013c\u0101tiem apaviem un m\u0113be\u013cu k\u0101j\u0101m? Neuztraucies \u2013 friGERA ol\u012bvkoka ko\u0161\u013c\u0101jamie koci\u0146i pal\u012bdz\u0113s pasarg\u0101t tavas v\u0113rt\u012bg\u0101s lietas! \u0160is dab\u012bgais un iztur\u012bgais ko\u0161\u013c\u0101jamais na\u0161\u0137is ir izgatavots no 100 % ol\u012bvkoka un apstr\u0101d\u0101ts ar rok\u0101m, lai sag\u0101d\u0101tu sunim prieku. Koci\u0146i tiek ra\u017eoti no liek\u0101 zaru materi\u0101la, t\u0101p\u0113c netiek nocirsts neviens koks. Pateicoties dabiskajai ciet\u012bbai, ol\u012bvkoks ir lieliski piem\u0113rots zobu kop\u0161anai \u2013 ko\u0161\u013c\u0101\u0161ana pal\u012bdz samazin\u0101t aplikumu un zobakmeni, bet smalk\u0101s koka \u0161\u0137iedras maigi att\u012bra zobus. Turkl\u0101t tas ir piln\u012bgi bez kalorij\u0101m, t\u0101p\u0113c piem\u0113rots ar\u012b su\u0146iem ar noslieci uz lieko svaru! Sniedz savam sunim vesel\u012bgu, dro\u0161u un videi draudz\u012bgu ko\u0161\u013c\u0101\u0161anas prieku! Neto svars: 50 gSast\u0101vs: 100 % ol\u012bvkoks\" \/>\n<meta property=\"og:url\" content=\"https:\/\/miumjau.ee\/lv\/produkts\/olivkoka-koslajamais-kocins-suniem-frigera-s\/\" \/>\n<meta property=\"og:site_name\" content=\"MiuMjau\" \/>\n<meta property=\"article:publisher\" content=\"https:\/\/www.facebook.com\/miumjaupood\/\" \/>\n<meta property=\"article:modified_time\" content=\"2026-03-18T21:39:14+00:00\" \/>\n<meta property=\"og:image\" content=\"https:\/\/miumjau.ee\/wp-content\/uploads\/2025\/05\/frigera-olivipuidust-narimispulk-s-1-tk-Photoroom.webp\" \/>\n\t<meta property=\"og:image:width\" content=\"600\" \/>\n\t<meta property=\"og:image:height\" content=\"800\" \/>\n\t<meta property=\"og:image:type\" content=\"image\/webp\" \/>\n<meta name=\"twitter:card\" content=\"summary_large_image\" \/>\n<script type=\"application\/ld+json\" class=\"yoast-schema-graph\">{\"@context\":\"https:\\\/\\\/schema.org\",\"@graph\":[{\"@type\":\"WebPage\",\"@id\":\"https:\\\/\\\/miumjau.ee\\\/lv\\\/produkts\\\/olivkoka-koslajamais-kocins-suniem-frigera-s\\\/\",\"url\":\"https:\\\/\\\/miumjau.ee\\\/lv\\\/produkts\\\/olivkoka-koslajamais-kocins-suniem-frigera-s\\\/\",\"name\":\"Ol\u012bvkoka ko\u0161\u013c\u0101jamais koci\u0146\u0161 su\u0146iem, Frigera S - MiuMjau\",\"isPartOf\":{\"@id\":\"https:\\\/\\\/miumjau.ee\\\/#website\"},\"primaryImageOfPage\":{\"@id\":\"https:\\\/\\\/miumjau.ee\\\/lv\\\/produkts\\\/olivkoka-koslajamais-kocins-suniem-frigera-s\\\/#primaryimage\"},\"image\":{\"@id\":\"https:\\\/\\\/miumjau.ee\\\/lv\\\/produkts\\\/olivkoka-koslajamais-kocins-suniem-frigera-s\\\/#primaryimage\"},\"thumbnailUrl\":\"https:\\\/\\\/miumjau.ee\\\/wp-content\\\/uploads\\\/2025\\\/05\\\/frigera-olivipuidust-narimispulk-s-1-tk-Photoroom.webp\",\"datePublished\":\"2025-05-28T12:16:04+00:00\",\"dateModified\":\"2026-03-18T21:39:14+00:00\",\"breadcrumb\":{\"@id\":\"https:\\\/\\\/miumjau.ee\\\/lv\\\/produkts\\\/olivkoka-koslajamais-kocins-suniem-frigera-s\\\/#breadcrumb\"},\"inLanguage\":\"lv-LV\",\"potentialAction\":[{\"@type\":\"ReadAction\",\"target\":[\"https:\\\/\\\/miumjau.ee\\\/lv\\\/produkts\\\/olivkoka-koslajamais-kocins-suniem-frigera-s\\\/\"]}]},{\"@type\":\"ImageObject\",\"inLanguage\":\"lv-LV\",\"@id\":\"https:\\\/\\\/miumjau.ee\\\/lv\\\/produkts\\\/olivkoka-koslajamais-kocins-suniem-frigera-s\\\/#primaryimage\",\"url\":\"https:\\\/\\\/miumjau.ee\\\/wp-content\\\/uploads\\\/2025\\\/05\\\/frigera-olivipuidust-narimispulk-s-1-tk-Photoroom.webp\",\"contentUrl\":\"https:\\\/\\\/miumjau.ee\\\/wp-content\\\/uploads\\\/2025\\\/05\\\/frigera-olivipuidust-narimispulk-s-1-tk-Photoroom.webp\",\"width\":600,\"height\":800},{\"@type\":\"BreadcrumbList\",\"@id\":\"https:\\\/\\\/miumjau.ee\\\/lv\\\/produkts\\\/olivkoka-koslajamais-kocins-suniem-frigera-s\\\/#breadcrumb\",\"itemListElement\":[{\"@type\":\"ListItem\",\"position\":1,\"name\":\"Home\",\"item\":\"https:\\\/\\\/miumjau.ee\\\/lv\\\/\"},{\"@type\":\"ListItem\",\"position\":2,\"name\":\"Veikals\",\"item\":\"https:\\\/\\\/miumjau.ee\\\/lv\\\/veikals\\\/\"},{\"@type\":\"ListItem\",\"position\":3,\"name\":\"Ol\u012bvkoka ko\u0161\u013c\u0101jamais koci\u0146\u0161 su\u0146iem, Frigera S\"}]},{\"@type\":\"WebSite\",\"@id\":\"https:\\\/\\\/miumjau.ee\\\/#website\",\"url\":\"https:\\\/\\\/miumjau.ee\\\/\",\"name\":\"MiuMjau\",\"description\":\"Kraapimispuud kassidele\",\"publisher\":{\"@id\":\"https:\\\/\\\/miumjau.ee\\\/#organization\"},\"potentialAction\":[{\"@type\":\"SearchAction\",\"target\":{\"@type\":\"EntryPoint\",\"urlTemplate\":\"https:\\\/\\\/miumjau.ee\\\/?s={search_term_string}\"},\"query-input\":{\"@type\":\"PropertyValueSpecification\",\"valueRequired\":true,\"valueName\":\"search_term_string\"}}],\"inLanguage\":\"lv-LV\"},{\"@type\":\"Organization\",\"@id\":\"https:\\\/\\\/miumjau.ee\\\/#organization\",\"name\":\"MiuMjau O\u00dc\",\"url\":\"https:\\\/\\\/miumjau.ee\\\/\",\"logo\":{\"@type\":\"ImageObject\",\"inLanguage\":\"lv-LV\",\"@id\":\"https:\\\/\\\/miumjau.ee\\\/#\\\/schema\\\/logo\\\/image\\\/\",\"url\":\"https:\\\/\\\/miumjau.ee\\\/wp-content\\\/uploads\\\/2022\\\/04\\\/MiuMjau-logo-kollane.png\",\"contentUrl\":\"https:\\\/\\\/miumjau.ee\\\/wp-content\\\/uploads\\\/2022\\\/04\\\/MiuMjau-logo-kollane.png\",\"width\":219,\"height\":100,\"caption\":\"MiuMjau O\u00dc\"},\"image\":{\"@id\":\"https:\\\/\\\/miumjau.ee\\\/#\\\/schema\\\/logo\\\/image\\\/\"},\"sameAs\":[\"https:\\\/\\\/www.facebook.com\\\/miumjaupood\\\/\"]}]}<\/script>\n<!-- \/ Yoast SEO plugin. -->","yoast_head_json":{"title":"Ol\u012bvkoka ko\u0161\u013c\u0101jamais koci\u0146\u0161 su\u0146iem, Frigera S - MiuMjau","robots":{"index":"index","follow":"follow","max-snippet":"max-snippet:-1","max-image-preview":"max-image-preview:large","max-video-preview":"max-video-preview:-1"},"canonical":"https:\/\/miumjau.ee\/lv\/produkts\/olivkoka-koslajamais-kocins-suniem-frigera-s\/","og_locale":"lv_LV","og_type":"article","og_title":"Ol\u012bvkoka ko\u0161\u013c\u0101jamais koci\u0146\u0161 su\u0146iem, Frigera S - MiuMjau","og_description":"Vai tavs suns izn\u012bcina visus na\u0161\u0137us acumirkl\u012b? Noguris no sako\u0161\u013c\u0101tiem apaviem un m\u0113be\u013cu k\u0101j\u0101m? Neuztraucies \u2013 friGERA ol\u012bvkoka ko\u0161\u013c\u0101jamie koci\u0146i pal\u012bdz\u0113s pasarg\u0101t tavas v\u0113rt\u012bg\u0101s lietas! \u0160is dab\u012bgais un iztur\u012bgais ko\u0161\u013c\u0101jamais na\u0161\u0137is ir izgatavots no 100 % ol\u012bvkoka un apstr\u0101d\u0101ts ar rok\u0101m, lai sag\u0101d\u0101tu sunim prieku. Koci\u0146i tiek ra\u017eoti no liek\u0101 zaru materi\u0101la, t\u0101p\u0113c netiek nocirsts neviens koks. Pateicoties dabiskajai ciet\u012bbai, ol\u012bvkoks ir lieliski piem\u0113rots zobu kop\u0161anai \u2013 ko\u0161\u013c\u0101\u0161ana pal\u012bdz samazin\u0101t aplikumu un zobakmeni, bet smalk\u0101s koka \u0161\u0137iedras maigi att\u012bra zobus. Turkl\u0101t tas ir piln\u012bgi bez kalorij\u0101m, t\u0101p\u0113c piem\u0113rots ar\u012b su\u0146iem ar noslieci uz lieko svaru! Sniedz savam sunim vesel\u012bgu, dro\u0161u un videi draudz\u012bgu ko\u0161\u013c\u0101\u0161anas prieku! Neto svars: 50 gSast\u0101vs: 100 % ol\u012bvkoks","og_url":"https:\/\/miumjau.ee\/lv\/produkts\/olivkoka-koslajamais-kocins-suniem-frigera-s\/","og_site_name":"MiuMjau","article_publisher":"https:\/\/www.facebook.com\/miumjaupood\/","article_modified_time":"2026-03-18T21:39:14+00:00","og_image":[{"width":600,"height":800,"url":"https:\/\/miumjau.ee\/wp-content\/uploads\/2025\/05\/frigera-olivipuidust-narimispulk-s-1-tk-Photoroom.webp","type":"image\/webp"}],"twitter_card":"summary_large_image","schema":{"@context":"https:\/\/schema.org","@graph":[{"@type":"WebPage","@id":"https:\/\/miumjau.ee\/lv\/produkts\/olivkoka-koslajamais-kocins-suniem-frigera-s\/","url":"https:\/\/miumjau.ee\/lv\/produkts\/olivkoka-koslajamais-kocins-suniem-frigera-s\/","name":"Ol\u012bvkoka ko\u0161\u013c\u0101jamais koci\u0146\u0161 su\u0146iem, Frigera S - MiuMjau","isPartOf":{"@id":"https:\/\/miumjau.ee\/#website"},"primaryImageOfPage":{"@id":"https:\/\/miumjau.ee\/lv\/produkts\/olivkoka-koslajamais-kocins-suniem-frigera-s\/#primaryimage"},"image":{"@id":"https:\/\/miumjau.ee\/lv\/produkts\/olivkoka-koslajamais-kocins-suniem-frigera-s\/#primaryimage"},"thumbnailUrl":"https:\/\/miumjau.ee\/wp-content\/uploads\/2025\/05\/frigera-olivipuidust-narimispulk-s-1-tk-Photoroom.webp","datePublished":"2025-05-28T12:16:04+00:00","dateModified":"2026-03-18T21:39:14+00:00","breadcrumb":{"@id":"https:\/\/miumjau.ee\/lv\/produkts\/olivkoka-koslajamais-kocins-suniem-frigera-s\/#breadcrumb"},"inLanguage":"lv-LV","potentialAction":[{"@type":"ReadAction","target":["https:\/\/miumjau.ee\/lv\/produkts\/olivkoka-koslajamais-kocins-suniem-frigera-s\/"]}]},{"@type":"ImageObject","inLanguage":"lv-LV","@id":"https:\/\/miumjau.ee\/lv\/produkts\/olivkoka-koslajamais-kocins-suniem-frigera-s\/#primaryimage","url":"https:\/\/miumjau.ee\/wp-content\/uploads\/2025\/05\/frigera-olivipuidust-narimispulk-s-1-tk-Photoroom.webp","contentUrl":"https:\/\/miumjau.ee\/wp-content\/uploads\/2025\/05\/frigera-olivipuidust-narimispulk-s-1-tk-Photoroom.webp","width":600,"height":800},{"@type":"BreadcrumbList","@id":"https:\/\/miumjau.ee\/lv\/produkts\/olivkoka-koslajamais-kocins-suniem-frigera-s\/#breadcrumb","itemListElement":[{"@type":"ListItem","position":1,"name":"Home","item":"https:\/\/miumjau.ee\/lv\/"},{"@type":"ListItem","position":2,"name":"Veikals","item":"https:\/\/miumjau.ee\/lv\/veikals\/"},{"@type":"ListItem","position":3,"name":"Ol\u012bvkoka ko\u0161\u013c\u0101jamais koci\u0146\u0161 su\u0146iem, Frigera S"}]},{"@type":"WebSite","@id":"https:\/\/miumjau.ee\/#website","url":"https:\/\/miumjau.ee\/","name":"MiuMjau","description":"Kraapimispuud kassidele","publisher":{"@id":"https:\/\/miumjau.ee\/#organization"},"potentialAction":[{"@type":"SearchAction","target":{"@type":"EntryPoint","urlTemplate":"https:\/\/miumjau.ee\/?s={search_term_string}"},"query-input":{"@type":"PropertyValueSpecification","valueRequired":true,"valueName":"search_term_string"}}],"inLanguage":"lv-LV"},{"@type":"Organization","@id":"https:\/\/miumjau.ee\/#organization","name":"MiuMjau O\u00dc","url":"https:\/\/miumjau.ee\/","logo":{"@type":"ImageObject","inLanguage":"lv-LV","@id":"https:\/\/miumjau.ee\/#\/schema\/logo\/image\/","url":"https:\/\/miumjau.ee\/wp-content\/uploads\/2022\/04\/MiuMjau-logo-kollane.png","contentUrl":"https:\/\/miumjau.ee\/wp-content\/uploads\/2022\/04\/MiuMjau-logo-kollane.png","width":219,"height":100,"caption":"MiuMjau O\u00dc"},"image":{"@id":"https:\/\/miumjau.ee\/#\/schema\/logo\/image\/"},"sameAs":["https:\/\/www.facebook.com\/miumjaupood\/"]}]}},"_links":{"self":[{"href":"https:\/\/miumjau.ee\/lv\/wp-json\/wp\/v2\/product\/48371","targetHints":{"allow":["GET"]}}],"collection":[{"href":"https:\/\/miumjau.ee\/lv\/wp-json\/wp\/v2\/product"}],"about":[{"href":"https:\/\/miumjau.ee\/lv\/wp-json\/wp\/v2\/types\/product"}],"wp:featuredmedia":[{"embeddable":true,"href":"https:\/\/miumjau.ee\/lv\/wp-json\/wp\/v2\/media\/48372"}],"wp:attachment":[{"href":"https:\/\/miumjau.ee\/lv\/wp-json\/wp\/v2\/media?parent=48371"}],"wp:term":[{"taxonomy":"product_brand","embeddable":true,"href":"https:\/\/miumjau.ee\/lv\/wp-json\/wp\/v2\/product_brand?post=48371"},{"taxonomy":"product_cat","embeddable":true,"href":"https:\/\/miumjau.ee\/lv\/wp-json\/wp\/v2\/product_cat?post=48371"},{"taxonomy":"product_tag","embeddable":true,"href":"https:\/\/miumjau.ee\/lv\/wp-json\/wp\/v2\/product_tag?post=48371"}],"curies":[{"name":"wp","href":"https:\/\/api.w.org\/{rel}","templated":true}]}}