{"id":48366,"date":"2025-12-15T21:06:47","date_gmt":"2025-12-15T19:06:47","guid":{"rendered":"https:\/\/miumjau.ee\/toode\/skrapejamais-stabs-petrebels-maine-coon-127-balts\/"},"modified":"2026-01-07T21:18:58","modified_gmt":"2026-01-07T19:18:58","slug":"skrapejamais-stabs-petrebels-maine-coon-127-balts","status":"publish","type":"product","link":"https:\/\/miumjau.ee\/lv\/produkts\/skrapejamais-stabs-petrebels-maine-coon-127-balts\/","title":{"rendered":"Skr\u0101p\u0113jamais stabs Petrebels Maine Coon 127, balts"},"content":{"rendered":"","protected":false},"excerpt":{"rendered":"<p data-start=\"4098\" data-end=\"4535\">Augstas kvalit\u0101tes un iztur\u012bgs skr\u0101p\u0113jamais koks akt\u012bviem, lieliem un smagiem ka\u0137iem. \u0160is robustais skr\u0101p\u0113jamais koks ir paredz\u0113ts liel\u0101m ka\u0137u \u0161\u0137irn\u0113m, piem\u0113ram, Meink\u016bniem, Ragdolliem un Norv\u0113\u0123u me\u017ea ka\u0137iem, kuriem nepiecie\u0161ama \u012bpa\u0161i stabila k\u0101pel\u0113\u0161anas un skr\u0101p\u0113\u0161anas vieta. Pateicoties biezajam 20 cm diametra skr\u0101p\u0113\u0161anas stabam, pastiprin\u0101tai pamatnei un m\u012bkstajam pl\u012b\u0161a p\u0101rkl\u0101jumam, tas ir ide\u0101li piem\u0113rots gan rota\u013c\u0101m, gan atp\u016btai.<\/p>\n<p data-start=\"4537\" data-end=\"4942\"><strong data-start=\"4537\" data-end=\"4559\">Galven\u0101s \u012bpa\u0161\u012bbas:<\/strong><br data-start=\"4559\" data-end=\"4562\" \/>\ud83d\udc49 Izm\u0113ri: garums 68 cm \u00d7 platums 48 cm \u00d7 augstums 127 cm<br data-start=\"4619\" data-end=\"4622\" \/>\ud83d\udc49 Piem\u0113rots: Visiem ka\u0137iem, \u012bpa\u0161i lieliem un smagiem<br data-start=\"4675\" data-end=\"4678\" \/>\ud83d\udc49 Stabils pamats: Liela un iztur\u012bga pamatne nodro\u0161ina lielisku stabilit\u0101ti ar\u012b akt\u012bvas lieto\u0161anas laik\u0101<br data-start=\"4782\" data-end=\"4785\" \/>\ud83d\udc49 \u0112rtas atp\u016btas zonas: Pla\u0161s atp\u016btas grozs un iztur\u012bgs \u0161\u016bpu\u013ct\u012bkls gul\u0113\u0161anai un atp\u016btai<br data-start=\"4872\" data-end=\"4875\" \/>\ud83d\udc49 No\u0146emams \u0161\u016bpu\u013ct\u012bkls un mazg\u0101jams spilvens: Viegli uztur\u0113t t\u012bru<\/p>\n<p data-start=\"4944\" data-end=\"5027\">Produkta svars iepakojum\u0101: 24 kg, neto svars: 21,8 kg. Pieg\u0101d\u0101ts divos iepakojumos.<\/p>\n<p data-start=\"5029\" data-end=\"5308\">\u0160is skr\u0101p\u0113jamais koks apvieno skr\u0101p\u0113\u0161anas zonas, k\u0101pel\u0113\u0161anas iesp\u0113jas un \u0113rtas atp\u016btas vietas, kas apmierina ka\u0137a dabiskos instinktus \u2014 skr\u0101p\u0113t, k\u0101pel\u0113t, rota\u013c\u0101ties un atp\u016bsties. Iztur\u012bg\u0101 konstrukcija un kvalitat\u012bvie materi\u0101li padara to par ide\u0101lu izv\u0113li ar\u012b \u013coti lieliem ka\u0137iem.<\/p>\n","protected":false},"featured_media":48284,"template":"","meta":[],"product_brand":[],"product_cat":[582,583],"product_tag":[],"class_list":{"0":"post-48366","1":"product","2":"type-product","3":"status-publish","4":"has-post-thumbnail","6":"product_cat-videji-skrapesanas-koki-petrebels","7":"product_cat-petrebels-produkti-smagiem-kakiem","8":"product_shipping_class-pakiautomaati-sobimatu-lv","10":"first","11":"instock","12":"taxable","13":"shipping-taxable","14":"purchasable","15":"product-type-simple"},"yoast_head":"<!-- This site is optimized with the Yoast SEO plugin v27.2 - https:\/\/yoast.com\/product\/yoast-seo-wordpress\/ -->\n<title>Skr\u0101p\u0113jamais stabs Petrebels Maine Coon 127, balts - MiuMjau<\/title>\n<meta name=\"robots\" content=\"index, follow, max-snippet:-1, max-image-preview:large, max-video-preview:-1\" \/>\n<link rel=\"canonical\" href=\"https:\/\/miumjau.ee\/lv\/produkts\/skrapejamais-stabs-petrebels-maine-coon-127-balts\/\" \/>\n<meta property=\"og:locale\" content=\"lv_LV\" \/>\n<meta property=\"og:type\" content=\"article\" \/>\n<meta property=\"og:title\" content=\"Skr\u0101p\u0113jamais stabs Petrebels Maine Coon 127, balts - MiuMjau\" \/>\n<meta property=\"og:description\" content=\"Augstas kvalit\u0101tes un iztur\u012bgs skr\u0101p\u0113jamais koks akt\u012bviem, lieliem un smagiem ka\u0137iem. \u0160is robustais skr\u0101p\u0113jamais koks ir paredz\u0113ts liel\u0101m ka\u0137u \u0161\u0137irn\u0113m, piem\u0113ram, Meink\u016bniem, Ragdolliem un Norv\u0113\u0123u me\u017ea ka\u0137iem, kuriem nepiecie\u0161ama \u012bpa\u0161i stabila k\u0101pel\u0113\u0161anas un skr\u0101p\u0113\u0161anas vieta. Pateicoties biezajam 20 cm diametra skr\u0101p\u0113\u0161anas stabam, pastiprin\u0101tai pamatnei un m\u012bkstajam pl\u012b\u0161a p\u0101rkl\u0101jumam, tas ir ide\u0101li piem\u0113rots gan rota\u013c\u0101m, gan atp\u016btai. Galven\u0101s \u012bpa\u0161\u012bbas:\ud83d\udc49 Izm\u0113ri: garums 68 cm \u00d7 platums 48 cm \u00d7 augstums 127 cm\ud83d\udc49 Piem\u0113rots: Visiem ka\u0137iem, \u012bpa\u0161i lieliem un smagiem\ud83d\udc49 Stabils pamats: Liela un iztur\u012bga pamatne nodro\u0161ina lielisku stabilit\u0101ti ar\u012b akt\u012bvas lieto\u0161anas laik\u0101\ud83d\udc49 \u0112rtas atp\u016btas zonas: Pla\u0161s atp\u016btas grozs un iztur\u012bgs \u0161\u016bpu\u013ct\u012bkls gul\u0113\u0161anai un atp\u016btai\ud83d\udc49 No\u0146emams \u0161\u016bpu\u013ct\u012bkls un mazg\u0101jams spilvens: Viegli uztur\u0113t t\u012bru Produkta svars iepakojum\u0101: 24 kg, neto svars: 21,8 kg. Pieg\u0101d\u0101ts divos iepakojumos. \u0160is skr\u0101p\u0113jamais koks apvieno skr\u0101p\u0113\u0161anas zonas, k\u0101pel\u0113\u0161anas iesp\u0113jas un \u0113rtas atp\u016btas vietas, kas apmierina ka\u0137a dabiskos instinktus \u2014 skr\u0101p\u0113t, k\u0101pel\u0113t, rota\u013c\u0101ties un atp\u016bsties. Iztur\u012bg\u0101 konstrukcija un kvalitat\u012bvie materi\u0101li padara to par ide\u0101lu izv\u0113li ar\u012b \u013coti lieliem ka\u0137iem.\" \/>\n<meta property=\"og:url\" content=\"https:\/\/miumjau.ee\/lv\/produkts\/skrapejamais-stabs-petrebels-maine-coon-127-balts\/\" \/>\n<meta property=\"og:site_name\" content=\"MiuMjau\" \/>\n<meta property=\"article:publisher\" content=\"https:\/\/www.facebook.com\/miumjaupood\/\" \/>\n<meta property=\"article:modified_time\" content=\"2026-01-07T19:18:58+00:00\" \/>\n<meta property=\"og:image\" content=\"https:\/\/miumjau.ee\/wp-content\/uploads\/2025\/12\/kraapimispost-petrebels-mainecoon1273.jpg\" \/>\n\t<meta property=\"og:image:width\" content=\"600\" \/>\n\t<meta property=\"og:image:height\" content=\"800\" \/>\n\t<meta property=\"og:image:type\" content=\"image\/jpeg\" \/>\n<meta name=\"twitter:card\" content=\"summary_large_image\" \/>\n<script type=\"application\/ld+json\" class=\"yoast-schema-graph\">{\"@context\":\"https:\/\/schema.org\",\"@graph\":[{\"@type\":\"WebPage\",\"@id\":\"https:\/\/miumjau.ee\/lv\/produkts\/skrapejamais-stabs-petrebels-maine-coon-127-balts\/\",\"url\":\"https:\/\/miumjau.ee\/lv\/produkts\/skrapejamais-stabs-petrebels-maine-coon-127-balts\/\",\"name\":\"Skr\u0101p\u0113jamais stabs Petrebels Maine Coon 127, balts - MiuMjau\",\"isPartOf\":{\"@id\":\"https:\/\/miumjau.ee\/#website\"},\"primaryImageOfPage\":{\"@id\":\"https:\/\/miumjau.ee\/lv\/produkts\/skrapejamais-stabs-petrebels-maine-coon-127-balts\/#primaryimage\"},\"image\":{\"@id\":\"https:\/\/miumjau.ee\/lv\/produkts\/skrapejamais-stabs-petrebels-maine-coon-127-balts\/#primaryimage\"},\"thumbnailUrl\":\"https:\/\/miumjau.ee\/wp-content\/uploads\/2025\/12\/kraapimispost-petrebels-mainecoon1273.jpg\",\"datePublished\":\"2025-12-15T19:06:47+00:00\",\"dateModified\":\"2026-01-07T19:18:58+00:00\",\"breadcrumb\":{\"@id\":\"https:\/\/miumjau.ee\/lv\/produkts\/skrapejamais-stabs-petrebels-maine-coon-127-balts\/#breadcrumb\"},\"inLanguage\":\"lv-LV\",\"potentialAction\":[{\"@type\":\"ReadAction\",\"target\":[\"https:\/\/miumjau.ee\/lv\/produkts\/skrapejamais-stabs-petrebels-maine-coon-127-balts\/\"]}]},{\"@type\":\"ImageObject\",\"inLanguage\":\"lv-LV\",\"@id\":\"https:\/\/miumjau.ee\/lv\/produkts\/skrapejamais-stabs-petrebels-maine-coon-127-balts\/#primaryimage\",\"url\":\"https:\/\/miumjau.ee\/wp-content\/uploads\/2025\/12\/kraapimispost-petrebels-mainecoon1273.jpg\",\"contentUrl\":\"https:\/\/miumjau.ee\/wp-content\/uploads\/2025\/12\/kraapimispost-petrebels-mainecoon1273.jpg\",\"width\":600,\"height\":800,\"caption\":\"Kraapimispost Petrebels Maine Coon 127, white\"},{\"@type\":\"BreadcrumbList\",\"@id\":\"https:\/\/miumjau.ee\/lv\/produkts\/skrapejamais-stabs-petrebels-maine-coon-127-balts\/#breadcrumb\",\"itemListElement\":[{\"@type\":\"ListItem\",\"position\":1,\"name\":\"Home\",\"item\":\"https:\/\/miumjau.ee\/lv\/\"},{\"@type\":\"ListItem\",\"position\":2,\"name\":\"Veikals\",\"item\":\"https:\/\/miumjau.ee\/lv\/veikals\/\"},{\"@type\":\"ListItem\",\"position\":3,\"name\":\"Skr\u0101p\u0113jamais stabs Petrebels Maine Coon 127, balts\"}]},{\"@type\":\"WebSite\",\"@id\":\"https:\/\/miumjau.ee\/#website\",\"url\":\"https:\/\/miumjau.ee\/\",\"name\":\"MiuMjau\",\"description\":\"Kraapimispuud kassidele\",\"publisher\":{\"@id\":\"https:\/\/miumjau.ee\/#organization\"},\"potentialAction\":[{\"@type\":\"SearchAction\",\"target\":{\"@type\":\"EntryPoint\",\"urlTemplate\":\"https:\/\/miumjau.ee\/?s={search_term_string}\"},\"query-input\":{\"@type\":\"PropertyValueSpecification\",\"valueRequired\":true,\"valueName\":\"search_term_string\"}}],\"inLanguage\":\"lv-LV\"},{\"@type\":\"Organization\",\"@id\":\"https:\/\/miumjau.ee\/#organization\",\"name\":\"MiuMjau O\u00dc\",\"url\":\"https:\/\/miumjau.ee\/\",\"logo\":{\"@type\":\"ImageObject\",\"inLanguage\":\"lv-LV\",\"@id\":\"https:\/\/miumjau.ee\/#\/schema\/logo\/image\/\",\"url\":\"https:\/\/miumjau.ee\/wp-content\/uploads\/2022\/04\/MiuMjau-logo-kollane.png\",\"contentUrl\":\"https:\/\/miumjau.ee\/wp-content\/uploads\/2022\/04\/MiuMjau-logo-kollane.png\",\"width\":219,\"height\":100,\"caption\":\"MiuMjau O\u00dc\"},\"image\":{\"@id\":\"https:\/\/miumjau.ee\/#\/schema\/logo\/image\/\"},\"sameAs\":[\"https:\/\/www.facebook.com\/miumjaupood\/\"]}]}<\/script>\n<!-- \/ Yoast SEO plugin. -->","yoast_head_json":{"title":"Skr\u0101p\u0113jamais stabs Petrebels Maine Coon 127, balts - MiuMjau","robots":{"index":"index","follow":"follow","max-snippet":"max-snippet:-1","max-image-preview":"max-image-preview:large","max-video-preview":"max-video-preview:-1"},"canonical":"https:\/\/miumjau.ee\/lv\/produkts\/skrapejamais-stabs-petrebels-maine-coon-127-balts\/","og_locale":"lv_LV","og_type":"article","og_title":"Skr\u0101p\u0113jamais stabs Petrebels Maine Coon 127, balts - MiuMjau","og_description":"Augstas kvalit\u0101tes un iztur\u012bgs skr\u0101p\u0113jamais koks akt\u012bviem, lieliem un smagiem ka\u0137iem. \u0160is robustais skr\u0101p\u0113jamais koks ir paredz\u0113ts liel\u0101m ka\u0137u \u0161\u0137irn\u0113m, piem\u0113ram, Meink\u016bniem, Ragdolliem un Norv\u0113\u0123u me\u017ea ka\u0137iem, kuriem nepiecie\u0161ama \u012bpa\u0161i stabila k\u0101pel\u0113\u0161anas un skr\u0101p\u0113\u0161anas vieta. Pateicoties biezajam 20 cm diametra skr\u0101p\u0113\u0161anas stabam, pastiprin\u0101tai pamatnei un m\u012bkstajam pl\u012b\u0161a p\u0101rkl\u0101jumam, tas ir ide\u0101li piem\u0113rots gan rota\u013c\u0101m, gan atp\u016btai. Galven\u0101s \u012bpa\u0161\u012bbas:\ud83d\udc49 Izm\u0113ri: garums 68 cm \u00d7 platums 48 cm \u00d7 augstums 127 cm\ud83d\udc49 Piem\u0113rots: Visiem ka\u0137iem, \u012bpa\u0161i lieliem un smagiem\ud83d\udc49 Stabils pamats: Liela un iztur\u012bga pamatne nodro\u0161ina lielisku stabilit\u0101ti ar\u012b akt\u012bvas lieto\u0161anas laik\u0101\ud83d\udc49 \u0112rtas atp\u016btas zonas: Pla\u0161s atp\u016btas grozs un iztur\u012bgs \u0161\u016bpu\u013ct\u012bkls gul\u0113\u0161anai un atp\u016btai\ud83d\udc49 No\u0146emams \u0161\u016bpu\u013ct\u012bkls un mazg\u0101jams spilvens: Viegli uztur\u0113t t\u012bru Produkta svars iepakojum\u0101: 24 kg, neto svars: 21,8 kg. Pieg\u0101d\u0101ts divos iepakojumos. \u0160is skr\u0101p\u0113jamais koks apvieno skr\u0101p\u0113\u0161anas zonas, k\u0101pel\u0113\u0161anas iesp\u0113jas un \u0113rtas atp\u016btas vietas, kas apmierina ka\u0137a dabiskos instinktus \u2014 skr\u0101p\u0113t, k\u0101pel\u0113t, rota\u013c\u0101ties un atp\u016bsties. Iztur\u012bg\u0101 konstrukcija un kvalitat\u012bvie materi\u0101li padara to par ide\u0101lu izv\u0113li ar\u012b \u013coti lieliem ka\u0137iem.","og_url":"https:\/\/miumjau.ee\/lv\/produkts\/skrapejamais-stabs-petrebels-maine-coon-127-balts\/","og_site_name":"MiuMjau","article_publisher":"https:\/\/www.facebook.com\/miumjaupood\/","article_modified_time":"2026-01-07T19:18:58+00:00","og_image":[{"width":600,"height":800,"url":"https:\/\/miumjau.ee\/wp-content\/uploads\/2025\/12\/kraapimispost-petrebels-mainecoon1273.jpg","type":"image\/jpeg"}],"twitter_card":"summary_large_image","schema":{"@context":"https:\/\/schema.org","@graph":[{"@type":"WebPage","@id":"https:\/\/miumjau.ee\/lv\/produkts\/skrapejamais-stabs-petrebels-maine-coon-127-balts\/","url":"https:\/\/miumjau.ee\/lv\/produkts\/skrapejamais-stabs-petrebels-maine-coon-127-balts\/","name":"Skr\u0101p\u0113jamais stabs Petrebels Maine Coon 127, balts - MiuMjau","isPartOf":{"@id":"https:\/\/miumjau.ee\/#website"},"primaryImageOfPage":{"@id":"https:\/\/miumjau.ee\/lv\/produkts\/skrapejamais-stabs-petrebels-maine-coon-127-balts\/#primaryimage"},"image":{"@id":"https:\/\/miumjau.ee\/lv\/produkts\/skrapejamais-stabs-petrebels-maine-coon-127-balts\/#primaryimage"},"thumbnailUrl":"https:\/\/miumjau.ee\/wp-content\/uploads\/2025\/12\/kraapimispost-petrebels-mainecoon1273.jpg","datePublished":"2025-12-15T19:06:47+00:00","dateModified":"2026-01-07T19:18:58+00:00","breadcrumb":{"@id":"https:\/\/miumjau.ee\/lv\/produkts\/skrapejamais-stabs-petrebels-maine-coon-127-balts\/#breadcrumb"},"inLanguage":"lv-LV","potentialAction":[{"@type":"ReadAction","target":["https:\/\/miumjau.ee\/lv\/produkts\/skrapejamais-stabs-petrebels-maine-coon-127-balts\/"]}]},{"@type":"ImageObject","inLanguage":"lv-LV","@id":"https:\/\/miumjau.ee\/lv\/produkts\/skrapejamais-stabs-petrebels-maine-coon-127-balts\/#primaryimage","url":"https:\/\/miumjau.ee\/wp-content\/uploads\/2025\/12\/kraapimispost-petrebels-mainecoon1273.jpg","contentUrl":"https:\/\/miumjau.ee\/wp-content\/uploads\/2025\/12\/kraapimispost-petrebels-mainecoon1273.jpg","width":600,"height":800,"caption":"Kraapimispost Petrebels Maine Coon 127, white"},{"@type":"BreadcrumbList","@id":"https:\/\/miumjau.ee\/lv\/produkts\/skrapejamais-stabs-petrebels-maine-coon-127-balts\/#breadcrumb","itemListElement":[{"@type":"ListItem","position":1,"name":"Home","item":"https:\/\/miumjau.ee\/lv\/"},{"@type":"ListItem","position":2,"name":"Veikals","item":"https:\/\/miumjau.ee\/lv\/veikals\/"},{"@type":"ListItem","position":3,"name":"Skr\u0101p\u0113jamais stabs Petrebels Maine Coon 127, balts"}]},{"@type":"WebSite","@id":"https:\/\/miumjau.ee\/#website","url":"https:\/\/miumjau.ee\/","name":"MiuMjau","description":"Kraapimispuud kassidele","publisher":{"@id":"https:\/\/miumjau.ee\/#organization"},"potentialAction":[{"@type":"SearchAction","target":{"@type":"EntryPoint","urlTemplate":"https:\/\/miumjau.ee\/?s={search_term_string}"},"query-input":{"@type":"PropertyValueSpecification","valueRequired":true,"valueName":"search_term_string"}}],"inLanguage":"lv-LV"},{"@type":"Organization","@id":"https:\/\/miumjau.ee\/#organization","name":"MiuMjau O\u00dc","url":"https:\/\/miumjau.ee\/","logo":{"@type":"ImageObject","inLanguage":"lv-LV","@id":"https:\/\/miumjau.ee\/#\/schema\/logo\/image\/","url":"https:\/\/miumjau.ee\/wp-content\/uploads\/2022\/04\/MiuMjau-logo-kollane.png","contentUrl":"https:\/\/miumjau.ee\/wp-content\/uploads\/2022\/04\/MiuMjau-logo-kollane.png","width":219,"height":100,"caption":"MiuMjau O\u00dc"},"image":{"@id":"https:\/\/miumjau.ee\/#\/schema\/logo\/image\/"},"sameAs":["https:\/\/www.facebook.com\/miumjaupood\/"]}]}},"_links":{"self":[{"href":"https:\/\/miumjau.ee\/lv\/wp-json\/wp\/v2\/product\/48366","targetHints":{"allow":["GET"]}}],"collection":[{"href":"https:\/\/miumjau.ee\/lv\/wp-json\/wp\/v2\/product"}],"about":[{"href":"https:\/\/miumjau.ee\/lv\/wp-json\/wp\/v2\/types\/product"}],"wp:featuredmedia":[{"embeddable":true,"href":"https:\/\/miumjau.ee\/lv\/wp-json\/wp\/v2\/media\/48284"}],"wp:attachment":[{"href":"https:\/\/miumjau.ee\/lv\/wp-json\/wp\/v2\/media?parent=48366"}],"wp:term":[{"taxonomy":"product_brand","embeddable":true,"href":"https:\/\/miumjau.ee\/lv\/wp-json\/wp\/v2\/product_brand?post=48366"},{"taxonomy":"product_cat","embeddable":true,"href":"https:\/\/miumjau.ee\/lv\/wp-json\/wp\/v2\/product_cat?post=48366"},{"taxonomy":"product_tag","embeddable":true,"href":"https:\/\/miumjau.ee\/lv\/wp-json\/wp\/v2\/product_tag?post=48366"}],"curies":[{"name":"wp","href":"https:\/\/api.w.org\/{rel}","templated":true}]}}