{"id":48351,"date":"2025-12-15T21:15:50","date_gmt":"2025-12-15T19:15:50","guid":{"rendered":"https:\/\/miumjau.ee\/toode\/kaku-skrapejamais-koks-petrebels-lodge-150-peleks\/"},"modified":"2026-01-07T21:18:58","modified_gmt":"2026-01-07T19:18:58","slug":"kaku-skrapejamais-koks-petrebels-lodge-150-peleks","status":"publish","type":"product","link":"https:\/\/miumjau.ee\/lv\/produkts\/kaku-skrapejamais-koks-petrebels-lodge-150-peleks\/","title":{"rendered":"Ka\u0137u skr\u0101p\u0113jamais koks Petrebels Lodge 150, pel\u0113ks"},"content":{"rendered":"","protected":false},"excerpt":{"rendered":"<p data-start=\"3531\" data-end=\"3585\">Kompakts, m\u0101j\u012bgs un \u0113rts skr\u0101p\u0113jamais koks j\u016bsu ka\u0137im.<\/p>\n<p data-start=\"3587\" data-end=\"3707\">\ud83d\udc3e <strong data-start=\"3590\" data-end=\"3611\">Galven\u0101s \u012bpa\u0161\u012bbas<\/strong><br data-start=\"3611\" data-end=\"3614\" \/>2 \u0113rtas gu\u013cvietas \u2013 apak\u0161\u0113j\u0101 un aug\u0161\u0113j\u0101 m\u0101ji\u0146a ir piem\u0113rota gan jauniem, gan vec\u0101kiem ka\u0137iem.<\/p>\n<p data-start=\"3709\" data-end=\"3775\">Piek\u0101rts \u0161\u016bpu\u013ct\u012bkls, kur ka\u0137is var atp\u016bsties un \u0113rti saritin\u0101ties.<\/p>\n<p data-start=\"3777\" data-end=\"3842\">Pla\u0161s aug\u0161\u0113jais atp\u016btas grozs \u2013 ide\u0101la vieta mier\u012bgam snaudienam.<\/p>\n<p data-start=\"3844\" data-end=\"3939\">Biezi ar sizalu p\u0101rkl\u0101ti stabi nodro\u0161ina pietiekami daudz vietas nagu asin\u0101\u0161anai un stiep\u0161anai.<\/p>\n<p data-start=\"3941\" data-end=\"4013\">Grezns, m\u012bksts pl\u012b\u0161a p\u0101rkl\u0101jums, kas lieliski iederas jebkur\u0101 interjer\u0101.<\/p>\n<p data-start=\"4015\" data-end=\"4136\">\ud83d\ude3a <strong data-start=\"4018\" data-end=\"4068\">K\u0101p\u0113c \u0161is skr\u0101p\u0113jamais koks ir lieliska izv\u0113le<\/strong><br data-start=\"4068\" data-end=\"4071\" \/>Piem\u0113rots visiem ka\u0137iem \u2013 maziem un lieliem, jauniem un vec\u0101kiem.<\/p>\n<p data-start=\"4138\" data-end=\"4244\">Kompakts, bet pied\u0101v\u0101 vair\u0101k, nek\u0101 \u0161\u0137iet no pirm\u0101 acu uzmetiena \u2013 vair\u0101ki l\u012bme\u0146i, rota\u013cu un atp\u016btas zonas.<\/p>\n<p data-start=\"4246\" data-end=\"4327\">Pateicoties stabilajai konstrukcijai, piem\u0113rots divu vai vair\u0101ku ka\u0137u lieto\u0161anai.<\/p>\n<p data-start=\"4329\" data-end=\"4425\">Stabu diametrs: 9 cm.<br data-start=\"4350\" data-end=\"4353\" \/>Produkta neto svars: 36,85 kg, iepakojum\u0101: 38 kg. Pieg\u0101d\u0101ts vien\u0101 kast\u0113.<\/p>\n<p data-start=\"4427\" data-end=\"4551\">Ide\u0101la izv\u0113le, ja v\u0113laties savam ka\u0137im nodro\u0161in\u0101t \u0113rtu un stil\u012bgu atp\u016btas un rota\u013cu vietu, kas labi iederas m\u0101jas interjer\u0101.<\/p>\n","protected":false},"featured_media":48302,"template":"","meta":[],"product_brand":[],"product_cat":[583,582],"product_tag":[],"class_list":{"0":"post-48351","1":"product","2":"type-product","3":"status-publish","4":"has-post-thumbnail","6":"product_cat-petrebels-produkti-smagiem-kakiem","7":"product_cat-videji-skrapesanas-koki-petrebels","8":"product_shipping_class-pakiautomaati-sobimatu-lv","10":"first","11":"instock","12":"taxable","13":"shipping-taxable","14":"purchasable","15":"product-type-simple"},"yoast_head":"<!-- This site is optimized with the Yoast SEO plugin v27.4 - https:\/\/yoast.com\/product\/yoast-seo-wordpress\/ -->\n<title>Ka\u0137u skr\u0101p\u0113jamais koks Petrebels Lodge 150, pel\u0113ks - MiuMjau<\/title>\n<meta name=\"robots\" content=\"index, follow, max-snippet:-1, max-image-preview:large, max-video-preview:-1\" \/>\n<link rel=\"canonical\" href=\"https:\/\/miumjau.ee\/lv\/produkts\/kaku-skrapejamais-koks-petrebels-lodge-150-peleks\/\" \/>\n<meta property=\"og:locale\" content=\"lv_LV\" \/>\n<meta property=\"og:type\" content=\"article\" \/>\n<meta property=\"og:title\" content=\"Ka\u0137u skr\u0101p\u0113jamais koks Petrebels Lodge 150, pel\u0113ks - MiuMjau\" \/>\n<meta property=\"og:description\" content=\"Kompakts, m\u0101j\u012bgs un \u0113rts skr\u0101p\u0113jamais koks j\u016bsu ka\u0137im. \ud83d\udc3e Galven\u0101s \u012bpa\u0161\u012bbas2 \u0113rtas gu\u013cvietas \u2013 apak\u0161\u0113j\u0101 un aug\u0161\u0113j\u0101 m\u0101ji\u0146a ir piem\u0113rota gan jauniem, gan vec\u0101kiem ka\u0137iem. Piek\u0101rts \u0161\u016bpu\u013ct\u012bkls, kur ka\u0137is var atp\u016bsties un \u0113rti saritin\u0101ties. Pla\u0161s aug\u0161\u0113jais atp\u016btas grozs \u2013 ide\u0101la vieta mier\u012bgam snaudienam. Biezi ar sizalu p\u0101rkl\u0101ti stabi nodro\u0161ina pietiekami daudz vietas nagu asin\u0101\u0161anai un stiep\u0161anai. Grezns, m\u012bksts pl\u012b\u0161a p\u0101rkl\u0101jums, kas lieliski iederas jebkur\u0101 interjer\u0101. \ud83d\ude3a K\u0101p\u0113c \u0161is skr\u0101p\u0113jamais koks ir lieliska izv\u0113lePiem\u0113rots visiem ka\u0137iem \u2013 maziem un lieliem, jauniem un vec\u0101kiem. Kompakts, bet pied\u0101v\u0101 vair\u0101k, nek\u0101 \u0161\u0137iet no pirm\u0101 acu uzmetiena \u2013 vair\u0101ki l\u012bme\u0146i, rota\u013cu un atp\u016btas zonas. Pateicoties stabilajai konstrukcijai, piem\u0113rots divu vai vair\u0101ku ka\u0137u lieto\u0161anai. Stabu diametrs: 9 cm.Produkta neto svars: 36,85 kg, iepakojum\u0101: 38 kg. Pieg\u0101d\u0101ts vien\u0101 kast\u0113. Ide\u0101la izv\u0113le, ja v\u0113laties savam ka\u0137im nodro\u0161in\u0101t \u0113rtu un stil\u012bgu atp\u016btas un rota\u013cu vietu, kas labi iederas m\u0101jas interjer\u0101.\" \/>\n<meta property=\"og:url\" content=\"https:\/\/miumjau.ee\/lv\/produkts\/kaku-skrapejamais-koks-petrebels-lodge-150-peleks\/\" \/>\n<meta property=\"og:site_name\" content=\"MiuMjau\" \/>\n<meta property=\"article:publisher\" content=\"https:\/\/www.facebook.com\/miumjaupood\/\" \/>\n<meta property=\"article:modified_time\" content=\"2026-01-07T19:18:58+00:00\" \/>\n<meta property=\"og:image\" content=\"https:\/\/miumjau.ee\/wp-content\/uploads\/2025\/12\/ronimispuu-petrebels-lodge1504.jpg\" \/>\n\t<meta property=\"og:image:width\" content=\"600\" \/>\n\t<meta property=\"og:image:height\" content=\"800\" \/>\n\t<meta property=\"og:image:type\" content=\"image\/jpeg\" \/>\n<meta name=\"twitter:card\" content=\"summary_large_image\" \/>\n<script type=\"application\/ld+json\" class=\"yoast-schema-graph\">{\"@context\":\"https:\\\/\\\/schema.org\",\"@graph\":[{\"@type\":\"WebPage\",\"@id\":\"https:\\\/\\\/miumjau.ee\\\/lv\\\/produkts\\\/kaku-skrapejamais-koks-petrebels-lodge-150-peleks\\\/\",\"url\":\"https:\\\/\\\/miumjau.ee\\\/lv\\\/produkts\\\/kaku-skrapejamais-koks-petrebels-lodge-150-peleks\\\/\",\"name\":\"Ka\u0137u skr\u0101p\u0113jamais koks Petrebels Lodge 150, pel\u0113ks - MiuMjau\",\"isPartOf\":{\"@id\":\"https:\\\/\\\/miumjau.ee\\\/#website\"},\"primaryImageOfPage\":{\"@id\":\"https:\\\/\\\/miumjau.ee\\\/lv\\\/produkts\\\/kaku-skrapejamais-koks-petrebels-lodge-150-peleks\\\/#primaryimage\"},\"image\":{\"@id\":\"https:\\\/\\\/miumjau.ee\\\/lv\\\/produkts\\\/kaku-skrapejamais-koks-petrebels-lodge-150-peleks\\\/#primaryimage\"},\"thumbnailUrl\":\"https:\\\/\\\/miumjau.ee\\\/wp-content\\\/uploads\\\/2025\\\/12\\\/ronimispuu-petrebels-lodge1504.jpg\",\"datePublished\":\"2025-12-15T19:15:50+00:00\",\"dateModified\":\"2026-01-07T19:18:58+00:00\",\"breadcrumb\":{\"@id\":\"https:\\\/\\\/miumjau.ee\\\/lv\\\/produkts\\\/kaku-skrapejamais-koks-petrebels-lodge-150-peleks\\\/#breadcrumb\"},\"inLanguage\":\"lv-LV\",\"potentialAction\":[{\"@type\":\"ReadAction\",\"target\":[\"https:\\\/\\\/miumjau.ee\\\/lv\\\/produkts\\\/kaku-skrapejamais-koks-petrebels-lodge-150-peleks\\\/\"]}]},{\"@type\":\"ImageObject\",\"inLanguage\":\"lv-LV\",\"@id\":\"https:\\\/\\\/miumjau.ee\\\/lv\\\/produkts\\\/kaku-skrapejamais-koks-petrebels-lodge-150-peleks\\\/#primaryimage\",\"url\":\"https:\\\/\\\/miumjau.ee\\\/wp-content\\\/uploads\\\/2025\\\/12\\\/ronimispuu-petrebels-lodge1504.jpg\",\"contentUrl\":\"https:\\\/\\\/miumjau.ee\\\/wp-content\\\/uploads\\\/2025\\\/12\\\/ronimispuu-petrebels-lodge1504.jpg\",\"width\":600,\"height\":800,\"caption\":\"Ronimispuu Petrebels Lodge 150, hall\"},{\"@type\":\"BreadcrumbList\",\"@id\":\"https:\\\/\\\/miumjau.ee\\\/lv\\\/produkts\\\/kaku-skrapejamais-koks-petrebels-lodge-150-peleks\\\/#breadcrumb\",\"itemListElement\":[{\"@type\":\"ListItem\",\"position\":1,\"name\":\"Home\",\"item\":\"https:\\\/\\\/miumjau.ee\\\/lv\\\/\"},{\"@type\":\"ListItem\",\"position\":2,\"name\":\"Veikals\",\"item\":\"https:\\\/\\\/miumjau.ee\\\/lv\\\/veikals\\\/\"},{\"@type\":\"ListItem\",\"position\":3,\"name\":\"Ka\u0137u skr\u0101p\u0113jamais koks Petrebels Lodge 150, pel\u0113ks\"}]},{\"@type\":\"WebSite\",\"@id\":\"https:\\\/\\\/miumjau.ee\\\/#website\",\"url\":\"https:\\\/\\\/miumjau.ee\\\/\",\"name\":\"MiuMjau\",\"description\":\"Kraapimispuud kassidele\",\"publisher\":{\"@id\":\"https:\\\/\\\/miumjau.ee\\\/#organization\"},\"potentialAction\":[{\"@type\":\"SearchAction\",\"target\":{\"@type\":\"EntryPoint\",\"urlTemplate\":\"https:\\\/\\\/miumjau.ee\\\/?s={search_term_string}\"},\"query-input\":{\"@type\":\"PropertyValueSpecification\",\"valueRequired\":true,\"valueName\":\"search_term_string\"}}],\"inLanguage\":\"lv-LV\"},{\"@type\":\"Organization\",\"@id\":\"https:\\\/\\\/miumjau.ee\\\/#organization\",\"name\":\"MiuMjau O\u00dc\",\"url\":\"https:\\\/\\\/miumjau.ee\\\/\",\"logo\":{\"@type\":\"ImageObject\",\"inLanguage\":\"lv-LV\",\"@id\":\"https:\\\/\\\/miumjau.ee\\\/#\\\/schema\\\/logo\\\/image\\\/\",\"url\":\"https:\\\/\\\/miumjau.ee\\\/wp-content\\\/uploads\\\/2022\\\/04\\\/MiuMjau-logo-kollane.png\",\"contentUrl\":\"https:\\\/\\\/miumjau.ee\\\/wp-content\\\/uploads\\\/2022\\\/04\\\/MiuMjau-logo-kollane.png\",\"width\":219,\"height\":100,\"caption\":\"MiuMjau O\u00dc\"},\"image\":{\"@id\":\"https:\\\/\\\/miumjau.ee\\\/#\\\/schema\\\/logo\\\/image\\\/\"},\"sameAs\":[\"https:\\\/\\\/www.facebook.com\\\/miumjaupood\\\/\"]}]}<\/script>\n<!-- \/ Yoast SEO plugin. -->","yoast_head_json":{"title":"Ka\u0137u skr\u0101p\u0113jamais koks Petrebels Lodge 150, pel\u0113ks - MiuMjau","robots":{"index":"index","follow":"follow","max-snippet":"max-snippet:-1","max-image-preview":"max-image-preview:large","max-video-preview":"max-video-preview:-1"},"canonical":"https:\/\/miumjau.ee\/lv\/produkts\/kaku-skrapejamais-koks-petrebels-lodge-150-peleks\/","og_locale":"lv_LV","og_type":"article","og_title":"Ka\u0137u skr\u0101p\u0113jamais koks Petrebels Lodge 150, pel\u0113ks - MiuMjau","og_description":"Kompakts, m\u0101j\u012bgs un \u0113rts skr\u0101p\u0113jamais koks j\u016bsu ka\u0137im. \ud83d\udc3e Galven\u0101s \u012bpa\u0161\u012bbas2 \u0113rtas gu\u013cvietas \u2013 apak\u0161\u0113j\u0101 un aug\u0161\u0113j\u0101 m\u0101ji\u0146a ir piem\u0113rota gan jauniem, gan vec\u0101kiem ka\u0137iem. Piek\u0101rts \u0161\u016bpu\u013ct\u012bkls, kur ka\u0137is var atp\u016bsties un \u0113rti saritin\u0101ties. Pla\u0161s aug\u0161\u0113jais atp\u016btas grozs \u2013 ide\u0101la vieta mier\u012bgam snaudienam. Biezi ar sizalu p\u0101rkl\u0101ti stabi nodro\u0161ina pietiekami daudz vietas nagu asin\u0101\u0161anai un stiep\u0161anai. Grezns, m\u012bksts pl\u012b\u0161a p\u0101rkl\u0101jums, kas lieliski iederas jebkur\u0101 interjer\u0101. \ud83d\ude3a K\u0101p\u0113c \u0161is skr\u0101p\u0113jamais koks ir lieliska izv\u0113lePiem\u0113rots visiem ka\u0137iem \u2013 maziem un lieliem, jauniem un vec\u0101kiem. Kompakts, bet pied\u0101v\u0101 vair\u0101k, nek\u0101 \u0161\u0137iet no pirm\u0101 acu uzmetiena \u2013 vair\u0101ki l\u012bme\u0146i, rota\u013cu un atp\u016btas zonas. Pateicoties stabilajai konstrukcijai, piem\u0113rots divu vai vair\u0101ku ka\u0137u lieto\u0161anai. Stabu diametrs: 9 cm.Produkta neto svars: 36,85 kg, iepakojum\u0101: 38 kg. Pieg\u0101d\u0101ts vien\u0101 kast\u0113. Ide\u0101la izv\u0113le, ja v\u0113laties savam ka\u0137im nodro\u0161in\u0101t \u0113rtu un stil\u012bgu atp\u016btas un rota\u013cu vietu, kas labi iederas m\u0101jas interjer\u0101.","og_url":"https:\/\/miumjau.ee\/lv\/produkts\/kaku-skrapejamais-koks-petrebels-lodge-150-peleks\/","og_site_name":"MiuMjau","article_publisher":"https:\/\/www.facebook.com\/miumjaupood\/","article_modified_time":"2026-01-07T19:18:58+00:00","og_image":[{"width":600,"height":800,"url":"https:\/\/miumjau.ee\/wp-content\/uploads\/2025\/12\/ronimispuu-petrebels-lodge1504.jpg","type":"image\/jpeg"}],"twitter_card":"summary_large_image","schema":{"@context":"https:\/\/schema.org","@graph":[{"@type":"WebPage","@id":"https:\/\/miumjau.ee\/lv\/produkts\/kaku-skrapejamais-koks-petrebels-lodge-150-peleks\/","url":"https:\/\/miumjau.ee\/lv\/produkts\/kaku-skrapejamais-koks-petrebels-lodge-150-peleks\/","name":"Ka\u0137u skr\u0101p\u0113jamais koks Petrebels Lodge 150, pel\u0113ks - MiuMjau","isPartOf":{"@id":"https:\/\/miumjau.ee\/#website"},"primaryImageOfPage":{"@id":"https:\/\/miumjau.ee\/lv\/produkts\/kaku-skrapejamais-koks-petrebels-lodge-150-peleks\/#primaryimage"},"image":{"@id":"https:\/\/miumjau.ee\/lv\/produkts\/kaku-skrapejamais-koks-petrebels-lodge-150-peleks\/#primaryimage"},"thumbnailUrl":"https:\/\/miumjau.ee\/wp-content\/uploads\/2025\/12\/ronimispuu-petrebels-lodge1504.jpg","datePublished":"2025-12-15T19:15:50+00:00","dateModified":"2026-01-07T19:18:58+00:00","breadcrumb":{"@id":"https:\/\/miumjau.ee\/lv\/produkts\/kaku-skrapejamais-koks-petrebels-lodge-150-peleks\/#breadcrumb"},"inLanguage":"lv-LV","potentialAction":[{"@type":"ReadAction","target":["https:\/\/miumjau.ee\/lv\/produkts\/kaku-skrapejamais-koks-petrebels-lodge-150-peleks\/"]}]},{"@type":"ImageObject","inLanguage":"lv-LV","@id":"https:\/\/miumjau.ee\/lv\/produkts\/kaku-skrapejamais-koks-petrebels-lodge-150-peleks\/#primaryimage","url":"https:\/\/miumjau.ee\/wp-content\/uploads\/2025\/12\/ronimispuu-petrebels-lodge1504.jpg","contentUrl":"https:\/\/miumjau.ee\/wp-content\/uploads\/2025\/12\/ronimispuu-petrebels-lodge1504.jpg","width":600,"height":800,"caption":"Ronimispuu Petrebels Lodge 150, hall"},{"@type":"BreadcrumbList","@id":"https:\/\/miumjau.ee\/lv\/produkts\/kaku-skrapejamais-koks-petrebels-lodge-150-peleks\/#breadcrumb","itemListElement":[{"@type":"ListItem","position":1,"name":"Home","item":"https:\/\/miumjau.ee\/lv\/"},{"@type":"ListItem","position":2,"name":"Veikals","item":"https:\/\/miumjau.ee\/lv\/veikals\/"},{"@type":"ListItem","position":3,"name":"Ka\u0137u skr\u0101p\u0113jamais koks Petrebels Lodge 150, pel\u0113ks"}]},{"@type":"WebSite","@id":"https:\/\/miumjau.ee\/#website","url":"https:\/\/miumjau.ee\/","name":"MiuMjau","description":"Kraapimispuud kassidele","publisher":{"@id":"https:\/\/miumjau.ee\/#organization"},"potentialAction":[{"@type":"SearchAction","target":{"@type":"EntryPoint","urlTemplate":"https:\/\/miumjau.ee\/?s={search_term_string}"},"query-input":{"@type":"PropertyValueSpecification","valueRequired":true,"valueName":"search_term_string"}}],"inLanguage":"lv-LV"},{"@type":"Organization","@id":"https:\/\/miumjau.ee\/#organization","name":"MiuMjau O\u00dc","url":"https:\/\/miumjau.ee\/","logo":{"@type":"ImageObject","inLanguage":"lv-LV","@id":"https:\/\/miumjau.ee\/#\/schema\/logo\/image\/","url":"https:\/\/miumjau.ee\/wp-content\/uploads\/2022\/04\/MiuMjau-logo-kollane.png","contentUrl":"https:\/\/miumjau.ee\/wp-content\/uploads\/2022\/04\/MiuMjau-logo-kollane.png","width":219,"height":100,"caption":"MiuMjau O\u00dc"},"image":{"@id":"https:\/\/miumjau.ee\/#\/schema\/logo\/image\/"},"sameAs":["https:\/\/www.facebook.com\/miumjaupood\/"]}]}},"_links":{"self":[{"href":"https:\/\/miumjau.ee\/lv\/wp-json\/wp\/v2\/product\/48351","targetHints":{"allow":["GET"]}}],"collection":[{"href":"https:\/\/miumjau.ee\/lv\/wp-json\/wp\/v2\/product"}],"about":[{"href":"https:\/\/miumjau.ee\/lv\/wp-json\/wp\/v2\/types\/product"}],"wp:featuredmedia":[{"embeddable":true,"href":"https:\/\/miumjau.ee\/lv\/wp-json\/wp\/v2\/media\/48302"}],"wp:attachment":[{"href":"https:\/\/miumjau.ee\/lv\/wp-json\/wp\/v2\/media?parent=48351"}],"wp:term":[{"taxonomy":"product_brand","embeddable":true,"href":"https:\/\/miumjau.ee\/lv\/wp-json\/wp\/v2\/product_brand?post=48351"},{"taxonomy":"product_cat","embeddable":true,"href":"https:\/\/miumjau.ee\/lv\/wp-json\/wp\/v2\/product_cat?post=48351"},{"taxonomy":"product_tag","embeddable":true,"href":"https:\/\/miumjau.ee\/lv\/wp-json\/wp\/v2\/product_tag?post=48351"}],"curies":[{"name":"wp","href":"https:\/\/api.w.org\/{rel}","templated":true}]}}