{"id":48279,"date":"2025-12-15T20:41:14","date_gmt":"2025-12-15T18:41:14","guid":{"rendered":"https:\/\/miumjau.ee\/toode\/kaku-skrapejamais-koks-petrebels-charlotte-134-pepper\/"},"modified":"2026-01-07T21:18:58","modified_gmt":"2026-01-07T19:18:58","slug":"kaku-skrapejamais-koks-petrebels-charlotte-134-pepper","status":"publish","type":"product","link":"https:\/\/miumjau.ee\/lv\/produkts\/kaku-skrapejamais-koks-petrebels-charlotte-134-pepper\/","title":{"rendered":"Ka\u0137u skr\u0101p\u0113jamais koks Petrebels Charlotte 134, pepper"},"content":{"rendered":"","protected":false},"excerpt":{"rendered":"<p data-start=\"60\" data-end=\"292\">Modelis Charlotte ir izstr\u0101d\u0101ts, galvenok\u0101rt dom\u0101jot par kompaktumu, lai kvalitat\u012bvu skr\u0101p\u0113jamo koku var\u0113tu at\u013cauties ar\u012b tie, kuriem nav daudz br\u012bvas gr\u012bdas plat\u012bbas. Tom\u0113r ka\u0137im taj\u0101 ir viss, kas nepiecie\u0161ams no skr\u0101p\u0113jam\u0101 koka.<\/p>\n<p data-start=\"294\" data-end=\"741\">Visi 9 cm diametra stabi ir piln\u012bb\u0101 p\u0101rkl\u0101ti ar augstas kvalit\u0101tes sisala skr\u0101p\u0113\u0161anas virvi. K\u0101p\u0161anai paredz\u0113ti vair\u0101ki da\u017e\u0101dos augstumos izvietoti l\u012bme\u0146i, mier\u012bgai snaudai \u2013 sl\u0113gta m\u0101ji\u0146a, bet atp\u016btai \u2013 izvirz\u012bta gu\u013cvieta. Pats svar\u012bg\u0101kais \u2013 aug\u0161pus\u0113 eso\u0161\u0101 skatu platforma \u013cauj ka\u0137im uzraudz\u012bt visu, kas notiek apk\u0101rt. Skr\u0101p\u0113jamajam kokam ir pastiprin\u0101ta pamatne, kas nodro\u0161ina dro\u0161\u012bbu un stabilit\u0101ti. Piem\u0113rots ar\u012b liel\u0101kiem un smag\u0101kiem ka\u0137iem.<\/p>\n<p data-start=\"743\" data-end=\"925\" data-is-last-node=\"\" data-is-only-node=\"\">Produkta svars \u2013 23,1 kg, ar iepakojumu \u2013 25,1 kg<br data-start=\"792\" data-end=\"795\" \/>Skr\u0101p\u0113jam\u0101 koka izm\u0113ri: 59 \u00d7 56 \u00d7 134 cm (garums, platums, augstums)<br data-start=\"863\" data-end=\"866\" \/>Stabu diametrs \u2013 9 cm<br data-start=\"887\" data-end=\"890\" \/>M\u0101ji\u0146a \u2013 40 \u00d7 40 cm, augstums 30 cm<\/p>\n","protected":false},"featured_media":48273,"template":"","meta":[],"product_brand":[],"product_cat":[582,573],"product_tag":[],"class_list":{"0":"post-48279","1":"product","2":"type-product","3":"status-publish","4":"has-post-thumbnail","6":"product_cat-videji-skrapesanas-koki-petrebels","7":"product_cat-kaup24-lv","8":"product_shipping_class-pakiautomaati-sobimatu-lv","10":"first","11":"instock","12":"taxable","13":"shipping-taxable","14":"purchasable","15":"product-type-simple"},"yoast_head":"<!-- This site is optimized with the Yoast SEO plugin v27.2 - https:\/\/yoast.com\/product\/yoast-seo-wordpress\/ -->\n<title>Ka\u0137u skr\u0101p\u0113jamais koks Petrebels Charlotte 134, pepper - MiuMjau<\/title>\n<meta name=\"robots\" content=\"index, follow, max-snippet:-1, max-image-preview:large, max-video-preview:-1\" \/>\n<link rel=\"canonical\" href=\"https:\/\/miumjau.ee\/lv\/produkts\/kaku-skrapejamais-koks-petrebels-charlotte-134-pepper\/\" \/>\n<meta property=\"og:locale\" content=\"lv_LV\" \/>\n<meta property=\"og:type\" content=\"article\" \/>\n<meta property=\"og:title\" content=\"Ka\u0137u skr\u0101p\u0113jamais koks Petrebels Charlotte 134, pepper - MiuMjau\" \/>\n<meta property=\"og:description\" content=\"Modelis Charlotte ir izstr\u0101d\u0101ts, galvenok\u0101rt dom\u0101jot par kompaktumu, lai kvalitat\u012bvu skr\u0101p\u0113jamo koku var\u0113tu at\u013cauties ar\u012b tie, kuriem nav daudz br\u012bvas gr\u012bdas plat\u012bbas. Tom\u0113r ka\u0137im taj\u0101 ir viss, kas nepiecie\u0161ams no skr\u0101p\u0113jam\u0101 koka. Visi 9 cm diametra stabi ir piln\u012bb\u0101 p\u0101rkl\u0101ti ar augstas kvalit\u0101tes sisala skr\u0101p\u0113\u0161anas virvi. K\u0101p\u0161anai paredz\u0113ti vair\u0101ki da\u017e\u0101dos augstumos izvietoti l\u012bme\u0146i, mier\u012bgai snaudai \u2013 sl\u0113gta m\u0101ji\u0146a, bet atp\u016btai \u2013 izvirz\u012bta gu\u013cvieta. Pats svar\u012bg\u0101kais \u2013 aug\u0161pus\u0113 eso\u0161\u0101 skatu platforma \u013cauj ka\u0137im uzraudz\u012bt visu, kas notiek apk\u0101rt. Skr\u0101p\u0113jamajam kokam ir pastiprin\u0101ta pamatne, kas nodro\u0161ina dro\u0161\u012bbu un stabilit\u0101ti. Piem\u0113rots ar\u012b liel\u0101kiem un smag\u0101kiem ka\u0137iem. Produkta svars \u2013 23,1 kg, ar iepakojumu \u2013 25,1 kgSkr\u0101p\u0113jam\u0101 koka izm\u0113ri: 59 \u00d7 56 \u00d7 134 cm (garums, platums, augstums)Stabu diametrs \u2013 9 cmM\u0101ji\u0146a \u2013 40 \u00d7 40 cm, augstums 30 cm\" \/>\n<meta property=\"og:url\" content=\"https:\/\/miumjau.ee\/lv\/produkts\/kaku-skrapejamais-koks-petrebels-charlotte-134-pepper\/\" \/>\n<meta property=\"og:site_name\" content=\"MiuMjau\" \/>\n<meta property=\"article:publisher\" content=\"https:\/\/www.facebook.com\/miumjaupood\/\" \/>\n<meta property=\"article:modified_time\" content=\"2026-01-07T19:18:58+00:00\" \/>\n<meta property=\"og:image\" content=\"https:\/\/miumjau.ee\/wp-content\/uploads\/2025\/12\/435874-Charlotte-134-PR.jpg\" \/>\n\t<meta property=\"og:image:width\" content=\"600\" \/>\n\t<meta property=\"og:image:height\" content=\"800\" \/>\n\t<meta property=\"og:image:type\" content=\"image\/jpeg\" \/>\n<meta name=\"twitter:card\" content=\"summary_large_image\" \/>\n<script type=\"application\/ld+json\" class=\"yoast-schema-graph\">{\"@context\":\"https:\/\/schema.org\",\"@graph\":[{\"@type\":\"WebPage\",\"@id\":\"https:\/\/miumjau.ee\/lv\/produkts\/kaku-skrapejamais-koks-petrebels-charlotte-134-pepper\/\",\"url\":\"https:\/\/miumjau.ee\/lv\/produkts\/kaku-skrapejamais-koks-petrebels-charlotte-134-pepper\/\",\"name\":\"Ka\u0137u skr\u0101p\u0113jamais koks Petrebels Charlotte 134, pepper - MiuMjau\",\"isPartOf\":{\"@id\":\"https:\/\/miumjau.ee\/#website\"},\"primaryImageOfPage\":{\"@id\":\"https:\/\/miumjau.ee\/lv\/produkts\/kaku-skrapejamais-koks-petrebels-charlotte-134-pepper\/#primaryimage\"},\"image\":{\"@id\":\"https:\/\/miumjau.ee\/lv\/produkts\/kaku-skrapejamais-koks-petrebels-charlotte-134-pepper\/#primaryimage\"},\"thumbnailUrl\":\"https:\/\/miumjau.ee\/wp-content\/uploads\/2025\/12\/435874-Charlotte-134-PR.jpg\",\"datePublished\":\"2025-12-15T18:41:14+00:00\",\"dateModified\":\"2026-01-07T19:18:58+00:00\",\"breadcrumb\":{\"@id\":\"https:\/\/miumjau.ee\/lv\/produkts\/kaku-skrapejamais-koks-petrebels-charlotte-134-pepper\/#breadcrumb\"},\"inLanguage\":\"lv-LV\",\"potentialAction\":[{\"@type\":\"ReadAction\",\"target\":[\"https:\/\/miumjau.ee\/lv\/produkts\/kaku-skrapejamais-koks-petrebels-charlotte-134-pepper\/\"]}]},{\"@type\":\"ImageObject\",\"inLanguage\":\"lv-LV\",\"@id\":\"https:\/\/miumjau.ee\/lv\/produkts\/kaku-skrapejamais-koks-petrebels-charlotte-134-pepper\/#primaryimage\",\"url\":\"https:\/\/miumjau.ee\/wp-content\/uploads\/2025\/12\/435874-Charlotte-134-PR.jpg\",\"contentUrl\":\"https:\/\/miumjau.ee\/wp-content\/uploads\/2025\/12\/435874-Charlotte-134-PR.jpg\",\"width\":600,\"height\":800,\"caption\":\"Kraapimispuu Petrebels Charlotte 134, pepper\"},{\"@type\":\"BreadcrumbList\",\"@id\":\"https:\/\/miumjau.ee\/lv\/produkts\/kaku-skrapejamais-koks-petrebels-charlotte-134-pepper\/#breadcrumb\",\"itemListElement\":[{\"@type\":\"ListItem\",\"position\":1,\"name\":\"Home\",\"item\":\"https:\/\/miumjau.ee\/lv\/\"},{\"@type\":\"ListItem\",\"position\":2,\"name\":\"Veikals\",\"item\":\"https:\/\/miumjau.ee\/lv\/veikals\/\"},{\"@type\":\"ListItem\",\"position\":3,\"name\":\"Ka\u0137u skr\u0101p\u0113jamais koks Petrebels Charlotte 134, pepper\"}]},{\"@type\":\"WebSite\",\"@id\":\"https:\/\/miumjau.ee\/#website\",\"url\":\"https:\/\/miumjau.ee\/\",\"name\":\"MiuMjau\",\"description\":\"Kraapimispuud kassidele\",\"publisher\":{\"@id\":\"https:\/\/miumjau.ee\/#organization\"},\"potentialAction\":[{\"@type\":\"SearchAction\",\"target\":{\"@type\":\"EntryPoint\",\"urlTemplate\":\"https:\/\/miumjau.ee\/?s={search_term_string}\"},\"query-input\":{\"@type\":\"PropertyValueSpecification\",\"valueRequired\":true,\"valueName\":\"search_term_string\"}}],\"inLanguage\":\"lv-LV\"},{\"@type\":\"Organization\",\"@id\":\"https:\/\/miumjau.ee\/#organization\",\"name\":\"MiuMjau O\u00dc\",\"url\":\"https:\/\/miumjau.ee\/\",\"logo\":{\"@type\":\"ImageObject\",\"inLanguage\":\"lv-LV\",\"@id\":\"https:\/\/miumjau.ee\/#\/schema\/logo\/image\/\",\"url\":\"https:\/\/miumjau.ee\/wp-content\/uploads\/2022\/04\/MiuMjau-logo-kollane.png\",\"contentUrl\":\"https:\/\/miumjau.ee\/wp-content\/uploads\/2022\/04\/MiuMjau-logo-kollane.png\",\"width\":219,\"height\":100,\"caption\":\"MiuMjau O\u00dc\"},\"image\":{\"@id\":\"https:\/\/miumjau.ee\/#\/schema\/logo\/image\/\"},\"sameAs\":[\"https:\/\/www.facebook.com\/miumjaupood\/\"]}]}<\/script>\n<!-- \/ Yoast SEO plugin. -->","yoast_head_json":{"title":"Ka\u0137u skr\u0101p\u0113jamais koks Petrebels Charlotte 134, pepper - MiuMjau","robots":{"index":"index","follow":"follow","max-snippet":"max-snippet:-1","max-image-preview":"max-image-preview:large","max-video-preview":"max-video-preview:-1"},"canonical":"https:\/\/miumjau.ee\/lv\/produkts\/kaku-skrapejamais-koks-petrebels-charlotte-134-pepper\/","og_locale":"lv_LV","og_type":"article","og_title":"Ka\u0137u skr\u0101p\u0113jamais koks Petrebels Charlotte 134, pepper - MiuMjau","og_description":"Modelis Charlotte ir izstr\u0101d\u0101ts, galvenok\u0101rt dom\u0101jot par kompaktumu, lai kvalitat\u012bvu skr\u0101p\u0113jamo koku var\u0113tu at\u013cauties ar\u012b tie, kuriem nav daudz br\u012bvas gr\u012bdas plat\u012bbas. Tom\u0113r ka\u0137im taj\u0101 ir viss, kas nepiecie\u0161ams no skr\u0101p\u0113jam\u0101 koka. Visi 9 cm diametra stabi ir piln\u012bb\u0101 p\u0101rkl\u0101ti ar augstas kvalit\u0101tes sisala skr\u0101p\u0113\u0161anas virvi. K\u0101p\u0161anai paredz\u0113ti vair\u0101ki da\u017e\u0101dos augstumos izvietoti l\u012bme\u0146i, mier\u012bgai snaudai \u2013 sl\u0113gta m\u0101ji\u0146a, bet atp\u016btai \u2013 izvirz\u012bta gu\u013cvieta. Pats svar\u012bg\u0101kais \u2013 aug\u0161pus\u0113 eso\u0161\u0101 skatu platforma \u013cauj ka\u0137im uzraudz\u012bt visu, kas notiek apk\u0101rt. Skr\u0101p\u0113jamajam kokam ir pastiprin\u0101ta pamatne, kas nodro\u0161ina dro\u0161\u012bbu un stabilit\u0101ti. Piem\u0113rots ar\u012b liel\u0101kiem un smag\u0101kiem ka\u0137iem. Produkta svars \u2013 23,1 kg, ar iepakojumu \u2013 25,1 kgSkr\u0101p\u0113jam\u0101 koka izm\u0113ri: 59 \u00d7 56 \u00d7 134 cm (garums, platums, augstums)Stabu diametrs \u2013 9 cmM\u0101ji\u0146a \u2013 40 \u00d7 40 cm, augstums 30 cm","og_url":"https:\/\/miumjau.ee\/lv\/produkts\/kaku-skrapejamais-koks-petrebels-charlotte-134-pepper\/","og_site_name":"MiuMjau","article_publisher":"https:\/\/www.facebook.com\/miumjaupood\/","article_modified_time":"2026-01-07T19:18:58+00:00","og_image":[{"width":600,"height":800,"url":"https:\/\/miumjau.ee\/wp-content\/uploads\/2025\/12\/435874-Charlotte-134-PR.jpg","type":"image\/jpeg"}],"twitter_card":"summary_large_image","schema":{"@context":"https:\/\/schema.org","@graph":[{"@type":"WebPage","@id":"https:\/\/miumjau.ee\/lv\/produkts\/kaku-skrapejamais-koks-petrebels-charlotte-134-pepper\/","url":"https:\/\/miumjau.ee\/lv\/produkts\/kaku-skrapejamais-koks-petrebels-charlotte-134-pepper\/","name":"Ka\u0137u skr\u0101p\u0113jamais koks Petrebels Charlotte 134, pepper - MiuMjau","isPartOf":{"@id":"https:\/\/miumjau.ee\/#website"},"primaryImageOfPage":{"@id":"https:\/\/miumjau.ee\/lv\/produkts\/kaku-skrapejamais-koks-petrebels-charlotte-134-pepper\/#primaryimage"},"image":{"@id":"https:\/\/miumjau.ee\/lv\/produkts\/kaku-skrapejamais-koks-petrebels-charlotte-134-pepper\/#primaryimage"},"thumbnailUrl":"https:\/\/miumjau.ee\/wp-content\/uploads\/2025\/12\/435874-Charlotte-134-PR.jpg","datePublished":"2025-12-15T18:41:14+00:00","dateModified":"2026-01-07T19:18:58+00:00","breadcrumb":{"@id":"https:\/\/miumjau.ee\/lv\/produkts\/kaku-skrapejamais-koks-petrebels-charlotte-134-pepper\/#breadcrumb"},"inLanguage":"lv-LV","potentialAction":[{"@type":"ReadAction","target":["https:\/\/miumjau.ee\/lv\/produkts\/kaku-skrapejamais-koks-petrebels-charlotte-134-pepper\/"]}]},{"@type":"ImageObject","inLanguage":"lv-LV","@id":"https:\/\/miumjau.ee\/lv\/produkts\/kaku-skrapejamais-koks-petrebels-charlotte-134-pepper\/#primaryimage","url":"https:\/\/miumjau.ee\/wp-content\/uploads\/2025\/12\/435874-Charlotte-134-PR.jpg","contentUrl":"https:\/\/miumjau.ee\/wp-content\/uploads\/2025\/12\/435874-Charlotte-134-PR.jpg","width":600,"height":800,"caption":"Kraapimispuu Petrebels Charlotte 134, pepper"},{"@type":"BreadcrumbList","@id":"https:\/\/miumjau.ee\/lv\/produkts\/kaku-skrapejamais-koks-petrebels-charlotte-134-pepper\/#breadcrumb","itemListElement":[{"@type":"ListItem","position":1,"name":"Home","item":"https:\/\/miumjau.ee\/lv\/"},{"@type":"ListItem","position":2,"name":"Veikals","item":"https:\/\/miumjau.ee\/lv\/veikals\/"},{"@type":"ListItem","position":3,"name":"Ka\u0137u skr\u0101p\u0113jamais koks Petrebels Charlotte 134, pepper"}]},{"@type":"WebSite","@id":"https:\/\/miumjau.ee\/#website","url":"https:\/\/miumjau.ee\/","name":"MiuMjau","description":"Kraapimispuud kassidele","publisher":{"@id":"https:\/\/miumjau.ee\/#organization"},"potentialAction":[{"@type":"SearchAction","target":{"@type":"EntryPoint","urlTemplate":"https:\/\/miumjau.ee\/?s={search_term_string}"},"query-input":{"@type":"PropertyValueSpecification","valueRequired":true,"valueName":"search_term_string"}}],"inLanguage":"lv-LV"},{"@type":"Organization","@id":"https:\/\/miumjau.ee\/#organization","name":"MiuMjau O\u00dc","url":"https:\/\/miumjau.ee\/","logo":{"@type":"ImageObject","inLanguage":"lv-LV","@id":"https:\/\/miumjau.ee\/#\/schema\/logo\/image\/","url":"https:\/\/miumjau.ee\/wp-content\/uploads\/2022\/04\/MiuMjau-logo-kollane.png","contentUrl":"https:\/\/miumjau.ee\/wp-content\/uploads\/2022\/04\/MiuMjau-logo-kollane.png","width":219,"height":100,"caption":"MiuMjau O\u00dc"},"image":{"@id":"https:\/\/miumjau.ee\/#\/schema\/logo\/image\/"},"sameAs":["https:\/\/www.facebook.com\/miumjaupood\/"]}]}},"_links":{"self":[{"href":"https:\/\/miumjau.ee\/lv\/wp-json\/wp\/v2\/product\/48279","targetHints":{"allow":["GET"]}}],"collection":[{"href":"https:\/\/miumjau.ee\/lv\/wp-json\/wp\/v2\/product"}],"about":[{"href":"https:\/\/miumjau.ee\/lv\/wp-json\/wp\/v2\/types\/product"}],"wp:featuredmedia":[{"embeddable":true,"href":"https:\/\/miumjau.ee\/lv\/wp-json\/wp\/v2\/media\/48273"}],"wp:attachment":[{"href":"https:\/\/miumjau.ee\/lv\/wp-json\/wp\/v2\/media?parent=48279"}],"wp:term":[{"taxonomy":"product_brand","embeddable":true,"href":"https:\/\/miumjau.ee\/lv\/wp-json\/wp\/v2\/product_brand?post=48279"},{"taxonomy":"product_cat","embeddable":true,"href":"https:\/\/miumjau.ee\/lv\/wp-json\/wp\/v2\/product_cat?post=48279"},{"taxonomy":"product_tag","embeddable":true,"href":"https:\/\/miumjau.ee\/lv\/wp-json\/wp\/v2\/product_tag?post=48279"}],"curies":[{"name":"wp","href":"https:\/\/api.w.org\/{rel}","templated":true}]}}