{"id":48277,"date":"2025-12-15T20:41:18","date_gmt":"2025-12-15T18:41:18","guid":{"rendered":"https:\/\/miumjau.ee\/toode\/kaku-skrapejamais-koks-petrebels-charlotte-180-pepper\/"},"modified":"2026-01-07T21:19:06","modified_gmt":"2026-01-07T19:19:06","slug":"kaku-skrapejamais-koks-petrebels-charlotte-180-pepper","status":"publish","type":"product","link":"https:\/\/miumjau.ee\/lv\/produkts\/kaku-skrapejamais-koks-petrebels-charlotte-180-pepper\/","title":{"rendered":"Ka\u0137u skr\u0101p\u0113jamais koks Petrebels Charlotte 180, pepper"},"content":{"rendered":"","protected":false},"excerpt":{"rendered":"<p data-start=\"113\" data-end=\"521\">Ka\u0137u skr\u0101p\u0113jamais koks Charlotte 180 ir paredz\u0113ts ar\u012b lieliem ka\u0137iem un lielaj\u0101m ka\u0137u \u0161\u0137irn\u0113m. Tiem ir nepiecie\u0161ami iztur\u012bgi un augsti stabi skr\u0101p\u0113\u0161anai un izstaip\u012b\u0161anai \u2013 tas padara ka\u0137us laim\u012bgus. Ta\u010du ar to viss nebeidzas! \u012apa\u0161i m\u012bksts \u0161\u016bpu\u013ct\u012bkls, divas \u0113rtas gu\u013cam\u0101s m\u0101ji\u0146as un liels, m\u012bksts gu\u013camgrozs aug\u0161pus\u0113. T\u0101tad vietas pietiek vair\u0101kiem ka\u0137iem. Bieza pamatne nodro\u0161ina augst\u0101k\u0101 l\u012bme\u0146a stabilit\u0101ti.<\/p>\n<p data-start=\"523\" data-end=\"754\"><strong data-start=\"523\" data-end=\"533\">Izm\u0113ri<\/strong> \u2013 garums 59 cm, platums 56 cm un augstums 180 cm<br data-start=\"582\" data-end=\"585\" \/>Divas m\u012bkstas gu\u013cam\u0101s m\u0101ji\u0146as ar izm\u0113riem 40 \u00d7 40 cm un augstumu 30 cm<br data-start=\"655\" data-end=\"658\" \/>Piem\u0113rots visu veidu ka\u0137iem, ar\u012b Maine Coon un Ragdoll \u0161\u0137irn\u0113m<br data-start=\"720\" data-end=\"723\" \/>\u012apa\u0161i augsts, aiz\u0146em maz vietas<\/p>\n<p data-start=\"756\" data-end=\"950\">Skr\u0101p\u0113jamais koks ir paredz\u0113ts lieto\u0161anai ka\u0137iem vis\u0101s svara kategorij\u0101s un jebkura garuma.<br data-start=\"847\" data-end=\"850\" \/>Produkts ir iepakots 2 kast\u0113s, kop\u0113jais svars 38,8 kg<br data-start=\"903\" data-end=\"906\" \/>Produkta neto svars (bez iepakojuma) \u2013 37 kg<\/p>\n<p data-start=\"952\" data-end=\"1123\" data-is-last-node=\"\" data-is-only-node=\"\"><strong data-start=\"952\" data-end=\"965\">Ra\u017eot\u0101js:<\/strong> PetRebels, N\u012bderlandes kvalit\u0101te. \u012apa\u0161i kvalitat\u012bvi un \u0113rti skr\u0101p\u0113jamie koki ka\u0137iem, kas kalpo gadiem ilgi un izdai\u013co j\u016bsu m\u0101jokli. J\u016bsu ka\u0137is b\u016bs pateic\u012bgs!<\/p>\n","protected":false},"featured_media":48261,"template":"","meta":[],"product_brand":[],"product_cat":[573,582],"product_tag":[],"class_list":{"0":"post-48277","1":"product","2":"type-product","3":"status-publish","4":"has-post-thumbnail","6":"product_cat-kaup24-lv","7":"product_cat-videji-skrapesanas-koki-petrebels","8":"product_shipping_class-pakiautomaati-sobimatu-lv","10":"first","11":"instock","12":"taxable","13":"shipping-taxable","14":"purchasable","15":"product-type-simple"},"yoast_head":"<!-- This site is optimized with the Yoast SEO plugin v27.4 - https:\/\/yoast.com\/product\/yoast-seo-wordpress\/ -->\n<title>Ka\u0137u skr\u0101p\u0113jamais koks Petrebels Charlotte 180, pepper - MiuMjau<\/title>\n<meta name=\"robots\" content=\"index, follow, max-snippet:-1, max-image-preview:large, max-video-preview:-1\" \/>\n<link rel=\"canonical\" href=\"https:\/\/miumjau.ee\/lv\/produkts\/kaku-skrapejamais-koks-petrebels-charlotte-180-pepper\/\" \/>\n<meta property=\"og:locale\" content=\"lv_LV\" \/>\n<meta property=\"og:type\" content=\"article\" \/>\n<meta property=\"og:title\" content=\"Ka\u0137u skr\u0101p\u0113jamais koks Petrebels Charlotte 180, pepper - MiuMjau\" \/>\n<meta property=\"og:description\" content=\"Ka\u0137u skr\u0101p\u0113jamais koks Charlotte 180 ir paredz\u0113ts ar\u012b lieliem ka\u0137iem un lielaj\u0101m ka\u0137u \u0161\u0137irn\u0113m. Tiem ir nepiecie\u0161ami iztur\u012bgi un augsti stabi skr\u0101p\u0113\u0161anai un izstaip\u012b\u0161anai \u2013 tas padara ka\u0137us laim\u012bgus. Ta\u010du ar to viss nebeidzas! \u012apa\u0161i m\u012bksts \u0161\u016bpu\u013ct\u012bkls, divas \u0113rtas gu\u013cam\u0101s m\u0101ji\u0146as un liels, m\u012bksts gu\u013camgrozs aug\u0161pus\u0113. T\u0101tad vietas pietiek vair\u0101kiem ka\u0137iem. Bieza pamatne nodro\u0161ina augst\u0101k\u0101 l\u012bme\u0146a stabilit\u0101ti. Izm\u0113ri \u2013 garums 59 cm, platums 56 cm un augstums 180 cmDivas m\u012bkstas gu\u013cam\u0101s m\u0101ji\u0146as ar izm\u0113riem 40 \u00d7 40 cm un augstumu 30 cmPiem\u0113rots visu veidu ka\u0137iem, ar\u012b Maine Coon un Ragdoll \u0161\u0137irn\u0113m\u012apa\u0161i augsts, aiz\u0146em maz vietas Skr\u0101p\u0113jamais koks ir paredz\u0113ts lieto\u0161anai ka\u0137iem vis\u0101s svara kategorij\u0101s un jebkura garuma.Produkts ir iepakots 2 kast\u0113s, kop\u0113jais svars 38,8 kgProdukta neto svars (bez iepakojuma) \u2013 37 kg Ra\u017eot\u0101js: PetRebels, N\u012bderlandes kvalit\u0101te. \u012apa\u0161i kvalitat\u012bvi un \u0113rti skr\u0101p\u0113jamie koki ka\u0137iem, kas kalpo gadiem ilgi un izdai\u013co j\u016bsu m\u0101jokli. J\u016bsu ka\u0137is b\u016bs pateic\u012bgs!\" \/>\n<meta property=\"og:url\" content=\"https:\/\/miumjau.ee\/lv\/produkts\/kaku-skrapejamais-koks-petrebels-charlotte-180-pepper\/\" \/>\n<meta property=\"og:site_name\" content=\"MiuMjau\" \/>\n<meta property=\"article:publisher\" content=\"https:\/\/www.facebook.com\/miumjaupood\/\" \/>\n<meta property=\"article:modified_time\" content=\"2026-01-07T19:19:06+00:00\" \/>\n<meta property=\"og:image\" content=\"https:\/\/miumjau.ee\/wp-content\/uploads\/2025\/12\/435873-Charlotte-180-PR.jpg\" \/>\n\t<meta property=\"og:image:width\" content=\"600\" \/>\n\t<meta property=\"og:image:height\" content=\"800\" \/>\n\t<meta property=\"og:image:type\" content=\"image\/jpeg\" \/>\n<meta name=\"twitter:card\" content=\"summary_large_image\" \/>\n<script type=\"application\/ld+json\" class=\"yoast-schema-graph\">{\"@context\":\"https:\\\/\\\/schema.org\",\"@graph\":[{\"@type\":\"WebPage\",\"@id\":\"https:\\\/\\\/miumjau.ee\\\/lv\\\/produkts\\\/kaku-skrapejamais-koks-petrebels-charlotte-180-pepper\\\/\",\"url\":\"https:\\\/\\\/miumjau.ee\\\/lv\\\/produkts\\\/kaku-skrapejamais-koks-petrebels-charlotte-180-pepper\\\/\",\"name\":\"Ka\u0137u skr\u0101p\u0113jamais koks Petrebels Charlotte 180, pepper - MiuMjau\",\"isPartOf\":{\"@id\":\"https:\\\/\\\/miumjau.ee\\\/#website\"},\"primaryImageOfPage\":{\"@id\":\"https:\\\/\\\/miumjau.ee\\\/lv\\\/produkts\\\/kaku-skrapejamais-koks-petrebels-charlotte-180-pepper\\\/#primaryimage\"},\"image\":{\"@id\":\"https:\\\/\\\/miumjau.ee\\\/lv\\\/produkts\\\/kaku-skrapejamais-koks-petrebels-charlotte-180-pepper\\\/#primaryimage\"},\"thumbnailUrl\":\"https:\\\/\\\/miumjau.ee\\\/wp-content\\\/uploads\\\/2025\\\/12\\\/435873-Charlotte-180-PR.jpg\",\"datePublished\":\"2025-12-15T18:41:18+00:00\",\"dateModified\":\"2026-01-07T19:19:06+00:00\",\"breadcrumb\":{\"@id\":\"https:\\\/\\\/miumjau.ee\\\/lv\\\/produkts\\\/kaku-skrapejamais-koks-petrebels-charlotte-180-pepper\\\/#breadcrumb\"},\"inLanguage\":\"lv-LV\",\"potentialAction\":[{\"@type\":\"ReadAction\",\"target\":[\"https:\\\/\\\/miumjau.ee\\\/lv\\\/produkts\\\/kaku-skrapejamais-koks-petrebels-charlotte-180-pepper\\\/\"]}]},{\"@type\":\"ImageObject\",\"inLanguage\":\"lv-LV\",\"@id\":\"https:\\\/\\\/miumjau.ee\\\/lv\\\/produkts\\\/kaku-skrapejamais-koks-petrebels-charlotte-180-pepper\\\/#primaryimage\",\"url\":\"https:\\\/\\\/miumjau.ee\\\/wp-content\\\/uploads\\\/2025\\\/12\\\/435873-Charlotte-180-PR.jpg\",\"contentUrl\":\"https:\\\/\\\/miumjau.ee\\\/wp-content\\\/uploads\\\/2025\\\/12\\\/435873-Charlotte-180-PR.jpg\",\"width\":600,\"height\":800,\"caption\":\"Kraapimispuu Petrebels Charlotte 180, pepper\"},{\"@type\":\"BreadcrumbList\",\"@id\":\"https:\\\/\\\/miumjau.ee\\\/lv\\\/produkts\\\/kaku-skrapejamais-koks-petrebels-charlotte-180-pepper\\\/#breadcrumb\",\"itemListElement\":[{\"@type\":\"ListItem\",\"position\":1,\"name\":\"Home\",\"item\":\"https:\\\/\\\/miumjau.ee\\\/lv\\\/\"},{\"@type\":\"ListItem\",\"position\":2,\"name\":\"Veikals\",\"item\":\"https:\\\/\\\/miumjau.ee\\\/lv\\\/veikals\\\/\"},{\"@type\":\"ListItem\",\"position\":3,\"name\":\"Ka\u0137u skr\u0101p\u0113jamais koks Petrebels Charlotte 180, pepper\"}]},{\"@type\":\"WebSite\",\"@id\":\"https:\\\/\\\/miumjau.ee\\\/#website\",\"url\":\"https:\\\/\\\/miumjau.ee\\\/\",\"name\":\"MiuMjau\",\"description\":\"Kraapimispuud kassidele\",\"publisher\":{\"@id\":\"https:\\\/\\\/miumjau.ee\\\/#organization\"},\"potentialAction\":[{\"@type\":\"SearchAction\",\"target\":{\"@type\":\"EntryPoint\",\"urlTemplate\":\"https:\\\/\\\/miumjau.ee\\\/?s={search_term_string}\"},\"query-input\":{\"@type\":\"PropertyValueSpecification\",\"valueRequired\":true,\"valueName\":\"search_term_string\"}}],\"inLanguage\":\"lv-LV\"},{\"@type\":\"Organization\",\"@id\":\"https:\\\/\\\/miumjau.ee\\\/#organization\",\"name\":\"MiuMjau O\u00dc\",\"url\":\"https:\\\/\\\/miumjau.ee\\\/\",\"logo\":{\"@type\":\"ImageObject\",\"inLanguage\":\"lv-LV\",\"@id\":\"https:\\\/\\\/miumjau.ee\\\/#\\\/schema\\\/logo\\\/image\\\/\",\"url\":\"https:\\\/\\\/miumjau.ee\\\/wp-content\\\/uploads\\\/2022\\\/04\\\/MiuMjau-logo-kollane.png\",\"contentUrl\":\"https:\\\/\\\/miumjau.ee\\\/wp-content\\\/uploads\\\/2022\\\/04\\\/MiuMjau-logo-kollane.png\",\"width\":219,\"height\":100,\"caption\":\"MiuMjau O\u00dc\"},\"image\":{\"@id\":\"https:\\\/\\\/miumjau.ee\\\/#\\\/schema\\\/logo\\\/image\\\/\"},\"sameAs\":[\"https:\\\/\\\/www.facebook.com\\\/miumjaupood\\\/\"]}]}<\/script>\n<!-- \/ Yoast SEO plugin. -->","yoast_head_json":{"title":"Ka\u0137u skr\u0101p\u0113jamais koks Petrebels Charlotte 180, pepper - MiuMjau","robots":{"index":"index","follow":"follow","max-snippet":"max-snippet:-1","max-image-preview":"max-image-preview:large","max-video-preview":"max-video-preview:-1"},"canonical":"https:\/\/miumjau.ee\/lv\/produkts\/kaku-skrapejamais-koks-petrebels-charlotte-180-pepper\/","og_locale":"lv_LV","og_type":"article","og_title":"Ka\u0137u skr\u0101p\u0113jamais koks Petrebels Charlotte 180, pepper - MiuMjau","og_description":"Ka\u0137u skr\u0101p\u0113jamais koks Charlotte 180 ir paredz\u0113ts ar\u012b lieliem ka\u0137iem un lielaj\u0101m ka\u0137u \u0161\u0137irn\u0113m. Tiem ir nepiecie\u0161ami iztur\u012bgi un augsti stabi skr\u0101p\u0113\u0161anai un izstaip\u012b\u0161anai \u2013 tas padara ka\u0137us laim\u012bgus. Ta\u010du ar to viss nebeidzas! \u012apa\u0161i m\u012bksts \u0161\u016bpu\u013ct\u012bkls, divas \u0113rtas gu\u013cam\u0101s m\u0101ji\u0146as un liels, m\u012bksts gu\u013camgrozs aug\u0161pus\u0113. T\u0101tad vietas pietiek vair\u0101kiem ka\u0137iem. Bieza pamatne nodro\u0161ina augst\u0101k\u0101 l\u012bme\u0146a stabilit\u0101ti. Izm\u0113ri \u2013 garums 59 cm, platums 56 cm un augstums 180 cmDivas m\u012bkstas gu\u013cam\u0101s m\u0101ji\u0146as ar izm\u0113riem 40 \u00d7 40 cm un augstumu 30 cmPiem\u0113rots visu veidu ka\u0137iem, ar\u012b Maine Coon un Ragdoll \u0161\u0137irn\u0113m\u012apa\u0161i augsts, aiz\u0146em maz vietas Skr\u0101p\u0113jamais koks ir paredz\u0113ts lieto\u0161anai ka\u0137iem vis\u0101s svara kategorij\u0101s un jebkura garuma.Produkts ir iepakots 2 kast\u0113s, kop\u0113jais svars 38,8 kgProdukta neto svars (bez iepakojuma) \u2013 37 kg Ra\u017eot\u0101js: PetRebels, N\u012bderlandes kvalit\u0101te. \u012apa\u0161i kvalitat\u012bvi un \u0113rti skr\u0101p\u0113jamie koki ka\u0137iem, kas kalpo gadiem ilgi un izdai\u013co j\u016bsu m\u0101jokli. J\u016bsu ka\u0137is b\u016bs pateic\u012bgs!","og_url":"https:\/\/miumjau.ee\/lv\/produkts\/kaku-skrapejamais-koks-petrebels-charlotte-180-pepper\/","og_site_name":"MiuMjau","article_publisher":"https:\/\/www.facebook.com\/miumjaupood\/","article_modified_time":"2026-01-07T19:19:06+00:00","og_image":[{"width":600,"height":800,"url":"https:\/\/miumjau.ee\/wp-content\/uploads\/2025\/12\/435873-Charlotte-180-PR.jpg","type":"image\/jpeg"}],"twitter_card":"summary_large_image","schema":{"@context":"https:\/\/schema.org","@graph":[{"@type":"WebPage","@id":"https:\/\/miumjau.ee\/lv\/produkts\/kaku-skrapejamais-koks-petrebels-charlotte-180-pepper\/","url":"https:\/\/miumjau.ee\/lv\/produkts\/kaku-skrapejamais-koks-petrebels-charlotte-180-pepper\/","name":"Ka\u0137u skr\u0101p\u0113jamais koks Petrebels Charlotte 180, pepper - MiuMjau","isPartOf":{"@id":"https:\/\/miumjau.ee\/#website"},"primaryImageOfPage":{"@id":"https:\/\/miumjau.ee\/lv\/produkts\/kaku-skrapejamais-koks-petrebels-charlotte-180-pepper\/#primaryimage"},"image":{"@id":"https:\/\/miumjau.ee\/lv\/produkts\/kaku-skrapejamais-koks-petrebels-charlotte-180-pepper\/#primaryimage"},"thumbnailUrl":"https:\/\/miumjau.ee\/wp-content\/uploads\/2025\/12\/435873-Charlotte-180-PR.jpg","datePublished":"2025-12-15T18:41:18+00:00","dateModified":"2026-01-07T19:19:06+00:00","breadcrumb":{"@id":"https:\/\/miumjau.ee\/lv\/produkts\/kaku-skrapejamais-koks-petrebels-charlotte-180-pepper\/#breadcrumb"},"inLanguage":"lv-LV","potentialAction":[{"@type":"ReadAction","target":["https:\/\/miumjau.ee\/lv\/produkts\/kaku-skrapejamais-koks-petrebels-charlotte-180-pepper\/"]}]},{"@type":"ImageObject","inLanguage":"lv-LV","@id":"https:\/\/miumjau.ee\/lv\/produkts\/kaku-skrapejamais-koks-petrebels-charlotte-180-pepper\/#primaryimage","url":"https:\/\/miumjau.ee\/wp-content\/uploads\/2025\/12\/435873-Charlotte-180-PR.jpg","contentUrl":"https:\/\/miumjau.ee\/wp-content\/uploads\/2025\/12\/435873-Charlotte-180-PR.jpg","width":600,"height":800,"caption":"Kraapimispuu Petrebels Charlotte 180, pepper"},{"@type":"BreadcrumbList","@id":"https:\/\/miumjau.ee\/lv\/produkts\/kaku-skrapejamais-koks-petrebels-charlotte-180-pepper\/#breadcrumb","itemListElement":[{"@type":"ListItem","position":1,"name":"Home","item":"https:\/\/miumjau.ee\/lv\/"},{"@type":"ListItem","position":2,"name":"Veikals","item":"https:\/\/miumjau.ee\/lv\/veikals\/"},{"@type":"ListItem","position":3,"name":"Ka\u0137u skr\u0101p\u0113jamais koks Petrebels Charlotte 180, pepper"}]},{"@type":"WebSite","@id":"https:\/\/miumjau.ee\/#website","url":"https:\/\/miumjau.ee\/","name":"MiuMjau","description":"Kraapimispuud kassidele","publisher":{"@id":"https:\/\/miumjau.ee\/#organization"},"potentialAction":[{"@type":"SearchAction","target":{"@type":"EntryPoint","urlTemplate":"https:\/\/miumjau.ee\/?s={search_term_string}"},"query-input":{"@type":"PropertyValueSpecification","valueRequired":true,"valueName":"search_term_string"}}],"inLanguage":"lv-LV"},{"@type":"Organization","@id":"https:\/\/miumjau.ee\/#organization","name":"MiuMjau O\u00dc","url":"https:\/\/miumjau.ee\/","logo":{"@type":"ImageObject","inLanguage":"lv-LV","@id":"https:\/\/miumjau.ee\/#\/schema\/logo\/image\/","url":"https:\/\/miumjau.ee\/wp-content\/uploads\/2022\/04\/MiuMjau-logo-kollane.png","contentUrl":"https:\/\/miumjau.ee\/wp-content\/uploads\/2022\/04\/MiuMjau-logo-kollane.png","width":219,"height":100,"caption":"MiuMjau O\u00dc"},"image":{"@id":"https:\/\/miumjau.ee\/#\/schema\/logo\/image\/"},"sameAs":["https:\/\/www.facebook.com\/miumjaupood\/"]}]}},"_links":{"self":[{"href":"https:\/\/miumjau.ee\/lv\/wp-json\/wp\/v2\/product\/48277","targetHints":{"allow":["GET"]}}],"collection":[{"href":"https:\/\/miumjau.ee\/lv\/wp-json\/wp\/v2\/product"}],"about":[{"href":"https:\/\/miumjau.ee\/lv\/wp-json\/wp\/v2\/types\/product"}],"wp:featuredmedia":[{"embeddable":true,"href":"https:\/\/miumjau.ee\/lv\/wp-json\/wp\/v2\/media\/48261"}],"wp:attachment":[{"href":"https:\/\/miumjau.ee\/lv\/wp-json\/wp\/v2\/media?parent=48277"}],"wp:term":[{"taxonomy":"product_brand","embeddable":true,"href":"https:\/\/miumjau.ee\/lv\/wp-json\/wp\/v2\/product_brand?post=48277"},{"taxonomy":"product_cat","embeddable":true,"href":"https:\/\/miumjau.ee\/lv\/wp-json\/wp\/v2\/product_cat?post=48277"},{"taxonomy":"product_tag","embeddable":true,"href":"https:\/\/miumjau.ee\/lv\/wp-json\/wp\/v2\/product_tag?post=48277"}],"curies":[{"name":"wp","href":"https:\/\/api.w.org\/{rel}","templated":true}]}}