{"id":48231,"date":"2023-07-22T04:21:00","date_gmt":"2023-07-22T01:21:00","guid":{"rendered":"https:\/\/miumjau.ee\/toode\/petrebels-skrapejamais-stabs-savannah-86-o20-cm-antracits\/"},"modified":"2026-04-24T08:31:48","modified_gmt":"2026-04-24T05:31:48","slug":"petrebels-skrapejamais-stabs-savannah-86-o20-cm-antracits","status":"publish","type":"product","link":"https:\/\/miumjau.ee\/lv\/produkts\/petrebels-skrapejamais-stabs-savannah-86-o20-cm-antracits\/","title":{"rendered":"Petrebels skr\u0101p\u0113jamais stabs Savannah 86, \u00d820 cm, antrac\u012bts"},"content":{"rendered":"","protected":false},"excerpt":{"rendered":"<p data-start=\"101\" data-end=\"152\">\u012apa\u0161i iztur\u012bgs un mas\u012bvs skr\u0101p\u0113jamais stabs ka\u0137iem.<\/p>\n<p data-start=\"154\" data-end=\"190\"><strong data-start=\"154\" data-end=\"174\">Produkta izm\u0113ri:<\/strong> 50 \u00d7 50 \u00d7 86 cm<\/p>\n<p data-start=\"192\" data-end=\"638\">Piem\u0113rots visu vecumu un izm\u0113ru ka\u0137iem. Ja mekl\u0113jat skr\u0101p\u0113jamo stabu, kas neapg\u0101\u017eas, j\u016bs to tikko esat atradu\u0161i \u2013 <strong data-start=\"306\" data-end=\"321\">Savannah 86<\/strong> ir lab\u0101k\u0101 izv\u0113le! \u012apa\u0161i plata pamatne notur stabu stabilu un tas neapg\u0101\u017eas pat intens\u012bvas skraid\u012b\u0161anas, k\u0101p\u0161anas un skr\u0101p\u0113\u0161anas laik\u0101. Produkts ir izstr\u0101d\u0101ts t\u0101, lai to var\u0113tu dro\u0161i izmantot ar\u012b smagie <strong data-start=\"524\" data-end=\"538\">Maine Coon<\/strong> ka\u0137i. \u0145emiet v\u0113r\u0101, ka staba diametrs ir veseli 20 cm, t\u0101p\u0113c to ir \u013coti \u0113rti skr\u0101p\u0113t no vis\u0101m pus\u0113m.<\/p>\n<p data-start=\"746\" data-end=\"908\">Antrac\u012bta tonis + melns sizals<br data-start=\"776\" data-end=\"779\" \/>Platums un dzi\u013cums: 50 cm, augstums: 86 cm<br data-start=\"821\" data-end=\"824\" \/>Piem\u0113rots ar\u012b Maine Coon, Norv\u0113\u0123u me\u017ea ka\u0137iem un Ragdolliem<br data-start=\"883\" data-end=\"886\" \/>Sizala biezums: 6 mm<\/p>\n<p data-start=\"910\" data-end=\"968\" data-is-last-node=\"\" data-is-only-node=\"\">Pieejams uzreiz, iesp\u0113jams ar\u012b apskat\u012bt paraugu uz vietas!<\/p>\n","protected":false},"featured_media":48240,"template":"","meta":[],"product_brand":[],"product_cat":[573,585],"product_tag":[],"class_list":{"0":"post-48231","1":"product","2":"type-product","3":"status-publish","4":"has-post-thumbnail","6":"product_cat-kaup24-lv","7":"product_cat-mazi-skrapesanas-koki-petrebels","8":"product_shipping_class-pakiautomaati-sobimatu-lv","10":"first","11":"instock","12":"sale","13":"taxable","14":"shipping-taxable","15":"purchasable","16":"product-type-simple"},"yoast_head":"<!-- This site is optimized with the Yoast SEO plugin v27.4 - https:\/\/yoast.com\/product\/yoast-seo-wordpress\/ -->\n<title>Petrebels skr\u0101p\u0113jamais stabs Savannah 86, \u00d820 cm, antrac\u012bts - MiuMjau<\/title>\n<meta name=\"robots\" content=\"index, follow, max-snippet:-1, max-image-preview:large, max-video-preview:-1\" \/>\n<link rel=\"canonical\" href=\"https:\/\/miumjau.ee\/lv\/produkts\/petrebels-skrapejamais-stabs-savannah-86-o20-cm-antracits\/\" \/>\n<meta property=\"og:locale\" content=\"lv_LV\" \/>\n<meta property=\"og:type\" content=\"article\" \/>\n<meta property=\"og:title\" content=\"Petrebels skr\u0101p\u0113jamais stabs Savannah 86, \u00d820 cm, antrac\u012bts - MiuMjau\" \/>\n<meta property=\"og:description\" content=\"\u012apa\u0161i iztur\u012bgs un mas\u012bvs skr\u0101p\u0113jamais stabs ka\u0137iem. Produkta izm\u0113ri: 50 \u00d7 50 \u00d7 86 cm Piem\u0113rots visu vecumu un izm\u0113ru ka\u0137iem. Ja mekl\u0113jat skr\u0101p\u0113jamo stabu, kas neapg\u0101\u017eas, j\u016bs to tikko esat atradu\u0161i \u2013 Savannah 86 ir lab\u0101k\u0101 izv\u0113le! \u012apa\u0161i plata pamatne notur stabu stabilu un tas neapg\u0101\u017eas pat intens\u012bvas skraid\u012b\u0161anas, k\u0101p\u0161anas un skr\u0101p\u0113\u0161anas laik\u0101. Produkts ir izstr\u0101d\u0101ts t\u0101, lai to var\u0113tu dro\u0161i izmantot ar\u012b smagie Maine Coon ka\u0137i. \u0145emiet v\u0113r\u0101, ka staba diametrs ir veseli 20 cm, t\u0101p\u0113c to ir \u013coti \u0113rti skr\u0101p\u0113t no vis\u0101m pus\u0113m. Antrac\u012bta tonis + melns sizalsPlatums un dzi\u013cums: 50 cm, augstums: 86 cmPiem\u0113rots ar\u012b Maine Coon, Norv\u0113\u0123u me\u017ea ka\u0137iem un RagdolliemSizala biezums: 6 mm Pieejams uzreiz, iesp\u0113jams ar\u012b apskat\u012bt paraugu uz vietas!\" \/>\n<meta property=\"og:url\" content=\"https:\/\/miumjau.ee\/lv\/produkts\/petrebels-skrapejamais-stabs-savannah-86-o20-cm-antracits\/\" \/>\n<meta property=\"og:site_name\" content=\"MiuMjau\" \/>\n<meta property=\"article:publisher\" content=\"https:\/\/www.facebook.com\/miumjaupood\/\" \/>\n<meta property=\"article:modified_time\" content=\"2026-04-24T05:31:48+00:00\" \/>\n<meta property=\"og:image\" content=\"https:\/\/miumjau.ee\/wp-content\/uploads\/2023\/07\/Savannah86_kassi_kraapimispuu_antratsiit6.jpg\" \/>\n\t<meta property=\"og:image:width\" content=\"600\" \/>\n\t<meta property=\"og:image:height\" content=\"800\" \/>\n\t<meta property=\"og:image:type\" content=\"image\/jpeg\" \/>\n<meta name=\"twitter:card\" content=\"summary_large_image\" \/>\n<meta name=\"twitter:label1\" content=\"Est. reading time\" \/>\n\t<meta name=\"twitter:data1\" content=\"1 minute\" \/>\n<script type=\"application\/ld+json\" class=\"yoast-schema-graph\">{\"@context\":\"https:\\\/\\\/schema.org\",\"@graph\":[{\"@type\":\"WebPage\",\"@id\":\"https:\\\/\\\/miumjau.ee\\\/lv\\\/produkts\\\/petrebels-skrapejamais-stabs-savannah-86-o20-cm-antracits\\\/\",\"url\":\"https:\\\/\\\/miumjau.ee\\\/lv\\\/produkts\\\/petrebels-skrapejamais-stabs-savannah-86-o20-cm-antracits\\\/\",\"name\":\"Petrebels skr\u0101p\u0113jamais stabs Savannah 86, \u00d820 cm, antrac\u012bts - MiuMjau\",\"isPartOf\":{\"@id\":\"https:\\\/\\\/miumjau.ee\\\/#website\"},\"primaryImageOfPage\":{\"@id\":\"https:\\\/\\\/miumjau.ee\\\/lv\\\/produkts\\\/petrebels-skrapejamais-stabs-savannah-86-o20-cm-antracits\\\/#primaryimage\"},\"image\":{\"@id\":\"https:\\\/\\\/miumjau.ee\\\/lv\\\/produkts\\\/petrebels-skrapejamais-stabs-savannah-86-o20-cm-antracits\\\/#primaryimage\"},\"thumbnailUrl\":\"https:\\\/\\\/miumjau.ee\\\/wp-content\\\/uploads\\\/2023\\\/07\\\/Savannah86_kassi_kraapimispuu_antratsiit6.jpg\",\"datePublished\":\"2023-07-22T01:21:00+00:00\",\"dateModified\":\"2026-04-24T05:31:48+00:00\",\"breadcrumb\":{\"@id\":\"https:\\\/\\\/miumjau.ee\\\/lv\\\/produkts\\\/petrebels-skrapejamais-stabs-savannah-86-o20-cm-antracits\\\/#breadcrumb\"},\"inLanguage\":\"lv-LV\",\"potentialAction\":[{\"@type\":\"ReadAction\",\"target\":[\"https:\\\/\\\/miumjau.ee\\\/lv\\\/produkts\\\/petrebels-skrapejamais-stabs-savannah-86-o20-cm-antracits\\\/\"]}]},{\"@type\":\"ImageObject\",\"inLanguage\":\"lv-LV\",\"@id\":\"https:\\\/\\\/miumjau.ee\\\/lv\\\/produkts\\\/petrebels-skrapejamais-stabs-savannah-86-o20-cm-antracits\\\/#primaryimage\",\"url\":\"https:\\\/\\\/miumjau.ee\\\/wp-content\\\/uploads\\\/2023\\\/07\\\/Savannah86_kassi_kraapimispuu_antratsiit6.jpg\",\"contentUrl\":\"https:\\\/\\\/miumjau.ee\\\/wp-content\\\/uploads\\\/2023\\\/07\\\/Savannah86_kassi_kraapimispuu_antratsiit6.jpg\",\"width\":600,\"height\":800},{\"@type\":\"BreadcrumbList\",\"@id\":\"https:\\\/\\\/miumjau.ee\\\/lv\\\/produkts\\\/petrebels-skrapejamais-stabs-savannah-86-o20-cm-antracits\\\/#breadcrumb\",\"itemListElement\":[{\"@type\":\"ListItem\",\"position\":1,\"name\":\"Home\",\"item\":\"https:\\\/\\\/miumjau.ee\\\/lv\\\/\"},{\"@type\":\"ListItem\",\"position\":2,\"name\":\"Veikals\",\"item\":\"https:\\\/\\\/miumjau.ee\\\/lv\\\/veikals\\\/\"},{\"@type\":\"ListItem\",\"position\":3,\"name\":\"Petrebels skr\u0101p\u0113jamais stabs Savannah 86, \u00d820 cm, antrac\u012bts\"}]},{\"@type\":\"WebSite\",\"@id\":\"https:\\\/\\\/miumjau.ee\\\/#website\",\"url\":\"https:\\\/\\\/miumjau.ee\\\/\",\"name\":\"MiuMjau\",\"description\":\"Kraapimispuud kassidele\",\"publisher\":{\"@id\":\"https:\\\/\\\/miumjau.ee\\\/#organization\"},\"potentialAction\":[{\"@type\":\"SearchAction\",\"target\":{\"@type\":\"EntryPoint\",\"urlTemplate\":\"https:\\\/\\\/miumjau.ee\\\/?s={search_term_string}\"},\"query-input\":{\"@type\":\"PropertyValueSpecification\",\"valueRequired\":true,\"valueName\":\"search_term_string\"}}],\"inLanguage\":\"lv-LV\"},{\"@type\":\"Organization\",\"@id\":\"https:\\\/\\\/miumjau.ee\\\/#organization\",\"name\":\"MiuMjau O\u00dc\",\"url\":\"https:\\\/\\\/miumjau.ee\\\/\",\"logo\":{\"@type\":\"ImageObject\",\"inLanguage\":\"lv-LV\",\"@id\":\"https:\\\/\\\/miumjau.ee\\\/#\\\/schema\\\/logo\\\/image\\\/\",\"url\":\"https:\\\/\\\/miumjau.ee\\\/wp-content\\\/uploads\\\/2022\\\/04\\\/MiuMjau-logo-kollane.png\",\"contentUrl\":\"https:\\\/\\\/miumjau.ee\\\/wp-content\\\/uploads\\\/2022\\\/04\\\/MiuMjau-logo-kollane.png\",\"width\":219,\"height\":100,\"caption\":\"MiuMjau O\u00dc\"},\"image\":{\"@id\":\"https:\\\/\\\/miumjau.ee\\\/#\\\/schema\\\/logo\\\/image\\\/\"},\"sameAs\":[\"https:\\\/\\\/www.facebook.com\\\/miumjaupood\\\/\"]}]}<\/script>\n<!-- \/ Yoast SEO plugin. -->","yoast_head_json":{"title":"Petrebels skr\u0101p\u0113jamais stabs Savannah 86, \u00d820 cm, antrac\u012bts - MiuMjau","robots":{"index":"index","follow":"follow","max-snippet":"max-snippet:-1","max-image-preview":"max-image-preview:large","max-video-preview":"max-video-preview:-1"},"canonical":"https:\/\/miumjau.ee\/lv\/produkts\/petrebels-skrapejamais-stabs-savannah-86-o20-cm-antracits\/","og_locale":"lv_LV","og_type":"article","og_title":"Petrebels skr\u0101p\u0113jamais stabs Savannah 86, \u00d820 cm, antrac\u012bts - MiuMjau","og_description":"\u012apa\u0161i iztur\u012bgs un mas\u012bvs skr\u0101p\u0113jamais stabs ka\u0137iem. Produkta izm\u0113ri: 50 \u00d7 50 \u00d7 86 cm Piem\u0113rots visu vecumu un izm\u0113ru ka\u0137iem. Ja mekl\u0113jat skr\u0101p\u0113jamo stabu, kas neapg\u0101\u017eas, j\u016bs to tikko esat atradu\u0161i \u2013 Savannah 86 ir lab\u0101k\u0101 izv\u0113le! \u012apa\u0161i plata pamatne notur stabu stabilu un tas neapg\u0101\u017eas pat intens\u012bvas skraid\u012b\u0161anas, k\u0101p\u0161anas un skr\u0101p\u0113\u0161anas laik\u0101. Produkts ir izstr\u0101d\u0101ts t\u0101, lai to var\u0113tu dro\u0161i izmantot ar\u012b smagie Maine Coon ka\u0137i. \u0145emiet v\u0113r\u0101, ka staba diametrs ir veseli 20 cm, t\u0101p\u0113c to ir \u013coti \u0113rti skr\u0101p\u0113t no vis\u0101m pus\u0113m. Antrac\u012bta tonis + melns sizalsPlatums un dzi\u013cums: 50 cm, augstums: 86 cmPiem\u0113rots ar\u012b Maine Coon, Norv\u0113\u0123u me\u017ea ka\u0137iem un RagdolliemSizala biezums: 6 mm Pieejams uzreiz, iesp\u0113jams ar\u012b apskat\u012bt paraugu uz vietas!","og_url":"https:\/\/miumjau.ee\/lv\/produkts\/petrebels-skrapejamais-stabs-savannah-86-o20-cm-antracits\/","og_site_name":"MiuMjau","article_publisher":"https:\/\/www.facebook.com\/miumjaupood\/","article_modified_time":"2026-04-24T05:31:48+00:00","og_image":[{"width":600,"height":800,"url":"https:\/\/miumjau.ee\/wp-content\/uploads\/2023\/07\/Savannah86_kassi_kraapimispuu_antratsiit6.jpg","type":"image\/jpeg"}],"twitter_card":"summary_large_image","twitter_misc":{"Est. reading time":"1 minute"},"schema":{"@context":"https:\/\/schema.org","@graph":[{"@type":"WebPage","@id":"https:\/\/miumjau.ee\/lv\/produkts\/petrebels-skrapejamais-stabs-savannah-86-o20-cm-antracits\/","url":"https:\/\/miumjau.ee\/lv\/produkts\/petrebels-skrapejamais-stabs-savannah-86-o20-cm-antracits\/","name":"Petrebels skr\u0101p\u0113jamais stabs Savannah 86, \u00d820 cm, antrac\u012bts - MiuMjau","isPartOf":{"@id":"https:\/\/miumjau.ee\/#website"},"primaryImageOfPage":{"@id":"https:\/\/miumjau.ee\/lv\/produkts\/petrebels-skrapejamais-stabs-savannah-86-o20-cm-antracits\/#primaryimage"},"image":{"@id":"https:\/\/miumjau.ee\/lv\/produkts\/petrebels-skrapejamais-stabs-savannah-86-o20-cm-antracits\/#primaryimage"},"thumbnailUrl":"https:\/\/miumjau.ee\/wp-content\/uploads\/2023\/07\/Savannah86_kassi_kraapimispuu_antratsiit6.jpg","datePublished":"2023-07-22T01:21:00+00:00","dateModified":"2026-04-24T05:31:48+00:00","breadcrumb":{"@id":"https:\/\/miumjau.ee\/lv\/produkts\/petrebels-skrapejamais-stabs-savannah-86-o20-cm-antracits\/#breadcrumb"},"inLanguage":"lv-LV","potentialAction":[{"@type":"ReadAction","target":["https:\/\/miumjau.ee\/lv\/produkts\/petrebels-skrapejamais-stabs-savannah-86-o20-cm-antracits\/"]}]},{"@type":"ImageObject","inLanguage":"lv-LV","@id":"https:\/\/miumjau.ee\/lv\/produkts\/petrebels-skrapejamais-stabs-savannah-86-o20-cm-antracits\/#primaryimage","url":"https:\/\/miumjau.ee\/wp-content\/uploads\/2023\/07\/Savannah86_kassi_kraapimispuu_antratsiit6.jpg","contentUrl":"https:\/\/miumjau.ee\/wp-content\/uploads\/2023\/07\/Savannah86_kassi_kraapimispuu_antratsiit6.jpg","width":600,"height":800},{"@type":"BreadcrumbList","@id":"https:\/\/miumjau.ee\/lv\/produkts\/petrebels-skrapejamais-stabs-savannah-86-o20-cm-antracits\/#breadcrumb","itemListElement":[{"@type":"ListItem","position":1,"name":"Home","item":"https:\/\/miumjau.ee\/lv\/"},{"@type":"ListItem","position":2,"name":"Veikals","item":"https:\/\/miumjau.ee\/lv\/veikals\/"},{"@type":"ListItem","position":3,"name":"Petrebels skr\u0101p\u0113jamais stabs Savannah 86, \u00d820 cm, antrac\u012bts"}]},{"@type":"WebSite","@id":"https:\/\/miumjau.ee\/#website","url":"https:\/\/miumjau.ee\/","name":"MiuMjau","description":"Kraapimispuud kassidele","publisher":{"@id":"https:\/\/miumjau.ee\/#organization"},"potentialAction":[{"@type":"SearchAction","target":{"@type":"EntryPoint","urlTemplate":"https:\/\/miumjau.ee\/?s={search_term_string}"},"query-input":{"@type":"PropertyValueSpecification","valueRequired":true,"valueName":"search_term_string"}}],"inLanguage":"lv-LV"},{"@type":"Organization","@id":"https:\/\/miumjau.ee\/#organization","name":"MiuMjau O\u00dc","url":"https:\/\/miumjau.ee\/","logo":{"@type":"ImageObject","inLanguage":"lv-LV","@id":"https:\/\/miumjau.ee\/#\/schema\/logo\/image\/","url":"https:\/\/miumjau.ee\/wp-content\/uploads\/2022\/04\/MiuMjau-logo-kollane.png","contentUrl":"https:\/\/miumjau.ee\/wp-content\/uploads\/2022\/04\/MiuMjau-logo-kollane.png","width":219,"height":100,"caption":"MiuMjau O\u00dc"},"image":{"@id":"https:\/\/miumjau.ee\/#\/schema\/logo\/image\/"},"sameAs":["https:\/\/www.facebook.com\/miumjaupood\/"]}]}},"_links":{"self":[{"href":"https:\/\/miumjau.ee\/lv\/wp-json\/wp\/v2\/product\/48231","targetHints":{"allow":["GET"]}}],"collection":[{"href":"https:\/\/miumjau.ee\/lv\/wp-json\/wp\/v2\/product"}],"about":[{"href":"https:\/\/miumjau.ee\/lv\/wp-json\/wp\/v2\/types\/product"}],"wp:featuredmedia":[{"embeddable":true,"href":"https:\/\/miumjau.ee\/lv\/wp-json\/wp\/v2\/media\/48240"}],"wp:attachment":[{"href":"https:\/\/miumjau.ee\/lv\/wp-json\/wp\/v2\/media?parent=48231"}],"wp:term":[{"taxonomy":"product_brand","embeddable":true,"href":"https:\/\/miumjau.ee\/lv\/wp-json\/wp\/v2\/product_brand?post=48231"},{"taxonomy":"product_cat","embeddable":true,"href":"https:\/\/miumjau.ee\/lv\/wp-json\/wp\/v2\/product_cat?post=48231"},{"taxonomy":"product_tag","embeddable":true,"href":"https:\/\/miumjau.ee\/lv\/wp-json\/wp\/v2\/product_tag?post=48231"}],"curies":[{"name":"wp","href":"https:\/\/api.w.org\/{rel}","templated":true}]}}