{"id":48226,"date":"2024-12-06T19:22:22","date_gmt":"2024-12-06T17:22:22","guid":{"rendered":"https:\/\/miumjau.ee\/toode\/aatas-cat-konservi-kakiem-24-x-80-g-mix-garsas\/"},"modified":"2026-01-07T21:19:06","modified_gmt":"2026-01-07T19:19:06","slug":"aatas-cat-konservi-kakiem-24-x-80-g-mix-garsas","status":"publish","type":"product","link":"https:\/\/miumjau.ee\/lv\/produkts\/aatas-cat-konservi-kakiem-24-x-80-g-mix-garsas\/","title":{"rendered":"Aatas Cat konservi ka\u0137iem, 24 x 80 g, MIX GAR\u0160AS"},"content":{"rendered":"","protected":false},"excerpt":{"rendered":"<p data-start=\"90\" data-end=\"346\">Gard\u0113\u017eu papildbar\u012bba ka\u0137iem, pagatavota ar lielu ga\u013cas saturu. \u0160aj\u0101 komplekt\u0101 ir MIX gar\u0161as \u2013 vismaz 3 da\u017e\u0101di produkti gan no <em data-start=\"216\" data-end=\"232\">Creamy Chicken<\/em>, gan no <em data-start=\"241\" data-end=\"259\">Tantalizing Tuna<\/em> s\u0113rijas. Iesp\u0113ja baud\u012bt p\u0113c iesp\u0113jas vair\u0101k gar\u0161as vien\u0101 reiz\u0113. Ka\u0137iem pat\u012bk da\u017e\u0101d\u012bba!<\/p>\n<p data-start=\"348\" data-end=\"361\"><strong data-start=\"348\" data-end=\"361\">\u012apa\u0161\u012bbas:<\/strong><\/p>\n<ul data-start=\"362\" data-end=\"548\">\n<li data-start=\"362\" data-end=\"377\">\n<p data-start=\"364\" data-end=\"377\">Dab\u012bga ga\u013ca<\/p>\n<\/li>\n<li data-start=\"378\" data-end=\"411\">\n<p data-start=\"380\" data-end=\"411\">Zems tauku un kaloriju saturs<\/p>\n<\/li>\n<li data-start=\"412\" data-end=\"450\">\n<p data-start=\"414\" data-end=\"450\">Pat\u012bk pat visizv\u0113l\u012bg\u0101kajiem ka\u0137iem<\/p>\n<\/li>\n<li data-start=\"451\" data-end=\"478\">\n<p data-start=\"453\" data-end=\"478\">Bez graudaugiem sast\u0101v\u0101<\/p>\n<\/li>\n<li data-start=\"479\" data-end=\"500\">\n<p data-start=\"481\" data-end=\"500\">Bez konservantiem<\/p>\n<\/li>\n<li data-start=\"501\" data-end=\"512\">\n<p data-start=\"503\" data-end=\"512\">Bez \u0122MO<\/p>\n<\/li>\n<li data-start=\"513\" data-end=\"548\">\n<p data-start=\"515\" data-end=\"548\">Kop\u0101 24 konservi, katrs pa 80 g<\/p>\n<\/li>\n<\/ul>\n<p data-start=\"550\" data-end=\"812\"><strong data-start=\"550\" data-end=\"575\">Baro\u0161anas nor\u0101d\u012bjumi:<\/strong><br data-start=\"575\" data-end=\"578\" \/>Neatv\u0113rtos AATAS konservus uzglab\u0101t istabas temperat\u016br\u0101. Nesald\u0113t. Atliku\u0161o bar\u012bbu uzglab\u0101t ledusskap\u012b. Tikai ka\u0137u bar\u012bbai. Padoms: ja bar\u012bba ir p\u0101r\u0101k auksta, to var pat\u012bkami uzsild\u012bt, ievietojot trauku ar bar\u012bbu b\u013cod\u0101 ar siltu \u016bdeni.<\/p>\n","protected":false},"featured_media":48227,"template":"","meta":[],"product_brand":[],"product_cat":[571],"product_tag":[],"class_list":{"0":"post-48226","1":"product","2":"type-product","3":"status-publish","4":"has-post-thumbnail","6":"product_cat-mitra-bariba","8":"first","9":"instock","10":"taxable","11":"shipping-taxable","12":"purchasable","13":"product-type-simple"},"yoast_head":"<!-- This site is optimized with the Yoast SEO plugin v27.4 - https:\/\/yoast.com\/product\/yoast-seo-wordpress\/ -->\n<title>Aatas Cat konservi ka\u0137iem, 24 x 80 g, MIX GAR\u0160AS - MiuMjau<\/title>\n<meta name=\"robots\" content=\"index, follow, max-snippet:-1, max-image-preview:large, max-video-preview:-1\" \/>\n<link rel=\"canonical\" href=\"https:\/\/miumjau.ee\/lv\/produkts\/aatas-cat-konservi-kakiem-24-x-80-g-mix-garsas\/\" \/>\n<meta property=\"og:locale\" content=\"lv_LV\" \/>\n<meta property=\"og:type\" content=\"article\" \/>\n<meta property=\"og:title\" content=\"Aatas Cat konservi ka\u0137iem, 24 x 80 g, MIX GAR\u0160AS - MiuMjau\" \/>\n<meta property=\"og:description\" content=\"Gard\u0113\u017eu papildbar\u012bba ka\u0137iem, pagatavota ar lielu ga\u013cas saturu. \u0160aj\u0101 komplekt\u0101 ir MIX gar\u0161as \u2013 vismaz 3 da\u017e\u0101di produkti gan no Creamy Chicken, gan no Tantalizing Tuna s\u0113rijas. Iesp\u0113ja baud\u012bt p\u0113c iesp\u0113jas vair\u0101k gar\u0161as vien\u0101 reiz\u0113. Ka\u0137iem pat\u012bk da\u017e\u0101d\u012bba! \u012apa\u0161\u012bbas:     Dab\u012bga ga\u013ca    Zems tauku un kaloriju saturs    Pat\u012bk pat visizv\u0113l\u012bg\u0101kajiem ka\u0137iem    Bez graudaugiem sast\u0101v\u0101    Bez konservantiem    Bez \u0122MO    Kop\u0101 24 konservi, katrs pa 80 g   Baro\u0161anas nor\u0101d\u012bjumi:Neatv\u0113rtos AATAS konservus uzglab\u0101t istabas temperat\u016br\u0101. Nesald\u0113t. Atliku\u0161o bar\u012bbu uzglab\u0101t ledusskap\u012b. Tikai ka\u0137u bar\u012bbai. Padoms: ja bar\u012bba ir p\u0101r\u0101k auksta, to var pat\u012bkami uzsild\u012bt, ievietojot trauku ar bar\u012bbu b\u013cod\u0101 ar siltu \u016bdeni.\" \/>\n<meta property=\"og:url\" content=\"https:\/\/miumjau.ee\/lv\/produkts\/aatas-cat-konservi-kakiem-24-x-80-g-mix-garsas\/\" \/>\n<meta property=\"og:site_name\" content=\"MiuMjau\" \/>\n<meta property=\"article:publisher\" content=\"https:\/\/www.facebook.com\/miumjaupood\/\" \/>\n<meta property=\"article:modified_time\" content=\"2026-01-07T19:19:06+00:00\" \/>\n<meta property=\"og:image\" content=\"https:\/\/miumjau.ee\/wp-content\/uploads\/2024\/12\/20241206-_DSC2699-Photoroom.jpg\" \/>\n\t<meta property=\"og:image:width\" content=\"600\" \/>\n\t<meta property=\"og:image:height\" content=\"800\" \/>\n\t<meta property=\"og:image:type\" content=\"image\/jpeg\" \/>\n<meta name=\"twitter:card\" content=\"summary_large_image\" \/>\n<script type=\"application\/ld+json\" class=\"yoast-schema-graph\">{\"@context\":\"https:\\\/\\\/schema.org\",\"@graph\":[{\"@type\":\"WebPage\",\"@id\":\"https:\\\/\\\/miumjau.ee\\\/lv\\\/produkts\\\/aatas-cat-konservi-kakiem-24-x-80-g-mix-garsas\\\/\",\"url\":\"https:\\\/\\\/miumjau.ee\\\/lv\\\/produkts\\\/aatas-cat-konservi-kakiem-24-x-80-g-mix-garsas\\\/\",\"name\":\"Aatas Cat konservi ka\u0137iem, 24 x 80 g, MIX GAR\u0160AS - MiuMjau\",\"isPartOf\":{\"@id\":\"https:\\\/\\\/miumjau.ee\\\/#website\"},\"primaryImageOfPage\":{\"@id\":\"https:\\\/\\\/miumjau.ee\\\/lv\\\/produkts\\\/aatas-cat-konservi-kakiem-24-x-80-g-mix-garsas\\\/#primaryimage\"},\"image\":{\"@id\":\"https:\\\/\\\/miumjau.ee\\\/lv\\\/produkts\\\/aatas-cat-konservi-kakiem-24-x-80-g-mix-garsas\\\/#primaryimage\"},\"thumbnailUrl\":\"https:\\\/\\\/miumjau.ee\\\/wp-content\\\/uploads\\\/2024\\\/12\\\/20241206-_DSC2699-Photoroom.jpg\",\"datePublished\":\"2024-12-06T17:22:22+00:00\",\"dateModified\":\"2026-01-07T19:19:06+00:00\",\"breadcrumb\":{\"@id\":\"https:\\\/\\\/miumjau.ee\\\/lv\\\/produkts\\\/aatas-cat-konservi-kakiem-24-x-80-g-mix-garsas\\\/#breadcrumb\"},\"inLanguage\":\"lv-LV\",\"potentialAction\":[{\"@type\":\"ReadAction\",\"target\":[\"https:\\\/\\\/miumjau.ee\\\/lv\\\/produkts\\\/aatas-cat-konservi-kakiem-24-x-80-g-mix-garsas\\\/\"]}]},{\"@type\":\"ImageObject\",\"inLanguage\":\"lv-LV\",\"@id\":\"https:\\\/\\\/miumjau.ee\\\/lv\\\/produkts\\\/aatas-cat-konservi-kakiem-24-x-80-g-mix-garsas\\\/#primaryimage\",\"url\":\"https:\\\/\\\/miumjau.ee\\\/wp-content\\\/uploads\\\/2024\\\/12\\\/20241206-_DSC2699-Photoroom.jpg\",\"contentUrl\":\"https:\\\/\\\/miumjau.ee\\\/wp-content\\\/uploads\\\/2024\\\/12\\\/20241206-_DSC2699-Photoroom.jpg\",\"width\":600,\"height\":800},{\"@type\":\"BreadcrumbList\",\"@id\":\"https:\\\/\\\/miumjau.ee\\\/lv\\\/produkts\\\/aatas-cat-konservi-kakiem-24-x-80-g-mix-garsas\\\/#breadcrumb\",\"itemListElement\":[{\"@type\":\"ListItem\",\"position\":1,\"name\":\"Home\",\"item\":\"https:\\\/\\\/miumjau.ee\\\/lv\\\/\"},{\"@type\":\"ListItem\",\"position\":2,\"name\":\"Veikals\",\"item\":\"https:\\\/\\\/miumjau.ee\\\/lv\\\/veikals\\\/\"},{\"@type\":\"ListItem\",\"position\":3,\"name\":\"Aatas Cat konservi ka\u0137iem, 24 x 80 g, MIX GAR\u0160AS\"}]},{\"@type\":\"WebSite\",\"@id\":\"https:\\\/\\\/miumjau.ee\\\/#website\",\"url\":\"https:\\\/\\\/miumjau.ee\\\/\",\"name\":\"MiuMjau\",\"description\":\"Kraapimispuud kassidele\",\"publisher\":{\"@id\":\"https:\\\/\\\/miumjau.ee\\\/#organization\"},\"potentialAction\":[{\"@type\":\"SearchAction\",\"target\":{\"@type\":\"EntryPoint\",\"urlTemplate\":\"https:\\\/\\\/miumjau.ee\\\/?s={search_term_string}\"},\"query-input\":{\"@type\":\"PropertyValueSpecification\",\"valueRequired\":true,\"valueName\":\"search_term_string\"}}],\"inLanguage\":\"lv-LV\"},{\"@type\":\"Organization\",\"@id\":\"https:\\\/\\\/miumjau.ee\\\/#organization\",\"name\":\"MiuMjau O\u00dc\",\"url\":\"https:\\\/\\\/miumjau.ee\\\/\",\"logo\":{\"@type\":\"ImageObject\",\"inLanguage\":\"lv-LV\",\"@id\":\"https:\\\/\\\/miumjau.ee\\\/#\\\/schema\\\/logo\\\/image\\\/\",\"url\":\"https:\\\/\\\/miumjau.ee\\\/wp-content\\\/uploads\\\/2022\\\/04\\\/MiuMjau-logo-kollane.png\",\"contentUrl\":\"https:\\\/\\\/miumjau.ee\\\/wp-content\\\/uploads\\\/2022\\\/04\\\/MiuMjau-logo-kollane.png\",\"width\":219,\"height\":100,\"caption\":\"MiuMjau O\u00dc\"},\"image\":{\"@id\":\"https:\\\/\\\/miumjau.ee\\\/#\\\/schema\\\/logo\\\/image\\\/\"},\"sameAs\":[\"https:\\\/\\\/www.facebook.com\\\/miumjaupood\\\/\"]}]}<\/script>\n<!-- \/ Yoast SEO plugin. -->","yoast_head_json":{"title":"Aatas Cat konservi ka\u0137iem, 24 x 80 g, MIX GAR\u0160AS - MiuMjau","robots":{"index":"index","follow":"follow","max-snippet":"max-snippet:-1","max-image-preview":"max-image-preview:large","max-video-preview":"max-video-preview:-1"},"canonical":"https:\/\/miumjau.ee\/lv\/produkts\/aatas-cat-konservi-kakiem-24-x-80-g-mix-garsas\/","og_locale":"lv_LV","og_type":"article","og_title":"Aatas Cat konservi ka\u0137iem, 24 x 80 g, MIX GAR\u0160AS - MiuMjau","og_description":"Gard\u0113\u017eu papildbar\u012bba ka\u0137iem, pagatavota ar lielu ga\u013cas saturu. \u0160aj\u0101 komplekt\u0101 ir MIX gar\u0161as \u2013 vismaz 3 da\u017e\u0101di produkti gan no Creamy Chicken, gan no Tantalizing Tuna s\u0113rijas. Iesp\u0113ja baud\u012bt p\u0113c iesp\u0113jas vair\u0101k gar\u0161as vien\u0101 reiz\u0113. Ka\u0137iem pat\u012bk da\u017e\u0101d\u012bba! \u012apa\u0161\u012bbas:     Dab\u012bga ga\u013ca    Zems tauku un kaloriju saturs    Pat\u012bk pat visizv\u0113l\u012bg\u0101kajiem ka\u0137iem    Bez graudaugiem sast\u0101v\u0101    Bez konservantiem    Bez \u0122MO    Kop\u0101 24 konservi, katrs pa 80 g   Baro\u0161anas nor\u0101d\u012bjumi:Neatv\u0113rtos AATAS konservus uzglab\u0101t istabas temperat\u016br\u0101. Nesald\u0113t. Atliku\u0161o bar\u012bbu uzglab\u0101t ledusskap\u012b. Tikai ka\u0137u bar\u012bbai. Padoms: ja bar\u012bba ir p\u0101r\u0101k auksta, to var pat\u012bkami uzsild\u012bt, ievietojot trauku ar bar\u012bbu b\u013cod\u0101 ar siltu \u016bdeni.","og_url":"https:\/\/miumjau.ee\/lv\/produkts\/aatas-cat-konservi-kakiem-24-x-80-g-mix-garsas\/","og_site_name":"MiuMjau","article_publisher":"https:\/\/www.facebook.com\/miumjaupood\/","article_modified_time":"2026-01-07T19:19:06+00:00","og_image":[{"width":600,"height":800,"url":"https:\/\/miumjau.ee\/wp-content\/uploads\/2024\/12\/20241206-_DSC2699-Photoroom.jpg","type":"image\/jpeg"}],"twitter_card":"summary_large_image","schema":{"@context":"https:\/\/schema.org","@graph":[{"@type":"WebPage","@id":"https:\/\/miumjau.ee\/lv\/produkts\/aatas-cat-konservi-kakiem-24-x-80-g-mix-garsas\/","url":"https:\/\/miumjau.ee\/lv\/produkts\/aatas-cat-konservi-kakiem-24-x-80-g-mix-garsas\/","name":"Aatas Cat konservi ka\u0137iem, 24 x 80 g, MIX GAR\u0160AS - MiuMjau","isPartOf":{"@id":"https:\/\/miumjau.ee\/#website"},"primaryImageOfPage":{"@id":"https:\/\/miumjau.ee\/lv\/produkts\/aatas-cat-konservi-kakiem-24-x-80-g-mix-garsas\/#primaryimage"},"image":{"@id":"https:\/\/miumjau.ee\/lv\/produkts\/aatas-cat-konservi-kakiem-24-x-80-g-mix-garsas\/#primaryimage"},"thumbnailUrl":"https:\/\/miumjau.ee\/wp-content\/uploads\/2024\/12\/20241206-_DSC2699-Photoroom.jpg","datePublished":"2024-12-06T17:22:22+00:00","dateModified":"2026-01-07T19:19:06+00:00","breadcrumb":{"@id":"https:\/\/miumjau.ee\/lv\/produkts\/aatas-cat-konservi-kakiem-24-x-80-g-mix-garsas\/#breadcrumb"},"inLanguage":"lv-LV","potentialAction":[{"@type":"ReadAction","target":["https:\/\/miumjau.ee\/lv\/produkts\/aatas-cat-konservi-kakiem-24-x-80-g-mix-garsas\/"]}]},{"@type":"ImageObject","inLanguage":"lv-LV","@id":"https:\/\/miumjau.ee\/lv\/produkts\/aatas-cat-konservi-kakiem-24-x-80-g-mix-garsas\/#primaryimage","url":"https:\/\/miumjau.ee\/wp-content\/uploads\/2024\/12\/20241206-_DSC2699-Photoroom.jpg","contentUrl":"https:\/\/miumjau.ee\/wp-content\/uploads\/2024\/12\/20241206-_DSC2699-Photoroom.jpg","width":600,"height":800},{"@type":"BreadcrumbList","@id":"https:\/\/miumjau.ee\/lv\/produkts\/aatas-cat-konservi-kakiem-24-x-80-g-mix-garsas\/#breadcrumb","itemListElement":[{"@type":"ListItem","position":1,"name":"Home","item":"https:\/\/miumjau.ee\/lv\/"},{"@type":"ListItem","position":2,"name":"Veikals","item":"https:\/\/miumjau.ee\/lv\/veikals\/"},{"@type":"ListItem","position":3,"name":"Aatas Cat konservi ka\u0137iem, 24 x 80 g, MIX GAR\u0160AS"}]},{"@type":"WebSite","@id":"https:\/\/miumjau.ee\/#website","url":"https:\/\/miumjau.ee\/","name":"MiuMjau","description":"Kraapimispuud kassidele","publisher":{"@id":"https:\/\/miumjau.ee\/#organization"},"potentialAction":[{"@type":"SearchAction","target":{"@type":"EntryPoint","urlTemplate":"https:\/\/miumjau.ee\/?s={search_term_string}"},"query-input":{"@type":"PropertyValueSpecification","valueRequired":true,"valueName":"search_term_string"}}],"inLanguage":"lv-LV"},{"@type":"Organization","@id":"https:\/\/miumjau.ee\/#organization","name":"MiuMjau O\u00dc","url":"https:\/\/miumjau.ee\/","logo":{"@type":"ImageObject","inLanguage":"lv-LV","@id":"https:\/\/miumjau.ee\/#\/schema\/logo\/image\/","url":"https:\/\/miumjau.ee\/wp-content\/uploads\/2022\/04\/MiuMjau-logo-kollane.png","contentUrl":"https:\/\/miumjau.ee\/wp-content\/uploads\/2022\/04\/MiuMjau-logo-kollane.png","width":219,"height":100,"caption":"MiuMjau O\u00dc"},"image":{"@id":"https:\/\/miumjau.ee\/#\/schema\/logo\/image\/"},"sameAs":["https:\/\/www.facebook.com\/miumjaupood\/"]}]}},"_links":{"self":[{"href":"https:\/\/miumjau.ee\/lv\/wp-json\/wp\/v2\/product\/48226","targetHints":{"allow":["GET"]}}],"collection":[{"href":"https:\/\/miumjau.ee\/lv\/wp-json\/wp\/v2\/product"}],"about":[{"href":"https:\/\/miumjau.ee\/lv\/wp-json\/wp\/v2\/types\/product"}],"wp:featuredmedia":[{"embeddable":true,"href":"https:\/\/miumjau.ee\/lv\/wp-json\/wp\/v2\/media\/48227"}],"wp:attachment":[{"href":"https:\/\/miumjau.ee\/lv\/wp-json\/wp\/v2\/media?parent=48226"}],"wp:term":[{"taxonomy":"product_brand","embeddable":true,"href":"https:\/\/miumjau.ee\/lv\/wp-json\/wp\/v2\/product_brand?post=48226"},{"taxonomy":"product_cat","embeddable":true,"href":"https:\/\/miumjau.ee\/lv\/wp-json\/wp\/v2\/product_cat?post=48226"},{"taxonomy":"product_tag","embeddable":true,"href":"https:\/\/miumjau.ee\/lv\/wp-json\/wp\/v2\/product_tag?post=48226"}],"curies":[{"name":"wp","href":"https:\/\/api.w.org\/{rel}","templated":true}]}}