{"id":48106,"date":"2025-05-28T16:11:36","date_gmt":"2025-05-28T13:11:36","guid":{"rendered":"https:\/\/miumjau.ee\/toode\/bifeles-raga-virve-rotallieta-suniem-frigera-m\/"},"modified":"2026-01-07T21:20:10","modified_gmt":"2026-01-07T19:20:10","slug":"bifeles-raga-virve-rotallieta-suniem-frigera-m","status":"publish","type":"product","link":"https:\/\/miumjau.ee\/lv\/produkts\/bifeles-raga-virve-rotallieta-suniem-frigera-m\/","title":{"rendered":"Bifeles raga virve, rota\u013clieta su\u0146iem, Frigera M"},"content":{"rendered":"","protected":false},"excerpt":{"rendered":"<p data-start=\"1941\" data-end=\"2363\">Vai tavs \u010detrk\u0101jainais draugs nevar pretoties tavu d\u0101rgo sporta apavu ko\u0161\u013c\u0101\u0161anai? Neuztraucies \u2013 friGERA bifeles raga virves rota\u013clieta n\u0101k pal\u012bg\u0101! \u0160\u012b rok\u0101m gatavot\u0101 dabisk\u0101 rota\u013clieta sniedz tavam sunim stund\u0101m ilgu ko\u0161\u013c\u0101\u0161anas prieku. Papildus garlaic\u012bbas mazin\u0101\u0161anai tiek uzskat\u012bts, ka intens\u012bva ko\u0161\u013c\u0101\u0161ana samazina trauksmes simptomus un pal\u012bdz samazin\u0101t zobu aplikumu, t\u0101d\u0113j\u0101di atbalstot su\u0146a visp\u0101r\u0113jo mutes higi\u0113nu.<\/p>\n<p data-start=\"2365\" data-end=\"2751\">M\u016bsu rota\u013clieta no bifeles raga un kokvilnas virves ir vesel\u012bga un atbild\u012bga alternat\u012bva d\u0101rg\u0101m sint\u0113tisk\u0101m ko\u0161\u013c\u0101jam\u0101m rota\u013cliet\u0101m, apvienojot organisko kokvilnas virvi ar uzturviel\u0101m bag\u0101tiem bifeles raga gabali\u0146iem. \u0160ie gabali\u0146i ir pilni olbaltumvielu, kalcija un fosfora, atbalstot vesel\u012bgus kaulus un musku\u013cus! Ar iek\u0161\u0113jo kerat\u012bnu \u0161\u012b rota\u013clieta var kalpot ned\u0113\u013cas vai pat m\u0113ne\u0161us!<\/p>\n<p data-start=\"2753\" data-end=\"2813\">Neto svars: 350 g<br data-start=\"2770\" data-end=\"2773\" \/>Sast\u0101vs: Bifeles rags, kokvilnas virve<\/p>\n","protected":false},"featured_media":48107,"template":"","meta":[],"product_brand":[],"product_cat":[592],"product_tag":[],"class_list":{"0":"post-48106","1":"product","2":"type-product","3":"status-publish","4":"has-post-thumbnail","6":"product_cat-rotallietas-suniem","8":"first","9":"instock","10":"sale","11":"taxable","12":"shipping-taxable","13":"purchasable","14":"product-type-simple"},"yoast_head":"<!-- This site is optimized with the Yoast SEO plugin v27.4 - https:\/\/yoast.com\/product\/yoast-seo-wordpress\/ -->\n<title>Bifeles raga virve, rota\u013clieta su\u0146iem, Frigera M - MiuMjau<\/title>\n<meta name=\"robots\" content=\"index, follow, max-snippet:-1, max-image-preview:large, max-video-preview:-1\" \/>\n<link rel=\"canonical\" href=\"https:\/\/miumjau.ee\/lv\/produkts\/bifeles-raga-virve-rotallieta-suniem-frigera-m\/\" \/>\n<meta property=\"og:locale\" content=\"lv_LV\" \/>\n<meta property=\"og:type\" content=\"article\" \/>\n<meta property=\"og:title\" content=\"Bifeles raga virve, rota\u013clieta su\u0146iem, Frigera M - MiuMjau\" \/>\n<meta property=\"og:description\" content=\"Vai tavs \u010detrk\u0101jainais draugs nevar pretoties tavu d\u0101rgo sporta apavu ko\u0161\u013c\u0101\u0161anai? Neuztraucies \u2013 friGERA bifeles raga virves rota\u013clieta n\u0101k pal\u012bg\u0101! \u0160\u012b rok\u0101m gatavot\u0101 dabisk\u0101 rota\u013clieta sniedz tavam sunim stund\u0101m ilgu ko\u0161\u013c\u0101\u0161anas prieku. Papildus garlaic\u012bbas mazin\u0101\u0161anai tiek uzskat\u012bts, ka intens\u012bva ko\u0161\u013c\u0101\u0161ana samazina trauksmes simptomus un pal\u012bdz samazin\u0101t zobu aplikumu, t\u0101d\u0113j\u0101di atbalstot su\u0146a visp\u0101r\u0113jo mutes higi\u0113nu. M\u016bsu rota\u013clieta no bifeles raga un kokvilnas virves ir vesel\u012bga un atbild\u012bga alternat\u012bva d\u0101rg\u0101m sint\u0113tisk\u0101m ko\u0161\u013c\u0101jam\u0101m rota\u013cliet\u0101m, apvienojot organisko kokvilnas virvi ar uzturviel\u0101m bag\u0101tiem bifeles raga gabali\u0146iem. \u0160ie gabali\u0146i ir pilni olbaltumvielu, kalcija un fosfora, atbalstot vesel\u012bgus kaulus un musku\u013cus! Ar iek\u0161\u0113jo kerat\u012bnu \u0161\u012b rota\u013clieta var kalpot ned\u0113\u013cas vai pat m\u0113ne\u0161us! Neto svars: 350 gSast\u0101vs: Bifeles rags, kokvilnas virve\" \/>\n<meta property=\"og:url\" content=\"https:\/\/miumjau.ee\/lv\/produkts\/bifeles-raga-virve-rotallieta-suniem-frigera-m\/\" \/>\n<meta property=\"og:site_name\" content=\"MiuMjau\" \/>\n<meta property=\"article:publisher\" content=\"https:\/\/www.facebook.com\/miumjaupood\/\" \/>\n<meta property=\"article:modified_time\" content=\"2026-01-07T19:20:10+00:00\" \/>\n<meta property=\"og:image\" content=\"https:\/\/miumjau.ee\/wp-content\/uploads\/2025\/05\/kois-puhvli-sarvega-frigera2.webp\" \/>\n\t<meta property=\"og:image:width\" content=\"600\" \/>\n\t<meta property=\"og:image:height\" content=\"800\" \/>\n\t<meta property=\"og:image:type\" content=\"image\/webp\" \/>\n<meta name=\"twitter:card\" content=\"summary_large_image\" \/>\n<script type=\"application\/ld+json\" class=\"yoast-schema-graph\">{\"@context\":\"https:\\\/\\\/schema.org\",\"@graph\":[{\"@type\":\"WebPage\",\"@id\":\"https:\\\/\\\/miumjau.ee\\\/lv\\\/produkts\\\/bifeles-raga-virve-rotallieta-suniem-frigera-m\\\/\",\"url\":\"https:\\\/\\\/miumjau.ee\\\/lv\\\/produkts\\\/bifeles-raga-virve-rotallieta-suniem-frigera-m\\\/\",\"name\":\"Bifeles raga virve, rota\u013clieta su\u0146iem, Frigera M - MiuMjau\",\"isPartOf\":{\"@id\":\"https:\\\/\\\/miumjau.ee\\\/#website\"},\"primaryImageOfPage\":{\"@id\":\"https:\\\/\\\/miumjau.ee\\\/lv\\\/produkts\\\/bifeles-raga-virve-rotallieta-suniem-frigera-m\\\/#primaryimage\"},\"image\":{\"@id\":\"https:\\\/\\\/miumjau.ee\\\/lv\\\/produkts\\\/bifeles-raga-virve-rotallieta-suniem-frigera-m\\\/#primaryimage\"},\"thumbnailUrl\":\"https:\\\/\\\/miumjau.ee\\\/wp-content\\\/uploads\\\/2025\\\/05\\\/kois-puhvli-sarvega-frigera2.webp\",\"datePublished\":\"2025-05-28T13:11:36+00:00\",\"dateModified\":\"2026-01-07T19:20:10+00:00\",\"breadcrumb\":{\"@id\":\"https:\\\/\\\/miumjau.ee\\\/lv\\\/produkts\\\/bifeles-raga-virve-rotallieta-suniem-frigera-m\\\/#breadcrumb\"},\"inLanguage\":\"lv-LV\",\"potentialAction\":[{\"@type\":\"ReadAction\",\"target\":[\"https:\\\/\\\/miumjau.ee\\\/lv\\\/produkts\\\/bifeles-raga-virve-rotallieta-suniem-frigera-m\\\/\"]}]},{\"@type\":\"ImageObject\",\"inLanguage\":\"lv-LV\",\"@id\":\"https:\\\/\\\/miumjau.ee\\\/lv\\\/produkts\\\/bifeles-raga-virve-rotallieta-suniem-frigera-m\\\/#primaryimage\",\"url\":\"https:\\\/\\\/miumjau.ee\\\/wp-content\\\/uploads\\\/2025\\\/05\\\/kois-puhvli-sarvega-frigera2.webp\",\"contentUrl\":\"https:\\\/\\\/miumjau.ee\\\/wp-content\\\/uploads\\\/2025\\\/05\\\/kois-puhvli-sarvega-frigera2.webp\",\"width\":600,\"height\":800},{\"@type\":\"BreadcrumbList\",\"@id\":\"https:\\\/\\\/miumjau.ee\\\/lv\\\/produkts\\\/bifeles-raga-virve-rotallieta-suniem-frigera-m\\\/#breadcrumb\",\"itemListElement\":[{\"@type\":\"ListItem\",\"position\":1,\"name\":\"Home\",\"item\":\"https:\\\/\\\/miumjau.ee\\\/lv\\\/\"},{\"@type\":\"ListItem\",\"position\":2,\"name\":\"Veikals\",\"item\":\"https:\\\/\\\/miumjau.ee\\\/lv\\\/veikals\\\/\"},{\"@type\":\"ListItem\",\"position\":3,\"name\":\"Bifeles raga virve, rota\u013clieta su\u0146iem, Frigera M\"}]},{\"@type\":\"WebSite\",\"@id\":\"https:\\\/\\\/miumjau.ee\\\/#website\",\"url\":\"https:\\\/\\\/miumjau.ee\\\/\",\"name\":\"MiuMjau\",\"description\":\"Kraapimispuud kassidele\",\"publisher\":{\"@id\":\"https:\\\/\\\/miumjau.ee\\\/#organization\"},\"potentialAction\":[{\"@type\":\"SearchAction\",\"target\":{\"@type\":\"EntryPoint\",\"urlTemplate\":\"https:\\\/\\\/miumjau.ee\\\/?s={search_term_string}\"},\"query-input\":{\"@type\":\"PropertyValueSpecification\",\"valueRequired\":true,\"valueName\":\"search_term_string\"}}],\"inLanguage\":\"lv-LV\"},{\"@type\":\"Organization\",\"@id\":\"https:\\\/\\\/miumjau.ee\\\/#organization\",\"name\":\"MiuMjau O\u00dc\",\"url\":\"https:\\\/\\\/miumjau.ee\\\/\",\"logo\":{\"@type\":\"ImageObject\",\"inLanguage\":\"lv-LV\",\"@id\":\"https:\\\/\\\/miumjau.ee\\\/#\\\/schema\\\/logo\\\/image\\\/\",\"url\":\"https:\\\/\\\/miumjau.ee\\\/wp-content\\\/uploads\\\/2022\\\/04\\\/MiuMjau-logo-kollane.png\",\"contentUrl\":\"https:\\\/\\\/miumjau.ee\\\/wp-content\\\/uploads\\\/2022\\\/04\\\/MiuMjau-logo-kollane.png\",\"width\":219,\"height\":100,\"caption\":\"MiuMjau O\u00dc\"},\"image\":{\"@id\":\"https:\\\/\\\/miumjau.ee\\\/#\\\/schema\\\/logo\\\/image\\\/\"},\"sameAs\":[\"https:\\\/\\\/www.facebook.com\\\/miumjaupood\\\/\"]}]}<\/script>\n<!-- \/ Yoast SEO plugin. -->","yoast_head_json":{"title":"Bifeles raga virve, rota\u013clieta su\u0146iem, Frigera M - MiuMjau","robots":{"index":"index","follow":"follow","max-snippet":"max-snippet:-1","max-image-preview":"max-image-preview:large","max-video-preview":"max-video-preview:-1"},"canonical":"https:\/\/miumjau.ee\/lv\/produkts\/bifeles-raga-virve-rotallieta-suniem-frigera-m\/","og_locale":"lv_LV","og_type":"article","og_title":"Bifeles raga virve, rota\u013clieta su\u0146iem, Frigera M - MiuMjau","og_description":"Vai tavs \u010detrk\u0101jainais draugs nevar pretoties tavu d\u0101rgo sporta apavu ko\u0161\u013c\u0101\u0161anai? Neuztraucies \u2013 friGERA bifeles raga virves rota\u013clieta n\u0101k pal\u012bg\u0101! \u0160\u012b rok\u0101m gatavot\u0101 dabisk\u0101 rota\u013clieta sniedz tavam sunim stund\u0101m ilgu ko\u0161\u013c\u0101\u0161anas prieku. Papildus garlaic\u012bbas mazin\u0101\u0161anai tiek uzskat\u012bts, ka intens\u012bva ko\u0161\u013c\u0101\u0161ana samazina trauksmes simptomus un pal\u012bdz samazin\u0101t zobu aplikumu, t\u0101d\u0113j\u0101di atbalstot su\u0146a visp\u0101r\u0113jo mutes higi\u0113nu. M\u016bsu rota\u013clieta no bifeles raga un kokvilnas virves ir vesel\u012bga un atbild\u012bga alternat\u012bva d\u0101rg\u0101m sint\u0113tisk\u0101m ko\u0161\u013c\u0101jam\u0101m rota\u013cliet\u0101m, apvienojot organisko kokvilnas virvi ar uzturviel\u0101m bag\u0101tiem bifeles raga gabali\u0146iem. \u0160ie gabali\u0146i ir pilni olbaltumvielu, kalcija un fosfora, atbalstot vesel\u012bgus kaulus un musku\u013cus! Ar iek\u0161\u0113jo kerat\u012bnu \u0161\u012b rota\u013clieta var kalpot ned\u0113\u013cas vai pat m\u0113ne\u0161us! Neto svars: 350 gSast\u0101vs: Bifeles rags, kokvilnas virve","og_url":"https:\/\/miumjau.ee\/lv\/produkts\/bifeles-raga-virve-rotallieta-suniem-frigera-m\/","og_site_name":"MiuMjau","article_publisher":"https:\/\/www.facebook.com\/miumjaupood\/","article_modified_time":"2026-01-07T19:20:10+00:00","og_image":[{"width":600,"height":800,"url":"https:\/\/miumjau.ee\/wp-content\/uploads\/2025\/05\/kois-puhvli-sarvega-frigera2.webp","type":"image\/webp"}],"twitter_card":"summary_large_image","schema":{"@context":"https:\/\/schema.org","@graph":[{"@type":"WebPage","@id":"https:\/\/miumjau.ee\/lv\/produkts\/bifeles-raga-virve-rotallieta-suniem-frigera-m\/","url":"https:\/\/miumjau.ee\/lv\/produkts\/bifeles-raga-virve-rotallieta-suniem-frigera-m\/","name":"Bifeles raga virve, rota\u013clieta su\u0146iem, Frigera M - MiuMjau","isPartOf":{"@id":"https:\/\/miumjau.ee\/#website"},"primaryImageOfPage":{"@id":"https:\/\/miumjau.ee\/lv\/produkts\/bifeles-raga-virve-rotallieta-suniem-frigera-m\/#primaryimage"},"image":{"@id":"https:\/\/miumjau.ee\/lv\/produkts\/bifeles-raga-virve-rotallieta-suniem-frigera-m\/#primaryimage"},"thumbnailUrl":"https:\/\/miumjau.ee\/wp-content\/uploads\/2025\/05\/kois-puhvli-sarvega-frigera2.webp","datePublished":"2025-05-28T13:11:36+00:00","dateModified":"2026-01-07T19:20:10+00:00","breadcrumb":{"@id":"https:\/\/miumjau.ee\/lv\/produkts\/bifeles-raga-virve-rotallieta-suniem-frigera-m\/#breadcrumb"},"inLanguage":"lv-LV","potentialAction":[{"@type":"ReadAction","target":["https:\/\/miumjau.ee\/lv\/produkts\/bifeles-raga-virve-rotallieta-suniem-frigera-m\/"]}]},{"@type":"ImageObject","inLanguage":"lv-LV","@id":"https:\/\/miumjau.ee\/lv\/produkts\/bifeles-raga-virve-rotallieta-suniem-frigera-m\/#primaryimage","url":"https:\/\/miumjau.ee\/wp-content\/uploads\/2025\/05\/kois-puhvli-sarvega-frigera2.webp","contentUrl":"https:\/\/miumjau.ee\/wp-content\/uploads\/2025\/05\/kois-puhvli-sarvega-frigera2.webp","width":600,"height":800},{"@type":"BreadcrumbList","@id":"https:\/\/miumjau.ee\/lv\/produkts\/bifeles-raga-virve-rotallieta-suniem-frigera-m\/#breadcrumb","itemListElement":[{"@type":"ListItem","position":1,"name":"Home","item":"https:\/\/miumjau.ee\/lv\/"},{"@type":"ListItem","position":2,"name":"Veikals","item":"https:\/\/miumjau.ee\/lv\/veikals\/"},{"@type":"ListItem","position":3,"name":"Bifeles raga virve, rota\u013clieta su\u0146iem, Frigera M"}]},{"@type":"WebSite","@id":"https:\/\/miumjau.ee\/#website","url":"https:\/\/miumjau.ee\/","name":"MiuMjau","description":"Kraapimispuud kassidele","publisher":{"@id":"https:\/\/miumjau.ee\/#organization"},"potentialAction":[{"@type":"SearchAction","target":{"@type":"EntryPoint","urlTemplate":"https:\/\/miumjau.ee\/?s={search_term_string}"},"query-input":{"@type":"PropertyValueSpecification","valueRequired":true,"valueName":"search_term_string"}}],"inLanguage":"lv-LV"},{"@type":"Organization","@id":"https:\/\/miumjau.ee\/#organization","name":"MiuMjau O\u00dc","url":"https:\/\/miumjau.ee\/","logo":{"@type":"ImageObject","inLanguage":"lv-LV","@id":"https:\/\/miumjau.ee\/#\/schema\/logo\/image\/","url":"https:\/\/miumjau.ee\/wp-content\/uploads\/2022\/04\/MiuMjau-logo-kollane.png","contentUrl":"https:\/\/miumjau.ee\/wp-content\/uploads\/2022\/04\/MiuMjau-logo-kollane.png","width":219,"height":100,"caption":"MiuMjau O\u00dc"},"image":{"@id":"https:\/\/miumjau.ee\/#\/schema\/logo\/image\/"},"sameAs":["https:\/\/www.facebook.com\/miumjaupood\/"]}]}},"_links":{"self":[{"href":"https:\/\/miumjau.ee\/lv\/wp-json\/wp\/v2\/product\/48106","targetHints":{"allow":["GET"]}}],"collection":[{"href":"https:\/\/miumjau.ee\/lv\/wp-json\/wp\/v2\/product"}],"about":[{"href":"https:\/\/miumjau.ee\/lv\/wp-json\/wp\/v2\/types\/product"}],"wp:featuredmedia":[{"embeddable":true,"href":"https:\/\/miumjau.ee\/lv\/wp-json\/wp\/v2\/media\/48107"}],"wp:attachment":[{"href":"https:\/\/miumjau.ee\/lv\/wp-json\/wp\/v2\/media?parent=48106"}],"wp:term":[{"taxonomy":"product_brand","embeddable":true,"href":"https:\/\/miumjau.ee\/lv\/wp-json\/wp\/v2\/product_brand?post=48106"},{"taxonomy":"product_cat","embeddable":true,"href":"https:\/\/miumjau.ee\/lv\/wp-json\/wp\/v2\/product_cat?post=48106"},{"taxonomy":"product_tag","embeddable":true,"href":"https:\/\/miumjau.ee\/lv\/wp-json\/wp\/v2\/product_tag?post=48106"}],"curies":[{"name":"wp","href":"https:\/\/api.w.org\/{rel}","templated":true}]}}