{"id":48104,"date":"2025-05-28T20:13:00","date_gmt":"2025-05-28T17:13:00","guid":{"rendered":"https:\/\/miumjau.ee\/toode\/bifeles-raga-gals-1-gab-frigera-l\/"},"modified":"2026-01-07T21:20:10","modified_gmt":"2026-01-07T19:20:10","slug":"bifeles-raga-gals-1-gab-frigera-l","status":"publish","type":"product","link":"https:\/\/miumjau.ee\/lv\/produkts\/bifeles-raga-gals-1-gab-frigera-l\/","title":{"rendered":"Bifeles raga gals 1 gab., Frigera L"},"content":{"rendered":"","protected":false},"excerpt":{"rendered":"<p data-start=\"3284\" data-end=\"3665\">Vai tavs suns uzreiz izn\u012bcina visus k\u0101rumus? Vai esi izm\u0113\u0123in\u0101jis visas dabisk\u0101s ko\u0161\u013c\u0101jam\u0101s k\u0101rumus un mekl\u0113 kaut ko jaunu? Neuztraucies \u2013 friGERA bifeles raga gali ir pieejams un iztur\u012bgs k\u0101rums tav\u0101 spalvainaj\u0101 draug\u0101! M\u016bsu bifeles raga gali n\u0101k no br\u012bvi tur\u0113tiem un gan\u012btiem bifeliem. P\u0113c sav\u0101k\u0161anas tos m\u0113rc\u0113 karst\u0101 \u016bden\u012b, t\u012bra un pul\u0113, lai no\u0146emtu asas malas, un r\u016bp\u012bgi \u017e\u0101v\u0113.<\/p>\n<p data-start=\"3667\" data-end=\"4080\">Bifeles raga gali sast\u0101v no \u013coti iztur\u012bga kerat\u012bna un var kalpot ned\u0113\u013cas vai pat m\u0113ne\u0161us, padarot tos \u012bpa\u0161i piem\u0113rotus satrauktiem su\u0146iem ar sp\u0113c\u012bgu ko\u0161\u013c\u0101\u0161anas instinktu \u2013 intens\u012bva ko\u0161\u013c\u0101\u0161ana atbr\u012bvo endorf\u012bnus, pal\u012bdzot sunim justies laim\u012bgam un mier\u012bgam. \u0160ie k\u0101rumi ir zemu tauku, bet bag\u0101ti ar olbaltumviel\u0101m, kalciju un fosforu, atbalstot vesel\u012bgu kaulu un musku\u013cu att\u012bst\u012bbu, bez b\u016btiskas ietekmes uz svaru.<\/p>\n<p data-start=\"4082\" data-end=\"4461\">Pro padoms: Aizpildi raga galus ar kaut ko, ko suns m\u012bl \u2013 gar\u0161\u012bgu su\u0146u past\u0113ti, ga\u013cas pild\u012bjumu, mitru su\u0146u bar\u012bbu utt. Iesp\u0113jas ir bezgal\u012bgas! Tas ir lielisks un pieejams veids, k\u0101 iem\u0101c\u012bt sunim labu ko\u0161\u013c\u0101\u0161anas uzved\u012bbu. Kad pild\u012bjums ir iz\u0113sts, suns netiks atst\u0101ts ar tuk\u0161u sint\u0113tisku rota\u013clietu \u2013 paliek barojo\u0161s un iztur\u012bgs rags k\u0101 papildus atl\u012bdz\u012bba p\u0113c m\u0101c\u012bb\u0101m un sp\u0113les!<\/p>\n<p data-start=\"4463\" data-end=\"4512\">Neto svars: 300 g<br data-start=\"4480\" data-end=\"4483\" \/>Sast\u0101vs: 100 % bifeles rags<\/p>\n<p data-start=\"4514\" data-end=\"4743\">Baro\u0161anas nor\u0101d\u012bjumi: Pied\u0101v\u0101jiet k\u0101 k\u0101rumu starp \u0113dienreiz\u0113m vai k\u0101 balvu da\u013cai sabalans\u0113ta uztura. Vienm\u0113r uzraugiet savu suni, kad tas ko\u0161\u013c\u0101 k\u0101rumu. Nodro\u0161iniet pietiekami daudz svaiga dzeram\u0101 \u016bdens. Nav piem\u0113rots cilv\u0113kiem.<\/p>\n","protected":false},"featured_media":48101,"template":"","meta":[],"product_brand":[],"product_cat":[576],"product_tag":[],"class_list":{"0":"post-48104","1":"product","2":"type-product","3":"status-publish","4":"has-post-thumbnail","6":"product_cat-naski-suniem","8":"first","9":"instock","10":"taxable","11":"shipping-taxable","12":"purchasable","13":"product-type-simple"},"yoast_head":"<!-- This site is optimized with the Yoast SEO plugin v27.4 - https:\/\/yoast.com\/product\/yoast-seo-wordpress\/ -->\n<title>Bifeles raga gals 1 gab., Frigera L - MiuMjau<\/title>\n<meta name=\"robots\" content=\"index, follow, max-snippet:-1, max-image-preview:large, max-video-preview:-1\" \/>\n<link rel=\"canonical\" href=\"https:\/\/miumjau.ee\/lv\/produkts\/bifeles-raga-gals-1-gab-frigera-l\/\" \/>\n<meta property=\"og:locale\" content=\"lv_LV\" \/>\n<meta property=\"og:type\" content=\"article\" \/>\n<meta property=\"og:title\" content=\"Bifeles raga gals 1 gab., Frigera L - MiuMjau\" \/>\n<meta property=\"og:description\" content=\"Vai tavs suns uzreiz izn\u012bcina visus k\u0101rumus? Vai esi izm\u0113\u0123in\u0101jis visas dabisk\u0101s ko\u0161\u013c\u0101jam\u0101s k\u0101rumus un mekl\u0113 kaut ko jaunu? Neuztraucies \u2013 friGERA bifeles raga gali ir pieejams un iztur\u012bgs k\u0101rums tav\u0101 spalvainaj\u0101 draug\u0101! M\u016bsu bifeles raga gali n\u0101k no br\u012bvi tur\u0113tiem un gan\u012btiem bifeliem. P\u0113c sav\u0101k\u0161anas tos m\u0113rc\u0113 karst\u0101 \u016bden\u012b, t\u012bra un pul\u0113, lai no\u0146emtu asas malas, un r\u016bp\u012bgi \u017e\u0101v\u0113. Bifeles raga gali sast\u0101v no \u013coti iztur\u012bga kerat\u012bna un var kalpot ned\u0113\u013cas vai pat m\u0113ne\u0161us, padarot tos \u012bpa\u0161i piem\u0113rotus satrauktiem su\u0146iem ar sp\u0113c\u012bgu ko\u0161\u013c\u0101\u0161anas instinktu \u2013 intens\u012bva ko\u0161\u013c\u0101\u0161ana atbr\u012bvo endorf\u012bnus, pal\u012bdzot sunim justies laim\u012bgam un mier\u012bgam. \u0160ie k\u0101rumi ir zemu tauku, bet bag\u0101ti ar olbaltumviel\u0101m, kalciju un fosforu, atbalstot vesel\u012bgu kaulu un musku\u013cu att\u012bst\u012bbu, bez b\u016btiskas ietekmes uz svaru. Pro padoms: Aizpildi raga galus ar kaut ko, ko suns m\u012bl \u2013 gar\u0161\u012bgu su\u0146u past\u0113ti, ga\u013cas pild\u012bjumu, mitru su\u0146u bar\u012bbu utt. Iesp\u0113jas ir bezgal\u012bgas! Tas ir lielisks un pieejams veids, k\u0101 iem\u0101c\u012bt sunim labu ko\u0161\u013c\u0101\u0161anas uzved\u012bbu. Kad pild\u012bjums ir iz\u0113sts, suns netiks atst\u0101ts ar tuk\u0161u sint\u0113tisku rota\u013clietu \u2013 paliek barojo\u0161s un iztur\u012bgs rags k\u0101 papildus atl\u012bdz\u012bba p\u0113c m\u0101c\u012bb\u0101m un sp\u0113les! Neto svars: 300 gSast\u0101vs: 100 % bifeles rags Baro\u0161anas nor\u0101d\u012bjumi: Pied\u0101v\u0101jiet k\u0101 k\u0101rumu starp \u0113dienreiz\u0113m vai k\u0101 balvu da\u013cai sabalans\u0113ta uztura. Vienm\u0113r uzraugiet savu suni, kad tas ko\u0161\u013c\u0101 k\u0101rumu. Nodro\u0161iniet pietiekami daudz svaiga dzeram\u0101 \u016bdens. Nav piem\u0113rots cilv\u0113kiem.\" \/>\n<meta property=\"og:url\" content=\"https:\/\/miumjau.ee\/lv\/produkts\/bifeles-raga-gals-1-gab-frigera-l\/\" \/>\n<meta property=\"og:site_name\" content=\"MiuMjau\" \/>\n<meta property=\"article:publisher\" content=\"https:\/\/www.facebook.com\/miumjaupood\/\" \/>\n<meta property=\"article:modified_time\" content=\"2026-01-07T19:20:10+00:00\" \/>\n<meta property=\"og:image\" content=\"https:\/\/miumjau.ee\/wp-content\/uploads\/2025\/05\/puhvli-sarve-ots-l2.jpg\" \/>\n\t<meta property=\"og:image:width\" content=\"600\" \/>\n\t<meta property=\"og:image:height\" content=\"800\" \/>\n\t<meta property=\"og:image:type\" content=\"image\/jpeg\" \/>\n<meta name=\"twitter:card\" content=\"summary_large_image\" \/>\n<script type=\"application\/ld+json\" class=\"yoast-schema-graph\">{\"@context\":\"https:\\\/\\\/schema.org\",\"@graph\":[{\"@type\":\"WebPage\",\"@id\":\"https:\\\/\\\/miumjau.ee\\\/lv\\\/produkts\\\/bifeles-raga-gals-1-gab-frigera-l\\\/\",\"url\":\"https:\\\/\\\/miumjau.ee\\\/lv\\\/produkts\\\/bifeles-raga-gals-1-gab-frigera-l\\\/\",\"name\":\"Bifeles raga gals 1 gab., Frigera L - MiuMjau\",\"isPartOf\":{\"@id\":\"https:\\\/\\\/miumjau.ee\\\/#website\"},\"primaryImageOfPage\":{\"@id\":\"https:\\\/\\\/miumjau.ee\\\/lv\\\/produkts\\\/bifeles-raga-gals-1-gab-frigera-l\\\/#primaryimage\"},\"image\":{\"@id\":\"https:\\\/\\\/miumjau.ee\\\/lv\\\/produkts\\\/bifeles-raga-gals-1-gab-frigera-l\\\/#primaryimage\"},\"thumbnailUrl\":\"https:\\\/\\\/miumjau.ee\\\/wp-content\\\/uploads\\\/2025\\\/05\\\/puhvli-sarve-ots-l2.jpg\",\"datePublished\":\"2025-05-28T17:13:00+00:00\",\"dateModified\":\"2026-01-07T19:20:10+00:00\",\"breadcrumb\":{\"@id\":\"https:\\\/\\\/miumjau.ee\\\/lv\\\/produkts\\\/bifeles-raga-gals-1-gab-frigera-l\\\/#breadcrumb\"},\"inLanguage\":\"lv-LV\",\"potentialAction\":[{\"@type\":\"ReadAction\",\"target\":[\"https:\\\/\\\/miumjau.ee\\\/lv\\\/produkts\\\/bifeles-raga-gals-1-gab-frigera-l\\\/\"]}]},{\"@type\":\"ImageObject\",\"inLanguage\":\"lv-LV\",\"@id\":\"https:\\\/\\\/miumjau.ee\\\/lv\\\/produkts\\\/bifeles-raga-gals-1-gab-frigera-l\\\/#primaryimage\",\"url\":\"https:\\\/\\\/miumjau.ee\\\/wp-content\\\/uploads\\\/2025\\\/05\\\/puhvli-sarve-ots-l2.jpg\",\"contentUrl\":\"https:\\\/\\\/miumjau.ee\\\/wp-content\\\/uploads\\\/2025\\\/05\\\/puhvli-sarve-ots-l2.jpg\",\"width\":600,\"height\":800},{\"@type\":\"BreadcrumbList\",\"@id\":\"https:\\\/\\\/miumjau.ee\\\/lv\\\/produkts\\\/bifeles-raga-gals-1-gab-frigera-l\\\/#breadcrumb\",\"itemListElement\":[{\"@type\":\"ListItem\",\"position\":1,\"name\":\"Home\",\"item\":\"https:\\\/\\\/miumjau.ee\\\/lv\\\/\"},{\"@type\":\"ListItem\",\"position\":2,\"name\":\"Veikals\",\"item\":\"https:\\\/\\\/miumjau.ee\\\/lv\\\/veikals\\\/\"},{\"@type\":\"ListItem\",\"position\":3,\"name\":\"Bifeles raga gals 1 gab., Frigera L\"}]},{\"@type\":\"WebSite\",\"@id\":\"https:\\\/\\\/miumjau.ee\\\/#website\",\"url\":\"https:\\\/\\\/miumjau.ee\\\/\",\"name\":\"MiuMjau\",\"description\":\"Kraapimispuud kassidele\",\"publisher\":{\"@id\":\"https:\\\/\\\/miumjau.ee\\\/#organization\"},\"potentialAction\":[{\"@type\":\"SearchAction\",\"target\":{\"@type\":\"EntryPoint\",\"urlTemplate\":\"https:\\\/\\\/miumjau.ee\\\/?s={search_term_string}\"},\"query-input\":{\"@type\":\"PropertyValueSpecification\",\"valueRequired\":true,\"valueName\":\"search_term_string\"}}],\"inLanguage\":\"lv-LV\"},{\"@type\":\"Organization\",\"@id\":\"https:\\\/\\\/miumjau.ee\\\/#organization\",\"name\":\"MiuMjau O\u00dc\",\"url\":\"https:\\\/\\\/miumjau.ee\\\/\",\"logo\":{\"@type\":\"ImageObject\",\"inLanguage\":\"lv-LV\",\"@id\":\"https:\\\/\\\/miumjau.ee\\\/#\\\/schema\\\/logo\\\/image\\\/\",\"url\":\"https:\\\/\\\/miumjau.ee\\\/wp-content\\\/uploads\\\/2022\\\/04\\\/MiuMjau-logo-kollane.png\",\"contentUrl\":\"https:\\\/\\\/miumjau.ee\\\/wp-content\\\/uploads\\\/2022\\\/04\\\/MiuMjau-logo-kollane.png\",\"width\":219,\"height\":100,\"caption\":\"MiuMjau O\u00dc\"},\"image\":{\"@id\":\"https:\\\/\\\/miumjau.ee\\\/#\\\/schema\\\/logo\\\/image\\\/\"},\"sameAs\":[\"https:\\\/\\\/www.facebook.com\\\/miumjaupood\\\/\"]}]}<\/script>\n<!-- \/ Yoast SEO plugin. -->","yoast_head_json":{"title":"Bifeles raga gals 1 gab., Frigera L - MiuMjau","robots":{"index":"index","follow":"follow","max-snippet":"max-snippet:-1","max-image-preview":"max-image-preview:large","max-video-preview":"max-video-preview:-1"},"canonical":"https:\/\/miumjau.ee\/lv\/produkts\/bifeles-raga-gals-1-gab-frigera-l\/","og_locale":"lv_LV","og_type":"article","og_title":"Bifeles raga gals 1 gab., Frigera L - MiuMjau","og_description":"Vai tavs suns uzreiz izn\u012bcina visus k\u0101rumus? Vai esi izm\u0113\u0123in\u0101jis visas dabisk\u0101s ko\u0161\u013c\u0101jam\u0101s k\u0101rumus un mekl\u0113 kaut ko jaunu? Neuztraucies \u2013 friGERA bifeles raga gali ir pieejams un iztur\u012bgs k\u0101rums tav\u0101 spalvainaj\u0101 draug\u0101! M\u016bsu bifeles raga gali n\u0101k no br\u012bvi tur\u0113tiem un gan\u012btiem bifeliem. P\u0113c sav\u0101k\u0161anas tos m\u0113rc\u0113 karst\u0101 \u016bden\u012b, t\u012bra un pul\u0113, lai no\u0146emtu asas malas, un r\u016bp\u012bgi \u017e\u0101v\u0113. Bifeles raga gali sast\u0101v no \u013coti iztur\u012bga kerat\u012bna un var kalpot ned\u0113\u013cas vai pat m\u0113ne\u0161us, padarot tos \u012bpa\u0161i piem\u0113rotus satrauktiem su\u0146iem ar sp\u0113c\u012bgu ko\u0161\u013c\u0101\u0161anas instinktu \u2013 intens\u012bva ko\u0161\u013c\u0101\u0161ana atbr\u012bvo endorf\u012bnus, pal\u012bdzot sunim justies laim\u012bgam un mier\u012bgam. \u0160ie k\u0101rumi ir zemu tauku, bet bag\u0101ti ar olbaltumviel\u0101m, kalciju un fosforu, atbalstot vesel\u012bgu kaulu un musku\u013cu att\u012bst\u012bbu, bez b\u016btiskas ietekmes uz svaru. Pro padoms: Aizpildi raga galus ar kaut ko, ko suns m\u012bl \u2013 gar\u0161\u012bgu su\u0146u past\u0113ti, ga\u013cas pild\u012bjumu, mitru su\u0146u bar\u012bbu utt. Iesp\u0113jas ir bezgal\u012bgas! Tas ir lielisks un pieejams veids, k\u0101 iem\u0101c\u012bt sunim labu ko\u0161\u013c\u0101\u0161anas uzved\u012bbu. Kad pild\u012bjums ir iz\u0113sts, suns netiks atst\u0101ts ar tuk\u0161u sint\u0113tisku rota\u013clietu \u2013 paliek barojo\u0161s un iztur\u012bgs rags k\u0101 papildus atl\u012bdz\u012bba p\u0113c m\u0101c\u012bb\u0101m un sp\u0113les! Neto svars: 300 gSast\u0101vs: 100 % bifeles rags Baro\u0161anas nor\u0101d\u012bjumi: Pied\u0101v\u0101jiet k\u0101 k\u0101rumu starp \u0113dienreiz\u0113m vai k\u0101 balvu da\u013cai sabalans\u0113ta uztura. Vienm\u0113r uzraugiet savu suni, kad tas ko\u0161\u013c\u0101 k\u0101rumu. Nodro\u0161iniet pietiekami daudz svaiga dzeram\u0101 \u016bdens. Nav piem\u0113rots cilv\u0113kiem.","og_url":"https:\/\/miumjau.ee\/lv\/produkts\/bifeles-raga-gals-1-gab-frigera-l\/","og_site_name":"MiuMjau","article_publisher":"https:\/\/www.facebook.com\/miumjaupood\/","article_modified_time":"2026-01-07T19:20:10+00:00","og_image":[{"width":600,"height":800,"url":"https:\/\/miumjau.ee\/wp-content\/uploads\/2025\/05\/puhvli-sarve-ots-l2.jpg","type":"image\/jpeg"}],"twitter_card":"summary_large_image","schema":{"@context":"https:\/\/schema.org","@graph":[{"@type":"WebPage","@id":"https:\/\/miumjau.ee\/lv\/produkts\/bifeles-raga-gals-1-gab-frigera-l\/","url":"https:\/\/miumjau.ee\/lv\/produkts\/bifeles-raga-gals-1-gab-frigera-l\/","name":"Bifeles raga gals 1 gab., Frigera L - MiuMjau","isPartOf":{"@id":"https:\/\/miumjau.ee\/#website"},"primaryImageOfPage":{"@id":"https:\/\/miumjau.ee\/lv\/produkts\/bifeles-raga-gals-1-gab-frigera-l\/#primaryimage"},"image":{"@id":"https:\/\/miumjau.ee\/lv\/produkts\/bifeles-raga-gals-1-gab-frigera-l\/#primaryimage"},"thumbnailUrl":"https:\/\/miumjau.ee\/wp-content\/uploads\/2025\/05\/puhvli-sarve-ots-l2.jpg","datePublished":"2025-05-28T17:13:00+00:00","dateModified":"2026-01-07T19:20:10+00:00","breadcrumb":{"@id":"https:\/\/miumjau.ee\/lv\/produkts\/bifeles-raga-gals-1-gab-frigera-l\/#breadcrumb"},"inLanguage":"lv-LV","potentialAction":[{"@type":"ReadAction","target":["https:\/\/miumjau.ee\/lv\/produkts\/bifeles-raga-gals-1-gab-frigera-l\/"]}]},{"@type":"ImageObject","inLanguage":"lv-LV","@id":"https:\/\/miumjau.ee\/lv\/produkts\/bifeles-raga-gals-1-gab-frigera-l\/#primaryimage","url":"https:\/\/miumjau.ee\/wp-content\/uploads\/2025\/05\/puhvli-sarve-ots-l2.jpg","contentUrl":"https:\/\/miumjau.ee\/wp-content\/uploads\/2025\/05\/puhvli-sarve-ots-l2.jpg","width":600,"height":800},{"@type":"BreadcrumbList","@id":"https:\/\/miumjau.ee\/lv\/produkts\/bifeles-raga-gals-1-gab-frigera-l\/#breadcrumb","itemListElement":[{"@type":"ListItem","position":1,"name":"Home","item":"https:\/\/miumjau.ee\/lv\/"},{"@type":"ListItem","position":2,"name":"Veikals","item":"https:\/\/miumjau.ee\/lv\/veikals\/"},{"@type":"ListItem","position":3,"name":"Bifeles raga gals 1 gab., Frigera L"}]},{"@type":"WebSite","@id":"https:\/\/miumjau.ee\/#website","url":"https:\/\/miumjau.ee\/","name":"MiuMjau","description":"Kraapimispuud kassidele","publisher":{"@id":"https:\/\/miumjau.ee\/#organization"},"potentialAction":[{"@type":"SearchAction","target":{"@type":"EntryPoint","urlTemplate":"https:\/\/miumjau.ee\/?s={search_term_string}"},"query-input":{"@type":"PropertyValueSpecification","valueRequired":true,"valueName":"search_term_string"}}],"inLanguage":"lv-LV"},{"@type":"Organization","@id":"https:\/\/miumjau.ee\/#organization","name":"MiuMjau O\u00dc","url":"https:\/\/miumjau.ee\/","logo":{"@type":"ImageObject","inLanguage":"lv-LV","@id":"https:\/\/miumjau.ee\/#\/schema\/logo\/image\/","url":"https:\/\/miumjau.ee\/wp-content\/uploads\/2022\/04\/MiuMjau-logo-kollane.png","contentUrl":"https:\/\/miumjau.ee\/wp-content\/uploads\/2022\/04\/MiuMjau-logo-kollane.png","width":219,"height":100,"caption":"MiuMjau O\u00dc"},"image":{"@id":"https:\/\/miumjau.ee\/#\/schema\/logo\/image\/"},"sameAs":["https:\/\/www.facebook.com\/miumjaupood\/"]}]}},"_links":{"self":[{"href":"https:\/\/miumjau.ee\/lv\/wp-json\/wp\/v2\/product\/48104","targetHints":{"allow":["GET"]}}],"collection":[{"href":"https:\/\/miumjau.ee\/lv\/wp-json\/wp\/v2\/product"}],"about":[{"href":"https:\/\/miumjau.ee\/lv\/wp-json\/wp\/v2\/types\/product"}],"wp:featuredmedia":[{"embeddable":true,"href":"https:\/\/miumjau.ee\/lv\/wp-json\/wp\/v2\/media\/48101"}],"wp:attachment":[{"href":"https:\/\/miumjau.ee\/lv\/wp-json\/wp\/v2\/media?parent=48104"}],"wp:term":[{"taxonomy":"product_brand","embeddable":true,"href":"https:\/\/miumjau.ee\/lv\/wp-json\/wp\/v2\/product_brand?post=48104"},{"taxonomy":"product_cat","embeddable":true,"href":"https:\/\/miumjau.ee\/lv\/wp-json\/wp\/v2\/product_cat?post=48104"},{"taxonomy":"product_tag","embeddable":true,"href":"https:\/\/miumjau.ee\/lv\/wp-json\/wp\/v2\/product_tag?post=48104"}],"curies":[{"name":"wp","href":"https:\/\/api.w.org\/{rel}","templated":true}]}}