{"id":48096,"date":"2025-05-28T20:21:15","date_gmt":"2025-05-28T17:21:15","guid":{"rendered":"https:\/\/miumjau.ee\/toode\/italu-skinka-kauls-sunim-frigera-xl\/"},"modified":"2026-01-07T21:20:10","modified_gmt":"2026-01-07T19:20:10","slug":"italu-skinka-kauls-sunim-frigera-xl","status":"publish","type":"product","link":"https:\/\/miumjau.ee\/lv\/produkts\/italu-skinka-kauls-sunim-frigera-xl\/","title":{"rendered":"It\u0101\u013cu \u0161\u0137i\u0146\u0137a kauls sunim Frigera XL"},"content":{"rendered":"","protected":false},"excerpt":{"rendered":"<p data-start=\"2640\" data-end=\"2831\">Vai mekl\u0113jat neticami gar\u0161\u012bgu, iztur\u012bgu un piln\u012bgi dabisku ko\u0161\u013c\u0101jamo k\u0101rumu savam m\u012b\u013cotajam spalvainajam \u0123imenes loceklim? Mums ir ide\u0101ls risin\u0101jums \u2013 friGERA autentisks it\u0101\u013cu \u0161\u0137i\u0146\u0137a kauls!<\/p>\n<p data-start=\"2833\" data-end=\"3044\">Izejviela n\u0101k no augstas kvalit\u0101tes it\u0101\u013cu prosciutto nogatavin\u0101\u0161anas procesa. Tas ne tikai nodro\u0161ina nulles atkritumu risin\u0101jumu, bet ar\u012b dod iesp\u0113ju palutin\u0101t savu \u010detrk\u0101jaino draugu ar ekskluz\u012bvu delikatesi.<\/p>\n<p data-start=\"3046\" data-end=\"3435\">Papildus \u0161ie kauli ir lielisks olbaltumvielu avots, kas b\u016btiski vesel\u012bgiem musku\u013ciem. Pateicoties cietajai strukt\u016brai, tie pal\u012bdz t\u012br\u012bt zobus un samazin\u0101t aplikumu. Tie ar\u012b nodro\u0161ina stund\u0101m ilgu ko\u0161\u013c\u0101\u0161anas prieku un gar\u012bgo stimul\u0101ciju. T\u0101 k\u0101 kauli satur daudz gard\u0101 \u0161\u0137i\u0146\u0137a, tie ir noz\u012bm\u012bgs kolag\u0113na un dabisko e\u013c\u013cu un tauku avots, kas atbalsta su\u0146a loc\u012btavas, \u0101du un visp\u0101r\u0113jo vesel\u012bbu.<\/p>\n<p data-start=\"3437\" data-end=\"3481\">Neto svars: 350 g<br data-start=\"3454\" data-end=\"3457\" \/>Sast\u0101vs: 100 % c\u016bkga\u013ca<\/p>\n<p data-start=\"3483\" data-end=\"3712\">Baro\u0161anas nor\u0101d\u012bjumi: Pied\u0101v\u0101jiet k\u0101 k\u0101rumu starp \u0113dienreiz\u0113m vai k\u0101 balvu da\u013cai sabalans\u0113ta uztura. Vienm\u0113r uzraugiet savu suni, kad tas ko\u0161\u013c\u0101 k\u0101rumu. Vienm\u0113r nodro\u0161iniet pietiekami daudz svaiga \u016bdens. Nav piem\u0113rots cilv\u0113kiem.<\/p>\n<p data-start=\"3714\" data-end=\"3790\">Anal\u012btisk\u0101 sast\u0101vs: Olbaltumvielas: 30,3 %, Tauki: 7,85 %, Mitrums: 32,7 %<\/p>\n","protected":false},"featured_media":48093,"template":"","meta":[],"product_brand":[],"product_cat":[576],"product_tag":[],"class_list":{"0":"post-48096","1":"product","2":"type-product","3":"status-publish","4":"has-post-thumbnail","6":"product_cat-naski-suniem","8":"first","9":"instock","10":"taxable","11":"shipping-taxable","12":"purchasable","13":"product-type-simple"},"yoast_head":"<!-- This site is optimized with the Yoast SEO plugin v27.4 - https:\/\/yoast.com\/product\/yoast-seo-wordpress\/ -->\n<title>It\u0101\u013cu \u0161\u0137i\u0146\u0137a kauls sunim Frigera XL - MiuMjau<\/title>\n<meta name=\"robots\" content=\"index, follow, max-snippet:-1, max-image-preview:large, max-video-preview:-1\" \/>\n<link rel=\"canonical\" href=\"https:\/\/miumjau.ee\/lv\/produkts\/italu-skinka-kauls-sunim-frigera-xl\/\" \/>\n<meta property=\"og:locale\" content=\"lv_LV\" \/>\n<meta property=\"og:type\" content=\"article\" \/>\n<meta property=\"og:title\" content=\"It\u0101\u013cu \u0161\u0137i\u0146\u0137a kauls sunim Frigera XL - MiuMjau\" \/>\n<meta property=\"og:description\" content=\"Vai mekl\u0113jat neticami gar\u0161\u012bgu, iztur\u012bgu un piln\u012bgi dabisku ko\u0161\u013c\u0101jamo k\u0101rumu savam m\u012b\u013cotajam spalvainajam \u0123imenes loceklim? Mums ir ide\u0101ls risin\u0101jums \u2013 friGERA autentisks it\u0101\u013cu \u0161\u0137i\u0146\u0137a kauls! Izejviela n\u0101k no augstas kvalit\u0101tes it\u0101\u013cu prosciutto nogatavin\u0101\u0161anas procesa. Tas ne tikai nodro\u0161ina nulles atkritumu risin\u0101jumu, bet ar\u012b dod iesp\u0113ju palutin\u0101t savu \u010detrk\u0101jaino draugu ar ekskluz\u012bvu delikatesi. Papildus \u0161ie kauli ir lielisks olbaltumvielu avots, kas b\u016btiski vesel\u012bgiem musku\u013ciem. Pateicoties cietajai strukt\u016brai, tie pal\u012bdz t\u012br\u012bt zobus un samazin\u0101t aplikumu. Tie ar\u012b nodro\u0161ina stund\u0101m ilgu ko\u0161\u013c\u0101\u0161anas prieku un gar\u012bgo stimul\u0101ciju. T\u0101 k\u0101 kauli satur daudz gard\u0101 \u0161\u0137i\u0146\u0137a, tie ir noz\u012bm\u012bgs kolag\u0113na un dabisko e\u013c\u013cu un tauku avots, kas atbalsta su\u0146a loc\u012btavas, \u0101du un visp\u0101r\u0113jo vesel\u012bbu. Neto svars: 350 gSast\u0101vs: 100 % c\u016bkga\u013ca Baro\u0161anas nor\u0101d\u012bjumi: Pied\u0101v\u0101jiet k\u0101 k\u0101rumu starp \u0113dienreiz\u0113m vai k\u0101 balvu da\u013cai sabalans\u0113ta uztura. Vienm\u0113r uzraugiet savu suni, kad tas ko\u0161\u013c\u0101 k\u0101rumu. Vienm\u0113r nodro\u0161iniet pietiekami daudz svaiga \u016bdens. Nav piem\u0113rots cilv\u0113kiem. Anal\u012btisk\u0101 sast\u0101vs: Olbaltumvielas: 30,3 %, Tauki: 7,85 %, Mitrums: 32,7 %\" \/>\n<meta property=\"og:url\" content=\"https:\/\/miumjau.ee\/lv\/produkts\/italu-skinka-kauls-sunim-frigera-xl\/\" \/>\n<meta property=\"og:site_name\" content=\"MiuMjau\" \/>\n<meta property=\"article:publisher\" content=\"https:\/\/www.facebook.com\/miumjaupood\/\" \/>\n<meta property=\"article:modified_time\" content=\"2026-01-07T19:20:10+00:00\" \/>\n<meta property=\"og:image\" content=\"https:\/\/miumjau.ee\/wp-content\/uploads\/2025\/05\/itaalia-singi-kont-xl.jpg\" \/>\n\t<meta property=\"og:image:width\" content=\"600\" \/>\n\t<meta property=\"og:image:height\" content=\"800\" \/>\n\t<meta property=\"og:image:type\" content=\"image\/jpeg\" \/>\n<meta name=\"twitter:card\" content=\"summary_large_image\" \/>\n<script type=\"application\/ld+json\" class=\"yoast-schema-graph\">{\"@context\":\"https:\\\/\\\/schema.org\",\"@graph\":[{\"@type\":\"WebPage\",\"@id\":\"https:\\\/\\\/miumjau.ee\\\/lv\\\/produkts\\\/italu-skinka-kauls-sunim-frigera-xl\\\/\",\"url\":\"https:\\\/\\\/miumjau.ee\\\/lv\\\/produkts\\\/italu-skinka-kauls-sunim-frigera-xl\\\/\",\"name\":\"It\u0101\u013cu \u0161\u0137i\u0146\u0137a kauls sunim Frigera XL - MiuMjau\",\"isPartOf\":{\"@id\":\"https:\\\/\\\/miumjau.ee\\\/#website\"},\"primaryImageOfPage\":{\"@id\":\"https:\\\/\\\/miumjau.ee\\\/lv\\\/produkts\\\/italu-skinka-kauls-sunim-frigera-xl\\\/#primaryimage\"},\"image\":{\"@id\":\"https:\\\/\\\/miumjau.ee\\\/lv\\\/produkts\\\/italu-skinka-kauls-sunim-frigera-xl\\\/#primaryimage\"},\"thumbnailUrl\":\"https:\\\/\\\/miumjau.ee\\\/wp-content\\\/uploads\\\/2025\\\/05\\\/itaalia-singi-kont-xl.jpg\",\"datePublished\":\"2025-05-28T17:21:15+00:00\",\"dateModified\":\"2026-01-07T19:20:10+00:00\",\"breadcrumb\":{\"@id\":\"https:\\\/\\\/miumjau.ee\\\/lv\\\/produkts\\\/italu-skinka-kauls-sunim-frigera-xl\\\/#breadcrumb\"},\"inLanguage\":\"lv-LV\",\"potentialAction\":[{\"@type\":\"ReadAction\",\"target\":[\"https:\\\/\\\/miumjau.ee\\\/lv\\\/produkts\\\/italu-skinka-kauls-sunim-frigera-xl\\\/\"]}]},{\"@type\":\"ImageObject\",\"inLanguage\":\"lv-LV\",\"@id\":\"https:\\\/\\\/miumjau.ee\\\/lv\\\/produkts\\\/italu-skinka-kauls-sunim-frigera-xl\\\/#primaryimage\",\"url\":\"https:\\\/\\\/miumjau.ee\\\/wp-content\\\/uploads\\\/2025\\\/05\\\/itaalia-singi-kont-xl.jpg\",\"contentUrl\":\"https:\\\/\\\/miumjau.ee\\\/wp-content\\\/uploads\\\/2025\\\/05\\\/itaalia-singi-kont-xl.jpg\",\"width\":600,\"height\":800},{\"@type\":\"BreadcrumbList\",\"@id\":\"https:\\\/\\\/miumjau.ee\\\/lv\\\/produkts\\\/italu-skinka-kauls-sunim-frigera-xl\\\/#breadcrumb\",\"itemListElement\":[{\"@type\":\"ListItem\",\"position\":1,\"name\":\"Home\",\"item\":\"https:\\\/\\\/miumjau.ee\\\/lv\\\/\"},{\"@type\":\"ListItem\",\"position\":2,\"name\":\"Veikals\",\"item\":\"https:\\\/\\\/miumjau.ee\\\/lv\\\/veikals\\\/\"},{\"@type\":\"ListItem\",\"position\":3,\"name\":\"It\u0101\u013cu \u0161\u0137i\u0146\u0137a kauls sunim Frigera XL\"}]},{\"@type\":\"WebSite\",\"@id\":\"https:\\\/\\\/miumjau.ee\\\/#website\",\"url\":\"https:\\\/\\\/miumjau.ee\\\/\",\"name\":\"MiuMjau\",\"description\":\"Kraapimispuud kassidele\",\"publisher\":{\"@id\":\"https:\\\/\\\/miumjau.ee\\\/#organization\"},\"potentialAction\":[{\"@type\":\"SearchAction\",\"target\":{\"@type\":\"EntryPoint\",\"urlTemplate\":\"https:\\\/\\\/miumjau.ee\\\/?s={search_term_string}\"},\"query-input\":{\"@type\":\"PropertyValueSpecification\",\"valueRequired\":true,\"valueName\":\"search_term_string\"}}],\"inLanguage\":\"lv-LV\"},{\"@type\":\"Organization\",\"@id\":\"https:\\\/\\\/miumjau.ee\\\/#organization\",\"name\":\"MiuMjau O\u00dc\",\"url\":\"https:\\\/\\\/miumjau.ee\\\/\",\"logo\":{\"@type\":\"ImageObject\",\"inLanguage\":\"lv-LV\",\"@id\":\"https:\\\/\\\/miumjau.ee\\\/#\\\/schema\\\/logo\\\/image\\\/\",\"url\":\"https:\\\/\\\/miumjau.ee\\\/wp-content\\\/uploads\\\/2022\\\/04\\\/MiuMjau-logo-kollane.png\",\"contentUrl\":\"https:\\\/\\\/miumjau.ee\\\/wp-content\\\/uploads\\\/2022\\\/04\\\/MiuMjau-logo-kollane.png\",\"width\":219,\"height\":100,\"caption\":\"MiuMjau O\u00dc\"},\"image\":{\"@id\":\"https:\\\/\\\/miumjau.ee\\\/#\\\/schema\\\/logo\\\/image\\\/\"},\"sameAs\":[\"https:\\\/\\\/www.facebook.com\\\/miumjaupood\\\/\"]}]}<\/script>\n<!-- \/ Yoast SEO plugin. -->","yoast_head_json":{"title":"It\u0101\u013cu \u0161\u0137i\u0146\u0137a kauls sunim Frigera XL - MiuMjau","robots":{"index":"index","follow":"follow","max-snippet":"max-snippet:-1","max-image-preview":"max-image-preview:large","max-video-preview":"max-video-preview:-1"},"canonical":"https:\/\/miumjau.ee\/lv\/produkts\/italu-skinka-kauls-sunim-frigera-xl\/","og_locale":"lv_LV","og_type":"article","og_title":"It\u0101\u013cu \u0161\u0137i\u0146\u0137a kauls sunim Frigera XL - MiuMjau","og_description":"Vai mekl\u0113jat neticami gar\u0161\u012bgu, iztur\u012bgu un piln\u012bgi dabisku ko\u0161\u013c\u0101jamo k\u0101rumu savam m\u012b\u013cotajam spalvainajam \u0123imenes loceklim? Mums ir ide\u0101ls risin\u0101jums \u2013 friGERA autentisks it\u0101\u013cu \u0161\u0137i\u0146\u0137a kauls! Izejviela n\u0101k no augstas kvalit\u0101tes it\u0101\u013cu prosciutto nogatavin\u0101\u0161anas procesa. Tas ne tikai nodro\u0161ina nulles atkritumu risin\u0101jumu, bet ar\u012b dod iesp\u0113ju palutin\u0101t savu \u010detrk\u0101jaino draugu ar ekskluz\u012bvu delikatesi. Papildus \u0161ie kauli ir lielisks olbaltumvielu avots, kas b\u016btiski vesel\u012bgiem musku\u013ciem. Pateicoties cietajai strukt\u016brai, tie pal\u012bdz t\u012br\u012bt zobus un samazin\u0101t aplikumu. Tie ar\u012b nodro\u0161ina stund\u0101m ilgu ko\u0161\u013c\u0101\u0161anas prieku un gar\u012bgo stimul\u0101ciju. T\u0101 k\u0101 kauli satur daudz gard\u0101 \u0161\u0137i\u0146\u0137a, tie ir noz\u012bm\u012bgs kolag\u0113na un dabisko e\u013c\u013cu un tauku avots, kas atbalsta su\u0146a loc\u012btavas, \u0101du un visp\u0101r\u0113jo vesel\u012bbu. Neto svars: 350 gSast\u0101vs: 100 % c\u016bkga\u013ca Baro\u0161anas nor\u0101d\u012bjumi: Pied\u0101v\u0101jiet k\u0101 k\u0101rumu starp \u0113dienreiz\u0113m vai k\u0101 balvu da\u013cai sabalans\u0113ta uztura. Vienm\u0113r uzraugiet savu suni, kad tas ko\u0161\u013c\u0101 k\u0101rumu. Vienm\u0113r nodro\u0161iniet pietiekami daudz svaiga \u016bdens. Nav piem\u0113rots cilv\u0113kiem. Anal\u012btisk\u0101 sast\u0101vs: Olbaltumvielas: 30,3 %, Tauki: 7,85 %, Mitrums: 32,7 %","og_url":"https:\/\/miumjau.ee\/lv\/produkts\/italu-skinka-kauls-sunim-frigera-xl\/","og_site_name":"MiuMjau","article_publisher":"https:\/\/www.facebook.com\/miumjaupood\/","article_modified_time":"2026-01-07T19:20:10+00:00","og_image":[{"width":600,"height":800,"url":"https:\/\/miumjau.ee\/wp-content\/uploads\/2025\/05\/itaalia-singi-kont-xl.jpg","type":"image\/jpeg"}],"twitter_card":"summary_large_image","schema":{"@context":"https:\/\/schema.org","@graph":[{"@type":"WebPage","@id":"https:\/\/miumjau.ee\/lv\/produkts\/italu-skinka-kauls-sunim-frigera-xl\/","url":"https:\/\/miumjau.ee\/lv\/produkts\/italu-skinka-kauls-sunim-frigera-xl\/","name":"It\u0101\u013cu \u0161\u0137i\u0146\u0137a kauls sunim Frigera XL - MiuMjau","isPartOf":{"@id":"https:\/\/miumjau.ee\/#website"},"primaryImageOfPage":{"@id":"https:\/\/miumjau.ee\/lv\/produkts\/italu-skinka-kauls-sunim-frigera-xl\/#primaryimage"},"image":{"@id":"https:\/\/miumjau.ee\/lv\/produkts\/italu-skinka-kauls-sunim-frigera-xl\/#primaryimage"},"thumbnailUrl":"https:\/\/miumjau.ee\/wp-content\/uploads\/2025\/05\/itaalia-singi-kont-xl.jpg","datePublished":"2025-05-28T17:21:15+00:00","dateModified":"2026-01-07T19:20:10+00:00","breadcrumb":{"@id":"https:\/\/miumjau.ee\/lv\/produkts\/italu-skinka-kauls-sunim-frigera-xl\/#breadcrumb"},"inLanguage":"lv-LV","potentialAction":[{"@type":"ReadAction","target":["https:\/\/miumjau.ee\/lv\/produkts\/italu-skinka-kauls-sunim-frigera-xl\/"]}]},{"@type":"ImageObject","inLanguage":"lv-LV","@id":"https:\/\/miumjau.ee\/lv\/produkts\/italu-skinka-kauls-sunim-frigera-xl\/#primaryimage","url":"https:\/\/miumjau.ee\/wp-content\/uploads\/2025\/05\/itaalia-singi-kont-xl.jpg","contentUrl":"https:\/\/miumjau.ee\/wp-content\/uploads\/2025\/05\/itaalia-singi-kont-xl.jpg","width":600,"height":800},{"@type":"BreadcrumbList","@id":"https:\/\/miumjau.ee\/lv\/produkts\/italu-skinka-kauls-sunim-frigera-xl\/#breadcrumb","itemListElement":[{"@type":"ListItem","position":1,"name":"Home","item":"https:\/\/miumjau.ee\/lv\/"},{"@type":"ListItem","position":2,"name":"Veikals","item":"https:\/\/miumjau.ee\/lv\/veikals\/"},{"@type":"ListItem","position":3,"name":"It\u0101\u013cu \u0161\u0137i\u0146\u0137a kauls sunim Frigera XL"}]},{"@type":"WebSite","@id":"https:\/\/miumjau.ee\/#website","url":"https:\/\/miumjau.ee\/","name":"MiuMjau","description":"Kraapimispuud kassidele","publisher":{"@id":"https:\/\/miumjau.ee\/#organization"},"potentialAction":[{"@type":"SearchAction","target":{"@type":"EntryPoint","urlTemplate":"https:\/\/miumjau.ee\/?s={search_term_string}"},"query-input":{"@type":"PropertyValueSpecification","valueRequired":true,"valueName":"search_term_string"}}],"inLanguage":"lv-LV"},{"@type":"Organization","@id":"https:\/\/miumjau.ee\/#organization","name":"MiuMjau O\u00dc","url":"https:\/\/miumjau.ee\/","logo":{"@type":"ImageObject","inLanguage":"lv-LV","@id":"https:\/\/miumjau.ee\/#\/schema\/logo\/image\/","url":"https:\/\/miumjau.ee\/wp-content\/uploads\/2022\/04\/MiuMjau-logo-kollane.png","contentUrl":"https:\/\/miumjau.ee\/wp-content\/uploads\/2022\/04\/MiuMjau-logo-kollane.png","width":219,"height":100,"caption":"MiuMjau O\u00dc"},"image":{"@id":"https:\/\/miumjau.ee\/#\/schema\/logo\/image\/"},"sameAs":["https:\/\/www.facebook.com\/miumjaupood\/"]}]}},"_links":{"self":[{"href":"https:\/\/miumjau.ee\/lv\/wp-json\/wp\/v2\/product\/48096","targetHints":{"allow":["GET"]}}],"collection":[{"href":"https:\/\/miumjau.ee\/lv\/wp-json\/wp\/v2\/product"}],"about":[{"href":"https:\/\/miumjau.ee\/lv\/wp-json\/wp\/v2\/types\/product"}],"wp:featuredmedia":[{"embeddable":true,"href":"https:\/\/miumjau.ee\/lv\/wp-json\/wp\/v2\/media\/48093"}],"wp:attachment":[{"href":"https:\/\/miumjau.ee\/lv\/wp-json\/wp\/v2\/media?parent=48096"}],"wp:term":[{"taxonomy":"product_brand","embeddable":true,"href":"https:\/\/miumjau.ee\/lv\/wp-json\/wp\/v2\/product_brand?post=48096"},{"taxonomy":"product_cat","embeddable":true,"href":"https:\/\/miumjau.ee\/lv\/wp-json\/wp\/v2\/product_cat?post=48096"},{"taxonomy":"product_tag","embeddable":true,"href":"https:\/\/miumjau.ee\/lv\/wp-json\/wp\/v2\/product_tag?post=48096"}],"curies":[{"name":"wp","href":"https:\/\/api.w.org\/{rel}","templated":true}]}}