{"id":48088,"date":"2025-05-28T20:43:56","date_gmt":"2025-05-28T17:43:56","guid":{"rendered":"https:\/\/miumjau.ee\/toode\/bekona-pildita-koslajama-kaula-frigera-1-gab\/"},"modified":"2026-01-07T21:20:10","modified_gmt":"2026-01-07T19:20:10","slug":"bekona-pildita-koslajama-kaula-frigera-1-gab","status":"publish","type":"product","link":"https:\/\/miumjau.ee\/lv\/produkts\/bekona-pildita-koslajama-kaula-frigera-1-gab\/","title":{"rendered":"Bekona pild\u012bta ko\u0161\u013c\u0101jam\u0101 kaula Frigera 1 gab."},"content":{"rendered":"","protected":false},"excerpt":{"rendered":"<p data-start=\"3244\" data-end=\"3445\">K\u0101p\u0113c pirkt savam sunim d\u0101rgas sint\u0113tiskas ko\u0161\u013c\u0101jam\u0101s rota\u013clietas, ja daba pied\u0101v\u0101 lab\u0101ku un vesel\u012bg\u0101ku alternat\u012bvu? M\u016bsu pild\u012btie stilba kauli ir k\u0101 dubultas gardums pateicoties gardajam pild\u012bjumam!<\/p>\n<p data-start=\"3447\" data-end=\"3866\">Uzticies mums \u2013 pild\u012bjuma receptes ir \u012bpa\u0161i izstr\u0101d\u0101tas p\u0113c su\u0146a gaumes, t\u0101p\u0113c tavs m\u012blulis t\u0101s noteikti m\u012bl\u0113s! friGERA pild\u012btie stilba kauli tiek izgatavoti no att\u012br\u012btiem, gais\u0101 \u017e\u0101v\u0113tiem stilba kauliem no br\u012bvi tur\u0113tiem liellopiem, kuru ga\u013ca ir piem\u0113rota ar\u012b cilv\u0113ku uzturam. Kauli ir pild\u012bti ar gardu mais\u012bjumu, padarot tos \u012bpa\u0161i piem\u0113rotus sunim ar sp\u0113c\u012bgu ko\u0161\u013c\u0101\u0161anas instinktu \u2013 vienlaikus atbalstot zobu kop\u0161anu!<\/p>\n<p data-start=\"3868\" data-end=\"4225\">Turkl\u0101t \u0161ie kauli ir dabisks kalcija un fosfora avots, pal\u012bdzot uztur\u0113t stiprus zobus un kaulus bez papildu kalorij\u0101m un taukiem. Bonuss: kauli ir zemu smar\u017eu. M\u016bsu pild\u012btie stilba kauli ir ar\u012b pieejams veids, k\u0101 m\u0101c\u012bt sunim labu ko\u0161\u013c\u0101\u0161anas uzved\u012bbu \u2013 kad pild\u012bjums ir iz\u0113sts, paliek barojo\u0161s un iztur\u012bgs kauls k\u0101 papildus atl\u012bdz\u012bba p\u0113c m\u0101c\u012bb\u0101m un sp\u0113les!<\/p>\n<p data-start=\"4227\" data-end=\"4355\">Neto svars: 120 g<br data-start=\"4244\" data-end=\"4247\" \/>Sast\u0101vs: liellopa kauls, graudaugi, e\u013c\u013cas un tauki, ga\u013ca un dz\u012bvnieku izcelsmes sast\u0101vda\u013cas, e\u013c\u013cas arom\u0101ts<\/p>\n<p data-start=\"4357\" data-end=\"4629\">Baro\u0161anas nor\u0101d\u012bjumi: Pied\u0101v\u0101jiet k\u0101 k\u0101rumu starp \u0113dienreiz\u0113m vai k\u0101 balvu da\u013cai sabalans\u0113ta uztura. Vienm\u0113r uzraugiet savu suni, kad tas \u0113d k\u0101rumu. Vienm\u0113r nodro\u0161iniet pietiekami daudz svaiga \u016bdens. Nav piem\u0113rots cilv\u0113kiem. Nav piem\u0113rots kuc\u0113niem l\u012bdz 4 m\u0113ne\u0161u vecumam.<\/p>\n<p data-start=\"4631\" data-end=\"4702\">Anal\u012btisk\u0101 sast\u0101va: Olbaltumvielas: 20 %, Tauki: 10 %, Mitrums: 7,5 %<\/p>\n","protected":false},"featured_media":48085,"template":"","meta":[],"product_brand":[],"product_cat":[576],"product_tag":[],"class_list":{"0":"post-48088","1":"product","2":"type-product","3":"status-publish","4":"has-post-thumbnail","6":"product_cat-naski-suniem","8":"first","9":"instock","10":"taxable","11":"shipping-taxable","12":"purchasable","13":"product-type-simple"},"yoast_head":"<!-- This site is optimized with the Yoast SEO plugin v27.4 - https:\/\/yoast.com\/product\/yoast-seo-wordpress\/ -->\n<title>Bekona pild\u012bta ko\u0161\u013c\u0101jam\u0101 kaula Frigera 1 gab. - MiuMjau<\/title>\n<meta name=\"robots\" content=\"index, follow, max-snippet:-1, max-image-preview:large, max-video-preview:-1\" \/>\n<link rel=\"canonical\" href=\"https:\/\/miumjau.ee\/lv\/produkts\/bekona-pildita-koslajama-kaula-frigera-1-gab\/\" \/>\n<meta property=\"og:locale\" content=\"lv_LV\" \/>\n<meta property=\"og:type\" content=\"article\" \/>\n<meta property=\"og:title\" content=\"Bekona pild\u012bta ko\u0161\u013c\u0101jam\u0101 kaula Frigera 1 gab. - MiuMjau\" \/>\n<meta property=\"og:description\" content=\"K\u0101p\u0113c pirkt savam sunim d\u0101rgas sint\u0113tiskas ko\u0161\u013c\u0101jam\u0101s rota\u013clietas, ja daba pied\u0101v\u0101 lab\u0101ku un vesel\u012bg\u0101ku alternat\u012bvu? M\u016bsu pild\u012btie stilba kauli ir k\u0101 dubultas gardums pateicoties gardajam pild\u012bjumam! Uzticies mums \u2013 pild\u012bjuma receptes ir \u012bpa\u0161i izstr\u0101d\u0101tas p\u0113c su\u0146a gaumes, t\u0101p\u0113c tavs m\u012blulis t\u0101s noteikti m\u012bl\u0113s! friGERA pild\u012btie stilba kauli tiek izgatavoti no att\u012br\u012btiem, gais\u0101 \u017e\u0101v\u0113tiem stilba kauliem no br\u012bvi tur\u0113tiem liellopiem, kuru ga\u013ca ir piem\u0113rota ar\u012b cilv\u0113ku uzturam. Kauli ir pild\u012bti ar gardu mais\u012bjumu, padarot tos \u012bpa\u0161i piem\u0113rotus sunim ar sp\u0113c\u012bgu ko\u0161\u013c\u0101\u0161anas instinktu \u2013 vienlaikus atbalstot zobu kop\u0161anu! Turkl\u0101t \u0161ie kauli ir dabisks kalcija un fosfora avots, pal\u012bdzot uztur\u0113t stiprus zobus un kaulus bez papildu kalorij\u0101m un taukiem. Bonuss: kauli ir zemu smar\u017eu. M\u016bsu pild\u012btie stilba kauli ir ar\u012b pieejams veids, k\u0101 m\u0101c\u012bt sunim labu ko\u0161\u013c\u0101\u0161anas uzved\u012bbu \u2013 kad pild\u012bjums ir iz\u0113sts, paliek barojo\u0161s un iztur\u012bgs kauls k\u0101 papildus atl\u012bdz\u012bba p\u0113c m\u0101c\u012bb\u0101m un sp\u0113les! Neto svars: 120 gSast\u0101vs: liellopa kauls, graudaugi, e\u013c\u013cas un tauki, ga\u013ca un dz\u012bvnieku izcelsmes sast\u0101vda\u013cas, e\u013c\u013cas arom\u0101ts Baro\u0161anas nor\u0101d\u012bjumi: Pied\u0101v\u0101jiet k\u0101 k\u0101rumu starp \u0113dienreiz\u0113m vai k\u0101 balvu da\u013cai sabalans\u0113ta uztura. Vienm\u0113r uzraugiet savu suni, kad tas \u0113d k\u0101rumu. Vienm\u0113r nodro\u0161iniet pietiekami daudz svaiga \u016bdens. Nav piem\u0113rots cilv\u0113kiem. Nav piem\u0113rots kuc\u0113niem l\u012bdz 4 m\u0113ne\u0161u vecumam. Anal\u012btisk\u0101 sast\u0101va: Olbaltumvielas: 20 %, Tauki: 10 %, Mitrums: 7,5 %\" \/>\n<meta property=\"og:url\" content=\"https:\/\/miumjau.ee\/lv\/produkts\/bekona-pildita-koslajama-kaula-frigera-1-gab\/\" \/>\n<meta property=\"og:site_name\" content=\"MiuMjau\" \/>\n<meta property=\"article:publisher\" content=\"https:\/\/www.facebook.com\/miumjaupood\/\" \/>\n<meta property=\"article:modified_time\" content=\"2026-01-07T19:20:10+00:00\" \/>\n<meta property=\"og:image\" content=\"https:\/\/miumjau.ee\/wp-content\/uploads\/2025\/05\/peekoniga-taidetud-kont.jpg\" \/>\n\t<meta property=\"og:image:width\" content=\"600\" \/>\n\t<meta property=\"og:image:height\" content=\"800\" \/>\n\t<meta property=\"og:image:type\" content=\"image\/jpeg\" \/>\n<meta name=\"twitter:card\" content=\"summary_large_image\" \/>\n<script type=\"application\/ld+json\" class=\"yoast-schema-graph\">{\"@context\":\"https:\\\/\\\/schema.org\",\"@graph\":[{\"@type\":\"WebPage\",\"@id\":\"https:\\\/\\\/miumjau.ee\\\/lv\\\/produkts\\\/bekona-pildita-koslajama-kaula-frigera-1-gab\\\/\",\"url\":\"https:\\\/\\\/miumjau.ee\\\/lv\\\/produkts\\\/bekona-pildita-koslajama-kaula-frigera-1-gab\\\/\",\"name\":\"Bekona pild\u012bta ko\u0161\u013c\u0101jam\u0101 kaula Frigera 1 gab. - MiuMjau\",\"isPartOf\":{\"@id\":\"https:\\\/\\\/miumjau.ee\\\/#website\"},\"primaryImageOfPage\":{\"@id\":\"https:\\\/\\\/miumjau.ee\\\/lv\\\/produkts\\\/bekona-pildita-koslajama-kaula-frigera-1-gab\\\/#primaryimage\"},\"image\":{\"@id\":\"https:\\\/\\\/miumjau.ee\\\/lv\\\/produkts\\\/bekona-pildita-koslajama-kaula-frigera-1-gab\\\/#primaryimage\"},\"thumbnailUrl\":\"https:\\\/\\\/miumjau.ee\\\/wp-content\\\/uploads\\\/2025\\\/05\\\/peekoniga-taidetud-kont.jpg\",\"datePublished\":\"2025-05-28T17:43:56+00:00\",\"dateModified\":\"2026-01-07T19:20:10+00:00\",\"breadcrumb\":{\"@id\":\"https:\\\/\\\/miumjau.ee\\\/lv\\\/produkts\\\/bekona-pildita-koslajama-kaula-frigera-1-gab\\\/#breadcrumb\"},\"inLanguage\":\"lv-LV\",\"potentialAction\":[{\"@type\":\"ReadAction\",\"target\":[\"https:\\\/\\\/miumjau.ee\\\/lv\\\/produkts\\\/bekona-pildita-koslajama-kaula-frigera-1-gab\\\/\"]}]},{\"@type\":\"ImageObject\",\"inLanguage\":\"lv-LV\",\"@id\":\"https:\\\/\\\/miumjau.ee\\\/lv\\\/produkts\\\/bekona-pildita-koslajama-kaula-frigera-1-gab\\\/#primaryimage\",\"url\":\"https:\\\/\\\/miumjau.ee\\\/wp-content\\\/uploads\\\/2025\\\/05\\\/peekoniga-taidetud-kont.jpg\",\"contentUrl\":\"https:\\\/\\\/miumjau.ee\\\/wp-content\\\/uploads\\\/2025\\\/05\\\/peekoniga-taidetud-kont.jpg\",\"width\":600,\"height\":800},{\"@type\":\"BreadcrumbList\",\"@id\":\"https:\\\/\\\/miumjau.ee\\\/lv\\\/produkts\\\/bekona-pildita-koslajama-kaula-frigera-1-gab\\\/#breadcrumb\",\"itemListElement\":[{\"@type\":\"ListItem\",\"position\":1,\"name\":\"Home\",\"item\":\"https:\\\/\\\/miumjau.ee\\\/lv\\\/\"},{\"@type\":\"ListItem\",\"position\":2,\"name\":\"Veikals\",\"item\":\"https:\\\/\\\/miumjau.ee\\\/lv\\\/veikals\\\/\"},{\"@type\":\"ListItem\",\"position\":3,\"name\":\"Bekona pild\u012bta ko\u0161\u013c\u0101jam\u0101 kaula Frigera 1 gab.\"}]},{\"@type\":\"WebSite\",\"@id\":\"https:\\\/\\\/miumjau.ee\\\/#website\",\"url\":\"https:\\\/\\\/miumjau.ee\\\/\",\"name\":\"MiuMjau\",\"description\":\"Kraapimispuud kassidele\",\"publisher\":{\"@id\":\"https:\\\/\\\/miumjau.ee\\\/#organization\"},\"potentialAction\":[{\"@type\":\"SearchAction\",\"target\":{\"@type\":\"EntryPoint\",\"urlTemplate\":\"https:\\\/\\\/miumjau.ee\\\/?s={search_term_string}\"},\"query-input\":{\"@type\":\"PropertyValueSpecification\",\"valueRequired\":true,\"valueName\":\"search_term_string\"}}],\"inLanguage\":\"lv-LV\"},{\"@type\":\"Organization\",\"@id\":\"https:\\\/\\\/miumjau.ee\\\/#organization\",\"name\":\"MiuMjau O\u00dc\",\"url\":\"https:\\\/\\\/miumjau.ee\\\/\",\"logo\":{\"@type\":\"ImageObject\",\"inLanguage\":\"lv-LV\",\"@id\":\"https:\\\/\\\/miumjau.ee\\\/#\\\/schema\\\/logo\\\/image\\\/\",\"url\":\"https:\\\/\\\/miumjau.ee\\\/wp-content\\\/uploads\\\/2022\\\/04\\\/MiuMjau-logo-kollane.png\",\"contentUrl\":\"https:\\\/\\\/miumjau.ee\\\/wp-content\\\/uploads\\\/2022\\\/04\\\/MiuMjau-logo-kollane.png\",\"width\":219,\"height\":100,\"caption\":\"MiuMjau O\u00dc\"},\"image\":{\"@id\":\"https:\\\/\\\/miumjau.ee\\\/#\\\/schema\\\/logo\\\/image\\\/\"},\"sameAs\":[\"https:\\\/\\\/www.facebook.com\\\/miumjaupood\\\/\"]}]}<\/script>\n<!-- \/ Yoast SEO plugin. -->","yoast_head_json":{"title":"Bekona pild\u012bta ko\u0161\u013c\u0101jam\u0101 kaula Frigera 1 gab. - MiuMjau","robots":{"index":"index","follow":"follow","max-snippet":"max-snippet:-1","max-image-preview":"max-image-preview:large","max-video-preview":"max-video-preview:-1"},"canonical":"https:\/\/miumjau.ee\/lv\/produkts\/bekona-pildita-koslajama-kaula-frigera-1-gab\/","og_locale":"lv_LV","og_type":"article","og_title":"Bekona pild\u012bta ko\u0161\u013c\u0101jam\u0101 kaula Frigera 1 gab. - MiuMjau","og_description":"K\u0101p\u0113c pirkt savam sunim d\u0101rgas sint\u0113tiskas ko\u0161\u013c\u0101jam\u0101s rota\u013clietas, ja daba pied\u0101v\u0101 lab\u0101ku un vesel\u012bg\u0101ku alternat\u012bvu? M\u016bsu pild\u012btie stilba kauli ir k\u0101 dubultas gardums pateicoties gardajam pild\u012bjumam! Uzticies mums \u2013 pild\u012bjuma receptes ir \u012bpa\u0161i izstr\u0101d\u0101tas p\u0113c su\u0146a gaumes, t\u0101p\u0113c tavs m\u012blulis t\u0101s noteikti m\u012bl\u0113s! friGERA pild\u012btie stilba kauli tiek izgatavoti no att\u012br\u012btiem, gais\u0101 \u017e\u0101v\u0113tiem stilba kauliem no br\u012bvi tur\u0113tiem liellopiem, kuru ga\u013ca ir piem\u0113rota ar\u012b cilv\u0113ku uzturam. Kauli ir pild\u012bti ar gardu mais\u012bjumu, padarot tos \u012bpa\u0161i piem\u0113rotus sunim ar sp\u0113c\u012bgu ko\u0161\u013c\u0101\u0161anas instinktu \u2013 vienlaikus atbalstot zobu kop\u0161anu! Turkl\u0101t \u0161ie kauli ir dabisks kalcija un fosfora avots, pal\u012bdzot uztur\u0113t stiprus zobus un kaulus bez papildu kalorij\u0101m un taukiem. Bonuss: kauli ir zemu smar\u017eu. M\u016bsu pild\u012btie stilba kauli ir ar\u012b pieejams veids, k\u0101 m\u0101c\u012bt sunim labu ko\u0161\u013c\u0101\u0161anas uzved\u012bbu \u2013 kad pild\u012bjums ir iz\u0113sts, paliek barojo\u0161s un iztur\u012bgs kauls k\u0101 papildus atl\u012bdz\u012bba p\u0113c m\u0101c\u012bb\u0101m un sp\u0113les! Neto svars: 120 gSast\u0101vs: liellopa kauls, graudaugi, e\u013c\u013cas un tauki, ga\u013ca un dz\u012bvnieku izcelsmes sast\u0101vda\u013cas, e\u013c\u013cas arom\u0101ts Baro\u0161anas nor\u0101d\u012bjumi: Pied\u0101v\u0101jiet k\u0101 k\u0101rumu starp \u0113dienreiz\u0113m vai k\u0101 balvu da\u013cai sabalans\u0113ta uztura. Vienm\u0113r uzraugiet savu suni, kad tas \u0113d k\u0101rumu. Vienm\u0113r nodro\u0161iniet pietiekami daudz svaiga \u016bdens. Nav piem\u0113rots cilv\u0113kiem. Nav piem\u0113rots kuc\u0113niem l\u012bdz 4 m\u0113ne\u0161u vecumam. Anal\u012btisk\u0101 sast\u0101va: Olbaltumvielas: 20 %, Tauki: 10 %, Mitrums: 7,5 %","og_url":"https:\/\/miumjau.ee\/lv\/produkts\/bekona-pildita-koslajama-kaula-frigera-1-gab\/","og_site_name":"MiuMjau","article_publisher":"https:\/\/www.facebook.com\/miumjaupood\/","article_modified_time":"2026-01-07T19:20:10+00:00","og_image":[{"width":600,"height":800,"url":"https:\/\/miumjau.ee\/wp-content\/uploads\/2025\/05\/peekoniga-taidetud-kont.jpg","type":"image\/jpeg"}],"twitter_card":"summary_large_image","schema":{"@context":"https:\/\/schema.org","@graph":[{"@type":"WebPage","@id":"https:\/\/miumjau.ee\/lv\/produkts\/bekona-pildita-koslajama-kaula-frigera-1-gab\/","url":"https:\/\/miumjau.ee\/lv\/produkts\/bekona-pildita-koslajama-kaula-frigera-1-gab\/","name":"Bekona pild\u012bta ko\u0161\u013c\u0101jam\u0101 kaula Frigera 1 gab. - MiuMjau","isPartOf":{"@id":"https:\/\/miumjau.ee\/#website"},"primaryImageOfPage":{"@id":"https:\/\/miumjau.ee\/lv\/produkts\/bekona-pildita-koslajama-kaula-frigera-1-gab\/#primaryimage"},"image":{"@id":"https:\/\/miumjau.ee\/lv\/produkts\/bekona-pildita-koslajama-kaula-frigera-1-gab\/#primaryimage"},"thumbnailUrl":"https:\/\/miumjau.ee\/wp-content\/uploads\/2025\/05\/peekoniga-taidetud-kont.jpg","datePublished":"2025-05-28T17:43:56+00:00","dateModified":"2026-01-07T19:20:10+00:00","breadcrumb":{"@id":"https:\/\/miumjau.ee\/lv\/produkts\/bekona-pildita-koslajama-kaula-frigera-1-gab\/#breadcrumb"},"inLanguage":"lv-LV","potentialAction":[{"@type":"ReadAction","target":["https:\/\/miumjau.ee\/lv\/produkts\/bekona-pildita-koslajama-kaula-frigera-1-gab\/"]}]},{"@type":"ImageObject","inLanguage":"lv-LV","@id":"https:\/\/miumjau.ee\/lv\/produkts\/bekona-pildita-koslajama-kaula-frigera-1-gab\/#primaryimage","url":"https:\/\/miumjau.ee\/wp-content\/uploads\/2025\/05\/peekoniga-taidetud-kont.jpg","contentUrl":"https:\/\/miumjau.ee\/wp-content\/uploads\/2025\/05\/peekoniga-taidetud-kont.jpg","width":600,"height":800},{"@type":"BreadcrumbList","@id":"https:\/\/miumjau.ee\/lv\/produkts\/bekona-pildita-koslajama-kaula-frigera-1-gab\/#breadcrumb","itemListElement":[{"@type":"ListItem","position":1,"name":"Home","item":"https:\/\/miumjau.ee\/lv\/"},{"@type":"ListItem","position":2,"name":"Veikals","item":"https:\/\/miumjau.ee\/lv\/veikals\/"},{"@type":"ListItem","position":3,"name":"Bekona pild\u012bta ko\u0161\u013c\u0101jam\u0101 kaula Frigera 1 gab."}]},{"@type":"WebSite","@id":"https:\/\/miumjau.ee\/#website","url":"https:\/\/miumjau.ee\/","name":"MiuMjau","description":"Kraapimispuud kassidele","publisher":{"@id":"https:\/\/miumjau.ee\/#organization"},"potentialAction":[{"@type":"SearchAction","target":{"@type":"EntryPoint","urlTemplate":"https:\/\/miumjau.ee\/?s={search_term_string}"},"query-input":{"@type":"PropertyValueSpecification","valueRequired":true,"valueName":"search_term_string"}}],"inLanguage":"lv-LV"},{"@type":"Organization","@id":"https:\/\/miumjau.ee\/#organization","name":"MiuMjau O\u00dc","url":"https:\/\/miumjau.ee\/","logo":{"@type":"ImageObject","inLanguage":"lv-LV","@id":"https:\/\/miumjau.ee\/#\/schema\/logo\/image\/","url":"https:\/\/miumjau.ee\/wp-content\/uploads\/2022\/04\/MiuMjau-logo-kollane.png","contentUrl":"https:\/\/miumjau.ee\/wp-content\/uploads\/2022\/04\/MiuMjau-logo-kollane.png","width":219,"height":100,"caption":"MiuMjau O\u00dc"},"image":{"@id":"https:\/\/miumjau.ee\/#\/schema\/logo\/image\/"},"sameAs":["https:\/\/www.facebook.com\/miumjaupood\/"]}]}},"_links":{"self":[{"href":"https:\/\/miumjau.ee\/lv\/wp-json\/wp\/v2\/product\/48088","targetHints":{"allow":["GET"]}}],"collection":[{"href":"https:\/\/miumjau.ee\/lv\/wp-json\/wp\/v2\/product"}],"about":[{"href":"https:\/\/miumjau.ee\/lv\/wp-json\/wp\/v2\/types\/product"}],"wp:featuredmedia":[{"embeddable":true,"href":"https:\/\/miumjau.ee\/lv\/wp-json\/wp\/v2\/media\/48085"}],"wp:attachment":[{"href":"https:\/\/miumjau.ee\/lv\/wp-json\/wp\/v2\/media?parent=48088"}],"wp:term":[{"taxonomy":"product_brand","embeddable":true,"href":"https:\/\/miumjau.ee\/lv\/wp-json\/wp\/v2\/product_brand?post=48088"},{"taxonomy":"product_cat","embeddable":true,"href":"https:\/\/miumjau.ee\/lv\/wp-json\/wp\/v2\/product_cat?post=48088"},{"taxonomy":"product_tag","embeddable":true,"href":"https:\/\/miumjau.ee\/lv\/wp-json\/wp\/v2\/product_tag?post=48088"}],"curies":[{"name":"wp","href":"https:\/\/api.w.org\/{rel}","templated":true}]}}