{"id":48080,"date":"2025-05-28T20:45:47","date_gmt":"2025-05-28T17:45:47","guid":{"rendered":"https:\/\/miumjau.ee\/toode\/liellopaigas-kakla-cipsla-koslajama-karums-sunim-25-cm-frigera-1-gab\/"},"modified":"2026-01-07T21:20:10","modified_gmt":"2026-01-07T19:20:10","slug":"liellopaigas-kakla-cipsla-koslajama-karums-sunim-25-cm-frigera-1-gab","status":"publish","type":"product","link":"https:\/\/miumjau.ee\/lv\/produkts\/liellopaigas-kakla-cipsla-koslajama-karums-sunim-25-cm-frigera-1-gab\/","title":{"rendered":"Liellopaigas kakla c\u012bpsla \u2013 ko\u0161\u013c\u0101jama k\u0101rums sunim 25 cm Frigera 1 gab."},"content":{"rendered":"","protected":false},"excerpt":{"rendered":"<p data-start=\"2902\" data-end=\"3004\">friGERA liellopaigas kakla c\u012bpslas \u2013 \u012bsts nosl\u0113pts d\u0101rgums un ide\u0101ls k\u0101rums tav\u0101 stipraj\u0101 ko\u0161\u013c\u0101j\u0113j\u0101!<\/p>\n<p data-start=\"3006\" data-end=\"3302\">M\u016bsu liellopaigas kakla c\u012bpslas ir gar\u0161\u012bgs, maigi \u017e\u0101v\u0113ts dab\u012bgs k\u0101rums, izgatavots no br\u012bvi audz\u0113tu liellopu kakla c\u012bpsl\u0101m, kuru ga\u013ca ir piem\u0113rota ar\u012b cilv\u0113ku uzturam. \u0160ie dz\u012bvnieki tiek audz\u0113ti bez antibiotik\u0101m, stero\u012bdiem vai hormoniem, t\u0101p\u0113c tas ir viens no dabisk\u0101kajiem izv\u0113les variantiem!<\/p>\n<p data-start=\"3304\" data-end=\"3586\">Zema tauku satura un bez smar\u017eas d\u0113\u013c t\u0101s \u012bpa\u0161i piem\u0113rotas liek\u0101 svara riskam pak\u013cautiem su\u0146iem vai lieto\u0161anai iek\u0161telp\u0101s, piem\u0113ram, pils\u0113tvid\u0113. Ciet\u0101 un \u0161\u0137iedrain\u0101 strukt\u016bra, kas ko\u0161\u013c\u0101jot k\u013c\u016bst elast\u012bga, pal\u012bdz samazin\u0101t aplikumu un zobakmeni, k\u0101 ar\u012b stiprina ko\u0161\u013c\u0101\u0161anas musku\u013cus.<\/p>\n<p data-start=\"3588\" data-end=\"3730\">C\u012bpslas ir piem\u0113rot\u0101 lielum\u0101 sagrieztas maziem un vid\u0113jiem su\u0146iem \u2013 patiesi daudzveid\u012bgs k\u0101rums, kas ilgsto\u0161i nodarbina tavu p\u016bkaino draugu!<\/p>\n<p data-start=\"3732\" data-end=\"3815\">Liellopaigas kakla c\u012bpslas \u2013 lielisks veids, k\u0101 uztur\u0113t suni laim\u012bgu un aiz\u0146emtu!<\/p>\n<p data-start=\"3817\" data-end=\"3861\">Neto svars: 50 g<br data-start=\"3833\" data-end=\"3836\" \/>Sast\u0101vs: 100 % liellops<\/p>\n<p data-start=\"3863\" data-end=\"4106\">Baro\u0161anas nor\u0101d\u012bjumi: Pied\u0101v\u0101jiet k\u0101 k\u0101rumu starp \u0113dienreiz\u0113m vai k\u0101 balvu da\u013cai sabalans\u0113ta uztura. Vienm\u0113r uzraugiet savu suni, kad tas ko\u0161\u013c\u0101 k\u0101rumu. Vienm\u0113r nodro\u0161iniet pietiekami daudz svaiga dzeram\u0101 \u016bdens. Nav paredz\u0113ts cilv\u0113ku uzturam.<\/p>\n<p data-start=\"4108\" data-end=\"4185\">Anal\u012btisk\u0101 sast\u0101va: Olbaltumvielas: 90,51 %, Tauki: 5,23 %, Mitrums: 7,47 %<\/p>\n","protected":false},"featured_media":48077,"template":"","meta":[],"product_brand":[],"product_cat":[576],"product_tag":[],"class_list":{"0":"post-48080","1":"product","2":"type-product","3":"status-publish","4":"has-post-thumbnail","6":"product_cat-naski-suniem","8":"first","9":"instock","10":"taxable","11":"shipping-taxable","12":"purchasable","13":"product-type-simple"},"yoast_head":"<!-- This site is optimized with the Yoast SEO plugin v27.4 - https:\/\/yoast.com\/product\/yoast-seo-wordpress\/ -->\n<title>Liellopaigas kakla c\u012bpsla \u2013 ko\u0161\u013c\u0101jama k\u0101rums sunim 25 cm Frigera 1 gab. - MiuMjau<\/title>\n<meta name=\"robots\" content=\"index, follow, max-snippet:-1, max-image-preview:large, max-video-preview:-1\" \/>\n<link rel=\"canonical\" href=\"https:\/\/miumjau.ee\/lv\/produkts\/liellopaigas-kakla-cipsla-koslajama-karums-sunim-25-cm-frigera-1-gab\/\" \/>\n<meta property=\"og:locale\" content=\"lv_LV\" \/>\n<meta property=\"og:type\" content=\"article\" \/>\n<meta property=\"og:title\" content=\"Liellopaigas kakla c\u012bpsla \u2013 ko\u0161\u013c\u0101jama k\u0101rums sunim 25 cm Frigera 1 gab. - MiuMjau\" \/>\n<meta property=\"og:description\" content=\"friGERA liellopaigas kakla c\u012bpslas \u2013 \u012bsts nosl\u0113pts d\u0101rgums un ide\u0101ls k\u0101rums tav\u0101 stipraj\u0101 ko\u0161\u013c\u0101j\u0113j\u0101! M\u016bsu liellopaigas kakla c\u012bpslas ir gar\u0161\u012bgs, maigi \u017e\u0101v\u0113ts dab\u012bgs k\u0101rums, izgatavots no br\u012bvi audz\u0113tu liellopu kakla c\u012bpsl\u0101m, kuru ga\u013ca ir piem\u0113rota ar\u012b cilv\u0113ku uzturam. \u0160ie dz\u012bvnieki tiek audz\u0113ti bez antibiotik\u0101m, stero\u012bdiem vai hormoniem, t\u0101p\u0113c tas ir viens no dabisk\u0101kajiem izv\u0113les variantiem! Zema tauku satura un bez smar\u017eas d\u0113\u013c t\u0101s \u012bpa\u0161i piem\u0113rotas liek\u0101 svara riskam pak\u013cautiem su\u0146iem vai lieto\u0161anai iek\u0161telp\u0101s, piem\u0113ram, pils\u0113tvid\u0113. Ciet\u0101 un \u0161\u0137iedrain\u0101 strukt\u016bra, kas ko\u0161\u013c\u0101jot k\u013c\u016bst elast\u012bga, pal\u012bdz samazin\u0101t aplikumu un zobakmeni, k\u0101 ar\u012b stiprina ko\u0161\u013c\u0101\u0161anas musku\u013cus. C\u012bpslas ir piem\u0113rot\u0101 lielum\u0101 sagrieztas maziem un vid\u0113jiem su\u0146iem \u2013 patiesi daudzveid\u012bgs k\u0101rums, kas ilgsto\u0161i nodarbina tavu p\u016bkaino draugu! Liellopaigas kakla c\u012bpslas \u2013 lielisks veids, k\u0101 uztur\u0113t suni laim\u012bgu un aiz\u0146emtu! Neto svars: 50 gSast\u0101vs: 100 % liellops Baro\u0161anas nor\u0101d\u012bjumi: Pied\u0101v\u0101jiet k\u0101 k\u0101rumu starp \u0113dienreiz\u0113m vai k\u0101 balvu da\u013cai sabalans\u0113ta uztura. Vienm\u0113r uzraugiet savu suni, kad tas ko\u0161\u013c\u0101 k\u0101rumu. Vienm\u0113r nodro\u0161iniet pietiekami daudz svaiga dzeram\u0101 \u016bdens. Nav paredz\u0113ts cilv\u0113ku uzturam. Anal\u012btisk\u0101 sast\u0101va: Olbaltumvielas: 90,51 %, Tauki: 5,23 %, Mitrums: 7,47 %\" \/>\n<meta property=\"og:url\" content=\"https:\/\/miumjau.ee\/lv\/produkts\/liellopaigas-kakla-cipsla-koslajama-karums-sunim-25-cm-frigera-1-gab\/\" \/>\n<meta property=\"og:site_name\" content=\"MiuMjau\" \/>\n<meta property=\"article:publisher\" content=\"https:\/\/www.facebook.com\/miumjaupood\/\" \/>\n<meta property=\"article:modified_time\" content=\"2026-01-07T19:20:10+00:00\" \/>\n<meta property=\"og:image\" content=\"https:\/\/miumjau.ee\/wp-content\/uploads\/2025\/05\/veise-kaela-koolus-1tk.jpg\" \/>\n\t<meta property=\"og:image:width\" content=\"600\" \/>\n\t<meta property=\"og:image:height\" content=\"800\" \/>\n\t<meta property=\"og:image:type\" content=\"image\/jpeg\" \/>\n<meta name=\"twitter:card\" content=\"summary_large_image\" \/>\n<script type=\"application\/ld+json\" class=\"yoast-schema-graph\">{\"@context\":\"https:\\\/\\\/schema.org\",\"@graph\":[{\"@type\":\"WebPage\",\"@id\":\"https:\\\/\\\/miumjau.ee\\\/lv\\\/produkts\\\/liellopaigas-kakla-cipsla-koslajama-karums-sunim-25-cm-frigera-1-gab\\\/\",\"url\":\"https:\\\/\\\/miumjau.ee\\\/lv\\\/produkts\\\/liellopaigas-kakla-cipsla-koslajama-karums-sunim-25-cm-frigera-1-gab\\\/\",\"name\":\"Liellopaigas kakla c\u012bpsla \u2013 ko\u0161\u013c\u0101jama k\u0101rums sunim 25 cm Frigera 1 gab. - MiuMjau\",\"isPartOf\":{\"@id\":\"https:\\\/\\\/miumjau.ee\\\/#website\"},\"primaryImageOfPage\":{\"@id\":\"https:\\\/\\\/miumjau.ee\\\/lv\\\/produkts\\\/liellopaigas-kakla-cipsla-koslajama-karums-sunim-25-cm-frigera-1-gab\\\/#primaryimage\"},\"image\":{\"@id\":\"https:\\\/\\\/miumjau.ee\\\/lv\\\/produkts\\\/liellopaigas-kakla-cipsla-koslajama-karums-sunim-25-cm-frigera-1-gab\\\/#primaryimage\"},\"thumbnailUrl\":\"https:\\\/\\\/miumjau.ee\\\/wp-content\\\/uploads\\\/2025\\\/05\\\/veise-kaela-koolus-1tk.jpg\",\"datePublished\":\"2025-05-28T17:45:47+00:00\",\"dateModified\":\"2026-01-07T19:20:10+00:00\",\"breadcrumb\":{\"@id\":\"https:\\\/\\\/miumjau.ee\\\/lv\\\/produkts\\\/liellopaigas-kakla-cipsla-koslajama-karums-sunim-25-cm-frigera-1-gab\\\/#breadcrumb\"},\"inLanguage\":\"lv-LV\",\"potentialAction\":[{\"@type\":\"ReadAction\",\"target\":[\"https:\\\/\\\/miumjau.ee\\\/lv\\\/produkts\\\/liellopaigas-kakla-cipsla-koslajama-karums-sunim-25-cm-frigera-1-gab\\\/\"]}]},{\"@type\":\"ImageObject\",\"inLanguage\":\"lv-LV\",\"@id\":\"https:\\\/\\\/miumjau.ee\\\/lv\\\/produkts\\\/liellopaigas-kakla-cipsla-koslajama-karums-sunim-25-cm-frigera-1-gab\\\/#primaryimage\",\"url\":\"https:\\\/\\\/miumjau.ee\\\/wp-content\\\/uploads\\\/2025\\\/05\\\/veise-kaela-koolus-1tk.jpg\",\"contentUrl\":\"https:\\\/\\\/miumjau.ee\\\/wp-content\\\/uploads\\\/2025\\\/05\\\/veise-kaela-koolus-1tk.jpg\",\"width\":600,\"height\":800},{\"@type\":\"BreadcrumbList\",\"@id\":\"https:\\\/\\\/miumjau.ee\\\/lv\\\/produkts\\\/liellopaigas-kakla-cipsla-koslajama-karums-sunim-25-cm-frigera-1-gab\\\/#breadcrumb\",\"itemListElement\":[{\"@type\":\"ListItem\",\"position\":1,\"name\":\"Home\",\"item\":\"https:\\\/\\\/miumjau.ee\\\/lv\\\/\"},{\"@type\":\"ListItem\",\"position\":2,\"name\":\"Veikals\",\"item\":\"https:\\\/\\\/miumjau.ee\\\/lv\\\/veikals\\\/\"},{\"@type\":\"ListItem\",\"position\":3,\"name\":\"Liellopaigas kakla c\u012bpsla \u2013 ko\u0161\u013c\u0101jama k\u0101rums sunim 25 cm Frigera 1 gab.\"}]},{\"@type\":\"WebSite\",\"@id\":\"https:\\\/\\\/miumjau.ee\\\/#website\",\"url\":\"https:\\\/\\\/miumjau.ee\\\/\",\"name\":\"MiuMjau\",\"description\":\"Kraapimispuud kassidele\",\"publisher\":{\"@id\":\"https:\\\/\\\/miumjau.ee\\\/#organization\"},\"potentialAction\":[{\"@type\":\"SearchAction\",\"target\":{\"@type\":\"EntryPoint\",\"urlTemplate\":\"https:\\\/\\\/miumjau.ee\\\/?s={search_term_string}\"},\"query-input\":{\"@type\":\"PropertyValueSpecification\",\"valueRequired\":true,\"valueName\":\"search_term_string\"}}],\"inLanguage\":\"lv-LV\"},{\"@type\":\"Organization\",\"@id\":\"https:\\\/\\\/miumjau.ee\\\/#organization\",\"name\":\"MiuMjau O\u00dc\",\"url\":\"https:\\\/\\\/miumjau.ee\\\/\",\"logo\":{\"@type\":\"ImageObject\",\"inLanguage\":\"lv-LV\",\"@id\":\"https:\\\/\\\/miumjau.ee\\\/#\\\/schema\\\/logo\\\/image\\\/\",\"url\":\"https:\\\/\\\/miumjau.ee\\\/wp-content\\\/uploads\\\/2022\\\/04\\\/MiuMjau-logo-kollane.png\",\"contentUrl\":\"https:\\\/\\\/miumjau.ee\\\/wp-content\\\/uploads\\\/2022\\\/04\\\/MiuMjau-logo-kollane.png\",\"width\":219,\"height\":100,\"caption\":\"MiuMjau O\u00dc\"},\"image\":{\"@id\":\"https:\\\/\\\/miumjau.ee\\\/#\\\/schema\\\/logo\\\/image\\\/\"},\"sameAs\":[\"https:\\\/\\\/www.facebook.com\\\/miumjaupood\\\/\"]}]}<\/script>\n<!-- \/ Yoast SEO plugin. -->","yoast_head_json":{"title":"Liellopaigas kakla c\u012bpsla \u2013 ko\u0161\u013c\u0101jama k\u0101rums sunim 25 cm Frigera 1 gab. - MiuMjau","robots":{"index":"index","follow":"follow","max-snippet":"max-snippet:-1","max-image-preview":"max-image-preview:large","max-video-preview":"max-video-preview:-1"},"canonical":"https:\/\/miumjau.ee\/lv\/produkts\/liellopaigas-kakla-cipsla-koslajama-karums-sunim-25-cm-frigera-1-gab\/","og_locale":"lv_LV","og_type":"article","og_title":"Liellopaigas kakla c\u012bpsla \u2013 ko\u0161\u013c\u0101jama k\u0101rums sunim 25 cm Frigera 1 gab. - MiuMjau","og_description":"friGERA liellopaigas kakla c\u012bpslas \u2013 \u012bsts nosl\u0113pts d\u0101rgums un ide\u0101ls k\u0101rums tav\u0101 stipraj\u0101 ko\u0161\u013c\u0101j\u0113j\u0101! M\u016bsu liellopaigas kakla c\u012bpslas ir gar\u0161\u012bgs, maigi \u017e\u0101v\u0113ts dab\u012bgs k\u0101rums, izgatavots no br\u012bvi audz\u0113tu liellopu kakla c\u012bpsl\u0101m, kuru ga\u013ca ir piem\u0113rota ar\u012b cilv\u0113ku uzturam. \u0160ie dz\u012bvnieki tiek audz\u0113ti bez antibiotik\u0101m, stero\u012bdiem vai hormoniem, t\u0101p\u0113c tas ir viens no dabisk\u0101kajiem izv\u0113les variantiem! Zema tauku satura un bez smar\u017eas d\u0113\u013c t\u0101s \u012bpa\u0161i piem\u0113rotas liek\u0101 svara riskam pak\u013cautiem su\u0146iem vai lieto\u0161anai iek\u0161telp\u0101s, piem\u0113ram, pils\u0113tvid\u0113. Ciet\u0101 un \u0161\u0137iedrain\u0101 strukt\u016bra, kas ko\u0161\u013c\u0101jot k\u013c\u016bst elast\u012bga, pal\u012bdz samazin\u0101t aplikumu un zobakmeni, k\u0101 ar\u012b stiprina ko\u0161\u013c\u0101\u0161anas musku\u013cus. C\u012bpslas ir piem\u0113rot\u0101 lielum\u0101 sagrieztas maziem un vid\u0113jiem su\u0146iem \u2013 patiesi daudzveid\u012bgs k\u0101rums, kas ilgsto\u0161i nodarbina tavu p\u016bkaino draugu! Liellopaigas kakla c\u012bpslas \u2013 lielisks veids, k\u0101 uztur\u0113t suni laim\u012bgu un aiz\u0146emtu! Neto svars: 50 gSast\u0101vs: 100 % liellops Baro\u0161anas nor\u0101d\u012bjumi: Pied\u0101v\u0101jiet k\u0101 k\u0101rumu starp \u0113dienreiz\u0113m vai k\u0101 balvu da\u013cai sabalans\u0113ta uztura. Vienm\u0113r uzraugiet savu suni, kad tas ko\u0161\u013c\u0101 k\u0101rumu. Vienm\u0113r nodro\u0161iniet pietiekami daudz svaiga dzeram\u0101 \u016bdens. Nav paredz\u0113ts cilv\u0113ku uzturam. Anal\u012btisk\u0101 sast\u0101va: Olbaltumvielas: 90,51 %, Tauki: 5,23 %, Mitrums: 7,47 %","og_url":"https:\/\/miumjau.ee\/lv\/produkts\/liellopaigas-kakla-cipsla-koslajama-karums-sunim-25-cm-frigera-1-gab\/","og_site_name":"MiuMjau","article_publisher":"https:\/\/www.facebook.com\/miumjaupood\/","article_modified_time":"2026-01-07T19:20:10+00:00","og_image":[{"width":600,"height":800,"url":"https:\/\/miumjau.ee\/wp-content\/uploads\/2025\/05\/veise-kaela-koolus-1tk.jpg","type":"image\/jpeg"}],"twitter_card":"summary_large_image","schema":{"@context":"https:\/\/schema.org","@graph":[{"@type":"WebPage","@id":"https:\/\/miumjau.ee\/lv\/produkts\/liellopaigas-kakla-cipsla-koslajama-karums-sunim-25-cm-frigera-1-gab\/","url":"https:\/\/miumjau.ee\/lv\/produkts\/liellopaigas-kakla-cipsla-koslajama-karums-sunim-25-cm-frigera-1-gab\/","name":"Liellopaigas kakla c\u012bpsla \u2013 ko\u0161\u013c\u0101jama k\u0101rums sunim 25 cm Frigera 1 gab. - MiuMjau","isPartOf":{"@id":"https:\/\/miumjau.ee\/#website"},"primaryImageOfPage":{"@id":"https:\/\/miumjau.ee\/lv\/produkts\/liellopaigas-kakla-cipsla-koslajama-karums-sunim-25-cm-frigera-1-gab\/#primaryimage"},"image":{"@id":"https:\/\/miumjau.ee\/lv\/produkts\/liellopaigas-kakla-cipsla-koslajama-karums-sunim-25-cm-frigera-1-gab\/#primaryimage"},"thumbnailUrl":"https:\/\/miumjau.ee\/wp-content\/uploads\/2025\/05\/veise-kaela-koolus-1tk.jpg","datePublished":"2025-05-28T17:45:47+00:00","dateModified":"2026-01-07T19:20:10+00:00","breadcrumb":{"@id":"https:\/\/miumjau.ee\/lv\/produkts\/liellopaigas-kakla-cipsla-koslajama-karums-sunim-25-cm-frigera-1-gab\/#breadcrumb"},"inLanguage":"lv-LV","potentialAction":[{"@type":"ReadAction","target":["https:\/\/miumjau.ee\/lv\/produkts\/liellopaigas-kakla-cipsla-koslajama-karums-sunim-25-cm-frigera-1-gab\/"]}]},{"@type":"ImageObject","inLanguage":"lv-LV","@id":"https:\/\/miumjau.ee\/lv\/produkts\/liellopaigas-kakla-cipsla-koslajama-karums-sunim-25-cm-frigera-1-gab\/#primaryimage","url":"https:\/\/miumjau.ee\/wp-content\/uploads\/2025\/05\/veise-kaela-koolus-1tk.jpg","contentUrl":"https:\/\/miumjau.ee\/wp-content\/uploads\/2025\/05\/veise-kaela-koolus-1tk.jpg","width":600,"height":800},{"@type":"BreadcrumbList","@id":"https:\/\/miumjau.ee\/lv\/produkts\/liellopaigas-kakla-cipsla-koslajama-karums-sunim-25-cm-frigera-1-gab\/#breadcrumb","itemListElement":[{"@type":"ListItem","position":1,"name":"Home","item":"https:\/\/miumjau.ee\/lv\/"},{"@type":"ListItem","position":2,"name":"Veikals","item":"https:\/\/miumjau.ee\/lv\/veikals\/"},{"@type":"ListItem","position":3,"name":"Liellopaigas kakla c\u012bpsla \u2013 ko\u0161\u013c\u0101jama k\u0101rums sunim 25 cm Frigera 1 gab."}]},{"@type":"WebSite","@id":"https:\/\/miumjau.ee\/#website","url":"https:\/\/miumjau.ee\/","name":"MiuMjau","description":"Kraapimispuud kassidele","publisher":{"@id":"https:\/\/miumjau.ee\/#organization"},"potentialAction":[{"@type":"SearchAction","target":{"@type":"EntryPoint","urlTemplate":"https:\/\/miumjau.ee\/?s={search_term_string}"},"query-input":{"@type":"PropertyValueSpecification","valueRequired":true,"valueName":"search_term_string"}}],"inLanguage":"lv-LV"},{"@type":"Organization","@id":"https:\/\/miumjau.ee\/#organization","name":"MiuMjau O\u00dc","url":"https:\/\/miumjau.ee\/","logo":{"@type":"ImageObject","inLanguage":"lv-LV","@id":"https:\/\/miumjau.ee\/#\/schema\/logo\/image\/","url":"https:\/\/miumjau.ee\/wp-content\/uploads\/2022\/04\/MiuMjau-logo-kollane.png","contentUrl":"https:\/\/miumjau.ee\/wp-content\/uploads\/2022\/04\/MiuMjau-logo-kollane.png","width":219,"height":100,"caption":"MiuMjau O\u00dc"},"image":{"@id":"https:\/\/miumjau.ee\/#\/schema\/logo\/image\/"},"sameAs":["https:\/\/www.facebook.com\/miumjaupood\/"]}]}},"_links":{"self":[{"href":"https:\/\/miumjau.ee\/lv\/wp-json\/wp\/v2\/product\/48080","targetHints":{"allow":["GET"]}}],"collection":[{"href":"https:\/\/miumjau.ee\/lv\/wp-json\/wp\/v2\/product"}],"about":[{"href":"https:\/\/miumjau.ee\/lv\/wp-json\/wp\/v2\/types\/product"}],"wp:featuredmedia":[{"embeddable":true,"href":"https:\/\/miumjau.ee\/lv\/wp-json\/wp\/v2\/media\/48077"}],"wp:attachment":[{"href":"https:\/\/miumjau.ee\/lv\/wp-json\/wp\/v2\/media?parent=48080"}],"wp:term":[{"taxonomy":"product_brand","embeddable":true,"href":"https:\/\/miumjau.ee\/lv\/wp-json\/wp\/v2\/product_brand?post=48080"},{"taxonomy":"product_cat","embeddable":true,"href":"https:\/\/miumjau.ee\/lv\/wp-json\/wp\/v2\/product_cat?post=48080"},{"taxonomy":"product_tag","embeddable":true,"href":"https:\/\/miumjau.ee\/lv\/wp-json\/wp\/v2\/product_tag?post=48080"}],"curies":[{"name":"wp","href":"https:\/\/api.w.org\/{rel}","templated":true}]}}