{"id":48064,"date":"2025-05-28T21:09:04","date_gmt":"2025-05-28T18:09:04","guid":{"rendered":"https:\/\/miumjau.ee\/toode\/koslajamais-naskis-liellopu-kajs-ar-vistas-pildijumu-frigera-1-gab\/"},"modified":"2026-01-07T21:20:10","modified_gmt":"2026-01-07T19:20:10","slug":"koslajamais-naskis-liellopu-kajs-ar-vistas-pildijumu-frigera-1-gab","status":"publish","type":"product","link":"https:\/\/miumjau.ee\/lv\/produkts\/koslajamais-naskis-liellopu-kajs-ar-vistas-pildijumu-frigera-1-gab\/","title":{"rendered":"Ko\u0161\u013c\u0101jamais na\u0161\u0137is \u2013 liellopu k\u0101js ar vistas pild\u012bjumu Frigera 1 gab."},"content":{"rendered":"","protected":false},"excerpt":{"rendered":"<p data-start=\"2917\" data-end=\"3099\">K\u0101p\u0113c t\u0113r\u0113t naudu d\u0101rgiem sint\u0113tiskiem ko\u0161\u013c\u0101jamajiem rota\u013cliet\u0101m, ja daba pied\u0101v\u0101 lab\u0101ku un vesel\u012bg\u0101ku alternat\u012bvu? M\u016bsu pild\u012bt\u0101s k\u0101jas sniedz dubultu baud\u012bjumu ar gardo pild\u012bjumu!<\/p>\n<p data-start=\"3101\" data-end=\"3369\">Uzticies mums \u2013 pild\u012bjums ir izstr\u0101d\u0101ts \u012bpa\u0161i, lai apmierin\u0101tu su\u0146a gar\u0161as saj\u016btas, t\u0101p\u0113c tavs \u010detrk\u0101jainais draugs to noteikti nov\u0113rt\u0113s. Lielisks na\u0161\u0137is jaunajiem su\u0146iem ar sp\u0113c\u012bgu ko\u0161\u013c\u0101\u0161anas vajadz\u012bbu, atbalstot zobu higi\u0113nu un pal\u012bdzot kuc\u0113niem zobu mai\u0146as laik\u0101.<\/p>\n<p data-start=\"3371\" data-end=\"3575\">K\u0101ja pati ir bag\u0101ta ar kerat\u012bnu (prote\u012bna veids) un \u013coti zema tauku satur\u0101, veicinot vesel\u012bgus musku\u013cus un sp\u012bd\u012bgu ka\u017eoku bez liek\u0101m kalorij\u0101m. T\u0101pat t\u0101 ir maz smar\u017e\u012bga, padarot to piem\u0113rotu iek\u0161telp\u0101m.<\/p>\n<p data-start=\"3577\" data-end=\"3751\">Pild\u012bt\u0101s k\u0101jas ir pieejams un jautrs veids, k\u0101 iem\u0101c\u012bt sunim labas ko\u0161\u013c\u0101\u0161anas ieradumus \u2013 kad pild\u012bjums beidzas, dab\u012bg\u0101 k\u0101ja paliek k\u0101 papildu balva p\u0113c rota\u013c\u0101m un m\u0101c\u012bb\u0101m.<\/p>\n<p data-start=\"3753\" data-end=\"3879\">Neto svars: 80 g<br data-start=\"3769\" data-end=\"3772\" \/>Sast\u0101vs: Liellopu k\u0101js, graudaugi, e\u013c\u013cas un tauki, ga\u013ca un dz\u012bvnieku izcelsmes sast\u0101vda\u013cas, e\u013c\u013cas arom\u0101ts<\/p>\n<p data-start=\"3881\" data-end=\"4104\">Baro\u0161anas instrukcija: Dod starp \u0113dienreiz\u0113m k\u0101 na\u0161\u0137i vai balvu k\u0101 sabalans\u0113ta uztura da\u013cu. Vienm\u0113r uzraugiet suni, \u0113dot na\u0161\u0137i. Vienm\u0113r nodro\u0161iniet svaigu \u016bdeni. Nav paredz\u0113ts cilv\u0113kiem vai kuc\u0113niem l\u012bdz 4 m\u0113ne\u0161u vecumam.<\/p>\n<p data-start=\"4106\" data-end=\"4176\">Anal\u012btiskais sast\u0101vs: Olbaltumvielas 30 %, Tauki 10 %, Mitrums 7,5 %<\/p>\n","protected":false},"featured_media":48061,"template":"","meta":[],"product_brand":[],"product_cat":[576],"product_tag":[],"class_list":{"0":"post-48064","1":"product","2":"type-product","3":"status-publish","4":"has-post-thumbnail","6":"product_cat-naski-suniem","8":"first","9":"instock","10":"taxable","11":"shipping-taxable","12":"purchasable","13":"product-type-simple"},"yoast_head":"<!-- This site is optimized with the Yoast SEO plugin v27.4 - https:\/\/yoast.com\/product\/yoast-seo-wordpress\/ -->\n<title>Ko\u0161\u013c\u0101jamais na\u0161\u0137is \u2013 liellopu k\u0101js ar vistas pild\u012bjumu Frigera 1 gab. - MiuMjau<\/title>\n<meta name=\"robots\" content=\"index, follow, max-snippet:-1, max-image-preview:large, max-video-preview:-1\" \/>\n<link rel=\"canonical\" href=\"https:\/\/miumjau.ee\/lv\/produkts\/koslajamais-naskis-liellopu-kajs-ar-vistas-pildijumu-frigera-1-gab\/\" \/>\n<meta property=\"og:locale\" content=\"lv_LV\" \/>\n<meta property=\"og:type\" content=\"article\" \/>\n<meta property=\"og:title\" content=\"Ko\u0161\u013c\u0101jamais na\u0161\u0137is \u2013 liellopu k\u0101js ar vistas pild\u012bjumu Frigera 1 gab. - MiuMjau\" \/>\n<meta property=\"og:description\" content=\"K\u0101p\u0113c t\u0113r\u0113t naudu d\u0101rgiem sint\u0113tiskiem ko\u0161\u013c\u0101jamajiem rota\u013cliet\u0101m, ja daba pied\u0101v\u0101 lab\u0101ku un vesel\u012bg\u0101ku alternat\u012bvu? M\u016bsu pild\u012bt\u0101s k\u0101jas sniedz dubultu baud\u012bjumu ar gardo pild\u012bjumu! Uzticies mums \u2013 pild\u012bjums ir izstr\u0101d\u0101ts \u012bpa\u0161i, lai apmierin\u0101tu su\u0146a gar\u0161as saj\u016btas, t\u0101p\u0113c tavs \u010detrk\u0101jainais draugs to noteikti nov\u0113rt\u0113s. Lielisks na\u0161\u0137is jaunajiem su\u0146iem ar sp\u0113c\u012bgu ko\u0161\u013c\u0101\u0161anas vajadz\u012bbu, atbalstot zobu higi\u0113nu un pal\u012bdzot kuc\u0113niem zobu mai\u0146as laik\u0101. K\u0101ja pati ir bag\u0101ta ar kerat\u012bnu (prote\u012bna veids) un \u013coti zema tauku satur\u0101, veicinot vesel\u012bgus musku\u013cus un sp\u012bd\u012bgu ka\u017eoku bez liek\u0101m kalorij\u0101m. T\u0101pat t\u0101 ir maz smar\u017e\u012bga, padarot to piem\u0113rotu iek\u0161telp\u0101m. Pild\u012bt\u0101s k\u0101jas ir pieejams un jautrs veids, k\u0101 iem\u0101c\u012bt sunim labas ko\u0161\u013c\u0101\u0161anas ieradumus \u2013 kad pild\u012bjums beidzas, dab\u012bg\u0101 k\u0101ja paliek k\u0101 papildu balva p\u0113c rota\u013c\u0101m un m\u0101c\u012bb\u0101m. Neto svars: 80 gSast\u0101vs: Liellopu k\u0101js, graudaugi, e\u013c\u013cas un tauki, ga\u013ca un dz\u012bvnieku izcelsmes sast\u0101vda\u013cas, e\u013c\u013cas arom\u0101ts Baro\u0161anas instrukcija: Dod starp \u0113dienreiz\u0113m k\u0101 na\u0161\u0137i vai balvu k\u0101 sabalans\u0113ta uztura da\u013cu. Vienm\u0113r uzraugiet suni, \u0113dot na\u0161\u0137i. Vienm\u0113r nodro\u0161iniet svaigu \u016bdeni. Nav paredz\u0113ts cilv\u0113kiem vai kuc\u0113niem l\u012bdz 4 m\u0113ne\u0161u vecumam. Anal\u012btiskais sast\u0101vs: Olbaltumvielas 30 %, Tauki 10 %, Mitrums 7,5 %\" \/>\n<meta property=\"og:url\" content=\"https:\/\/miumjau.ee\/lv\/produkts\/koslajamais-naskis-liellopu-kajs-ar-vistas-pildijumu-frigera-1-gab\/\" \/>\n<meta property=\"og:site_name\" content=\"MiuMjau\" \/>\n<meta property=\"article:publisher\" content=\"https:\/\/www.facebook.com\/miumjaupood\/\" \/>\n<meta property=\"article:modified_time\" content=\"2026-01-07T19:20:10+00:00\" \/>\n<meta property=\"og:image\" content=\"https:\/\/miumjau.ee\/wp-content\/uploads\/2025\/05\/kanaga-taidetud-sorg-1tk.jpg\" \/>\n\t<meta property=\"og:image:width\" content=\"600\" \/>\n\t<meta property=\"og:image:height\" content=\"800\" \/>\n\t<meta property=\"og:image:type\" content=\"image\/jpeg\" \/>\n<meta name=\"twitter:card\" content=\"summary_large_image\" \/>\n<script type=\"application\/ld+json\" class=\"yoast-schema-graph\">{\"@context\":\"https:\\\/\\\/schema.org\",\"@graph\":[{\"@type\":\"WebPage\",\"@id\":\"https:\\\/\\\/miumjau.ee\\\/lv\\\/produkts\\\/koslajamais-naskis-liellopu-kajs-ar-vistas-pildijumu-frigera-1-gab\\\/\",\"url\":\"https:\\\/\\\/miumjau.ee\\\/lv\\\/produkts\\\/koslajamais-naskis-liellopu-kajs-ar-vistas-pildijumu-frigera-1-gab\\\/\",\"name\":\"Ko\u0161\u013c\u0101jamais na\u0161\u0137is \u2013 liellopu k\u0101js ar vistas pild\u012bjumu Frigera 1 gab. - MiuMjau\",\"isPartOf\":{\"@id\":\"https:\\\/\\\/miumjau.ee\\\/#website\"},\"primaryImageOfPage\":{\"@id\":\"https:\\\/\\\/miumjau.ee\\\/lv\\\/produkts\\\/koslajamais-naskis-liellopu-kajs-ar-vistas-pildijumu-frigera-1-gab\\\/#primaryimage\"},\"image\":{\"@id\":\"https:\\\/\\\/miumjau.ee\\\/lv\\\/produkts\\\/koslajamais-naskis-liellopu-kajs-ar-vistas-pildijumu-frigera-1-gab\\\/#primaryimage\"},\"thumbnailUrl\":\"https:\\\/\\\/miumjau.ee\\\/wp-content\\\/uploads\\\/2025\\\/05\\\/kanaga-taidetud-sorg-1tk.jpg\",\"datePublished\":\"2025-05-28T18:09:04+00:00\",\"dateModified\":\"2026-01-07T19:20:10+00:00\",\"breadcrumb\":{\"@id\":\"https:\\\/\\\/miumjau.ee\\\/lv\\\/produkts\\\/koslajamais-naskis-liellopu-kajs-ar-vistas-pildijumu-frigera-1-gab\\\/#breadcrumb\"},\"inLanguage\":\"lv-LV\",\"potentialAction\":[{\"@type\":\"ReadAction\",\"target\":[\"https:\\\/\\\/miumjau.ee\\\/lv\\\/produkts\\\/koslajamais-naskis-liellopu-kajs-ar-vistas-pildijumu-frigera-1-gab\\\/\"]}]},{\"@type\":\"ImageObject\",\"inLanguage\":\"lv-LV\",\"@id\":\"https:\\\/\\\/miumjau.ee\\\/lv\\\/produkts\\\/koslajamais-naskis-liellopu-kajs-ar-vistas-pildijumu-frigera-1-gab\\\/#primaryimage\",\"url\":\"https:\\\/\\\/miumjau.ee\\\/wp-content\\\/uploads\\\/2025\\\/05\\\/kanaga-taidetud-sorg-1tk.jpg\",\"contentUrl\":\"https:\\\/\\\/miumjau.ee\\\/wp-content\\\/uploads\\\/2025\\\/05\\\/kanaga-taidetud-sorg-1tk.jpg\",\"width\":600,\"height\":800},{\"@type\":\"BreadcrumbList\",\"@id\":\"https:\\\/\\\/miumjau.ee\\\/lv\\\/produkts\\\/koslajamais-naskis-liellopu-kajs-ar-vistas-pildijumu-frigera-1-gab\\\/#breadcrumb\",\"itemListElement\":[{\"@type\":\"ListItem\",\"position\":1,\"name\":\"Home\",\"item\":\"https:\\\/\\\/miumjau.ee\\\/lv\\\/\"},{\"@type\":\"ListItem\",\"position\":2,\"name\":\"Veikals\",\"item\":\"https:\\\/\\\/miumjau.ee\\\/lv\\\/veikals\\\/\"},{\"@type\":\"ListItem\",\"position\":3,\"name\":\"Ko\u0161\u013c\u0101jamais na\u0161\u0137is \u2013 liellopu k\u0101js ar vistas pild\u012bjumu Frigera 1 gab.\"}]},{\"@type\":\"WebSite\",\"@id\":\"https:\\\/\\\/miumjau.ee\\\/#website\",\"url\":\"https:\\\/\\\/miumjau.ee\\\/\",\"name\":\"MiuMjau\",\"description\":\"Kraapimispuud kassidele\",\"publisher\":{\"@id\":\"https:\\\/\\\/miumjau.ee\\\/#organization\"},\"potentialAction\":[{\"@type\":\"SearchAction\",\"target\":{\"@type\":\"EntryPoint\",\"urlTemplate\":\"https:\\\/\\\/miumjau.ee\\\/?s={search_term_string}\"},\"query-input\":{\"@type\":\"PropertyValueSpecification\",\"valueRequired\":true,\"valueName\":\"search_term_string\"}}],\"inLanguage\":\"lv-LV\"},{\"@type\":\"Organization\",\"@id\":\"https:\\\/\\\/miumjau.ee\\\/#organization\",\"name\":\"MiuMjau O\u00dc\",\"url\":\"https:\\\/\\\/miumjau.ee\\\/\",\"logo\":{\"@type\":\"ImageObject\",\"inLanguage\":\"lv-LV\",\"@id\":\"https:\\\/\\\/miumjau.ee\\\/#\\\/schema\\\/logo\\\/image\\\/\",\"url\":\"https:\\\/\\\/miumjau.ee\\\/wp-content\\\/uploads\\\/2022\\\/04\\\/MiuMjau-logo-kollane.png\",\"contentUrl\":\"https:\\\/\\\/miumjau.ee\\\/wp-content\\\/uploads\\\/2022\\\/04\\\/MiuMjau-logo-kollane.png\",\"width\":219,\"height\":100,\"caption\":\"MiuMjau O\u00dc\"},\"image\":{\"@id\":\"https:\\\/\\\/miumjau.ee\\\/#\\\/schema\\\/logo\\\/image\\\/\"},\"sameAs\":[\"https:\\\/\\\/www.facebook.com\\\/miumjaupood\\\/\"]}]}<\/script>\n<!-- \/ Yoast SEO plugin. -->","yoast_head_json":{"title":"Ko\u0161\u013c\u0101jamais na\u0161\u0137is \u2013 liellopu k\u0101js ar vistas pild\u012bjumu Frigera 1 gab. - MiuMjau","robots":{"index":"index","follow":"follow","max-snippet":"max-snippet:-1","max-image-preview":"max-image-preview:large","max-video-preview":"max-video-preview:-1"},"canonical":"https:\/\/miumjau.ee\/lv\/produkts\/koslajamais-naskis-liellopu-kajs-ar-vistas-pildijumu-frigera-1-gab\/","og_locale":"lv_LV","og_type":"article","og_title":"Ko\u0161\u013c\u0101jamais na\u0161\u0137is \u2013 liellopu k\u0101js ar vistas pild\u012bjumu Frigera 1 gab. - MiuMjau","og_description":"K\u0101p\u0113c t\u0113r\u0113t naudu d\u0101rgiem sint\u0113tiskiem ko\u0161\u013c\u0101jamajiem rota\u013cliet\u0101m, ja daba pied\u0101v\u0101 lab\u0101ku un vesel\u012bg\u0101ku alternat\u012bvu? M\u016bsu pild\u012bt\u0101s k\u0101jas sniedz dubultu baud\u012bjumu ar gardo pild\u012bjumu! Uzticies mums \u2013 pild\u012bjums ir izstr\u0101d\u0101ts \u012bpa\u0161i, lai apmierin\u0101tu su\u0146a gar\u0161as saj\u016btas, t\u0101p\u0113c tavs \u010detrk\u0101jainais draugs to noteikti nov\u0113rt\u0113s. Lielisks na\u0161\u0137is jaunajiem su\u0146iem ar sp\u0113c\u012bgu ko\u0161\u013c\u0101\u0161anas vajadz\u012bbu, atbalstot zobu higi\u0113nu un pal\u012bdzot kuc\u0113niem zobu mai\u0146as laik\u0101. K\u0101ja pati ir bag\u0101ta ar kerat\u012bnu (prote\u012bna veids) un \u013coti zema tauku satur\u0101, veicinot vesel\u012bgus musku\u013cus un sp\u012bd\u012bgu ka\u017eoku bez liek\u0101m kalorij\u0101m. T\u0101pat t\u0101 ir maz smar\u017e\u012bga, padarot to piem\u0113rotu iek\u0161telp\u0101m. Pild\u012bt\u0101s k\u0101jas ir pieejams un jautrs veids, k\u0101 iem\u0101c\u012bt sunim labas ko\u0161\u013c\u0101\u0161anas ieradumus \u2013 kad pild\u012bjums beidzas, dab\u012bg\u0101 k\u0101ja paliek k\u0101 papildu balva p\u0113c rota\u013c\u0101m un m\u0101c\u012bb\u0101m. Neto svars: 80 gSast\u0101vs: Liellopu k\u0101js, graudaugi, e\u013c\u013cas un tauki, ga\u013ca un dz\u012bvnieku izcelsmes sast\u0101vda\u013cas, e\u013c\u013cas arom\u0101ts Baro\u0161anas instrukcija: Dod starp \u0113dienreiz\u0113m k\u0101 na\u0161\u0137i vai balvu k\u0101 sabalans\u0113ta uztura da\u013cu. Vienm\u0113r uzraugiet suni, \u0113dot na\u0161\u0137i. Vienm\u0113r nodro\u0161iniet svaigu \u016bdeni. Nav paredz\u0113ts cilv\u0113kiem vai kuc\u0113niem l\u012bdz 4 m\u0113ne\u0161u vecumam. Anal\u012btiskais sast\u0101vs: Olbaltumvielas 30 %, Tauki 10 %, Mitrums 7,5 %","og_url":"https:\/\/miumjau.ee\/lv\/produkts\/koslajamais-naskis-liellopu-kajs-ar-vistas-pildijumu-frigera-1-gab\/","og_site_name":"MiuMjau","article_publisher":"https:\/\/www.facebook.com\/miumjaupood\/","article_modified_time":"2026-01-07T19:20:10+00:00","og_image":[{"width":600,"height":800,"url":"https:\/\/miumjau.ee\/wp-content\/uploads\/2025\/05\/kanaga-taidetud-sorg-1tk.jpg","type":"image\/jpeg"}],"twitter_card":"summary_large_image","schema":{"@context":"https:\/\/schema.org","@graph":[{"@type":"WebPage","@id":"https:\/\/miumjau.ee\/lv\/produkts\/koslajamais-naskis-liellopu-kajs-ar-vistas-pildijumu-frigera-1-gab\/","url":"https:\/\/miumjau.ee\/lv\/produkts\/koslajamais-naskis-liellopu-kajs-ar-vistas-pildijumu-frigera-1-gab\/","name":"Ko\u0161\u013c\u0101jamais na\u0161\u0137is \u2013 liellopu k\u0101js ar vistas pild\u012bjumu Frigera 1 gab. - MiuMjau","isPartOf":{"@id":"https:\/\/miumjau.ee\/#website"},"primaryImageOfPage":{"@id":"https:\/\/miumjau.ee\/lv\/produkts\/koslajamais-naskis-liellopu-kajs-ar-vistas-pildijumu-frigera-1-gab\/#primaryimage"},"image":{"@id":"https:\/\/miumjau.ee\/lv\/produkts\/koslajamais-naskis-liellopu-kajs-ar-vistas-pildijumu-frigera-1-gab\/#primaryimage"},"thumbnailUrl":"https:\/\/miumjau.ee\/wp-content\/uploads\/2025\/05\/kanaga-taidetud-sorg-1tk.jpg","datePublished":"2025-05-28T18:09:04+00:00","dateModified":"2026-01-07T19:20:10+00:00","breadcrumb":{"@id":"https:\/\/miumjau.ee\/lv\/produkts\/koslajamais-naskis-liellopu-kajs-ar-vistas-pildijumu-frigera-1-gab\/#breadcrumb"},"inLanguage":"lv-LV","potentialAction":[{"@type":"ReadAction","target":["https:\/\/miumjau.ee\/lv\/produkts\/koslajamais-naskis-liellopu-kajs-ar-vistas-pildijumu-frigera-1-gab\/"]}]},{"@type":"ImageObject","inLanguage":"lv-LV","@id":"https:\/\/miumjau.ee\/lv\/produkts\/koslajamais-naskis-liellopu-kajs-ar-vistas-pildijumu-frigera-1-gab\/#primaryimage","url":"https:\/\/miumjau.ee\/wp-content\/uploads\/2025\/05\/kanaga-taidetud-sorg-1tk.jpg","contentUrl":"https:\/\/miumjau.ee\/wp-content\/uploads\/2025\/05\/kanaga-taidetud-sorg-1tk.jpg","width":600,"height":800},{"@type":"BreadcrumbList","@id":"https:\/\/miumjau.ee\/lv\/produkts\/koslajamais-naskis-liellopu-kajs-ar-vistas-pildijumu-frigera-1-gab\/#breadcrumb","itemListElement":[{"@type":"ListItem","position":1,"name":"Home","item":"https:\/\/miumjau.ee\/lv\/"},{"@type":"ListItem","position":2,"name":"Veikals","item":"https:\/\/miumjau.ee\/lv\/veikals\/"},{"@type":"ListItem","position":3,"name":"Ko\u0161\u013c\u0101jamais na\u0161\u0137is \u2013 liellopu k\u0101js ar vistas pild\u012bjumu Frigera 1 gab."}]},{"@type":"WebSite","@id":"https:\/\/miumjau.ee\/#website","url":"https:\/\/miumjau.ee\/","name":"MiuMjau","description":"Kraapimispuud kassidele","publisher":{"@id":"https:\/\/miumjau.ee\/#organization"},"potentialAction":[{"@type":"SearchAction","target":{"@type":"EntryPoint","urlTemplate":"https:\/\/miumjau.ee\/?s={search_term_string}"},"query-input":{"@type":"PropertyValueSpecification","valueRequired":true,"valueName":"search_term_string"}}],"inLanguage":"lv-LV"},{"@type":"Organization","@id":"https:\/\/miumjau.ee\/#organization","name":"MiuMjau O\u00dc","url":"https:\/\/miumjau.ee\/","logo":{"@type":"ImageObject","inLanguage":"lv-LV","@id":"https:\/\/miumjau.ee\/#\/schema\/logo\/image\/","url":"https:\/\/miumjau.ee\/wp-content\/uploads\/2022\/04\/MiuMjau-logo-kollane.png","contentUrl":"https:\/\/miumjau.ee\/wp-content\/uploads\/2022\/04\/MiuMjau-logo-kollane.png","width":219,"height":100,"caption":"MiuMjau O\u00dc"},"image":{"@id":"https:\/\/miumjau.ee\/#\/schema\/logo\/image\/"},"sameAs":["https:\/\/www.facebook.com\/miumjaupood\/"]}]}},"_links":{"self":[{"href":"https:\/\/miumjau.ee\/lv\/wp-json\/wp\/v2\/product\/48064","targetHints":{"allow":["GET"]}}],"collection":[{"href":"https:\/\/miumjau.ee\/lv\/wp-json\/wp\/v2\/product"}],"about":[{"href":"https:\/\/miumjau.ee\/lv\/wp-json\/wp\/v2\/types\/product"}],"wp:featuredmedia":[{"embeddable":true,"href":"https:\/\/miumjau.ee\/lv\/wp-json\/wp\/v2\/media\/48061"}],"wp:attachment":[{"href":"https:\/\/miumjau.ee\/lv\/wp-json\/wp\/v2\/media?parent=48064"}],"wp:term":[{"taxonomy":"product_brand","embeddable":true,"href":"https:\/\/miumjau.ee\/lv\/wp-json\/wp\/v2\/product_brand?post=48064"},{"taxonomy":"product_cat","embeddable":true,"href":"https:\/\/miumjau.ee\/lv\/wp-json\/wp\/v2\/product_cat?post=48064"},{"taxonomy":"product_tag","embeddable":true,"href":"https:\/\/miumjau.ee\/lv\/wp-json\/wp\/v2\/product_tag?post=48064"}],"curies":[{"name":"wp","href":"https:\/\/api.w.org\/{rel}","templated":true}]}}