{"id":48059,"date":"2025-05-29T09:10:20","date_gmt":"2025-05-29T06:10:20","guid":{"rendered":"https:\/\/miumjau.ee\/toode\/olbaltumvielam-bagats-suna-naskis-vistas-un-zivju-stremeles-frigera-100-g\/"},"modified":"2026-01-07T21:20:17","modified_gmt":"2026-01-07T19:20:17","slug":"olbaltumvielam-bagats-suna-naskis-vistas-un-zivju-stremeles-frigera-100-g","status":"publish","type":"product","link":"https:\/\/miumjau.ee\/lv\/produkts\/olbaltumvielam-bagats-suna-naskis-vistas-un-zivju-stremeles-frigera-100-g\/","title":{"rendered":"Olbaltumviel\u0101m bag\u0101ts su\u0146a na\u0161\u0137is, vistas un zivju str\u0113meles Frigera 100 g"},"content":{"rendered":"","protected":false},"excerpt":{"rendered":"<p data-start=\"2951\" data-end=\"3173\">Vai esi k\u0101dreiz redz\u0113jis, k\u0101 su\u0146a acis iemirdzas prieka pilnas, ieraugot na\u0161\u0137i? To m\u0113s saucam par friGERA efektu! Iepaz\u012bstin\u0101m ar friGERA vistas un zivju str\u0113mel\u0113m \u2013 \u012bsts gar\u0161as piedz\u012bvojums tav\u0101m \u010detrk\u0101jainaj\u0101m draugam!<\/p>\n<p data-start=\"3175\" data-end=\"3531\">R\u016bp\u012bgi sagatavotas, \u0161\u012bs uzkodas apvieno lab\u0101k\u0101s savva\u013cas zivis un kvalitat\u012bvu vistas ga\u013cu, radot neatvair\u0101mu gar\u0161u, ko suns noteikti m\u012bl\u0113s. \u0160ie gardumi nav tikai gar\u0161\u012bgi, bet ar\u012b bag\u0101ti ar olbaltumviel\u0101m, kas veicina musku\u013cu att\u012bst\u012bbu un visp\u0101r\u0113jo vesel\u012bbu. \u0112rti sadal\u012bti porcij\u0101s un iepakoti atveram\u0101 iepakojum\u0101, piem\u0113roti gan treni\u0146iem, gan k\u0101 gardums.<\/p>\n<p data-start=\"3533\" data-end=\"3863\">friGERA vistas un zivju str\u0113meles noteikti liks sunim priec\u012bgi vizgot asti. Bez m\u0101ksl\u012bg\u0101m piedev\u0101m un konservantiem, j\u016bs varat b\u016bt p\u0101rliecin\u0101ts, ka sniedzat savam m\u0101jdz\u012bvniekam kaut ko vesel\u012bgu un gar\u0161\u012bgu. Pabarojiet savu suni ar lab\u0101ko \u2013 friGERA vistas un zivju str\u0113meles, jo katra kop\u0101 pavad\u012bt\u0101 br\u012b\u017ea ir v\u0113rta gardu atl\u012bdz\u012bbu!<\/p>\n<p data-start=\"3865\" data-end=\"3963\">Sast\u0101vs: Vistas ga\u013ca 78,5 %, Zivs 15 %, Cukurs, Glicer\u012bns, Modific\u0113ts kukur\u016bzas ciete, Sorbitols<\/p>\n<p data-start=\"3965\" data-end=\"4154\">Lieto\u0161anas instrukcija: Dod starp \u0113dienreiz\u0113m k\u0101 na\u0161\u0137i vai balvu k\u0101 sabalans\u0113ta uztura da\u013cu. Vienm\u0113r uzraugiet suni, \u0113dot na\u0161\u0137i. Vienm\u0113r nodro\u0161iniet svaigu \u016bdeni. Nav paredz\u0113ts cilv\u0113kiem.<\/p>\n<p data-start=\"4156\" data-end=\"4249\">Anal\u012btiskais sast\u0101vs: Olbaltumvielas 35 %, Tauki 1 %, Pelni 4 %, \u0160\u0137iedras 2 %, Mitrums 25 %<\/p>\n","protected":false},"featured_media":48054,"template":"","meta":[],"product_brand":[],"product_cat":[573,576],"product_tag":[],"class_list":{"0":"post-48059","1":"product","2":"type-product","3":"status-publish","4":"has-post-thumbnail","6":"product_cat-kaup24-lv","7":"product_cat-naski-suniem","9":"first","10":"instock","11":"taxable","12":"shipping-taxable","13":"purchasable","14":"product-type-simple"},"yoast_head":"<!-- This site is optimized with the Yoast SEO plugin v27.4 - https:\/\/yoast.com\/product\/yoast-seo-wordpress\/ -->\n<title>Olbaltumviel\u0101m bag\u0101ts su\u0146a na\u0161\u0137is, vistas un zivju str\u0113meles Frigera 100 g - MiuMjau<\/title>\n<meta name=\"robots\" content=\"index, follow, max-snippet:-1, max-image-preview:large, max-video-preview:-1\" \/>\n<link rel=\"canonical\" href=\"https:\/\/miumjau.ee\/lv\/produkts\/olbaltumvielam-bagats-suna-naskis-vistas-un-zivju-stremeles-frigera-100-g\/\" \/>\n<meta property=\"og:locale\" content=\"lv_LV\" \/>\n<meta property=\"og:type\" content=\"article\" \/>\n<meta property=\"og:title\" content=\"Olbaltumviel\u0101m bag\u0101ts su\u0146a na\u0161\u0137is, vistas un zivju str\u0113meles Frigera 100 g - MiuMjau\" \/>\n<meta property=\"og:description\" content=\"Vai esi k\u0101dreiz redz\u0113jis, k\u0101 su\u0146a acis iemirdzas prieka pilnas, ieraugot na\u0161\u0137i? To m\u0113s saucam par friGERA efektu! Iepaz\u012bstin\u0101m ar friGERA vistas un zivju str\u0113mel\u0113m \u2013 \u012bsts gar\u0161as piedz\u012bvojums tav\u0101m \u010detrk\u0101jainaj\u0101m draugam! R\u016bp\u012bgi sagatavotas, \u0161\u012bs uzkodas apvieno lab\u0101k\u0101s savva\u013cas zivis un kvalitat\u012bvu vistas ga\u013cu, radot neatvair\u0101mu gar\u0161u, ko suns noteikti m\u012bl\u0113s. \u0160ie gardumi nav tikai gar\u0161\u012bgi, bet ar\u012b bag\u0101ti ar olbaltumviel\u0101m, kas veicina musku\u013cu att\u012bst\u012bbu un visp\u0101r\u0113jo vesel\u012bbu. \u0112rti sadal\u012bti porcij\u0101s un iepakoti atveram\u0101 iepakojum\u0101, piem\u0113roti gan treni\u0146iem, gan k\u0101 gardums. friGERA vistas un zivju str\u0113meles noteikti liks sunim priec\u012bgi vizgot asti. Bez m\u0101ksl\u012bg\u0101m piedev\u0101m un konservantiem, j\u016bs varat b\u016bt p\u0101rliecin\u0101ts, ka sniedzat savam m\u0101jdz\u012bvniekam kaut ko vesel\u012bgu un gar\u0161\u012bgu. Pabarojiet savu suni ar lab\u0101ko \u2013 friGERA vistas un zivju str\u0113meles, jo katra kop\u0101 pavad\u012bt\u0101 br\u012b\u017ea ir v\u0113rta gardu atl\u012bdz\u012bbu! Sast\u0101vs: Vistas ga\u013ca 78,5 %, Zivs 15 %, Cukurs, Glicer\u012bns, Modific\u0113ts kukur\u016bzas ciete, Sorbitols Lieto\u0161anas instrukcija: Dod starp \u0113dienreiz\u0113m k\u0101 na\u0161\u0137i vai balvu k\u0101 sabalans\u0113ta uztura da\u013cu. Vienm\u0113r uzraugiet suni, \u0113dot na\u0161\u0137i. Vienm\u0113r nodro\u0161iniet svaigu \u016bdeni. Nav paredz\u0113ts cilv\u0113kiem. Anal\u012btiskais sast\u0101vs: Olbaltumvielas 35 %, Tauki 1 %, Pelni 4 %, \u0160\u0137iedras 2 %, Mitrums 25 %\" \/>\n<meta property=\"og:url\" content=\"https:\/\/miumjau.ee\/lv\/produkts\/olbaltumvielam-bagats-suna-naskis-vistas-un-zivju-stremeles-frigera-100-g\/\" \/>\n<meta property=\"og:site_name\" content=\"MiuMjau\" \/>\n<meta property=\"article:publisher\" content=\"https:\/\/www.facebook.com\/miumjaupood\/\" \/>\n<meta property=\"article:modified_time\" content=\"2026-01-07T19:20:17+00:00\" \/>\n<meta property=\"og:image\" content=\"https:\/\/miumjau.ee\/wp-content\/uploads\/2025\/05\/frigera-koerte-maius-kana-ja-kala-ribad-Photoroom.jpg\" \/>\n\t<meta property=\"og:image:width\" content=\"600\" \/>\n\t<meta property=\"og:image:height\" content=\"800\" \/>\n\t<meta property=\"og:image:type\" content=\"image\/jpeg\" \/>\n<meta name=\"twitter:card\" content=\"summary_large_image\" \/>\n<script type=\"application\/ld+json\" class=\"yoast-schema-graph\">{\"@context\":\"https:\\\/\\\/schema.org\",\"@graph\":[{\"@type\":\"WebPage\",\"@id\":\"https:\\\/\\\/miumjau.ee\\\/lv\\\/produkts\\\/olbaltumvielam-bagats-suna-naskis-vistas-un-zivju-stremeles-frigera-100-g\\\/\",\"url\":\"https:\\\/\\\/miumjau.ee\\\/lv\\\/produkts\\\/olbaltumvielam-bagats-suna-naskis-vistas-un-zivju-stremeles-frigera-100-g\\\/\",\"name\":\"Olbaltumviel\u0101m bag\u0101ts su\u0146a na\u0161\u0137is, vistas un zivju str\u0113meles Frigera 100 g - MiuMjau\",\"isPartOf\":{\"@id\":\"https:\\\/\\\/miumjau.ee\\\/#website\"},\"primaryImageOfPage\":{\"@id\":\"https:\\\/\\\/miumjau.ee\\\/lv\\\/produkts\\\/olbaltumvielam-bagats-suna-naskis-vistas-un-zivju-stremeles-frigera-100-g\\\/#primaryimage\"},\"image\":{\"@id\":\"https:\\\/\\\/miumjau.ee\\\/lv\\\/produkts\\\/olbaltumvielam-bagats-suna-naskis-vistas-un-zivju-stremeles-frigera-100-g\\\/#primaryimage\"},\"thumbnailUrl\":\"https:\\\/\\\/miumjau.ee\\\/wp-content\\\/uploads\\\/2025\\\/05\\\/frigera-koerte-maius-kana-ja-kala-ribad-Photoroom.jpg\",\"datePublished\":\"2025-05-29T06:10:20+00:00\",\"dateModified\":\"2026-01-07T19:20:17+00:00\",\"breadcrumb\":{\"@id\":\"https:\\\/\\\/miumjau.ee\\\/lv\\\/produkts\\\/olbaltumvielam-bagats-suna-naskis-vistas-un-zivju-stremeles-frigera-100-g\\\/#breadcrumb\"},\"inLanguage\":\"lv-LV\",\"potentialAction\":[{\"@type\":\"ReadAction\",\"target\":[\"https:\\\/\\\/miumjau.ee\\\/lv\\\/produkts\\\/olbaltumvielam-bagats-suna-naskis-vistas-un-zivju-stremeles-frigera-100-g\\\/\"]}]},{\"@type\":\"ImageObject\",\"inLanguage\":\"lv-LV\",\"@id\":\"https:\\\/\\\/miumjau.ee\\\/lv\\\/produkts\\\/olbaltumvielam-bagats-suna-naskis-vistas-un-zivju-stremeles-frigera-100-g\\\/#primaryimage\",\"url\":\"https:\\\/\\\/miumjau.ee\\\/wp-content\\\/uploads\\\/2025\\\/05\\\/frigera-koerte-maius-kana-ja-kala-ribad-Photoroom.jpg\",\"contentUrl\":\"https:\\\/\\\/miumjau.ee\\\/wp-content\\\/uploads\\\/2025\\\/05\\\/frigera-koerte-maius-kana-ja-kala-ribad-Photoroom.jpg\",\"width\":600,\"height\":800},{\"@type\":\"BreadcrumbList\",\"@id\":\"https:\\\/\\\/miumjau.ee\\\/lv\\\/produkts\\\/olbaltumvielam-bagats-suna-naskis-vistas-un-zivju-stremeles-frigera-100-g\\\/#breadcrumb\",\"itemListElement\":[{\"@type\":\"ListItem\",\"position\":1,\"name\":\"Home\",\"item\":\"https:\\\/\\\/miumjau.ee\\\/lv\\\/\"},{\"@type\":\"ListItem\",\"position\":2,\"name\":\"Veikals\",\"item\":\"https:\\\/\\\/miumjau.ee\\\/lv\\\/veikals\\\/\"},{\"@type\":\"ListItem\",\"position\":3,\"name\":\"Olbaltumviel\u0101m bag\u0101ts su\u0146a na\u0161\u0137is, vistas un zivju str\u0113meles Frigera 100 g\"}]},{\"@type\":\"WebSite\",\"@id\":\"https:\\\/\\\/miumjau.ee\\\/#website\",\"url\":\"https:\\\/\\\/miumjau.ee\\\/\",\"name\":\"MiuMjau\",\"description\":\"Kraapimispuud kassidele\",\"publisher\":{\"@id\":\"https:\\\/\\\/miumjau.ee\\\/#organization\"},\"potentialAction\":[{\"@type\":\"SearchAction\",\"target\":{\"@type\":\"EntryPoint\",\"urlTemplate\":\"https:\\\/\\\/miumjau.ee\\\/?s={search_term_string}\"},\"query-input\":{\"@type\":\"PropertyValueSpecification\",\"valueRequired\":true,\"valueName\":\"search_term_string\"}}],\"inLanguage\":\"lv-LV\"},{\"@type\":\"Organization\",\"@id\":\"https:\\\/\\\/miumjau.ee\\\/#organization\",\"name\":\"MiuMjau O\u00dc\",\"url\":\"https:\\\/\\\/miumjau.ee\\\/\",\"logo\":{\"@type\":\"ImageObject\",\"inLanguage\":\"lv-LV\",\"@id\":\"https:\\\/\\\/miumjau.ee\\\/#\\\/schema\\\/logo\\\/image\\\/\",\"url\":\"https:\\\/\\\/miumjau.ee\\\/wp-content\\\/uploads\\\/2022\\\/04\\\/MiuMjau-logo-kollane.png\",\"contentUrl\":\"https:\\\/\\\/miumjau.ee\\\/wp-content\\\/uploads\\\/2022\\\/04\\\/MiuMjau-logo-kollane.png\",\"width\":219,\"height\":100,\"caption\":\"MiuMjau O\u00dc\"},\"image\":{\"@id\":\"https:\\\/\\\/miumjau.ee\\\/#\\\/schema\\\/logo\\\/image\\\/\"},\"sameAs\":[\"https:\\\/\\\/www.facebook.com\\\/miumjaupood\\\/\"]}]}<\/script>\n<!-- \/ Yoast SEO plugin. -->","yoast_head_json":{"title":"Olbaltumviel\u0101m bag\u0101ts su\u0146a na\u0161\u0137is, vistas un zivju str\u0113meles Frigera 100 g - MiuMjau","robots":{"index":"index","follow":"follow","max-snippet":"max-snippet:-1","max-image-preview":"max-image-preview:large","max-video-preview":"max-video-preview:-1"},"canonical":"https:\/\/miumjau.ee\/lv\/produkts\/olbaltumvielam-bagats-suna-naskis-vistas-un-zivju-stremeles-frigera-100-g\/","og_locale":"lv_LV","og_type":"article","og_title":"Olbaltumviel\u0101m bag\u0101ts su\u0146a na\u0161\u0137is, vistas un zivju str\u0113meles Frigera 100 g - MiuMjau","og_description":"Vai esi k\u0101dreiz redz\u0113jis, k\u0101 su\u0146a acis iemirdzas prieka pilnas, ieraugot na\u0161\u0137i? To m\u0113s saucam par friGERA efektu! Iepaz\u012bstin\u0101m ar friGERA vistas un zivju str\u0113mel\u0113m \u2013 \u012bsts gar\u0161as piedz\u012bvojums tav\u0101m \u010detrk\u0101jainaj\u0101m draugam! R\u016bp\u012bgi sagatavotas, \u0161\u012bs uzkodas apvieno lab\u0101k\u0101s savva\u013cas zivis un kvalitat\u012bvu vistas ga\u013cu, radot neatvair\u0101mu gar\u0161u, ko suns noteikti m\u012bl\u0113s. \u0160ie gardumi nav tikai gar\u0161\u012bgi, bet ar\u012b bag\u0101ti ar olbaltumviel\u0101m, kas veicina musku\u013cu att\u012bst\u012bbu un visp\u0101r\u0113jo vesel\u012bbu. \u0112rti sadal\u012bti porcij\u0101s un iepakoti atveram\u0101 iepakojum\u0101, piem\u0113roti gan treni\u0146iem, gan k\u0101 gardums. friGERA vistas un zivju str\u0113meles noteikti liks sunim priec\u012bgi vizgot asti. Bez m\u0101ksl\u012bg\u0101m piedev\u0101m un konservantiem, j\u016bs varat b\u016bt p\u0101rliecin\u0101ts, ka sniedzat savam m\u0101jdz\u012bvniekam kaut ko vesel\u012bgu un gar\u0161\u012bgu. Pabarojiet savu suni ar lab\u0101ko \u2013 friGERA vistas un zivju str\u0113meles, jo katra kop\u0101 pavad\u012bt\u0101 br\u012b\u017ea ir v\u0113rta gardu atl\u012bdz\u012bbu! Sast\u0101vs: Vistas ga\u013ca 78,5 %, Zivs 15 %, Cukurs, Glicer\u012bns, Modific\u0113ts kukur\u016bzas ciete, Sorbitols Lieto\u0161anas instrukcija: Dod starp \u0113dienreiz\u0113m k\u0101 na\u0161\u0137i vai balvu k\u0101 sabalans\u0113ta uztura da\u013cu. Vienm\u0113r uzraugiet suni, \u0113dot na\u0161\u0137i. Vienm\u0113r nodro\u0161iniet svaigu \u016bdeni. Nav paredz\u0113ts cilv\u0113kiem. Anal\u012btiskais sast\u0101vs: Olbaltumvielas 35 %, Tauki 1 %, Pelni 4 %, \u0160\u0137iedras 2 %, Mitrums 25 %","og_url":"https:\/\/miumjau.ee\/lv\/produkts\/olbaltumvielam-bagats-suna-naskis-vistas-un-zivju-stremeles-frigera-100-g\/","og_site_name":"MiuMjau","article_publisher":"https:\/\/www.facebook.com\/miumjaupood\/","article_modified_time":"2026-01-07T19:20:17+00:00","og_image":[{"width":600,"height":800,"url":"https:\/\/miumjau.ee\/wp-content\/uploads\/2025\/05\/frigera-koerte-maius-kana-ja-kala-ribad-Photoroom.jpg","type":"image\/jpeg"}],"twitter_card":"summary_large_image","schema":{"@context":"https:\/\/schema.org","@graph":[{"@type":"WebPage","@id":"https:\/\/miumjau.ee\/lv\/produkts\/olbaltumvielam-bagats-suna-naskis-vistas-un-zivju-stremeles-frigera-100-g\/","url":"https:\/\/miumjau.ee\/lv\/produkts\/olbaltumvielam-bagats-suna-naskis-vistas-un-zivju-stremeles-frigera-100-g\/","name":"Olbaltumviel\u0101m bag\u0101ts su\u0146a na\u0161\u0137is, vistas un zivju str\u0113meles Frigera 100 g - MiuMjau","isPartOf":{"@id":"https:\/\/miumjau.ee\/#website"},"primaryImageOfPage":{"@id":"https:\/\/miumjau.ee\/lv\/produkts\/olbaltumvielam-bagats-suna-naskis-vistas-un-zivju-stremeles-frigera-100-g\/#primaryimage"},"image":{"@id":"https:\/\/miumjau.ee\/lv\/produkts\/olbaltumvielam-bagats-suna-naskis-vistas-un-zivju-stremeles-frigera-100-g\/#primaryimage"},"thumbnailUrl":"https:\/\/miumjau.ee\/wp-content\/uploads\/2025\/05\/frigera-koerte-maius-kana-ja-kala-ribad-Photoroom.jpg","datePublished":"2025-05-29T06:10:20+00:00","dateModified":"2026-01-07T19:20:17+00:00","breadcrumb":{"@id":"https:\/\/miumjau.ee\/lv\/produkts\/olbaltumvielam-bagats-suna-naskis-vistas-un-zivju-stremeles-frigera-100-g\/#breadcrumb"},"inLanguage":"lv-LV","potentialAction":[{"@type":"ReadAction","target":["https:\/\/miumjau.ee\/lv\/produkts\/olbaltumvielam-bagats-suna-naskis-vistas-un-zivju-stremeles-frigera-100-g\/"]}]},{"@type":"ImageObject","inLanguage":"lv-LV","@id":"https:\/\/miumjau.ee\/lv\/produkts\/olbaltumvielam-bagats-suna-naskis-vistas-un-zivju-stremeles-frigera-100-g\/#primaryimage","url":"https:\/\/miumjau.ee\/wp-content\/uploads\/2025\/05\/frigera-koerte-maius-kana-ja-kala-ribad-Photoroom.jpg","contentUrl":"https:\/\/miumjau.ee\/wp-content\/uploads\/2025\/05\/frigera-koerte-maius-kana-ja-kala-ribad-Photoroom.jpg","width":600,"height":800},{"@type":"BreadcrumbList","@id":"https:\/\/miumjau.ee\/lv\/produkts\/olbaltumvielam-bagats-suna-naskis-vistas-un-zivju-stremeles-frigera-100-g\/#breadcrumb","itemListElement":[{"@type":"ListItem","position":1,"name":"Home","item":"https:\/\/miumjau.ee\/lv\/"},{"@type":"ListItem","position":2,"name":"Veikals","item":"https:\/\/miumjau.ee\/lv\/veikals\/"},{"@type":"ListItem","position":3,"name":"Olbaltumviel\u0101m bag\u0101ts su\u0146a na\u0161\u0137is, vistas un zivju str\u0113meles Frigera 100 g"}]},{"@type":"WebSite","@id":"https:\/\/miumjau.ee\/#website","url":"https:\/\/miumjau.ee\/","name":"MiuMjau","description":"Kraapimispuud kassidele","publisher":{"@id":"https:\/\/miumjau.ee\/#organization"},"potentialAction":[{"@type":"SearchAction","target":{"@type":"EntryPoint","urlTemplate":"https:\/\/miumjau.ee\/?s={search_term_string}"},"query-input":{"@type":"PropertyValueSpecification","valueRequired":true,"valueName":"search_term_string"}}],"inLanguage":"lv-LV"},{"@type":"Organization","@id":"https:\/\/miumjau.ee\/#organization","name":"MiuMjau O\u00dc","url":"https:\/\/miumjau.ee\/","logo":{"@type":"ImageObject","inLanguage":"lv-LV","@id":"https:\/\/miumjau.ee\/#\/schema\/logo\/image\/","url":"https:\/\/miumjau.ee\/wp-content\/uploads\/2022\/04\/MiuMjau-logo-kollane.png","contentUrl":"https:\/\/miumjau.ee\/wp-content\/uploads\/2022\/04\/MiuMjau-logo-kollane.png","width":219,"height":100,"caption":"MiuMjau O\u00dc"},"image":{"@id":"https:\/\/miumjau.ee\/#\/schema\/logo\/image\/"},"sameAs":["https:\/\/www.facebook.com\/miumjaupood\/"]}]}},"_links":{"self":[{"href":"https:\/\/miumjau.ee\/lv\/wp-json\/wp\/v2\/product\/48059","targetHints":{"allow":["GET"]}}],"collection":[{"href":"https:\/\/miumjau.ee\/lv\/wp-json\/wp\/v2\/product"}],"about":[{"href":"https:\/\/miumjau.ee\/lv\/wp-json\/wp\/v2\/types\/product"}],"wp:featuredmedia":[{"embeddable":true,"href":"https:\/\/miumjau.ee\/lv\/wp-json\/wp\/v2\/media\/48054"}],"wp:attachment":[{"href":"https:\/\/miumjau.ee\/lv\/wp-json\/wp\/v2\/media?parent=48059"}],"wp:term":[{"taxonomy":"product_brand","embeddable":true,"href":"https:\/\/miumjau.ee\/lv\/wp-json\/wp\/v2\/product_brand?post=48059"},{"taxonomy":"product_cat","embeddable":true,"href":"https:\/\/miumjau.ee\/lv\/wp-json\/wp\/v2\/product_cat?post=48059"},{"taxonomy":"product_tag","embeddable":true,"href":"https:\/\/miumjau.ee\/lv\/wp-json\/wp\/v2\/product_tag?post=48059"}],"curies":[{"name":"wp","href":"https:\/\/api.w.org\/{rel}","templated":true}]}}