{"id":48050,"date":"2025-05-29T09:18:37","date_gmt":"2025-05-29T06:18:37","guid":{"rendered":"https:\/\/miumjau.ee\/toode\/dabigas-piles-filejas-stremeles-frigera-100-g\/"},"modified":"2026-01-07T21:20:17","modified_gmt":"2026-01-07T19:20:17","slug":"dabigas-piles-filejas-stremeles-frigera-100-g","status":"publish","type":"product","link":"https:\/\/miumjau.ee\/lv\/produkts\/dabigas-piles-filejas-stremeles-frigera-100-g\/","title":{"rendered":"Dab\u012bgas p\u012bles filejas str\u0113meles Frigera 100 g"},"content":{"rendered":"","protected":false},"excerpt":{"rendered":"<p data-start=\"2445\" data-end=\"2629\">Vai esi gatavs padar\u012bt sava su\u0146a na\u0161\u0137o\u0161anas laiku par dienas lab\u0101ko br\u012bdi? Iepaz\u012bstin\u0101m ar friGERA p\u012bles filejas str\u0113mel\u0113m \u2013 katrs kumoss ir gar\u0161as piedz\u012bvojums j\u016bsu m\u012b\u013cajam m\u012blulim!<\/p>\n<p data-start=\"2631\" data-end=\"3005\">Izgatavotas no r\u016bp\u012bgi atlas\u012btas br\u012bv\u0101s audz\u0113\u0161anas p\u012bles, katra \u0161\u0137\u0113le saglab\u0101 savu dabisko gar\u0161u un uzturv\u0113rt\u012bbu. \u0160ie gardie filejas gabali\u0146i ir ne tikai gar\u0161\u012bgi, bet ar\u012b bag\u0101ti ar olbaltumviel\u0101m, kas atbalsta su\u0146a musku\u013cu att\u012bst\u012bbu un visp\u0101r\u0113jo labsaj\u016btu. Vai tas b\u016btu k\u0101 balva treni\u0146a laik\u0101 vai vienk\u0101r\u0161i k\u0101 gardums \u2013 friGERA p\u012bles fileja liks sunim priec\u012bgi vizgot asti.<\/p>\n<p data-start=\"3007\" data-end=\"3151\">Iepakots \u0113rt\u0101 maisi\u0146\u0101, nodro\u0161inot svaigumu katr\u0101 porcij\u0101. J\u016bs varat b\u016bt p\u0101rliecin\u0101ts, ka pied\u0101v\u0101jat savam \u010detrk\u0101jainajam draugam tikai lab\u0101ko.<\/p>\n<p data-start=\"3153\" data-end=\"3233\">Sast\u0101vs: P\u012bles fileja 91,5 %, Glicer\u012bns, Modific\u0113ts kukur\u016bzas ciete, Sorbitols<\/p>\n<p data-start=\"3235\" data-end=\"3417\">Lieto\u0161anas instrukcija: Dod starp \u0113dienreiz\u0113m k\u0101 na\u0161\u0137i vai balvu k\u0101 sabalans\u0113ta uztura da\u013cu. Vienm\u0113r uzraugi suni ko\u0161\u013c\u0101jot. Vienm\u0113r nodro\u0161ini svaigu \u016bdeni. Nav paredz\u0113ts cilv\u0113kiem.<\/p>\n<p data-start=\"3419\" data-end=\"3514\">Anal\u012btiskais sast\u0101vs: Olbaltumvielas 45 %, Tauki 2 %, Pelni 1,5 %, \u0160\u0137iedras 2 %, Mitrums 20 %<\/p>\n","protected":false},"featured_media":48048,"template":"","meta":[],"product_brand":[],"product_cat":[576,573],"product_tag":[],"class_list":{"0":"post-48050","1":"product","2":"type-product","3":"status-publish","4":"has-post-thumbnail","6":"product_cat-naski-suniem","7":"product_cat-kaup24-lv","9":"first","10":"instock","11":"taxable","12":"shipping-taxable","13":"purchasable","14":"product-type-simple"},"yoast_head":"<!-- This site is optimized with the Yoast SEO plugin v27.2 - https:\/\/yoast.com\/product\/yoast-seo-wordpress\/ -->\n<title>Dab\u012bgas p\u012bles filejas str\u0113meles Frigera 100 g - MiuMjau<\/title>\n<meta name=\"robots\" content=\"index, follow, max-snippet:-1, max-image-preview:large, max-video-preview:-1\" \/>\n<link rel=\"canonical\" href=\"https:\/\/miumjau.ee\/lv\/produkts\/dabigas-piles-filejas-stremeles-frigera-100-g\/\" \/>\n<meta property=\"og:locale\" content=\"lv_LV\" \/>\n<meta property=\"og:type\" content=\"article\" \/>\n<meta property=\"og:title\" content=\"Dab\u012bgas p\u012bles filejas str\u0113meles Frigera 100 g - MiuMjau\" \/>\n<meta property=\"og:description\" content=\"Vai esi gatavs padar\u012bt sava su\u0146a na\u0161\u0137o\u0161anas laiku par dienas lab\u0101ko br\u012bdi? Iepaz\u012bstin\u0101m ar friGERA p\u012bles filejas str\u0113mel\u0113m \u2013 katrs kumoss ir gar\u0161as piedz\u012bvojums j\u016bsu m\u012b\u013cajam m\u012blulim! Izgatavotas no r\u016bp\u012bgi atlas\u012btas br\u012bv\u0101s audz\u0113\u0161anas p\u012bles, katra \u0161\u0137\u0113le saglab\u0101 savu dabisko gar\u0161u un uzturv\u0113rt\u012bbu. \u0160ie gardie filejas gabali\u0146i ir ne tikai gar\u0161\u012bgi, bet ar\u012b bag\u0101ti ar olbaltumviel\u0101m, kas atbalsta su\u0146a musku\u013cu att\u012bst\u012bbu un visp\u0101r\u0113jo labsaj\u016btu. Vai tas b\u016btu k\u0101 balva treni\u0146a laik\u0101 vai vienk\u0101r\u0161i k\u0101 gardums \u2013 friGERA p\u012bles fileja liks sunim priec\u012bgi vizgot asti. Iepakots \u0113rt\u0101 maisi\u0146\u0101, nodro\u0161inot svaigumu katr\u0101 porcij\u0101. J\u016bs varat b\u016bt p\u0101rliecin\u0101ts, ka pied\u0101v\u0101jat savam \u010detrk\u0101jainajam draugam tikai lab\u0101ko. Sast\u0101vs: P\u012bles fileja 91,5 %, Glicer\u012bns, Modific\u0113ts kukur\u016bzas ciete, Sorbitols Lieto\u0161anas instrukcija: Dod starp \u0113dienreiz\u0113m k\u0101 na\u0161\u0137i vai balvu k\u0101 sabalans\u0113ta uztura da\u013cu. Vienm\u0113r uzraugi suni ko\u0161\u013c\u0101jot. Vienm\u0113r nodro\u0161ini svaigu \u016bdeni. Nav paredz\u0113ts cilv\u0113kiem. Anal\u012btiskais sast\u0101vs: Olbaltumvielas 45 %, Tauki 2 %, Pelni 1,5 %, \u0160\u0137iedras 2 %, Mitrums 20 %\" \/>\n<meta property=\"og:url\" content=\"https:\/\/miumjau.ee\/lv\/produkts\/dabigas-piles-filejas-stremeles-frigera-100-g\/\" \/>\n<meta property=\"og:site_name\" content=\"MiuMjau\" \/>\n<meta property=\"article:publisher\" content=\"https:\/\/www.facebook.com\/miumjaupood\/\" \/>\n<meta property=\"article:modified_time\" content=\"2026-01-07T19:20:17+00:00\" \/>\n<meta property=\"og:image\" content=\"https:\/\/miumjau.ee\/wp-content\/uploads\/2025\/05\/frigera-koerte-maius-pardifilee-Photoroom.jpg\" \/>\n\t<meta property=\"og:image:width\" content=\"600\" \/>\n\t<meta property=\"og:image:height\" content=\"800\" \/>\n\t<meta property=\"og:image:type\" content=\"image\/jpeg\" \/>\n<meta name=\"twitter:card\" content=\"summary_large_image\" \/>\n<script type=\"application\/ld+json\" class=\"yoast-schema-graph\">{\"@context\":\"https:\/\/schema.org\",\"@graph\":[{\"@type\":\"WebPage\",\"@id\":\"https:\/\/miumjau.ee\/lv\/produkts\/dabigas-piles-filejas-stremeles-frigera-100-g\/\",\"url\":\"https:\/\/miumjau.ee\/lv\/produkts\/dabigas-piles-filejas-stremeles-frigera-100-g\/\",\"name\":\"Dab\u012bgas p\u012bles filejas str\u0113meles Frigera 100 g - MiuMjau\",\"isPartOf\":{\"@id\":\"https:\/\/miumjau.ee\/#website\"},\"primaryImageOfPage\":{\"@id\":\"https:\/\/miumjau.ee\/lv\/produkts\/dabigas-piles-filejas-stremeles-frigera-100-g\/#primaryimage\"},\"image\":{\"@id\":\"https:\/\/miumjau.ee\/lv\/produkts\/dabigas-piles-filejas-stremeles-frigera-100-g\/#primaryimage\"},\"thumbnailUrl\":\"https:\/\/miumjau.ee\/wp-content\/uploads\/2025\/05\/frigera-koerte-maius-pardifilee-Photoroom.jpg\",\"datePublished\":\"2025-05-29T06:18:37+00:00\",\"dateModified\":\"2026-01-07T19:20:17+00:00\",\"breadcrumb\":{\"@id\":\"https:\/\/miumjau.ee\/lv\/produkts\/dabigas-piles-filejas-stremeles-frigera-100-g\/#breadcrumb\"},\"inLanguage\":\"lv-LV\",\"potentialAction\":[{\"@type\":\"ReadAction\",\"target\":[\"https:\/\/miumjau.ee\/lv\/produkts\/dabigas-piles-filejas-stremeles-frigera-100-g\/\"]}]},{\"@type\":\"ImageObject\",\"inLanguage\":\"lv-LV\",\"@id\":\"https:\/\/miumjau.ee\/lv\/produkts\/dabigas-piles-filejas-stremeles-frigera-100-g\/#primaryimage\",\"url\":\"https:\/\/miumjau.ee\/wp-content\/uploads\/2025\/05\/frigera-koerte-maius-pardifilee-Photoroom.jpg\",\"contentUrl\":\"https:\/\/miumjau.ee\/wp-content\/uploads\/2025\/05\/frigera-koerte-maius-pardifilee-Photoroom.jpg\",\"width\":600,\"height\":800},{\"@type\":\"BreadcrumbList\",\"@id\":\"https:\/\/miumjau.ee\/lv\/produkts\/dabigas-piles-filejas-stremeles-frigera-100-g\/#breadcrumb\",\"itemListElement\":[{\"@type\":\"ListItem\",\"position\":1,\"name\":\"Home\",\"item\":\"https:\/\/miumjau.ee\/lv\/\"},{\"@type\":\"ListItem\",\"position\":2,\"name\":\"Veikals\",\"item\":\"https:\/\/miumjau.ee\/lv\/veikals\/\"},{\"@type\":\"ListItem\",\"position\":3,\"name\":\"Dab\u012bgas p\u012bles filejas str\u0113meles Frigera 100 g\"}]},{\"@type\":\"WebSite\",\"@id\":\"https:\/\/miumjau.ee\/#website\",\"url\":\"https:\/\/miumjau.ee\/\",\"name\":\"MiuMjau\",\"description\":\"Kraapimispuud kassidele\",\"publisher\":{\"@id\":\"https:\/\/miumjau.ee\/#organization\"},\"potentialAction\":[{\"@type\":\"SearchAction\",\"target\":{\"@type\":\"EntryPoint\",\"urlTemplate\":\"https:\/\/miumjau.ee\/?s={search_term_string}\"},\"query-input\":{\"@type\":\"PropertyValueSpecification\",\"valueRequired\":true,\"valueName\":\"search_term_string\"}}],\"inLanguage\":\"lv-LV\"},{\"@type\":\"Organization\",\"@id\":\"https:\/\/miumjau.ee\/#organization\",\"name\":\"MiuMjau O\u00dc\",\"url\":\"https:\/\/miumjau.ee\/\",\"logo\":{\"@type\":\"ImageObject\",\"inLanguage\":\"lv-LV\",\"@id\":\"https:\/\/miumjau.ee\/#\/schema\/logo\/image\/\",\"url\":\"https:\/\/miumjau.ee\/wp-content\/uploads\/2022\/04\/MiuMjau-logo-kollane.png\",\"contentUrl\":\"https:\/\/miumjau.ee\/wp-content\/uploads\/2022\/04\/MiuMjau-logo-kollane.png\",\"width\":219,\"height\":100,\"caption\":\"MiuMjau O\u00dc\"},\"image\":{\"@id\":\"https:\/\/miumjau.ee\/#\/schema\/logo\/image\/\"},\"sameAs\":[\"https:\/\/www.facebook.com\/miumjaupood\/\"]}]}<\/script>\n<!-- \/ Yoast SEO plugin. -->","yoast_head_json":{"title":"Dab\u012bgas p\u012bles filejas str\u0113meles Frigera 100 g - MiuMjau","robots":{"index":"index","follow":"follow","max-snippet":"max-snippet:-1","max-image-preview":"max-image-preview:large","max-video-preview":"max-video-preview:-1"},"canonical":"https:\/\/miumjau.ee\/lv\/produkts\/dabigas-piles-filejas-stremeles-frigera-100-g\/","og_locale":"lv_LV","og_type":"article","og_title":"Dab\u012bgas p\u012bles filejas str\u0113meles Frigera 100 g - MiuMjau","og_description":"Vai esi gatavs padar\u012bt sava su\u0146a na\u0161\u0137o\u0161anas laiku par dienas lab\u0101ko br\u012bdi? Iepaz\u012bstin\u0101m ar friGERA p\u012bles filejas str\u0113mel\u0113m \u2013 katrs kumoss ir gar\u0161as piedz\u012bvojums j\u016bsu m\u012b\u013cajam m\u012blulim! Izgatavotas no r\u016bp\u012bgi atlas\u012btas br\u012bv\u0101s audz\u0113\u0161anas p\u012bles, katra \u0161\u0137\u0113le saglab\u0101 savu dabisko gar\u0161u un uzturv\u0113rt\u012bbu. \u0160ie gardie filejas gabali\u0146i ir ne tikai gar\u0161\u012bgi, bet ar\u012b bag\u0101ti ar olbaltumviel\u0101m, kas atbalsta su\u0146a musku\u013cu att\u012bst\u012bbu un visp\u0101r\u0113jo labsaj\u016btu. Vai tas b\u016btu k\u0101 balva treni\u0146a laik\u0101 vai vienk\u0101r\u0161i k\u0101 gardums \u2013 friGERA p\u012bles fileja liks sunim priec\u012bgi vizgot asti. Iepakots \u0113rt\u0101 maisi\u0146\u0101, nodro\u0161inot svaigumu katr\u0101 porcij\u0101. J\u016bs varat b\u016bt p\u0101rliecin\u0101ts, ka pied\u0101v\u0101jat savam \u010detrk\u0101jainajam draugam tikai lab\u0101ko. Sast\u0101vs: P\u012bles fileja 91,5 %, Glicer\u012bns, Modific\u0113ts kukur\u016bzas ciete, Sorbitols Lieto\u0161anas instrukcija: Dod starp \u0113dienreiz\u0113m k\u0101 na\u0161\u0137i vai balvu k\u0101 sabalans\u0113ta uztura da\u013cu. Vienm\u0113r uzraugi suni ko\u0161\u013c\u0101jot. Vienm\u0113r nodro\u0161ini svaigu \u016bdeni. Nav paredz\u0113ts cilv\u0113kiem. Anal\u012btiskais sast\u0101vs: Olbaltumvielas 45 %, Tauki 2 %, Pelni 1,5 %, \u0160\u0137iedras 2 %, Mitrums 20 %","og_url":"https:\/\/miumjau.ee\/lv\/produkts\/dabigas-piles-filejas-stremeles-frigera-100-g\/","og_site_name":"MiuMjau","article_publisher":"https:\/\/www.facebook.com\/miumjaupood\/","article_modified_time":"2026-01-07T19:20:17+00:00","og_image":[{"width":600,"height":800,"url":"https:\/\/miumjau.ee\/wp-content\/uploads\/2025\/05\/frigera-koerte-maius-pardifilee-Photoroom.jpg","type":"image\/jpeg"}],"twitter_card":"summary_large_image","schema":{"@context":"https:\/\/schema.org","@graph":[{"@type":"WebPage","@id":"https:\/\/miumjau.ee\/lv\/produkts\/dabigas-piles-filejas-stremeles-frigera-100-g\/","url":"https:\/\/miumjau.ee\/lv\/produkts\/dabigas-piles-filejas-stremeles-frigera-100-g\/","name":"Dab\u012bgas p\u012bles filejas str\u0113meles Frigera 100 g - MiuMjau","isPartOf":{"@id":"https:\/\/miumjau.ee\/#website"},"primaryImageOfPage":{"@id":"https:\/\/miumjau.ee\/lv\/produkts\/dabigas-piles-filejas-stremeles-frigera-100-g\/#primaryimage"},"image":{"@id":"https:\/\/miumjau.ee\/lv\/produkts\/dabigas-piles-filejas-stremeles-frigera-100-g\/#primaryimage"},"thumbnailUrl":"https:\/\/miumjau.ee\/wp-content\/uploads\/2025\/05\/frigera-koerte-maius-pardifilee-Photoroom.jpg","datePublished":"2025-05-29T06:18:37+00:00","dateModified":"2026-01-07T19:20:17+00:00","breadcrumb":{"@id":"https:\/\/miumjau.ee\/lv\/produkts\/dabigas-piles-filejas-stremeles-frigera-100-g\/#breadcrumb"},"inLanguage":"lv-LV","potentialAction":[{"@type":"ReadAction","target":["https:\/\/miumjau.ee\/lv\/produkts\/dabigas-piles-filejas-stremeles-frigera-100-g\/"]}]},{"@type":"ImageObject","inLanguage":"lv-LV","@id":"https:\/\/miumjau.ee\/lv\/produkts\/dabigas-piles-filejas-stremeles-frigera-100-g\/#primaryimage","url":"https:\/\/miumjau.ee\/wp-content\/uploads\/2025\/05\/frigera-koerte-maius-pardifilee-Photoroom.jpg","contentUrl":"https:\/\/miumjau.ee\/wp-content\/uploads\/2025\/05\/frigera-koerte-maius-pardifilee-Photoroom.jpg","width":600,"height":800},{"@type":"BreadcrumbList","@id":"https:\/\/miumjau.ee\/lv\/produkts\/dabigas-piles-filejas-stremeles-frigera-100-g\/#breadcrumb","itemListElement":[{"@type":"ListItem","position":1,"name":"Home","item":"https:\/\/miumjau.ee\/lv\/"},{"@type":"ListItem","position":2,"name":"Veikals","item":"https:\/\/miumjau.ee\/lv\/veikals\/"},{"@type":"ListItem","position":3,"name":"Dab\u012bgas p\u012bles filejas str\u0113meles Frigera 100 g"}]},{"@type":"WebSite","@id":"https:\/\/miumjau.ee\/#website","url":"https:\/\/miumjau.ee\/","name":"MiuMjau","description":"Kraapimispuud kassidele","publisher":{"@id":"https:\/\/miumjau.ee\/#organization"},"potentialAction":[{"@type":"SearchAction","target":{"@type":"EntryPoint","urlTemplate":"https:\/\/miumjau.ee\/?s={search_term_string}"},"query-input":{"@type":"PropertyValueSpecification","valueRequired":true,"valueName":"search_term_string"}}],"inLanguage":"lv-LV"},{"@type":"Organization","@id":"https:\/\/miumjau.ee\/#organization","name":"MiuMjau O\u00dc","url":"https:\/\/miumjau.ee\/","logo":{"@type":"ImageObject","inLanguage":"lv-LV","@id":"https:\/\/miumjau.ee\/#\/schema\/logo\/image\/","url":"https:\/\/miumjau.ee\/wp-content\/uploads\/2022\/04\/MiuMjau-logo-kollane.png","contentUrl":"https:\/\/miumjau.ee\/wp-content\/uploads\/2022\/04\/MiuMjau-logo-kollane.png","width":219,"height":100,"caption":"MiuMjau O\u00dc"},"image":{"@id":"https:\/\/miumjau.ee\/#\/schema\/logo\/image\/"},"sameAs":["https:\/\/www.facebook.com\/miumjaupood\/"]}]}},"_links":{"self":[{"href":"https:\/\/miumjau.ee\/lv\/wp-json\/wp\/v2\/product\/48050","targetHints":{"allow":["GET"]}}],"collection":[{"href":"https:\/\/miumjau.ee\/lv\/wp-json\/wp\/v2\/product"}],"about":[{"href":"https:\/\/miumjau.ee\/lv\/wp-json\/wp\/v2\/types\/product"}],"wp:featuredmedia":[{"embeddable":true,"href":"https:\/\/miumjau.ee\/lv\/wp-json\/wp\/v2\/media\/48048"}],"wp:attachment":[{"href":"https:\/\/miumjau.ee\/lv\/wp-json\/wp\/v2\/media?parent=48050"}],"wp:term":[{"taxonomy":"product_brand","embeddable":true,"href":"https:\/\/miumjau.ee\/lv\/wp-json\/wp\/v2\/product_brand?post=48050"},{"taxonomy":"product_cat","embeddable":true,"href":"https:\/\/miumjau.ee\/lv\/wp-json\/wp\/v2\/product_cat?post=48050"},{"taxonomy":"product_tag","embeddable":true,"href":"https:\/\/miumjau.ee\/lv\/wp-json\/wp\/v2\/product_tag?post=48050"}],"curies":[{"name":"wp","href":"https:\/\/api.w.org\/{rel}","templated":true}]}}