{"id":48044,"date":"2025-05-29T09:27:20","date_gmt":"2025-05-29T06:27:20","guid":{"rendered":"https:\/\/miumjau.ee\/toode\/zavetas-pusmikstas-vistas-filejas-stremeles-frigera-100-g\/"},"modified":"2026-01-07T21:20:17","modified_gmt":"2026-01-07T19:20:17","slug":"zavetas-pusmikstas-vistas-filejas-stremeles-frigera-100-g","status":"publish","type":"product","link":"https:\/\/miumjau.ee\/lv\/produkts\/zavetas-pusmikstas-vistas-filejas-stremeles-frigera-100-g\/","title":{"rendered":"\u017d\u0101v\u0113tas pusm\u012bkstas vistas filejas str\u0113meles Frigera 100 g"},"content":{"rendered":"","protected":false},"excerpt":{"rendered":"<p data-start=\"2862\" data-end=\"3059\">Vai esi gatavs padar\u012bt sava su\u0146a na\u0161\u0137o\u0161anas laiku par dienas lab\u0101ko br\u012bdi? Iepaz\u012bstin\u0101m ar friGERA vistas filejas str\u0113mel\u0113m \u2013 katrs kumoss ir gar\u0161as un uzturvielu spr\u0101dziens j\u016bsu m\u012b\u013cajam m\u012blulim!<\/p>\n<p data-start=\"3061\" data-end=\"3326\">Izgatavotas no augst\u0101k\u0101s kvalit\u0101tes vistas, katra str\u0113meles tiek saudz\u012bgi apstr\u0101d\u0101ta, lai saglab\u0101tu t\u0101s dabisko gar\u0161u un uzturv\u0113rt\u012bbu. \u0160ie gardie na\u0161\u0137i nav tikai gar\u0161\u012bgi, bet ar\u012b bag\u0101ti ar olbaltumviel\u0101m, kas atbalsta su\u0146a musku\u013cu att\u012bst\u012bbu un visp\u0101r\u0113jo vesel\u012bbu.<\/p>\n<p data-start=\"3328\" data-end=\"3638\">Neatkar\u012bgi no t\u0101, vai tas ir ilg\u0101k notur\u012bgs balvas variants treni\u0146a laik\u0101 vai vienk\u0101r\u0161i gardais na\u0161\u0137is, friGERA vistas filejas str\u0113meles liek sunim priec\u012bgi vizgot asti. \u0112rt\u0101s porcij\u0101s un cie\u0161i nosl\u0113gt\u0101 iepakojum\u0101 \u2013 svaigs un \u0113rts jebkur\u0101 laik\u0101. Un pats svar\u012bg\u0101kais \u2013 bez m\u0101ksl\u012bg\u0101m piedev\u0101m un konservantiem.<\/p>\n<p data-start=\"3640\" data-end=\"3768\">Atl\u012bdzini savu suni ar prieka br\u012bdi \u2013 friGERA vistas filejas str\u0113meles, jo katrs kop\u0101 pavad\u012btais br\u012bdis pelna gardu atl\u012bdz\u012bbu!<\/p>\n<p data-start=\"3770\" data-end=\"3851\">Sast\u0101vs: Vistas fileja 94,5 %, Glicer\u012bns, Modific\u0113ts kukur\u016bzas ciete, Sorbitols<\/p>\n<p data-start=\"3853\" data-end=\"4035\">Lieto\u0161anas instrukcija: Dod starp \u0113dienreiz\u0113m k\u0101 na\u0161\u0137i vai balvu k\u0101 sabalans\u0113ta uztura da\u013cu. Vienm\u0113r uzraugi suni ko\u0161\u013c\u0101jot. Vienm\u0113r nodro\u0161ini svaigu \u016bdeni. Nav paredz\u0113ts cilv\u0113kiem.<\/p>\n<p data-start=\"4037\" data-end=\"4132\">Anal\u012btiskais sast\u0101vs: Olbaltumvielas 16 %, Tauki 2,2 %, Pelni 4 %, \u0160\u0137iedras 2 %, Mitrums 18 %<\/p>\n","protected":false},"featured_media":48041,"template":"","meta":[],"product_brand":[],"product_cat":[573,576],"product_tag":[],"class_list":{"0":"post-48044","1":"product","2":"type-product","3":"status-publish","4":"has-post-thumbnail","6":"product_cat-kaup24-lv","7":"product_cat-naski-suniem","9":"first","10":"instock","11":"taxable","12":"shipping-taxable","13":"purchasable","14":"product-type-simple"},"yoast_head":"<!-- This site is optimized with the Yoast SEO plugin v27.4 - https:\/\/yoast.com\/product\/yoast-seo-wordpress\/ -->\n<title>\u017d\u0101v\u0113tas pusm\u012bkstas vistas filejas str\u0113meles Frigera 100 g - MiuMjau<\/title>\n<meta name=\"robots\" content=\"index, follow, max-snippet:-1, max-image-preview:large, max-video-preview:-1\" \/>\n<link rel=\"canonical\" href=\"https:\/\/miumjau.ee\/lv\/produkts\/zavetas-pusmikstas-vistas-filejas-stremeles-frigera-100-g\/\" \/>\n<meta property=\"og:locale\" content=\"lv_LV\" \/>\n<meta property=\"og:type\" content=\"article\" \/>\n<meta property=\"og:title\" content=\"\u017d\u0101v\u0113tas pusm\u012bkstas vistas filejas str\u0113meles Frigera 100 g - MiuMjau\" \/>\n<meta property=\"og:description\" content=\"Vai esi gatavs padar\u012bt sava su\u0146a na\u0161\u0137o\u0161anas laiku par dienas lab\u0101ko br\u012bdi? Iepaz\u012bstin\u0101m ar friGERA vistas filejas str\u0113mel\u0113m \u2013 katrs kumoss ir gar\u0161as un uzturvielu spr\u0101dziens j\u016bsu m\u012b\u013cajam m\u012blulim! Izgatavotas no augst\u0101k\u0101s kvalit\u0101tes vistas, katra str\u0113meles tiek saudz\u012bgi apstr\u0101d\u0101ta, lai saglab\u0101tu t\u0101s dabisko gar\u0161u un uzturv\u0113rt\u012bbu. \u0160ie gardie na\u0161\u0137i nav tikai gar\u0161\u012bgi, bet ar\u012b bag\u0101ti ar olbaltumviel\u0101m, kas atbalsta su\u0146a musku\u013cu att\u012bst\u012bbu un visp\u0101r\u0113jo vesel\u012bbu. Neatkar\u012bgi no t\u0101, vai tas ir ilg\u0101k notur\u012bgs balvas variants treni\u0146a laik\u0101 vai vienk\u0101r\u0161i gardais na\u0161\u0137is, friGERA vistas filejas str\u0113meles liek sunim priec\u012bgi vizgot asti. \u0112rt\u0101s porcij\u0101s un cie\u0161i nosl\u0113gt\u0101 iepakojum\u0101 \u2013 svaigs un \u0113rts jebkur\u0101 laik\u0101. Un pats svar\u012bg\u0101kais \u2013 bez m\u0101ksl\u012bg\u0101m piedev\u0101m un konservantiem. Atl\u012bdzini savu suni ar prieka br\u012bdi \u2013 friGERA vistas filejas str\u0113meles, jo katrs kop\u0101 pavad\u012btais br\u012bdis pelna gardu atl\u012bdz\u012bbu! Sast\u0101vs: Vistas fileja 94,5 %, Glicer\u012bns, Modific\u0113ts kukur\u016bzas ciete, Sorbitols Lieto\u0161anas instrukcija: Dod starp \u0113dienreiz\u0113m k\u0101 na\u0161\u0137i vai balvu k\u0101 sabalans\u0113ta uztura da\u013cu. Vienm\u0113r uzraugi suni ko\u0161\u013c\u0101jot. Vienm\u0113r nodro\u0161ini svaigu \u016bdeni. Nav paredz\u0113ts cilv\u0113kiem. Anal\u012btiskais sast\u0101vs: Olbaltumvielas 16 %, Tauki 2,2 %, Pelni 4 %, \u0160\u0137iedras 2 %, Mitrums 18 %\" \/>\n<meta property=\"og:url\" content=\"https:\/\/miumjau.ee\/lv\/produkts\/zavetas-pusmikstas-vistas-filejas-stremeles-frigera-100-g\/\" \/>\n<meta property=\"og:site_name\" content=\"MiuMjau\" \/>\n<meta property=\"article:publisher\" content=\"https:\/\/www.facebook.com\/miumjaupood\/\" \/>\n<meta property=\"article:modified_time\" content=\"2026-01-07T19:20:17+00:00\" \/>\n<meta property=\"og:image\" content=\"https:\/\/miumjau.ee\/wp-content\/uploads\/2025\/05\/frigera-koerte-maius-kana-ribad-Photoroom.jpg\" \/>\n\t<meta property=\"og:image:width\" content=\"600\" \/>\n\t<meta property=\"og:image:height\" content=\"800\" \/>\n\t<meta property=\"og:image:type\" content=\"image\/jpeg\" \/>\n<meta name=\"twitter:card\" content=\"summary_large_image\" \/>\n<script type=\"application\/ld+json\" class=\"yoast-schema-graph\">{\"@context\":\"https:\\\/\\\/schema.org\",\"@graph\":[{\"@type\":\"WebPage\",\"@id\":\"https:\\\/\\\/miumjau.ee\\\/lv\\\/produkts\\\/zavetas-pusmikstas-vistas-filejas-stremeles-frigera-100-g\\\/\",\"url\":\"https:\\\/\\\/miumjau.ee\\\/lv\\\/produkts\\\/zavetas-pusmikstas-vistas-filejas-stremeles-frigera-100-g\\\/\",\"name\":\"\u017d\u0101v\u0113tas pusm\u012bkstas vistas filejas str\u0113meles Frigera 100 g - MiuMjau\",\"isPartOf\":{\"@id\":\"https:\\\/\\\/miumjau.ee\\\/#website\"},\"primaryImageOfPage\":{\"@id\":\"https:\\\/\\\/miumjau.ee\\\/lv\\\/produkts\\\/zavetas-pusmikstas-vistas-filejas-stremeles-frigera-100-g\\\/#primaryimage\"},\"image\":{\"@id\":\"https:\\\/\\\/miumjau.ee\\\/lv\\\/produkts\\\/zavetas-pusmikstas-vistas-filejas-stremeles-frigera-100-g\\\/#primaryimage\"},\"thumbnailUrl\":\"https:\\\/\\\/miumjau.ee\\\/wp-content\\\/uploads\\\/2025\\\/05\\\/frigera-koerte-maius-kana-ribad-Photoroom.jpg\",\"datePublished\":\"2025-05-29T06:27:20+00:00\",\"dateModified\":\"2026-01-07T19:20:17+00:00\",\"breadcrumb\":{\"@id\":\"https:\\\/\\\/miumjau.ee\\\/lv\\\/produkts\\\/zavetas-pusmikstas-vistas-filejas-stremeles-frigera-100-g\\\/#breadcrumb\"},\"inLanguage\":\"lv-LV\",\"potentialAction\":[{\"@type\":\"ReadAction\",\"target\":[\"https:\\\/\\\/miumjau.ee\\\/lv\\\/produkts\\\/zavetas-pusmikstas-vistas-filejas-stremeles-frigera-100-g\\\/\"]}]},{\"@type\":\"ImageObject\",\"inLanguage\":\"lv-LV\",\"@id\":\"https:\\\/\\\/miumjau.ee\\\/lv\\\/produkts\\\/zavetas-pusmikstas-vistas-filejas-stremeles-frigera-100-g\\\/#primaryimage\",\"url\":\"https:\\\/\\\/miumjau.ee\\\/wp-content\\\/uploads\\\/2025\\\/05\\\/frigera-koerte-maius-kana-ribad-Photoroom.jpg\",\"contentUrl\":\"https:\\\/\\\/miumjau.ee\\\/wp-content\\\/uploads\\\/2025\\\/05\\\/frigera-koerte-maius-kana-ribad-Photoroom.jpg\",\"width\":600,\"height\":800},{\"@type\":\"BreadcrumbList\",\"@id\":\"https:\\\/\\\/miumjau.ee\\\/lv\\\/produkts\\\/zavetas-pusmikstas-vistas-filejas-stremeles-frigera-100-g\\\/#breadcrumb\",\"itemListElement\":[{\"@type\":\"ListItem\",\"position\":1,\"name\":\"Home\",\"item\":\"https:\\\/\\\/miumjau.ee\\\/lv\\\/\"},{\"@type\":\"ListItem\",\"position\":2,\"name\":\"Veikals\",\"item\":\"https:\\\/\\\/miumjau.ee\\\/lv\\\/veikals\\\/\"},{\"@type\":\"ListItem\",\"position\":3,\"name\":\"\u017d\u0101v\u0113tas pusm\u012bkstas vistas filejas str\u0113meles Frigera 100 g\"}]},{\"@type\":\"WebSite\",\"@id\":\"https:\\\/\\\/miumjau.ee\\\/#website\",\"url\":\"https:\\\/\\\/miumjau.ee\\\/\",\"name\":\"MiuMjau\",\"description\":\"Kraapimispuud kassidele\",\"publisher\":{\"@id\":\"https:\\\/\\\/miumjau.ee\\\/#organization\"},\"potentialAction\":[{\"@type\":\"SearchAction\",\"target\":{\"@type\":\"EntryPoint\",\"urlTemplate\":\"https:\\\/\\\/miumjau.ee\\\/?s={search_term_string}\"},\"query-input\":{\"@type\":\"PropertyValueSpecification\",\"valueRequired\":true,\"valueName\":\"search_term_string\"}}],\"inLanguage\":\"lv-LV\"},{\"@type\":\"Organization\",\"@id\":\"https:\\\/\\\/miumjau.ee\\\/#organization\",\"name\":\"MiuMjau O\u00dc\",\"url\":\"https:\\\/\\\/miumjau.ee\\\/\",\"logo\":{\"@type\":\"ImageObject\",\"inLanguage\":\"lv-LV\",\"@id\":\"https:\\\/\\\/miumjau.ee\\\/#\\\/schema\\\/logo\\\/image\\\/\",\"url\":\"https:\\\/\\\/miumjau.ee\\\/wp-content\\\/uploads\\\/2022\\\/04\\\/MiuMjau-logo-kollane.png\",\"contentUrl\":\"https:\\\/\\\/miumjau.ee\\\/wp-content\\\/uploads\\\/2022\\\/04\\\/MiuMjau-logo-kollane.png\",\"width\":219,\"height\":100,\"caption\":\"MiuMjau O\u00dc\"},\"image\":{\"@id\":\"https:\\\/\\\/miumjau.ee\\\/#\\\/schema\\\/logo\\\/image\\\/\"},\"sameAs\":[\"https:\\\/\\\/www.facebook.com\\\/miumjaupood\\\/\"]}]}<\/script>\n<!-- \/ Yoast SEO plugin. -->","yoast_head_json":{"title":"\u017d\u0101v\u0113tas pusm\u012bkstas vistas filejas str\u0113meles Frigera 100 g - MiuMjau","robots":{"index":"index","follow":"follow","max-snippet":"max-snippet:-1","max-image-preview":"max-image-preview:large","max-video-preview":"max-video-preview:-1"},"canonical":"https:\/\/miumjau.ee\/lv\/produkts\/zavetas-pusmikstas-vistas-filejas-stremeles-frigera-100-g\/","og_locale":"lv_LV","og_type":"article","og_title":"\u017d\u0101v\u0113tas pusm\u012bkstas vistas filejas str\u0113meles Frigera 100 g - MiuMjau","og_description":"Vai esi gatavs padar\u012bt sava su\u0146a na\u0161\u0137o\u0161anas laiku par dienas lab\u0101ko br\u012bdi? Iepaz\u012bstin\u0101m ar friGERA vistas filejas str\u0113mel\u0113m \u2013 katrs kumoss ir gar\u0161as un uzturvielu spr\u0101dziens j\u016bsu m\u012b\u013cajam m\u012blulim! Izgatavotas no augst\u0101k\u0101s kvalit\u0101tes vistas, katra str\u0113meles tiek saudz\u012bgi apstr\u0101d\u0101ta, lai saglab\u0101tu t\u0101s dabisko gar\u0161u un uzturv\u0113rt\u012bbu. \u0160ie gardie na\u0161\u0137i nav tikai gar\u0161\u012bgi, bet ar\u012b bag\u0101ti ar olbaltumviel\u0101m, kas atbalsta su\u0146a musku\u013cu att\u012bst\u012bbu un visp\u0101r\u0113jo vesel\u012bbu. Neatkar\u012bgi no t\u0101, vai tas ir ilg\u0101k notur\u012bgs balvas variants treni\u0146a laik\u0101 vai vienk\u0101r\u0161i gardais na\u0161\u0137is, friGERA vistas filejas str\u0113meles liek sunim priec\u012bgi vizgot asti. \u0112rt\u0101s porcij\u0101s un cie\u0161i nosl\u0113gt\u0101 iepakojum\u0101 \u2013 svaigs un \u0113rts jebkur\u0101 laik\u0101. Un pats svar\u012bg\u0101kais \u2013 bez m\u0101ksl\u012bg\u0101m piedev\u0101m un konservantiem. Atl\u012bdzini savu suni ar prieka br\u012bdi \u2013 friGERA vistas filejas str\u0113meles, jo katrs kop\u0101 pavad\u012btais br\u012bdis pelna gardu atl\u012bdz\u012bbu! Sast\u0101vs: Vistas fileja 94,5 %, Glicer\u012bns, Modific\u0113ts kukur\u016bzas ciete, Sorbitols Lieto\u0161anas instrukcija: Dod starp \u0113dienreiz\u0113m k\u0101 na\u0161\u0137i vai balvu k\u0101 sabalans\u0113ta uztura da\u013cu. Vienm\u0113r uzraugi suni ko\u0161\u013c\u0101jot. Vienm\u0113r nodro\u0161ini svaigu \u016bdeni. Nav paredz\u0113ts cilv\u0113kiem. Anal\u012btiskais sast\u0101vs: Olbaltumvielas 16 %, Tauki 2,2 %, Pelni 4 %, \u0160\u0137iedras 2 %, Mitrums 18 %","og_url":"https:\/\/miumjau.ee\/lv\/produkts\/zavetas-pusmikstas-vistas-filejas-stremeles-frigera-100-g\/","og_site_name":"MiuMjau","article_publisher":"https:\/\/www.facebook.com\/miumjaupood\/","article_modified_time":"2026-01-07T19:20:17+00:00","og_image":[{"width":600,"height":800,"url":"https:\/\/miumjau.ee\/wp-content\/uploads\/2025\/05\/frigera-koerte-maius-kana-ribad-Photoroom.jpg","type":"image\/jpeg"}],"twitter_card":"summary_large_image","schema":{"@context":"https:\/\/schema.org","@graph":[{"@type":"WebPage","@id":"https:\/\/miumjau.ee\/lv\/produkts\/zavetas-pusmikstas-vistas-filejas-stremeles-frigera-100-g\/","url":"https:\/\/miumjau.ee\/lv\/produkts\/zavetas-pusmikstas-vistas-filejas-stremeles-frigera-100-g\/","name":"\u017d\u0101v\u0113tas pusm\u012bkstas vistas filejas str\u0113meles Frigera 100 g - MiuMjau","isPartOf":{"@id":"https:\/\/miumjau.ee\/#website"},"primaryImageOfPage":{"@id":"https:\/\/miumjau.ee\/lv\/produkts\/zavetas-pusmikstas-vistas-filejas-stremeles-frigera-100-g\/#primaryimage"},"image":{"@id":"https:\/\/miumjau.ee\/lv\/produkts\/zavetas-pusmikstas-vistas-filejas-stremeles-frigera-100-g\/#primaryimage"},"thumbnailUrl":"https:\/\/miumjau.ee\/wp-content\/uploads\/2025\/05\/frigera-koerte-maius-kana-ribad-Photoroom.jpg","datePublished":"2025-05-29T06:27:20+00:00","dateModified":"2026-01-07T19:20:17+00:00","breadcrumb":{"@id":"https:\/\/miumjau.ee\/lv\/produkts\/zavetas-pusmikstas-vistas-filejas-stremeles-frigera-100-g\/#breadcrumb"},"inLanguage":"lv-LV","potentialAction":[{"@type":"ReadAction","target":["https:\/\/miumjau.ee\/lv\/produkts\/zavetas-pusmikstas-vistas-filejas-stremeles-frigera-100-g\/"]}]},{"@type":"ImageObject","inLanguage":"lv-LV","@id":"https:\/\/miumjau.ee\/lv\/produkts\/zavetas-pusmikstas-vistas-filejas-stremeles-frigera-100-g\/#primaryimage","url":"https:\/\/miumjau.ee\/wp-content\/uploads\/2025\/05\/frigera-koerte-maius-kana-ribad-Photoroom.jpg","contentUrl":"https:\/\/miumjau.ee\/wp-content\/uploads\/2025\/05\/frigera-koerte-maius-kana-ribad-Photoroom.jpg","width":600,"height":800},{"@type":"BreadcrumbList","@id":"https:\/\/miumjau.ee\/lv\/produkts\/zavetas-pusmikstas-vistas-filejas-stremeles-frigera-100-g\/#breadcrumb","itemListElement":[{"@type":"ListItem","position":1,"name":"Home","item":"https:\/\/miumjau.ee\/lv\/"},{"@type":"ListItem","position":2,"name":"Veikals","item":"https:\/\/miumjau.ee\/lv\/veikals\/"},{"@type":"ListItem","position":3,"name":"\u017d\u0101v\u0113tas pusm\u012bkstas vistas filejas str\u0113meles Frigera 100 g"}]},{"@type":"WebSite","@id":"https:\/\/miumjau.ee\/#website","url":"https:\/\/miumjau.ee\/","name":"MiuMjau","description":"Kraapimispuud kassidele","publisher":{"@id":"https:\/\/miumjau.ee\/#organization"},"potentialAction":[{"@type":"SearchAction","target":{"@type":"EntryPoint","urlTemplate":"https:\/\/miumjau.ee\/?s={search_term_string}"},"query-input":{"@type":"PropertyValueSpecification","valueRequired":true,"valueName":"search_term_string"}}],"inLanguage":"lv-LV"},{"@type":"Organization","@id":"https:\/\/miumjau.ee\/#organization","name":"MiuMjau O\u00dc","url":"https:\/\/miumjau.ee\/","logo":{"@type":"ImageObject","inLanguage":"lv-LV","@id":"https:\/\/miumjau.ee\/#\/schema\/logo\/image\/","url":"https:\/\/miumjau.ee\/wp-content\/uploads\/2022\/04\/MiuMjau-logo-kollane.png","contentUrl":"https:\/\/miumjau.ee\/wp-content\/uploads\/2022\/04\/MiuMjau-logo-kollane.png","width":219,"height":100,"caption":"MiuMjau O\u00dc"},"image":{"@id":"https:\/\/miumjau.ee\/#\/schema\/logo\/image\/"},"sameAs":["https:\/\/www.facebook.com\/miumjaupood\/"]}]}},"_links":{"self":[{"href":"https:\/\/miumjau.ee\/lv\/wp-json\/wp\/v2\/product\/48044","targetHints":{"allow":["GET"]}}],"collection":[{"href":"https:\/\/miumjau.ee\/lv\/wp-json\/wp\/v2\/product"}],"about":[{"href":"https:\/\/miumjau.ee\/lv\/wp-json\/wp\/v2\/types\/product"}],"wp:featuredmedia":[{"embeddable":true,"href":"https:\/\/miumjau.ee\/lv\/wp-json\/wp\/v2\/media\/48041"}],"wp:attachment":[{"href":"https:\/\/miumjau.ee\/lv\/wp-json\/wp\/v2\/media?parent=48044"}],"wp:term":[{"taxonomy":"product_brand","embeddable":true,"href":"https:\/\/miumjau.ee\/lv\/wp-json\/wp\/v2\/product_brand?post=48044"},{"taxonomy":"product_cat","embeddable":true,"href":"https:\/\/miumjau.ee\/lv\/wp-json\/wp\/v2\/product_cat?post=48044"},{"taxonomy":"product_tag","embeddable":true,"href":"https:\/\/miumjau.ee\/lv\/wp-json\/wp\/v2\/product_tag?post=48044"}],"curies":[{"name":"wp","href":"https:\/\/api.w.org\/{rel}","templated":true}]}}