{"id":48037,"date":"2025-05-29T09:33:38","date_gmt":"2025-05-29T06:33:38","guid":{"rendered":"https:\/\/miumjau.ee\/toode\/kalcija-kauli-ar-vistu-frigera-100-g\/"},"modified":"2026-01-07T21:20:17","modified_gmt":"2026-01-07T19:20:17","slug":"kalcija-kauli-ar-vistu-frigera-100-g","status":"publish","type":"product","link":"https:\/\/miumjau.ee\/lv\/produkts\/kalcija-kauli-ar-vistu-frigera-100-g\/","title":{"rendered":"Kalcija kauli ar vistu Frigera 100 g"},"content":{"rendered":"","protected":false},"excerpt":{"rendered":"<p data-start=\"3026\" data-end=\"3229\">Kas b\u016btu, ja tava su\u0146a na\u0161\u0137is k\u013c\u016btu par visu su\u0146u parka sarunu t\u0113mu? Iepaz\u012bstin\u0101m ar friGERA kalcija kauliem ar vistu \u2013 ide\u0101ls na\u0161\u0137is, kas apvieno gar\u0161u, uzturv\u0113rt\u012bbu un zobu apr\u016bpi vien\u0101 gard\u0101 kumos\u0101!<\/p>\n<p data-start=\"3231\" data-end=\"3585\">Izgatavots no kvalitat\u012bvas vistas, veidots cepumveida kauli\u0146os. \u0160ie s\u0101\u013cie na\u0161\u0137i ir paredz\u0113ti, lai atbalst\u012btu stiprus zobus un smaganas. Ar krauk\u0161\u0137\u012bgu un nedaudz elast\u012bgu tekst\u016bru tie pal\u012bdz uztur\u0113t su\u0146a mutes vesel\u012bbu. Bag\u0101tin\u0101ti ar kalciju, \u0161ie kauli\u0146i ar\u012b atbalsta skeleta vesel\u012bbu, \u013caujot j\u016bsu p\u016bkainajam draugam ilgsto\u0161i palikt akt\u012bvam un kust\u012bgam.<\/p>\n<p data-start=\"3587\" data-end=\"3824\">Iepakoti atk\u0101rtoti aizveram\u0101 iepakojum\u0101, lai nodro\u0161in\u0101tu svaigumu katr\u0101 atv\u0113r\u0161an\u0101. Bez m\u0101ksl\u012bg\u0101m piedev\u0101m un konservantiem, j\u016bs varat b\u016bt p\u0101rliecin\u0101ti, ka friGERA kalcija kauli ar vistu nodro\u0161ina j\u016bsu m\u012blulim vesel\u012bgu un baud\u0101mu na\u0161\u0137i.<\/p>\n<p data-start=\"3826\" data-end=\"3970\">Pacel sava su\u0146a na\u0161\u0137o\u0161anas pieredzi jaun\u0101 l\u012bmen\u012b ar friGERA \u2013 jo katrs laim\u012bgs astes vicin\u0101jums pelna na\u0161\u0137i, kas ir gan uztur\u012bgs, gan gar\u0161\u012bgs!<\/p>\n<p data-start=\"3972\" data-end=\"4068\">Sast\u0101vs: Vista 32 %, Modific\u0113ts kukur\u016bzas ciete, Kalcija karbon\u0101ts, Glicer\u012bns, Sorbitols, S\u0101ls<\/p>\n<p data-start=\"4070\" data-end=\"4252\">Lieto\u0161anas instrukcija: Dod starp \u0113dienreiz\u0113m k\u0101 na\u0161\u0137i vai balvu k\u0101 sabalans\u0113ta uztura da\u013cu. Vienm\u0113r uzraugi suni ko\u0161\u013c\u0101jot. Vienm\u0113r nodro\u0161ini svaigu \u016bdeni. Nav paredz\u0113ts cilv\u0113kiem.<\/p>\n<p data-start=\"4254\" data-end=\"4349\">Anal\u012btiskais sast\u0101vs: Olbaltumvielas 16 %, Tauki 2,2 %, Pelni 4 %, \u0160\u0137iedras 2 %, Mitrums 18 %<\/p>\n","protected":false},"featured_media":48033,"template":"","meta":[],"product_brand":[],"product_cat":[573,576],"product_tag":[],"class_list":{"0":"post-48037","1":"product","2":"type-product","3":"status-publish","4":"has-post-thumbnail","6":"product_cat-kaup24-lv","7":"product_cat-naski-suniem","9":"first","10":"instock","11":"taxable","12":"shipping-taxable","13":"purchasable","14":"product-type-simple"},"yoast_head":"<!-- This site is optimized with the Yoast SEO plugin v27.4 - https:\/\/yoast.com\/product\/yoast-seo-wordpress\/ -->\n<title>Kalcija kauli ar vistu Frigera 100 g - MiuMjau<\/title>\n<meta name=\"robots\" content=\"index, follow, max-snippet:-1, max-image-preview:large, max-video-preview:-1\" \/>\n<link rel=\"canonical\" href=\"https:\/\/miumjau.ee\/lv\/produkts\/kalcija-kauli-ar-vistu-frigera-100-g\/\" \/>\n<meta property=\"og:locale\" content=\"lv_LV\" \/>\n<meta property=\"og:type\" content=\"article\" \/>\n<meta property=\"og:title\" content=\"Kalcija kauli ar vistu Frigera 100 g - MiuMjau\" \/>\n<meta property=\"og:description\" content=\"Kas b\u016btu, ja tava su\u0146a na\u0161\u0137is k\u013c\u016btu par visu su\u0146u parka sarunu t\u0113mu? Iepaz\u012bstin\u0101m ar friGERA kalcija kauliem ar vistu \u2013 ide\u0101ls na\u0161\u0137is, kas apvieno gar\u0161u, uzturv\u0113rt\u012bbu un zobu apr\u016bpi vien\u0101 gard\u0101 kumos\u0101! Izgatavots no kvalitat\u012bvas vistas, veidots cepumveida kauli\u0146os. \u0160ie s\u0101\u013cie na\u0161\u0137i ir paredz\u0113ti, lai atbalst\u012btu stiprus zobus un smaganas. Ar krauk\u0161\u0137\u012bgu un nedaudz elast\u012bgu tekst\u016bru tie pal\u012bdz uztur\u0113t su\u0146a mutes vesel\u012bbu. Bag\u0101tin\u0101ti ar kalciju, \u0161ie kauli\u0146i ar\u012b atbalsta skeleta vesel\u012bbu, \u013caujot j\u016bsu p\u016bkainajam draugam ilgsto\u0161i palikt akt\u012bvam un kust\u012bgam. Iepakoti atk\u0101rtoti aizveram\u0101 iepakojum\u0101, lai nodro\u0161in\u0101tu svaigumu katr\u0101 atv\u0113r\u0161an\u0101. Bez m\u0101ksl\u012bg\u0101m piedev\u0101m un konservantiem, j\u016bs varat b\u016bt p\u0101rliecin\u0101ti, ka friGERA kalcija kauli ar vistu nodro\u0161ina j\u016bsu m\u012blulim vesel\u012bgu un baud\u0101mu na\u0161\u0137i. Pacel sava su\u0146a na\u0161\u0137o\u0161anas pieredzi jaun\u0101 l\u012bmen\u012b ar friGERA \u2013 jo katrs laim\u012bgs astes vicin\u0101jums pelna na\u0161\u0137i, kas ir gan uztur\u012bgs, gan gar\u0161\u012bgs! Sast\u0101vs: Vista 32 %, Modific\u0113ts kukur\u016bzas ciete, Kalcija karbon\u0101ts, Glicer\u012bns, Sorbitols, S\u0101ls Lieto\u0161anas instrukcija: Dod starp \u0113dienreiz\u0113m k\u0101 na\u0161\u0137i vai balvu k\u0101 sabalans\u0113ta uztura da\u013cu. Vienm\u0113r uzraugi suni ko\u0161\u013c\u0101jot. Vienm\u0113r nodro\u0161ini svaigu \u016bdeni. Nav paredz\u0113ts cilv\u0113kiem. Anal\u012btiskais sast\u0101vs: Olbaltumvielas 16 %, Tauki 2,2 %, Pelni 4 %, \u0160\u0137iedras 2 %, Mitrums 18 %\" \/>\n<meta property=\"og:url\" content=\"https:\/\/miumjau.ee\/lv\/produkts\/kalcija-kauli-ar-vistu-frigera-100-g\/\" \/>\n<meta property=\"og:site_name\" content=\"MiuMjau\" \/>\n<meta property=\"article:publisher\" content=\"https:\/\/www.facebook.com\/miumjaupood\/\" \/>\n<meta property=\"article:modified_time\" content=\"2026-01-07T19:20:17+00:00\" \/>\n<meta property=\"og:image\" content=\"https:\/\/miumjau.ee\/wp-content\/uploads\/2025\/05\/frigera-koerte-maius-kaltsiumikondid-kanaga-Photoroom.jpg\" \/>\n\t<meta property=\"og:image:width\" content=\"600\" \/>\n\t<meta property=\"og:image:height\" content=\"800\" \/>\n\t<meta property=\"og:image:type\" content=\"image\/jpeg\" \/>\n<meta name=\"twitter:card\" content=\"summary_large_image\" \/>\n<script type=\"application\/ld+json\" class=\"yoast-schema-graph\">{\"@context\":\"https:\\\/\\\/schema.org\",\"@graph\":[{\"@type\":\"WebPage\",\"@id\":\"https:\\\/\\\/miumjau.ee\\\/lv\\\/produkts\\\/kalcija-kauli-ar-vistu-frigera-100-g\\\/\",\"url\":\"https:\\\/\\\/miumjau.ee\\\/lv\\\/produkts\\\/kalcija-kauli-ar-vistu-frigera-100-g\\\/\",\"name\":\"Kalcija kauli ar vistu Frigera 100 g - MiuMjau\",\"isPartOf\":{\"@id\":\"https:\\\/\\\/miumjau.ee\\\/#website\"},\"primaryImageOfPage\":{\"@id\":\"https:\\\/\\\/miumjau.ee\\\/lv\\\/produkts\\\/kalcija-kauli-ar-vistu-frigera-100-g\\\/#primaryimage\"},\"image\":{\"@id\":\"https:\\\/\\\/miumjau.ee\\\/lv\\\/produkts\\\/kalcija-kauli-ar-vistu-frigera-100-g\\\/#primaryimage\"},\"thumbnailUrl\":\"https:\\\/\\\/miumjau.ee\\\/wp-content\\\/uploads\\\/2025\\\/05\\\/frigera-koerte-maius-kaltsiumikondid-kanaga-Photoroom.jpg\",\"datePublished\":\"2025-05-29T06:33:38+00:00\",\"dateModified\":\"2026-01-07T19:20:17+00:00\",\"breadcrumb\":{\"@id\":\"https:\\\/\\\/miumjau.ee\\\/lv\\\/produkts\\\/kalcija-kauli-ar-vistu-frigera-100-g\\\/#breadcrumb\"},\"inLanguage\":\"lv-LV\",\"potentialAction\":[{\"@type\":\"ReadAction\",\"target\":[\"https:\\\/\\\/miumjau.ee\\\/lv\\\/produkts\\\/kalcija-kauli-ar-vistu-frigera-100-g\\\/\"]}]},{\"@type\":\"ImageObject\",\"inLanguage\":\"lv-LV\",\"@id\":\"https:\\\/\\\/miumjau.ee\\\/lv\\\/produkts\\\/kalcija-kauli-ar-vistu-frigera-100-g\\\/#primaryimage\",\"url\":\"https:\\\/\\\/miumjau.ee\\\/wp-content\\\/uploads\\\/2025\\\/05\\\/frigera-koerte-maius-kaltsiumikondid-kanaga-Photoroom.jpg\",\"contentUrl\":\"https:\\\/\\\/miumjau.ee\\\/wp-content\\\/uploads\\\/2025\\\/05\\\/frigera-koerte-maius-kaltsiumikondid-kanaga-Photoroom.jpg\",\"width\":600,\"height\":800},{\"@type\":\"BreadcrumbList\",\"@id\":\"https:\\\/\\\/miumjau.ee\\\/lv\\\/produkts\\\/kalcija-kauli-ar-vistu-frigera-100-g\\\/#breadcrumb\",\"itemListElement\":[{\"@type\":\"ListItem\",\"position\":1,\"name\":\"Home\",\"item\":\"https:\\\/\\\/miumjau.ee\\\/lv\\\/\"},{\"@type\":\"ListItem\",\"position\":2,\"name\":\"Veikals\",\"item\":\"https:\\\/\\\/miumjau.ee\\\/lv\\\/veikals\\\/\"},{\"@type\":\"ListItem\",\"position\":3,\"name\":\"Kalcija kauli ar vistu Frigera 100 g\"}]},{\"@type\":\"WebSite\",\"@id\":\"https:\\\/\\\/miumjau.ee\\\/#website\",\"url\":\"https:\\\/\\\/miumjau.ee\\\/\",\"name\":\"MiuMjau\",\"description\":\"Kraapimispuud kassidele\",\"publisher\":{\"@id\":\"https:\\\/\\\/miumjau.ee\\\/#organization\"},\"potentialAction\":[{\"@type\":\"SearchAction\",\"target\":{\"@type\":\"EntryPoint\",\"urlTemplate\":\"https:\\\/\\\/miumjau.ee\\\/?s={search_term_string}\"},\"query-input\":{\"@type\":\"PropertyValueSpecification\",\"valueRequired\":true,\"valueName\":\"search_term_string\"}}],\"inLanguage\":\"lv-LV\"},{\"@type\":\"Organization\",\"@id\":\"https:\\\/\\\/miumjau.ee\\\/#organization\",\"name\":\"MiuMjau O\u00dc\",\"url\":\"https:\\\/\\\/miumjau.ee\\\/\",\"logo\":{\"@type\":\"ImageObject\",\"inLanguage\":\"lv-LV\",\"@id\":\"https:\\\/\\\/miumjau.ee\\\/#\\\/schema\\\/logo\\\/image\\\/\",\"url\":\"https:\\\/\\\/miumjau.ee\\\/wp-content\\\/uploads\\\/2022\\\/04\\\/MiuMjau-logo-kollane.png\",\"contentUrl\":\"https:\\\/\\\/miumjau.ee\\\/wp-content\\\/uploads\\\/2022\\\/04\\\/MiuMjau-logo-kollane.png\",\"width\":219,\"height\":100,\"caption\":\"MiuMjau O\u00dc\"},\"image\":{\"@id\":\"https:\\\/\\\/miumjau.ee\\\/#\\\/schema\\\/logo\\\/image\\\/\"},\"sameAs\":[\"https:\\\/\\\/www.facebook.com\\\/miumjaupood\\\/\"]}]}<\/script>\n<!-- \/ Yoast SEO plugin. -->","yoast_head_json":{"title":"Kalcija kauli ar vistu Frigera 100 g - MiuMjau","robots":{"index":"index","follow":"follow","max-snippet":"max-snippet:-1","max-image-preview":"max-image-preview:large","max-video-preview":"max-video-preview:-1"},"canonical":"https:\/\/miumjau.ee\/lv\/produkts\/kalcija-kauli-ar-vistu-frigera-100-g\/","og_locale":"lv_LV","og_type":"article","og_title":"Kalcija kauli ar vistu Frigera 100 g - MiuMjau","og_description":"Kas b\u016btu, ja tava su\u0146a na\u0161\u0137is k\u013c\u016btu par visu su\u0146u parka sarunu t\u0113mu? Iepaz\u012bstin\u0101m ar friGERA kalcija kauliem ar vistu \u2013 ide\u0101ls na\u0161\u0137is, kas apvieno gar\u0161u, uzturv\u0113rt\u012bbu un zobu apr\u016bpi vien\u0101 gard\u0101 kumos\u0101! Izgatavots no kvalitat\u012bvas vistas, veidots cepumveida kauli\u0146os. \u0160ie s\u0101\u013cie na\u0161\u0137i ir paredz\u0113ti, lai atbalst\u012btu stiprus zobus un smaganas. Ar krauk\u0161\u0137\u012bgu un nedaudz elast\u012bgu tekst\u016bru tie pal\u012bdz uztur\u0113t su\u0146a mutes vesel\u012bbu. Bag\u0101tin\u0101ti ar kalciju, \u0161ie kauli\u0146i ar\u012b atbalsta skeleta vesel\u012bbu, \u013caujot j\u016bsu p\u016bkainajam draugam ilgsto\u0161i palikt akt\u012bvam un kust\u012bgam. Iepakoti atk\u0101rtoti aizveram\u0101 iepakojum\u0101, lai nodro\u0161in\u0101tu svaigumu katr\u0101 atv\u0113r\u0161an\u0101. Bez m\u0101ksl\u012bg\u0101m piedev\u0101m un konservantiem, j\u016bs varat b\u016bt p\u0101rliecin\u0101ti, ka friGERA kalcija kauli ar vistu nodro\u0161ina j\u016bsu m\u012blulim vesel\u012bgu un baud\u0101mu na\u0161\u0137i. Pacel sava su\u0146a na\u0161\u0137o\u0161anas pieredzi jaun\u0101 l\u012bmen\u012b ar friGERA \u2013 jo katrs laim\u012bgs astes vicin\u0101jums pelna na\u0161\u0137i, kas ir gan uztur\u012bgs, gan gar\u0161\u012bgs! Sast\u0101vs: Vista 32 %, Modific\u0113ts kukur\u016bzas ciete, Kalcija karbon\u0101ts, Glicer\u012bns, Sorbitols, S\u0101ls Lieto\u0161anas instrukcija: Dod starp \u0113dienreiz\u0113m k\u0101 na\u0161\u0137i vai balvu k\u0101 sabalans\u0113ta uztura da\u013cu. Vienm\u0113r uzraugi suni ko\u0161\u013c\u0101jot. Vienm\u0113r nodro\u0161ini svaigu \u016bdeni. Nav paredz\u0113ts cilv\u0113kiem. Anal\u012btiskais sast\u0101vs: Olbaltumvielas 16 %, Tauki 2,2 %, Pelni 4 %, \u0160\u0137iedras 2 %, Mitrums 18 %","og_url":"https:\/\/miumjau.ee\/lv\/produkts\/kalcija-kauli-ar-vistu-frigera-100-g\/","og_site_name":"MiuMjau","article_publisher":"https:\/\/www.facebook.com\/miumjaupood\/","article_modified_time":"2026-01-07T19:20:17+00:00","og_image":[{"width":600,"height":800,"url":"https:\/\/miumjau.ee\/wp-content\/uploads\/2025\/05\/frigera-koerte-maius-kaltsiumikondid-kanaga-Photoroom.jpg","type":"image\/jpeg"}],"twitter_card":"summary_large_image","schema":{"@context":"https:\/\/schema.org","@graph":[{"@type":"WebPage","@id":"https:\/\/miumjau.ee\/lv\/produkts\/kalcija-kauli-ar-vistu-frigera-100-g\/","url":"https:\/\/miumjau.ee\/lv\/produkts\/kalcija-kauli-ar-vistu-frigera-100-g\/","name":"Kalcija kauli ar vistu Frigera 100 g - MiuMjau","isPartOf":{"@id":"https:\/\/miumjau.ee\/#website"},"primaryImageOfPage":{"@id":"https:\/\/miumjau.ee\/lv\/produkts\/kalcija-kauli-ar-vistu-frigera-100-g\/#primaryimage"},"image":{"@id":"https:\/\/miumjau.ee\/lv\/produkts\/kalcija-kauli-ar-vistu-frigera-100-g\/#primaryimage"},"thumbnailUrl":"https:\/\/miumjau.ee\/wp-content\/uploads\/2025\/05\/frigera-koerte-maius-kaltsiumikondid-kanaga-Photoroom.jpg","datePublished":"2025-05-29T06:33:38+00:00","dateModified":"2026-01-07T19:20:17+00:00","breadcrumb":{"@id":"https:\/\/miumjau.ee\/lv\/produkts\/kalcija-kauli-ar-vistu-frigera-100-g\/#breadcrumb"},"inLanguage":"lv-LV","potentialAction":[{"@type":"ReadAction","target":["https:\/\/miumjau.ee\/lv\/produkts\/kalcija-kauli-ar-vistu-frigera-100-g\/"]}]},{"@type":"ImageObject","inLanguage":"lv-LV","@id":"https:\/\/miumjau.ee\/lv\/produkts\/kalcija-kauli-ar-vistu-frigera-100-g\/#primaryimage","url":"https:\/\/miumjau.ee\/wp-content\/uploads\/2025\/05\/frigera-koerte-maius-kaltsiumikondid-kanaga-Photoroom.jpg","contentUrl":"https:\/\/miumjau.ee\/wp-content\/uploads\/2025\/05\/frigera-koerte-maius-kaltsiumikondid-kanaga-Photoroom.jpg","width":600,"height":800},{"@type":"BreadcrumbList","@id":"https:\/\/miumjau.ee\/lv\/produkts\/kalcija-kauli-ar-vistu-frigera-100-g\/#breadcrumb","itemListElement":[{"@type":"ListItem","position":1,"name":"Home","item":"https:\/\/miumjau.ee\/lv\/"},{"@type":"ListItem","position":2,"name":"Veikals","item":"https:\/\/miumjau.ee\/lv\/veikals\/"},{"@type":"ListItem","position":3,"name":"Kalcija kauli ar vistu Frigera 100 g"}]},{"@type":"WebSite","@id":"https:\/\/miumjau.ee\/#website","url":"https:\/\/miumjau.ee\/","name":"MiuMjau","description":"Kraapimispuud kassidele","publisher":{"@id":"https:\/\/miumjau.ee\/#organization"},"potentialAction":[{"@type":"SearchAction","target":{"@type":"EntryPoint","urlTemplate":"https:\/\/miumjau.ee\/?s={search_term_string}"},"query-input":{"@type":"PropertyValueSpecification","valueRequired":true,"valueName":"search_term_string"}}],"inLanguage":"lv-LV"},{"@type":"Organization","@id":"https:\/\/miumjau.ee\/#organization","name":"MiuMjau O\u00dc","url":"https:\/\/miumjau.ee\/","logo":{"@type":"ImageObject","inLanguage":"lv-LV","@id":"https:\/\/miumjau.ee\/#\/schema\/logo\/image\/","url":"https:\/\/miumjau.ee\/wp-content\/uploads\/2022\/04\/MiuMjau-logo-kollane.png","contentUrl":"https:\/\/miumjau.ee\/wp-content\/uploads\/2022\/04\/MiuMjau-logo-kollane.png","width":219,"height":100,"caption":"MiuMjau O\u00dc"},"image":{"@id":"https:\/\/miumjau.ee\/#\/schema\/logo\/image\/"},"sameAs":["https:\/\/www.facebook.com\/miumjaupood\/"]}]}},"_links":{"self":[{"href":"https:\/\/miumjau.ee\/lv\/wp-json\/wp\/v2\/product\/48037","targetHints":{"allow":["GET"]}}],"collection":[{"href":"https:\/\/miumjau.ee\/lv\/wp-json\/wp\/v2\/product"}],"about":[{"href":"https:\/\/miumjau.ee\/lv\/wp-json\/wp\/v2\/types\/product"}],"wp:featuredmedia":[{"embeddable":true,"href":"https:\/\/miumjau.ee\/lv\/wp-json\/wp\/v2\/media\/48033"}],"wp:attachment":[{"href":"https:\/\/miumjau.ee\/lv\/wp-json\/wp\/v2\/media?parent=48037"}],"wp:term":[{"taxonomy":"product_brand","embeddable":true,"href":"https:\/\/miumjau.ee\/lv\/wp-json\/wp\/v2\/product_brand?post=48037"},{"taxonomy":"product_cat","embeddable":true,"href":"https:\/\/miumjau.ee\/lv\/wp-json\/wp\/v2\/product_cat?post=48037"},{"taxonomy":"product_tag","embeddable":true,"href":"https:\/\/miumjau.ee\/lv\/wp-json\/wp\/v2\/product_tag?post=48037"}],"curies":[{"name":"wp","href":"https:\/\/api.w.org\/{rel}","templated":true}]}}