{"id":48030,"date":"2025-05-29T09:40:58","date_gmt":"2025-05-29T06:40:58","guid":{"rendered":"https:\/\/miumjau.ee\/toode\/galas-bagats-sunu-naskis-vistas-susi-frigera-500-g\/"},"modified":"2026-01-07T21:20:24","modified_gmt":"2026-01-07T19:20:24","slug":"galas-bagats-sunu-naskis-vistas-susi-frigera-500-g","status":"publish","type":"product","link":"https:\/\/miumjau.ee\/lv\/produkts\/galas-bagats-sunu-naskis-vistas-susi-frigera-500-g\/","title":{"rendered":"Ga\u013cas bag\u0101ts su\u0146u na\u0161\u0137is, vistas su\u0161i Frigera 500 g"},"content":{"rendered":"","protected":false},"excerpt":{"rendered":"<p data-start=\"2627\" data-end=\"2771\">Vai esi k\u0101dreiz m\u0113\u0123in\u0101jis pied\u0101v\u0101t savam sunim \u0100zijas stila na\u0161\u0137i? Iepaz\u012bstin\u0101m ar friGERA vistas su\u0161i \u2013 perfekta vistas un zivju kombin\u0101cija!<\/p>\n<p data-start=\"2773\" data-end=\"3046\">Izgatavots no kvalitat\u012bvas vistas, kukur\u016bzas cietes un ziv\u012bm, un veidots k\u0101 su\u0161i, \u0161is gardais na\u0161\u0137is sniedz tavam sunim nelielu \u0100zijas gar\u0161u. M\u012bkstas tekst\u016bras na\u0161\u0137i piem\u0113roti visiem su\u0146iem, neatkar\u012bgi no vecuma vai izm\u0113ra, pied\u0101v\u0101jot gardu un viegli ko\u0161\u013c\u0101jamu atl\u012bdz\u012bbu.<\/p>\n<p data-start=\"3048\" data-end=\"3268\">Na\u0161\u0137i ir \u0113rti porcij\u0101s un iepakoti atk\u0101rtoti aizveram\u0101 iepakojum\u0101, lai nodro\u0161in\u0101tu maksim\u0101lu svaigumu katr\u0101 atv\u0113r\u0161an\u0101. friGERA vistas su\u0161i ir uzticams izv\u0113le, ja v\u0113lies savam m\u012blulim pied\u0101v\u0101t kaut ko gardu un barojo\u0161u.<\/p>\n<p data-start=\"3270\" data-end=\"3385\">Pacel sava su\u0146a na\u0161\u0137o\u0161anas pieredzi jaun\u0101 l\u012bmen\u012b ar \u0100zijas gar\u0161u \u2013 friGERA vistas su\u0161i padara katru kumosu \u012bpa\u0161u!<\/p>\n<p data-start=\"3387\" data-end=\"3480\">Sast\u0101vs: Vistas 78,5 %, Zivs 15 %, Cukurs, Glicer\u012bns, Modific\u0113ts kukur\u016bzas ciete, Sorbitols<\/p>\n<p data-start=\"3482\" data-end=\"3664\">Lieto\u0161anas instrukcija: Dod starp \u0113dienreiz\u0113m k\u0101 na\u0161\u0137i vai balvu k\u0101 sabalans\u0113ta uztura da\u013cu. Vienm\u0113r uzraugi suni ko\u0161\u013c\u0101jot. Vienm\u0113r nodro\u0161ini svaigu \u016bdeni. Nav paredz\u0113ts cilv\u0113kiem.<\/p>\n<p data-start=\"3666\" data-end=\"3759\">Anal\u012btiskais sast\u0101vs: Olbaltumvielas 35 %, Tauki 1 %, Pelni 4 %, \u0160\u0137iedras 2 %, Mitrums 25 %<\/p>\n","protected":false},"featured_media":48027,"template":"","meta":[],"product_brand":[],"product_cat":[573,576],"product_tag":[],"class_list":{"0":"post-48030","1":"product","2":"type-product","3":"status-publish","4":"has-post-thumbnail","6":"product_cat-kaup24-lv","7":"product_cat-naski-suniem","9":"first","10":"instock","11":"sale","12":"taxable","13":"shipping-taxable","14":"purchasable","15":"product-type-simple"},"yoast_head":"<!-- This site is optimized with the Yoast SEO plugin v27.4 - https:\/\/yoast.com\/product\/yoast-seo-wordpress\/ -->\n<title>Ga\u013cas bag\u0101ts su\u0146u na\u0161\u0137is, vistas su\u0161i Frigera 500 g - MiuMjau<\/title>\n<meta name=\"robots\" content=\"index, follow, max-snippet:-1, max-image-preview:large, max-video-preview:-1\" \/>\n<link rel=\"canonical\" href=\"https:\/\/miumjau.ee\/lv\/produkts\/galas-bagats-sunu-naskis-vistas-susi-frigera-500-g\/\" \/>\n<meta property=\"og:locale\" content=\"lv_LV\" \/>\n<meta property=\"og:type\" content=\"article\" \/>\n<meta property=\"og:title\" content=\"Ga\u013cas bag\u0101ts su\u0146u na\u0161\u0137is, vistas su\u0161i Frigera 500 g - MiuMjau\" \/>\n<meta property=\"og:description\" content=\"Vai esi k\u0101dreiz m\u0113\u0123in\u0101jis pied\u0101v\u0101t savam sunim \u0100zijas stila na\u0161\u0137i? Iepaz\u012bstin\u0101m ar friGERA vistas su\u0161i \u2013 perfekta vistas un zivju kombin\u0101cija! Izgatavots no kvalitat\u012bvas vistas, kukur\u016bzas cietes un ziv\u012bm, un veidots k\u0101 su\u0161i, \u0161is gardais na\u0161\u0137is sniedz tavam sunim nelielu \u0100zijas gar\u0161u. M\u012bkstas tekst\u016bras na\u0161\u0137i piem\u0113roti visiem su\u0146iem, neatkar\u012bgi no vecuma vai izm\u0113ra, pied\u0101v\u0101jot gardu un viegli ko\u0161\u013c\u0101jamu atl\u012bdz\u012bbu. Na\u0161\u0137i ir \u0113rti porcij\u0101s un iepakoti atk\u0101rtoti aizveram\u0101 iepakojum\u0101, lai nodro\u0161in\u0101tu maksim\u0101lu svaigumu katr\u0101 atv\u0113r\u0161an\u0101. friGERA vistas su\u0161i ir uzticams izv\u0113le, ja v\u0113lies savam m\u012blulim pied\u0101v\u0101t kaut ko gardu un barojo\u0161u. Pacel sava su\u0146a na\u0161\u0137o\u0161anas pieredzi jaun\u0101 l\u012bmen\u012b ar \u0100zijas gar\u0161u \u2013 friGERA vistas su\u0161i padara katru kumosu \u012bpa\u0161u! Sast\u0101vs: Vistas 78,5 %, Zivs 15 %, Cukurs, Glicer\u012bns, Modific\u0113ts kukur\u016bzas ciete, Sorbitols Lieto\u0161anas instrukcija: Dod starp \u0113dienreiz\u0113m k\u0101 na\u0161\u0137i vai balvu k\u0101 sabalans\u0113ta uztura da\u013cu. Vienm\u0113r uzraugi suni ko\u0161\u013c\u0101jot. Vienm\u0113r nodro\u0161ini svaigu \u016bdeni. Nav paredz\u0113ts cilv\u0113kiem. Anal\u012btiskais sast\u0101vs: Olbaltumvielas 35 %, Tauki 1 %, Pelni 4 %, \u0160\u0137iedras 2 %, Mitrums 25 %\" \/>\n<meta property=\"og:url\" content=\"https:\/\/miumjau.ee\/lv\/produkts\/galas-bagats-sunu-naskis-vistas-susi-frigera-500-g\/\" \/>\n<meta property=\"og:site_name\" content=\"MiuMjau\" \/>\n<meta property=\"article:publisher\" content=\"https:\/\/www.facebook.com\/miumjaupood\/\" \/>\n<meta property=\"article:modified_time\" content=\"2026-01-07T19:20:24+00:00\" \/>\n<meta property=\"og:image\" content=\"https:\/\/miumjau.ee\/wp-content\/uploads\/2025\/05\/frigera-koerte-maius-kanasushi-500g-Photoroom.jpg\" \/>\n\t<meta property=\"og:image:width\" content=\"600\" \/>\n\t<meta property=\"og:image:height\" content=\"800\" \/>\n\t<meta property=\"og:image:type\" content=\"image\/jpeg\" \/>\n<meta name=\"twitter:card\" content=\"summary_large_image\" \/>\n<script type=\"application\/ld+json\" class=\"yoast-schema-graph\">{\"@context\":\"https:\\\/\\\/schema.org\",\"@graph\":[{\"@type\":\"WebPage\",\"@id\":\"https:\\\/\\\/miumjau.ee\\\/lv\\\/produkts\\\/galas-bagats-sunu-naskis-vistas-susi-frigera-500-g\\\/\",\"url\":\"https:\\\/\\\/miumjau.ee\\\/lv\\\/produkts\\\/galas-bagats-sunu-naskis-vistas-susi-frigera-500-g\\\/\",\"name\":\"Ga\u013cas bag\u0101ts su\u0146u na\u0161\u0137is, vistas su\u0161i Frigera 500 g - MiuMjau\",\"isPartOf\":{\"@id\":\"https:\\\/\\\/miumjau.ee\\\/#website\"},\"primaryImageOfPage\":{\"@id\":\"https:\\\/\\\/miumjau.ee\\\/lv\\\/produkts\\\/galas-bagats-sunu-naskis-vistas-susi-frigera-500-g\\\/#primaryimage\"},\"image\":{\"@id\":\"https:\\\/\\\/miumjau.ee\\\/lv\\\/produkts\\\/galas-bagats-sunu-naskis-vistas-susi-frigera-500-g\\\/#primaryimage\"},\"thumbnailUrl\":\"https:\\\/\\\/miumjau.ee\\\/wp-content\\\/uploads\\\/2025\\\/05\\\/frigera-koerte-maius-kanasushi-500g-Photoroom.jpg\",\"datePublished\":\"2025-05-29T06:40:58+00:00\",\"dateModified\":\"2026-01-07T19:20:24+00:00\",\"breadcrumb\":{\"@id\":\"https:\\\/\\\/miumjau.ee\\\/lv\\\/produkts\\\/galas-bagats-sunu-naskis-vistas-susi-frigera-500-g\\\/#breadcrumb\"},\"inLanguage\":\"lv-LV\",\"potentialAction\":[{\"@type\":\"ReadAction\",\"target\":[\"https:\\\/\\\/miumjau.ee\\\/lv\\\/produkts\\\/galas-bagats-sunu-naskis-vistas-susi-frigera-500-g\\\/\"]}]},{\"@type\":\"ImageObject\",\"inLanguage\":\"lv-LV\",\"@id\":\"https:\\\/\\\/miumjau.ee\\\/lv\\\/produkts\\\/galas-bagats-sunu-naskis-vistas-susi-frigera-500-g\\\/#primaryimage\",\"url\":\"https:\\\/\\\/miumjau.ee\\\/wp-content\\\/uploads\\\/2025\\\/05\\\/frigera-koerte-maius-kanasushi-500g-Photoroom.jpg\",\"contentUrl\":\"https:\\\/\\\/miumjau.ee\\\/wp-content\\\/uploads\\\/2025\\\/05\\\/frigera-koerte-maius-kanasushi-500g-Photoroom.jpg\",\"width\":600,\"height\":800},{\"@type\":\"BreadcrumbList\",\"@id\":\"https:\\\/\\\/miumjau.ee\\\/lv\\\/produkts\\\/galas-bagats-sunu-naskis-vistas-susi-frigera-500-g\\\/#breadcrumb\",\"itemListElement\":[{\"@type\":\"ListItem\",\"position\":1,\"name\":\"Home\",\"item\":\"https:\\\/\\\/miumjau.ee\\\/lv\\\/\"},{\"@type\":\"ListItem\",\"position\":2,\"name\":\"Veikals\",\"item\":\"https:\\\/\\\/miumjau.ee\\\/lv\\\/veikals\\\/\"},{\"@type\":\"ListItem\",\"position\":3,\"name\":\"Ga\u013cas bag\u0101ts su\u0146u na\u0161\u0137is, vistas su\u0161i Frigera 500 g\"}]},{\"@type\":\"WebSite\",\"@id\":\"https:\\\/\\\/miumjau.ee\\\/#website\",\"url\":\"https:\\\/\\\/miumjau.ee\\\/\",\"name\":\"MiuMjau\",\"description\":\"Kraapimispuud kassidele\",\"publisher\":{\"@id\":\"https:\\\/\\\/miumjau.ee\\\/#organization\"},\"potentialAction\":[{\"@type\":\"SearchAction\",\"target\":{\"@type\":\"EntryPoint\",\"urlTemplate\":\"https:\\\/\\\/miumjau.ee\\\/?s={search_term_string}\"},\"query-input\":{\"@type\":\"PropertyValueSpecification\",\"valueRequired\":true,\"valueName\":\"search_term_string\"}}],\"inLanguage\":\"lv-LV\"},{\"@type\":\"Organization\",\"@id\":\"https:\\\/\\\/miumjau.ee\\\/#organization\",\"name\":\"MiuMjau O\u00dc\",\"url\":\"https:\\\/\\\/miumjau.ee\\\/\",\"logo\":{\"@type\":\"ImageObject\",\"inLanguage\":\"lv-LV\",\"@id\":\"https:\\\/\\\/miumjau.ee\\\/#\\\/schema\\\/logo\\\/image\\\/\",\"url\":\"https:\\\/\\\/miumjau.ee\\\/wp-content\\\/uploads\\\/2022\\\/04\\\/MiuMjau-logo-kollane.png\",\"contentUrl\":\"https:\\\/\\\/miumjau.ee\\\/wp-content\\\/uploads\\\/2022\\\/04\\\/MiuMjau-logo-kollane.png\",\"width\":219,\"height\":100,\"caption\":\"MiuMjau O\u00dc\"},\"image\":{\"@id\":\"https:\\\/\\\/miumjau.ee\\\/#\\\/schema\\\/logo\\\/image\\\/\"},\"sameAs\":[\"https:\\\/\\\/www.facebook.com\\\/miumjaupood\\\/\"]}]}<\/script>\n<!-- \/ Yoast SEO plugin. -->","yoast_head_json":{"title":"Ga\u013cas bag\u0101ts su\u0146u na\u0161\u0137is, vistas su\u0161i Frigera 500 g - MiuMjau","robots":{"index":"index","follow":"follow","max-snippet":"max-snippet:-1","max-image-preview":"max-image-preview:large","max-video-preview":"max-video-preview:-1"},"canonical":"https:\/\/miumjau.ee\/lv\/produkts\/galas-bagats-sunu-naskis-vistas-susi-frigera-500-g\/","og_locale":"lv_LV","og_type":"article","og_title":"Ga\u013cas bag\u0101ts su\u0146u na\u0161\u0137is, vistas su\u0161i Frigera 500 g - MiuMjau","og_description":"Vai esi k\u0101dreiz m\u0113\u0123in\u0101jis pied\u0101v\u0101t savam sunim \u0100zijas stila na\u0161\u0137i? Iepaz\u012bstin\u0101m ar friGERA vistas su\u0161i \u2013 perfekta vistas un zivju kombin\u0101cija! Izgatavots no kvalitat\u012bvas vistas, kukur\u016bzas cietes un ziv\u012bm, un veidots k\u0101 su\u0161i, \u0161is gardais na\u0161\u0137is sniedz tavam sunim nelielu \u0100zijas gar\u0161u. M\u012bkstas tekst\u016bras na\u0161\u0137i piem\u0113roti visiem su\u0146iem, neatkar\u012bgi no vecuma vai izm\u0113ra, pied\u0101v\u0101jot gardu un viegli ko\u0161\u013c\u0101jamu atl\u012bdz\u012bbu. Na\u0161\u0137i ir \u0113rti porcij\u0101s un iepakoti atk\u0101rtoti aizveram\u0101 iepakojum\u0101, lai nodro\u0161in\u0101tu maksim\u0101lu svaigumu katr\u0101 atv\u0113r\u0161an\u0101. friGERA vistas su\u0161i ir uzticams izv\u0113le, ja v\u0113lies savam m\u012blulim pied\u0101v\u0101t kaut ko gardu un barojo\u0161u. Pacel sava su\u0146a na\u0161\u0137o\u0161anas pieredzi jaun\u0101 l\u012bmen\u012b ar \u0100zijas gar\u0161u \u2013 friGERA vistas su\u0161i padara katru kumosu \u012bpa\u0161u! Sast\u0101vs: Vistas 78,5 %, Zivs 15 %, Cukurs, Glicer\u012bns, Modific\u0113ts kukur\u016bzas ciete, Sorbitols Lieto\u0161anas instrukcija: Dod starp \u0113dienreiz\u0113m k\u0101 na\u0161\u0137i vai balvu k\u0101 sabalans\u0113ta uztura da\u013cu. Vienm\u0113r uzraugi suni ko\u0161\u013c\u0101jot. Vienm\u0113r nodro\u0161ini svaigu \u016bdeni. Nav paredz\u0113ts cilv\u0113kiem. Anal\u012btiskais sast\u0101vs: Olbaltumvielas 35 %, Tauki 1 %, Pelni 4 %, \u0160\u0137iedras 2 %, Mitrums 25 %","og_url":"https:\/\/miumjau.ee\/lv\/produkts\/galas-bagats-sunu-naskis-vistas-susi-frigera-500-g\/","og_site_name":"MiuMjau","article_publisher":"https:\/\/www.facebook.com\/miumjaupood\/","article_modified_time":"2026-01-07T19:20:24+00:00","og_image":[{"width":600,"height":800,"url":"https:\/\/miumjau.ee\/wp-content\/uploads\/2025\/05\/frigera-koerte-maius-kanasushi-500g-Photoroom.jpg","type":"image\/jpeg"}],"twitter_card":"summary_large_image","schema":{"@context":"https:\/\/schema.org","@graph":[{"@type":"WebPage","@id":"https:\/\/miumjau.ee\/lv\/produkts\/galas-bagats-sunu-naskis-vistas-susi-frigera-500-g\/","url":"https:\/\/miumjau.ee\/lv\/produkts\/galas-bagats-sunu-naskis-vistas-susi-frigera-500-g\/","name":"Ga\u013cas bag\u0101ts su\u0146u na\u0161\u0137is, vistas su\u0161i Frigera 500 g - MiuMjau","isPartOf":{"@id":"https:\/\/miumjau.ee\/#website"},"primaryImageOfPage":{"@id":"https:\/\/miumjau.ee\/lv\/produkts\/galas-bagats-sunu-naskis-vistas-susi-frigera-500-g\/#primaryimage"},"image":{"@id":"https:\/\/miumjau.ee\/lv\/produkts\/galas-bagats-sunu-naskis-vistas-susi-frigera-500-g\/#primaryimage"},"thumbnailUrl":"https:\/\/miumjau.ee\/wp-content\/uploads\/2025\/05\/frigera-koerte-maius-kanasushi-500g-Photoroom.jpg","datePublished":"2025-05-29T06:40:58+00:00","dateModified":"2026-01-07T19:20:24+00:00","breadcrumb":{"@id":"https:\/\/miumjau.ee\/lv\/produkts\/galas-bagats-sunu-naskis-vistas-susi-frigera-500-g\/#breadcrumb"},"inLanguage":"lv-LV","potentialAction":[{"@type":"ReadAction","target":["https:\/\/miumjau.ee\/lv\/produkts\/galas-bagats-sunu-naskis-vistas-susi-frigera-500-g\/"]}]},{"@type":"ImageObject","inLanguage":"lv-LV","@id":"https:\/\/miumjau.ee\/lv\/produkts\/galas-bagats-sunu-naskis-vistas-susi-frigera-500-g\/#primaryimage","url":"https:\/\/miumjau.ee\/wp-content\/uploads\/2025\/05\/frigera-koerte-maius-kanasushi-500g-Photoroom.jpg","contentUrl":"https:\/\/miumjau.ee\/wp-content\/uploads\/2025\/05\/frigera-koerte-maius-kanasushi-500g-Photoroom.jpg","width":600,"height":800},{"@type":"BreadcrumbList","@id":"https:\/\/miumjau.ee\/lv\/produkts\/galas-bagats-sunu-naskis-vistas-susi-frigera-500-g\/#breadcrumb","itemListElement":[{"@type":"ListItem","position":1,"name":"Home","item":"https:\/\/miumjau.ee\/lv\/"},{"@type":"ListItem","position":2,"name":"Veikals","item":"https:\/\/miumjau.ee\/lv\/veikals\/"},{"@type":"ListItem","position":3,"name":"Ga\u013cas bag\u0101ts su\u0146u na\u0161\u0137is, vistas su\u0161i Frigera 500 g"}]},{"@type":"WebSite","@id":"https:\/\/miumjau.ee\/#website","url":"https:\/\/miumjau.ee\/","name":"MiuMjau","description":"Kraapimispuud kassidele","publisher":{"@id":"https:\/\/miumjau.ee\/#organization"},"potentialAction":[{"@type":"SearchAction","target":{"@type":"EntryPoint","urlTemplate":"https:\/\/miumjau.ee\/?s={search_term_string}"},"query-input":{"@type":"PropertyValueSpecification","valueRequired":true,"valueName":"search_term_string"}}],"inLanguage":"lv-LV"},{"@type":"Organization","@id":"https:\/\/miumjau.ee\/#organization","name":"MiuMjau O\u00dc","url":"https:\/\/miumjau.ee\/","logo":{"@type":"ImageObject","inLanguage":"lv-LV","@id":"https:\/\/miumjau.ee\/#\/schema\/logo\/image\/","url":"https:\/\/miumjau.ee\/wp-content\/uploads\/2022\/04\/MiuMjau-logo-kollane.png","contentUrl":"https:\/\/miumjau.ee\/wp-content\/uploads\/2022\/04\/MiuMjau-logo-kollane.png","width":219,"height":100,"caption":"MiuMjau O\u00dc"},"image":{"@id":"https:\/\/miumjau.ee\/#\/schema\/logo\/image\/"},"sameAs":["https:\/\/www.facebook.com\/miumjaupood\/"]}]}},"_links":{"self":[{"href":"https:\/\/miumjau.ee\/lv\/wp-json\/wp\/v2\/product\/48030","targetHints":{"allow":["GET"]}}],"collection":[{"href":"https:\/\/miumjau.ee\/lv\/wp-json\/wp\/v2\/product"}],"about":[{"href":"https:\/\/miumjau.ee\/lv\/wp-json\/wp\/v2\/types\/product"}],"wp:featuredmedia":[{"embeddable":true,"href":"https:\/\/miumjau.ee\/lv\/wp-json\/wp\/v2\/media\/48027"}],"wp:attachment":[{"href":"https:\/\/miumjau.ee\/lv\/wp-json\/wp\/v2\/media?parent=48030"}],"wp:term":[{"taxonomy":"product_brand","embeddable":true,"href":"https:\/\/miumjau.ee\/lv\/wp-json\/wp\/v2\/product_brand?post=48030"},{"taxonomy":"product_cat","embeddable":true,"href":"https:\/\/miumjau.ee\/lv\/wp-json\/wp\/v2\/product_cat?post=48030"},{"taxonomy":"product_tag","embeddable":true,"href":"https:\/\/miumjau.ee\/lv\/wp-json\/wp\/v2\/product_tag?post=48030"}],"curies":[{"name":"wp","href":"https:\/\/api.w.org\/{rel}","templated":true}]}}