{"id":48023,"date":"2025-05-29T10:02:27","date_gmt":"2025-05-29T07:02:27","guid":{"rendered":"https:\/\/miumjau.ee\/toode\/dabigi-pusmiksti-vistas-filejas-frigera-500-g\/"},"modified":"2026-01-07T21:20:24","modified_gmt":"2026-01-07T19:20:24","slug":"dabigi-pusmiksti-vistas-filejas-frigera-500-g","status":"publish","type":"product","link":"https:\/\/miumjau.ee\/lv\/produkts\/dabigi-pusmiksti-vistas-filejas-frigera-500-g\/","title":{"rendered":"Dab\u012bgi pusm\u012bksti vistas filejas Frigera 500 g"},"content":{"rendered":"","protected":false},"excerpt":{"rendered":"<p data-start=\"2485\" data-end=\"2692\">Vai mekl\u0113 maigus un gar\u0161\u012bgus na\u0161\u0137us savai m\u012b\u013cajai \u010detrk\u0101jainajai draudzenei? Iepaz\u012bstin\u0101m ar friGERA vistas fileju \u2013 vesel\u012bgu un gardu na\u0161\u0137i, kas pagatavots ar m\u012blest\u012bbu un r\u016bp\u0113m tie\u0161i tav\u0101m m\u0101jdz\u012bvniekam.<\/p>\n<p data-start=\"2694\" data-end=\"2983\">Izgatavots no augst\u0101k\u0101s kvalit\u0101tes vistas filejas, katrs gabali\u0146\u0161 r\u016bp\u012bgi izv\u0113l\u0113ts, smalki sadal\u012bts porcij\u0101s un ievietots atk\u0101rtoti aizveram\u0101 iepakojum\u0101, lai saglab\u0101tu svaigumu un gar\u0161u. Maigi apstr\u0101d\u0101ts, lai saglab\u0101tu ga\u013cas dabisko gar\u0161u un uzturvielas, \u0161is na\u0161\u0137is ir neatteicams su\u0146iem.<\/p>\n<p data-start=\"2985\" data-end=\"3221\">Olbaltumviel\u0101m bag\u0101t\u0101 vistas fileja nodro\u0161ina sunim ener\u0123iju un vitalit\u0101ti, lai tas b\u016btu akt\u012bvs un vesels. Vai tas b\u016btu k\u0101 atl\u012bdz\u012bba treni\u0146a laik\u0101 vai ikdienas k\u0101rumi\u0146\u0161 \u2013 friGERA vistas fileja noteikti liks sunim laim\u012bgi vicin\u0101t asti!<\/p>\n<p data-start=\"3223\" data-end=\"3304\">Sast\u0101vs: Vistas fileja 94,5 %, glicer\u012bns, modific\u0113ts kukur\u016bzas ciete, sorbitols<\/p>\n<p data-start=\"3306\" data-end=\"3488\">Lieto\u0161anas instrukcija: Dod starp \u0113dienreiz\u0113m k\u0101 na\u0161\u0137i vai balvu k\u0101 sabalans\u0113ta uztura da\u013cu. Vienm\u0113r uzraugi suni ko\u0161\u013c\u0101jot. Vienm\u0113r nodro\u0161ini svaigu \u016bdeni. Nav paredz\u0113ts cilv\u0113kiem.<\/p>\n<p data-start=\"3490\" data-end=\"3585\">Anal\u012btiskais sast\u0101vs: Olbaltumvielas 55 %, Tauki 1,5 %, Pelni 4 %, \u0160\u0137iedras 2 %, Mitrums 20 %<\/p>\n","protected":false},"featured_media":48020,"template":"","meta":[],"product_brand":[],"product_cat":[573,576],"product_tag":[],"class_list":{"0":"post-48023","1":"product","2":"type-product","3":"status-publish","4":"has-post-thumbnail","6":"product_cat-kaup24-lv","7":"product_cat-naski-suniem","9":"first","10":"instock","11":"sale","12":"taxable","13":"shipping-taxable","14":"purchasable","15":"product-type-simple"},"yoast_head":"<!-- This site is optimized with the Yoast SEO plugin v27.4 - https:\/\/yoast.com\/product\/yoast-seo-wordpress\/ -->\n<title>Dab\u012bgi pusm\u012bksti vistas filejas Frigera 500 g - MiuMjau<\/title>\n<meta name=\"robots\" content=\"index, follow, max-snippet:-1, max-image-preview:large, max-video-preview:-1\" \/>\n<link rel=\"canonical\" href=\"https:\/\/miumjau.ee\/lv\/produkts\/dabigi-pusmiksti-vistas-filejas-frigera-500-g\/\" \/>\n<meta property=\"og:locale\" content=\"lv_LV\" \/>\n<meta property=\"og:type\" content=\"article\" \/>\n<meta property=\"og:title\" content=\"Dab\u012bgi pusm\u012bksti vistas filejas Frigera 500 g - MiuMjau\" \/>\n<meta property=\"og:description\" content=\"Vai mekl\u0113 maigus un gar\u0161\u012bgus na\u0161\u0137us savai m\u012b\u013cajai \u010detrk\u0101jainajai draudzenei? Iepaz\u012bstin\u0101m ar friGERA vistas fileju \u2013 vesel\u012bgu un gardu na\u0161\u0137i, kas pagatavots ar m\u012blest\u012bbu un r\u016bp\u0113m tie\u0161i tav\u0101m m\u0101jdz\u012bvniekam. Izgatavots no augst\u0101k\u0101s kvalit\u0101tes vistas filejas, katrs gabali\u0146\u0161 r\u016bp\u012bgi izv\u0113l\u0113ts, smalki sadal\u012bts porcij\u0101s un ievietots atk\u0101rtoti aizveram\u0101 iepakojum\u0101, lai saglab\u0101tu svaigumu un gar\u0161u. Maigi apstr\u0101d\u0101ts, lai saglab\u0101tu ga\u013cas dabisko gar\u0161u un uzturvielas, \u0161is na\u0161\u0137is ir neatteicams su\u0146iem. Olbaltumviel\u0101m bag\u0101t\u0101 vistas fileja nodro\u0161ina sunim ener\u0123iju un vitalit\u0101ti, lai tas b\u016btu akt\u012bvs un vesels. Vai tas b\u016btu k\u0101 atl\u012bdz\u012bba treni\u0146a laik\u0101 vai ikdienas k\u0101rumi\u0146\u0161 \u2013 friGERA vistas fileja noteikti liks sunim laim\u012bgi vicin\u0101t asti! Sast\u0101vs: Vistas fileja 94,5 %, glicer\u012bns, modific\u0113ts kukur\u016bzas ciete, sorbitols Lieto\u0161anas instrukcija: Dod starp \u0113dienreiz\u0113m k\u0101 na\u0161\u0137i vai balvu k\u0101 sabalans\u0113ta uztura da\u013cu. Vienm\u0113r uzraugi suni ko\u0161\u013c\u0101jot. Vienm\u0113r nodro\u0161ini svaigu \u016bdeni. Nav paredz\u0113ts cilv\u0113kiem. Anal\u012btiskais sast\u0101vs: Olbaltumvielas 55 %, Tauki 1,5 %, Pelni 4 %, \u0160\u0137iedras 2 %, Mitrums 20 %\" \/>\n<meta property=\"og:url\" content=\"https:\/\/miumjau.ee\/lv\/produkts\/dabigi-pusmiksti-vistas-filejas-frigera-500-g\/\" \/>\n<meta property=\"og:site_name\" content=\"MiuMjau\" \/>\n<meta property=\"article:publisher\" content=\"https:\/\/www.facebook.com\/miumjaupood\/\" \/>\n<meta property=\"article:modified_time\" content=\"2026-01-07T19:20:24+00:00\" \/>\n<meta property=\"og:image\" content=\"https:\/\/miumjau.ee\/wp-content\/uploads\/2025\/05\/frigera-koerte-maius-kanafilee-500g-Photoroom.jpg\" \/>\n\t<meta property=\"og:image:width\" content=\"600\" \/>\n\t<meta property=\"og:image:height\" content=\"800\" \/>\n\t<meta property=\"og:image:type\" content=\"image\/jpeg\" \/>\n<meta name=\"twitter:card\" content=\"summary_large_image\" \/>\n<script type=\"application\/ld+json\" class=\"yoast-schema-graph\">{\"@context\":\"https:\\\/\\\/schema.org\",\"@graph\":[{\"@type\":\"WebPage\",\"@id\":\"https:\\\/\\\/miumjau.ee\\\/lv\\\/produkts\\\/dabigi-pusmiksti-vistas-filejas-frigera-500-g\\\/\",\"url\":\"https:\\\/\\\/miumjau.ee\\\/lv\\\/produkts\\\/dabigi-pusmiksti-vistas-filejas-frigera-500-g\\\/\",\"name\":\"Dab\u012bgi pusm\u012bksti vistas filejas Frigera 500 g - MiuMjau\",\"isPartOf\":{\"@id\":\"https:\\\/\\\/miumjau.ee\\\/#website\"},\"primaryImageOfPage\":{\"@id\":\"https:\\\/\\\/miumjau.ee\\\/lv\\\/produkts\\\/dabigi-pusmiksti-vistas-filejas-frigera-500-g\\\/#primaryimage\"},\"image\":{\"@id\":\"https:\\\/\\\/miumjau.ee\\\/lv\\\/produkts\\\/dabigi-pusmiksti-vistas-filejas-frigera-500-g\\\/#primaryimage\"},\"thumbnailUrl\":\"https:\\\/\\\/miumjau.ee\\\/wp-content\\\/uploads\\\/2025\\\/05\\\/frigera-koerte-maius-kanafilee-500g-Photoroom.jpg\",\"datePublished\":\"2025-05-29T07:02:27+00:00\",\"dateModified\":\"2026-01-07T19:20:24+00:00\",\"breadcrumb\":{\"@id\":\"https:\\\/\\\/miumjau.ee\\\/lv\\\/produkts\\\/dabigi-pusmiksti-vistas-filejas-frigera-500-g\\\/#breadcrumb\"},\"inLanguage\":\"lv-LV\",\"potentialAction\":[{\"@type\":\"ReadAction\",\"target\":[\"https:\\\/\\\/miumjau.ee\\\/lv\\\/produkts\\\/dabigi-pusmiksti-vistas-filejas-frigera-500-g\\\/\"]}]},{\"@type\":\"ImageObject\",\"inLanguage\":\"lv-LV\",\"@id\":\"https:\\\/\\\/miumjau.ee\\\/lv\\\/produkts\\\/dabigi-pusmiksti-vistas-filejas-frigera-500-g\\\/#primaryimage\",\"url\":\"https:\\\/\\\/miumjau.ee\\\/wp-content\\\/uploads\\\/2025\\\/05\\\/frigera-koerte-maius-kanafilee-500g-Photoroom.jpg\",\"contentUrl\":\"https:\\\/\\\/miumjau.ee\\\/wp-content\\\/uploads\\\/2025\\\/05\\\/frigera-koerte-maius-kanafilee-500g-Photoroom.jpg\",\"width\":600,\"height\":800},{\"@type\":\"BreadcrumbList\",\"@id\":\"https:\\\/\\\/miumjau.ee\\\/lv\\\/produkts\\\/dabigi-pusmiksti-vistas-filejas-frigera-500-g\\\/#breadcrumb\",\"itemListElement\":[{\"@type\":\"ListItem\",\"position\":1,\"name\":\"Home\",\"item\":\"https:\\\/\\\/miumjau.ee\\\/lv\\\/\"},{\"@type\":\"ListItem\",\"position\":2,\"name\":\"Veikals\",\"item\":\"https:\\\/\\\/miumjau.ee\\\/lv\\\/veikals\\\/\"},{\"@type\":\"ListItem\",\"position\":3,\"name\":\"Dab\u012bgi pusm\u012bksti vistas filejas Frigera 500 g\"}]},{\"@type\":\"WebSite\",\"@id\":\"https:\\\/\\\/miumjau.ee\\\/#website\",\"url\":\"https:\\\/\\\/miumjau.ee\\\/\",\"name\":\"MiuMjau\",\"description\":\"Kraapimispuud kassidele\",\"publisher\":{\"@id\":\"https:\\\/\\\/miumjau.ee\\\/#organization\"},\"potentialAction\":[{\"@type\":\"SearchAction\",\"target\":{\"@type\":\"EntryPoint\",\"urlTemplate\":\"https:\\\/\\\/miumjau.ee\\\/?s={search_term_string}\"},\"query-input\":{\"@type\":\"PropertyValueSpecification\",\"valueRequired\":true,\"valueName\":\"search_term_string\"}}],\"inLanguage\":\"lv-LV\"},{\"@type\":\"Organization\",\"@id\":\"https:\\\/\\\/miumjau.ee\\\/#organization\",\"name\":\"MiuMjau O\u00dc\",\"url\":\"https:\\\/\\\/miumjau.ee\\\/\",\"logo\":{\"@type\":\"ImageObject\",\"inLanguage\":\"lv-LV\",\"@id\":\"https:\\\/\\\/miumjau.ee\\\/#\\\/schema\\\/logo\\\/image\\\/\",\"url\":\"https:\\\/\\\/miumjau.ee\\\/wp-content\\\/uploads\\\/2022\\\/04\\\/MiuMjau-logo-kollane.png\",\"contentUrl\":\"https:\\\/\\\/miumjau.ee\\\/wp-content\\\/uploads\\\/2022\\\/04\\\/MiuMjau-logo-kollane.png\",\"width\":219,\"height\":100,\"caption\":\"MiuMjau O\u00dc\"},\"image\":{\"@id\":\"https:\\\/\\\/miumjau.ee\\\/#\\\/schema\\\/logo\\\/image\\\/\"},\"sameAs\":[\"https:\\\/\\\/www.facebook.com\\\/miumjaupood\\\/\"]}]}<\/script>\n<!-- \/ Yoast SEO plugin. -->","yoast_head_json":{"title":"Dab\u012bgi pusm\u012bksti vistas filejas Frigera 500 g - MiuMjau","robots":{"index":"index","follow":"follow","max-snippet":"max-snippet:-1","max-image-preview":"max-image-preview:large","max-video-preview":"max-video-preview:-1"},"canonical":"https:\/\/miumjau.ee\/lv\/produkts\/dabigi-pusmiksti-vistas-filejas-frigera-500-g\/","og_locale":"lv_LV","og_type":"article","og_title":"Dab\u012bgi pusm\u012bksti vistas filejas Frigera 500 g - MiuMjau","og_description":"Vai mekl\u0113 maigus un gar\u0161\u012bgus na\u0161\u0137us savai m\u012b\u013cajai \u010detrk\u0101jainajai draudzenei? Iepaz\u012bstin\u0101m ar friGERA vistas fileju \u2013 vesel\u012bgu un gardu na\u0161\u0137i, kas pagatavots ar m\u012blest\u012bbu un r\u016bp\u0113m tie\u0161i tav\u0101m m\u0101jdz\u012bvniekam. Izgatavots no augst\u0101k\u0101s kvalit\u0101tes vistas filejas, katrs gabali\u0146\u0161 r\u016bp\u012bgi izv\u0113l\u0113ts, smalki sadal\u012bts porcij\u0101s un ievietots atk\u0101rtoti aizveram\u0101 iepakojum\u0101, lai saglab\u0101tu svaigumu un gar\u0161u. Maigi apstr\u0101d\u0101ts, lai saglab\u0101tu ga\u013cas dabisko gar\u0161u un uzturvielas, \u0161is na\u0161\u0137is ir neatteicams su\u0146iem. Olbaltumviel\u0101m bag\u0101t\u0101 vistas fileja nodro\u0161ina sunim ener\u0123iju un vitalit\u0101ti, lai tas b\u016btu akt\u012bvs un vesels. Vai tas b\u016btu k\u0101 atl\u012bdz\u012bba treni\u0146a laik\u0101 vai ikdienas k\u0101rumi\u0146\u0161 \u2013 friGERA vistas fileja noteikti liks sunim laim\u012bgi vicin\u0101t asti! Sast\u0101vs: Vistas fileja 94,5 %, glicer\u012bns, modific\u0113ts kukur\u016bzas ciete, sorbitols Lieto\u0161anas instrukcija: Dod starp \u0113dienreiz\u0113m k\u0101 na\u0161\u0137i vai balvu k\u0101 sabalans\u0113ta uztura da\u013cu. Vienm\u0113r uzraugi suni ko\u0161\u013c\u0101jot. Vienm\u0113r nodro\u0161ini svaigu \u016bdeni. Nav paredz\u0113ts cilv\u0113kiem. Anal\u012btiskais sast\u0101vs: Olbaltumvielas 55 %, Tauki 1,5 %, Pelni 4 %, \u0160\u0137iedras 2 %, Mitrums 20 %","og_url":"https:\/\/miumjau.ee\/lv\/produkts\/dabigi-pusmiksti-vistas-filejas-frigera-500-g\/","og_site_name":"MiuMjau","article_publisher":"https:\/\/www.facebook.com\/miumjaupood\/","article_modified_time":"2026-01-07T19:20:24+00:00","og_image":[{"width":600,"height":800,"url":"https:\/\/miumjau.ee\/wp-content\/uploads\/2025\/05\/frigera-koerte-maius-kanafilee-500g-Photoroom.jpg","type":"image\/jpeg"}],"twitter_card":"summary_large_image","schema":{"@context":"https:\/\/schema.org","@graph":[{"@type":"WebPage","@id":"https:\/\/miumjau.ee\/lv\/produkts\/dabigi-pusmiksti-vistas-filejas-frigera-500-g\/","url":"https:\/\/miumjau.ee\/lv\/produkts\/dabigi-pusmiksti-vistas-filejas-frigera-500-g\/","name":"Dab\u012bgi pusm\u012bksti vistas filejas Frigera 500 g - MiuMjau","isPartOf":{"@id":"https:\/\/miumjau.ee\/#website"},"primaryImageOfPage":{"@id":"https:\/\/miumjau.ee\/lv\/produkts\/dabigi-pusmiksti-vistas-filejas-frigera-500-g\/#primaryimage"},"image":{"@id":"https:\/\/miumjau.ee\/lv\/produkts\/dabigi-pusmiksti-vistas-filejas-frigera-500-g\/#primaryimage"},"thumbnailUrl":"https:\/\/miumjau.ee\/wp-content\/uploads\/2025\/05\/frigera-koerte-maius-kanafilee-500g-Photoroom.jpg","datePublished":"2025-05-29T07:02:27+00:00","dateModified":"2026-01-07T19:20:24+00:00","breadcrumb":{"@id":"https:\/\/miumjau.ee\/lv\/produkts\/dabigi-pusmiksti-vistas-filejas-frigera-500-g\/#breadcrumb"},"inLanguage":"lv-LV","potentialAction":[{"@type":"ReadAction","target":["https:\/\/miumjau.ee\/lv\/produkts\/dabigi-pusmiksti-vistas-filejas-frigera-500-g\/"]}]},{"@type":"ImageObject","inLanguage":"lv-LV","@id":"https:\/\/miumjau.ee\/lv\/produkts\/dabigi-pusmiksti-vistas-filejas-frigera-500-g\/#primaryimage","url":"https:\/\/miumjau.ee\/wp-content\/uploads\/2025\/05\/frigera-koerte-maius-kanafilee-500g-Photoroom.jpg","contentUrl":"https:\/\/miumjau.ee\/wp-content\/uploads\/2025\/05\/frigera-koerte-maius-kanafilee-500g-Photoroom.jpg","width":600,"height":800},{"@type":"BreadcrumbList","@id":"https:\/\/miumjau.ee\/lv\/produkts\/dabigi-pusmiksti-vistas-filejas-frigera-500-g\/#breadcrumb","itemListElement":[{"@type":"ListItem","position":1,"name":"Home","item":"https:\/\/miumjau.ee\/lv\/"},{"@type":"ListItem","position":2,"name":"Veikals","item":"https:\/\/miumjau.ee\/lv\/veikals\/"},{"@type":"ListItem","position":3,"name":"Dab\u012bgi pusm\u012bksti vistas filejas Frigera 500 g"}]},{"@type":"WebSite","@id":"https:\/\/miumjau.ee\/#website","url":"https:\/\/miumjau.ee\/","name":"MiuMjau","description":"Kraapimispuud kassidele","publisher":{"@id":"https:\/\/miumjau.ee\/#organization"},"potentialAction":[{"@type":"SearchAction","target":{"@type":"EntryPoint","urlTemplate":"https:\/\/miumjau.ee\/?s={search_term_string}"},"query-input":{"@type":"PropertyValueSpecification","valueRequired":true,"valueName":"search_term_string"}}],"inLanguage":"lv-LV"},{"@type":"Organization","@id":"https:\/\/miumjau.ee\/#organization","name":"MiuMjau O\u00dc","url":"https:\/\/miumjau.ee\/","logo":{"@type":"ImageObject","inLanguage":"lv-LV","@id":"https:\/\/miumjau.ee\/#\/schema\/logo\/image\/","url":"https:\/\/miumjau.ee\/wp-content\/uploads\/2022\/04\/MiuMjau-logo-kollane.png","contentUrl":"https:\/\/miumjau.ee\/wp-content\/uploads\/2022\/04\/MiuMjau-logo-kollane.png","width":219,"height":100,"caption":"MiuMjau O\u00dc"},"image":{"@id":"https:\/\/miumjau.ee\/#\/schema\/logo\/image\/"},"sameAs":["https:\/\/www.facebook.com\/miumjaupood\/"]}]}},"_links":{"self":[{"href":"https:\/\/miumjau.ee\/lv\/wp-json\/wp\/v2\/product\/48023","targetHints":{"allow":["GET"]}}],"collection":[{"href":"https:\/\/miumjau.ee\/lv\/wp-json\/wp\/v2\/product"}],"about":[{"href":"https:\/\/miumjau.ee\/lv\/wp-json\/wp\/v2\/types\/product"}],"wp:featuredmedia":[{"embeddable":true,"href":"https:\/\/miumjau.ee\/lv\/wp-json\/wp\/v2\/media\/48020"}],"wp:attachment":[{"href":"https:\/\/miumjau.ee\/lv\/wp-json\/wp\/v2\/media?parent=48023"}],"wp:term":[{"taxonomy":"product_brand","embeddable":true,"href":"https:\/\/miumjau.ee\/lv\/wp-json\/wp\/v2\/product_brand?post=48023"},{"taxonomy":"product_cat","embeddable":true,"href":"https:\/\/miumjau.ee\/lv\/wp-json\/wp\/v2\/product_cat?post=48023"},{"taxonomy":"product_tag","embeddable":true,"href":"https:\/\/miumjau.ee\/lv\/wp-json\/wp\/v2\/product_tag?post=48023"}],"curies":[{"name":"wp","href":"https:\/\/api.w.org\/{rel}","templated":true}]}}