{"id":48010,"date":"2025-05-29T10:33:27","date_gmt":"2025-05-29T07:33:27","guid":{"rendered":"https:\/\/miumjau.ee\/toode\/bubula-traheja-dabisks-sunu-naskis-frigera-250-g\/"},"modified":"2026-01-07T21:20:24","modified_gmt":"2026-01-07T19:20:24","slug":"bubula-traheja-dabisks-sunu-naskis-frigera-250-g","status":"publish","type":"product","link":"https:\/\/miumjau.ee\/lv\/produkts\/bubula-traheja-dabisks-sunu-naskis-frigera-250-g\/","title":{"rendered":"Bubula traheja, dabisks su\u0146u na\u0161\u0137is Frigera 250 g"},"content":{"rendered":"","protected":false},"excerpt":{"rendered":"<p data-start=\"2885\" data-end=\"2971\">friGERA bubula traheja \u2013 pieejams un nepiecie\u0161ams na\u0161\u0137is tavam stiprajam ko\u0161\u013c\u0101t\u0101jam!<\/p>\n<p data-start=\"2973\" data-end=\"3375\">K\u0101p\u0113c izv\u0113l\u0113ties bubula ga\u013cu? T\u0101 satur maz\u0101k holester\u012bna, vair\u0101k miner\u0101lvielu un maz\u0101k nek\u0101 pusi tauku sal\u012bdzin\u0101jum\u0101 ar parasto lieso ga\u013cu! M\u016bsu bubula traheja ir gar\u0161\u012bgs na\u0161\u0137is, pagatavots no t\u012bras, maigi \u017e\u0101v\u0113tas bubula trahejas \u2013 no dz\u012bvniekiem, kuri tiek audz\u0113ti cilv\u0113ku p\u0101rtikai. \u0160ie br\u012bvi audz\u0113tie bubuli tiek audz\u0113ti bez antibiotik\u0101m, stero\u012bdiem vai hormoniem \u2013 tik dabiski, cik vien iesp\u0113jams!<\/p>\n<p data-start=\"3377\" data-end=\"3671\">\u0160is na\u0161\u0137is sast\u0101v galvenok\u0101rt no skrim\u0161\u013ciem un ir bag\u0101tin\u0101ts ar nelielu tauku daudzumu, lai nodro\u0161in\u0101tu sunim gar\u0161\u012bgu un vilino\u0161u pieredzi. Skrimslis ir dab\u012bgs kolag\u0113na, hondroit\u012bna un glikozam\u012bna avots \u2013 visi svar\u012bgi loc\u012btav\u0101m un mobilit\u0101tei. Papildus \u0161is na\u0161\u0137is lieliski pal\u012bdz t\u012br\u012bt zobus!<\/p>\n<p data-start=\"3673\" data-end=\"3841\">L\u012bdz\u012bgi k\u0101 bubula \u0101da, traheja k\u013c\u016bst m\u012bksta ko\u0161\u013c\u0101jot, padarot to piem\u0113rotu gan ies\u0101c\u0113jiem, gan pieredz\u0113ju\u0161iem ko\u0161\u013c\u0101t\u0101jiem. Perfekts l\u012bdzsvars starp vesel\u012bbu un gar\u0161u!<\/p>\n<p data-start=\"3843\" data-end=\"3867\">Sast\u0101vs: 100 % bubulis<\/p>\n<p data-start=\"3869\" data-end=\"4051\">Lieto\u0161anas instrukcija: Dod starp \u0113dienreiz\u0113m k\u0101 na\u0161\u0137i vai balvu sabalans\u0113ta uztura sast\u0101v\u0101. Vienm\u0113r uzraugi suni ko\u0161\u013c\u0101jot. Vienm\u0113r nodro\u0161ini svaigu \u016bdeni. Nav paredz\u0113ts cilv\u0113kiem.<\/p>\n<p data-start=\"4053\" data-end=\"4128\">Anal\u012btiskais sast\u0101vs: Olbaltumvielas 64,79 %, Tauki 16,02 %, Mitrums 7,67 %<\/p>\n","protected":false},"featured_media":48008,"template":"","meta":[],"product_brand":[],"product_cat":[573,576],"product_tag":[],"class_list":{"0":"post-48010","1":"product","2":"type-product","3":"status-publish","4":"has-post-thumbnail","6":"product_cat-kaup24-lv","7":"product_cat-naski-suniem","9":"first","10":"instock","11":"taxable","12":"shipping-taxable","13":"purchasable","14":"product-type-simple"},"yoast_head":"<!-- This site is optimized with the Yoast SEO plugin v27.4 - https:\/\/yoast.com\/product\/yoast-seo-wordpress\/ -->\n<title>Bubula traheja, dabisks su\u0146u na\u0161\u0137is Frigera 250 g - MiuMjau<\/title>\n<meta name=\"robots\" content=\"index, follow, max-snippet:-1, max-image-preview:large, max-video-preview:-1\" \/>\n<link rel=\"canonical\" href=\"https:\/\/miumjau.ee\/lv\/produkts\/bubula-traheja-dabisks-sunu-naskis-frigera-250-g\/\" \/>\n<meta property=\"og:locale\" content=\"lv_LV\" \/>\n<meta property=\"og:type\" content=\"article\" \/>\n<meta property=\"og:title\" content=\"Bubula traheja, dabisks su\u0146u na\u0161\u0137is Frigera 250 g - MiuMjau\" \/>\n<meta property=\"og:description\" content=\"friGERA bubula traheja \u2013 pieejams un nepiecie\u0161ams na\u0161\u0137is tavam stiprajam ko\u0161\u013c\u0101t\u0101jam! K\u0101p\u0113c izv\u0113l\u0113ties bubula ga\u013cu? T\u0101 satur maz\u0101k holester\u012bna, vair\u0101k miner\u0101lvielu un maz\u0101k nek\u0101 pusi tauku sal\u012bdzin\u0101jum\u0101 ar parasto lieso ga\u013cu! M\u016bsu bubula traheja ir gar\u0161\u012bgs na\u0161\u0137is, pagatavots no t\u012bras, maigi \u017e\u0101v\u0113tas bubula trahejas \u2013 no dz\u012bvniekiem, kuri tiek audz\u0113ti cilv\u0113ku p\u0101rtikai. \u0160ie br\u012bvi audz\u0113tie bubuli tiek audz\u0113ti bez antibiotik\u0101m, stero\u012bdiem vai hormoniem \u2013 tik dabiski, cik vien iesp\u0113jams! \u0160is na\u0161\u0137is sast\u0101v galvenok\u0101rt no skrim\u0161\u013ciem un ir bag\u0101tin\u0101ts ar nelielu tauku daudzumu, lai nodro\u0161in\u0101tu sunim gar\u0161\u012bgu un vilino\u0161u pieredzi. Skrimslis ir dab\u012bgs kolag\u0113na, hondroit\u012bna un glikozam\u012bna avots \u2013 visi svar\u012bgi loc\u012btav\u0101m un mobilit\u0101tei. Papildus \u0161is na\u0161\u0137is lieliski pal\u012bdz t\u012br\u012bt zobus! L\u012bdz\u012bgi k\u0101 bubula \u0101da, traheja k\u013c\u016bst m\u012bksta ko\u0161\u013c\u0101jot, padarot to piem\u0113rotu gan ies\u0101c\u0113jiem, gan pieredz\u0113ju\u0161iem ko\u0161\u013c\u0101t\u0101jiem. Perfekts l\u012bdzsvars starp vesel\u012bbu un gar\u0161u! Sast\u0101vs: 100 % bubulis Lieto\u0161anas instrukcija: Dod starp \u0113dienreiz\u0113m k\u0101 na\u0161\u0137i vai balvu sabalans\u0113ta uztura sast\u0101v\u0101. Vienm\u0113r uzraugi suni ko\u0161\u013c\u0101jot. Vienm\u0113r nodro\u0161ini svaigu \u016bdeni. Nav paredz\u0113ts cilv\u0113kiem. Anal\u012btiskais sast\u0101vs: Olbaltumvielas 64,79 %, Tauki 16,02 %, Mitrums 7,67 %\" \/>\n<meta property=\"og:url\" content=\"https:\/\/miumjau.ee\/lv\/produkts\/bubula-traheja-dabisks-sunu-naskis-frigera-250-g\/\" \/>\n<meta property=\"og:site_name\" content=\"MiuMjau\" \/>\n<meta property=\"article:publisher\" content=\"https:\/\/www.facebook.com\/miumjaupood\/\" \/>\n<meta property=\"article:modified_time\" content=\"2026-01-07T19:20:24+00:00\" \/>\n<meta property=\"og:image\" content=\"https:\/\/miumjau.ee\/wp-content\/uploads\/2025\/05\/frigera-koerte-maius-piisoni-hingetoru-250g-classic-Photoroom.jpg\" \/>\n\t<meta property=\"og:image:width\" content=\"600\" \/>\n\t<meta property=\"og:image:height\" content=\"800\" \/>\n\t<meta property=\"og:image:type\" content=\"image\/jpeg\" \/>\n<meta name=\"twitter:card\" content=\"summary_large_image\" \/>\n<script type=\"application\/ld+json\" class=\"yoast-schema-graph\">{\"@context\":\"https:\\\/\\\/schema.org\",\"@graph\":[{\"@type\":\"WebPage\",\"@id\":\"https:\\\/\\\/miumjau.ee\\\/lv\\\/produkts\\\/bubula-traheja-dabisks-sunu-naskis-frigera-250-g\\\/\",\"url\":\"https:\\\/\\\/miumjau.ee\\\/lv\\\/produkts\\\/bubula-traheja-dabisks-sunu-naskis-frigera-250-g\\\/\",\"name\":\"Bubula traheja, dabisks su\u0146u na\u0161\u0137is Frigera 250 g - MiuMjau\",\"isPartOf\":{\"@id\":\"https:\\\/\\\/miumjau.ee\\\/#website\"},\"primaryImageOfPage\":{\"@id\":\"https:\\\/\\\/miumjau.ee\\\/lv\\\/produkts\\\/bubula-traheja-dabisks-sunu-naskis-frigera-250-g\\\/#primaryimage\"},\"image\":{\"@id\":\"https:\\\/\\\/miumjau.ee\\\/lv\\\/produkts\\\/bubula-traheja-dabisks-sunu-naskis-frigera-250-g\\\/#primaryimage\"},\"thumbnailUrl\":\"https:\\\/\\\/miumjau.ee\\\/wp-content\\\/uploads\\\/2025\\\/05\\\/frigera-koerte-maius-piisoni-hingetoru-250g-classic-Photoroom.jpg\",\"datePublished\":\"2025-05-29T07:33:27+00:00\",\"dateModified\":\"2026-01-07T19:20:24+00:00\",\"breadcrumb\":{\"@id\":\"https:\\\/\\\/miumjau.ee\\\/lv\\\/produkts\\\/bubula-traheja-dabisks-sunu-naskis-frigera-250-g\\\/#breadcrumb\"},\"inLanguage\":\"lv-LV\",\"potentialAction\":[{\"@type\":\"ReadAction\",\"target\":[\"https:\\\/\\\/miumjau.ee\\\/lv\\\/produkts\\\/bubula-traheja-dabisks-sunu-naskis-frigera-250-g\\\/\"]}]},{\"@type\":\"ImageObject\",\"inLanguage\":\"lv-LV\",\"@id\":\"https:\\\/\\\/miumjau.ee\\\/lv\\\/produkts\\\/bubula-traheja-dabisks-sunu-naskis-frigera-250-g\\\/#primaryimage\",\"url\":\"https:\\\/\\\/miumjau.ee\\\/wp-content\\\/uploads\\\/2025\\\/05\\\/frigera-koerte-maius-piisoni-hingetoru-250g-classic-Photoroom.jpg\",\"contentUrl\":\"https:\\\/\\\/miumjau.ee\\\/wp-content\\\/uploads\\\/2025\\\/05\\\/frigera-koerte-maius-piisoni-hingetoru-250g-classic-Photoroom.jpg\",\"width\":600,\"height\":800},{\"@type\":\"BreadcrumbList\",\"@id\":\"https:\\\/\\\/miumjau.ee\\\/lv\\\/produkts\\\/bubula-traheja-dabisks-sunu-naskis-frigera-250-g\\\/#breadcrumb\",\"itemListElement\":[{\"@type\":\"ListItem\",\"position\":1,\"name\":\"Home\",\"item\":\"https:\\\/\\\/miumjau.ee\\\/lv\\\/\"},{\"@type\":\"ListItem\",\"position\":2,\"name\":\"Veikals\",\"item\":\"https:\\\/\\\/miumjau.ee\\\/lv\\\/veikals\\\/\"},{\"@type\":\"ListItem\",\"position\":3,\"name\":\"Bubula traheja, dabisks su\u0146u na\u0161\u0137is Frigera 250 g\"}]},{\"@type\":\"WebSite\",\"@id\":\"https:\\\/\\\/miumjau.ee\\\/#website\",\"url\":\"https:\\\/\\\/miumjau.ee\\\/\",\"name\":\"MiuMjau\",\"description\":\"Kraapimispuud kassidele\",\"publisher\":{\"@id\":\"https:\\\/\\\/miumjau.ee\\\/#organization\"},\"potentialAction\":[{\"@type\":\"SearchAction\",\"target\":{\"@type\":\"EntryPoint\",\"urlTemplate\":\"https:\\\/\\\/miumjau.ee\\\/?s={search_term_string}\"},\"query-input\":{\"@type\":\"PropertyValueSpecification\",\"valueRequired\":true,\"valueName\":\"search_term_string\"}}],\"inLanguage\":\"lv-LV\"},{\"@type\":\"Organization\",\"@id\":\"https:\\\/\\\/miumjau.ee\\\/#organization\",\"name\":\"MiuMjau O\u00dc\",\"url\":\"https:\\\/\\\/miumjau.ee\\\/\",\"logo\":{\"@type\":\"ImageObject\",\"inLanguage\":\"lv-LV\",\"@id\":\"https:\\\/\\\/miumjau.ee\\\/#\\\/schema\\\/logo\\\/image\\\/\",\"url\":\"https:\\\/\\\/miumjau.ee\\\/wp-content\\\/uploads\\\/2022\\\/04\\\/MiuMjau-logo-kollane.png\",\"contentUrl\":\"https:\\\/\\\/miumjau.ee\\\/wp-content\\\/uploads\\\/2022\\\/04\\\/MiuMjau-logo-kollane.png\",\"width\":219,\"height\":100,\"caption\":\"MiuMjau O\u00dc\"},\"image\":{\"@id\":\"https:\\\/\\\/miumjau.ee\\\/#\\\/schema\\\/logo\\\/image\\\/\"},\"sameAs\":[\"https:\\\/\\\/www.facebook.com\\\/miumjaupood\\\/\"]}]}<\/script>\n<!-- \/ Yoast SEO plugin. -->","yoast_head_json":{"title":"Bubula traheja, dabisks su\u0146u na\u0161\u0137is Frigera 250 g - MiuMjau","robots":{"index":"index","follow":"follow","max-snippet":"max-snippet:-1","max-image-preview":"max-image-preview:large","max-video-preview":"max-video-preview:-1"},"canonical":"https:\/\/miumjau.ee\/lv\/produkts\/bubula-traheja-dabisks-sunu-naskis-frigera-250-g\/","og_locale":"lv_LV","og_type":"article","og_title":"Bubula traheja, dabisks su\u0146u na\u0161\u0137is Frigera 250 g - MiuMjau","og_description":"friGERA bubula traheja \u2013 pieejams un nepiecie\u0161ams na\u0161\u0137is tavam stiprajam ko\u0161\u013c\u0101t\u0101jam! K\u0101p\u0113c izv\u0113l\u0113ties bubula ga\u013cu? T\u0101 satur maz\u0101k holester\u012bna, vair\u0101k miner\u0101lvielu un maz\u0101k nek\u0101 pusi tauku sal\u012bdzin\u0101jum\u0101 ar parasto lieso ga\u013cu! M\u016bsu bubula traheja ir gar\u0161\u012bgs na\u0161\u0137is, pagatavots no t\u012bras, maigi \u017e\u0101v\u0113tas bubula trahejas \u2013 no dz\u012bvniekiem, kuri tiek audz\u0113ti cilv\u0113ku p\u0101rtikai. \u0160ie br\u012bvi audz\u0113tie bubuli tiek audz\u0113ti bez antibiotik\u0101m, stero\u012bdiem vai hormoniem \u2013 tik dabiski, cik vien iesp\u0113jams! \u0160is na\u0161\u0137is sast\u0101v galvenok\u0101rt no skrim\u0161\u013ciem un ir bag\u0101tin\u0101ts ar nelielu tauku daudzumu, lai nodro\u0161in\u0101tu sunim gar\u0161\u012bgu un vilino\u0161u pieredzi. Skrimslis ir dab\u012bgs kolag\u0113na, hondroit\u012bna un glikozam\u012bna avots \u2013 visi svar\u012bgi loc\u012btav\u0101m un mobilit\u0101tei. Papildus \u0161is na\u0161\u0137is lieliski pal\u012bdz t\u012br\u012bt zobus! L\u012bdz\u012bgi k\u0101 bubula \u0101da, traheja k\u013c\u016bst m\u012bksta ko\u0161\u013c\u0101jot, padarot to piem\u0113rotu gan ies\u0101c\u0113jiem, gan pieredz\u0113ju\u0161iem ko\u0161\u013c\u0101t\u0101jiem. Perfekts l\u012bdzsvars starp vesel\u012bbu un gar\u0161u! Sast\u0101vs: 100 % bubulis Lieto\u0161anas instrukcija: Dod starp \u0113dienreiz\u0113m k\u0101 na\u0161\u0137i vai balvu sabalans\u0113ta uztura sast\u0101v\u0101. Vienm\u0113r uzraugi suni ko\u0161\u013c\u0101jot. Vienm\u0113r nodro\u0161ini svaigu \u016bdeni. Nav paredz\u0113ts cilv\u0113kiem. Anal\u012btiskais sast\u0101vs: Olbaltumvielas 64,79 %, Tauki 16,02 %, Mitrums 7,67 %","og_url":"https:\/\/miumjau.ee\/lv\/produkts\/bubula-traheja-dabisks-sunu-naskis-frigera-250-g\/","og_site_name":"MiuMjau","article_publisher":"https:\/\/www.facebook.com\/miumjaupood\/","article_modified_time":"2026-01-07T19:20:24+00:00","og_image":[{"width":600,"height":800,"url":"https:\/\/miumjau.ee\/wp-content\/uploads\/2025\/05\/frigera-koerte-maius-piisoni-hingetoru-250g-classic-Photoroom.jpg","type":"image\/jpeg"}],"twitter_card":"summary_large_image","schema":{"@context":"https:\/\/schema.org","@graph":[{"@type":"WebPage","@id":"https:\/\/miumjau.ee\/lv\/produkts\/bubula-traheja-dabisks-sunu-naskis-frigera-250-g\/","url":"https:\/\/miumjau.ee\/lv\/produkts\/bubula-traheja-dabisks-sunu-naskis-frigera-250-g\/","name":"Bubula traheja, dabisks su\u0146u na\u0161\u0137is Frigera 250 g - MiuMjau","isPartOf":{"@id":"https:\/\/miumjau.ee\/#website"},"primaryImageOfPage":{"@id":"https:\/\/miumjau.ee\/lv\/produkts\/bubula-traheja-dabisks-sunu-naskis-frigera-250-g\/#primaryimage"},"image":{"@id":"https:\/\/miumjau.ee\/lv\/produkts\/bubula-traheja-dabisks-sunu-naskis-frigera-250-g\/#primaryimage"},"thumbnailUrl":"https:\/\/miumjau.ee\/wp-content\/uploads\/2025\/05\/frigera-koerte-maius-piisoni-hingetoru-250g-classic-Photoroom.jpg","datePublished":"2025-05-29T07:33:27+00:00","dateModified":"2026-01-07T19:20:24+00:00","breadcrumb":{"@id":"https:\/\/miumjau.ee\/lv\/produkts\/bubula-traheja-dabisks-sunu-naskis-frigera-250-g\/#breadcrumb"},"inLanguage":"lv-LV","potentialAction":[{"@type":"ReadAction","target":["https:\/\/miumjau.ee\/lv\/produkts\/bubula-traheja-dabisks-sunu-naskis-frigera-250-g\/"]}]},{"@type":"ImageObject","inLanguage":"lv-LV","@id":"https:\/\/miumjau.ee\/lv\/produkts\/bubula-traheja-dabisks-sunu-naskis-frigera-250-g\/#primaryimage","url":"https:\/\/miumjau.ee\/wp-content\/uploads\/2025\/05\/frigera-koerte-maius-piisoni-hingetoru-250g-classic-Photoroom.jpg","contentUrl":"https:\/\/miumjau.ee\/wp-content\/uploads\/2025\/05\/frigera-koerte-maius-piisoni-hingetoru-250g-classic-Photoroom.jpg","width":600,"height":800},{"@type":"BreadcrumbList","@id":"https:\/\/miumjau.ee\/lv\/produkts\/bubula-traheja-dabisks-sunu-naskis-frigera-250-g\/#breadcrumb","itemListElement":[{"@type":"ListItem","position":1,"name":"Home","item":"https:\/\/miumjau.ee\/lv\/"},{"@type":"ListItem","position":2,"name":"Veikals","item":"https:\/\/miumjau.ee\/lv\/veikals\/"},{"@type":"ListItem","position":3,"name":"Bubula traheja, dabisks su\u0146u na\u0161\u0137is Frigera 250 g"}]},{"@type":"WebSite","@id":"https:\/\/miumjau.ee\/#website","url":"https:\/\/miumjau.ee\/","name":"MiuMjau","description":"Kraapimispuud kassidele","publisher":{"@id":"https:\/\/miumjau.ee\/#organization"},"potentialAction":[{"@type":"SearchAction","target":{"@type":"EntryPoint","urlTemplate":"https:\/\/miumjau.ee\/?s={search_term_string}"},"query-input":{"@type":"PropertyValueSpecification","valueRequired":true,"valueName":"search_term_string"}}],"inLanguage":"lv-LV"},{"@type":"Organization","@id":"https:\/\/miumjau.ee\/#organization","name":"MiuMjau O\u00dc","url":"https:\/\/miumjau.ee\/","logo":{"@type":"ImageObject","inLanguage":"lv-LV","@id":"https:\/\/miumjau.ee\/#\/schema\/logo\/image\/","url":"https:\/\/miumjau.ee\/wp-content\/uploads\/2022\/04\/MiuMjau-logo-kollane.png","contentUrl":"https:\/\/miumjau.ee\/wp-content\/uploads\/2022\/04\/MiuMjau-logo-kollane.png","width":219,"height":100,"caption":"MiuMjau O\u00dc"},"image":{"@id":"https:\/\/miumjau.ee\/#\/schema\/logo\/image\/"},"sameAs":["https:\/\/www.facebook.com\/miumjaupood\/"]}]}},"_links":{"self":[{"href":"https:\/\/miumjau.ee\/lv\/wp-json\/wp\/v2\/product\/48010","targetHints":{"allow":["GET"]}}],"collection":[{"href":"https:\/\/miumjau.ee\/lv\/wp-json\/wp\/v2\/product"}],"about":[{"href":"https:\/\/miumjau.ee\/lv\/wp-json\/wp\/v2\/types\/product"}],"wp:featuredmedia":[{"embeddable":true,"href":"https:\/\/miumjau.ee\/lv\/wp-json\/wp\/v2\/media\/48008"}],"wp:attachment":[{"href":"https:\/\/miumjau.ee\/lv\/wp-json\/wp\/v2\/media?parent=48010"}],"wp:term":[{"taxonomy":"product_brand","embeddable":true,"href":"https:\/\/miumjau.ee\/lv\/wp-json\/wp\/v2\/product_brand?post=48010"},{"taxonomy":"product_cat","embeddable":true,"href":"https:\/\/miumjau.ee\/lv\/wp-json\/wp\/v2\/product_cat?post=48010"},{"taxonomy":"product_tag","embeddable":true,"href":"https:\/\/miumjau.ee\/lv\/wp-json\/wp\/v2\/product_tag?post=48010"}],"curies":[{"name":"wp","href":"https:\/\/api.w.org\/{rel}","templated":true}]}}