{"id":48003,"date":"2025-05-29T10:34:07","date_gmt":"2025-05-29T07:34:07","guid":{"rendered":"https:\/\/miumjau.ee\/toode\/trusa-ausis-ar-spalvu-dabisks-sunu-naskis-frigera-250-g\/"},"modified":"2026-02-04T10:50:29","modified_gmt":"2026-02-04T08:50:29","slug":"trusa-ausis-ar-spalvu-dabisks-sunu-naskis-frigera-250-g","status":"publish","type":"product","link":"https:\/\/miumjau.ee\/lv\/produkts\/trusa-ausis-ar-spalvu-dabisks-sunu-naskis-frigera-250-g\/","title":{"rendered":"Tru\u0161a ausis ar spalvu, dabisks su\u0146u na\u0161\u0137is Frigera 250 g"},"content":{"rendered":"","protected":false},"excerpt":{"rendered":"<p data-start=\"3090\" data-end=\"3217\">Vai c\u016bku vai liellopu ausis \u0161\u0137iet tav\u0101 sun\u012b p\u0101r\u0101k ierastas? Vai vi\u0146am ir pret t\u0101m nepanesam\u012bba? friGERA tru\u0161u ausis n\u0101k pal\u012bg\u0101!<\/p>\n<p data-start=\"3219\" data-end=\"3429\">M\u016bsu tru\u0161u ausis ir dab\u012bgi na\u0161\u0137i, r\u016bp\u012bgi \u017e\u0101v\u0113ti, lai tie b\u016btu iztur\u012bgi, bet m\u012bkst\u0101ki un lies\u0101ki nek\u0101 l\u012bdz\u012bgi na\u0161\u0137i. \u0160ie olbaltumviel\u0101m bag\u0101tie na\u0161\u0137i ir ide\u0101li piem\u0113roti su\u0146iem ar aler\u0123ij\u0101m vai jut\u012bgu gremo\u0161anu.<\/p>\n<p data-start=\"3431\" data-end=\"3681\">Intens\u012bva ko\u0161\u013c\u0101\u0161ana efekt\u012bvi att\u012bra su\u0146a zobus, un augstais mang\u0101na saturs pal\u012bdz uztur\u0113t stipras loc\u012btavas un vesel\u012bgus saites. Papildus tru\u0161u ausis ir videi draudz\u012bg\u0101ks variants \u2013 tru\u0161u audz\u0113\u0161ana rada maz\u0101ku ietekmi uz vidi nek\u0101 liellopi vai c\u016bkas.<\/p>\n<p data-start=\"3683\" data-end=\"3924\">Turkl\u0101t \u0161ie na\u0161\u0137i lieliski piem\u0113roti lieto\u0161anai telp\u0101s, jo tiem ir maz vai nav smar\u017eas. Ja saglab\u0101jas dab\u012bg\u0101 spalva, t\u0101 var pal\u012bdz\u0113t att\u012br\u012bt su\u0146a gremo\u0161anas sist\u0113mu, imit\u0113jot dabisku pl\u0113s\u0113ju di\u0113tu, kur\u0101 tika \u0113sts upuris ar spalvu un kauliem!<\/p>\n<p data-start=\"3926\" data-end=\"4060\">Pateicoties izm\u0113ram un m\u012bkst\u0101kai tekst\u016brai, tru\u0161u ausis ir piem\u0113rotas ar\u012b maz\u0101kiem su\u0146iem vai su\u0146iem ar v\u0101j\u0101kiem ko\u0161\u013c\u0101\u0161anas musku\u013ciem.<\/p>\n<p data-start=\"4062\" data-end=\"4085\">Sast\u0101vs: 100 % trusis<\/p>\n<p data-start=\"4087\" data-end=\"4270\">Lieto\u0161anas instrukcija: Dod starp \u0113dienreiz\u0113m k\u0101 uzkodu vai balvu k\u0101 sabalans\u0113ta uztura da\u013cu. Vienm\u0113r uzraugi suni ko\u0161\u013c\u0101jot. Vienm\u0113r nodro\u0161ini svaigu \u016bdeni. Nav paredz\u0113ts cilv\u0113kiem.<\/p>\n<p data-start=\"4272\" data-end=\"4345\">Anal\u012btiskais sast\u0101vs: Olbaltumvielas 56,5 %, Tauki 33,4 %, Mitrums 9,06 %<\/p>\n","protected":false},"featured_media":48004,"template":"","meta":[],"product_brand":[],"product_cat":[576],"product_tag":[],"class_list":{"0":"post-48003","1":"product","2":"type-product","3":"status-publish","4":"has-post-thumbnail","6":"product_cat-naski-suniem","8":"first","9":"instock","10":"taxable","11":"shipping-taxable","12":"purchasable","13":"product-type-simple"},"yoast_head":"<!-- This site is optimized with the Yoast SEO plugin v27.2 - https:\/\/yoast.com\/product\/yoast-seo-wordpress\/ -->\n<title>Tru\u0161a ausis ar spalvu, dabisks su\u0146u na\u0161\u0137is Frigera 250 g - MiuMjau<\/title>\n<meta name=\"robots\" content=\"index, follow, max-snippet:-1, max-image-preview:large, max-video-preview:-1\" \/>\n<link rel=\"canonical\" href=\"https:\/\/miumjau.ee\/lv\/produkts\/trusa-ausis-ar-spalvu-dabisks-sunu-naskis-frigera-250-g\/\" \/>\n<meta property=\"og:locale\" content=\"lv_LV\" \/>\n<meta property=\"og:type\" content=\"article\" \/>\n<meta property=\"og:title\" content=\"Tru\u0161a ausis ar spalvu, dabisks su\u0146u na\u0161\u0137is Frigera 250 g - MiuMjau\" \/>\n<meta property=\"og:description\" content=\"Vai c\u016bku vai liellopu ausis \u0161\u0137iet tav\u0101 sun\u012b p\u0101r\u0101k ierastas? Vai vi\u0146am ir pret t\u0101m nepanesam\u012bba? friGERA tru\u0161u ausis n\u0101k pal\u012bg\u0101! M\u016bsu tru\u0161u ausis ir dab\u012bgi na\u0161\u0137i, r\u016bp\u012bgi \u017e\u0101v\u0113ti, lai tie b\u016btu iztur\u012bgi, bet m\u012bkst\u0101ki un lies\u0101ki nek\u0101 l\u012bdz\u012bgi na\u0161\u0137i. \u0160ie olbaltumviel\u0101m bag\u0101tie na\u0161\u0137i ir ide\u0101li piem\u0113roti su\u0146iem ar aler\u0123ij\u0101m vai jut\u012bgu gremo\u0161anu. Intens\u012bva ko\u0161\u013c\u0101\u0161ana efekt\u012bvi att\u012bra su\u0146a zobus, un augstais mang\u0101na saturs pal\u012bdz uztur\u0113t stipras loc\u012btavas un vesel\u012bgus saites. Papildus tru\u0161u ausis ir videi draudz\u012bg\u0101ks variants \u2013 tru\u0161u audz\u0113\u0161ana rada maz\u0101ku ietekmi uz vidi nek\u0101 liellopi vai c\u016bkas. Turkl\u0101t \u0161ie na\u0161\u0137i lieliski piem\u0113roti lieto\u0161anai telp\u0101s, jo tiem ir maz vai nav smar\u017eas. Ja saglab\u0101jas dab\u012bg\u0101 spalva, t\u0101 var pal\u012bdz\u0113t att\u012br\u012bt su\u0146a gremo\u0161anas sist\u0113mu, imit\u0113jot dabisku pl\u0113s\u0113ju di\u0113tu, kur\u0101 tika \u0113sts upuris ar spalvu un kauliem! Pateicoties izm\u0113ram un m\u012bkst\u0101kai tekst\u016brai, tru\u0161u ausis ir piem\u0113rotas ar\u012b maz\u0101kiem su\u0146iem vai su\u0146iem ar v\u0101j\u0101kiem ko\u0161\u013c\u0101\u0161anas musku\u013ciem. Sast\u0101vs: 100 % trusis Lieto\u0161anas instrukcija: Dod starp \u0113dienreiz\u0113m k\u0101 uzkodu vai balvu k\u0101 sabalans\u0113ta uztura da\u013cu. Vienm\u0113r uzraugi suni ko\u0161\u013c\u0101jot. Vienm\u0113r nodro\u0161ini svaigu \u016bdeni. Nav paredz\u0113ts cilv\u0113kiem. Anal\u012btiskais sast\u0101vs: Olbaltumvielas 56,5 %, Tauki 33,4 %, Mitrums 9,06 %\" \/>\n<meta property=\"og:url\" content=\"https:\/\/miumjau.ee\/lv\/produkts\/trusa-ausis-ar-spalvu-dabisks-sunu-naskis-frigera-250-g\/\" \/>\n<meta property=\"og:site_name\" content=\"MiuMjau\" \/>\n<meta property=\"article:publisher\" content=\"https:\/\/www.facebook.com\/miumjaupood\/\" \/>\n<meta property=\"article:modified_time\" content=\"2026-02-04T08:50:29+00:00\" \/>\n<meta property=\"og:image\" content=\"https:\/\/miumjau.ee\/wp-content\/uploads\/2025\/05\/frigera-koerte-maius-janese-korvad-karvaga-250g-classic-Photoroom.webp\" \/>\n\t<meta property=\"og:image:width\" content=\"600\" \/>\n\t<meta property=\"og:image:height\" content=\"800\" \/>\n\t<meta property=\"og:image:type\" content=\"image\/webp\" \/>\n<meta name=\"twitter:card\" content=\"summary_large_image\" \/>\n<script type=\"application\/ld+json\" class=\"yoast-schema-graph\">{\"@context\":\"https:\/\/schema.org\",\"@graph\":[{\"@type\":\"WebPage\",\"@id\":\"https:\/\/miumjau.ee\/lv\/produkts\/trusa-ausis-ar-spalvu-dabisks-sunu-naskis-frigera-250-g\/\",\"url\":\"https:\/\/miumjau.ee\/lv\/produkts\/trusa-ausis-ar-spalvu-dabisks-sunu-naskis-frigera-250-g\/\",\"name\":\"Tru\u0161a ausis ar spalvu, dabisks su\u0146u na\u0161\u0137is Frigera 250 g - MiuMjau\",\"isPartOf\":{\"@id\":\"https:\/\/miumjau.ee\/#website\"},\"primaryImageOfPage\":{\"@id\":\"https:\/\/miumjau.ee\/lv\/produkts\/trusa-ausis-ar-spalvu-dabisks-sunu-naskis-frigera-250-g\/#primaryimage\"},\"image\":{\"@id\":\"https:\/\/miumjau.ee\/lv\/produkts\/trusa-ausis-ar-spalvu-dabisks-sunu-naskis-frigera-250-g\/#primaryimage\"},\"thumbnailUrl\":\"https:\/\/miumjau.ee\/wp-content\/uploads\/2025\/05\/frigera-koerte-maius-janese-korvad-karvaga-250g-classic-Photoroom.webp\",\"datePublished\":\"2025-05-29T07:34:07+00:00\",\"dateModified\":\"2026-02-04T08:50:29+00:00\",\"breadcrumb\":{\"@id\":\"https:\/\/miumjau.ee\/lv\/produkts\/trusa-ausis-ar-spalvu-dabisks-sunu-naskis-frigera-250-g\/#breadcrumb\"},\"inLanguage\":\"lv-LV\",\"potentialAction\":[{\"@type\":\"ReadAction\",\"target\":[\"https:\/\/miumjau.ee\/lv\/produkts\/trusa-ausis-ar-spalvu-dabisks-sunu-naskis-frigera-250-g\/\"]}]},{\"@type\":\"ImageObject\",\"inLanguage\":\"lv-LV\",\"@id\":\"https:\/\/miumjau.ee\/lv\/produkts\/trusa-ausis-ar-spalvu-dabisks-sunu-naskis-frigera-250-g\/#primaryimage\",\"url\":\"https:\/\/miumjau.ee\/wp-content\/uploads\/2025\/05\/frigera-koerte-maius-janese-korvad-karvaga-250g-classic-Photoroom.webp\",\"contentUrl\":\"https:\/\/miumjau.ee\/wp-content\/uploads\/2025\/05\/frigera-koerte-maius-janese-korvad-karvaga-250g-classic-Photoroom.webp\",\"width\":600,\"height\":800},{\"@type\":\"BreadcrumbList\",\"@id\":\"https:\/\/miumjau.ee\/lv\/produkts\/trusa-ausis-ar-spalvu-dabisks-sunu-naskis-frigera-250-g\/#breadcrumb\",\"itemListElement\":[{\"@type\":\"ListItem\",\"position\":1,\"name\":\"Home\",\"item\":\"https:\/\/miumjau.ee\/lv\/\"},{\"@type\":\"ListItem\",\"position\":2,\"name\":\"Veikals\",\"item\":\"https:\/\/miumjau.ee\/lv\/veikals\/\"},{\"@type\":\"ListItem\",\"position\":3,\"name\":\"Tru\u0161a ausis ar spalvu, dabisks su\u0146u na\u0161\u0137is Frigera 250 g\"}]},{\"@type\":\"WebSite\",\"@id\":\"https:\/\/miumjau.ee\/#website\",\"url\":\"https:\/\/miumjau.ee\/\",\"name\":\"MiuMjau\",\"description\":\"Kraapimispuud kassidele\",\"publisher\":{\"@id\":\"https:\/\/miumjau.ee\/#organization\"},\"potentialAction\":[{\"@type\":\"SearchAction\",\"target\":{\"@type\":\"EntryPoint\",\"urlTemplate\":\"https:\/\/miumjau.ee\/?s={search_term_string}\"},\"query-input\":{\"@type\":\"PropertyValueSpecification\",\"valueRequired\":true,\"valueName\":\"search_term_string\"}}],\"inLanguage\":\"lv-LV\"},{\"@type\":\"Organization\",\"@id\":\"https:\/\/miumjau.ee\/#organization\",\"name\":\"MiuMjau O\u00dc\",\"url\":\"https:\/\/miumjau.ee\/\",\"logo\":{\"@type\":\"ImageObject\",\"inLanguage\":\"lv-LV\",\"@id\":\"https:\/\/miumjau.ee\/#\/schema\/logo\/image\/\",\"url\":\"https:\/\/miumjau.ee\/wp-content\/uploads\/2022\/04\/MiuMjau-logo-kollane.png\",\"contentUrl\":\"https:\/\/miumjau.ee\/wp-content\/uploads\/2022\/04\/MiuMjau-logo-kollane.png\",\"width\":219,\"height\":100,\"caption\":\"MiuMjau O\u00dc\"},\"image\":{\"@id\":\"https:\/\/miumjau.ee\/#\/schema\/logo\/image\/\"},\"sameAs\":[\"https:\/\/www.facebook.com\/miumjaupood\/\"]}]}<\/script>\n<!-- \/ Yoast SEO plugin. -->","yoast_head_json":{"title":"Tru\u0161a ausis ar spalvu, dabisks su\u0146u na\u0161\u0137is Frigera 250 g - MiuMjau","robots":{"index":"index","follow":"follow","max-snippet":"max-snippet:-1","max-image-preview":"max-image-preview:large","max-video-preview":"max-video-preview:-1"},"canonical":"https:\/\/miumjau.ee\/lv\/produkts\/trusa-ausis-ar-spalvu-dabisks-sunu-naskis-frigera-250-g\/","og_locale":"lv_LV","og_type":"article","og_title":"Tru\u0161a ausis ar spalvu, dabisks su\u0146u na\u0161\u0137is Frigera 250 g - MiuMjau","og_description":"Vai c\u016bku vai liellopu ausis \u0161\u0137iet tav\u0101 sun\u012b p\u0101r\u0101k ierastas? Vai vi\u0146am ir pret t\u0101m nepanesam\u012bba? friGERA tru\u0161u ausis n\u0101k pal\u012bg\u0101! M\u016bsu tru\u0161u ausis ir dab\u012bgi na\u0161\u0137i, r\u016bp\u012bgi \u017e\u0101v\u0113ti, lai tie b\u016btu iztur\u012bgi, bet m\u012bkst\u0101ki un lies\u0101ki nek\u0101 l\u012bdz\u012bgi na\u0161\u0137i. \u0160ie olbaltumviel\u0101m bag\u0101tie na\u0161\u0137i ir ide\u0101li piem\u0113roti su\u0146iem ar aler\u0123ij\u0101m vai jut\u012bgu gremo\u0161anu. Intens\u012bva ko\u0161\u013c\u0101\u0161ana efekt\u012bvi att\u012bra su\u0146a zobus, un augstais mang\u0101na saturs pal\u012bdz uztur\u0113t stipras loc\u012btavas un vesel\u012bgus saites. Papildus tru\u0161u ausis ir videi draudz\u012bg\u0101ks variants \u2013 tru\u0161u audz\u0113\u0161ana rada maz\u0101ku ietekmi uz vidi nek\u0101 liellopi vai c\u016bkas. Turkl\u0101t \u0161ie na\u0161\u0137i lieliski piem\u0113roti lieto\u0161anai telp\u0101s, jo tiem ir maz vai nav smar\u017eas. Ja saglab\u0101jas dab\u012bg\u0101 spalva, t\u0101 var pal\u012bdz\u0113t att\u012br\u012bt su\u0146a gremo\u0161anas sist\u0113mu, imit\u0113jot dabisku pl\u0113s\u0113ju di\u0113tu, kur\u0101 tika \u0113sts upuris ar spalvu un kauliem! Pateicoties izm\u0113ram un m\u012bkst\u0101kai tekst\u016brai, tru\u0161u ausis ir piem\u0113rotas ar\u012b maz\u0101kiem su\u0146iem vai su\u0146iem ar v\u0101j\u0101kiem ko\u0161\u013c\u0101\u0161anas musku\u013ciem. Sast\u0101vs: 100 % trusis Lieto\u0161anas instrukcija: Dod starp \u0113dienreiz\u0113m k\u0101 uzkodu vai balvu k\u0101 sabalans\u0113ta uztura da\u013cu. Vienm\u0113r uzraugi suni ko\u0161\u013c\u0101jot. Vienm\u0113r nodro\u0161ini svaigu \u016bdeni. Nav paredz\u0113ts cilv\u0113kiem. Anal\u012btiskais sast\u0101vs: Olbaltumvielas 56,5 %, Tauki 33,4 %, Mitrums 9,06 %","og_url":"https:\/\/miumjau.ee\/lv\/produkts\/trusa-ausis-ar-spalvu-dabisks-sunu-naskis-frigera-250-g\/","og_site_name":"MiuMjau","article_publisher":"https:\/\/www.facebook.com\/miumjaupood\/","article_modified_time":"2026-02-04T08:50:29+00:00","og_image":[{"width":600,"height":800,"url":"https:\/\/miumjau.ee\/wp-content\/uploads\/2025\/05\/frigera-koerte-maius-janese-korvad-karvaga-250g-classic-Photoroom.webp","type":"image\/webp"}],"twitter_card":"summary_large_image","schema":{"@context":"https:\/\/schema.org","@graph":[{"@type":"WebPage","@id":"https:\/\/miumjau.ee\/lv\/produkts\/trusa-ausis-ar-spalvu-dabisks-sunu-naskis-frigera-250-g\/","url":"https:\/\/miumjau.ee\/lv\/produkts\/trusa-ausis-ar-spalvu-dabisks-sunu-naskis-frigera-250-g\/","name":"Tru\u0161a ausis ar spalvu, dabisks su\u0146u na\u0161\u0137is Frigera 250 g - MiuMjau","isPartOf":{"@id":"https:\/\/miumjau.ee\/#website"},"primaryImageOfPage":{"@id":"https:\/\/miumjau.ee\/lv\/produkts\/trusa-ausis-ar-spalvu-dabisks-sunu-naskis-frigera-250-g\/#primaryimage"},"image":{"@id":"https:\/\/miumjau.ee\/lv\/produkts\/trusa-ausis-ar-spalvu-dabisks-sunu-naskis-frigera-250-g\/#primaryimage"},"thumbnailUrl":"https:\/\/miumjau.ee\/wp-content\/uploads\/2025\/05\/frigera-koerte-maius-janese-korvad-karvaga-250g-classic-Photoroom.webp","datePublished":"2025-05-29T07:34:07+00:00","dateModified":"2026-02-04T08:50:29+00:00","breadcrumb":{"@id":"https:\/\/miumjau.ee\/lv\/produkts\/trusa-ausis-ar-spalvu-dabisks-sunu-naskis-frigera-250-g\/#breadcrumb"},"inLanguage":"lv-LV","potentialAction":[{"@type":"ReadAction","target":["https:\/\/miumjau.ee\/lv\/produkts\/trusa-ausis-ar-spalvu-dabisks-sunu-naskis-frigera-250-g\/"]}]},{"@type":"ImageObject","inLanguage":"lv-LV","@id":"https:\/\/miumjau.ee\/lv\/produkts\/trusa-ausis-ar-spalvu-dabisks-sunu-naskis-frigera-250-g\/#primaryimage","url":"https:\/\/miumjau.ee\/wp-content\/uploads\/2025\/05\/frigera-koerte-maius-janese-korvad-karvaga-250g-classic-Photoroom.webp","contentUrl":"https:\/\/miumjau.ee\/wp-content\/uploads\/2025\/05\/frigera-koerte-maius-janese-korvad-karvaga-250g-classic-Photoroom.webp","width":600,"height":800},{"@type":"BreadcrumbList","@id":"https:\/\/miumjau.ee\/lv\/produkts\/trusa-ausis-ar-spalvu-dabisks-sunu-naskis-frigera-250-g\/#breadcrumb","itemListElement":[{"@type":"ListItem","position":1,"name":"Home","item":"https:\/\/miumjau.ee\/lv\/"},{"@type":"ListItem","position":2,"name":"Veikals","item":"https:\/\/miumjau.ee\/lv\/veikals\/"},{"@type":"ListItem","position":3,"name":"Tru\u0161a ausis ar spalvu, dabisks su\u0146u na\u0161\u0137is Frigera 250 g"}]},{"@type":"WebSite","@id":"https:\/\/miumjau.ee\/#website","url":"https:\/\/miumjau.ee\/","name":"MiuMjau","description":"Kraapimispuud kassidele","publisher":{"@id":"https:\/\/miumjau.ee\/#organization"},"potentialAction":[{"@type":"SearchAction","target":{"@type":"EntryPoint","urlTemplate":"https:\/\/miumjau.ee\/?s={search_term_string}"},"query-input":{"@type":"PropertyValueSpecification","valueRequired":true,"valueName":"search_term_string"}}],"inLanguage":"lv-LV"},{"@type":"Organization","@id":"https:\/\/miumjau.ee\/#organization","name":"MiuMjau O\u00dc","url":"https:\/\/miumjau.ee\/","logo":{"@type":"ImageObject","inLanguage":"lv-LV","@id":"https:\/\/miumjau.ee\/#\/schema\/logo\/image\/","url":"https:\/\/miumjau.ee\/wp-content\/uploads\/2022\/04\/MiuMjau-logo-kollane.png","contentUrl":"https:\/\/miumjau.ee\/wp-content\/uploads\/2022\/04\/MiuMjau-logo-kollane.png","width":219,"height":100,"caption":"MiuMjau O\u00dc"},"image":{"@id":"https:\/\/miumjau.ee\/#\/schema\/logo\/image\/"},"sameAs":["https:\/\/www.facebook.com\/miumjaupood\/"]}]}},"_links":{"self":[{"href":"https:\/\/miumjau.ee\/lv\/wp-json\/wp\/v2\/product\/48003","targetHints":{"allow":["GET"]}}],"collection":[{"href":"https:\/\/miumjau.ee\/lv\/wp-json\/wp\/v2\/product"}],"about":[{"href":"https:\/\/miumjau.ee\/lv\/wp-json\/wp\/v2\/types\/product"}],"wp:featuredmedia":[{"embeddable":true,"href":"https:\/\/miumjau.ee\/lv\/wp-json\/wp\/v2\/media\/48004"}],"wp:attachment":[{"href":"https:\/\/miumjau.ee\/lv\/wp-json\/wp\/v2\/media?parent=48003"}],"wp:term":[{"taxonomy":"product_brand","embeddable":true,"href":"https:\/\/miumjau.ee\/lv\/wp-json\/wp\/v2\/product_brand?post=48003"},{"taxonomy":"product_cat","embeddable":true,"href":"https:\/\/miumjau.ee\/lv\/wp-json\/wp\/v2\/product_cat?post=48003"},{"taxonomy":"product_tag","embeddable":true,"href":"https:\/\/miumjau.ee\/lv\/wp-json\/wp\/v2\/product_tag?post=48003"}],"curies":[{"name":"wp","href":"https:\/\/api.w.org\/{rel}","templated":true}]}}