{"id":47997,"date":"2025-05-29T10:43:44","date_gmt":"2025-05-29T07:43:44","guid":{"rendered":"https:\/\/miumjau.ee\/toode\/cukas-ausis-dabisks-sunu-naskis-frigera-200-g\/"},"modified":"2026-01-07T21:20:24","modified_gmt":"2026-01-07T19:20:24","slug":"cukas-ausis-dabisks-sunu-naskis-frigera-200-g","status":"publish","type":"product","link":"https:\/\/miumjau.ee\/lv\/produkts\/cukas-ausis-dabisks-sunu-naskis-frigera-200-g\/","title":{"rendered":"C\u016bkas ausis, dabisks su\u0146u na\u0161\u0137is Frigera 200 g"},"content":{"rendered":"","protected":false},"excerpt":{"rendered":"<p data-start=\"3225\" data-end=\"3445\">Vai mekl\u0113 neticami gar\u0161\u012bgu, iztur\u012bgu un piln\u012bgi dabisku ko\u0161\u013c\u0101jamo na\u0161\u0137i savam m\u012b\u013cajam spalvainajam \u0123imenes loceklim? Mums ir ide\u0101la izv\u0113le! Iepaz\u012bsties ar \u012bstu klasiku dab\u012bgo \u017e\u0101v\u0113to su\u0146u na\u0161\u0137u vid\u016b \u2013 friGERA c\u016bkas ausis!<\/p>\n<p data-start=\"3447\" data-end=\"3895\">M\u016bsu c\u016bkas ausis ir gatavotas no lab\u0101kaj\u0101m svaigi ieg\u016bt\u0101m izejviel\u0101m, r\u016bp\u012bgi \u017e\u0101v\u0113tas. T\u0101s ir ar\u012b lielisks olbaltumvielu avots, kas ir svar\u012bgi vesel\u012bgas musku\u013cu sist\u0113mas atbalstam. T\u0101 k\u0101 c\u016bkas ausis galvenok\u0101rt sast\u0101v no skrim\u0161\u013ciem un \u0101das, t\u0101s pal\u012bdz saglab\u0101t su\u0146a zobus un smaganas vesel\u012bgas. T\u0101m pat ir neliela priek\u0161roc\u012bba sal\u012bdzin\u0101jum\u0101 ar l\u012bdz\u012bgiem na\u0161\u0137iem no cit\u0101m dz\u012bvnieku sug\u0101m, jo c\u016bkas \u0101da parasti ir m\u012bkst\u0101ka un saudz\u012bg\u0101ka su\u0146a smagan\u0101m.<\/p>\n<p data-start=\"3897\" data-end=\"4237\">C\u016bkas ausis satur vair\u0101k tauku nek\u0101 citi dab\u012bgie \u017e\u0101v\u0113ti na\u0161\u0137i, bet tas nav probl\u0113ma, ja tos dod m\u0113ren\u012bb\u0101. Tauki pie\u0161\u0137ir gar\u0161u un ir iemesls, k\u0101p\u0113c su\u0146i tos tik \u013coti m\u012bl. Turkl\u0101t tauki ir labs ener\u0123ijas avots su\u0146iem, jo vi\u0146u vielmai\u0146a un aktivit\u0101tes mode\u013ci at\u0161\u0137iras no cilv\u0113kiem \u2013 vi\u0146iem nepiecie\u0161ama un tiek pat\u0113r\u0113ta daudz vair\u0101k ener\u0123ijas!<\/p>\n<p data-start=\"4239\" data-end=\"4347\">Neatkar\u012bgi no su\u0146a lieluma vai vecuma, vi\u0146\u0161 nesp\u0113s pretoties friGERA gardo c\u016bkas ausu rakstur\u012bgajai smar\u017eai!<\/p>\n<p data-start=\"4349\" data-end=\"4370\">Sast\u0101vs: 100 % c\u016bka<\/p>\n<p data-start=\"4372\" data-end=\"4554\">Lieto\u0161anas instrukcija: Dod starp \u0113dienreiz\u0113m k\u0101 na\u0161\u0137i vai balvu sabalans\u0113ta uztura sast\u0101v\u0101. Vienm\u0113r uzraugi suni ko\u0161\u013c\u0101jot. Vienm\u0113r nodro\u0161ini svaigu \u016bdeni. Nav paredz\u0113ts cilv\u0113kiem.<\/p>\n<p data-start=\"4556\" data-end=\"4626\">Anal\u012btiskais sast\u0101vs: Olbaltumvielas 68 %, Tauki 24,1 %, Mitrums 9,7 %<\/p>\n","protected":false},"featured_media":47998,"template":"","meta":[],"product_brand":[],"product_cat":[576],"product_tag":[],"class_list":{"0":"post-47997","1":"product","2":"type-product","3":"status-publish","4":"has-post-thumbnail","6":"product_cat-naski-suniem","8":"first","9":"instock","10":"sale","11":"taxable","12":"shipping-taxable","13":"purchasable","14":"product-type-simple"},"yoast_head":"<!-- This site is optimized with the Yoast SEO plugin v27.2 - https:\/\/yoast.com\/product\/yoast-seo-wordpress\/ -->\n<title>C\u016bkas ausis, dabisks su\u0146u na\u0161\u0137is Frigera 200 g - MiuMjau<\/title>\n<meta name=\"robots\" content=\"index, follow, max-snippet:-1, max-image-preview:large, max-video-preview:-1\" \/>\n<link rel=\"canonical\" href=\"https:\/\/miumjau.ee\/lv\/produkts\/cukas-ausis-dabisks-sunu-naskis-frigera-200-g\/\" \/>\n<meta property=\"og:locale\" content=\"lv_LV\" \/>\n<meta property=\"og:type\" content=\"article\" \/>\n<meta property=\"og:title\" content=\"C\u016bkas ausis, dabisks su\u0146u na\u0161\u0137is Frigera 200 g - MiuMjau\" \/>\n<meta property=\"og:description\" content=\"Vai mekl\u0113 neticami gar\u0161\u012bgu, iztur\u012bgu un piln\u012bgi dabisku ko\u0161\u013c\u0101jamo na\u0161\u0137i savam m\u012b\u013cajam spalvainajam \u0123imenes loceklim? Mums ir ide\u0101la izv\u0113le! Iepaz\u012bsties ar \u012bstu klasiku dab\u012bgo \u017e\u0101v\u0113to su\u0146u na\u0161\u0137u vid\u016b \u2013 friGERA c\u016bkas ausis! M\u016bsu c\u016bkas ausis ir gatavotas no lab\u0101kaj\u0101m svaigi ieg\u016bt\u0101m izejviel\u0101m, r\u016bp\u012bgi \u017e\u0101v\u0113tas. T\u0101s ir ar\u012b lielisks olbaltumvielu avots, kas ir svar\u012bgi vesel\u012bgas musku\u013cu sist\u0113mas atbalstam. T\u0101 k\u0101 c\u016bkas ausis galvenok\u0101rt sast\u0101v no skrim\u0161\u013ciem un \u0101das, t\u0101s pal\u012bdz saglab\u0101t su\u0146a zobus un smaganas vesel\u012bgas. T\u0101m pat ir neliela priek\u0161roc\u012bba sal\u012bdzin\u0101jum\u0101 ar l\u012bdz\u012bgiem na\u0161\u0137iem no cit\u0101m dz\u012bvnieku sug\u0101m, jo c\u016bkas \u0101da parasti ir m\u012bkst\u0101ka un saudz\u012bg\u0101ka su\u0146a smagan\u0101m. C\u016bkas ausis satur vair\u0101k tauku nek\u0101 citi dab\u012bgie \u017e\u0101v\u0113ti na\u0161\u0137i, bet tas nav probl\u0113ma, ja tos dod m\u0113ren\u012bb\u0101. Tauki pie\u0161\u0137ir gar\u0161u un ir iemesls, k\u0101p\u0113c su\u0146i tos tik \u013coti m\u012bl. Turkl\u0101t tauki ir labs ener\u0123ijas avots su\u0146iem, jo vi\u0146u vielmai\u0146a un aktivit\u0101tes mode\u013ci at\u0161\u0137iras no cilv\u0113kiem \u2013 vi\u0146iem nepiecie\u0161ama un tiek pat\u0113r\u0113ta daudz vair\u0101k ener\u0123ijas! Neatkar\u012bgi no su\u0146a lieluma vai vecuma, vi\u0146\u0161 nesp\u0113s pretoties friGERA gardo c\u016bkas ausu rakstur\u012bgajai smar\u017eai! Sast\u0101vs: 100 % c\u016bka Lieto\u0161anas instrukcija: Dod starp \u0113dienreiz\u0113m k\u0101 na\u0161\u0137i vai balvu sabalans\u0113ta uztura sast\u0101v\u0101. Vienm\u0113r uzraugi suni ko\u0161\u013c\u0101jot. Vienm\u0113r nodro\u0161ini svaigu \u016bdeni. Nav paredz\u0113ts cilv\u0113kiem. Anal\u012btiskais sast\u0101vs: Olbaltumvielas 68 %, Tauki 24,1 %, Mitrums 9,7 %\" \/>\n<meta property=\"og:url\" content=\"https:\/\/miumjau.ee\/lv\/produkts\/cukas-ausis-dabisks-sunu-naskis-frigera-200-g\/\" \/>\n<meta property=\"og:site_name\" content=\"MiuMjau\" \/>\n<meta property=\"article:publisher\" content=\"https:\/\/www.facebook.com\/miumjaupood\/\" \/>\n<meta property=\"article:modified_time\" content=\"2026-01-07T19:20:24+00:00\" \/>\n<meta property=\"og:image\" content=\"https:\/\/miumjau.ee\/wp-content\/uploads\/2025\/05\/frigera-koerte-maius-seakorvad-200-g-1-Photoroom.webp\" \/>\n\t<meta property=\"og:image:width\" content=\"600\" \/>\n\t<meta property=\"og:image:height\" content=\"800\" \/>\n\t<meta property=\"og:image:type\" content=\"image\/webp\" \/>\n<meta name=\"twitter:card\" content=\"summary_large_image\" \/>\n<script type=\"application\/ld+json\" class=\"yoast-schema-graph\">{\"@context\":\"https:\/\/schema.org\",\"@graph\":[{\"@type\":\"WebPage\",\"@id\":\"https:\/\/miumjau.ee\/lv\/produkts\/cukas-ausis-dabisks-sunu-naskis-frigera-200-g\/\",\"url\":\"https:\/\/miumjau.ee\/lv\/produkts\/cukas-ausis-dabisks-sunu-naskis-frigera-200-g\/\",\"name\":\"C\u016bkas ausis, dabisks su\u0146u na\u0161\u0137is Frigera 200 g - MiuMjau\",\"isPartOf\":{\"@id\":\"https:\/\/miumjau.ee\/#website\"},\"primaryImageOfPage\":{\"@id\":\"https:\/\/miumjau.ee\/lv\/produkts\/cukas-ausis-dabisks-sunu-naskis-frigera-200-g\/#primaryimage\"},\"image\":{\"@id\":\"https:\/\/miumjau.ee\/lv\/produkts\/cukas-ausis-dabisks-sunu-naskis-frigera-200-g\/#primaryimage\"},\"thumbnailUrl\":\"https:\/\/miumjau.ee\/wp-content\/uploads\/2025\/05\/frigera-koerte-maius-seakorvad-200-g-1-Photoroom.webp\",\"datePublished\":\"2025-05-29T07:43:44+00:00\",\"dateModified\":\"2026-01-07T19:20:24+00:00\",\"breadcrumb\":{\"@id\":\"https:\/\/miumjau.ee\/lv\/produkts\/cukas-ausis-dabisks-sunu-naskis-frigera-200-g\/#breadcrumb\"},\"inLanguage\":\"lv-LV\",\"potentialAction\":[{\"@type\":\"ReadAction\",\"target\":[\"https:\/\/miumjau.ee\/lv\/produkts\/cukas-ausis-dabisks-sunu-naskis-frigera-200-g\/\"]}]},{\"@type\":\"ImageObject\",\"inLanguage\":\"lv-LV\",\"@id\":\"https:\/\/miumjau.ee\/lv\/produkts\/cukas-ausis-dabisks-sunu-naskis-frigera-200-g\/#primaryimage\",\"url\":\"https:\/\/miumjau.ee\/wp-content\/uploads\/2025\/05\/frigera-koerte-maius-seakorvad-200-g-1-Photoroom.webp\",\"contentUrl\":\"https:\/\/miumjau.ee\/wp-content\/uploads\/2025\/05\/frigera-koerte-maius-seakorvad-200-g-1-Photoroom.webp\",\"width\":600,\"height\":800},{\"@type\":\"BreadcrumbList\",\"@id\":\"https:\/\/miumjau.ee\/lv\/produkts\/cukas-ausis-dabisks-sunu-naskis-frigera-200-g\/#breadcrumb\",\"itemListElement\":[{\"@type\":\"ListItem\",\"position\":1,\"name\":\"Home\",\"item\":\"https:\/\/miumjau.ee\/lv\/\"},{\"@type\":\"ListItem\",\"position\":2,\"name\":\"Veikals\",\"item\":\"https:\/\/miumjau.ee\/lv\/veikals\/\"},{\"@type\":\"ListItem\",\"position\":3,\"name\":\"C\u016bkas ausis, dabisks su\u0146u na\u0161\u0137is Frigera 200 g\"}]},{\"@type\":\"WebSite\",\"@id\":\"https:\/\/miumjau.ee\/#website\",\"url\":\"https:\/\/miumjau.ee\/\",\"name\":\"MiuMjau\",\"description\":\"Kraapimispuud kassidele\",\"publisher\":{\"@id\":\"https:\/\/miumjau.ee\/#organization\"},\"potentialAction\":[{\"@type\":\"SearchAction\",\"target\":{\"@type\":\"EntryPoint\",\"urlTemplate\":\"https:\/\/miumjau.ee\/?s={search_term_string}\"},\"query-input\":{\"@type\":\"PropertyValueSpecification\",\"valueRequired\":true,\"valueName\":\"search_term_string\"}}],\"inLanguage\":\"lv-LV\"},{\"@type\":\"Organization\",\"@id\":\"https:\/\/miumjau.ee\/#organization\",\"name\":\"MiuMjau O\u00dc\",\"url\":\"https:\/\/miumjau.ee\/\",\"logo\":{\"@type\":\"ImageObject\",\"inLanguage\":\"lv-LV\",\"@id\":\"https:\/\/miumjau.ee\/#\/schema\/logo\/image\/\",\"url\":\"https:\/\/miumjau.ee\/wp-content\/uploads\/2022\/04\/MiuMjau-logo-kollane.png\",\"contentUrl\":\"https:\/\/miumjau.ee\/wp-content\/uploads\/2022\/04\/MiuMjau-logo-kollane.png\",\"width\":219,\"height\":100,\"caption\":\"MiuMjau O\u00dc\"},\"image\":{\"@id\":\"https:\/\/miumjau.ee\/#\/schema\/logo\/image\/\"},\"sameAs\":[\"https:\/\/www.facebook.com\/miumjaupood\/\"]}]}<\/script>\n<!-- \/ Yoast SEO plugin. -->","yoast_head_json":{"title":"C\u016bkas ausis, dabisks su\u0146u na\u0161\u0137is Frigera 200 g - MiuMjau","robots":{"index":"index","follow":"follow","max-snippet":"max-snippet:-1","max-image-preview":"max-image-preview:large","max-video-preview":"max-video-preview:-1"},"canonical":"https:\/\/miumjau.ee\/lv\/produkts\/cukas-ausis-dabisks-sunu-naskis-frigera-200-g\/","og_locale":"lv_LV","og_type":"article","og_title":"C\u016bkas ausis, dabisks su\u0146u na\u0161\u0137is Frigera 200 g - MiuMjau","og_description":"Vai mekl\u0113 neticami gar\u0161\u012bgu, iztur\u012bgu un piln\u012bgi dabisku ko\u0161\u013c\u0101jamo na\u0161\u0137i savam m\u012b\u013cajam spalvainajam \u0123imenes loceklim? Mums ir ide\u0101la izv\u0113le! Iepaz\u012bsties ar \u012bstu klasiku dab\u012bgo \u017e\u0101v\u0113to su\u0146u na\u0161\u0137u vid\u016b \u2013 friGERA c\u016bkas ausis! M\u016bsu c\u016bkas ausis ir gatavotas no lab\u0101kaj\u0101m svaigi ieg\u016bt\u0101m izejviel\u0101m, r\u016bp\u012bgi \u017e\u0101v\u0113tas. T\u0101s ir ar\u012b lielisks olbaltumvielu avots, kas ir svar\u012bgi vesel\u012bgas musku\u013cu sist\u0113mas atbalstam. T\u0101 k\u0101 c\u016bkas ausis galvenok\u0101rt sast\u0101v no skrim\u0161\u013ciem un \u0101das, t\u0101s pal\u012bdz saglab\u0101t su\u0146a zobus un smaganas vesel\u012bgas. T\u0101m pat ir neliela priek\u0161roc\u012bba sal\u012bdzin\u0101jum\u0101 ar l\u012bdz\u012bgiem na\u0161\u0137iem no cit\u0101m dz\u012bvnieku sug\u0101m, jo c\u016bkas \u0101da parasti ir m\u012bkst\u0101ka un saudz\u012bg\u0101ka su\u0146a smagan\u0101m. C\u016bkas ausis satur vair\u0101k tauku nek\u0101 citi dab\u012bgie \u017e\u0101v\u0113ti na\u0161\u0137i, bet tas nav probl\u0113ma, ja tos dod m\u0113ren\u012bb\u0101. Tauki pie\u0161\u0137ir gar\u0161u un ir iemesls, k\u0101p\u0113c su\u0146i tos tik \u013coti m\u012bl. Turkl\u0101t tauki ir labs ener\u0123ijas avots su\u0146iem, jo vi\u0146u vielmai\u0146a un aktivit\u0101tes mode\u013ci at\u0161\u0137iras no cilv\u0113kiem \u2013 vi\u0146iem nepiecie\u0161ama un tiek pat\u0113r\u0113ta daudz vair\u0101k ener\u0123ijas! Neatkar\u012bgi no su\u0146a lieluma vai vecuma, vi\u0146\u0161 nesp\u0113s pretoties friGERA gardo c\u016bkas ausu rakstur\u012bgajai smar\u017eai! Sast\u0101vs: 100 % c\u016bka Lieto\u0161anas instrukcija: Dod starp \u0113dienreiz\u0113m k\u0101 na\u0161\u0137i vai balvu sabalans\u0113ta uztura sast\u0101v\u0101. Vienm\u0113r uzraugi suni ko\u0161\u013c\u0101jot. Vienm\u0113r nodro\u0161ini svaigu \u016bdeni. Nav paredz\u0113ts cilv\u0113kiem. Anal\u012btiskais sast\u0101vs: Olbaltumvielas 68 %, Tauki 24,1 %, Mitrums 9,7 %","og_url":"https:\/\/miumjau.ee\/lv\/produkts\/cukas-ausis-dabisks-sunu-naskis-frigera-200-g\/","og_site_name":"MiuMjau","article_publisher":"https:\/\/www.facebook.com\/miumjaupood\/","article_modified_time":"2026-01-07T19:20:24+00:00","og_image":[{"width":600,"height":800,"url":"https:\/\/miumjau.ee\/wp-content\/uploads\/2025\/05\/frigera-koerte-maius-seakorvad-200-g-1-Photoroom.webp","type":"image\/webp"}],"twitter_card":"summary_large_image","schema":{"@context":"https:\/\/schema.org","@graph":[{"@type":"WebPage","@id":"https:\/\/miumjau.ee\/lv\/produkts\/cukas-ausis-dabisks-sunu-naskis-frigera-200-g\/","url":"https:\/\/miumjau.ee\/lv\/produkts\/cukas-ausis-dabisks-sunu-naskis-frigera-200-g\/","name":"C\u016bkas ausis, dabisks su\u0146u na\u0161\u0137is Frigera 200 g - MiuMjau","isPartOf":{"@id":"https:\/\/miumjau.ee\/#website"},"primaryImageOfPage":{"@id":"https:\/\/miumjau.ee\/lv\/produkts\/cukas-ausis-dabisks-sunu-naskis-frigera-200-g\/#primaryimage"},"image":{"@id":"https:\/\/miumjau.ee\/lv\/produkts\/cukas-ausis-dabisks-sunu-naskis-frigera-200-g\/#primaryimage"},"thumbnailUrl":"https:\/\/miumjau.ee\/wp-content\/uploads\/2025\/05\/frigera-koerte-maius-seakorvad-200-g-1-Photoroom.webp","datePublished":"2025-05-29T07:43:44+00:00","dateModified":"2026-01-07T19:20:24+00:00","breadcrumb":{"@id":"https:\/\/miumjau.ee\/lv\/produkts\/cukas-ausis-dabisks-sunu-naskis-frigera-200-g\/#breadcrumb"},"inLanguage":"lv-LV","potentialAction":[{"@type":"ReadAction","target":["https:\/\/miumjau.ee\/lv\/produkts\/cukas-ausis-dabisks-sunu-naskis-frigera-200-g\/"]}]},{"@type":"ImageObject","inLanguage":"lv-LV","@id":"https:\/\/miumjau.ee\/lv\/produkts\/cukas-ausis-dabisks-sunu-naskis-frigera-200-g\/#primaryimage","url":"https:\/\/miumjau.ee\/wp-content\/uploads\/2025\/05\/frigera-koerte-maius-seakorvad-200-g-1-Photoroom.webp","contentUrl":"https:\/\/miumjau.ee\/wp-content\/uploads\/2025\/05\/frigera-koerte-maius-seakorvad-200-g-1-Photoroom.webp","width":600,"height":800},{"@type":"BreadcrumbList","@id":"https:\/\/miumjau.ee\/lv\/produkts\/cukas-ausis-dabisks-sunu-naskis-frigera-200-g\/#breadcrumb","itemListElement":[{"@type":"ListItem","position":1,"name":"Home","item":"https:\/\/miumjau.ee\/lv\/"},{"@type":"ListItem","position":2,"name":"Veikals","item":"https:\/\/miumjau.ee\/lv\/veikals\/"},{"@type":"ListItem","position":3,"name":"C\u016bkas ausis, dabisks su\u0146u na\u0161\u0137is Frigera 200 g"}]},{"@type":"WebSite","@id":"https:\/\/miumjau.ee\/#website","url":"https:\/\/miumjau.ee\/","name":"MiuMjau","description":"Kraapimispuud kassidele","publisher":{"@id":"https:\/\/miumjau.ee\/#organization"},"potentialAction":[{"@type":"SearchAction","target":{"@type":"EntryPoint","urlTemplate":"https:\/\/miumjau.ee\/?s={search_term_string}"},"query-input":{"@type":"PropertyValueSpecification","valueRequired":true,"valueName":"search_term_string"}}],"inLanguage":"lv-LV"},{"@type":"Organization","@id":"https:\/\/miumjau.ee\/#organization","name":"MiuMjau O\u00dc","url":"https:\/\/miumjau.ee\/","logo":{"@type":"ImageObject","inLanguage":"lv-LV","@id":"https:\/\/miumjau.ee\/#\/schema\/logo\/image\/","url":"https:\/\/miumjau.ee\/wp-content\/uploads\/2022\/04\/MiuMjau-logo-kollane.png","contentUrl":"https:\/\/miumjau.ee\/wp-content\/uploads\/2022\/04\/MiuMjau-logo-kollane.png","width":219,"height":100,"caption":"MiuMjau O\u00dc"},"image":{"@id":"https:\/\/miumjau.ee\/#\/schema\/logo\/image\/"},"sameAs":["https:\/\/www.facebook.com\/miumjaupood\/"]}]}},"_links":{"self":[{"href":"https:\/\/miumjau.ee\/lv\/wp-json\/wp\/v2\/product\/47997","targetHints":{"allow":["GET"]}}],"collection":[{"href":"https:\/\/miumjau.ee\/lv\/wp-json\/wp\/v2\/product"}],"about":[{"href":"https:\/\/miumjau.ee\/lv\/wp-json\/wp\/v2\/types\/product"}],"wp:featuredmedia":[{"embeddable":true,"href":"https:\/\/miumjau.ee\/lv\/wp-json\/wp\/v2\/media\/47998"}],"wp:attachment":[{"href":"https:\/\/miumjau.ee\/lv\/wp-json\/wp\/v2\/media?parent=47997"}],"wp:term":[{"taxonomy":"product_brand","embeddable":true,"href":"https:\/\/miumjau.ee\/lv\/wp-json\/wp\/v2\/product_brand?post=47997"},{"taxonomy":"product_cat","embeddable":true,"href":"https:\/\/miumjau.ee\/lv\/wp-json\/wp\/v2\/product_cat?post=47997"},{"taxonomy":"product_tag","embeddable":true,"href":"https:\/\/miumjau.ee\/lv\/wp-json\/wp\/v2\/product_tag?post=47997"}],"curies":[{"name":"wp","href":"https:\/\/api.w.org\/{rel}","templated":true}]}}