{"id":47987,"date":"2025-05-29T12:22:08","date_gmt":"2025-05-29T09:22:08","guid":{"rendered":"https:\/\/miumjau.ee\/toode\/sunu-naskis-frigera-100-jera-kubini-250-g\/"},"modified":"2026-01-07T21:20:31","modified_gmt":"2026-01-07T19:20:31","slug":"sunu-naskis-frigera-100-jera-kubini-250-g","status":"publish","type":"product","link":"https:\/\/miumjau.ee\/lv\/produkts\/sunu-naskis-frigera-100-jera-kubini-250-g\/","title":{"rendered":"Su\u0146u na\u0161\u0137is Frigera 100 % j\u0113ra kubi\u0146i 250 g"},"content":{"rendered":"","protected":false},"excerpt":{"rendered":"<p data-start=\"2029\" data-end=\"2370\">Vai tavs spalvainais draugs lec no prieka katru reizi, kad redz ga\u013cu? friGERA j\u0113ra kubi\u0146i ir ide\u0101ls veids, k\u0101 apmierin\u0101t vi\u0146a apet\u012bti starp \u0113dienreiz\u0113m! \u0160ie gardie, bezglut\u0113na un bezgraudu kubi\u0146i ir pagatavoti no 100 % j\u0113ra ga\u013cas un satur daudz augstas kvalit\u0101tes olbaltumvielu un ener\u0123ijas, lai tavs suns b\u016btu gatavs jebkuram piedz\u012bvojumam.<\/p>\n<p data-start=\"2372\" data-end=\"2594\">Prec\u012bzi porcij\u0101s sadal\u012bti, viegli ko\u0161\u013c\u0101jami kubi\u0146i ir \u012bpa\u0161i piem\u0113roti maziem, jauniem vai liek\u0101 svara su\u0146iem. Nav pievienotas m\u0101ksl\u012bgas gar\u0161as, kr\u0101sas vai konservanti \u2013 tikai t\u012brs un vesel\u012bgs k\u0101rums, ko tavs m\u012blulis m\u012bl\u0113s!<\/p>\n<p data-start=\"2596\" data-end=\"2617\">Sast\u0101vs: 100 % j\u0113rs<\/p>\n<p data-start=\"2619\" data-end=\"2789\">Lieto\u0161anas instrukcija: Dod k\u0101 na\u0161\u0137i vai balvu starp \u0113dienreiz\u0113m k\u0101 sabalans\u0113ta uztura da\u013cu. Vienm\u0113r uzraugi suni \u0113dot un nodro\u0161ini svaigu \u016bdeni. Nav paredz\u0113ts cilv\u0113kiem.<\/p>\n<p data-start=\"2791\" data-end=\"2865\">Anal\u012btiskais sast\u0101vs: Olbaltumvielas 41,75 %, Tauki 30,7 %, Mitrums 11,1 %<\/p>\n","protected":false},"featured_media":47985,"template":"","meta":[],"product_brand":[],"product_cat":[573,576],"product_tag":[],"class_list":{"0":"post-47987","1":"product","2":"type-product","3":"status-publish","4":"has-post-thumbnail","6":"product_cat-kaup24-lv","7":"product_cat-naski-suniem","9":"first","10":"instock","11":"sale","12":"taxable","13":"shipping-taxable","14":"purchasable","15":"product-type-simple"},"yoast_head":"<!-- This site is optimized with the Yoast SEO plugin v27.4 - https:\/\/yoast.com\/product\/yoast-seo-wordpress\/ -->\n<title>Su\u0146u na\u0161\u0137is Frigera 100 % j\u0113ra kubi\u0146i 250 g - MiuMjau<\/title>\n<meta name=\"robots\" content=\"index, follow, max-snippet:-1, max-image-preview:large, max-video-preview:-1\" \/>\n<link rel=\"canonical\" href=\"https:\/\/miumjau.ee\/lv\/produkts\/sunu-naskis-frigera-100-jera-kubini-250-g\/\" \/>\n<meta property=\"og:locale\" content=\"lv_LV\" \/>\n<meta property=\"og:type\" content=\"article\" \/>\n<meta property=\"og:title\" content=\"Su\u0146u na\u0161\u0137is Frigera 100 % j\u0113ra kubi\u0146i 250 g - MiuMjau\" \/>\n<meta property=\"og:description\" content=\"Vai tavs spalvainais draugs lec no prieka katru reizi, kad redz ga\u013cu? friGERA j\u0113ra kubi\u0146i ir ide\u0101ls veids, k\u0101 apmierin\u0101t vi\u0146a apet\u012bti starp \u0113dienreiz\u0113m! \u0160ie gardie, bezglut\u0113na un bezgraudu kubi\u0146i ir pagatavoti no 100 % j\u0113ra ga\u013cas un satur daudz augstas kvalit\u0101tes olbaltumvielu un ener\u0123ijas, lai tavs suns b\u016btu gatavs jebkuram piedz\u012bvojumam. Prec\u012bzi porcij\u0101s sadal\u012bti, viegli ko\u0161\u013c\u0101jami kubi\u0146i ir \u012bpa\u0161i piem\u0113roti maziem, jauniem vai liek\u0101 svara su\u0146iem. Nav pievienotas m\u0101ksl\u012bgas gar\u0161as, kr\u0101sas vai konservanti \u2013 tikai t\u012brs un vesel\u012bgs k\u0101rums, ko tavs m\u012blulis m\u012bl\u0113s! Sast\u0101vs: 100 % j\u0113rs Lieto\u0161anas instrukcija: Dod k\u0101 na\u0161\u0137i vai balvu starp \u0113dienreiz\u0113m k\u0101 sabalans\u0113ta uztura da\u013cu. Vienm\u0113r uzraugi suni \u0113dot un nodro\u0161ini svaigu \u016bdeni. Nav paredz\u0113ts cilv\u0113kiem. Anal\u012btiskais sast\u0101vs: Olbaltumvielas 41,75 %, Tauki 30,7 %, Mitrums 11,1 %\" \/>\n<meta property=\"og:url\" content=\"https:\/\/miumjau.ee\/lv\/produkts\/sunu-naskis-frigera-100-jera-kubini-250-g\/\" \/>\n<meta property=\"og:site_name\" content=\"MiuMjau\" \/>\n<meta property=\"article:publisher\" content=\"https:\/\/www.facebook.com\/miumjaupood\/\" \/>\n<meta property=\"article:modified_time\" content=\"2026-01-07T19:20:31+00:00\" \/>\n<meta property=\"og:image\" content=\"https:\/\/miumjau.ee\/wp-content\/uploads\/2025\/05\/frigera-koerte-maius-lambaliha-kuubikud-250g-classic-Photoroom.jpg\" \/>\n\t<meta property=\"og:image:width\" content=\"600\" \/>\n\t<meta property=\"og:image:height\" content=\"800\" \/>\n\t<meta property=\"og:image:type\" content=\"image\/jpeg\" \/>\n<meta name=\"twitter:card\" content=\"summary_large_image\" \/>\n<script type=\"application\/ld+json\" class=\"yoast-schema-graph\">{\"@context\":\"https:\\\/\\\/schema.org\",\"@graph\":[{\"@type\":\"WebPage\",\"@id\":\"https:\\\/\\\/miumjau.ee\\\/lv\\\/produkts\\\/sunu-naskis-frigera-100-jera-kubini-250-g\\\/\",\"url\":\"https:\\\/\\\/miumjau.ee\\\/lv\\\/produkts\\\/sunu-naskis-frigera-100-jera-kubini-250-g\\\/\",\"name\":\"Su\u0146u na\u0161\u0137is Frigera 100 % j\u0113ra kubi\u0146i 250 g - MiuMjau\",\"isPartOf\":{\"@id\":\"https:\\\/\\\/miumjau.ee\\\/#website\"},\"primaryImageOfPage\":{\"@id\":\"https:\\\/\\\/miumjau.ee\\\/lv\\\/produkts\\\/sunu-naskis-frigera-100-jera-kubini-250-g\\\/#primaryimage\"},\"image\":{\"@id\":\"https:\\\/\\\/miumjau.ee\\\/lv\\\/produkts\\\/sunu-naskis-frigera-100-jera-kubini-250-g\\\/#primaryimage\"},\"thumbnailUrl\":\"https:\\\/\\\/miumjau.ee\\\/wp-content\\\/uploads\\\/2025\\\/05\\\/frigera-koerte-maius-lambaliha-kuubikud-250g-classic-Photoroom.jpg\",\"datePublished\":\"2025-05-29T09:22:08+00:00\",\"dateModified\":\"2026-01-07T19:20:31+00:00\",\"breadcrumb\":{\"@id\":\"https:\\\/\\\/miumjau.ee\\\/lv\\\/produkts\\\/sunu-naskis-frigera-100-jera-kubini-250-g\\\/#breadcrumb\"},\"inLanguage\":\"lv-LV\",\"potentialAction\":[{\"@type\":\"ReadAction\",\"target\":[\"https:\\\/\\\/miumjau.ee\\\/lv\\\/produkts\\\/sunu-naskis-frigera-100-jera-kubini-250-g\\\/\"]}]},{\"@type\":\"ImageObject\",\"inLanguage\":\"lv-LV\",\"@id\":\"https:\\\/\\\/miumjau.ee\\\/lv\\\/produkts\\\/sunu-naskis-frigera-100-jera-kubini-250-g\\\/#primaryimage\",\"url\":\"https:\\\/\\\/miumjau.ee\\\/wp-content\\\/uploads\\\/2025\\\/05\\\/frigera-koerte-maius-lambaliha-kuubikud-250g-classic-Photoroom.jpg\",\"contentUrl\":\"https:\\\/\\\/miumjau.ee\\\/wp-content\\\/uploads\\\/2025\\\/05\\\/frigera-koerte-maius-lambaliha-kuubikud-250g-classic-Photoroom.jpg\",\"width\":600,\"height\":800},{\"@type\":\"BreadcrumbList\",\"@id\":\"https:\\\/\\\/miumjau.ee\\\/lv\\\/produkts\\\/sunu-naskis-frigera-100-jera-kubini-250-g\\\/#breadcrumb\",\"itemListElement\":[{\"@type\":\"ListItem\",\"position\":1,\"name\":\"Home\",\"item\":\"https:\\\/\\\/miumjau.ee\\\/lv\\\/\"},{\"@type\":\"ListItem\",\"position\":2,\"name\":\"Veikals\",\"item\":\"https:\\\/\\\/miumjau.ee\\\/lv\\\/veikals\\\/\"},{\"@type\":\"ListItem\",\"position\":3,\"name\":\"Su\u0146u na\u0161\u0137is Frigera 100 % j\u0113ra kubi\u0146i 250 g\"}]},{\"@type\":\"WebSite\",\"@id\":\"https:\\\/\\\/miumjau.ee\\\/#website\",\"url\":\"https:\\\/\\\/miumjau.ee\\\/\",\"name\":\"MiuMjau\",\"description\":\"Kraapimispuud kassidele\",\"publisher\":{\"@id\":\"https:\\\/\\\/miumjau.ee\\\/#organization\"},\"potentialAction\":[{\"@type\":\"SearchAction\",\"target\":{\"@type\":\"EntryPoint\",\"urlTemplate\":\"https:\\\/\\\/miumjau.ee\\\/?s={search_term_string}\"},\"query-input\":{\"@type\":\"PropertyValueSpecification\",\"valueRequired\":true,\"valueName\":\"search_term_string\"}}],\"inLanguage\":\"lv-LV\"},{\"@type\":\"Organization\",\"@id\":\"https:\\\/\\\/miumjau.ee\\\/#organization\",\"name\":\"MiuMjau O\u00dc\",\"url\":\"https:\\\/\\\/miumjau.ee\\\/\",\"logo\":{\"@type\":\"ImageObject\",\"inLanguage\":\"lv-LV\",\"@id\":\"https:\\\/\\\/miumjau.ee\\\/#\\\/schema\\\/logo\\\/image\\\/\",\"url\":\"https:\\\/\\\/miumjau.ee\\\/wp-content\\\/uploads\\\/2022\\\/04\\\/MiuMjau-logo-kollane.png\",\"contentUrl\":\"https:\\\/\\\/miumjau.ee\\\/wp-content\\\/uploads\\\/2022\\\/04\\\/MiuMjau-logo-kollane.png\",\"width\":219,\"height\":100,\"caption\":\"MiuMjau O\u00dc\"},\"image\":{\"@id\":\"https:\\\/\\\/miumjau.ee\\\/#\\\/schema\\\/logo\\\/image\\\/\"},\"sameAs\":[\"https:\\\/\\\/www.facebook.com\\\/miumjaupood\\\/\"]}]}<\/script>\n<!-- \/ Yoast SEO plugin. -->","yoast_head_json":{"title":"Su\u0146u na\u0161\u0137is Frigera 100 % j\u0113ra kubi\u0146i 250 g - MiuMjau","robots":{"index":"index","follow":"follow","max-snippet":"max-snippet:-1","max-image-preview":"max-image-preview:large","max-video-preview":"max-video-preview:-1"},"canonical":"https:\/\/miumjau.ee\/lv\/produkts\/sunu-naskis-frigera-100-jera-kubini-250-g\/","og_locale":"lv_LV","og_type":"article","og_title":"Su\u0146u na\u0161\u0137is Frigera 100 % j\u0113ra kubi\u0146i 250 g - MiuMjau","og_description":"Vai tavs spalvainais draugs lec no prieka katru reizi, kad redz ga\u013cu? friGERA j\u0113ra kubi\u0146i ir ide\u0101ls veids, k\u0101 apmierin\u0101t vi\u0146a apet\u012bti starp \u0113dienreiz\u0113m! \u0160ie gardie, bezglut\u0113na un bezgraudu kubi\u0146i ir pagatavoti no 100 % j\u0113ra ga\u013cas un satur daudz augstas kvalit\u0101tes olbaltumvielu un ener\u0123ijas, lai tavs suns b\u016btu gatavs jebkuram piedz\u012bvojumam. Prec\u012bzi porcij\u0101s sadal\u012bti, viegli ko\u0161\u013c\u0101jami kubi\u0146i ir \u012bpa\u0161i piem\u0113roti maziem, jauniem vai liek\u0101 svara su\u0146iem. Nav pievienotas m\u0101ksl\u012bgas gar\u0161as, kr\u0101sas vai konservanti \u2013 tikai t\u012brs un vesel\u012bgs k\u0101rums, ko tavs m\u012blulis m\u012bl\u0113s! Sast\u0101vs: 100 % j\u0113rs Lieto\u0161anas instrukcija: Dod k\u0101 na\u0161\u0137i vai balvu starp \u0113dienreiz\u0113m k\u0101 sabalans\u0113ta uztura da\u013cu. Vienm\u0113r uzraugi suni \u0113dot un nodro\u0161ini svaigu \u016bdeni. Nav paredz\u0113ts cilv\u0113kiem. Anal\u012btiskais sast\u0101vs: Olbaltumvielas 41,75 %, Tauki 30,7 %, Mitrums 11,1 %","og_url":"https:\/\/miumjau.ee\/lv\/produkts\/sunu-naskis-frigera-100-jera-kubini-250-g\/","og_site_name":"MiuMjau","article_publisher":"https:\/\/www.facebook.com\/miumjaupood\/","article_modified_time":"2026-01-07T19:20:31+00:00","og_image":[{"width":600,"height":800,"url":"https:\/\/miumjau.ee\/wp-content\/uploads\/2025\/05\/frigera-koerte-maius-lambaliha-kuubikud-250g-classic-Photoroom.jpg","type":"image\/jpeg"}],"twitter_card":"summary_large_image","schema":{"@context":"https:\/\/schema.org","@graph":[{"@type":"WebPage","@id":"https:\/\/miumjau.ee\/lv\/produkts\/sunu-naskis-frigera-100-jera-kubini-250-g\/","url":"https:\/\/miumjau.ee\/lv\/produkts\/sunu-naskis-frigera-100-jera-kubini-250-g\/","name":"Su\u0146u na\u0161\u0137is Frigera 100 % j\u0113ra kubi\u0146i 250 g - MiuMjau","isPartOf":{"@id":"https:\/\/miumjau.ee\/#website"},"primaryImageOfPage":{"@id":"https:\/\/miumjau.ee\/lv\/produkts\/sunu-naskis-frigera-100-jera-kubini-250-g\/#primaryimage"},"image":{"@id":"https:\/\/miumjau.ee\/lv\/produkts\/sunu-naskis-frigera-100-jera-kubini-250-g\/#primaryimage"},"thumbnailUrl":"https:\/\/miumjau.ee\/wp-content\/uploads\/2025\/05\/frigera-koerte-maius-lambaliha-kuubikud-250g-classic-Photoroom.jpg","datePublished":"2025-05-29T09:22:08+00:00","dateModified":"2026-01-07T19:20:31+00:00","breadcrumb":{"@id":"https:\/\/miumjau.ee\/lv\/produkts\/sunu-naskis-frigera-100-jera-kubini-250-g\/#breadcrumb"},"inLanguage":"lv-LV","potentialAction":[{"@type":"ReadAction","target":["https:\/\/miumjau.ee\/lv\/produkts\/sunu-naskis-frigera-100-jera-kubini-250-g\/"]}]},{"@type":"ImageObject","inLanguage":"lv-LV","@id":"https:\/\/miumjau.ee\/lv\/produkts\/sunu-naskis-frigera-100-jera-kubini-250-g\/#primaryimage","url":"https:\/\/miumjau.ee\/wp-content\/uploads\/2025\/05\/frigera-koerte-maius-lambaliha-kuubikud-250g-classic-Photoroom.jpg","contentUrl":"https:\/\/miumjau.ee\/wp-content\/uploads\/2025\/05\/frigera-koerte-maius-lambaliha-kuubikud-250g-classic-Photoroom.jpg","width":600,"height":800},{"@type":"BreadcrumbList","@id":"https:\/\/miumjau.ee\/lv\/produkts\/sunu-naskis-frigera-100-jera-kubini-250-g\/#breadcrumb","itemListElement":[{"@type":"ListItem","position":1,"name":"Home","item":"https:\/\/miumjau.ee\/lv\/"},{"@type":"ListItem","position":2,"name":"Veikals","item":"https:\/\/miumjau.ee\/lv\/veikals\/"},{"@type":"ListItem","position":3,"name":"Su\u0146u na\u0161\u0137is Frigera 100 % j\u0113ra kubi\u0146i 250 g"}]},{"@type":"WebSite","@id":"https:\/\/miumjau.ee\/#website","url":"https:\/\/miumjau.ee\/","name":"MiuMjau","description":"Kraapimispuud kassidele","publisher":{"@id":"https:\/\/miumjau.ee\/#organization"},"potentialAction":[{"@type":"SearchAction","target":{"@type":"EntryPoint","urlTemplate":"https:\/\/miumjau.ee\/?s={search_term_string}"},"query-input":{"@type":"PropertyValueSpecification","valueRequired":true,"valueName":"search_term_string"}}],"inLanguage":"lv-LV"},{"@type":"Organization","@id":"https:\/\/miumjau.ee\/#organization","name":"MiuMjau O\u00dc","url":"https:\/\/miumjau.ee\/","logo":{"@type":"ImageObject","inLanguage":"lv-LV","@id":"https:\/\/miumjau.ee\/#\/schema\/logo\/image\/","url":"https:\/\/miumjau.ee\/wp-content\/uploads\/2022\/04\/MiuMjau-logo-kollane.png","contentUrl":"https:\/\/miumjau.ee\/wp-content\/uploads\/2022\/04\/MiuMjau-logo-kollane.png","width":219,"height":100,"caption":"MiuMjau O\u00dc"},"image":{"@id":"https:\/\/miumjau.ee\/#\/schema\/logo\/image\/"},"sameAs":["https:\/\/www.facebook.com\/miumjaupood\/"]}]}},"_links":{"self":[{"href":"https:\/\/miumjau.ee\/lv\/wp-json\/wp\/v2\/product\/47987","targetHints":{"allow":["GET"]}}],"collection":[{"href":"https:\/\/miumjau.ee\/lv\/wp-json\/wp\/v2\/product"}],"about":[{"href":"https:\/\/miumjau.ee\/lv\/wp-json\/wp\/v2\/types\/product"}],"wp:featuredmedia":[{"embeddable":true,"href":"https:\/\/miumjau.ee\/lv\/wp-json\/wp\/v2\/media\/47985"}],"wp:attachment":[{"href":"https:\/\/miumjau.ee\/lv\/wp-json\/wp\/v2\/media?parent=47987"}],"wp:term":[{"taxonomy":"product_brand","embeddable":true,"href":"https:\/\/miumjau.ee\/lv\/wp-json\/wp\/v2\/product_brand?post=47987"},{"taxonomy":"product_cat","embeddable":true,"href":"https:\/\/miumjau.ee\/lv\/wp-json\/wp\/v2\/product_cat?post=47987"},{"taxonomy":"product_tag","embeddable":true,"href":"https:\/\/miumjau.ee\/lv\/wp-json\/wp\/v2\/product_tag?post=47987"}],"curies":[{"name":"wp","href":"https:\/\/api.w.org\/{rel}","templated":true}]}}