{"id":47979,"date":"2025-05-29T14:40:13","date_gmt":"2025-05-29T11:40:13","guid":{"rendered":"https:\/\/miumjau.ee\/toode\/dabisks-sunu-naskis-frigera-vistas-kajas-1-kg\/"},"modified":"2026-01-07T21:20:31","modified_gmt":"2026-01-07T19:20:31","slug":"dabisks-sunu-naskis-frigera-vistas-kajas-1-kg","status":"publish","type":"product","link":"https:\/\/miumjau.ee\/lv\/produkts\/dabisks-sunu-naskis-frigera-vistas-kajas-1-kg\/","title":{"rendered":"Dabisks su\u0146u na\u0161\u0137is Frigera, vistas k\u0101jas 1 kg"},"content":{"rendered":"","protected":false},"excerpt":{"rendered":"<p data-start=\"2203\" data-end=\"2369\">Mekl\u0113 dab\u012bgu alternat\u012bvu loc\u012btavu atbalsto\u0161iem uztura bag\u0101tin\u0101t\u0101jiem? Tad noteikti izm\u0113\u0123ini friGERA vistas k\u0101jas \u2013 \u013coti popul\u0101rs, dab\u012bgs un krauk\u0161\u0137\u012bgs na\u0161\u0137is sunim!<\/p>\n<p data-start=\"2371\" data-end=\"2514\">M\u016bsu 100 % dab\u012bg\u0101s un gaisa \u017e\u0101v\u0113t\u0101s vistas k\u0101jas galvenok\u0101rt sast\u0101v no \u0101das, c\u012bpsl\u0101m, skrim\u0161\u013ciem un maziem kauli\u0146iem. Pateicoties tam t\u0101s ir:<\/p>\n<ul data-start=\"2516\" data-end=\"2754\">\n<li data-start=\"2516\" data-end=\"2539\">\n<p data-start=\"2518\" data-end=\"2539\">Viegli sagremojamas<\/p>\n<\/li>\n<li data-start=\"2540\" data-end=\"2628\">\n<p data-start=\"2542\" data-end=\"2628\">Bag\u0101tas ar kalciju, glikozam\u012bnu un hondroit\u012bnu \u2013 stiprina kaulus, zobus un loc\u012btavas<\/p>\n<\/li>\n<li data-start=\"2629\" data-end=\"2673\">\n<p data-start=\"2631\" data-end=\"2673\">Krauk\u0161\u0137\u012bgas \u2013 pal\u012bdz dabiski t\u012br\u012bt zobus<\/p>\n<\/li>\n<li data-start=\"2674\" data-end=\"2754\">\n<p data-start=\"2676\" data-end=\"2754\">Vieglas porcij\u0101s sadal\u0101mas, lieliski piem\u0113rotas ar\u012b maziem un jauniem su\u0146iem<\/p>\n<\/li>\n<\/ul>\n<p data-start=\"2756\" data-end=\"2834\">\ud83d\udca1 Jautrs fakts: vistas k\u0101jas daudzviet pasaul\u0113 ir delikatese ar\u012b cilv\u0113kiem!<\/p>\n<p data-start=\"2836\" data-end=\"2858\">Sast\u0101vs: 100 % vista<\/p>\n<p data-start=\"2860\" data-end=\"3028\">Lieto\u0161anas instrukcija: Dod starp \u0113dienreiz\u0113m k\u0101 na\u0161\u0137i vai balvu sabalans\u0113ta uztura sast\u0101v\u0101. Barojot, uzraugi suni un nodro\u0161ini svaigu \u016bdeni. Nav paredz\u0113ts cilv\u0113kiem.<\/p>\n<p data-start=\"3030\" data-end=\"3102\">Anal\u012btiskais sast\u0101vs: Olbaltumvielas 48,2 %, Tauki 34,3 %, Mitrums 6,3 %<\/p>\n","protected":false},"featured_media":47980,"template":"","meta":[],"product_brand":[],"product_cat":[576],"product_tag":[],"class_list":{"0":"post-47979","1":"product","2":"type-product","3":"status-publish","4":"has-post-thumbnail","6":"product_cat-naski-suniem","8":"first","9":"instock","10":"taxable","11":"shipping-taxable","12":"purchasable","13":"product-type-simple"},"yoast_head":"<!-- This site is optimized with the Yoast SEO plugin v27.4 - https:\/\/yoast.com\/product\/yoast-seo-wordpress\/ -->\n<title>Dabisks su\u0146u na\u0161\u0137is Frigera, vistas k\u0101jas 1 kg - MiuMjau<\/title>\n<meta name=\"robots\" content=\"index, follow, max-snippet:-1, max-image-preview:large, max-video-preview:-1\" \/>\n<link rel=\"canonical\" href=\"https:\/\/miumjau.ee\/lv\/produkts\/dabisks-sunu-naskis-frigera-vistas-kajas-1-kg\/\" \/>\n<meta property=\"og:locale\" content=\"lv_LV\" \/>\n<meta property=\"og:type\" content=\"article\" \/>\n<meta property=\"og:title\" content=\"Dabisks su\u0146u na\u0161\u0137is Frigera, vistas k\u0101jas 1 kg - MiuMjau\" \/>\n<meta property=\"og:description\" content=\"Mekl\u0113 dab\u012bgu alternat\u012bvu loc\u012btavu atbalsto\u0161iem uztura bag\u0101tin\u0101t\u0101jiem? Tad noteikti izm\u0113\u0123ini friGERA vistas k\u0101jas \u2013 \u013coti popul\u0101rs, dab\u012bgs un krauk\u0161\u0137\u012bgs na\u0161\u0137is sunim! M\u016bsu 100 % dab\u012bg\u0101s un gaisa \u017e\u0101v\u0113t\u0101s vistas k\u0101jas galvenok\u0101rt sast\u0101v no \u0101das, c\u012bpsl\u0101m, skrim\u0161\u013ciem un maziem kauli\u0146iem. Pateicoties tam t\u0101s ir:     Viegli sagremojamas    Bag\u0101tas ar kalciju, glikozam\u012bnu un hondroit\u012bnu \u2013 stiprina kaulus, zobus un loc\u012btavas    Krauk\u0161\u0137\u012bgas \u2013 pal\u012bdz dabiski t\u012br\u012bt zobus    Vieglas porcij\u0101s sadal\u0101mas, lieliski piem\u0113rotas ar\u012b maziem un jauniem su\u0146iem   \ud83d\udca1 Jautrs fakts: vistas k\u0101jas daudzviet pasaul\u0113 ir delikatese ar\u012b cilv\u0113kiem! Sast\u0101vs: 100 % vista Lieto\u0161anas instrukcija: Dod starp \u0113dienreiz\u0113m k\u0101 na\u0161\u0137i vai balvu sabalans\u0113ta uztura sast\u0101v\u0101. Barojot, uzraugi suni un nodro\u0161ini svaigu \u016bdeni. Nav paredz\u0113ts cilv\u0113kiem. Anal\u012btiskais sast\u0101vs: Olbaltumvielas 48,2 %, Tauki 34,3 %, Mitrums 6,3 %\" \/>\n<meta property=\"og:url\" content=\"https:\/\/miumjau.ee\/lv\/produkts\/dabisks-sunu-naskis-frigera-vistas-kajas-1-kg\/\" \/>\n<meta property=\"og:site_name\" content=\"MiuMjau\" \/>\n<meta property=\"article:publisher\" content=\"https:\/\/www.facebook.com\/miumjaupood\/\" \/>\n<meta property=\"article:modified_time\" content=\"2026-01-07T19:20:31+00:00\" \/>\n<meta property=\"og:image\" content=\"https:\/\/miumjau.ee\/wp-content\/uploads\/2025\/05\/frigera-koerte-maius-kanajalad-1000g-classic-Photoroom.webp\" \/>\n\t<meta property=\"og:image:width\" content=\"600\" \/>\n\t<meta property=\"og:image:height\" content=\"800\" \/>\n\t<meta property=\"og:image:type\" content=\"image\/webp\" \/>\n<meta name=\"twitter:card\" content=\"summary_large_image\" \/>\n<script type=\"application\/ld+json\" class=\"yoast-schema-graph\">{\"@context\":\"https:\\\/\\\/schema.org\",\"@graph\":[{\"@type\":\"WebPage\",\"@id\":\"https:\\\/\\\/miumjau.ee\\\/lv\\\/produkts\\\/dabisks-sunu-naskis-frigera-vistas-kajas-1-kg\\\/\",\"url\":\"https:\\\/\\\/miumjau.ee\\\/lv\\\/produkts\\\/dabisks-sunu-naskis-frigera-vistas-kajas-1-kg\\\/\",\"name\":\"Dabisks su\u0146u na\u0161\u0137is Frigera, vistas k\u0101jas 1 kg - MiuMjau\",\"isPartOf\":{\"@id\":\"https:\\\/\\\/miumjau.ee\\\/#website\"},\"primaryImageOfPage\":{\"@id\":\"https:\\\/\\\/miumjau.ee\\\/lv\\\/produkts\\\/dabisks-sunu-naskis-frigera-vistas-kajas-1-kg\\\/#primaryimage\"},\"image\":{\"@id\":\"https:\\\/\\\/miumjau.ee\\\/lv\\\/produkts\\\/dabisks-sunu-naskis-frigera-vistas-kajas-1-kg\\\/#primaryimage\"},\"thumbnailUrl\":\"https:\\\/\\\/miumjau.ee\\\/wp-content\\\/uploads\\\/2025\\\/05\\\/frigera-koerte-maius-kanajalad-1000g-classic-Photoroom.webp\",\"datePublished\":\"2025-05-29T11:40:13+00:00\",\"dateModified\":\"2026-01-07T19:20:31+00:00\",\"breadcrumb\":{\"@id\":\"https:\\\/\\\/miumjau.ee\\\/lv\\\/produkts\\\/dabisks-sunu-naskis-frigera-vistas-kajas-1-kg\\\/#breadcrumb\"},\"inLanguage\":\"lv-LV\",\"potentialAction\":[{\"@type\":\"ReadAction\",\"target\":[\"https:\\\/\\\/miumjau.ee\\\/lv\\\/produkts\\\/dabisks-sunu-naskis-frigera-vistas-kajas-1-kg\\\/\"]}]},{\"@type\":\"ImageObject\",\"inLanguage\":\"lv-LV\",\"@id\":\"https:\\\/\\\/miumjau.ee\\\/lv\\\/produkts\\\/dabisks-sunu-naskis-frigera-vistas-kajas-1-kg\\\/#primaryimage\",\"url\":\"https:\\\/\\\/miumjau.ee\\\/wp-content\\\/uploads\\\/2025\\\/05\\\/frigera-koerte-maius-kanajalad-1000g-classic-Photoroom.webp\",\"contentUrl\":\"https:\\\/\\\/miumjau.ee\\\/wp-content\\\/uploads\\\/2025\\\/05\\\/frigera-koerte-maius-kanajalad-1000g-classic-Photoroom.webp\",\"width\":600,\"height\":800},{\"@type\":\"BreadcrumbList\",\"@id\":\"https:\\\/\\\/miumjau.ee\\\/lv\\\/produkts\\\/dabisks-sunu-naskis-frigera-vistas-kajas-1-kg\\\/#breadcrumb\",\"itemListElement\":[{\"@type\":\"ListItem\",\"position\":1,\"name\":\"Home\",\"item\":\"https:\\\/\\\/miumjau.ee\\\/lv\\\/\"},{\"@type\":\"ListItem\",\"position\":2,\"name\":\"Veikals\",\"item\":\"https:\\\/\\\/miumjau.ee\\\/lv\\\/veikals\\\/\"},{\"@type\":\"ListItem\",\"position\":3,\"name\":\"Dabisks su\u0146u na\u0161\u0137is Frigera, vistas k\u0101jas 1 kg\"}]},{\"@type\":\"WebSite\",\"@id\":\"https:\\\/\\\/miumjau.ee\\\/#website\",\"url\":\"https:\\\/\\\/miumjau.ee\\\/\",\"name\":\"MiuMjau\",\"description\":\"Kraapimispuud kassidele\",\"publisher\":{\"@id\":\"https:\\\/\\\/miumjau.ee\\\/#organization\"},\"potentialAction\":[{\"@type\":\"SearchAction\",\"target\":{\"@type\":\"EntryPoint\",\"urlTemplate\":\"https:\\\/\\\/miumjau.ee\\\/?s={search_term_string}\"},\"query-input\":{\"@type\":\"PropertyValueSpecification\",\"valueRequired\":true,\"valueName\":\"search_term_string\"}}],\"inLanguage\":\"lv-LV\"},{\"@type\":\"Organization\",\"@id\":\"https:\\\/\\\/miumjau.ee\\\/#organization\",\"name\":\"MiuMjau O\u00dc\",\"url\":\"https:\\\/\\\/miumjau.ee\\\/\",\"logo\":{\"@type\":\"ImageObject\",\"inLanguage\":\"lv-LV\",\"@id\":\"https:\\\/\\\/miumjau.ee\\\/#\\\/schema\\\/logo\\\/image\\\/\",\"url\":\"https:\\\/\\\/miumjau.ee\\\/wp-content\\\/uploads\\\/2022\\\/04\\\/MiuMjau-logo-kollane.png\",\"contentUrl\":\"https:\\\/\\\/miumjau.ee\\\/wp-content\\\/uploads\\\/2022\\\/04\\\/MiuMjau-logo-kollane.png\",\"width\":219,\"height\":100,\"caption\":\"MiuMjau O\u00dc\"},\"image\":{\"@id\":\"https:\\\/\\\/miumjau.ee\\\/#\\\/schema\\\/logo\\\/image\\\/\"},\"sameAs\":[\"https:\\\/\\\/www.facebook.com\\\/miumjaupood\\\/\"]}]}<\/script>\n<!-- \/ Yoast SEO plugin. -->","yoast_head_json":{"title":"Dabisks su\u0146u na\u0161\u0137is Frigera, vistas k\u0101jas 1 kg - MiuMjau","robots":{"index":"index","follow":"follow","max-snippet":"max-snippet:-1","max-image-preview":"max-image-preview:large","max-video-preview":"max-video-preview:-1"},"canonical":"https:\/\/miumjau.ee\/lv\/produkts\/dabisks-sunu-naskis-frigera-vistas-kajas-1-kg\/","og_locale":"lv_LV","og_type":"article","og_title":"Dabisks su\u0146u na\u0161\u0137is Frigera, vistas k\u0101jas 1 kg - MiuMjau","og_description":"Mekl\u0113 dab\u012bgu alternat\u012bvu loc\u012btavu atbalsto\u0161iem uztura bag\u0101tin\u0101t\u0101jiem? Tad noteikti izm\u0113\u0123ini friGERA vistas k\u0101jas \u2013 \u013coti popul\u0101rs, dab\u012bgs un krauk\u0161\u0137\u012bgs na\u0161\u0137is sunim! M\u016bsu 100 % dab\u012bg\u0101s un gaisa \u017e\u0101v\u0113t\u0101s vistas k\u0101jas galvenok\u0101rt sast\u0101v no \u0101das, c\u012bpsl\u0101m, skrim\u0161\u013ciem un maziem kauli\u0146iem. Pateicoties tam t\u0101s ir:     Viegli sagremojamas    Bag\u0101tas ar kalciju, glikozam\u012bnu un hondroit\u012bnu \u2013 stiprina kaulus, zobus un loc\u012btavas    Krauk\u0161\u0137\u012bgas \u2013 pal\u012bdz dabiski t\u012br\u012bt zobus    Vieglas porcij\u0101s sadal\u0101mas, lieliski piem\u0113rotas ar\u012b maziem un jauniem su\u0146iem   \ud83d\udca1 Jautrs fakts: vistas k\u0101jas daudzviet pasaul\u0113 ir delikatese ar\u012b cilv\u0113kiem! Sast\u0101vs: 100 % vista Lieto\u0161anas instrukcija: Dod starp \u0113dienreiz\u0113m k\u0101 na\u0161\u0137i vai balvu sabalans\u0113ta uztura sast\u0101v\u0101. Barojot, uzraugi suni un nodro\u0161ini svaigu \u016bdeni. Nav paredz\u0113ts cilv\u0113kiem. Anal\u012btiskais sast\u0101vs: Olbaltumvielas 48,2 %, Tauki 34,3 %, Mitrums 6,3 %","og_url":"https:\/\/miumjau.ee\/lv\/produkts\/dabisks-sunu-naskis-frigera-vistas-kajas-1-kg\/","og_site_name":"MiuMjau","article_publisher":"https:\/\/www.facebook.com\/miumjaupood\/","article_modified_time":"2026-01-07T19:20:31+00:00","og_image":[{"width":600,"height":800,"url":"https:\/\/miumjau.ee\/wp-content\/uploads\/2025\/05\/frigera-koerte-maius-kanajalad-1000g-classic-Photoroom.webp","type":"image\/webp"}],"twitter_card":"summary_large_image","schema":{"@context":"https:\/\/schema.org","@graph":[{"@type":"WebPage","@id":"https:\/\/miumjau.ee\/lv\/produkts\/dabisks-sunu-naskis-frigera-vistas-kajas-1-kg\/","url":"https:\/\/miumjau.ee\/lv\/produkts\/dabisks-sunu-naskis-frigera-vistas-kajas-1-kg\/","name":"Dabisks su\u0146u na\u0161\u0137is Frigera, vistas k\u0101jas 1 kg - MiuMjau","isPartOf":{"@id":"https:\/\/miumjau.ee\/#website"},"primaryImageOfPage":{"@id":"https:\/\/miumjau.ee\/lv\/produkts\/dabisks-sunu-naskis-frigera-vistas-kajas-1-kg\/#primaryimage"},"image":{"@id":"https:\/\/miumjau.ee\/lv\/produkts\/dabisks-sunu-naskis-frigera-vistas-kajas-1-kg\/#primaryimage"},"thumbnailUrl":"https:\/\/miumjau.ee\/wp-content\/uploads\/2025\/05\/frigera-koerte-maius-kanajalad-1000g-classic-Photoroom.webp","datePublished":"2025-05-29T11:40:13+00:00","dateModified":"2026-01-07T19:20:31+00:00","breadcrumb":{"@id":"https:\/\/miumjau.ee\/lv\/produkts\/dabisks-sunu-naskis-frigera-vistas-kajas-1-kg\/#breadcrumb"},"inLanguage":"lv-LV","potentialAction":[{"@type":"ReadAction","target":["https:\/\/miumjau.ee\/lv\/produkts\/dabisks-sunu-naskis-frigera-vistas-kajas-1-kg\/"]}]},{"@type":"ImageObject","inLanguage":"lv-LV","@id":"https:\/\/miumjau.ee\/lv\/produkts\/dabisks-sunu-naskis-frigera-vistas-kajas-1-kg\/#primaryimage","url":"https:\/\/miumjau.ee\/wp-content\/uploads\/2025\/05\/frigera-koerte-maius-kanajalad-1000g-classic-Photoroom.webp","contentUrl":"https:\/\/miumjau.ee\/wp-content\/uploads\/2025\/05\/frigera-koerte-maius-kanajalad-1000g-classic-Photoroom.webp","width":600,"height":800},{"@type":"BreadcrumbList","@id":"https:\/\/miumjau.ee\/lv\/produkts\/dabisks-sunu-naskis-frigera-vistas-kajas-1-kg\/#breadcrumb","itemListElement":[{"@type":"ListItem","position":1,"name":"Home","item":"https:\/\/miumjau.ee\/lv\/"},{"@type":"ListItem","position":2,"name":"Veikals","item":"https:\/\/miumjau.ee\/lv\/veikals\/"},{"@type":"ListItem","position":3,"name":"Dabisks su\u0146u na\u0161\u0137is Frigera, vistas k\u0101jas 1 kg"}]},{"@type":"WebSite","@id":"https:\/\/miumjau.ee\/#website","url":"https:\/\/miumjau.ee\/","name":"MiuMjau","description":"Kraapimispuud kassidele","publisher":{"@id":"https:\/\/miumjau.ee\/#organization"},"potentialAction":[{"@type":"SearchAction","target":{"@type":"EntryPoint","urlTemplate":"https:\/\/miumjau.ee\/?s={search_term_string}"},"query-input":{"@type":"PropertyValueSpecification","valueRequired":true,"valueName":"search_term_string"}}],"inLanguage":"lv-LV"},{"@type":"Organization","@id":"https:\/\/miumjau.ee\/#organization","name":"MiuMjau O\u00dc","url":"https:\/\/miumjau.ee\/","logo":{"@type":"ImageObject","inLanguage":"lv-LV","@id":"https:\/\/miumjau.ee\/#\/schema\/logo\/image\/","url":"https:\/\/miumjau.ee\/wp-content\/uploads\/2022\/04\/MiuMjau-logo-kollane.png","contentUrl":"https:\/\/miumjau.ee\/wp-content\/uploads\/2022\/04\/MiuMjau-logo-kollane.png","width":219,"height":100,"caption":"MiuMjau O\u00dc"},"image":{"@id":"https:\/\/miumjau.ee\/#\/schema\/logo\/image\/"},"sameAs":["https:\/\/www.facebook.com\/miumjaupood\/"]}]}},"_links":{"self":[{"href":"https:\/\/miumjau.ee\/lv\/wp-json\/wp\/v2\/product\/47979","targetHints":{"allow":["GET"]}}],"collection":[{"href":"https:\/\/miumjau.ee\/lv\/wp-json\/wp\/v2\/product"}],"about":[{"href":"https:\/\/miumjau.ee\/lv\/wp-json\/wp\/v2\/types\/product"}],"wp:featuredmedia":[{"embeddable":true,"href":"https:\/\/miumjau.ee\/lv\/wp-json\/wp\/v2\/media\/47980"}],"wp:attachment":[{"href":"https:\/\/miumjau.ee\/lv\/wp-json\/wp\/v2\/media?parent=47979"}],"wp:term":[{"taxonomy":"product_brand","embeddable":true,"href":"https:\/\/miumjau.ee\/lv\/wp-json\/wp\/v2\/product_brand?post=47979"},{"taxonomy":"product_cat","embeddable":true,"href":"https:\/\/miumjau.ee\/lv\/wp-json\/wp\/v2\/product_cat?post=47979"},{"taxonomy":"product_tag","embeddable":true,"href":"https:\/\/miumjau.ee\/lv\/wp-json\/wp\/v2\/product_tag?post=47979"}],"curies":[{"name":"wp","href":"https:\/\/api.w.org\/{rel}","templated":true}]}}