{"id":47976,"date":"2025-05-29T15:03:18","date_gmt":"2025-05-29T12:03:18","guid":{"rendered":"https:\/\/miumjau.ee\/toode\/karumi-sunim-uzpustie-jaka-siera-kubini-frigera-70-g\/"},"modified":"2026-01-07T21:20:31","modified_gmt":"2026-01-07T19:20:31","slug":"karumi-sunim-uzpustie-jaka-siera-kubini-frigera-70-g","status":"publish","type":"product","link":"https:\/\/miumjau.ee\/lv\/produkts\/karumi-sunim-uzpustie-jaka-siera-kubini-frigera-70-g\/","title":{"rendered":"K\u0101rumi sunim \u2013 uzp\u016bstie jaka siera kubi\u0146i Frigera 70 g"},"content":{"rendered":"","protected":false},"excerpt":{"rendered":"<p data-start=\"2711\" data-end=\"2879\">Vai v\u0113lies savam m\u012b\u013cajam \u010detrk\u0101jainajam draugam pied\u0101v\u0101t kaut ko patiesi \u012bpa\u0161u un dab\u012bgu no Himalaju re\u0123iona? friGERA uzp\u016bstie jaka siera kubi\u0146i ir tie\u0161i tas, ko mekl\u0113!<\/p>\n<p data-start=\"2881\" data-end=\"3161\">\u0160ie rok\u0101m gatavotie k\u0101rumi n\u0101k no Himalaju re\u0123iona, kur viet\u0113jie zemnieki izspie\u017e \u016bdeni no jaka piena un l\u0113ni \u017e\u0101v\u0113 ieg\u016bto sieru zem\u0101 temperat\u016br\u0101. Tad siera n\u016bji\u0146as tiek sild\u012btas l\u012bdz krauk\u0161\u0137\u012bgai konsistencei, l\u012bdz\u012bgi k\u0101 popkorns, sniedzot sunim \u012bpa\u0161i gardu un krauk\u0161\u0137\u012bgu pieredzi.<\/p>\n<p data-start=\"3163\" data-end=\"3567\">K\u0101p\u0113c izv\u0113l\u0113ties friGERA jaka sieru?<br data-start=\"3199\" data-end=\"3202\" \/>\ud83e\uddc0 100% dab\u012bgs un rok\u0101m gatavots<br data-start=\"3234\" data-end=\"3237\" \/>\ud83d\udc3e Gandr\u012bz bez laktozes un hipoaler\u0123isks<br data-start=\"3277\" data-end=\"3280\" \/>\ud83d\udcaa \u013boti olbaltumviel\u0101m bag\u0101ts (73,6%), satur kalciju, magniju un antioksidantus<br data-start=\"3359\" data-end=\"3362\" \/>\ud83d\udc1f Satur omega-3 tauksk\u0101bes \u2013 atbalsta \u0101du un ka\u017eoku<br data-start=\"3414\" data-end=\"3417\" \/>\ud83e\udda0 Dabisks probiotiks \u2013 veicina gremo\u0161anu<br data-start=\"3458\" data-end=\"3461\" \/>\u274c Nesatur m\u0101ksl\u012bgas gar\u0161as, arom\u0101tus vai kr\u0101svielas<br data-start=\"3512\" data-end=\"3515\" \/>\ud83d\udc36 Zema tauku saturu (9,9%) un nesatur transtaukus<\/p>\n<p data-start=\"3569\" data-end=\"3591\">Sast\u0101vs: 100 % siers<\/p>\n<p data-start=\"3593\" data-end=\"3769\">Lieto\u0161anas instrukcija: Dod k\u0101 na\u0161\u0137i starp \u0113dienreiz\u0113m vai k\u0101 balvu sabalans\u0113ta uztura sast\u0101v\u0101. Baro\u0161anas laik\u0101 uzraugi suni un nodro\u0161ini svaigu \u016bdeni. Nav paredz\u0113ts cilv\u0113kiem.<\/p>\n<p data-start=\"3771\" data-end=\"3842\">Anal\u012btiskais sast\u0101vs: Olbaltumvielas 73,6 %, Tauki 9,9 %, Mitrums 7,3 %<\/p>\n","protected":false},"featured_media":47974,"template":"","meta":[],"product_brand":[],"product_cat":[573,576],"product_tag":[],"class_list":{"0":"post-47976","1":"product","2":"type-product","3":"status-publish","4":"has-post-thumbnail","6":"product_cat-kaup24-lv","7":"product_cat-naski-suniem","9":"first","10":"instock","11":"sale","12":"taxable","13":"shipping-taxable","14":"purchasable","15":"product-type-simple"},"yoast_head":"<!-- This site is optimized with the Yoast SEO plugin v27.4 - https:\/\/yoast.com\/product\/yoast-seo-wordpress\/ -->\n<title>K\u0101rumi sunim \u2013 uzp\u016bstie jaka siera kubi\u0146i Frigera 70 g - MiuMjau<\/title>\n<meta name=\"robots\" content=\"index, follow, max-snippet:-1, max-image-preview:large, max-video-preview:-1\" \/>\n<link rel=\"canonical\" href=\"https:\/\/miumjau.ee\/lv\/produkts\/karumi-sunim-uzpustie-jaka-siera-kubini-frigera-70-g\/\" \/>\n<meta property=\"og:locale\" content=\"lv_LV\" \/>\n<meta property=\"og:type\" content=\"article\" \/>\n<meta property=\"og:title\" content=\"K\u0101rumi sunim \u2013 uzp\u016bstie jaka siera kubi\u0146i Frigera 70 g - MiuMjau\" \/>\n<meta property=\"og:description\" content=\"Vai v\u0113lies savam m\u012b\u013cajam \u010detrk\u0101jainajam draugam pied\u0101v\u0101t kaut ko patiesi \u012bpa\u0161u un dab\u012bgu no Himalaju re\u0123iona? friGERA uzp\u016bstie jaka siera kubi\u0146i ir tie\u0161i tas, ko mekl\u0113! \u0160ie rok\u0101m gatavotie k\u0101rumi n\u0101k no Himalaju re\u0123iona, kur viet\u0113jie zemnieki izspie\u017e \u016bdeni no jaka piena un l\u0113ni \u017e\u0101v\u0113 ieg\u016bto sieru zem\u0101 temperat\u016br\u0101. Tad siera n\u016bji\u0146as tiek sild\u012btas l\u012bdz krauk\u0161\u0137\u012bgai konsistencei, l\u012bdz\u012bgi k\u0101 popkorns, sniedzot sunim \u012bpa\u0161i gardu un krauk\u0161\u0137\u012bgu pieredzi. K\u0101p\u0113c izv\u0113l\u0113ties friGERA jaka sieru?\ud83e\uddc0 100% dab\u012bgs un rok\u0101m gatavots\ud83d\udc3e Gandr\u012bz bez laktozes un hipoaler\u0123isks\ud83d\udcaa \u013boti olbaltumviel\u0101m bag\u0101ts (73,6%), satur kalciju, magniju un antioksidantus\ud83d\udc1f Satur omega-3 tauksk\u0101bes \u2013 atbalsta \u0101du un ka\u017eoku\ud83e\udda0 Dabisks probiotiks \u2013 veicina gremo\u0161anu\u274c Nesatur m\u0101ksl\u012bgas gar\u0161as, arom\u0101tus vai kr\u0101svielas\ud83d\udc36 Zema tauku saturu (9,9%) un nesatur transtaukus Sast\u0101vs: 100 % siers Lieto\u0161anas instrukcija: Dod k\u0101 na\u0161\u0137i starp \u0113dienreiz\u0113m vai k\u0101 balvu sabalans\u0113ta uztura sast\u0101v\u0101. Baro\u0161anas laik\u0101 uzraugi suni un nodro\u0161ini svaigu \u016bdeni. Nav paredz\u0113ts cilv\u0113kiem. Anal\u012btiskais sast\u0101vs: Olbaltumvielas 73,6 %, Tauki 9,9 %, Mitrums 7,3 %\" \/>\n<meta property=\"og:url\" content=\"https:\/\/miumjau.ee\/lv\/produkts\/karumi-sunim-uzpustie-jaka-siera-kubini-frigera-70-g\/\" \/>\n<meta property=\"og:site_name\" content=\"MiuMjau\" \/>\n<meta property=\"article:publisher\" content=\"https:\/\/www.facebook.com\/miumjaupood\/\" \/>\n<meta property=\"article:modified_time\" content=\"2026-01-07T19:20:31+00:00\" \/>\n<meta property=\"og:image\" content=\"https:\/\/miumjau.ee\/wp-content\/uploads\/2025\/05\/frigera-koerte-maius-puffitud-jakijuustu-kuubikud-70-g-1-Photoroom.jpg\" \/>\n\t<meta property=\"og:image:width\" content=\"600\" \/>\n\t<meta property=\"og:image:height\" content=\"800\" \/>\n\t<meta property=\"og:image:type\" content=\"image\/jpeg\" \/>\n<meta name=\"twitter:card\" content=\"summary_large_image\" \/>\n<script type=\"application\/ld+json\" class=\"yoast-schema-graph\">{\"@context\":\"https:\\\/\\\/schema.org\",\"@graph\":[{\"@type\":\"WebPage\",\"@id\":\"https:\\\/\\\/miumjau.ee\\\/lv\\\/produkts\\\/karumi-sunim-uzpustie-jaka-siera-kubini-frigera-70-g\\\/\",\"url\":\"https:\\\/\\\/miumjau.ee\\\/lv\\\/produkts\\\/karumi-sunim-uzpustie-jaka-siera-kubini-frigera-70-g\\\/\",\"name\":\"K\u0101rumi sunim \u2013 uzp\u016bstie jaka siera kubi\u0146i Frigera 70 g - MiuMjau\",\"isPartOf\":{\"@id\":\"https:\\\/\\\/miumjau.ee\\\/#website\"},\"primaryImageOfPage\":{\"@id\":\"https:\\\/\\\/miumjau.ee\\\/lv\\\/produkts\\\/karumi-sunim-uzpustie-jaka-siera-kubini-frigera-70-g\\\/#primaryimage\"},\"image\":{\"@id\":\"https:\\\/\\\/miumjau.ee\\\/lv\\\/produkts\\\/karumi-sunim-uzpustie-jaka-siera-kubini-frigera-70-g\\\/#primaryimage\"},\"thumbnailUrl\":\"https:\\\/\\\/miumjau.ee\\\/wp-content\\\/uploads\\\/2025\\\/05\\\/frigera-koerte-maius-puffitud-jakijuustu-kuubikud-70-g-1-Photoroom.jpg\",\"datePublished\":\"2025-05-29T12:03:18+00:00\",\"dateModified\":\"2026-01-07T19:20:31+00:00\",\"breadcrumb\":{\"@id\":\"https:\\\/\\\/miumjau.ee\\\/lv\\\/produkts\\\/karumi-sunim-uzpustie-jaka-siera-kubini-frigera-70-g\\\/#breadcrumb\"},\"inLanguage\":\"lv-LV\",\"potentialAction\":[{\"@type\":\"ReadAction\",\"target\":[\"https:\\\/\\\/miumjau.ee\\\/lv\\\/produkts\\\/karumi-sunim-uzpustie-jaka-siera-kubini-frigera-70-g\\\/\"]}]},{\"@type\":\"ImageObject\",\"inLanguage\":\"lv-LV\",\"@id\":\"https:\\\/\\\/miumjau.ee\\\/lv\\\/produkts\\\/karumi-sunim-uzpustie-jaka-siera-kubini-frigera-70-g\\\/#primaryimage\",\"url\":\"https:\\\/\\\/miumjau.ee\\\/wp-content\\\/uploads\\\/2025\\\/05\\\/frigera-koerte-maius-puffitud-jakijuustu-kuubikud-70-g-1-Photoroom.jpg\",\"contentUrl\":\"https:\\\/\\\/miumjau.ee\\\/wp-content\\\/uploads\\\/2025\\\/05\\\/frigera-koerte-maius-puffitud-jakijuustu-kuubikud-70-g-1-Photoroom.jpg\",\"width\":600,\"height\":800},{\"@type\":\"BreadcrumbList\",\"@id\":\"https:\\\/\\\/miumjau.ee\\\/lv\\\/produkts\\\/karumi-sunim-uzpustie-jaka-siera-kubini-frigera-70-g\\\/#breadcrumb\",\"itemListElement\":[{\"@type\":\"ListItem\",\"position\":1,\"name\":\"Home\",\"item\":\"https:\\\/\\\/miumjau.ee\\\/lv\\\/\"},{\"@type\":\"ListItem\",\"position\":2,\"name\":\"Veikals\",\"item\":\"https:\\\/\\\/miumjau.ee\\\/lv\\\/veikals\\\/\"},{\"@type\":\"ListItem\",\"position\":3,\"name\":\"K\u0101rumi sunim \u2013 uzp\u016bstie jaka siera kubi\u0146i Frigera 70 g\"}]},{\"@type\":\"WebSite\",\"@id\":\"https:\\\/\\\/miumjau.ee\\\/#website\",\"url\":\"https:\\\/\\\/miumjau.ee\\\/\",\"name\":\"MiuMjau\",\"description\":\"Kraapimispuud kassidele\",\"publisher\":{\"@id\":\"https:\\\/\\\/miumjau.ee\\\/#organization\"},\"potentialAction\":[{\"@type\":\"SearchAction\",\"target\":{\"@type\":\"EntryPoint\",\"urlTemplate\":\"https:\\\/\\\/miumjau.ee\\\/?s={search_term_string}\"},\"query-input\":{\"@type\":\"PropertyValueSpecification\",\"valueRequired\":true,\"valueName\":\"search_term_string\"}}],\"inLanguage\":\"lv-LV\"},{\"@type\":\"Organization\",\"@id\":\"https:\\\/\\\/miumjau.ee\\\/#organization\",\"name\":\"MiuMjau O\u00dc\",\"url\":\"https:\\\/\\\/miumjau.ee\\\/\",\"logo\":{\"@type\":\"ImageObject\",\"inLanguage\":\"lv-LV\",\"@id\":\"https:\\\/\\\/miumjau.ee\\\/#\\\/schema\\\/logo\\\/image\\\/\",\"url\":\"https:\\\/\\\/miumjau.ee\\\/wp-content\\\/uploads\\\/2022\\\/04\\\/MiuMjau-logo-kollane.png\",\"contentUrl\":\"https:\\\/\\\/miumjau.ee\\\/wp-content\\\/uploads\\\/2022\\\/04\\\/MiuMjau-logo-kollane.png\",\"width\":219,\"height\":100,\"caption\":\"MiuMjau O\u00dc\"},\"image\":{\"@id\":\"https:\\\/\\\/miumjau.ee\\\/#\\\/schema\\\/logo\\\/image\\\/\"},\"sameAs\":[\"https:\\\/\\\/www.facebook.com\\\/miumjaupood\\\/\"]}]}<\/script>\n<!-- \/ Yoast SEO plugin. -->","yoast_head_json":{"title":"K\u0101rumi sunim \u2013 uzp\u016bstie jaka siera kubi\u0146i Frigera 70 g - MiuMjau","robots":{"index":"index","follow":"follow","max-snippet":"max-snippet:-1","max-image-preview":"max-image-preview:large","max-video-preview":"max-video-preview:-1"},"canonical":"https:\/\/miumjau.ee\/lv\/produkts\/karumi-sunim-uzpustie-jaka-siera-kubini-frigera-70-g\/","og_locale":"lv_LV","og_type":"article","og_title":"K\u0101rumi sunim \u2013 uzp\u016bstie jaka siera kubi\u0146i Frigera 70 g - MiuMjau","og_description":"Vai v\u0113lies savam m\u012b\u013cajam \u010detrk\u0101jainajam draugam pied\u0101v\u0101t kaut ko patiesi \u012bpa\u0161u un dab\u012bgu no Himalaju re\u0123iona? friGERA uzp\u016bstie jaka siera kubi\u0146i ir tie\u0161i tas, ko mekl\u0113! \u0160ie rok\u0101m gatavotie k\u0101rumi n\u0101k no Himalaju re\u0123iona, kur viet\u0113jie zemnieki izspie\u017e \u016bdeni no jaka piena un l\u0113ni \u017e\u0101v\u0113 ieg\u016bto sieru zem\u0101 temperat\u016br\u0101. Tad siera n\u016bji\u0146as tiek sild\u012btas l\u012bdz krauk\u0161\u0137\u012bgai konsistencei, l\u012bdz\u012bgi k\u0101 popkorns, sniedzot sunim \u012bpa\u0161i gardu un krauk\u0161\u0137\u012bgu pieredzi. K\u0101p\u0113c izv\u0113l\u0113ties friGERA jaka sieru?\ud83e\uddc0 100% dab\u012bgs un rok\u0101m gatavots\ud83d\udc3e Gandr\u012bz bez laktozes un hipoaler\u0123isks\ud83d\udcaa \u013boti olbaltumviel\u0101m bag\u0101ts (73,6%), satur kalciju, magniju un antioksidantus\ud83d\udc1f Satur omega-3 tauksk\u0101bes \u2013 atbalsta \u0101du un ka\u017eoku\ud83e\udda0 Dabisks probiotiks \u2013 veicina gremo\u0161anu\u274c Nesatur m\u0101ksl\u012bgas gar\u0161as, arom\u0101tus vai kr\u0101svielas\ud83d\udc36 Zema tauku saturu (9,9%) un nesatur transtaukus Sast\u0101vs: 100 % siers Lieto\u0161anas instrukcija: Dod k\u0101 na\u0161\u0137i starp \u0113dienreiz\u0113m vai k\u0101 balvu sabalans\u0113ta uztura sast\u0101v\u0101. Baro\u0161anas laik\u0101 uzraugi suni un nodro\u0161ini svaigu \u016bdeni. Nav paredz\u0113ts cilv\u0113kiem. Anal\u012btiskais sast\u0101vs: Olbaltumvielas 73,6 %, Tauki 9,9 %, Mitrums 7,3 %","og_url":"https:\/\/miumjau.ee\/lv\/produkts\/karumi-sunim-uzpustie-jaka-siera-kubini-frigera-70-g\/","og_site_name":"MiuMjau","article_publisher":"https:\/\/www.facebook.com\/miumjaupood\/","article_modified_time":"2026-01-07T19:20:31+00:00","og_image":[{"width":600,"height":800,"url":"https:\/\/miumjau.ee\/wp-content\/uploads\/2025\/05\/frigera-koerte-maius-puffitud-jakijuustu-kuubikud-70-g-1-Photoroom.jpg","type":"image\/jpeg"}],"twitter_card":"summary_large_image","schema":{"@context":"https:\/\/schema.org","@graph":[{"@type":"WebPage","@id":"https:\/\/miumjau.ee\/lv\/produkts\/karumi-sunim-uzpustie-jaka-siera-kubini-frigera-70-g\/","url":"https:\/\/miumjau.ee\/lv\/produkts\/karumi-sunim-uzpustie-jaka-siera-kubini-frigera-70-g\/","name":"K\u0101rumi sunim \u2013 uzp\u016bstie jaka siera kubi\u0146i Frigera 70 g - MiuMjau","isPartOf":{"@id":"https:\/\/miumjau.ee\/#website"},"primaryImageOfPage":{"@id":"https:\/\/miumjau.ee\/lv\/produkts\/karumi-sunim-uzpustie-jaka-siera-kubini-frigera-70-g\/#primaryimage"},"image":{"@id":"https:\/\/miumjau.ee\/lv\/produkts\/karumi-sunim-uzpustie-jaka-siera-kubini-frigera-70-g\/#primaryimage"},"thumbnailUrl":"https:\/\/miumjau.ee\/wp-content\/uploads\/2025\/05\/frigera-koerte-maius-puffitud-jakijuustu-kuubikud-70-g-1-Photoroom.jpg","datePublished":"2025-05-29T12:03:18+00:00","dateModified":"2026-01-07T19:20:31+00:00","breadcrumb":{"@id":"https:\/\/miumjau.ee\/lv\/produkts\/karumi-sunim-uzpustie-jaka-siera-kubini-frigera-70-g\/#breadcrumb"},"inLanguage":"lv-LV","potentialAction":[{"@type":"ReadAction","target":["https:\/\/miumjau.ee\/lv\/produkts\/karumi-sunim-uzpustie-jaka-siera-kubini-frigera-70-g\/"]}]},{"@type":"ImageObject","inLanguage":"lv-LV","@id":"https:\/\/miumjau.ee\/lv\/produkts\/karumi-sunim-uzpustie-jaka-siera-kubini-frigera-70-g\/#primaryimage","url":"https:\/\/miumjau.ee\/wp-content\/uploads\/2025\/05\/frigera-koerte-maius-puffitud-jakijuustu-kuubikud-70-g-1-Photoroom.jpg","contentUrl":"https:\/\/miumjau.ee\/wp-content\/uploads\/2025\/05\/frigera-koerte-maius-puffitud-jakijuustu-kuubikud-70-g-1-Photoroom.jpg","width":600,"height":800},{"@type":"BreadcrumbList","@id":"https:\/\/miumjau.ee\/lv\/produkts\/karumi-sunim-uzpustie-jaka-siera-kubini-frigera-70-g\/#breadcrumb","itemListElement":[{"@type":"ListItem","position":1,"name":"Home","item":"https:\/\/miumjau.ee\/lv\/"},{"@type":"ListItem","position":2,"name":"Veikals","item":"https:\/\/miumjau.ee\/lv\/veikals\/"},{"@type":"ListItem","position":3,"name":"K\u0101rumi sunim \u2013 uzp\u016bstie jaka siera kubi\u0146i Frigera 70 g"}]},{"@type":"WebSite","@id":"https:\/\/miumjau.ee\/#website","url":"https:\/\/miumjau.ee\/","name":"MiuMjau","description":"Kraapimispuud kassidele","publisher":{"@id":"https:\/\/miumjau.ee\/#organization"},"potentialAction":[{"@type":"SearchAction","target":{"@type":"EntryPoint","urlTemplate":"https:\/\/miumjau.ee\/?s={search_term_string}"},"query-input":{"@type":"PropertyValueSpecification","valueRequired":true,"valueName":"search_term_string"}}],"inLanguage":"lv-LV"},{"@type":"Organization","@id":"https:\/\/miumjau.ee\/#organization","name":"MiuMjau O\u00dc","url":"https:\/\/miumjau.ee\/","logo":{"@type":"ImageObject","inLanguage":"lv-LV","@id":"https:\/\/miumjau.ee\/#\/schema\/logo\/image\/","url":"https:\/\/miumjau.ee\/wp-content\/uploads\/2022\/04\/MiuMjau-logo-kollane.png","contentUrl":"https:\/\/miumjau.ee\/wp-content\/uploads\/2022\/04\/MiuMjau-logo-kollane.png","width":219,"height":100,"caption":"MiuMjau O\u00dc"},"image":{"@id":"https:\/\/miumjau.ee\/#\/schema\/logo\/image\/"},"sameAs":["https:\/\/www.facebook.com\/miumjaupood\/"]}]}},"_links":{"self":[{"href":"https:\/\/miumjau.ee\/lv\/wp-json\/wp\/v2\/product\/47976","targetHints":{"allow":["GET"]}}],"collection":[{"href":"https:\/\/miumjau.ee\/lv\/wp-json\/wp\/v2\/product"}],"about":[{"href":"https:\/\/miumjau.ee\/lv\/wp-json\/wp\/v2\/types\/product"}],"wp:featuredmedia":[{"embeddable":true,"href":"https:\/\/miumjau.ee\/lv\/wp-json\/wp\/v2\/media\/47974"}],"wp:attachment":[{"href":"https:\/\/miumjau.ee\/lv\/wp-json\/wp\/v2\/media?parent=47976"}],"wp:term":[{"taxonomy":"product_brand","embeddable":true,"href":"https:\/\/miumjau.ee\/lv\/wp-json\/wp\/v2\/product_brand?post=47976"},{"taxonomy":"product_cat","embeddable":true,"href":"https:\/\/miumjau.ee\/lv\/wp-json\/wp\/v2\/product_cat?post=47976"},{"taxonomy":"product_tag","embeddable":true,"href":"https:\/\/miumjau.ee\/lv\/wp-json\/wp\/v2\/product_tag?post=47976"}],"curies":[{"name":"wp","href":"https:\/\/api.w.org\/{rel}","templated":true}]}}