{"id":47971,"date":"2025-05-29T15:26:12","date_gmt":"2025-05-29T12:26:12","guid":{"rendered":"https:\/\/miumjau.ee\/toode\/frigera-dabigo-nasku-mix-250-g\/"},"modified":"2026-01-07T21:20:31","modified_gmt":"2026-01-07T19:20:31","slug":"frigera-dabigo-nasku-mix-250-g","status":"publish","type":"product","link":"https:\/\/miumjau.ee\/lv\/produkts\/frigera-dabigo-nasku-mix-250-g\/","title":{"rendered":"Frigera dab\u012bgo na\u0161\u0137u MIX 250 g"},"content":{"rendered":"","protected":false},"excerpt":{"rendered":"<p data-start=\"2338\" data-end=\"2791\">Vai zini to saj\u016btu, kad st\u0101vi priek\u0161\u0101 daudz\u0101m interesant\u0101m prec\u0113m, bet nevari izv\u0113l\u0113ties? M\u0113s \u0161o saj\u016btu labi paz\u012bstam! Tie\u0161i t\u0101p\u0113c rad\u012bj\u0101m \u0161o krauk\u0161\u0137\u012bgo mais\u012bjuma paketi! Iepaz\u012bsties ar m\u016bsu zvaigzn\u0113m: liellopa plau\u0161as, ku\u0146\u0123is un galvas \u0101da! \u0160ie tr\u012bs veido friGERA krauk\u0161\u0137\u012bgo na\u0161\u0137u mais\u012bjumu. Tas noz\u012bm\u0113, ka tavs suns var baud\u012bt na\u0161\u0137us m\u012bkst\u0101, vid\u0113ji ciet\u0101 un ciet\u0101 tekst\u016br\u0101 \u2013 ide\u0101ls veids, k\u0101 ieviest da\u017e\u0101d\u012bbu ikdienas uztur\u0101 un saglab\u0101t interesantumu.<\/p>\n<p data-start=\"2793\" data-end=\"3087\">Turkl\u0101t visi \u0161ie na\u0161\u0137i ir ar zemu tauku saturu un bag\u0101ti ar olbaltumviel\u0101m \u2013 plau\u0161as un ku\u0146\u0123is satur ar\u012b v\u0113rt\u012bgus miner\u0101lvielu un tauksk\u0101bju daudzumus! Taj\u0101 pa\u0161\u0101 laik\u0101 mais\u012bjums pal\u012bdz stiprin\u0101t zobus un atbalsta mutes higi\u0113nu. Ja tavs suns m\u012bl da\u017e\u0101d\u012bbu, vi\u0146\u0161 b\u016bs saj\u016bsm\u0101 par \u0161o gardumu paci\u0146u!<\/p>\n<p data-start=\"3089\" data-end=\"3114\">Sast\u0101vs: 100 % liellops<\/p>\n<p data-start=\"3116\" data-end=\"3292\">Lieto\u0161anas instrukcija: Dod k\u0101 na\u0161\u0137i starp \u0113dienreiz\u0113m vai k\u0101 balvu sabalans\u0113ta uztura sast\u0101v\u0101. Baro\u0161anas laik\u0101 uzraugi suni un nodro\u0161ini svaigu \u016bdeni. Nav paredz\u0113ts cilv\u0113kiem.<\/p>\n<p data-start=\"3294\" data-end=\"3368\">Anal\u012btiskais sast\u0101vs: Olbaltumvielas 74,93 %, Tauki 9,27 %, Mitrums 6,73 %<\/p>\n","protected":false},"featured_media":47969,"template":"","meta":[],"product_brand":[],"product_cat":[573,576],"product_tag":[],"class_list":{"0":"post-47971","1":"product","2":"type-product","3":"status-publish","4":"has-post-thumbnail","6":"product_cat-kaup24-lv","7":"product_cat-naski-suniem","9":"first","10":"instock","11":"taxable","12":"shipping-taxable","13":"purchasable","14":"product-type-simple"},"yoast_head":"<!-- This site is optimized with the Yoast SEO plugin v27.4 - https:\/\/yoast.com\/product\/yoast-seo-wordpress\/ -->\n<title>Frigera dab\u012bgo na\u0161\u0137u MIX 250 g - MiuMjau<\/title>\n<meta name=\"robots\" content=\"index, follow, max-snippet:-1, max-image-preview:large, max-video-preview:-1\" \/>\n<link rel=\"canonical\" href=\"https:\/\/miumjau.ee\/lv\/produkts\/frigera-dabigo-nasku-mix-250-g\/\" \/>\n<meta property=\"og:locale\" content=\"lv_LV\" \/>\n<meta property=\"og:type\" content=\"article\" \/>\n<meta property=\"og:title\" content=\"Frigera dab\u012bgo na\u0161\u0137u MIX 250 g - MiuMjau\" \/>\n<meta property=\"og:description\" content=\"Vai zini to saj\u016btu, kad st\u0101vi priek\u0161\u0101 daudz\u0101m interesant\u0101m prec\u0113m, bet nevari izv\u0113l\u0113ties? M\u0113s \u0161o saj\u016btu labi paz\u012bstam! Tie\u0161i t\u0101p\u0113c rad\u012bj\u0101m \u0161o krauk\u0161\u0137\u012bgo mais\u012bjuma paketi! Iepaz\u012bsties ar m\u016bsu zvaigzn\u0113m: liellopa plau\u0161as, ku\u0146\u0123is un galvas \u0101da! \u0160ie tr\u012bs veido friGERA krauk\u0161\u0137\u012bgo na\u0161\u0137u mais\u012bjumu. Tas noz\u012bm\u0113, ka tavs suns var baud\u012bt na\u0161\u0137us m\u012bkst\u0101, vid\u0113ji ciet\u0101 un ciet\u0101 tekst\u016br\u0101 \u2013 ide\u0101ls veids, k\u0101 ieviest da\u017e\u0101d\u012bbu ikdienas uztur\u0101 un saglab\u0101t interesantumu. Turkl\u0101t visi \u0161ie na\u0161\u0137i ir ar zemu tauku saturu un bag\u0101ti ar olbaltumviel\u0101m \u2013 plau\u0161as un ku\u0146\u0123is satur ar\u012b v\u0113rt\u012bgus miner\u0101lvielu un tauksk\u0101bju daudzumus! Taj\u0101 pa\u0161\u0101 laik\u0101 mais\u012bjums pal\u012bdz stiprin\u0101t zobus un atbalsta mutes higi\u0113nu. Ja tavs suns m\u012bl da\u017e\u0101d\u012bbu, vi\u0146\u0161 b\u016bs saj\u016bsm\u0101 par \u0161o gardumu paci\u0146u! Sast\u0101vs: 100 % liellops Lieto\u0161anas instrukcija: Dod k\u0101 na\u0161\u0137i starp \u0113dienreiz\u0113m vai k\u0101 balvu sabalans\u0113ta uztura sast\u0101v\u0101. Baro\u0161anas laik\u0101 uzraugi suni un nodro\u0161ini svaigu \u016bdeni. Nav paredz\u0113ts cilv\u0113kiem. Anal\u012btiskais sast\u0101vs: Olbaltumvielas 74,93 %, Tauki 9,27 %, Mitrums 6,73 %\" \/>\n<meta property=\"og:url\" content=\"https:\/\/miumjau.ee\/lv\/produkts\/frigera-dabigo-nasku-mix-250-g\/\" \/>\n<meta property=\"og:site_name\" content=\"MiuMjau\" \/>\n<meta property=\"article:publisher\" content=\"https:\/\/www.facebook.com\/miumjaupood\/\" \/>\n<meta property=\"article:modified_time\" content=\"2026-01-07T19:20:31+00:00\" \/>\n<meta property=\"og:image\" content=\"https:\/\/miumjau.ee\/wp-content\/uploads\/2025\/05\/frigera-maiuste-mix-250g.jpg\" \/>\n\t<meta property=\"og:image:width\" content=\"600\" \/>\n\t<meta property=\"og:image:height\" content=\"800\" \/>\n\t<meta property=\"og:image:type\" content=\"image\/jpeg\" \/>\n<meta name=\"twitter:card\" content=\"summary_large_image\" \/>\n<script type=\"application\/ld+json\" class=\"yoast-schema-graph\">{\"@context\":\"https:\\\/\\\/schema.org\",\"@graph\":[{\"@type\":\"WebPage\",\"@id\":\"https:\\\/\\\/miumjau.ee\\\/lv\\\/produkts\\\/frigera-dabigo-nasku-mix-250-g\\\/\",\"url\":\"https:\\\/\\\/miumjau.ee\\\/lv\\\/produkts\\\/frigera-dabigo-nasku-mix-250-g\\\/\",\"name\":\"Frigera dab\u012bgo na\u0161\u0137u MIX 250 g - MiuMjau\",\"isPartOf\":{\"@id\":\"https:\\\/\\\/miumjau.ee\\\/#website\"},\"primaryImageOfPage\":{\"@id\":\"https:\\\/\\\/miumjau.ee\\\/lv\\\/produkts\\\/frigera-dabigo-nasku-mix-250-g\\\/#primaryimage\"},\"image\":{\"@id\":\"https:\\\/\\\/miumjau.ee\\\/lv\\\/produkts\\\/frigera-dabigo-nasku-mix-250-g\\\/#primaryimage\"},\"thumbnailUrl\":\"https:\\\/\\\/miumjau.ee\\\/wp-content\\\/uploads\\\/2025\\\/05\\\/frigera-maiuste-mix-250g.jpg\",\"datePublished\":\"2025-05-29T12:26:12+00:00\",\"dateModified\":\"2026-01-07T19:20:31+00:00\",\"breadcrumb\":{\"@id\":\"https:\\\/\\\/miumjau.ee\\\/lv\\\/produkts\\\/frigera-dabigo-nasku-mix-250-g\\\/#breadcrumb\"},\"inLanguage\":\"lv-LV\",\"potentialAction\":[{\"@type\":\"ReadAction\",\"target\":[\"https:\\\/\\\/miumjau.ee\\\/lv\\\/produkts\\\/frigera-dabigo-nasku-mix-250-g\\\/\"]}]},{\"@type\":\"ImageObject\",\"inLanguage\":\"lv-LV\",\"@id\":\"https:\\\/\\\/miumjau.ee\\\/lv\\\/produkts\\\/frigera-dabigo-nasku-mix-250-g\\\/#primaryimage\",\"url\":\"https:\\\/\\\/miumjau.ee\\\/wp-content\\\/uploads\\\/2025\\\/05\\\/frigera-maiuste-mix-250g.jpg\",\"contentUrl\":\"https:\\\/\\\/miumjau.ee\\\/wp-content\\\/uploads\\\/2025\\\/05\\\/frigera-maiuste-mix-250g.jpg\",\"width\":600,\"height\":800},{\"@type\":\"BreadcrumbList\",\"@id\":\"https:\\\/\\\/miumjau.ee\\\/lv\\\/produkts\\\/frigera-dabigo-nasku-mix-250-g\\\/#breadcrumb\",\"itemListElement\":[{\"@type\":\"ListItem\",\"position\":1,\"name\":\"Home\",\"item\":\"https:\\\/\\\/miumjau.ee\\\/lv\\\/\"},{\"@type\":\"ListItem\",\"position\":2,\"name\":\"Veikals\",\"item\":\"https:\\\/\\\/miumjau.ee\\\/lv\\\/veikals\\\/\"},{\"@type\":\"ListItem\",\"position\":3,\"name\":\"Frigera dab\u012bgo na\u0161\u0137u MIX 250 g\"}]},{\"@type\":\"WebSite\",\"@id\":\"https:\\\/\\\/miumjau.ee\\\/#website\",\"url\":\"https:\\\/\\\/miumjau.ee\\\/\",\"name\":\"MiuMjau\",\"description\":\"Kraapimispuud kassidele\",\"publisher\":{\"@id\":\"https:\\\/\\\/miumjau.ee\\\/#organization\"},\"potentialAction\":[{\"@type\":\"SearchAction\",\"target\":{\"@type\":\"EntryPoint\",\"urlTemplate\":\"https:\\\/\\\/miumjau.ee\\\/?s={search_term_string}\"},\"query-input\":{\"@type\":\"PropertyValueSpecification\",\"valueRequired\":true,\"valueName\":\"search_term_string\"}}],\"inLanguage\":\"lv-LV\"},{\"@type\":\"Organization\",\"@id\":\"https:\\\/\\\/miumjau.ee\\\/#organization\",\"name\":\"MiuMjau O\u00dc\",\"url\":\"https:\\\/\\\/miumjau.ee\\\/\",\"logo\":{\"@type\":\"ImageObject\",\"inLanguage\":\"lv-LV\",\"@id\":\"https:\\\/\\\/miumjau.ee\\\/#\\\/schema\\\/logo\\\/image\\\/\",\"url\":\"https:\\\/\\\/miumjau.ee\\\/wp-content\\\/uploads\\\/2022\\\/04\\\/MiuMjau-logo-kollane.png\",\"contentUrl\":\"https:\\\/\\\/miumjau.ee\\\/wp-content\\\/uploads\\\/2022\\\/04\\\/MiuMjau-logo-kollane.png\",\"width\":219,\"height\":100,\"caption\":\"MiuMjau O\u00dc\"},\"image\":{\"@id\":\"https:\\\/\\\/miumjau.ee\\\/#\\\/schema\\\/logo\\\/image\\\/\"},\"sameAs\":[\"https:\\\/\\\/www.facebook.com\\\/miumjaupood\\\/\"]}]}<\/script>\n<!-- \/ Yoast SEO plugin. -->","yoast_head_json":{"title":"Frigera dab\u012bgo na\u0161\u0137u MIX 250 g - MiuMjau","robots":{"index":"index","follow":"follow","max-snippet":"max-snippet:-1","max-image-preview":"max-image-preview:large","max-video-preview":"max-video-preview:-1"},"canonical":"https:\/\/miumjau.ee\/lv\/produkts\/frigera-dabigo-nasku-mix-250-g\/","og_locale":"lv_LV","og_type":"article","og_title":"Frigera dab\u012bgo na\u0161\u0137u MIX 250 g - MiuMjau","og_description":"Vai zini to saj\u016btu, kad st\u0101vi priek\u0161\u0101 daudz\u0101m interesant\u0101m prec\u0113m, bet nevari izv\u0113l\u0113ties? M\u0113s \u0161o saj\u016btu labi paz\u012bstam! Tie\u0161i t\u0101p\u0113c rad\u012bj\u0101m \u0161o krauk\u0161\u0137\u012bgo mais\u012bjuma paketi! Iepaz\u012bsties ar m\u016bsu zvaigzn\u0113m: liellopa plau\u0161as, ku\u0146\u0123is un galvas \u0101da! \u0160ie tr\u012bs veido friGERA krauk\u0161\u0137\u012bgo na\u0161\u0137u mais\u012bjumu. Tas noz\u012bm\u0113, ka tavs suns var baud\u012bt na\u0161\u0137us m\u012bkst\u0101, vid\u0113ji ciet\u0101 un ciet\u0101 tekst\u016br\u0101 \u2013 ide\u0101ls veids, k\u0101 ieviest da\u017e\u0101d\u012bbu ikdienas uztur\u0101 un saglab\u0101t interesantumu. Turkl\u0101t visi \u0161ie na\u0161\u0137i ir ar zemu tauku saturu un bag\u0101ti ar olbaltumviel\u0101m \u2013 plau\u0161as un ku\u0146\u0123is satur ar\u012b v\u0113rt\u012bgus miner\u0101lvielu un tauksk\u0101bju daudzumus! Taj\u0101 pa\u0161\u0101 laik\u0101 mais\u012bjums pal\u012bdz stiprin\u0101t zobus un atbalsta mutes higi\u0113nu. Ja tavs suns m\u012bl da\u017e\u0101d\u012bbu, vi\u0146\u0161 b\u016bs saj\u016bsm\u0101 par \u0161o gardumu paci\u0146u! Sast\u0101vs: 100 % liellops Lieto\u0161anas instrukcija: Dod k\u0101 na\u0161\u0137i starp \u0113dienreiz\u0113m vai k\u0101 balvu sabalans\u0113ta uztura sast\u0101v\u0101. Baro\u0161anas laik\u0101 uzraugi suni un nodro\u0161ini svaigu \u016bdeni. Nav paredz\u0113ts cilv\u0113kiem. Anal\u012btiskais sast\u0101vs: Olbaltumvielas 74,93 %, Tauki 9,27 %, Mitrums 6,73 %","og_url":"https:\/\/miumjau.ee\/lv\/produkts\/frigera-dabigo-nasku-mix-250-g\/","og_site_name":"MiuMjau","article_publisher":"https:\/\/www.facebook.com\/miumjaupood\/","article_modified_time":"2026-01-07T19:20:31+00:00","og_image":[{"width":600,"height":800,"url":"https:\/\/miumjau.ee\/wp-content\/uploads\/2025\/05\/frigera-maiuste-mix-250g.jpg","type":"image\/jpeg"}],"twitter_card":"summary_large_image","schema":{"@context":"https:\/\/schema.org","@graph":[{"@type":"WebPage","@id":"https:\/\/miumjau.ee\/lv\/produkts\/frigera-dabigo-nasku-mix-250-g\/","url":"https:\/\/miumjau.ee\/lv\/produkts\/frigera-dabigo-nasku-mix-250-g\/","name":"Frigera dab\u012bgo na\u0161\u0137u MIX 250 g - MiuMjau","isPartOf":{"@id":"https:\/\/miumjau.ee\/#website"},"primaryImageOfPage":{"@id":"https:\/\/miumjau.ee\/lv\/produkts\/frigera-dabigo-nasku-mix-250-g\/#primaryimage"},"image":{"@id":"https:\/\/miumjau.ee\/lv\/produkts\/frigera-dabigo-nasku-mix-250-g\/#primaryimage"},"thumbnailUrl":"https:\/\/miumjau.ee\/wp-content\/uploads\/2025\/05\/frigera-maiuste-mix-250g.jpg","datePublished":"2025-05-29T12:26:12+00:00","dateModified":"2026-01-07T19:20:31+00:00","breadcrumb":{"@id":"https:\/\/miumjau.ee\/lv\/produkts\/frigera-dabigo-nasku-mix-250-g\/#breadcrumb"},"inLanguage":"lv-LV","potentialAction":[{"@type":"ReadAction","target":["https:\/\/miumjau.ee\/lv\/produkts\/frigera-dabigo-nasku-mix-250-g\/"]}]},{"@type":"ImageObject","inLanguage":"lv-LV","@id":"https:\/\/miumjau.ee\/lv\/produkts\/frigera-dabigo-nasku-mix-250-g\/#primaryimage","url":"https:\/\/miumjau.ee\/wp-content\/uploads\/2025\/05\/frigera-maiuste-mix-250g.jpg","contentUrl":"https:\/\/miumjau.ee\/wp-content\/uploads\/2025\/05\/frigera-maiuste-mix-250g.jpg","width":600,"height":800},{"@type":"BreadcrumbList","@id":"https:\/\/miumjau.ee\/lv\/produkts\/frigera-dabigo-nasku-mix-250-g\/#breadcrumb","itemListElement":[{"@type":"ListItem","position":1,"name":"Home","item":"https:\/\/miumjau.ee\/lv\/"},{"@type":"ListItem","position":2,"name":"Veikals","item":"https:\/\/miumjau.ee\/lv\/veikals\/"},{"@type":"ListItem","position":3,"name":"Frigera dab\u012bgo na\u0161\u0137u MIX 250 g"}]},{"@type":"WebSite","@id":"https:\/\/miumjau.ee\/#website","url":"https:\/\/miumjau.ee\/","name":"MiuMjau","description":"Kraapimispuud kassidele","publisher":{"@id":"https:\/\/miumjau.ee\/#organization"},"potentialAction":[{"@type":"SearchAction","target":{"@type":"EntryPoint","urlTemplate":"https:\/\/miumjau.ee\/?s={search_term_string}"},"query-input":{"@type":"PropertyValueSpecification","valueRequired":true,"valueName":"search_term_string"}}],"inLanguage":"lv-LV"},{"@type":"Organization","@id":"https:\/\/miumjau.ee\/#organization","name":"MiuMjau O\u00dc","url":"https:\/\/miumjau.ee\/","logo":{"@type":"ImageObject","inLanguage":"lv-LV","@id":"https:\/\/miumjau.ee\/#\/schema\/logo\/image\/","url":"https:\/\/miumjau.ee\/wp-content\/uploads\/2022\/04\/MiuMjau-logo-kollane.png","contentUrl":"https:\/\/miumjau.ee\/wp-content\/uploads\/2022\/04\/MiuMjau-logo-kollane.png","width":219,"height":100,"caption":"MiuMjau O\u00dc"},"image":{"@id":"https:\/\/miumjau.ee\/#\/schema\/logo\/image\/"},"sameAs":["https:\/\/www.facebook.com\/miumjaupood\/"]}]}},"_links":{"self":[{"href":"https:\/\/miumjau.ee\/lv\/wp-json\/wp\/v2\/product\/47971","targetHints":{"allow":["GET"]}}],"collection":[{"href":"https:\/\/miumjau.ee\/lv\/wp-json\/wp\/v2\/product"}],"about":[{"href":"https:\/\/miumjau.ee\/lv\/wp-json\/wp\/v2\/types\/product"}],"wp:featuredmedia":[{"embeddable":true,"href":"https:\/\/miumjau.ee\/lv\/wp-json\/wp\/v2\/media\/47969"}],"wp:attachment":[{"href":"https:\/\/miumjau.ee\/lv\/wp-json\/wp\/v2\/media?parent=47971"}],"wp:term":[{"taxonomy":"product_brand","embeddable":true,"href":"https:\/\/miumjau.ee\/lv\/wp-json\/wp\/v2\/product_brand?post=47971"},{"taxonomy":"product_cat","embeddable":true,"href":"https:\/\/miumjau.ee\/lv\/wp-json\/wp\/v2\/product_cat?post=47971"},{"taxonomy":"product_tag","embeddable":true,"href":"https:\/\/miumjau.ee\/lv\/wp-json\/wp\/v2\/product_tag?post=47971"}],"curies":[{"name":"wp","href":"https:\/\/api.w.org\/{rel}","templated":true}]}}