{"id":47964,"date":"2025-05-29T15:43:44","date_gmt":"2025-05-29T12:43:44","guid":{"rendered":"https:\/\/miumjau.ee\/toode\/koslajamas-nujinas-suniem-frigera-bufala-dzimumloceklis-200-g\/"},"modified":"2026-01-07T21:20:31","modified_gmt":"2026-01-07T19:20:31","slug":"koslajamas-nujinas-suniem-frigera-bufala-dzimumloceklis-200-g","status":"publish","type":"product","link":"https:\/\/miumjau.ee\/lv\/produkts\/koslajamas-nujinas-suniem-frigera-bufala-dzimumloceklis-200-g\/","title":{"rendered":"Ko\u0161\u013c\u0101jam\u0101s n\u016bji\u0146as su\u0146iem Frigera \u2013 Bufa\u013ca dzimumloceklis 200 g"},"content":{"rendered":"","protected":false},"excerpt":{"rendered":"<p data-start=\"2515\" data-end=\"2939\">Piln\u012bgi dab\u012bgas ko\u0161\u013c\u0101jam\u0101s n\u016bji\u0146as su\u0146iem? Tie\u0161i t\u0101s redzat \u0161eit! \u0160ie vilino\u0161ie k\u0101rumi nesag\u0101d\u0101s vil\u0161anos j\u016bsu sunim! J\u016bs var\u0113tu jaut\u0101t: \u201cK\u0101p\u0113c bufala ga\u013ca?\u201d \u2013 t\u0101 satur maz\u0101k holester\u012bna, vair\u0101k miner\u0101lvielu un maz\u0101k nek\u0101 pusi tauku nek\u0101 parasta liesa ga\u013ca! friGERA bufala ko\u0161\u013c\u0101jam\u0101s n\u016bji\u0146as gatavotas no lab\u0101kajiem br\u012bvgan\u012bbu bufaliem. \u0160os dz\u012bvniekus audz\u0113 bez antibiotik\u0101m, stero\u012bdiem vai hormoniem \u2013 \u012bsti dab\u012bgs produkts!<\/p>\n<p data-start=\"2941\" data-end=\"3269\">\u0160\u012b dab\u012bg\u0101 ga\u013ca ir lielisks omega-3, taur\u012bna, olbaltumvielu, neaizvietojamo aminosk\u0101bju un miner\u0101lvielu avots. Bufala n\u016bji\u0146u ko\u0161\u013c\u0101\u0161ana atbalsta ne tikai zobu vesel\u012bbu un gar\u012bgo labkl\u0101j\u012bbu, bet ar\u012b \u017eok\u013ca un musku\u013cu att\u012bst\u012bbu kopum\u0101. M\u016bsu bufala ko\u0161\u013c\u0101jam\u0101s n\u016bji\u0146as sniedz \u012bstu ko\u0161\u013c\u0101\u0161anas prieku visiem su\u0146iem, neatkar\u012bgi no izm\u0113ra!<\/p>\n<p data-start=\"3271\" data-end=\"3295\">Sast\u0101vs: 100 % bufalis<\/p>\n<p data-start=\"3297\" data-end=\"3473\">Lieto\u0161anas instrukcija: Dod k\u0101 na\u0161\u0137i starp \u0113dienreiz\u0113m vai k\u0101 balvu sabalans\u0113ta uztura sast\u0101v\u0101. Baro\u0161anas laik\u0101 uzraugi suni un nodro\u0161ini svaigu \u016bdeni. Nav paredz\u0113ts cilv\u0113kiem.<\/p>\n<p data-start=\"3475\" data-end=\"3550\">Anal\u012btiskais sast\u0101vs: Olbaltumvielas 81,96 %, Tauki 4,51 %, Mitrums 12,48 %<\/p>\n","protected":false},"featured_media":47961,"template":"","meta":[],"product_brand":[],"product_cat":[576],"product_tag":[],"class_list":{"0":"post-47964","1":"product","2":"type-product","3":"status-publish","4":"has-post-thumbnail","6":"product_cat-naski-suniem","8":"first","9":"instock","10":"taxable","11":"shipping-taxable","12":"purchasable","13":"product-type-simple"},"yoast_head":"<!-- This site is optimized with the Yoast SEO plugin v27.2 - https:\/\/yoast.com\/product\/yoast-seo-wordpress\/ -->\n<title>Ko\u0161\u013c\u0101jam\u0101s n\u016bji\u0146as su\u0146iem Frigera \u2013 Bufa\u013ca dzimumloceklis 200 g - MiuMjau<\/title>\n<meta name=\"robots\" content=\"index, follow, max-snippet:-1, max-image-preview:large, max-video-preview:-1\" \/>\n<link rel=\"canonical\" href=\"https:\/\/miumjau.ee\/lv\/produkts\/koslajamas-nujinas-suniem-frigera-bufala-dzimumloceklis-200-g\/\" \/>\n<meta property=\"og:locale\" content=\"lv_LV\" \/>\n<meta property=\"og:type\" content=\"article\" \/>\n<meta property=\"og:title\" content=\"Ko\u0161\u013c\u0101jam\u0101s n\u016bji\u0146as su\u0146iem Frigera \u2013 Bufa\u013ca dzimumloceklis 200 g - MiuMjau\" \/>\n<meta property=\"og:description\" content=\"Piln\u012bgi dab\u012bgas ko\u0161\u013c\u0101jam\u0101s n\u016bji\u0146as su\u0146iem? Tie\u0161i t\u0101s redzat \u0161eit! \u0160ie vilino\u0161ie k\u0101rumi nesag\u0101d\u0101s vil\u0161anos j\u016bsu sunim! J\u016bs var\u0113tu jaut\u0101t: \u201cK\u0101p\u0113c bufala ga\u013ca?\u201d \u2013 t\u0101 satur maz\u0101k holester\u012bna, vair\u0101k miner\u0101lvielu un maz\u0101k nek\u0101 pusi tauku nek\u0101 parasta liesa ga\u013ca! friGERA bufala ko\u0161\u013c\u0101jam\u0101s n\u016bji\u0146as gatavotas no lab\u0101kajiem br\u012bvgan\u012bbu bufaliem. \u0160os dz\u012bvniekus audz\u0113 bez antibiotik\u0101m, stero\u012bdiem vai hormoniem \u2013 \u012bsti dab\u012bgs produkts! \u0160\u012b dab\u012bg\u0101 ga\u013ca ir lielisks omega-3, taur\u012bna, olbaltumvielu, neaizvietojamo aminosk\u0101bju un miner\u0101lvielu avots. Bufala n\u016bji\u0146u ko\u0161\u013c\u0101\u0161ana atbalsta ne tikai zobu vesel\u012bbu un gar\u012bgo labkl\u0101j\u012bbu, bet ar\u012b \u017eok\u013ca un musku\u013cu att\u012bst\u012bbu kopum\u0101. M\u016bsu bufala ko\u0161\u013c\u0101jam\u0101s n\u016bji\u0146as sniedz \u012bstu ko\u0161\u013c\u0101\u0161anas prieku visiem su\u0146iem, neatkar\u012bgi no izm\u0113ra! Sast\u0101vs: 100 % bufalis Lieto\u0161anas instrukcija: Dod k\u0101 na\u0161\u0137i starp \u0113dienreiz\u0113m vai k\u0101 balvu sabalans\u0113ta uztura sast\u0101v\u0101. Baro\u0161anas laik\u0101 uzraugi suni un nodro\u0161ini svaigu \u016bdeni. Nav paredz\u0113ts cilv\u0113kiem. Anal\u012btiskais sast\u0101vs: Olbaltumvielas 81,96 %, Tauki 4,51 %, Mitrums 12,48 %\" \/>\n<meta property=\"og:url\" content=\"https:\/\/miumjau.ee\/lv\/produkts\/koslajamas-nujinas-suniem-frigera-bufala-dzimumloceklis-200-g\/\" \/>\n<meta property=\"og:site_name\" content=\"MiuMjau\" \/>\n<meta property=\"article:publisher\" content=\"https:\/\/www.facebook.com\/miumjaupood\/\" \/>\n<meta property=\"article:modified_time\" content=\"2026-01-07T19:20:31+00:00\" \/>\n<meta property=\"og:image\" content=\"https:\/\/miumjau.ee\/wp-content\/uploads\/2025\/05\/puhvli-peenis-frigera-200g.jpg\" \/>\n\t<meta property=\"og:image:width\" content=\"600\" \/>\n\t<meta property=\"og:image:height\" content=\"800\" \/>\n\t<meta property=\"og:image:type\" content=\"image\/jpeg\" \/>\n<meta name=\"twitter:card\" content=\"summary_large_image\" \/>\n<script type=\"application\/ld+json\" class=\"yoast-schema-graph\">{\"@context\":\"https:\/\/schema.org\",\"@graph\":[{\"@type\":\"WebPage\",\"@id\":\"https:\/\/miumjau.ee\/lv\/produkts\/koslajamas-nujinas-suniem-frigera-bufala-dzimumloceklis-200-g\/\",\"url\":\"https:\/\/miumjau.ee\/lv\/produkts\/koslajamas-nujinas-suniem-frigera-bufala-dzimumloceklis-200-g\/\",\"name\":\"Ko\u0161\u013c\u0101jam\u0101s n\u016bji\u0146as su\u0146iem Frigera \u2013 Bufa\u013ca dzimumloceklis 200 g - MiuMjau\",\"isPartOf\":{\"@id\":\"https:\/\/miumjau.ee\/#website\"},\"primaryImageOfPage\":{\"@id\":\"https:\/\/miumjau.ee\/lv\/produkts\/koslajamas-nujinas-suniem-frigera-bufala-dzimumloceklis-200-g\/#primaryimage\"},\"image\":{\"@id\":\"https:\/\/miumjau.ee\/lv\/produkts\/koslajamas-nujinas-suniem-frigera-bufala-dzimumloceklis-200-g\/#primaryimage\"},\"thumbnailUrl\":\"https:\/\/miumjau.ee\/wp-content\/uploads\/2025\/05\/puhvli-peenis-frigera-200g.jpg\",\"datePublished\":\"2025-05-29T12:43:44+00:00\",\"dateModified\":\"2026-01-07T19:20:31+00:00\",\"breadcrumb\":{\"@id\":\"https:\/\/miumjau.ee\/lv\/produkts\/koslajamas-nujinas-suniem-frigera-bufala-dzimumloceklis-200-g\/#breadcrumb\"},\"inLanguage\":\"lv-LV\",\"potentialAction\":[{\"@type\":\"ReadAction\",\"target\":[\"https:\/\/miumjau.ee\/lv\/produkts\/koslajamas-nujinas-suniem-frigera-bufala-dzimumloceklis-200-g\/\"]}]},{\"@type\":\"ImageObject\",\"inLanguage\":\"lv-LV\",\"@id\":\"https:\/\/miumjau.ee\/lv\/produkts\/koslajamas-nujinas-suniem-frigera-bufala-dzimumloceklis-200-g\/#primaryimage\",\"url\":\"https:\/\/miumjau.ee\/wp-content\/uploads\/2025\/05\/puhvli-peenis-frigera-200g.jpg\",\"contentUrl\":\"https:\/\/miumjau.ee\/wp-content\/uploads\/2025\/05\/puhvli-peenis-frigera-200g.jpg\",\"width\":600,\"height\":800},{\"@type\":\"BreadcrumbList\",\"@id\":\"https:\/\/miumjau.ee\/lv\/produkts\/koslajamas-nujinas-suniem-frigera-bufala-dzimumloceklis-200-g\/#breadcrumb\",\"itemListElement\":[{\"@type\":\"ListItem\",\"position\":1,\"name\":\"Home\",\"item\":\"https:\/\/miumjau.ee\/lv\/\"},{\"@type\":\"ListItem\",\"position\":2,\"name\":\"Veikals\",\"item\":\"https:\/\/miumjau.ee\/lv\/veikals\/\"},{\"@type\":\"ListItem\",\"position\":3,\"name\":\"Ko\u0161\u013c\u0101jam\u0101s n\u016bji\u0146as su\u0146iem Frigera \u2013 Bufa\u013ca dzimumloceklis 200 g\"}]},{\"@type\":\"WebSite\",\"@id\":\"https:\/\/miumjau.ee\/#website\",\"url\":\"https:\/\/miumjau.ee\/\",\"name\":\"MiuMjau\",\"description\":\"Kraapimispuud kassidele\",\"publisher\":{\"@id\":\"https:\/\/miumjau.ee\/#organization\"},\"potentialAction\":[{\"@type\":\"SearchAction\",\"target\":{\"@type\":\"EntryPoint\",\"urlTemplate\":\"https:\/\/miumjau.ee\/?s={search_term_string}\"},\"query-input\":{\"@type\":\"PropertyValueSpecification\",\"valueRequired\":true,\"valueName\":\"search_term_string\"}}],\"inLanguage\":\"lv-LV\"},{\"@type\":\"Organization\",\"@id\":\"https:\/\/miumjau.ee\/#organization\",\"name\":\"MiuMjau O\u00dc\",\"url\":\"https:\/\/miumjau.ee\/\",\"logo\":{\"@type\":\"ImageObject\",\"inLanguage\":\"lv-LV\",\"@id\":\"https:\/\/miumjau.ee\/#\/schema\/logo\/image\/\",\"url\":\"https:\/\/miumjau.ee\/wp-content\/uploads\/2022\/04\/MiuMjau-logo-kollane.png\",\"contentUrl\":\"https:\/\/miumjau.ee\/wp-content\/uploads\/2022\/04\/MiuMjau-logo-kollane.png\",\"width\":219,\"height\":100,\"caption\":\"MiuMjau O\u00dc\"},\"image\":{\"@id\":\"https:\/\/miumjau.ee\/#\/schema\/logo\/image\/\"},\"sameAs\":[\"https:\/\/www.facebook.com\/miumjaupood\/\"]}]}<\/script>\n<!-- \/ Yoast SEO plugin. -->","yoast_head_json":{"title":"Ko\u0161\u013c\u0101jam\u0101s n\u016bji\u0146as su\u0146iem Frigera \u2013 Bufa\u013ca dzimumloceklis 200 g - MiuMjau","robots":{"index":"index","follow":"follow","max-snippet":"max-snippet:-1","max-image-preview":"max-image-preview:large","max-video-preview":"max-video-preview:-1"},"canonical":"https:\/\/miumjau.ee\/lv\/produkts\/koslajamas-nujinas-suniem-frigera-bufala-dzimumloceklis-200-g\/","og_locale":"lv_LV","og_type":"article","og_title":"Ko\u0161\u013c\u0101jam\u0101s n\u016bji\u0146as su\u0146iem Frigera \u2013 Bufa\u013ca dzimumloceklis 200 g - MiuMjau","og_description":"Piln\u012bgi dab\u012bgas ko\u0161\u013c\u0101jam\u0101s n\u016bji\u0146as su\u0146iem? Tie\u0161i t\u0101s redzat \u0161eit! \u0160ie vilino\u0161ie k\u0101rumi nesag\u0101d\u0101s vil\u0161anos j\u016bsu sunim! J\u016bs var\u0113tu jaut\u0101t: \u201cK\u0101p\u0113c bufala ga\u013ca?\u201d \u2013 t\u0101 satur maz\u0101k holester\u012bna, vair\u0101k miner\u0101lvielu un maz\u0101k nek\u0101 pusi tauku nek\u0101 parasta liesa ga\u013ca! friGERA bufala ko\u0161\u013c\u0101jam\u0101s n\u016bji\u0146as gatavotas no lab\u0101kajiem br\u012bvgan\u012bbu bufaliem. \u0160os dz\u012bvniekus audz\u0113 bez antibiotik\u0101m, stero\u012bdiem vai hormoniem \u2013 \u012bsti dab\u012bgs produkts! \u0160\u012b dab\u012bg\u0101 ga\u013ca ir lielisks omega-3, taur\u012bna, olbaltumvielu, neaizvietojamo aminosk\u0101bju un miner\u0101lvielu avots. Bufala n\u016bji\u0146u ko\u0161\u013c\u0101\u0161ana atbalsta ne tikai zobu vesel\u012bbu un gar\u012bgo labkl\u0101j\u012bbu, bet ar\u012b \u017eok\u013ca un musku\u013cu att\u012bst\u012bbu kopum\u0101. M\u016bsu bufala ko\u0161\u013c\u0101jam\u0101s n\u016bji\u0146as sniedz \u012bstu ko\u0161\u013c\u0101\u0161anas prieku visiem su\u0146iem, neatkar\u012bgi no izm\u0113ra! Sast\u0101vs: 100 % bufalis Lieto\u0161anas instrukcija: Dod k\u0101 na\u0161\u0137i starp \u0113dienreiz\u0113m vai k\u0101 balvu sabalans\u0113ta uztura sast\u0101v\u0101. Baro\u0161anas laik\u0101 uzraugi suni un nodro\u0161ini svaigu \u016bdeni. Nav paredz\u0113ts cilv\u0113kiem. Anal\u012btiskais sast\u0101vs: Olbaltumvielas 81,96 %, Tauki 4,51 %, Mitrums 12,48 %","og_url":"https:\/\/miumjau.ee\/lv\/produkts\/koslajamas-nujinas-suniem-frigera-bufala-dzimumloceklis-200-g\/","og_site_name":"MiuMjau","article_publisher":"https:\/\/www.facebook.com\/miumjaupood\/","article_modified_time":"2026-01-07T19:20:31+00:00","og_image":[{"width":600,"height":800,"url":"https:\/\/miumjau.ee\/wp-content\/uploads\/2025\/05\/puhvli-peenis-frigera-200g.jpg","type":"image\/jpeg"}],"twitter_card":"summary_large_image","schema":{"@context":"https:\/\/schema.org","@graph":[{"@type":"WebPage","@id":"https:\/\/miumjau.ee\/lv\/produkts\/koslajamas-nujinas-suniem-frigera-bufala-dzimumloceklis-200-g\/","url":"https:\/\/miumjau.ee\/lv\/produkts\/koslajamas-nujinas-suniem-frigera-bufala-dzimumloceklis-200-g\/","name":"Ko\u0161\u013c\u0101jam\u0101s n\u016bji\u0146as su\u0146iem Frigera \u2013 Bufa\u013ca dzimumloceklis 200 g - MiuMjau","isPartOf":{"@id":"https:\/\/miumjau.ee\/#website"},"primaryImageOfPage":{"@id":"https:\/\/miumjau.ee\/lv\/produkts\/koslajamas-nujinas-suniem-frigera-bufala-dzimumloceklis-200-g\/#primaryimage"},"image":{"@id":"https:\/\/miumjau.ee\/lv\/produkts\/koslajamas-nujinas-suniem-frigera-bufala-dzimumloceklis-200-g\/#primaryimage"},"thumbnailUrl":"https:\/\/miumjau.ee\/wp-content\/uploads\/2025\/05\/puhvli-peenis-frigera-200g.jpg","datePublished":"2025-05-29T12:43:44+00:00","dateModified":"2026-01-07T19:20:31+00:00","breadcrumb":{"@id":"https:\/\/miumjau.ee\/lv\/produkts\/koslajamas-nujinas-suniem-frigera-bufala-dzimumloceklis-200-g\/#breadcrumb"},"inLanguage":"lv-LV","potentialAction":[{"@type":"ReadAction","target":["https:\/\/miumjau.ee\/lv\/produkts\/koslajamas-nujinas-suniem-frigera-bufala-dzimumloceklis-200-g\/"]}]},{"@type":"ImageObject","inLanguage":"lv-LV","@id":"https:\/\/miumjau.ee\/lv\/produkts\/koslajamas-nujinas-suniem-frigera-bufala-dzimumloceklis-200-g\/#primaryimage","url":"https:\/\/miumjau.ee\/wp-content\/uploads\/2025\/05\/puhvli-peenis-frigera-200g.jpg","contentUrl":"https:\/\/miumjau.ee\/wp-content\/uploads\/2025\/05\/puhvli-peenis-frigera-200g.jpg","width":600,"height":800},{"@type":"BreadcrumbList","@id":"https:\/\/miumjau.ee\/lv\/produkts\/koslajamas-nujinas-suniem-frigera-bufala-dzimumloceklis-200-g\/#breadcrumb","itemListElement":[{"@type":"ListItem","position":1,"name":"Home","item":"https:\/\/miumjau.ee\/lv\/"},{"@type":"ListItem","position":2,"name":"Veikals","item":"https:\/\/miumjau.ee\/lv\/veikals\/"},{"@type":"ListItem","position":3,"name":"Ko\u0161\u013c\u0101jam\u0101s n\u016bji\u0146as su\u0146iem Frigera \u2013 Bufa\u013ca dzimumloceklis 200 g"}]},{"@type":"WebSite","@id":"https:\/\/miumjau.ee\/#website","url":"https:\/\/miumjau.ee\/","name":"MiuMjau","description":"Kraapimispuud kassidele","publisher":{"@id":"https:\/\/miumjau.ee\/#organization"},"potentialAction":[{"@type":"SearchAction","target":{"@type":"EntryPoint","urlTemplate":"https:\/\/miumjau.ee\/?s={search_term_string}"},"query-input":{"@type":"PropertyValueSpecification","valueRequired":true,"valueName":"search_term_string"}}],"inLanguage":"lv-LV"},{"@type":"Organization","@id":"https:\/\/miumjau.ee\/#organization","name":"MiuMjau O\u00dc","url":"https:\/\/miumjau.ee\/","logo":{"@type":"ImageObject","inLanguage":"lv-LV","@id":"https:\/\/miumjau.ee\/#\/schema\/logo\/image\/","url":"https:\/\/miumjau.ee\/wp-content\/uploads\/2022\/04\/MiuMjau-logo-kollane.png","contentUrl":"https:\/\/miumjau.ee\/wp-content\/uploads\/2022\/04\/MiuMjau-logo-kollane.png","width":219,"height":100,"caption":"MiuMjau O\u00dc"},"image":{"@id":"https:\/\/miumjau.ee\/#\/schema\/logo\/image\/"},"sameAs":["https:\/\/www.facebook.com\/miumjaupood\/"]}]}},"_links":{"self":[{"href":"https:\/\/miumjau.ee\/lv\/wp-json\/wp\/v2\/product\/47964","targetHints":{"allow":["GET"]}}],"collection":[{"href":"https:\/\/miumjau.ee\/lv\/wp-json\/wp\/v2\/product"}],"about":[{"href":"https:\/\/miumjau.ee\/lv\/wp-json\/wp\/v2\/types\/product"}],"wp:featuredmedia":[{"embeddable":true,"href":"https:\/\/miumjau.ee\/lv\/wp-json\/wp\/v2\/media\/47961"}],"wp:attachment":[{"href":"https:\/\/miumjau.ee\/lv\/wp-json\/wp\/v2\/media?parent=47964"}],"wp:term":[{"taxonomy":"product_brand","embeddable":true,"href":"https:\/\/miumjau.ee\/lv\/wp-json\/wp\/v2\/product_brand?post=47964"},{"taxonomy":"product_cat","embeddable":true,"href":"https:\/\/miumjau.ee\/lv\/wp-json\/wp\/v2\/product_cat?post=47964"},{"taxonomy":"product_tag","embeddable":true,"href":"https:\/\/miumjau.ee\/lv\/wp-json\/wp\/v2\/product_tag?post=47964"}],"curies":[{"name":"wp","href":"https:\/\/api.w.org\/{rel}","templated":true}]}}